{"id":4497,"date":"2024-05-03T06:42:40","date_gmt":"2024-05-03T06:42:40","guid":{"rendered":"https:\/\/elfsight.com\/pt\/?page_id=4497"},"modified":"2024-11-13T11:41:47","modified_gmt":"2024-11-13T11:41:47","slug":"opencart","status":"publish","type":"page","link":"https:\/\/elfsight.com\/pt\/photo-gallery-widget\/opencart\/","title":{"rendered":"Photo Gallery &#8211; OpenCart"},"content":{"rendered":"<div class=\"application-platform-content-item-description application-platform-content-item\" id=\"description\" data-nav-section=\"description\"><h2>Descri\u00e7\u00e3o<\/h2> <p>A Galeria Elfsight \u00e9 a maneira mais r\u00e1pida de configurar seus materiais visuais ou criar \u00e1lbuns elegantes em seu site. Use qualquer quantidade de fotos, comente cada uma delas e encontre a melhor forma de organiz\u00e1-las na p\u00e1gina. Esta extens\u00e3o inclui seis tipos de layout e uma gama de possibilidades adicionais de design. Cada imagem aparece em pop-up, as pessoas podem navegar por elas ou assistir a uma apresenta\u00e7\u00e3o de slides, ampliar e apreciar as imagens em tela inteira. Voc\u00ea tem a op\u00e7\u00e3o de encontrar cores personalizadas para a interface do widget e adicionar um plano de fundo personalizado, variar as op\u00e7\u00f5es de texto e mais recursos de estilo. <\/p> <p><b>Impressione seus usu\u00e1rios com galerias de fotos maravilhosas!<\/b><\/p> <\/div> <div class=\"application-platform-content-item-features application-platform-content-item\" id=\"features\" data-nav-section=\"features\"><h2>Recursos<\/h2> <p>Verifique todas as caracter\u00edsticas funcionais da Galeria de Fotos para OpenCart. Voc\u00ea pode configur\u00e1-los diretamente no editor e eles o ajudar\u00e3o a moldar o widget de acordo com seu caso de uso. <\/p> <ul> <li>Utilize bot\u00f5es de CTA para orientar os usu\u00e1rios em dire\u00e7\u00e3o \u00e0 convers\u00e3o. <\/li> <li>Personalize a dura\u00e7\u00e3o da troca de slides. <\/li> <li>Escolha entre diversas op\u00e7\u00f5es de pagina\u00e7\u00e3o. <\/li> <li>Coloque sua mensagem em qualquer lugar da p\u00e1gina com a ajuda da posi\u00e7\u00e3o avan\u00e7ada. <\/li> <li>Modifique 5 op\u00e7\u00f5es de conte\u00fado. <\/li> <\/ul> <p><a href=\"#demo\">Veja como todos os recursos funcionam em nossa demonstra\u00e7\u00e3o<\/a><\/p> <\/div> <div class=\"application-platform-content-item-installation application-platform-content-item\" id=\"installation\" data-nav-section=\"installation\"> <h2>Como adicionar o m\u00f3dulo Galeria de Fotos ao OpenCart? <\/h2> <p>Basta seguir as instru\u00e7\u00f5es abaixo para inserir o widget no OpenCart.<\/p> <ol><li><b>Use nosso editor gratuito e comece a moldar sua extens\u00e3o personalizada. <\/b><br> Encontre a interface e as caracter\u00edsticas desej\u00e1veis \u200b\u200bda extens\u00e3o e aplique as edi\u00e7\u00f5es. <\/li> <li><b>Copie o seu c\u00f3digo exclusivo mostrado no formul\u00e1rio especial nas aplica\u00e7\u00f5es Elfsight. <\/b><br> Ap\u00f3s a conclus\u00e3o da configura\u00e7\u00e3o da sua extens\u00e3o pessoal da Galeria de Fotos, copie o c\u00f3digo individual no pop-up exibido e guarde-o para uso posterior. <\/li> <li><b>Comece a usar a extens\u00e3o no seu site OpenCart. <\/b><br> Adicione o c\u00f3digo copiado recentemente ao seu site e aplique as edi\u00e7\u00f5es. <\/li> <li><b>Pronto! A integra\u00e7\u00e3o foi realizada com sucesso. <\/b><br> Acesse sua p\u00e1gina para inspecionar o desempenho da extens\u00e3o. <\/li><\/ol> <p>Sinta-se \u00e0 vontade para entrar em contato com o servi\u00e7o de suporte se precisar de assist\u00eancia ou tiver problemas. Daremos uma ajuda em todas as d\u00favidas. <\/p> <div class=\"faq\" data-component=\"FAQ\"><div class=\"faq-item\">\r\n\t\t\t\t\t<div class=\"faq-item-question\">\r\n\t\t\t\t\t\t<h3 class=\"faq-item-question-text\">Como posso incorporar a Galeria de Fotos no meu OpenCart sem experi\u00eancia em codifica\u00e7\u00e3o?<\/h3>\r\n\r\n\t\t\t\t\t\t<div class=\"faq-item-question-icon\"><\/div>\r\n\t\t\t\t\t<\/div>\r\n\r\n\t\t\t\t\t<div class=\"faq-item-answer\">\r\n\t\t\t\t\t\t<div class=\"faq-item-answer-text\"> <p>A empresa Elfsight fornece uma solu\u00e7\u00e3o que permite que um p\u00fablico amplo crie voc\u00ea mesmo um plugin de Galeria de Fotos, saiba como \u00e9 simples o processo \u00e9: Comece a trabalhar no Editor ao vivo para estabelecer uma se\u00e7\u00e3o da Galeria de Fotos que voc\u00ea gostaria de incluir no site OpenCart. Escolha um dos muitos modelos predefinidos e adapte as configura\u00e7\u00f5es da Galeria de Fotos, altere o layout e a cor dos elementos e adicione seu conte\u00fado, sem nenhuma experi\u00eancia de codifica\u00e7\u00e3o. Salve a Galeria de Fotos e obtenha o c\u00f3digo de instala\u00e7\u00e3o, que pode ser facilmente colado na p\u00e1gina do OpenCart sem adquirir um plano pago. Com a ajuda do nosso configurador intuitivo, qualquer usu\u00e1rio da web pode criar um aplicativo Galeria de Fotos e adicion\u00e1-lo facilmente ao site OpenCart. N\u00e3o \u00e9 necess\u00e1rio obter uma assinatura paga ou divulgar as credenciais do seu cart\u00e3o para acessar o servi\u00e7o Elfsight. Se voc\u00ea encontrar algum problema em qualquer etapa, sinta-se \u00e0 vontade para entrar em contato com nosso suporte t\u00e9cnico ao cliente.<\/p> <\/div>\r\n\t\t\t\t\t<\/div>\r\n\t\t\t\t<\/div> <\/div><\/div>","protected":false},"excerpt":{"rendered":"","protected":false},"author":9,"featured_media":0,"parent":965,"menu_order":0,"comment_status":"closed","ping_status":"closed","template":"templates\/template-application-platform.php","meta":{"publish_to_discourse":"","publish_post_category":"","wpdc_auto_publish_overridden":"","wpdc_topic_tags":"","wpdc_pin_topic":"","wpdc_pin_until":"","discourse_post_id":"","discourse_permalink":"","wpdc_publishing_response":"","wpdc_publishing_error":"","footnotes":""},"class_list":["post-4497","page","type-page","status-publish","hentry"],"yoast_head":"<!-- This site is optimized with the Yoast SEO plugin v25.3.1 - https:\/\/yoast.com\/wordpress\/plugins\/seo\/ -->\n<title>Galeria de fotos \u2013 Adicionar widget Galeria de fotos ao site OpenCart [2026]<\/title>\n<meta name=\"description\" content=\"Experimente gratuitamente o melhor m\u00f3dulo responsivo de Galeria de Fotos para OpenCart. Uma extens\u00e3o de galeria simples e r\u00e1pida que se integra sem habilidades de desenvolvimento.\" \/>\n<meta name=\"robots\" content=\"index, follow, max-snippet:-1, max-image-preview:large, max-video-preview:-1\" \/>\n<link rel=\"canonical\" href=\"https:\/\/elfsight.com\/pt\/photo-gallery-widget\/opencart\/\" \/>\n<meta property=\"og:locale\" content=\"pt_PT\" \/>\n<meta property=\"og:type\" content=\"article\" \/>\n<meta property=\"og:title\" content=\"Galeria de fotos \u2013 Adicionar widget Galeria de fotos ao site OpenCart [2026]\" \/>\n<meta property=\"og:description\" content=\"Experimente gratuitamente o melhor m\u00f3dulo responsivo de Galeria de Fotos para OpenCart. Uma extens\u00e3o de galeria simples e r\u00e1pida que se integra sem habilidades de desenvolvimento.\" \/>\n<meta property=\"og:url\" content=\"https:\/\/elfsight.com\/pt\/photo-gallery-widget\/opencart\/\" \/>\n<meta property=\"og:site_name\" content=\"Elfsight PT\" \/>\n<meta property=\"article:modified_time\" content=\"2024-11-13T11:41:47+00:00\" \/>\n<meta name=\"twitter:card\" content=\"summary_large_image\" \/>\n<meta name=\"twitter:label1\" content=\"Tempo estimado de leitura\" \/>\n\t<meta name=\"twitter:data1\" content=\"2 minutos\" \/>\n<!-- \/ Yoast SEO plugin. -->","yoast_head_json":{"title":"Galeria de fotos \u2013 Adicionar widget Galeria de fotos ao site OpenCart [2026]","description":"Experimente gratuitamente o melhor m\u00f3dulo responsivo de Galeria de Fotos para OpenCart. Uma extens\u00e3o de galeria simples e r\u00e1pida que se integra sem habilidades de desenvolvimento.","robots":{"index":"index","follow":"follow","max-snippet":"max-snippet:-1","max-image-preview":"max-image-preview:large","max-video-preview":"max-video-preview:-1"},"canonical":"https:\/\/elfsight.com\/pt\/photo-gallery-widget\/opencart\/","og_locale":"pt_PT","og_type":"article","og_title":"Galeria de fotos \u2013 Adicionar widget Galeria de fotos ao site OpenCart [2026]","og_description":"Experimente gratuitamente o melhor m\u00f3dulo responsivo de Galeria de Fotos para OpenCart. Uma extens\u00e3o de galeria simples e r\u00e1pida que se integra sem habilidades de desenvolvimento.","og_url":"https:\/\/elfsight.com\/pt\/photo-gallery-widget\/opencart\/","og_site_name":"Elfsight PT","article_modified_time":"2024-11-13T11:41:47+00:00","twitter_card":"summary_large_image","twitter_misc":{"Tempo estimado de leitura":"2 minutos"},"schema":{"@context":"https:\/\/schema.org","@graph":[{"@type":"WebPage","@id":"https:\/\/elfsight.com\/pt\/photo-gallery-widget\/opencart\/","url":"https:\/\/elfsight.com\/pt\/photo-gallery-widget\/opencart\/","name":"Galeria de fotos \u2013 Adicionar widget Galeria de fotos ao site OpenCart [2026]","isPartOf":{"@id":"https:\/\/elfsight.com\/pt\/#website"},"datePublished":"2024-05-03T06:42:40+00:00","dateModified":"2024-11-13T11:41:47+00:00","description":"Experimente gratuitamente o melhor m\u00f3dulo responsivo de Galeria de Fotos para OpenCart. Uma extens\u00e3o de galeria simples e r\u00e1pida que se integra sem habilidades de desenvolvimento.","breadcrumb":{"@id":"https:\/\/elfsight.com\/pt\/photo-gallery-widget\/opencart\/#breadcrumb"},"inLanguage":"pt-PT","potentialAction":[{"@type":"ReadAction","target":["https:\/\/elfsight.com\/pt\/photo-gallery-widget\/opencart\/"]}]},{"@type":"BreadcrumbList","@id":"https:\/\/elfsight.com\/pt\/photo-gallery-widget\/opencart\/#breadcrumb","itemListElement":[{"@type":"ListItem","position":1,"name":"Home","item":"https:\/\/elfsight.com\/pt\/"},{"@type":"ListItem","position":2,"name":"Photo Gallery","item":"https:\/\/elfsight.com\/pt\/photo-gallery-widget\/"},{"@type":"ListItem","position":3,"name":"Photo Gallery &#8211; OpenCart"}]},{"@type":"WebSite","@id":"https:\/\/elfsight.com\/pt\/#website","url":"https:\/\/elfsight.com\/pt\/","name":"Elfsight PT","description":"Just another Elfsight Sites site","potentialAction":[{"@type":"SearchAction","target":{"@type":"EntryPoint","urlTemplate":"https:\/\/elfsight.com\/pt\/?s={search_term_string}"},"query-input":{"@type":"PropertyValueSpecification","valueRequired":true,"valueName":"search_term_string"}}],"inLanguage":"pt-PT"}]}},"meta_box":{"industry":"","seo_heading":"","heading":"","description":"","cta_heading":"","cta_description":"","application":"964","h1":"M\u00f3dulo Galeria de Fotos OpenCart","h1_caption":"Colete suas fotos incr\u00edveis no site","application_category":[],"applications_title":"","applications_request_title":"","applications_request_button_text":"","hero_text":"","hero_video":"","hero_video_schema_markup":"","selling_points_title":"","selling_points_caption":"","selling_points":[],"selling_points_cta_text":"","features_title":"","features":"","ed_cta_examples_text":"","ed_cta_examples_hidden":"","ed_cta_demo_text":"","ed_cta_demo_hidden":"","why_caption":"","why_editor_title":"","why_editor_text":"","why_team_title":"","why_team_text":"","why_service_title":"","why_service_text":"","template_catalog_visible":"","template_catalog_title":"","template_catalog_text":"","template_catalog_categories_visible":"","demo_title":"Crie sua extens\u00e3o da Galeria de Fotos","demo_caption":"Configure sua Galeria de Fotos e adicione-a ao seu site OpenCart gratuitamente!","default_faq_hidden":"","app_template_category":[],"platform":"61","template_public_id":"","codecanyon_url":"","codecanyon_item_id":"","codecanyon_price":"","pricing_caption":"","pricing_elfsight_apps_hide_column":"","pricing_elfsight_apps_url":"","pricing_codecanyon_price_caption":"","integration_category":[],"integration_request_title":"","integration_request_cta":"","integration_platform":"","integrations":[],"platform_category":[],"video_schema_markup":"","price":"a partir de US$ 0\/m\u00eas","trial":"","benefits":[{"text":"Assist\u00eancia de instala\u00e7\u00e3o gratuita"},{"text":"Suporte excepcional"},{"text":"Garantia de devolu\u00e7\u00e3o do dinheiro em 14 dias"},{"text":"Atualizando constantemente"}],"button_url":"#demo","button_target_blank":"0","button_nofollow":"0","attributes":[{"name":"Instala\u00e7\u00f5es","content":"10,000 - 100,000","_state":"expanded"},{"name":"Responsivo","content":"Sim","_state":"expanded"},{"name":"Navegadores compat\u00edveis","content":"Safari, Opera, Chrome, Firefox, Edge"}],"tags":[],"tags_disable_links":"0","hide_more_platforms":"","video_object":"","demo_hide_cta":"0","demo_hide_cloud_options":"0","pricing_title":"","pricing":[{"pricing_icon":"platform","pricing_title":"Elfsight Apps","pricing_title_caption":"Solu\u00e7\u00e3o digital multiplataforma","pricing_price":"a partir de US$ 0\/m\u00eas","pricing_price_caption":"comece com plano gratuito","pricing_benefits":[{"text":"Sites ilimitados"},{"text":"Suporte dedicado \u00e0 empresa"},{"text":"Suporte dedicado \u00e0 empresa"},{"text":"Design flex\u00edvel"}],"pricing_button_text":"Adicionar ao site","pricing_button_url":"#demo","_state":"expanded"}],"related_apps_title":"","related_apps_hidden":"1","author":"","image":[],"title":"","job":"","social_networks":[]},"_links":{"self":[{"href":"https:\/\/elfsight.com\/pt\/wp-json\/wp\/v2\/pages\/4497","targetHints":{"allow":["GET"]}}],"collection":[{"href":"https:\/\/elfsight.com\/pt\/wp-json\/wp\/v2\/pages"}],"about":[{"href":"https:\/\/elfsight.com\/pt\/wp-json\/wp\/v2\/types\/page"}],"author":[{"embeddable":true,"href":"https:\/\/elfsight.com\/pt\/wp-json\/wp\/v2\/users\/9"}],"replies":[{"embeddable":true,"href":"https:\/\/elfsight.com\/pt\/wp-json\/wp\/v2\/comments?post=4497"}],"version-history":[{"count":2,"href":"https:\/\/elfsight.com\/pt\/wp-json\/wp\/v2\/pages\/4497\/revisions"}],"predecessor-version":[{"id":12045,"href":"https:\/\/elfsight.com\/pt\/wp-json\/wp\/v2\/pages\/4497\/revisions\/12045"}],"up":[{"embeddable":true,"href":"https:\/\/elfsight.com\/pt\/wp-json\/wp\/v2\/pages\/965"}],"wp:attachment":[{"href":"https:\/\/elfsight.com\/pt\/wp-json\/wp\/v2\/media?parent=4497"}],"curies":[{"name":"wp","href":"https:\/\/api.w.org\/{rel}","templated":true}]}}