{"id":4496,"date":"2024-05-03T06:44:00","date_gmt":"2024-05-03T06:44:00","guid":{"rendered":"https:\/\/elfsight.com\/pt\/?page_id=4496"},"modified":"2024-11-13T11:49:38","modified_gmt":"2024-11-13T11:49:38","slug":"opencart","status":"publish","type":"page","link":"https:\/\/elfsight.com\/pt\/popup-widget\/opencart\/","title":{"rendered":"Popup &#8211; OpenCart"},"content":{"rendered":"<div class=\"application-platform-content-item-description application-platform-content-item\" id=\"description\" data-nav-section=\"description\"> <h2>Descri\u00e7\u00e3o<\/h2> <p>Com a extens\u00e3o Elfsight Popup para Opencart, voc\u00ea tem a chance de construir seus pop-ups personalizados de v\u00e1rios tipos e integr\u00e1-los -los em seu site. Construa seu pop-up, adicionando diferentes tipos de componentes inclu\u00eddos. Ajuste a interface e posicionamento; aplique o gatilho de ativa\u00e7\u00e3o e ajuste a frequ\u00eancia para aumentar a efic\u00e1cia. Pop-ups de diversos tipos permitir\u00e3o que os visitantes criem uma assinatura, saibam mais sobre seus produtos ou servi\u00e7os, utilizem cupons de desconto, conhe\u00e7am promo\u00e7\u00f5es e ofertas especiais, sejam notificados sobre novas ocasi\u00f5es em seu site Principais recursos do Opencart e muito mais . <\/p> <p><b>Os pop-ups ajudar\u00e3o voc\u00ea a vender com mais efici\u00eancia, promover seus eventos futuros, coletar impress\u00f5es e assinaturas e muito mais. <\/b><\/p> <\/div><div class=\"faq\" data-component=\"FAQ\"><div class=\"faq-item\">\r\n\t\t\t\t\t<div class=\"faq-item-question\">\r\n\t\t\t\t\t\t<h3 class=\"faq-item-question-text\">Como posso incorporar um pop-up ao OpenCart?<\/h3>\r\n\r\n\t\t\t\t\t\t<div class=\"faq-item-question-icon\"><\/div>\r\n\t\t\t\t\t<\/div>\r\n\r\n\t\t\t\t\t<div class=\"faq-item-answer\">\r\n\t\t\t\t\t\t<div class=\"faq-item-answer-text\"><p>A constru\u00e7\u00e3o da ferramenta ocorre no site da Elfsight e n\u00e3o h\u00e1 necessidade de codifica\u00e7\u00e3o. Aplique a demonstra\u00e7\u00e3o ativa para construir seu plugin, adquira o c\u00f3digo e cole em seu site. <\/p><\/div>\r\n\t\t\t\t\t<\/div>\r\n\t\t\t\t<\/div><div class=\"faq-item\">\r\n\t\t\t\t\t<div class=\"faq-item-question\">\r\n\t\t\t\t\t\t<h3 class=\"faq-item-question-text\">As melhores maneiras de usar a integra\u00e7\u00e3o de banner pop-up<\/h3>\r\n\r\n\t\t\t\t\t\t<div class=\"faq-item-question-icon\"><\/div>\r\n\t\t\t\t\t<\/div>\r\n\r\n\t\t\t\t\t<div class=\"faq-item-answer\">\r\n\t\t\t\t\t\t<div class=\"faq-item-answer-text\"><p>Forneceremos muitas possibilidades de ajuste: widgets Opencart completos para inserir em a se\u00e7\u00e3o de conte\u00fado, widgets flutuantes para op\u00e7\u00f5es de rolagem, miniaturas para o rodap\u00e9 do seu site, se\u00e7\u00e3o principal e todos os tipos de possibilidades verticais para barras laterais e menus do site. <\/p><\/div>\r\n\t\t\t\t\t<\/div>\r\n\t\t\t\t<\/div><div class=\"faq-item\">\r\n\t\t\t\t\t<div class=\"faq-item-question\">\r\n\t\t\t\t\t\t<h3 class=\"faq-item-question-text\">Existe uma op\u00e7\u00e3o para criar uma nova cole\u00e7\u00e3o ou pop-up de oferta por meio de seu editor? <\/h3>\r\n\r\n\t\t\t\t\t\t<div class=\"faq-item-question-icon\"><\/div>\r\n\t\t\t\t\t<\/div>\r\n\r\n\t\t\t\t\t<div class=\"faq-item-answer\">\r\n\t\t\t\t\t\t<div class=\"faq-item-answer-text\"><p>Voc\u00ea pode criar qualquer varia\u00e7\u00e3o de widget para Opencart. Existem muitos layouts aplic\u00e1veis \u200b\u200b\u200b\u200bno editor, e todos eles podem ser facilmente personalizados conforme sua necessidade. <\/p><\/div>\r\n\t\t\t\t\t<\/div>\r\n\t\t\t\t<\/div><\/div><div class=\"application-platform-content-item-features application-platform-content-item\" id=\"features\" data-nav-section=\"features\"> <h2>Principais recursos do plugin Popup<\/h2> <p>Verifique todas as caracter\u00edsticas funcionais do widget. Voc\u00ea pode ajust\u00e1-los diretamente no editor e eles o ajudar\u00e3o a moldar o widget mais adequado ao seu caso. <\/p> <ul><li>Doze componentes de conte\u00fado para moldar um pop-up; <\/li> <li>Cinco layouts pop-up prontos para casos variados; <\/li> <li>Incorpore bot\u00f5es para levar os usu\u00e1rios a qualquer endere\u00e7o; <\/li> <li>Carregue uma imagem para o plano de fundo da extens\u00e3o; <\/li> <li>O pop-up pode surgir ap\u00f3s um tempo preciso de perman\u00eancia na p\u00e1gina ou quantidade de rolagem; <\/li> <li>Acionadores de pop-up: clique em um elemento da p\u00e1gina ou role para baixo at\u00e9 ele. <\/li> <\/ul> <p><a href=\"#demo\">Verifique todas as outras fun\u00e7\u00f5es na demonstra\u00e7\u00e3o<\/a><\/p> <\/div><div class=\"application-platform-content-item-installation application-platform-content-item\" id=\"installation\" data-nav-section=\"installation\"><h2> Como adicionar widget pop-up ao site OpenCart? <\/h2> <p>Basta seguir as orienta\u00e7\u00f5es abaixo para inserir a extens\u00e3o no OpenCart.<\/p> <ol><li><b>Utilize nosso configurador gratuito e comece a criar seu instrumento personalizado. <\/b><br> Encontre o layout e os recursos preferidos do widget Opencart e salve as edi\u00e7\u00f5es. <\/li> <li><b>Adquira o seu c\u00f3digo individual que aparece na caixa das aplica\u00e7\u00f5es Elfsight. <\/b><br> Ap\u00f3s a gera\u00e7\u00e3o do seu Popup pessoal, copie o c\u00f3digo exclusivo do popup exibido e guarde-o para futuras necessidades. <\/li> <li><b>Inicie a utiliza\u00e7\u00e3o da ferramenta em seu site OpenCart. <\/b><br> Insira o c\u00f3digo copiado recentemente em seu site e salve as modifica\u00e7\u00f5es. <\/li> <li><b>Conclu\u00eddo! A incorpora\u00e7\u00e3o est\u00e1 totalmente conclu\u00edda. <\/b><br> Visite o site do Opencart para observar como o widget est\u00e1 funcionando. <\/li><\/ol> <p>Sinta-se \u00e0 vontade para entrar em contato com o atendimento ao cliente caso precise de assist\u00eancia ou tenha d\u00favidas sobre a instala\u00e7\u00e3o no Opencart. Nossos especialistas ter\u00e3o prazer em ajudar com cada solicita\u00e7\u00e3o. <\/p> <\/div>","protected":false},"excerpt":{"rendered":"","protected":false},"author":9,"featured_media":0,"parent":542,"menu_order":0,"comment_status":"closed","ping_status":"closed","template":"templates\/template-application-platform.php","meta":{"publish_to_discourse":"","publish_post_category":"","wpdc_auto_publish_overridden":"","wpdc_topic_tags":"","wpdc_pin_topic":"","wpdc_pin_until":"","discourse_post_id":"","discourse_permalink":"","wpdc_publishing_response":"","wpdc_publishing_error":"","footnotes":""},"class_list":["post-4496","page","type-page","status-publish","hentry"],"yoast_head":"<!-- This site is optimized with the Yoast SEO plugin v25.3.1 - https:\/\/yoast.com\/wordpress\/plugins\/seo\/ -->\n<title>Adicione um plugin Popup a um site OpenCart<\/title>\n<meta name=\"description\" content=\"Crie um pop-up no OpenCart sem codifica\u00e7\u00e3o!\" \/>\n<meta name=\"robots\" content=\"index, follow, max-snippet:-1, max-image-preview:large, max-video-preview:-1\" \/>\n<link rel=\"canonical\" href=\"https:\/\/elfsight.com\/pt\/popup-widget\/opencart\/\" \/>\n<meta property=\"og:locale\" content=\"pt_PT\" \/>\n<meta property=\"og:type\" content=\"article\" \/>\n<meta property=\"og:title\" content=\"Adicione um plugin Popup a um site OpenCart\" \/>\n<meta property=\"og:description\" content=\"Crie um pop-up no OpenCart sem codifica\u00e7\u00e3o!\" \/>\n<meta property=\"og:url\" content=\"https:\/\/elfsight.com\/pt\/popup-widget\/opencart\/\" \/>\n<meta property=\"og:site_name\" content=\"Elfsight PT\" \/>\n<meta property=\"article:modified_time\" content=\"2024-11-13T11:49:38+00:00\" \/>\n<meta name=\"twitter:card\" content=\"summary_large_image\" \/>\n<meta name=\"twitter:label1\" content=\"Tempo estimado de leitura\" \/>\n\t<meta name=\"twitter:data1\" content=\"2 minutos\" \/>\n<!-- \/ Yoast SEO plugin. -->","yoast_head_json":{"title":"Adicione um plugin Popup a um site OpenCart","description":"Crie um pop-up no OpenCart sem codifica\u00e7\u00e3o!","robots":{"index":"index","follow":"follow","max-snippet":"max-snippet:-1","max-image-preview":"max-image-preview:large","max-video-preview":"max-video-preview:-1"},"canonical":"https:\/\/elfsight.com\/pt\/popup-widget\/opencart\/","og_locale":"pt_PT","og_type":"article","og_title":"Adicione um plugin Popup a um site OpenCart","og_description":"Crie um pop-up no OpenCart sem codifica\u00e7\u00e3o!","og_url":"https:\/\/elfsight.com\/pt\/popup-widget\/opencart\/","og_site_name":"Elfsight PT","article_modified_time":"2024-11-13T11:49:38+00:00","twitter_card":"summary_large_image","twitter_misc":{"Tempo estimado de leitura":"2 minutos"},"schema":{"@context":"https:\/\/schema.org","@graph":[{"@type":"WebPage","@id":"https:\/\/elfsight.com\/pt\/popup-widget\/opencart\/","url":"https:\/\/elfsight.com\/pt\/popup-widget\/opencart\/","name":"Adicione um plugin Popup a um site OpenCart","isPartOf":{"@id":"https:\/\/elfsight.com\/pt\/#website"},"datePublished":"2024-05-03T06:44:00+00:00","dateModified":"2024-11-13T11:49:38+00:00","description":"Crie um pop-up no OpenCart sem codifica\u00e7\u00e3o!","breadcrumb":{"@id":"https:\/\/elfsight.com\/pt\/popup-widget\/opencart\/#breadcrumb"},"inLanguage":"pt-PT","potentialAction":[{"@type":"ReadAction","target":["https:\/\/elfsight.com\/pt\/popup-widget\/opencart\/"]}]},{"@type":"BreadcrumbList","@id":"https:\/\/elfsight.com\/pt\/popup-widget\/opencart\/#breadcrumb","itemListElement":[{"@type":"ListItem","position":1,"name":"Home","item":"https:\/\/elfsight.com\/pt\/"},{"@type":"ListItem","position":2,"name":"Popup","item":"https:\/\/elfsight.com\/pt\/popup-widget\/"},{"@type":"ListItem","position":3,"name":"Popup &#8211; OpenCart"}]},{"@type":"WebSite","@id":"https:\/\/elfsight.com\/pt\/#website","url":"https:\/\/elfsight.com\/pt\/","name":"Elfsight PT","description":"Just another Elfsight Sites site","potentialAction":[{"@type":"SearchAction","target":{"@type":"EntryPoint","urlTemplate":"https:\/\/elfsight.com\/pt\/?s={search_term_string}"},"query-input":{"@type":"PropertyValueSpecification","valueRequired":true,"valueName":"search_term_string"}}],"inLanguage":"pt-PT"}]}},"meta_box":{"industry":"","seo_heading":"","heading":"","description":"","cta_heading":"","cta_description":"","application":"541","h1":"Extens\u00e3o pop-up OpenCart","h1_caption":"Construa qualquer tipo de pop-up para promover ofertas e aumentar as vendas","application_category":[],"applications_title":"","applications_request_title":"","applications_request_button_text":"","hero_text":"","hero_video":"","hero_video_schema_markup":"","selling_points_title":"","selling_points_caption":"","selling_points":[],"selling_points_cta_text":"","features_title":"","features":"","ed_cta_examples_text":"","ed_cta_examples_hidden":"","ed_cta_demo_text":"","ed_cta_demo_hidden":"","why_caption":"","why_editor_title":"","why_editor_text":"","why_team_title":"","why_team_text":"","why_service_title":"","why_service_text":"","template_catalog_visible":"","template_catalog_title":"","template_catalog_text":"","template_catalog_categories_visible":"","demo_title":"Crie sua extens\u00e3o pop-up","demo_caption":"Configure seu Popup e adicione-o ao seu site OpenCart gratuitamente!","default_faq_hidden":"","app_template_category":[],"platform":"61","template_public_id":"","codecanyon_url":"","codecanyon_item_id":"","codecanyon_price":"","pricing_caption":"","pricing_elfsight_apps_hide_column":"","pricing_elfsight_apps_url":"","pricing_codecanyon_price_caption":"","integration_category":[],"integration_request_title":"","integration_request_cta":"","integration_platform":"","integrations":[],"platform_category":[],"video_schema_markup":"","price":"a partir de US$ 0\/m\u00eas","trial":"","benefits":[{"text":"Assist\u00eancia de instala\u00e7\u00e3o gratuita"},{"text":"Suporte ao cliente experiente"},{"text":"Garantia de reembolso de 14 dias"},{"text":"Atualiza\u00e7\u00f5es regulares"}],"button_url":"#demo","button_target_blank":"0","button_nofollow":"0","attributes":[{"name":"Instala\u00e7\u00f5es","content":"100,000 - 500,000","_state":"expanded"},{"name":"Responsivo","content":"Sim","_state":"expanded"},{"name":"Navegadores compat\u00edveis","content":"Firefox, Safari, Opera, Chrome, Edge"}],"tags":[],"tags_disable_links":"0","hide_more_platforms":"","video_object":"","demo_hide_cta":"0","demo_hide_cloud_options":"0","pricing_title":"","pricing":[{"pricing_icon":"platform","pricing_title":"Elfsight Apps","pricing_title_caption":"Solu\u00e7\u00e3o digital independente de plataforma","pricing_price":"a partir de US$ 0\/m\u00eas","pricing_price_caption":"comece com plano gratuito","pricing_benefits":[{"text":"Dom\u00ednios ilimitados"},{"text":"Suporte 24 horas por dia, 7 dias por semana"},{"text":"Suporte 24 horas por dia, 7 dias por semana"},{"text":"Design flex\u00edvel"}],"pricing_button_text":"Adicionar ao site","pricing_button_url":"#demo","_state":"expanded"}],"related_apps_title":"","related_apps_hidden":"1","author":"","image":[],"title":"","job":"","social_networks":[]},"_links":{"self":[{"href":"https:\/\/elfsight.com\/pt\/wp-json\/wp\/v2\/pages\/4496","targetHints":{"allow":["GET"]}}],"collection":[{"href":"https:\/\/elfsight.com\/pt\/wp-json\/wp\/v2\/pages"}],"about":[{"href":"https:\/\/elfsight.com\/pt\/wp-json\/wp\/v2\/types\/page"}],"author":[{"embeddable":true,"href":"https:\/\/elfsight.com\/pt\/wp-json\/wp\/v2\/users\/9"}],"replies":[{"embeddable":true,"href":"https:\/\/elfsight.com\/pt\/wp-json\/wp\/v2\/comments?post=4496"}],"version-history":[{"count":2,"href":"https:\/\/elfsight.com\/pt\/wp-json\/wp\/v2\/pages\/4496\/revisions"}],"predecessor-version":[{"id":12094,"href":"https:\/\/elfsight.com\/pt\/wp-json\/wp\/v2\/pages\/4496\/revisions\/12094"}],"up":[{"embeddable":true,"href":"https:\/\/elfsight.com\/pt\/wp-json\/wp\/v2\/pages\/542"}],"wp:attachment":[{"href":"https:\/\/elfsight.com\/pt\/wp-json\/wp\/v2\/media?parent=4496"}],"curies":[{"name":"wp","href":"https:\/\/api.w.org\/{rel}","templated":true}]}}