{"id":4494,"date":"1970-01-01T00:00:00","date_gmt":"1970-01-01T00:00:00","guid":{"rendered":"https:\/\/elfsight.com\/pt\/?page_id=4494"},"modified":"2024-11-13T12:15:12","modified_gmt":"2024-11-13T12:15:12","slug":"opencart","status":"publish","type":"page","link":"https:\/\/elfsight.com\/pt\/pricing-table-plugin\/opencart\/","title":{"rendered":"Pricing Table &#8211; OpenCart"},"content":{"rendered":"<div class=\"application-platform-content-item-description application-platform-content-item\" id=\"description\" data-nav-section=\"description\"><h2>Descri\u00e7\u00e3o<\/h2><p>O pre\u00e7o desempenha um dos pap\u00e9is cr\u00edticos na motiva\u00e7\u00e3o dos clientes a comprar. O m\u00f3dulo da nossa equipe n\u00e3o s\u00f3 permite que os usu\u00e1rios da p\u00e1gina conhe\u00e7am rapidamente suas op\u00e7\u00f5es de pre\u00e7os. Tamb\u00e9m contribui para aumentar a convers\u00e3o devido \u00e0s mais recentes t\u00e9cnicas de design e templates.<\/p><p><b>Leve as vendas do seu site a um n\u00edvel diferente, usando pre\u00e7os eficazes.<\/b><\/p><ul><li><b>Ajude os usu\u00e1rios a finalizar uma compra<\/b>.<br>Em um formato claro, mostre os dados que seus clientes em potencial est\u00e3o procurando e conven\u00e7a-os a fazer a escolha certa.<\/li><li><b>Criando m\u00f3dulo em apenas 90 segundos<\/b>.<br>Gaste apenas alguns minutos para gerar um m\u00f3dulo ideal. Personalize os par\u00e2metros da interface e adicione informa\u00e7\u00f5es detalhadas para exibi-las em quest\u00e3o de segundos.<\/li><li><b>Torne seus pre\u00e7os interessantes para os clientes<\/b>.<br>Obtenha o melhor da variedade de cores, mostre componentes diferentes, exiba imagens, para tornar seus pre\u00e7os divertidos para os visitantes e estimular a compra.<\/li><\/ul><\/div><div class=\"application-platform-content-item-features application-platform-content-item\" id=\"features\" data-nav-section=\"features\"><h2>Recursos<\/h2><p>Os benef\u00edcios que transformam nosso m\u00f3dulo na melhor tabela de pre\u00e7os para sites OpenCart.<\/p><ul><li>2 tipos predefinidos de raio de borda e 4 tipos predefinidos de largura de borda;<\/li><li>Lista de recursos ajust\u00e1veis, completa com \u00edcones de recursos, dicas e n\u00famero ilimitado de recursos;<\/li><li>Os elementos coloridos de cada coluna podem ser personalizados individualmente;<\/li><li>Vincular o bot\u00e3o \u00e0 p\u00e1gina necess\u00e1ria;<\/li><li>Fonte personaliz\u00e1vel tamanho e peso.<\/li><\/ul><p><a href=\"#demo\">Voc\u00ea pode testar todos os benef\u00edcios no configurador ao vivo<\/a><\/p><\/div><div class=\"application-platform-content-item- instala\u00e7\u00e3o application-platform-content-item\" id=\" instala\u00e7\u00e3o\" data-nav-section=\" instala\u00e7\u00e3o\"><h2>Como adicionar o m\u00f3dulo Tabela de Pre\u00e7os ao site OpenCart<\/h2><p>Basta seguir as instru\u00e7\u00f5es abaixo para integrar a ferramenta no OpenCart.<\/p> <ol><li><b>Abra nosso aplicativo gratuito editor e comece a construir sua extens\u00e3o personalizada. <\/b><br> Escolha a interface e as caracter\u00edsticas adequadas do widget e salve as corre\u00e7\u00f5es. <\/li> <li><b>Copie o c\u00f3digo pessoal exposto no formul\u00e1rio especial nas Apps Elfsight. <\/b><br> Ap\u00f3s o estabelecimento de sua Tabela de Pre\u00e7os pessoal, copie o c\u00f3digo pessoal na janela que aparece e salve-o para uso posterior. <\/li> <li><b>Iniciar a utiliza\u00e7\u00e3o da extens\u00e3o no site OpenCart. <\/b><br> Integre o c\u00f3digo que voc\u00ea copiou anteriormente em sua p\u00e1gina e salve as modifica\u00e7\u00f5es. <\/li> <li><b>A configura\u00e7\u00e3o est\u00e1 totalmente conclu\u00edda. <\/b><br> Acesse seu site para examinar o desempenho da extens\u00e3o. <\/li><\/ol> <p>n\u00e3o levar\u00e1 muito tempo. Basta seguir algumas etapas r\u00e1pidas que n\u00e3o levar\u00e3o mais de 3 minutos.<br>Est\u00e1 tendo problemas com a gera\u00e7\u00e3o do m\u00f3dulo? Veja nossas instru\u00e7\u00f5es completas \u00ab<a href=\"https:\/\/elfsight.com\/tutorials\/how-to-add-pricing-table-to-opencart\/\" target=\"_blank\" rel=\"noopener noreferrer\">Como integrar tabela de pre\u00e7os em um OpenCart<\/a>\u00bb ou entre em contato com nossa equipe de suporte, que o ajudar\u00e1 com qualquer d\u00favida.<\/p><div class=\"faq\" data-component=\"FAQ\"> <div class=\"faq-item\">\r\n\t\t\t\t\t<div class=\"faq-item-question\">\r\n\t\t\t\t\t\t<h3 class=\"faq-item-question-text\">Como posso adicionar uma tabela de pre\u00e7os ao meu site OpenCart sem habilidades de codifica\u00e7\u00e3o? <\/h3>\r\n\r\n\t\t\t\t\t\t<div class=\"faq-item-question-icon\"><\/div>\r\n\t\t\t\t\t<\/div>\r\n\r\n\t\t\t\t\t<div class=\"faq-item-answer\">\r\n\t\t\t\t\t\t<div class=\"faq-item-answer-text\"> <p>A Elfsight fornece uma solu\u00e7\u00e3o SaaS que lhe permite criar voc\u00ea mesmo um widget de Tabela de Pre\u00e7os. Veja como o processo \u00e9 f\u00e1cil: Trabalhe diretamente no Editor online para criar um widget de Tabela de Pre\u00e7os que gostaria de ver no seu site OpenCart. Escolha um dos modelos predefinidos e ajuste as configura\u00e7\u00f5es da Tabela de Pre\u00e7os, adicione seu conte\u00fado, altere o layout e as cores sem nenhuma habilidade de codifica\u00e7\u00e3o. Salve a Tabela de Pre\u00e7os e copie seu c\u00f3digo de instala\u00e7\u00e3o, para que voc\u00ea possa adicionar facilmente em seu site OpenCart sem comprar uma vers\u00e3o paga. Com nosso editor intuitivo, qualquer usu\u00e1rio da Internet pode criar um widget de tabela de pre\u00e7os online e incorpor\u00e1-lo facilmente ao seu site OpenCart. N\u00e3o h\u00e1 necessidade de pagar ou inserir as credenciais do seu cart\u00e3o para acessar o servi\u00e7o. Se voc\u00ea enfrentar qualquer problema em qualquer etapa, n\u00e3o hesite em entrar em contato com nossa equipe de suporte t\u00e9cnico.<\/p> <\/div>\r\n\t\t\t\t\t<\/div>\r\n\t\t\t\t<\/div> <\/div> <\/div>","protected":false},"excerpt":{"rendered":"","protected":false},"author":9,"featured_media":0,"parent":793,"menu_order":0,"comment_status":"closed","ping_status":"closed","template":"templates\/template-application-platform.php","meta":{"publish_to_discourse":"","publish_post_category":"","wpdc_auto_publish_overridden":"","wpdc_topic_tags":"","wpdc_pin_topic":"","wpdc_pin_until":"","discourse_post_id":"","discourse_permalink":"","wpdc_publishing_response":"","wpdc_publishing_error":"","footnotes":""},"class_list":["post-4494","page","type-page","status-publish","hentry"],"yoast_head":"<!-- This site is optimized with the Yoast SEO plugin v25.3.1 - https:\/\/yoast.com\/wordpress\/plugins\/seo\/ -->\n<title>Tabela de pre\u00e7os - Adicionar extens\u00e3o de pre\u00e7os ao site OpenCart<\/title>\n<meta name=\"description\" content=\"Instale o m\u00f3dulo Tabela de Pre\u00e7os para OpenCart em apenas 2 minutos. Verifique todos os principais benef\u00edcios da melhor extens\u00e3o de pre\u00e7os no editor gratuito.\" \/>\n<meta name=\"robots\" content=\"index, follow, max-snippet:-1, max-image-preview:large, max-video-preview:-1\" \/>\n<link rel=\"canonical\" href=\"https:\/\/elfsight.com\/pt\/pricing-table-plugin\/opencart\/\" \/>\n<meta property=\"og:locale\" content=\"pt_PT\" \/>\n<meta property=\"og:type\" content=\"article\" \/>\n<meta property=\"og:title\" content=\"Tabela de pre\u00e7os - Adicionar extens\u00e3o de pre\u00e7os ao site OpenCart\" \/>\n<meta property=\"og:description\" content=\"Instale o m\u00f3dulo Tabela de Pre\u00e7os para OpenCart em apenas 2 minutos. Verifique todos os principais benef\u00edcios da melhor extens\u00e3o de pre\u00e7os no editor gratuito.\" \/>\n<meta property=\"og:url\" content=\"https:\/\/elfsight.com\/pt\/pricing-table-plugin\/opencart\/\" \/>\n<meta property=\"og:site_name\" content=\"Elfsight PT\" \/>\n<meta property=\"article:modified_time\" content=\"2024-11-13T12:15:12+00:00\" \/>\n<meta name=\"twitter:card\" content=\"summary_large_image\" \/>\n<meta name=\"twitter:label1\" content=\"Tempo estimado de leitura\" \/>\n\t<meta name=\"twitter:data1\" content=\"2 minutos\" \/>\n<!-- \/ Yoast SEO plugin. -->","yoast_head_json":{"title":"Tabela de pre\u00e7os - Adicionar extens\u00e3o de pre\u00e7os ao site OpenCart","description":"Instale o m\u00f3dulo Tabela de Pre\u00e7os para OpenCart em apenas 2 minutos. Verifique todos os principais benef\u00edcios da melhor extens\u00e3o de pre\u00e7os no editor gratuito.","robots":{"index":"index","follow":"follow","max-snippet":"max-snippet:-1","max-image-preview":"max-image-preview:large","max-video-preview":"max-video-preview:-1"},"canonical":"https:\/\/elfsight.com\/pt\/pricing-table-plugin\/opencart\/","og_locale":"pt_PT","og_type":"article","og_title":"Tabela de pre\u00e7os - Adicionar extens\u00e3o de pre\u00e7os ao site OpenCart","og_description":"Instale o m\u00f3dulo Tabela de Pre\u00e7os para OpenCart em apenas 2 minutos. Verifique todos os principais benef\u00edcios da melhor extens\u00e3o de pre\u00e7os no editor gratuito.","og_url":"https:\/\/elfsight.com\/pt\/pricing-table-plugin\/opencart\/","og_site_name":"Elfsight PT","article_modified_time":"2024-11-13T12:15:12+00:00","twitter_card":"summary_large_image","twitter_misc":{"Tempo estimado de leitura":"2 minutos"},"schema":{"@context":"https:\/\/schema.org","@graph":[{"@type":"WebPage","@id":"https:\/\/elfsight.com\/pt\/pricing-table-plugin\/opencart\/","url":"https:\/\/elfsight.com\/pt\/pricing-table-plugin\/opencart\/","name":"Tabela de pre\u00e7os - Adicionar extens\u00e3o de pre\u00e7os ao site OpenCart","isPartOf":{"@id":"https:\/\/elfsight.com\/pt\/#website"},"datePublished":"1970-01-01T00:00:00+00:00","dateModified":"2024-11-13T12:15:12+00:00","description":"Instale o m\u00f3dulo Tabela de Pre\u00e7os para OpenCart em apenas 2 minutos. Verifique todos os principais benef\u00edcios da melhor extens\u00e3o de pre\u00e7os no editor gratuito.","breadcrumb":{"@id":"https:\/\/elfsight.com\/pt\/pricing-table-plugin\/opencart\/#breadcrumb"},"inLanguage":"pt-PT","potentialAction":[{"@type":"ReadAction","target":["https:\/\/elfsight.com\/pt\/pricing-table-plugin\/opencart\/"]}]},{"@type":"BreadcrumbList","@id":"https:\/\/elfsight.com\/pt\/pricing-table-plugin\/opencart\/#breadcrumb","itemListElement":[{"@type":"ListItem","position":1,"name":"Home","item":"https:\/\/elfsight.com\/pt\/"},{"@type":"ListItem","position":2,"name":"Pricing Table","item":"https:\/\/elfsight.com\/pt\/pricing-table-plugin\/"},{"@type":"ListItem","position":3,"name":"Pricing Table &#8211; OpenCart"}]},{"@type":"WebSite","@id":"https:\/\/elfsight.com\/pt\/#website","url":"https:\/\/elfsight.com\/pt\/","name":"Elfsight PT","description":"Just another Elfsight Sites site","potentialAction":[{"@type":"SearchAction","target":{"@type":"EntryPoint","urlTemplate":"https:\/\/elfsight.com\/pt\/?s={search_term_string}"},"query-input":{"@type":"PropertyValueSpecification","valueRequired":true,"valueName":"search_term_string"}}],"inLanguage":"pt-PT"}]}},"meta_box":{"industry":"","seo_heading":"","heading":"","description":"","cta_heading":"","cta_description":"","application":"792","h1":"Extens\u00e3o da tabela de pre\u00e7os para OpenCart","h1_caption":"O melhor m\u00f3dulo para adicionar pre\u00e7os ao seu site pessoal","application_category":[],"applications_title":"","applications_request_title":"","applications_request_button_text":"","hero_text":"","hero_video":"","hero_video_schema_markup":"","selling_points_title":"","selling_points_caption":"","selling_points":[],"selling_points_cta_text":"","features_title":"","features":"","ed_cta_examples_text":"","ed_cta_examples_hidden":"","ed_cta_demo_text":"","ed_cta_demo_hidden":"","why_caption":"","why_editor_title":"","why_editor_text":"","why_team_title":"","why_team_text":"","why_service_title":"","why_service_text":"","template_catalog_visible":"","template_catalog_title":"","template_catalog_text":"","template_catalog_categories_visible":"","demo_title":"Crie sua extens\u00e3o de tabela de pre\u00e7os","demo_caption":"Configure sua Tabela de Pre\u00e7os e adicione-a ao seu site OpenCart gratuitamente!","default_faq_hidden":"","app_template_category":[],"platform":"61","template_public_id":"","codecanyon_url":"","codecanyon_item_id":"","codecanyon_price":"","pricing_caption":"","pricing_elfsight_apps_hide_column":"","pricing_elfsight_apps_url":"","pricing_codecanyon_price_caption":"","integration_category":[],"integration_request_title":"","integration_request_cta":"","integration_platform":"","integrations":[],"platform_category":[],"video_schema_markup":"","price":"a partir de US$ 0\/m\u00eas","trial":"","benefits":[{"text":"Ajuda de instala\u00e7\u00e3o gratuita"},{"text":"Suporte excepcional"},{"text":"Garantia de reembolso de 14 dias"},{"text":"Atualiza\u00e7\u00f5es gratuitas vital\u00edcias"}],"button_url":"#demo","button_target_blank":"0","button_nofollow":"0","attributes":[{"name":"Instala\u00e7\u00f5es","content":"10,000 - 100,000","_state":"expanded"},{"name":"Responsivo","content":"Sim","_state":"expanded"},{"name":"Navegadores compat\u00edveis","content":"Chrome, Edge, Opera, Firefox, Safari"}],"tags":[],"tags_disable_links":"0","hide_more_platforms":"","video_object":"","demo_hide_cta":"0","demo_hide_cloud_options":"0","pricing_title":"","pricing":[{"pricing_icon":"platform","pricing_title":"Elfsight Apps","pricing_title_caption":"Solu\u00e7\u00e3o digital multiplataforma que funciona em qualquer site","pricing_price":"a partir de US$ 0\/m\u00eas","pricing_price_caption":"comece com plano gratuito","pricing_benefits":[{"text":"Sites ilimitados"},{"text":"Suporte gratuito \u00e0 empresa"},{"text":"Suporte gratuito \u00e0 empresa"},{"text":"Design flex\u00edvel"}],"pricing_button_text":"Adicionar ao site","pricing_button_url":"#demo","_state":"expanded"}],"related_apps_title":"","related_apps_hidden":"1","author":"","image":[],"title":"","job":"","social_networks":[]},"_links":{"self":[{"href":"https:\/\/elfsight.com\/pt\/wp-json\/wp\/v2\/pages\/4494","targetHints":{"allow":["GET"]}}],"collection":[{"href":"https:\/\/elfsight.com\/pt\/wp-json\/wp\/v2\/pages"}],"about":[{"href":"https:\/\/elfsight.com\/pt\/wp-json\/wp\/v2\/types\/page"}],"author":[{"embeddable":true,"href":"https:\/\/elfsight.com\/pt\/wp-json\/wp\/v2\/users\/9"}],"replies":[{"embeddable":true,"href":"https:\/\/elfsight.com\/pt\/wp-json\/wp\/v2\/comments?post=4494"}],"version-history":[{"count":2,"href":"https:\/\/elfsight.com\/pt\/wp-json\/wp\/v2\/pages\/4494\/revisions"}],"predecessor-version":[{"id":12131,"href":"https:\/\/elfsight.com\/pt\/wp-json\/wp\/v2\/pages\/4494\/revisions\/12131"}],"up":[{"embeddable":true,"href":"https:\/\/elfsight.com\/pt\/wp-json\/wp\/v2\/pages\/793"}],"wp:attachment":[{"href":"https:\/\/elfsight.com\/pt\/wp-json\/wp\/v2\/media?parent=4494"}],"curies":[{"name":"wp","href":"https:\/\/api.w.org\/{rel}","templated":true}]}}