{"id":4481,"date":"1970-01-01T00:00:00","date_gmt":"1970-01-01T00:00:00","guid":{"rendered":"https:\/\/elfsight.com\/pt\/?page_id=4481"},"modified":"2024-11-13T11:41:56","modified_gmt":"2024-11-13T11:41:56","slug":"magento","status":"publish","type":"page","link":"https:\/\/elfsight.com\/pt\/photo-gallery-widget\/magento\/","title":{"rendered":"Photo Gallery &#8211; Magento"},"content":{"rendered":"<div class=\"application-platform-content-item-description application-platform-content-item\" id=\"description\" data-nav-section=\"description\"><h2>Descri\u00e7\u00e3o<\/h2> <p>A Galeria Elfsight \u00e9 a melhor maneira de coletar seus recursos visuais ou criar \u00e1lbuns brilhantes em seu site. Fa\u00e7a upload de qualquer quantidade de fotos, coloque coment\u00e1rios e selecione a melhor forma de coloc\u00e1-los na p\u00e1gina. Esta extens\u00e3o apresenta 6 variantes de layout e v\u00e1rias op\u00e7\u00f5es de design adicionais. Cada foto pode ser visualizada no modo pop-up, as pessoas podem deslizar por elas ou assistir a uma apresenta\u00e7\u00e3o de slides, aplicar zoom e apreciar as fotos em tela cheia. Voc\u00ea pode encontrar cores personalizadas para os elementos do widget e adicionar um plano de fundo personalizado, alterar as configura\u00e7\u00f5es de texto e mais oportunidades de estilo. <\/p> <p><b>Crie uma cole\u00e7\u00e3o de fotos imperd\u00edvel! <\/b><\/p> <p><b>Destaque o que significa alguma coisa<\/b><br>Utilize a extens\u00e3o responsiva da Galeria de Imagens para revelar suas ofertas mais interessantes ou para expor suas incr\u00edveis fotos de produtos. <\/p><p><b>Demonstre seus melhores trabalhos ou produtos<\/b><br>Suas fotos e imagens cativantes atrair\u00e3o mais visualiza\u00e7\u00f5es e ocupar\u00e3o as pessoas por mais tempo, aumentando o n\u00edvel geral de engajamento em seu site.<\/b> <p><b>Alcance mais vendas com apenas alguns cliques<\/b><br>Ao mostrar suas habilidades no plugin Photo, voc\u00ea far\u00e1 com que os visitantes do seu site n\u00e3o consigam resistir a fazer uma compra que aumente suas vendas.<\/b><\/div> <div class=\"faq\" data-component=\"FAQ\"><div class=\"faq-item\">\r\n\t\t\t\t\t<div class=\"faq-item-question\">\r\n\t\t\t\t\t\t<h3 class=\"faq-item-question-text\">Como fa\u00e7o para incorporar uma Galeria de Fotos ao site Magento? <\/h3>\r\n\r\n\t\t\t\t\t\t<div class=\"faq-item-question-icon\"><\/div>\r\n\t\t\t\t\t<\/div>\r\n\r\n\t\t\t\t\t<div class=\"faq-item-answer\">\r\n\t\t\t\t\t\t<div class=\"faq-item-answer-text\"><p>A confec\u00e7\u00e3o do widget \u00e9 realizada no site da Elfsight e voc\u00ea n\u00e3o precisa aprender a programar. Abra a demonstra\u00e7\u00e3o ao vivo para personalizar seu pr\u00f3prio widget, obter o c\u00f3digo e incorpor\u00e1-lo em seu site. <\/p><\/div>\r\n\t\t\t\t\t<\/div>\r\n\t\t\t\t<\/div><div class=\"faq-item\">\r\n\t\t\t\t\t<div class=\"faq-item-question\">\r\n\t\t\t\t\t\t<h3 class=\"faq-item-question-text\">Os melhores exemplos de uso de integra\u00e7\u00e3o responsiva de galeria de imagens<\/h3>\r\n\r\n\t\t\t\t\t\t<div class=\"faq-item-question-icon\"><\/div>\r\n\t\t\t\t\t<\/div>\r\n\r\n\t\t\t\t\t<div class=\"faq-item-answer\">\r\n\t\t\t\t\t\t<div class=\"faq-item-answer-text\"><p>Temos in\u00fameras op\u00e7\u00f5es de personaliza\u00e7\u00e3o: widgets em escala real para inser\u00e7\u00e3o na zona de conte\u00fado, widgets flutuantes para recurso de rolagem, layouts para rodap\u00e9 do seu site, cabe\u00e7alho e todas as varia\u00e7\u00f5es de possibilidades verticais para barras laterais e menus do site. <\/p><\/div>\r\n\t\t\t\t\t<\/div>\r\n\t\t\t\t<\/div><div class=\"faq-item\">\r\n\t\t\t\t\t<div class=\"faq-item-question\">\r\n\t\t\t\t\t\t<h3 class=\"faq-item-question-text\">Como fa\u00e7o para construir uma sess\u00e3o de fotos ou galeria de fotos de produtos com a ajuda do editor? <\/h3>\r\n\r\n\t\t\t\t\t\t<div class=\"faq-item-question-icon\"><\/div>\r\n\t\t\t\t\t<\/div>\r\n\r\n\t\t\t\t\t<div class=\"faq-item-answer\">\r\n\t\t\t\t\t\t<div class=\"faq-item-answer-text\"><p>Voc\u00ea pode formar varia\u00e7\u00f5es de qualquer widget. H\u00e1 uma grande variedade de layouts \u00e0 sua disposi\u00e7\u00e3o no editor, e todos eles podem ser facilmente ajustados conforme sua necessidade. <\/p><\/div>\r\n\t\t\t\t\t<\/div>\r\n\t\t\t\t<\/div><\/div><div class=\"application-platform-content-item-features application-platform-content-item\" id=\"features\" data-nav-section=\"features\"><h2>Recursos<\/h2> <p>Verifique uma lista de todas as caracter\u00edsticas funcionais da Galeria de Fotos para Magento. Eles est\u00e3o dispon\u00edveis diretamente no editor e ajudar\u00e3o voc\u00ea a moldar o widget exatamente para o seu caso de uso. <\/p> <ul> <li>Adicione CTAs para orientar seu p\u00fablico em dire\u00e7\u00e3o \u00e0 convers\u00e3o. <\/li> <li>Regule a dura\u00e7\u00e3o da troca de slides. <\/li> <li>Escolha entre diversas variantes de pagina\u00e7\u00e3o. <\/li> <li>Coloque seu conte\u00fado em qualquer lugar da p\u00e1gina por meio de posi\u00e7\u00e3o avan\u00e7ada. <\/li> <li>Ajuste cinco op\u00e7\u00f5es de conte\u00fado. <\/li> <\/ul> <p><a href=\"#demo\">Veja como todos os recursos funcionam em nossa demonstra\u00e7\u00e3o<\/a><\/p> <\/div> <div class=\"application-platform-content-item-installation application-platform-content-item\" id=\"installation\" data-nav-section=\"installation\"> <h2>Como adicionar a extens\u00e3o Galeria de Fotos ao Magento?<\/h2> <p>Basta seguir os passos descritos abaixo para incorporar a extens\u00e3o Galeria de Fotos ao Magento.<\/p> <ol><li><b>Use nosso servi\u00e7o gratuito editor e comece a moldar seu instrumento personalizado. <\/b><br> Escolha a interface e os recursos desejados do widget e aplique as edi\u00e7\u00f5es. <\/li> <li><b>Adquira o seu c\u00f3digo individual que aparece na janela das aplica\u00e7\u00f5es Elfsight. <\/b><br> Ap\u00f3s a configura\u00e7\u00e3o da sua ferramenta pessoal, copie o c\u00f3digo exclusivo da janela que aparece e salve-o para uso futuro. <\/li> <li><b>Comece a usar a extens\u00e3o no seu site Magento. <\/b><br> Incorpore o c\u00f3digo copiado anteriormente em sua p\u00e1gina inicial e salve as corre\u00e7\u00f5es. <\/li> <li><b>Conclu\u00eddo! A integra\u00e7\u00e3o \u00e9 totalmente realizada. <\/b><br> Acesse sua p\u00e1gina para ver o desempenho do widget. <\/li><\/ol><p>N\u00e3o hesite em entrar em contato com o atendimento ao cliente da Elfsight se precisar de aconselhamento ou tiver d\u00favidas. Daremos uma ajuda em todas as d\u00favidas. <\/p> <\/div>","protected":false},"excerpt":{"rendered":"","protected":false},"author":9,"featured_media":0,"parent":965,"menu_order":0,"comment_status":"closed","ping_status":"closed","template":"templates\/template-application-platform.php","meta":{"publish_to_discourse":"","publish_post_category":"","wpdc_auto_publish_overridden":"","wpdc_topic_tags":"","wpdc_pin_topic":"","wpdc_pin_until":"","discourse_post_id":"","discourse_permalink":"","wpdc_publishing_response":"","wpdc_publishing_error":"","footnotes":""},"class_list":["post-4481","page","type-page","status-publish","hentry"],"yoast_head":"<!-- This site is optimized with the Yoast SEO plugin v25.3.1 - https:\/\/yoast.com\/wordpress\/plugins\/seo\/ -->\n<title>Galeria de fotos \u2013 Adicionar widget de galeria de fotos ao Magento [2025]<\/title>\n<meta name=\"description\" content=\"Experimente a melhor extens\u00e3o responsiva da Galeria de Fotos para Magento (gratuita). Um plugin de galeria simples e r\u00e1pido que se integra sem habilidades de desenvolvimento.\" \/>\n<meta name=\"robots\" content=\"index, follow, max-snippet:-1, max-image-preview:large, max-video-preview:-1\" \/>\n<link rel=\"canonical\" href=\"https:\/\/elfsight.com\/pt\/photo-gallery-widget\/magento\/\" \/>\n<meta property=\"og:locale\" content=\"pt_PT\" \/>\n<meta property=\"og:type\" content=\"article\" \/>\n<meta property=\"og:title\" content=\"Galeria de fotos \u2013 Adicionar widget de galeria de fotos ao Magento [2025]\" \/>\n<meta property=\"og:description\" content=\"Experimente a melhor extens\u00e3o responsiva da Galeria de Fotos para Magento (gratuita). Um plugin de galeria simples e r\u00e1pido que se integra sem habilidades de desenvolvimento.\" \/>\n<meta property=\"og:url\" content=\"https:\/\/elfsight.com\/pt\/photo-gallery-widget\/magento\/\" \/>\n<meta property=\"og:site_name\" content=\"Elfsight PT\" \/>\n<meta property=\"article:modified_time\" content=\"2024-11-13T11:41:56+00:00\" \/>\n<meta name=\"twitter:card\" content=\"summary_large_image\" \/>\n<meta name=\"twitter:label1\" content=\"Tempo estimado de leitura\" \/>\n\t<meta name=\"twitter:data1\" content=\"2 minutos\" \/>\n<!-- \/ Yoast SEO plugin. -->","yoast_head_json":{"title":"Galeria de fotos \u2013 Adicionar widget de galeria de fotos ao Magento [2025]","description":"Experimente a melhor extens\u00e3o responsiva da Galeria de Fotos para Magento (gratuita). Um plugin de galeria simples e r\u00e1pido que se integra sem habilidades de desenvolvimento.","robots":{"index":"index","follow":"follow","max-snippet":"max-snippet:-1","max-image-preview":"max-image-preview:large","max-video-preview":"max-video-preview:-1"},"canonical":"https:\/\/elfsight.com\/pt\/photo-gallery-widget\/magento\/","og_locale":"pt_PT","og_type":"article","og_title":"Galeria de fotos \u2013 Adicionar widget de galeria de fotos ao Magento [2025]","og_description":"Experimente a melhor extens\u00e3o responsiva da Galeria de Fotos para Magento (gratuita). Um plugin de galeria simples e r\u00e1pido que se integra sem habilidades de desenvolvimento.","og_url":"https:\/\/elfsight.com\/pt\/photo-gallery-widget\/magento\/","og_site_name":"Elfsight PT","article_modified_time":"2024-11-13T11:41:56+00:00","twitter_card":"summary_large_image","twitter_misc":{"Tempo estimado de leitura":"2 minutos"},"schema":{"@context":"https:\/\/schema.org","@graph":[{"@type":"WebPage","@id":"https:\/\/elfsight.com\/pt\/photo-gallery-widget\/magento\/","url":"https:\/\/elfsight.com\/pt\/photo-gallery-widget\/magento\/","name":"Galeria de fotos \u2013 Adicionar widget de galeria de fotos ao Magento [2025]","isPartOf":{"@id":"https:\/\/elfsight.com\/pt\/#website"},"datePublished":"1970-01-01T00:00:00+00:00","dateModified":"2024-11-13T11:41:56+00:00","description":"Experimente a melhor extens\u00e3o responsiva da Galeria de Fotos para Magento (gratuita). Um plugin de galeria simples e r\u00e1pido que se integra sem habilidades de desenvolvimento.","breadcrumb":{"@id":"https:\/\/elfsight.com\/pt\/photo-gallery-widget\/magento\/#breadcrumb"},"inLanguage":"pt-PT","potentialAction":[{"@type":"ReadAction","target":["https:\/\/elfsight.com\/pt\/photo-gallery-widget\/magento\/"]}]},{"@type":"BreadcrumbList","@id":"https:\/\/elfsight.com\/pt\/photo-gallery-widget\/magento\/#breadcrumb","itemListElement":[{"@type":"ListItem","position":1,"name":"Home","item":"https:\/\/elfsight.com\/pt\/"},{"@type":"ListItem","position":2,"name":"Photo Gallery","item":"https:\/\/elfsight.com\/pt\/photo-gallery-widget\/"},{"@type":"ListItem","position":3,"name":"Photo Gallery &#8211; Magento"}]},{"@type":"WebSite","@id":"https:\/\/elfsight.com\/pt\/#website","url":"https:\/\/elfsight.com\/pt\/","name":"Elfsight PT","description":"Just another Elfsight Sites site","potentialAction":[{"@type":"SearchAction","target":{"@type":"EntryPoint","urlTemplate":"https:\/\/elfsight.com\/pt\/?s={search_term_string}"},"query-input":{"@type":"PropertyValueSpecification","valueRequired":true,"valueName":"search_term_string"}}],"inLanguage":"pt-PT"}]}},"meta_box":{"industry":"","seo_heading":"","heading":"","description":"","cta_heading":"","cta_description":"","application":"964","h1":"Widget da Galeria de Fotos Magento","h1_caption":"Revele suas fotos incr\u00edveis na p\u00e1gina","application_category":[],"applications_title":"","applications_request_title":"","applications_request_button_text":"","hero_text":"","hero_video":"","hero_video_schema_markup":"","selling_points_title":"","selling_points_caption":"","selling_points":[],"selling_points_cta_text":"","features_title":"","features":"","ed_cta_examples_text":"","ed_cta_examples_hidden":"","ed_cta_demo_text":"","ed_cta_demo_hidden":"","why_caption":"","why_editor_title":"","why_editor_text":"","why_team_title":"","why_team_text":"","why_service_title":"","why_service_text":"","template_catalog_visible":"","template_catalog_title":"","template_catalog_text":"","template_catalog_categories_visible":"","demo_title":"Crie sua extens\u00e3o da Galeria de Fotos","demo_caption":"Configure sua Galeria de Fotos e adicione-a ao seu site Magento gratuitamente!","default_faq_hidden":"","app_template_category":[],"platform":"58","template_public_id":"","codecanyon_url":"","codecanyon_item_id":"","codecanyon_price":"","pricing_caption":"","pricing_elfsight_apps_hide_column":"","pricing_elfsight_apps_url":"","pricing_codecanyon_price_caption":"","integration_category":[],"integration_request_title":"","integration_request_cta":"","integration_platform":"","integrations":[],"platform_category":[],"video_schema_markup":"","price":"a partir de US$ 0\/m\u00eas","trial":"","benefits":[{"text":"Ajuda de instala\u00e7\u00e3o gratuita"},{"text":"Atendimento ao cliente profissional"},{"text":"Garantia de reembolso de 14 dias"},{"text":"Melhorias gratuitas cont\u00ednuas"}],"button_url":"#demo","button_target_blank":"0","button_nofollow":"0","attributes":[{"name":"Instala\u00e7\u00f5es","content":"10,000 - 100,000","_state":"expanded"},{"name":"Responsivo","content":"Sim","_state":"expanded"},{"name":"Navegadores compat\u00edveis","content":"Firefox, Safari, Opera, Chrome, Edge"}],"tags":[],"tags_disable_links":"0","hide_more_platforms":"","video_object":"","demo_hide_cta":"0","demo_hide_cloud_options":"0","pricing_title":"","pricing":[{"pricing_icon":"platform","pricing_title":"Elfsight Apps","pricing_title_caption":"Solu\u00e7\u00e3o multiplataforma adequada para qualquer site","pricing_price":"a partir de US$ 0\/m\u00eas","pricing_price_caption":"comece com um plano gratuito","pricing_benefits":[{"text":"Dom\u00ednios ilimitados"},{"text":"Suporte 24 horas por dia, 7 dias por semana"},{"text":"Suporte 24 horas por dia, 7 dias por semana"},{"text":"Design flex\u00edvel"}],"pricing_button_text":"Adicionar ao site","pricing_button_url":"#demo","_state":"expanded"}],"related_apps_title":"","related_apps_hidden":"1","author":"","image":[],"title":"","job":"","social_networks":[]},"_links":{"self":[{"href":"https:\/\/elfsight.com\/pt\/wp-json\/wp\/v2\/pages\/4481","targetHints":{"allow":["GET"]}}],"collection":[{"href":"https:\/\/elfsight.com\/pt\/wp-json\/wp\/v2\/pages"}],"about":[{"href":"https:\/\/elfsight.com\/pt\/wp-json\/wp\/v2\/types\/page"}],"author":[{"embeddable":true,"href":"https:\/\/elfsight.com\/pt\/wp-json\/wp\/v2\/users\/9"}],"replies":[{"embeddable":true,"href":"https:\/\/elfsight.com\/pt\/wp-json\/wp\/v2\/comments?post=4481"}],"version-history":[{"count":2,"href":"https:\/\/elfsight.com\/pt\/wp-json\/wp\/v2\/pages\/4481\/revisions"}],"predecessor-version":[{"id":12048,"href":"https:\/\/elfsight.com\/pt\/wp-json\/wp\/v2\/pages\/4481\/revisions\/12048"}],"up":[{"embeddable":true,"href":"https:\/\/elfsight.com\/pt\/wp-json\/wp\/v2\/pages\/965"}],"wp:attachment":[{"href":"https:\/\/elfsight.com\/pt\/wp-json\/wp\/v2\/media?parent=4481"}],"curies":[{"name":"wp","href":"https:\/\/api.w.org\/{rel}","templated":true}]}}