{"id":4480,"date":"1970-01-01T00:00:00","date_gmt":"1970-01-01T00:00:00","guid":{"rendered":"https:\/\/elfsight.com\/pt\/?page_id=4480"},"modified":"2025-01-31T11:01:29","modified_gmt":"2025-01-31T11:01:29","slug":"magento","status":"publish","type":"page","link":"https:\/\/elfsight.com\/pt\/popup-widget\/magento\/","title":{"rendered":"Popup &#8211; Magento"},"content":{"rendered":"\n<div class=\"application-platform-content-item-description application-platform-content-item\" id=\"description\" data-nav-section=\"description\"> <h2>Descri\u00e7\u00e3o<\/h2> <p>Com a extens\u00e3o Elfsight Pop up, todos t\u00eam a oportunidade de criar pop-ups personalizados de qualquer tipo e integr\u00e1-los no seu site Magento. D\u00ea forma a um pop-up personalizado, uma variedade de elementos embutidos. Altere a interface e a composi\u00e7\u00e3o; escolha o gatilho de abertura e determine o momento para aumentar a efic\u00e1cia. Os pop-ups permitir\u00e3o que os visitantes assinem correspond\u00eancias, descubram suas ofertas, copiem cupons de desconto, utilizem promo\u00e7\u00f5es e ofertas especiais, fiquem sabendo de eventos importantes em seu site e muito mais. Por exemplo, voc\u00ea pode usar o pop-up de confirma\u00e7\u00e3o do Magento depois que um usu\u00e1rio comprou algo em seu site e comprou um item.<\/p><p><b>Os pop-ups permitir\u00e3o vendas mais eficazes, anunciar\u00e3o atividades planejadas, coletar\u00e3o impress\u00f5es e leads e muito mais. <\/b><\/p> <\/div><div class=\"faq\" data-component=\"FAQ\"><div class=\"faq-item\">\r\n\t\t\t\t\t<div class=\"faq-item-question\">\r\n\t\t\t\t\t\t<h3 class=\"faq-item-question-text\">Como posso incorporar um pop-up no site Magento? <\/h3>\r\n\r\n\t\t\t\t\t\t<div class=\"faq-item-question-icon\"><\/div>\r\n\t\t\t\t\t<\/div>\r\n\r\n\t\t\t\t\t<div class=\"faq-item-answer\">\r\n\t\t\t\t\t\t<div class=\"faq-item-answer-text\"><p>A cria\u00e7\u00e3o de o widget ocorre nas p\u00e1ginas da Elfsight e n\u00e3o h\u00e1 necessidade de codifica\u00e7\u00e3o. Utilize nossa demonstra\u00e7\u00e3o online para ajustar seu widget pessoal, adquirir o c\u00f3digo e inseri-lo em seu site. <\/p><\/div>\r\n\t\t\t\t\t<\/div>\r\n\t\t\t\t<\/div><div class=\"faq-item\">\r\n\t\t\t\t\t<div class=\"faq-item-question\">\r\n\t\t\t\t\t\t<h3 class=\"faq-item-question-text\">Os melhores exemplos de uso de integra\u00e7\u00e3o de banner pop-up<\/h3>\r\n\r\n\t\t\t\t\t\t<div class=\"faq-item-question-icon\"><\/div>\r\n\t\t\t\t\t<\/div>\r\n\r\n\t\t\t\t\t<div class=\"faq-item-answer\">\r\n\t\t\t\t\t\t<div class=\"faq-item-answer-text\"><p>Forneceremos muitas op\u00e7\u00f5es de personaliza\u00e7\u00e3o: widgets completos para adicionar conte\u00fado \u00e1rea, plug-ins flutuantes para recurso de rolagem, miniaturas para o rodap\u00e9, se\u00e7\u00e3o principal e todos os tipos de oportunidades verticais para barras laterais e menus. <\/p><\/div>\r\n\t\t\t\t\t<\/div>\r\n\t\t\t\t<\/div><div class=\"faq-item\">\r\n\t\t\t\t\t<div class=\"faq-item-question\">\r\n\t\t\t\t\t\t<h3 class=\"faq-item-question-text\">Posso criar um pop-up da Newsletter Magento atrav\u00e9s do editor? <\/h3>\r\n\r\n\t\t\t\t\t\t<div class=\"faq-item-question-icon\"><\/div>\r\n\t\t\t\t\t<\/div>\r\n\r\n\t\t\t\t\t<div class=\"faq-item-answer\">\r\n\t\t\t\t\t\t<div class=\"faq-item-answer-text\"><p>Voc\u00ea \u00e9 livre para fazer altera\u00e7\u00f5es em qualquer widget. Basta ir at\u00e9 a se\u00e7\u00e3o de modelos, encontrar um design de Newsletter, personaliz\u00e1-lo um pouco e instalar em um site Magento. H\u00e1 uma infinidade de layouts no editor, incluindo a extens\u00e3o gratuita Magento Newsletter Popup. Todos eles podem ser personalizados rapidamente conforme sua necessidade.<\/p><\/div>\r\n\t\t\t\t\t<\/div>\r\n\t\t\t\t<\/div><\/div><div class=\"application-platform-content-item-features application-platform-content-item\" id=\"features\" data-nav-section=\"features\"> <h2>Principais recursos da extens\u00e3o Popup<\/h2> <p>Aqui voc\u00ea pode ver todas as fun\u00e7\u00f5es do widget. Eles est\u00e3o dispon\u00edveis diretamente no editor e ajudar\u00e3o voc\u00ea a criar o widget de newsletter mais adequado \u00e0s suas necessidades.<\/p> <ul><li>V\u00e1rios modelos prontos: pop-up de confirma\u00e7\u00e3o do Magento, newsletter, Black Friday e assim por diante.<\/li><li>12 elementos diversos para construir um pop-up.<\/li> <li>5 layouts de pop-up prontos para v\u00e1rios casos.<\/li> <li>Incorpore bot\u00f5es para redirecionar para qualquer endere\u00e7o.<\/li> <li>Envie uma imagem para o plano de fundo.<\/li> <li>O pop-up pode ser ativado ap\u00f3s um tempo espec\u00edfico na p\u00e1gina ou quantidade de rolagem.<\/li> <li>O pop-up pode ser acionado clicando no elemento selecionado ou rolando para baixo at\u00e9 it.<\/li> <\/ul> <p><a href=\"#demo\">Veja como todos os recursos funcionam, em nossa demonstra\u00e7\u00e3o<\/a><\/p> <\/div><div class=\"application-platform-content-item-installation application-platform-content-item\" id=\"installation\" data-nav-section=\"installation\"><h2>Como adiciono Popup ao meu site Magento?<\/h2> <p>Basta seguir algumas etapas descritas abaixo para incorporar o widget no Magento.<\/p> <ol><li><b>Iniciar nossa demonstra\u00e7\u00e3o gratuita e comece a construir sua extens\u00e3o personalizada. <\/b><br> Encontre a forma e especifica\u00e7\u00f5es desejadas da extens\u00e3o e salve as corre\u00e7\u00f5es. <\/li> <li><b>Copie o seu c\u00f3digo individual mostrado na janela dos aplicativos Elfsight. <\/b><br> Assim que a configura\u00e7\u00e3o da sua ferramenta for conclu\u00edda, copie o c\u00f3digo exclusivo no pop-up que aparece e salve-o para futuras ocasi\u00f5es. <\/li> <li><b>Comece a usar a extens\u00e3o Popup em seu site Magento. <\/b><br> Coloque o c\u00f3digo que voc\u00ea copiou recentemente em sua p\u00e1gina e aplique os ajustes. <\/li> <li><b>A configura\u00e7\u00e3o foi conclu\u00edda com sucesso. <\/b><br> Visite seu site Magento para dar uma olhada no desempenho do widget. <\/li><\/ol><p>N\u00e3o hesite em entrar em contato com o suporte ao cliente da Elfsight caso precise de conselhos sobre a instala\u00e7\u00e3o no Magento. Ajudaremos em todas as d\u00favidas.<\/p> <\/div>\n","protected":false},"excerpt":{"rendered":"","protected":false},"author":9,"featured_media":0,"parent":542,"menu_order":0,"comment_status":"closed","ping_status":"closed","template":"templates\/template-application-platform.php","meta":{"publish_to_discourse":"","publish_post_category":"","wpdc_auto_publish_overridden":"","wpdc_topic_tags":"","wpdc_pin_topic":"","wpdc_pin_until":"","discourse_post_id":"","discourse_permalink":"","wpdc_publishing_response":"","wpdc_publishing_error":"","footnotes":""},"class_list":["post-4480","page","type-page","status-publish","hentry"],"yoast_head":"<!-- This site is optimized with the Yoast SEO plugin v25.3.1 - https:\/\/yoast.com\/wordpress\/plugins\/seo\/ -->\n<title>Adicione uma extens\u00e3o Popup a um site Magento gratuitamente<\/title>\n<meta name=\"description\" content=\"Crie um Popup no Magento sem codifica\u00e7\u00e3o!\" \/>\n<meta name=\"robots\" content=\"index, follow, max-snippet:-1, max-image-preview:large, max-video-preview:-1\" \/>\n<link rel=\"canonical\" href=\"https:\/\/elfsight.com\/pt\/popup-widget\/magento\/\" \/>\n<meta property=\"og:locale\" content=\"pt_PT\" \/>\n<meta property=\"og:type\" content=\"article\" \/>\n<meta property=\"og:title\" content=\"Adicione uma extens\u00e3o Popup a um site Magento gratuitamente\" \/>\n<meta property=\"og:description\" content=\"Crie um Popup no Magento sem codifica\u00e7\u00e3o!\" \/>\n<meta property=\"og:url\" content=\"https:\/\/elfsight.com\/pt\/popup-widget\/magento\/\" \/>\n<meta property=\"og:site_name\" content=\"Elfsight PT\" \/>\n<meta property=\"article:modified_time\" content=\"2025-01-31T11:01:29+00:00\" \/>\n<meta name=\"twitter:card\" content=\"summary_large_image\" \/>\n<meta name=\"twitter:label1\" content=\"Tempo estimado de leitura\" \/>\n\t<meta name=\"twitter:data1\" content=\"4 minutos\" \/>\n<!-- \/ Yoast SEO plugin. -->","yoast_head_json":{"title":"Adicione uma extens\u00e3o Popup a um site Magento gratuitamente","description":"Crie um Popup no Magento sem codifica\u00e7\u00e3o!","robots":{"index":"index","follow":"follow","max-snippet":"max-snippet:-1","max-image-preview":"max-image-preview:large","max-video-preview":"max-video-preview:-1"},"canonical":"https:\/\/elfsight.com\/pt\/popup-widget\/magento\/","og_locale":"pt_PT","og_type":"article","og_title":"Adicione uma extens\u00e3o Popup a um site Magento gratuitamente","og_description":"Crie um Popup no Magento sem codifica\u00e7\u00e3o!","og_url":"https:\/\/elfsight.com\/pt\/popup-widget\/magento\/","og_site_name":"Elfsight PT","article_modified_time":"2025-01-31T11:01:29+00:00","twitter_card":"summary_large_image","twitter_misc":{"Tempo estimado de leitura":"4 minutos"},"schema":{"@context":"https:\/\/schema.org","@graph":[{"@type":"WebPage","@id":"https:\/\/elfsight.com\/pt\/popup-widget\/magento\/","url":"https:\/\/elfsight.com\/pt\/popup-widget\/magento\/","name":"Adicione uma extens\u00e3o Popup a um site Magento gratuitamente","isPartOf":{"@id":"https:\/\/elfsight.com\/pt\/#website"},"datePublished":"1970-01-01T00:00:00+00:00","dateModified":"2025-01-31T11:01:29+00:00","description":"Crie um Popup no Magento sem codifica\u00e7\u00e3o!","breadcrumb":{"@id":"https:\/\/elfsight.com\/pt\/popup-widget\/magento\/#breadcrumb"},"inLanguage":"pt-PT","potentialAction":[{"@type":"ReadAction","target":["https:\/\/elfsight.com\/pt\/popup-widget\/magento\/"]}]},{"@type":"BreadcrumbList","@id":"https:\/\/elfsight.com\/pt\/popup-widget\/magento\/#breadcrumb","itemListElement":[{"@type":"ListItem","position":1,"name":"Home","item":"https:\/\/elfsight.com\/pt\/"},{"@type":"ListItem","position":2,"name":"Popup","item":"https:\/\/elfsight.com\/pt\/popup-widget\/"},{"@type":"ListItem","position":3,"name":"Popup &#8211; Magento"}]},{"@type":"WebSite","@id":"https:\/\/elfsight.com\/pt\/#website","url":"https:\/\/elfsight.com\/pt\/","name":"Elfsight PT","description":"Just another Elfsight Sites site","potentialAction":[{"@type":"SearchAction","target":{"@type":"EntryPoint","urlTemplate":"https:\/\/elfsight.com\/pt\/?s={search_term_string}"},"query-input":{"@type":"PropertyValueSpecification","valueRequired":true,"valueName":"search_term_string"}}],"inLanguage":"pt-PT"}]}},"meta_box":{"industry":"","seo_heading":"","heading":"","description":"","cta_heading":"","cta_description":"","application":"541","h1":"Extens\u00e3o pop-up Magento","h1_caption":"Crie uma variedade de pop-ups para anunciar descontos e aumentar as vendas","application_category":[],"applications_title":"","applications_request_title":"","applications_request_button_text":"","hero_text":"","hero_video":"","hero_video_schema_markup":"","selling_points_title":"","selling_points_caption":"","selling_points":[],"selling_points_cta_text":"","features_title":"","features":"","ed_cta_examples_text":"","ed_cta_examples_hidden":"","ed_cta_demo_text":"","ed_cta_demo_hidden":"","why_caption":"","why_editor_title":"","why_editor_text":"","why_team_title":"","why_team_text":"","why_service_title":"","why_service_text":"","template_catalog_visible":"0","template_catalog_title":"","template_catalog_text":"","template_catalog_categories_visible":"","demo_title":"Crie sua extens\u00e3o pop-up","demo_caption":"Configure seu Popup e adicione-o ao seu site Magento gratuitamente!","default_faq_hidden":"","app_template_category":[],"platform":"58","template_public_id":"","codecanyon_url":"","codecanyon_item_id":"","codecanyon_price":"","pricing_caption":"","pricing_elfsight_apps_hide_column":"","pricing_elfsight_apps_url":"","pricing_codecanyon_price_caption":"","integration_category":[],"integration_request_title":"","integration_request_cta":"","integration_platform":"","integrations":[],"platform_category":[],"video_schema_markup":"","price":"a partir de US$ 0\/m\u00eas","trial":"","benefits":[{"text":"Ajuda de instala\u00e7\u00e3o gratuita"},{"text":"Suporte ao cliente experiente"},{"text":"Garantia de reembolso de 14 dias"},{"text":"Melhorias gratuitas cont\u00ednuas"}],"button_url":"#demo","button_target_blank":"0","button_nofollow":"0","attributes":[{"name":"Instala\u00e7\u00f5es","content":"100,000 - 500,000","_state":"expanded"},{"name":"Responsivo","content":"Sim","_state":"expanded"},{"name":"Navegadores compat\u00edveis","content":"Firefox, Safari, Opera, Chrome, Edge"}],"tags":[],"tags_disable_links":"0","hide_more_platforms":"","video_object":"","demo_hide_cta":"0","demo_hide_cloud_options":"0","pricing_title":"","pricing":[{"pricing_icon":"platform","pricing_title":"Elfsight Apps","pricing_title_caption":"Solu\u00e7\u00e3o digital multiplataforma que se adapta a qualquer site","pricing_price":"a partir de US$ 0\/m\u00eas","pricing_price_caption":"comece com um plano gratuito","pricing_benefits":[{"text":"Sites ilimitados"},{"text":"Suporte profissional e pontual e bem documentado"},{"text":"Suporte profissional e pontual e bem documentado"},{"text":"Totalmente personaliz\u00e1vel"}],"pricing_button_text":"Adicionar ao site","pricing_button_url":"#demo","_state":"expanded"}],"related_apps_title":"","related_apps_hidden":"1","author":"","image":[],"title":"","job":"","social_networks":[]},"_links":{"self":[{"href":"https:\/\/elfsight.com\/pt\/wp-json\/wp\/v2\/pages\/4480","targetHints":{"allow":["GET"]}}],"collection":[{"href":"https:\/\/elfsight.com\/pt\/wp-json\/wp\/v2\/pages"}],"about":[{"href":"https:\/\/elfsight.com\/pt\/wp-json\/wp\/v2\/types\/page"}],"author":[{"embeddable":true,"href":"https:\/\/elfsight.com\/pt\/wp-json\/wp\/v2\/users\/9"}],"replies":[{"embeddable":true,"href":"https:\/\/elfsight.com\/pt\/wp-json\/wp\/v2\/comments?post=4480"}],"version-history":[{"count":4,"href":"https:\/\/elfsight.com\/pt\/wp-json\/wp\/v2\/pages\/4480\/revisions"}],"predecessor-version":[{"id":13711,"href":"https:\/\/elfsight.com\/pt\/wp-json\/wp\/v2\/pages\/4480\/revisions\/13711"}],"up":[{"embeddable":true,"href":"https:\/\/elfsight.com\/pt\/wp-json\/wp\/v2\/pages\/542"}],"wp:attachment":[{"href":"https:\/\/elfsight.com\/pt\/wp-json\/wp\/v2\/media?parent=4480"}],"curies":[{"name":"wp","href":"https:\/\/api.w.org\/{rel}","templated":true}]}}