{"id":4478,"date":"1970-01-01T00:00:00","date_gmt":"1970-01-01T00:00:00","guid":{"rendered":"https:\/\/elfsight.com\/pt\/?page_id=4478"},"modified":"2024-11-13T12:15:03","modified_gmt":"2024-11-13T12:15:03","slug":"magento","status":"publish","type":"page","link":"https:\/\/elfsight.com\/pt\/pricing-table-plugin\/magento\/","title":{"rendered":"Pricing Table &#8211; Magento"},"content":{"rendered":"<div class=\"application-platform-content-item-description application-platform-content-item\" id=\"description\" data-nav-section=\"description\"><h2>Descri\u00e7\u00e3o<\/h2><p>O pre\u00e7o desempenha um dos principais pap\u00e9is na motiva\u00e7\u00e3o dos clientes para a compra. A extens\u00e3o da nossa equipe n\u00e3o s\u00f3 permite que os usu\u00e1rios da p\u00e1gina conhe\u00e7am as op\u00e7\u00f5es de pre\u00e7os dispon\u00edveis de forma f\u00e1cil e r\u00e1pida. Tamb\u00e9m contribui para aumentar a convers\u00e3o devido aos mais recentes truques de design e configura\u00e7\u00e3o.<\/p><p><b>Aumente as vendas do seu site, usando um pre\u00e7o poderoso.<\/b><\/p><ul><li><b>D\u00ea aos seus clientes tudo para fazer uma compra<\/b>.<br>Adicione as informa\u00e7\u00f5es que seus futuros clientes procuram em um formato claro e dispon\u00edvel e ajude-os a fazer a escolha que desejam. <\/li><li><b>Configurando a extens\u00e3o em apenas 50 segundos<\/b>.<br>Gaste alguns minutos para definir a melhor extens\u00e3o. Escolha todas as configura\u00e7\u00f5es desejadas de design e informa\u00e7\u00f5es detalhadas para exibi-las com apenas alguns cliques.<\/li><li><b>Demonstre mais informa\u00e7\u00f5es sobre suas ofertas<\/b>.<br>Forne\u00e7a o m\u00e1ximo de informa\u00e7\u00f5es sobre todos os seus pre\u00e7os. condi\u00e7\u00f5es e coloque-as em sua extens\u00e3o, para que os leitores possam estudar e verificar os planos dispon\u00edveis.<\/li><\/ul><\/div><div class=\"application-platform-content-item-features application-platform-content-item\" id=\"features\" data-nav-section=\"features\"><h2>Recursos<\/h2><p> Os pontos que transformam nossa extens\u00e3o na melhor tabela de pre\u00e7os para sites Magento.<\/p><ul><li>6 elementos de coluna predefinidos que podem ser organizados e personalizados para obter a apar\u00eancia perfeita;<\/li><li>Recursos ajust\u00e1veis lista, completa com \u00edcones de recursos, dicas e n\u00famero ilimitado de recursos;<\/li><li>3 estilos de recursos predefinidos;<\/li><li>Vincular o bot\u00e3o \u00e0 p\u00e1gina necess\u00e1ria;<\/li><li>Otimizado para dispositivos m\u00f3veis layout.<\/li><\/ul><p><a href=\"#demo\">Voc\u00ea pode descobrir todos os benef\u00edcios usando o configurador ao vivo<\/a><\/p><\/div><div class=\"application-platform-content-item-installation application-platform-content-item\" id=\"installation\" data-nav-section=\"installation\"><h2>Como criar uma tabela de pre\u00e7os para o site Magento<\/h2><p>Basta seguir v\u00e1rios passos descritos abaixo para incorporar a ferramenta no Magento.<\/p> <ol><li><b>Gerencie nosso configurador gratuito e comece a construir seu widget personalizado. <\/b><br> Especifique o layout e os recursos preferidos da extens\u00e3o e aplique as modifica\u00e7\u00f5es. <\/li> <li><b>Receba o seu c\u00f3digo exclusivo revelado no formul\u00e1rio especial nas aplica\u00e7\u00f5es Elfsight. <\/b><br> Quando a personaliza\u00e7\u00e3o da sua extens\u00e3o pessoal da Tabela de Pre\u00e7os estiver conclu\u00edda, copie o c\u00f3digo individual na janela exibida e salve-o para uso futuro. <\/li> <li><b>Entre usando a ferramenta no site Magento. <\/b><br> Insira o c\u00f3digo que voc\u00ea salvou antes em sua p\u00e1gina inicial e salve as melhorias. <\/li> <li><b>Pronto! A incorpora\u00e7\u00e3o \u00e9 totalmente executada. <\/b><br> Visite sua p\u00e1gina da web para inspecionar o funcionamento da ferramenta. <\/li><\/ol><p>Est\u00e1 tendo problemas ao configurar sua extens\u00e3o? Confira nosso guia completo \u00ab<a href=\"https:\/\/elfsight.com\/tutorials\/how-to-add-pricing-table-to-magento\/\" target=\"_blank\" rel=\"noopener noreferrer\">Como inserir tabela de pre\u00e7os em um Magento<\/a>\u00bb ou entre em contato com nosso atendimento ao cliente, que resolver\u00e1 qualquer problema rapidamente.<\/p><\/div><div class=\"faq\" data-component=\"FAQ\"><div class=\"faq-item\">\r\n\t\t\t\t\t<div class=\"faq-item-question\">\r\n\t\t\t\t\t\t<h3 class=\"faq-item-question-text\">Como posso adicionar uma tabela de pre\u00e7os ao meu site Magento? <\/h3>\r\n\r\n\t\t\t\t\t\t<div class=\"faq-item-question-icon\"><\/div>\r\n\t\t\t\t\t<\/div>\r\n\r\n\t\t\t\t\t<div class=\"faq-item-answer\">\r\n\t\t\t\t\t\t<div class=\"faq-item-answer-text\"><p>A constru\u00e7\u00e3o do widget \u00e9 realizada nas p\u00e1ginas da Elfsight e n\u00e3o h\u00e1 necessidade de aprender codifica\u00e7\u00e3o. Abra a demonstra\u00e7\u00e3o ativa para personalizar seu pr\u00f3prio aplicativo, obter o c\u00f3digo e implement\u00e1-lo em seu site. <\/p><\/div>\r\n\t\t\t\t\t<\/div>\r\n\t\t\t\t<\/div><div class=\"faq-item\">\r\n\t\t\t\t\t<div class=\"faq-item-question\">\r\n\t\t\t\t\t\t<h3 class=\"faq-item-question-text\">As melhores maneiras de usar a integra\u00e7\u00e3o de pre\u00e7os<\/h3>\r\n\r\n\t\t\t\t\t\t<div class=\"faq-item-question-icon\"><\/div>\r\n\t\t\t\t\t<\/div>\r\n\r\n\t\t\t\t\t<div class=\"faq-item-answer\">\r\n\t\t\t\t\t\t<div class=\"faq-item-answer-text\"><p>Forneceremos muitas possibilidades de personaliza\u00e7\u00e3o: widgets completos para incorporar na zona de conte\u00fado , widgets flutuantes com recurso de rolagem, miniaturas para rodap\u00e9 do seu site, cabe\u00e7alho e todo tipo de possibilidades verticais para barras laterais e menus. <\/p><\/div>\r\n\t\t\t\t\t<\/div>\r\n\t\t\t\t<\/div><div class=\"faq-item\">\r\n\t\t\t\t\t<div class=\"faq-item-question\">\r\n\t\t\t\t\t\t<h3 class=\"faq-item-question-text\">Como fa\u00e7o para criar uma tabela de planos de servi\u00e7o ou pre\u00e7os de compara\u00e7\u00e3o com a ajuda do editor? <\/h3>\r\n\r\n\t\t\t\t\t\t<div class=\"faq-item-question-icon\"><\/div>\r\n\t\t\t\t\t<\/div>\r\n\r\n\t\t\t\t\t<div class=\"faq-item-answer\">\r\n\t\t\t\t\t\t<div class=\"faq-item-answer-text\"><p>Voc\u00ea pode criar varia\u00e7\u00f5es de qualquer widget. H\u00e1 uma grande variedade de layouts dispon\u00edveis no editor, e todos eles podem ser rapidamente personalizados do jeito que voc\u00ea deseja. <\/p><\/div>\r\n\t\t\t\t\t<\/div>\r\n\t\t\t\t<\/div><\/div>","protected":false},"excerpt":{"rendered":"","protected":false},"author":9,"featured_media":0,"parent":793,"menu_order":0,"comment_status":"closed","ping_status":"closed","template":"templates\/template-application-platform.php","meta":{"publish_to_discourse":"","publish_post_category":"","wpdc_auto_publish_overridden":"","wpdc_topic_tags":"","wpdc_pin_topic":"","wpdc_pin_until":"","discourse_post_id":"","discourse_permalink":"","wpdc_publishing_response":"","wpdc_publishing_error":"","footnotes":""},"class_list":["post-4478","page","type-page","status-publish","hentry"],"yoast_head":"<!-- This site is optimized with the Yoast SEO plugin v25.3.1 - https:\/\/yoast.com\/wordpress\/plugins\/seo\/ -->\n<title>Tabela de pre\u00e7os - Adicionar extens\u00e3o de pre\u00e7os ao site Magento<\/title>\n<meta name=\"description\" content=\"Adquira o plugin Pricing Table para Magento em apenas 3 minutos. Verifique todos os recursos importantes do plugin de melhor pre\u00e7o no editor gratuito.\" \/>\n<meta name=\"robots\" content=\"index, follow, max-snippet:-1, max-image-preview:large, max-video-preview:-1\" \/>\n<link rel=\"canonical\" href=\"https:\/\/elfsight.com\/pt\/pricing-table-plugin\/magento\/\" \/>\n<meta property=\"og:locale\" content=\"pt_PT\" \/>\n<meta property=\"og:type\" content=\"article\" \/>\n<meta property=\"og:title\" content=\"Tabela de pre\u00e7os - Adicionar extens\u00e3o de pre\u00e7os ao site Magento\" \/>\n<meta property=\"og:description\" content=\"Adquira o plugin Pricing Table para Magento em apenas 3 minutos. Verifique todos os recursos importantes do plugin de melhor pre\u00e7o no editor gratuito.\" \/>\n<meta property=\"og:url\" content=\"https:\/\/elfsight.com\/pt\/pricing-table-plugin\/magento\/\" \/>\n<meta property=\"og:site_name\" content=\"Elfsight PT\" \/>\n<meta property=\"article:modified_time\" content=\"2024-11-13T12:15:03+00:00\" \/>\n<meta name=\"twitter:card\" content=\"summary_large_image\" \/>\n<meta name=\"twitter:label1\" content=\"Tempo estimado de leitura\" \/>\n\t<meta name=\"twitter:data1\" content=\"2 minutos\" \/>\n<!-- \/ Yoast SEO plugin. -->","yoast_head_json":{"title":"Tabela de pre\u00e7os - Adicionar extens\u00e3o de pre\u00e7os ao site Magento","description":"Adquira o plugin Pricing Table para Magento em apenas 3 minutos. Verifique todos os recursos importantes do plugin de melhor pre\u00e7o no editor gratuito.","robots":{"index":"index","follow":"follow","max-snippet":"max-snippet:-1","max-image-preview":"max-image-preview:large","max-video-preview":"max-video-preview:-1"},"canonical":"https:\/\/elfsight.com\/pt\/pricing-table-plugin\/magento\/","og_locale":"pt_PT","og_type":"article","og_title":"Tabela de pre\u00e7os - Adicionar extens\u00e3o de pre\u00e7os ao site Magento","og_description":"Adquira o plugin Pricing Table para Magento em apenas 3 minutos. Verifique todos os recursos importantes do plugin de melhor pre\u00e7o no editor gratuito.","og_url":"https:\/\/elfsight.com\/pt\/pricing-table-plugin\/magento\/","og_site_name":"Elfsight PT","article_modified_time":"2024-11-13T12:15:03+00:00","twitter_card":"summary_large_image","twitter_misc":{"Tempo estimado de leitura":"2 minutos"},"schema":{"@context":"https:\/\/schema.org","@graph":[{"@type":"WebPage","@id":"https:\/\/elfsight.com\/pt\/pricing-table-plugin\/magento\/","url":"https:\/\/elfsight.com\/pt\/pricing-table-plugin\/magento\/","name":"Tabela de pre\u00e7os - Adicionar extens\u00e3o de pre\u00e7os ao site Magento","isPartOf":{"@id":"https:\/\/elfsight.com\/pt\/#website"},"datePublished":"1970-01-01T00:00:00+00:00","dateModified":"2024-11-13T12:15:03+00:00","description":"Adquira o plugin Pricing Table para Magento em apenas 3 minutos. Verifique todos os recursos importantes do plugin de melhor pre\u00e7o no editor gratuito.","breadcrumb":{"@id":"https:\/\/elfsight.com\/pt\/pricing-table-plugin\/magento\/#breadcrumb"},"inLanguage":"pt-PT","potentialAction":[{"@type":"ReadAction","target":["https:\/\/elfsight.com\/pt\/pricing-table-plugin\/magento\/"]}]},{"@type":"BreadcrumbList","@id":"https:\/\/elfsight.com\/pt\/pricing-table-plugin\/magento\/#breadcrumb","itemListElement":[{"@type":"ListItem","position":1,"name":"Home","item":"https:\/\/elfsight.com\/pt\/"},{"@type":"ListItem","position":2,"name":"Pricing Table","item":"https:\/\/elfsight.com\/pt\/pricing-table-plugin\/"},{"@type":"ListItem","position":3,"name":"Pricing Table &#8211; Magento"}]},{"@type":"WebSite","@id":"https:\/\/elfsight.com\/pt\/#website","url":"https:\/\/elfsight.com\/pt\/","name":"Elfsight PT","description":"Just another Elfsight Sites site","potentialAction":[{"@type":"SearchAction","target":{"@type":"EntryPoint","urlTemplate":"https:\/\/elfsight.com\/pt\/?s={search_term_string}"},"query-input":{"@type":"PropertyValueSpecification","valueRequired":true,"valueName":"search_term_string"}}],"inLanguage":"pt-PT"}]}},"meta_box":{"industry":"","seo_heading":"","heading":"","description":"","cta_heading":"","cta_description":"","application":"792","h1":"Extens\u00e3o da tabela de pre\u00e7os para Magento","h1_caption":"Ajude os visitantes do seu site a decidir comprar em seu site","application_category":[],"applications_title":"","applications_request_title":"","applications_request_button_text":"","hero_text":"","hero_video":"","hero_video_schema_markup":"","selling_points_title":"","selling_points_caption":"","selling_points":[],"selling_points_cta_text":"","features_title":"","features":"","ed_cta_examples_text":"","ed_cta_examples_hidden":"","ed_cta_demo_text":"","ed_cta_demo_hidden":"","why_caption":"","why_editor_title":"","why_editor_text":"","why_team_title":"","why_team_text":"","why_service_title":"","why_service_text":"","template_catalog_visible":"","template_catalog_title":"","template_catalog_text":"","template_catalog_categories_visible":"","demo_title":"Crie sua extens\u00e3o de tabela de pre\u00e7os","demo_caption":"Configure sua Tabela de Pre\u00e7os e adicione-a ao seu site Magento gratuitamente!","default_faq_hidden":"","app_template_category":[],"platform":"58","template_public_id":"","codecanyon_url":"","codecanyon_item_id":"","codecanyon_price":"","pricing_caption":"","pricing_elfsight_apps_hide_column":"","pricing_elfsight_apps_url":"","pricing_codecanyon_price_caption":"","integration_category":[],"integration_request_title":"","integration_request_cta":"","integration_platform":"","integrations":[],"platform_category":[],"video_schema_markup":"","price":"a partir de US$ 0\/m\u00eas","trial":"","benefits":[{"text":"Servi\u00e7o de instala\u00e7\u00e3o gratuito"},{"text":"Atendimento ao cliente profissional"},{"text":"Garantia de reembolso de 14 dias"},{"text":"Melhorias gratuitas vital\u00edcias"}],"button_url":"#demo","button_target_blank":"0","button_nofollow":"0","attributes":[{"name":"Instala\u00e7\u00f5es","content":"10,000 - 100,000","_state":"expanded"},{"name":"Responsivo","content":"Sim","_state":"expanded"},{"name":"Navegadores compat\u00edveis","content":"Firefox, Safari, Opera, Chrome, Edge"}],"tags":[],"tags_disable_links":"0","hide_more_platforms":"","video_object":"","demo_hide_cta":"0","demo_hide_cloud_options":"0","pricing_title":"","pricing":[{"pricing_icon":"platform","pricing_title":"Elfsight Apps","pricing_title_caption":"Software multiplataforma que funciona em qualquer site","pricing_price":"a partir de US$ 0\/m\u00eas","pricing_price_caption":"comece com um plano gratuito","pricing_benefits":[{"text":"Sites ilimitados"},{"text":"Suporte premium da empresa e bem documentado"},{"text":"Suporte premium da empresa e bem documentado"},{"text":"Totalmente personaliz\u00e1vel"}],"pricing_button_text":"Adicionar ao site","pricing_button_url":"#demo","_state":"expanded"}],"related_apps_title":"","related_apps_hidden":"1","author":"","image":[],"title":"","job":"","social_networks":[]},"_links":{"self":[{"href":"https:\/\/elfsight.com\/pt\/wp-json\/wp\/v2\/pages\/4478","targetHints":{"allow":["GET"]}}],"collection":[{"href":"https:\/\/elfsight.com\/pt\/wp-json\/wp\/v2\/pages"}],"about":[{"href":"https:\/\/elfsight.com\/pt\/wp-json\/wp\/v2\/types\/page"}],"author":[{"embeddable":true,"href":"https:\/\/elfsight.com\/pt\/wp-json\/wp\/v2\/users\/9"}],"replies":[{"embeddable":true,"href":"https:\/\/elfsight.com\/pt\/wp-json\/wp\/v2\/comments?post=4478"}],"version-history":[{"count":2,"href":"https:\/\/elfsight.com\/pt\/wp-json\/wp\/v2\/pages\/4478\/revisions"}],"predecessor-version":[{"id":12129,"href":"https:\/\/elfsight.com\/pt\/wp-json\/wp\/v2\/pages\/4478\/revisions\/12129"}],"up":[{"embeddable":true,"href":"https:\/\/elfsight.com\/pt\/wp-json\/wp\/v2\/pages\/793"}],"wp:attachment":[{"href":"https:\/\/elfsight.com\/pt\/wp-json\/wp\/v2\/media?parent=4478"}],"curies":[{"name":"wp","href":"https:\/\/api.w.org\/{rel}","templated":true}]}}