{"id":4465,"date":"1970-01-01T00:00:00","date_gmt":"1970-01-01T00:00:00","guid":{"rendered":"https:\/\/elfsight.com\/pt\/?page_id=4465"},"modified":"2024-11-13T11:42:05","modified_gmt":"2024-11-13T11:42:05","slug":"jquery","status":"publish","type":"page","link":"https:\/\/elfsight.com\/pt\/photo-gallery-widget\/jquery\/","title":{"rendered":"Photo Gallery &#8211; jQuery"},"content":{"rendered":"<div class=\"application-platform-content-item-description application-platform-content-item\" id=\"description\" data-nav-section=\"description\"><h2>Descri\u00e7\u00e3o<\/h2> <p>A Galeria Elfsight \u00e9 a maneira mais r\u00e1pida de organizar fotos ou criar \u00e1lbuns espl\u00eandidos no seu site. Adicione qualquer quantidade de fotos, escreva legendas e encontre a maneira ideal de coloc\u00e1-las na p\u00e1gina. Nosso plugin responsivo oferece 6 tipos de layout e diversas outras op\u00e7\u00f5es de design. Cada imagem aparece em pop-up, as pessoas podem deslizar por elas ou assistir a uma apresenta\u00e7\u00e3o de slides, ampliar e ver as imagens em tela cheia. Voc\u00ea tem a op\u00e7\u00e3o de colorir a interface do widget e adicionar um plano de fundo exclusivo, alterar as configura\u00e7\u00f5es de texto e mais recursos de estilo. <\/p> <p><b>Gere galerias de fotos imperd\u00edveis!<\/b><\/p> <p><b>Acentue o que realmente importa<\/b><br>Aplique a Galeria de Imagens responsiva plugin para apresentar suas ofertas mais interessantes ou para exibir as fotos de seus produtos.<\/p><p><b>Apresente seus trabalhos ou produtos excepcionais<\/b><br>Suas fotos e imagens vis\u00edveis atrair\u00e3o mais visualiza\u00e7\u00f5es e atrair\u00e3o pessoas para per\u00edodo de tempo mais longo, aumentando o engajamento no site.<\/b><p><b>Alcance mais vendas no 1-2-3<\/b><br>Ao exibir seu conhecimento por meio do widget Foto, voc\u00ea ter\u00e1 seus visitantes ficam sem poder de recusar uma compra que aumente suas vendas.<\/b><\/div> <div class=\"application-platform-content-item-features application-platform-content-item\" id=\"features\" data-nav-section=\"features\"><h2>Recursos<\/h2> <p>Veja todas as funcionalidades caracter\u00edsticas da Galeria de Fotos para jQuery. Voc\u00ea pode configur\u00e1-los diretamente no editor e eles o ajudar\u00e3o a construir o plugin adequado ao seu caso de uso. <\/p> <ul> <li>Use CTAs para orientar os visitantes do site em dire\u00e7\u00e3o \u00e0 convers\u00e3o. <\/li> <li>Ajuste a dura\u00e7\u00e3o da mudan\u00e7a de slide. <\/li> <li>Escolha entre v\u00e1rios recursos de pagina\u00e7\u00e3o. <\/li> <li>Coloque seu texto em qualquer lugar da p\u00e1gina com a ajuda da posi\u00e7\u00e3o avan\u00e7ada. <\/li> <li>Ajuste 5 fun\u00e7\u00f5es de conte\u00fado. <\/li> <\/ul> <p><a href=\"#demo\">Teste todas as outras fun\u00e7\u00f5es na demonstra\u00e7\u00e3o<\/a><\/p> <\/div> <div class=\"faq\" data-component=\"FAQ\"><div class=\"faq-item\">\r\n\t\t\t\t\t<div class=\"faq-item-question\">\r\n\t\t\t\t\t\t<h3 class=\"faq-item-question-text\">Como posso incorporar uma Galeria de Fotos no meu site jQuery? <\/h3>\r\n\r\n\t\t\t\t\t\t<div class=\"faq-item-question-icon\"><\/div>\r\n\t\t\t\t\t<\/div>\r\n\r\n\t\t\t\t\t<div class=\"faq-item-answer\">\r\n\t\t\t\t\t\t<div class=\"faq-item-answer-text\"><p>A cria\u00e7\u00e3o da ferramenta acontece dentro do site da Elfsight e n\u00e3o h\u00e1 necessidade de aprender a programar. Use nossa demonstra\u00e7\u00e3o ao vivo para personalizar sua ferramenta pessoal, obter o c\u00f3digo e inseri-lo em seu site. <\/p><\/div>\r\n\t\t\t\t\t<\/div>\r\n\t\t\t\t<\/div><div class=\"faq-item\">\r\n\t\t\t\t\t<div class=\"faq-item-question\">\r\n\t\t\t\t\t\t<h3 class=\"faq-item-question-text\">Os melhores exemplos de uso da integra\u00e7\u00e3o de widgets da Galeria<\/h3>\r\n\r\n\t\t\t\t\t\t<div class=\"faq-item-question-icon\"><\/div>\r\n\t\t\t\t\t<\/div>\r\n\r\n\t\t\t\t\t<div class=\"faq-item-answer\">\r\n\t\t\t\t\t\t<div class=\"faq-item-answer-text\"><p>Oferecemos muitas op\u00e7\u00f5es de personaliza\u00e7\u00e3o: widgets completos para incorporar na \u00e1rea de conte\u00fado, flutuantes plug-ins para recurso de rolagem, miniaturas para o rodap\u00e9 do seu site, se\u00e7\u00e3o principal e todas as varia\u00e7\u00f5es de op\u00e7\u00f5es verticais para barras laterais e menus do site. <\/p><\/div>\r\n\t\t\t\t\t<\/div>\r\n\t\t\t\t<\/div><div class=\"faq-item\">\r\n\t\t\t\t\t<div class=\"faq-item-question\">\r\n\t\t\t\t\t\t<h3 class=\"faq-item-question-text\">Como fa\u00e7o para construir uma galeria de produtos responsiva ou um controle deslizante de fotos com a ajuda do seu editor? <\/h3>\r\n\r\n\t\t\t\t\t\t<div class=\"faq-item-question-icon\"><\/div>\r\n\t\t\t\t\t<\/div>\r\n\r\n\t\t\t\t\t<div class=\"faq-item-answer\">\r\n\t\t\t\t\t\t<div class=\"faq-item-answer-text\"><p>Voc\u00ea pode criar altera\u00e7\u00f5es em qualquer widget. Existem v\u00e1rios layouts \u00e0 sua disposi\u00e7\u00e3o no editor, e todos eles podem ser facilmente ajustados da maneira que voc\u00ea precisa. <\/p><\/div>\r\n\t\t\t\t\t<\/div>\r\n\t\t\t\t<\/div><\/div><div class=\"application-platform-content-item-installation application-platform-content-item\" id=\"installation\" data-nav-section=\"installation\"><h2>Como adicionar o plugin da Galeria de Fotos ao site jQuery?<\/h2> <p>Para introduzir o widget, basta seguir v\u00e1rios passos r\u00e1pidos. <\/p> <ol><li><b>Gere seu plugin de Galeria pessoal<\/b><br> Com a ajuda de nosso editor gratuito, configure um widget com um layout preferido e caracter\u00edsticas funcionais.<\/li> <li><b>Obtenha o c\u00f3digo individual para incorporar o plugin<\/b><br> Depois de configurar seu widget, voc\u00ea receber\u00e1 o c\u00f3digo de instala\u00e7\u00e3o na janela pop-up nos aplicativos Elfsight. Copie-o.<\/li> <li><b>Integre o plugin em seu site jQuery<\/b><br> Escolha a \u00e1rea onde voc\u00ea precisa revelar o widget e cole o c\u00f3digo copiado l\u00e1. Publique as altera\u00e7\u00f5es.<\/li> <li><b>Voc\u00ea concluiu a instala\u00e7\u00e3o com sucesso!<\/b><br> Visite sua loja para visualizar seu plugin. <\/li> <\/ol> <p>N\u00e3o hesite em entrar em contato com nosso servi\u00e7o de suporte se precisar de ajuda ou tiver algo a perguntar. Teremos o maior prazer em ajudar com todas as solicita\u00e7\u00f5es. <\/p> <\/div>","protected":false},"excerpt":{"rendered":"","protected":false},"author":9,"featured_media":0,"parent":965,"menu_order":0,"comment_status":"closed","ping_status":"closed","template":"templates\/template-application-platform.php","meta":{"publish_to_discourse":"","publish_post_category":"","wpdc_auto_publish_overridden":"","wpdc_topic_tags":"","wpdc_pin_topic":"","wpdc_pin_until":"","discourse_post_id":"","discourse_permalink":"","wpdc_publishing_response":"","wpdc_publishing_error":"","footnotes":""},"class_list":["post-4465","page","type-page","status-publish","hentry"],"yoast_head":"<!-- This site is optimized with the Yoast SEO plugin v25.3.1 - https:\/\/yoast.com\/wordpress\/plugins\/seo\/ -->\n<title>Galeria de fotos \u2013 Adicionar widget Galeria de fotos ao jQuery [2025]<\/title>\n<meta name=\"description\" content=\"Experimente gratuitamente o melhor plugin de galeria de fotos responsivo para jQuery. Um widget de galeria simples e r\u00e1pido que se integra sem habilidades de desenvolvimento.\" \/>\n<meta name=\"robots\" content=\"index, follow, max-snippet:-1, max-image-preview:large, max-video-preview:-1\" \/>\n<link rel=\"canonical\" href=\"https:\/\/elfsight.com\/pt\/photo-gallery-widget\/jquery\/\" \/>\n<meta property=\"og:locale\" content=\"pt_PT\" \/>\n<meta property=\"og:type\" content=\"article\" \/>\n<meta property=\"og:title\" content=\"Galeria de fotos \u2013 Adicionar widget Galeria de fotos ao jQuery [2025]\" \/>\n<meta property=\"og:description\" content=\"Experimente gratuitamente o melhor plugin de galeria de fotos responsivo para jQuery. Um widget de galeria simples e r\u00e1pido que se integra sem habilidades de desenvolvimento.\" \/>\n<meta property=\"og:url\" content=\"https:\/\/elfsight.com\/pt\/photo-gallery-widget\/jquery\/\" \/>\n<meta property=\"og:site_name\" content=\"Elfsight PT\" \/>\n<meta property=\"article:modified_time\" content=\"2024-11-13T11:42:05+00:00\" \/>\n<meta name=\"twitter:card\" content=\"summary_large_image\" \/>\n<meta name=\"twitter:label1\" content=\"Tempo estimado de leitura\" \/>\n\t<meta name=\"twitter:data1\" content=\"2 minutos\" \/>\n<!-- \/ Yoast SEO plugin. -->","yoast_head_json":{"title":"Galeria de fotos \u2013 Adicionar widget Galeria de fotos ao jQuery [2025]","description":"Experimente gratuitamente o melhor plugin de galeria de fotos responsivo para jQuery. Um widget de galeria simples e r\u00e1pido que se integra sem habilidades de desenvolvimento.","robots":{"index":"index","follow":"follow","max-snippet":"max-snippet:-1","max-image-preview":"max-image-preview:large","max-video-preview":"max-video-preview:-1"},"canonical":"https:\/\/elfsight.com\/pt\/photo-gallery-widget\/jquery\/","og_locale":"pt_PT","og_type":"article","og_title":"Galeria de fotos \u2013 Adicionar widget Galeria de fotos ao jQuery [2025]","og_description":"Experimente gratuitamente o melhor plugin de galeria de fotos responsivo para jQuery. Um widget de galeria simples e r\u00e1pido que se integra sem habilidades de desenvolvimento.","og_url":"https:\/\/elfsight.com\/pt\/photo-gallery-widget\/jquery\/","og_site_name":"Elfsight PT","article_modified_time":"2024-11-13T11:42:05+00:00","twitter_card":"summary_large_image","twitter_misc":{"Tempo estimado de leitura":"2 minutos"},"schema":{"@context":"https:\/\/schema.org","@graph":[{"@type":"WebPage","@id":"https:\/\/elfsight.com\/pt\/photo-gallery-widget\/jquery\/","url":"https:\/\/elfsight.com\/pt\/photo-gallery-widget\/jquery\/","name":"Galeria de fotos \u2013 Adicionar widget Galeria de fotos ao jQuery [2025]","isPartOf":{"@id":"https:\/\/elfsight.com\/pt\/#website"},"datePublished":"1970-01-01T00:00:00+00:00","dateModified":"2024-11-13T11:42:05+00:00","description":"Experimente gratuitamente o melhor plugin de galeria de fotos responsivo para jQuery. Um widget de galeria simples e r\u00e1pido que se integra sem habilidades de desenvolvimento.","breadcrumb":{"@id":"https:\/\/elfsight.com\/pt\/photo-gallery-widget\/jquery\/#breadcrumb"},"inLanguage":"pt-PT","potentialAction":[{"@type":"ReadAction","target":["https:\/\/elfsight.com\/pt\/photo-gallery-widget\/jquery\/"]}]},{"@type":"BreadcrumbList","@id":"https:\/\/elfsight.com\/pt\/photo-gallery-widget\/jquery\/#breadcrumb","itemListElement":[{"@type":"ListItem","position":1,"name":"Home","item":"https:\/\/elfsight.com\/pt\/"},{"@type":"ListItem","position":2,"name":"Photo Gallery","item":"https:\/\/elfsight.com\/pt\/photo-gallery-widget\/"},{"@type":"ListItem","position":3,"name":"Photo Gallery &#8211; jQuery"}]},{"@type":"WebSite","@id":"https:\/\/elfsight.com\/pt\/#website","url":"https:\/\/elfsight.com\/pt\/","name":"Elfsight PT","description":"Just another Elfsight Sites site","potentialAction":[{"@type":"SearchAction","target":{"@type":"EntryPoint","urlTemplate":"https:\/\/elfsight.com\/pt\/?s={search_term_string}"},"query-input":{"@type":"PropertyValueSpecification","valueRequired":true,"valueName":"search_term_string"}}],"inLanguage":"pt-PT"}]}},"meta_box":{"industry":"","seo_heading":"","heading":"","description":"","cta_heading":"","cta_description":"","application":"964","h1":"Widget da Galeria de Fotos jQuery","h1_caption":"Revele suas fotos maravilhosas no site","application_category":[],"applications_title":"","applications_request_title":"","applications_request_button_text":"","hero_text":"","hero_video":"","hero_video_schema_markup":"","selling_points_title":"","selling_points_caption":"","selling_points":[],"selling_points_cta_text":"","features_title":"","features":"","ed_cta_examples_text":"","ed_cta_examples_hidden":"","ed_cta_demo_text":"","ed_cta_demo_hidden":"","why_caption":"","why_editor_title":"","why_editor_text":"","why_team_title":"","why_team_text":"","why_service_title":"","why_service_text":"","template_catalog_visible":"","template_catalog_title":"","template_catalog_text":"","template_catalog_categories_visible":"","demo_title":"Crie seu plugin da Galeria de Fotos","demo_caption":"Configure sua Galeria de Fotos e adicione-a ao seu site jQuery gratuitamente!","default_faq_hidden":"","app_template_category":[],"platform":"55","template_public_id":"","codecanyon_url":"","codecanyon_item_id":"","codecanyon_price":"","pricing_caption":"","pricing_elfsight_apps_hide_column":"","pricing_elfsight_apps_url":"","pricing_codecanyon_price_caption":"","integration_category":[],"integration_request_title":"","integration_request_cta":"","integration_platform":"","integrations":[],"platform_category":[],"video_schema_markup":"","price":"a partir de US$ 0\/m\u00eas","trial":"","benefits":[{"text":"Servi\u00e7o de instala\u00e7\u00e3o gratuito"},{"text":"Atendimento ao cliente profissional"},{"text":"Garantia de reembolso de 14 dias"},{"text":"Melhorias gratuitas regulares"}],"button_url":"#demo","button_target_blank":"0","button_nofollow":"0","attributes":[{"name":"Instala\u00e7\u00f5es","content":"10,000 - 100,000","_state":"expanded"},{"name":"Responsivo","content":"Sim","_state":"expanded"},{"name":"Navegadores compat\u00edveis","content":"Firefox, Safari, Opera, Chrome, Edge"}],"tags":[],"tags_disable_links":"0","hide_more_platforms":"","video_object":"","demo_hide_cta":"0","demo_hide_cloud_options":"0","pricing_title":"","pricing":[{"pricing_icon":"platform","pricing_title":"Elfsight Apps","pricing_title_caption":"Vers\u00e3o multiplataforma que funciona em qualquer site","pricing_price":"a partir de US$ 0\/m\u00eas","pricing_price_caption":"comece com um plano gratuito","pricing_benefits":[{"text":"Sites ilimitados"},{"text":"Suporte profissional e bem documentado"},{"text":"Suporte profissional e bem documentado"},{"text":"Totalmente personaliz\u00e1vel"}],"pricing_button_text":"Adicionar ao site","pricing_button_url":"#demo","_state":"expanded"}],"related_apps_title":"","related_apps_hidden":"1","author":"","image":[],"title":"","job":"","social_networks":[]},"_links":{"self":[{"href":"https:\/\/elfsight.com\/pt\/wp-json\/wp\/v2\/pages\/4465","targetHints":{"allow":["GET"]}}],"collection":[{"href":"https:\/\/elfsight.com\/pt\/wp-json\/wp\/v2\/pages"}],"about":[{"href":"https:\/\/elfsight.com\/pt\/wp-json\/wp\/v2\/types\/page"}],"author":[{"embeddable":true,"href":"https:\/\/elfsight.com\/pt\/wp-json\/wp\/v2\/users\/9"}],"replies":[{"embeddable":true,"href":"https:\/\/elfsight.com\/pt\/wp-json\/wp\/v2\/comments?post=4465"}],"version-history":[{"count":2,"href":"https:\/\/elfsight.com\/pt\/wp-json\/wp\/v2\/pages\/4465\/revisions"}],"predecessor-version":[{"id":12050,"href":"https:\/\/elfsight.com\/pt\/wp-json\/wp\/v2\/pages\/4465\/revisions\/12050"}],"up":[{"embeddable":true,"href":"https:\/\/elfsight.com\/pt\/wp-json\/wp\/v2\/pages\/965"}],"wp:attachment":[{"href":"https:\/\/elfsight.com\/pt\/wp-json\/wp\/v2\/media?parent=4465"}],"curies":[{"name":"wp","href":"https:\/\/api.w.org\/{rel}","templated":true}]}}