{"id":4464,"date":"1970-01-01T00:00:00","date_gmt":"1970-01-01T00:00:00","guid":{"rendered":"https:\/\/elfsight.com\/pt\/?page_id=4464"},"modified":"2025-01-31T09:20:52","modified_gmt":"2025-01-31T09:20:52","slug":"jquery","status":"publish","type":"page","link":"https:\/\/elfsight.com\/pt\/popup-widget\/jquery\/","title":{"rendered":"Popup &#8211; jQuery"},"content":{"rendered":"\n<div class=\"application-platform-content-item-description application-platform-content-item\" id=\"description\" data-nav-section=\"description\"> <h2>Descri\u00e7\u00e3o<\/h2> <p>Com a ajuda do plugin Elfsight Pop up, todos podem construir seus pop-ups personalizados de qualquer tipo e apresent\u00e1-los na p\u00e1gina da web. Construa seu pop-up a partir de diversos blocos inclu\u00eddos. Ajustar o layout e disposi\u00e7\u00e3o; atribua um gatilho pop-up e encontre a frequ\u00eancia certa para obter maior efic\u00e1cia do pop-up. Pop-ups de diversos tipos permitem que as pessoas assinem seus e-mails, descubram seus produtos, copiem cupons de desconto, conhe\u00e7am suas vendas e ofertas especiais. As janelas pop-up JQuery notificam sobre as pr\u00f3ximas ocasi\u00f5es em seu site e muito mais.<\/p> <p><b>Os pop-ups permitir\u00e3o vendas com mais efici\u00eancia, promover\u00e3o eventos futuros, obter\u00e3o feedback e assinantes e muito mais.<\/b> <\/p> <\/div><div class=\"faq\" data-component=\"FAQ\"><div class=\"faq-item\">\r\n\t\t\t\t\t<div class=\"faq-item-question\">\r\n\t\t\t\t\t\t<h3 class=\"faq-item-question-text\">De que forma adiciono um pop-up ao meu site jQuery?<\/h3>\r\n\r\n\t\t\t\t\t\t<div class=\"faq-item-question-icon\"><\/div>\r\n\t\t\t\t\t<\/div>\r\n\r\n\t\t\t\t\t<div class=\"faq-item-answer\">\r\n\t\t\t\t\t\t<div class=\"faq-item-answer-text\"><p>A constru\u00e7\u00e3o do widget ocorre nas p\u00e1ginas da Elfsight e n\u00e3o h\u00e1 necessidade de codifica\u00e7\u00e3o. V\u00e1 para a demonstra\u00e7\u00e3o ativa para personalizar seu plugin pessoal, obtenha o c\u00f3digo e cole-o em seu site. Voc\u00ea pode adicion\u00e1-lo em qualquer lugar e ter\u00e1 a oportunidade de mostrar um pop-up jQuery no menu.<\/p><\/div>\r\n\t\t\t\t\t<\/div>\r\n\t\t\t\t<\/div><div class=\"faq-item\">\r\n\t\t\t\t\t<div class=\"faq-item-question\">\r\n\t\t\t\t\t\t<h3 class=\"faq-item-question-text\">Os melhores exemplos de uso de integra\u00e7\u00e3o de janela pop-up<\/h3>\r\n\r\n\t\t\t\t\t\t<div class=\"faq-item-question-icon\"><\/div>\r\n\t\t\t\t\t<\/div>\r\n\r\n\t\t\t\t\t<div class=\"faq-item-answer\">\r\n\t\t\t\t\t\t<div class=\"faq-item-answer-text\"><p> Oferecemos a voc\u00ea uma s\u00e9rie de oportunidades de ajuste: widgets em grande escala para adicionar na se\u00e7\u00e3o de conte\u00fado, plug-ins flutuantes para recurso de rolagem, layouts para rodap\u00e9, cabe\u00e7alho e todas as varia\u00e7\u00f5es de oportunidades verticais para barras laterais e menus do site. Voc\u00ea pode criar facilmente um pop-up de confirma\u00e7\u00e3o jQuery ou qualquer outro tipo de caixa com a ajuda de modelos prontos.<\/p><\/div>\r\n\t\t\t\t\t<\/div>\r\n\t\t\t\t<\/div><div class=\"faq-item\">\r\n\t\t\t\t\t<div class=\"faq-item-question\">\r\n\t\t\t\t\t\t<h3 class=\"faq-item-question-text\">Posso construir uma Black Friday ou um pop-up de notifica\u00e7\u00e3o do jQuery atrav\u00e9s do editor <\/h3>\r\n\r\n\t\t\t\t\t\t<div class=\"faq-item-question-icon\"><\/div>\r\n\t\t\t\t\t<\/div>\r\n\r\n\t\t\t\t\t<div class=\"faq-item-answer\">\r\n\t\t\t\t\t\t<div class=\"faq-item-answer-text\"><p>Voc\u00ea est\u00e1 livre para criar modifica\u00e7\u00f5es em qualquer widget. Existem muitos layouts para caixas pop-up jQuery e todos eles podem ser facilmente personalizados da maneira que voc\u00ea deseja. Voc\u00ea pode adicionar um cupom ou uma notifica\u00e7\u00e3o ao seu pop-up e aproveitar o crescimento nas convers\u00f5es.<\/p><\/div>\r\n\t\t\t\t\t<\/div>\r\n\t\t\t\t<\/div><\/div><div class=\"application-platform-content-item-features application-platform-content-item\" id=\"features\" data-nav-section=\"features\"> <h2>Principais recursos do widget Popup<\/h2> <p>Confira uma lista de todos os recursos do widget. Voc\u00ea pode gerenciar as caixas pop-up do jQuery diretamente no editor e isso o ajudar\u00e1 a configurar o widget para se adequar a qualquer caso. <\/p> <ul><li>Doze blocos de conte\u00fado para criar um pop-up<\/li> <li>Cinco layouts de pop-up inclu\u00eddos para diferentes casos<\/li> <li>Adicionar bot\u00f5es para levar os visitantes a qualquer endere\u00e7o a partir de um pop-up caixa<\/li> <li>Op\u00e7\u00e3o para fazer upload de uma imagem para o plano de fundo do plugin<\/li> <li>O pop-up pode ocorrer ap\u00f3s um tempo espec\u00edfico gasto na p\u00e1gina da web ou quantidade de rolagem<\/li> <li>Acionadores de pop-up: clicando em um determinado elemento ou rolando para baixo at\u00e9 ele<\/li> <\/ul> <p><a href=\"#demo\">Verifique todas as outras fun\u00e7\u00f5es na demonstra\u00e7\u00e3o<\/a><\/p> <\/div><div class=\"application-platform-content-item-installation application-platform-content-item\" id=\"installation\" data-nav-section=\"installation\"><h2>Como incorporar pop-up jQuery no site?<\/h2> <p>Para adicionar o widget, execute as seguintes etapas r\u00e1pidas<\/p> <ol><li><b>Gerar seu plugin Pop up personalizado<\/b><br> Acesse nosso configurador gratuito, escolha um exemplo de Popup jQuery e gere um widget com apar\u00eancia e funcionalidade preferidas.<\/li><li><b>Adquira o c\u00f3digo individual para instale o plugin<\/b><br> Depois de criar seu widget, voc\u00ea receber\u00e1 seu c\u00f3digo pessoal na janela exibida nos aplicativos Elfsight. Copie o c\u00f3digo.<\/li> <li><b>Integre o plugin em seu site jQuery<\/b><br> Selecione o local onde deseja adicionar o widget e insira o c\u00f3digo salvo l\u00e1. Salve as edi\u00e7\u00f5es.<\/li> <li><b>Voc\u00ea concluiu a instala\u00e7\u00e3o com sucesso<\/b><br> Entre na p\u00e1gina da web para dar uma olhada no seu pop-up.<\/li> <\/ol><p> Voc\u00ea est\u00e1 convidado a entrar em contato com o suporte ao cliente caso precise de ajuda ou tenha d\u00favidas. Nossos especialistas ter\u00e3o prazer em ajudar com todas as d\u00favidas.<\/p> <\/div>\n","protected":false},"excerpt":{"rendered":"","protected":false},"author":9,"featured_media":0,"parent":542,"menu_order":0,"comment_status":"closed","ping_status":"closed","template":"templates\/template-application-platform.php","meta":{"publish_to_discourse":"","publish_post_category":"","wpdc_auto_publish_overridden":"","wpdc_topic_tags":"","wpdc_pin_topic":"","wpdc_pin_until":"","discourse_post_id":"","discourse_permalink":"","wpdc_publishing_response":"","wpdc_publishing_error":"","footnotes":""},"class_list":["post-4464","page","type-page","status-publish","hentry"],"yoast_head":"<!-- This site is optimized with the Yoast SEO plugin v25.3.1 - https:\/\/yoast.com\/wordpress\/plugins\/seo\/ -->\n<title>Adicione um widget Popup a um site jQuery<\/title>\n<meta name=\"description\" content=\"Crie um Popup em jQuery sem codifica\u00e7\u00e3o!\" \/>\n<meta name=\"robots\" content=\"index, follow, max-snippet:-1, max-image-preview:large, max-video-preview:-1\" \/>\n<link rel=\"canonical\" href=\"https:\/\/elfsight.com\/pt\/popup-widget\/jquery\/\" \/>\n<meta property=\"og:locale\" content=\"pt_PT\" \/>\n<meta property=\"og:type\" content=\"article\" \/>\n<meta property=\"og:title\" content=\"Adicione um widget Popup a um site jQuery\" \/>\n<meta property=\"og:description\" content=\"Crie um Popup em jQuery sem codifica\u00e7\u00e3o!\" \/>\n<meta property=\"og:url\" content=\"https:\/\/elfsight.com\/pt\/popup-widget\/jquery\/\" \/>\n<meta property=\"og:site_name\" content=\"Elfsight PT\" \/>\n<meta property=\"article:modified_time\" content=\"2025-01-31T09:20:52+00:00\" \/>\n<meta name=\"twitter:card\" content=\"summary_large_image\" \/>\n<meta name=\"twitter:label1\" content=\"Tempo estimado de leitura\" \/>\n\t<meta name=\"twitter:data1\" content=\"4 minutos\" \/>\n<!-- \/ Yoast SEO plugin. -->","yoast_head_json":{"title":"Adicione um widget Popup a um site jQuery","description":"Crie um Popup em jQuery sem codifica\u00e7\u00e3o!","robots":{"index":"index","follow":"follow","max-snippet":"max-snippet:-1","max-image-preview":"max-image-preview:large","max-video-preview":"max-video-preview:-1"},"canonical":"https:\/\/elfsight.com\/pt\/popup-widget\/jquery\/","og_locale":"pt_PT","og_type":"article","og_title":"Adicione um widget Popup a um site jQuery","og_description":"Crie um Popup em jQuery sem codifica\u00e7\u00e3o!","og_url":"https:\/\/elfsight.com\/pt\/popup-widget\/jquery\/","og_site_name":"Elfsight PT","article_modified_time":"2025-01-31T09:20:52+00:00","twitter_card":"summary_large_image","twitter_misc":{"Tempo estimado de leitura":"4 minutos"},"schema":{"@context":"https:\/\/schema.org","@graph":[{"@type":"WebPage","@id":"https:\/\/elfsight.com\/pt\/popup-widget\/jquery\/","url":"https:\/\/elfsight.com\/pt\/popup-widget\/jquery\/","name":"Adicione um widget Popup a um site jQuery","isPartOf":{"@id":"https:\/\/elfsight.com\/pt\/#website"},"datePublished":"1970-01-01T00:00:00+00:00","dateModified":"2025-01-31T09:20:52+00:00","description":"Crie um Popup em jQuery sem codifica\u00e7\u00e3o!","breadcrumb":{"@id":"https:\/\/elfsight.com\/pt\/popup-widget\/jquery\/#breadcrumb"},"inLanguage":"pt-PT","potentialAction":[{"@type":"ReadAction","target":["https:\/\/elfsight.com\/pt\/popup-widget\/jquery\/"]}]},{"@type":"BreadcrumbList","@id":"https:\/\/elfsight.com\/pt\/popup-widget\/jquery\/#breadcrumb","itemListElement":[{"@type":"ListItem","position":1,"name":"Home","item":"https:\/\/elfsight.com\/pt\/"},{"@type":"ListItem","position":2,"name":"Popup","item":"https:\/\/elfsight.com\/pt\/popup-widget\/"},{"@type":"ListItem","position":3,"name":"Popup &#8211; jQuery"}]},{"@type":"WebSite","@id":"https:\/\/elfsight.com\/pt\/#website","url":"https:\/\/elfsight.com\/pt\/","name":"Elfsight PT","description":"Just another Elfsight Sites site","potentialAction":[{"@type":"SearchAction","target":{"@type":"EntryPoint","urlTemplate":"https:\/\/elfsight.com\/pt\/?s={search_term_string}"},"query-input":{"@type":"PropertyValueSpecification","valueRequired":true,"valueName":"search_term_string"}}],"inLanguage":"pt-PT"}]}},"meta_box":{"industry":"","seo_heading":"","heading":"","description":"","cta_heading":"","cta_description":"","application":"541","h1":"Plug-in pop-up jQuery","h1_caption":"Organize uma variedade de pop-ups para anunciar descontos e aumentar as vendas","application_category":[],"applications_title":"","applications_request_title":"","applications_request_button_text":"","hero_text":"","hero_video":"","hero_video_schema_markup":"","selling_points_title":"","selling_points_caption":"","selling_points":[],"selling_points_cta_text":"","features_title":"","features":"","ed_cta_examples_text":"","ed_cta_examples_hidden":"","ed_cta_demo_text":"","ed_cta_demo_hidden":"","why_caption":"","why_editor_title":"","why_editor_text":"","why_team_title":"","why_team_text":"","why_service_title":"","why_service_text":"","template_catalog_visible":"0","template_catalog_title":"","template_catalog_text":"","template_catalog_categories_visible":"","demo_title":"Crie seu plugin Popup","demo_caption":"Configure seu Popup e adicione-o ao seu site jQuery gratuitamente!","default_faq_hidden":"","app_template_category":[],"platform":"55","template_public_id":"","codecanyon_url":"","codecanyon_item_id":"","codecanyon_price":"","pricing_caption":"","pricing_elfsight_apps_hide_column":"","pricing_elfsight_apps_url":"","pricing_codecanyon_price_caption":"","integration_category":[],"integration_request_title":"","integration_request_cta":"","integration_platform":"","integrations":[],"platform_category":[],"video_schema_markup":"","price":"a partir de US$ 0\/m\u00eas","trial":"","benefits":[{"text":"Ajuda de instala\u00e7\u00e3o gratuita"},{"text":"Suporte excepcional"},{"text":"Garantia de devolu\u00e7\u00e3o do dinheiro em 14 dias"},{"text":"Atualiza\u00e7\u00f5es cont\u00ednuas"}],"button_url":"#demo","button_target_blank":"0","button_nofollow":"0","attributes":[{"name":"Instala\u00e7\u00f5es","content":"100,000 - 500,000","_state":"expanded"},{"name":"Responsivo","content":"Sim","_state":"expanded"},{"name":"Navegadores compat\u00edveis","content":"Firefox, Safari, Opera, Chrome, Edge"}],"tags":[],"tags_disable_links":"0","hide_more_platforms":"","video_object":"","demo_hide_cta":"0","demo_hide_cloud_options":"0","pricing_title":"","pricing":[{"pricing_icon":"platform","pricing_title":"Elfsight Apps","pricing_title_caption":"Vers\u00e3o independente de plataforma adequada para qualquer site","pricing_price":"a partir de US$ 0\/m\u00eas","pricing_price_caption":"comece com um plano gratuito","pricing_benefits":[{"text":"Sites ilimitados"},{"text":"Suporte dedicado da empresa e bem documentado"},{"text":"Suporte dedicado da empresa e bem documentado"},{"text":"100% personaliz\u00e1vel"}],"pricing_button_text":"Adicionar ao site","pricing_button_url":"#demo","_state":"expanded"}],"related_apps_title":"","related_apps_hidden":"1","author":"","image":[],"title":"","job":"","social_networks":[]},"_links":{"self":[{"href":"https:\/\/elfsight.com\/pt\/wp-json\/wp\/v2\/pages\/4464","targetHints":{"allow":["GET"]}}],"collection":[{"href":"https:\/\/elfsight.com\/pt\/wp-json\/wp\/v2\/pages"}],"about":[{"href":"https:\/\/elfsight.com\/pt\/wp-json\/wp\/v2\/types\/page"}],"author":[{"embeddable":true,"href":"https:\/\/elfsight.com\/pt\/wp-json\/wp\/v2\/users\/9"}],"replies":[{"embeddable":true,"href":"https:\/\/elfsight.com\/pt\/wp-json\/wp\/v2\/comments?post=4464"}],"version-history":[{"count":3,"href":"https:\/\/elfsight.com\/pt\/wp-json\/wp\/v2\/pages\/4464\/revisions"}],"predecessor-version":[{"id":13706,"href":"https:\/\/elfsight.com\/pt\/wp-json\/wp\/v2\/pages\/4464\/revisions\/13706"}],"up":[{"embeddable":true,"href":"https:\/\/elfsight.com\/pt\/wp-json\/wp\/v2\/pages\/542"}],"wp:attachment":[{"href":"https:\/\/elfsight.com\/pt\/wp-json\/wp\/v2\/media?parent=4464"}],"curies":[{"name":"wp","href":"https:\/\/api.w.org\/{rel}","templated":true}]}}