{"id":4462,"date":"1970-01-01T00:00:00","date_gmt":"1970-01-01T00:00:00","guid":{"rendered":"https:\/\/elfsight.com\/pt\/?page_id=4462"},"modified":"2025-03-04T11:31:13","modified_gmt":"2025-03-04T11:31:13","slug":"jquery","status":"publish","type":"page","link":"https:\/\/elfsight.com\/pt\/pricing-table-plugin\/jquery\/","title":{"rendered":"Pricing Table &#8211; jQuery"},"content":{"rendered":"\n<div class=\"application-platform-content-item-description application-platform-content-item\" id=\"description\" data-nav-section=\"description\"><h2>Descri\u00e7\u00e3o<\/h2><p>O pre\u00e7o ocupa uma das posi\u00e7\u00f5es de lideran\u00e7a em convencer os usu\u00e1rios a fazer um pedido. O Plugin da Elfsight n\u00e3o s\u00f3 permite que os usu\u00e1rios do site examinem e comparem seus planos de pre\u00e7os rapidamente. Tamb\u00e9m ajuda a aumentar a convers\u00e3o por meio do uso das tend\u00eancias mais recentes em interface e modelagem.<\/p><p><b>Leve as vendas do seu site a um novo patamar, usando um pre\u00e7o avan\u00e7ado.<\/b><\/p> <ul><li><b>Atraia mais clientes<\/b>.<br> Obtenha o melhor das tend\u00eancias mais eficientes do design, para combater todos os medos e descren\u00e7as que impedem as pessoas de comprar e obter a melhor convers\u00e3o.<\/li><li><b>Estimule os visitantes a fazerem uma compra<\/b>.<br> Exiba os dados que seus futuros visitantes precisam de maneira mais simples e eficiente e mostre a eles qual op\u00e7\u00e3o \u00e9 a escolha certa.<\/li><li><b>Personaliza\u00e7\u00e3o instant\u00e2nea e eficaz<\/b>.<br> Com um vasto n\u00famero de configura\u00e7\u00f5es que permitem criar v\u00e1rios tipos de pre\u00e7os com apenas alguns cliques, voc\u00ea ter\u00e1 aquele que ser\u00e1 mais eficaz para voc\u00ea.<\/li><\/ul><\/div><div class=\"application-platform-content-item-features application-platform-content-item\" id=\"features\" data-nav-section=\"features\"><h2>Recursos<\/h2><p>Os recursos que garantem que nosso plugin seja a melhor tabela de pre\u00e7os para sites jQuery.<\/p><ul><li>Um conjunto m\u00ednimo de campos para enviar um feedback: nome, e-mail, telefone e mensagem;<\/li><li>Especifique um espa\u00e7o reservado para qualquer campo, por exemplo, para demonstrar o formato necess\u00e1rio;<\/li> <li>Layout inline com ajuste autom\u00e1tico de campos \u00e0 largura do formul\u00e1rio;<\/li><li>5 estilos de campos visuais inclu\u00eddos: cl\u00e1ssico, plano, material, cl\u00e1ssico arredondado, plano arredondado;<\/li><li>Coloque qualquer texto necess\u00e1rio antes do formul\u00e1rio na legenda.<\/li><\/ul><p><a href=\"#demo\">Voc\u00ea pode testar todas as vantagens usando o editor ao vivo<\/a><\/p><\/div><div class=\"application-platform-content-item-installation application-platform-content-item\" id=\"installation\" data-nav-section=\"installation\"><h2>Como adicionar tabela de pre\u00e7os ao site jQuery<\/h2><p>Um tutorial sobre como incorporar o plugin Elfsight num site. Para realizar este processo, n\u00e3o \u00e9 necess\u00e1rio conhecimento em desenvolvimento web nem muito tempo. Apenas 3 a\u00e7\u00f5es r\u00e1pidas e 3 minutos.<\/p><ol><li><b>Crie sua tabela de pre\u00e7os personalizada<\/b>.<br>Com a ajuda de nossa demonstra\u00e7\u00e3o gratuita, crie um plugin com o layout necess\u00e1rio e fun\u00e7\u00f5es.<\/li><li><b>Copie um c\u00f3digo para integra\u00e7\u00e3o do plugin<\/b>.<br>Ap\u00f3s a configura\u00e7\u00e3o do widget, receba um c\u00f3digo para o plugin do Formul\u00e1rio de Contato na janela exibida nos aplicativos Elfsight.<\/li> <li><b>Exiba o plugin no site jQuery <\/b>.<br>Coloque o plugin no local necess\u00e1rio do site e salve as edi\u00e7\u00f5es.<\/li><li><b>Voc\u00ea executou a instala\u00e7\u00e3o completamente<\/b>.<br>Acesse seu site para verificar seu trabalho.<\/li><\/ol><p>Est\u00e1 tendo problemas com a configura\u00e7\u00e3o do plug-in? Entre em contacto com o nosso centro de ajuda e receba ajuda profissional em qualquer quest\u00e3o.<\/p><div class=\"faq\" data-component=\"FAQ\"> <div class=\"faq-item\">\r\n\t\t\t\t\t<div class=\"faq-item-question\">\r\n\t\t\t\t\t\t<h3 class=\"faq-item-question-text\">Como adicionar uma tabela de pre\u00e7os ao meu site jQuery sem conhecimentos de codifica\u00e7\u00e3o?<\/h3>\r\n\r\n\t\t\t\t\t\t<div class=\"faq-item-question-icon\"><\/div>\r\n\t\t\t\t\t<\/div>\r\n\r\n\t\t\t\t\t<div class=\"faq-item-answer\">\r\n\t\t\t\t\t\t<div class=\"faq-item-answer-text\"> <p>A Elfsight fornece uma Solu\u00e7\u00e3o SaaS que permite criar voc\u00ea mesmo um widget de Tabela de Pre\u00e7os, veja como \u00e9 f\u00e1cil o processo: Trabalhe diretamente no Editor on-line para criar um widget de Tabela de Pre\u00e7os que voc\u00ea gostaria de ver em seu site jQuery. Escolha um dos modelos predefinidos e ajuste as configura\u00e7\u00f5es da Tabela de Pre\u00e7os, adicione seu conte\u00fado, altere o layout e as cores sem nenhuma habilidade de codifica\u00e7\u00e3o. Salve a Tabela de Pre\u00e7os e copie seu c\u00f3digo de instala\u00e7\u00e3o, que voc\u00ea pode incorporar em seu site jQuery sem adquirir um plano pago. Com nosso editor intuitivo, qualquer usu\u00e1rio da Internet pode criar um widget de tabela de pre\u00e7os online e incorpor\u00e1-lo facilmente ao seu site jQuery. N\u00e3o h\u00e1 necessidade de pagar ou inserir as credenciais do seu cart\u00e3o para acessar o servi\u00e7o. Se voc\u00ea enfrentar qualquer problema em qualquer etapa, n\u00e3o hesite em entrar em contato com nossa equipe de suporte t\u00e9cnico.<\/p> <\/div>\r\n\t\t\t\t\t<\/div>\r\n\t\t\t\t<\/div> <\/div> <\/div>\n","protected":false},"excerpt":{"rendered":"","protected":false},"author":9,"featured_media":0,"parent":793,"menu_order":0,"comment_status":"closed","ping_status":"closed","template":"templates\/template-application-platform.php","meta":{"publish_to_discourse":"","publish_post_category":"","wpdc_auto_publish_overridden":"","wpdc_topic_tags":"","wpdc_pin_topic":"","wpdc_pin_until":"","discourse_post_id":"","discourse_permalink":"","wpdc_publishing_response":"","wpdc_publishing_error":"","footnotes":""},"class_list":["post-4462","page","type-page","status-publish","hentry"],"yoast_head":"<!-- This site is optimized with the Yoast SEO plugin v25.3.1 - https:\/\/yoast.com\/wordpress\/plugins\/seo\/ -->\n<title>Plugin jQuery Pricing Table para seu site (r\u00e1pido e f\u00e1cil)<\/title>\n<meta name=\"description\" content=\"Integre o plugin Pricing Table para jQuery em apenas 1 minuto. Experimente todas as vantagens importantes do plugin de melhor pre\u00e7o no editor gratuito.\" \/>\n<meta name=\"robots\" content=\"index, follow, max-snippet:-1, max-image-preview:large, max-video-preview:-1\" \/>\n<link rel=\"canonical\" href=\"https:\/\/elfsight.com\/pt\/pricing-table-plugin\/jquery\/\" \/>\n<meta property=\"og:locale\" content=\"pt_PT\" \/>\n<meta property=\"og:type\" content=\"article\" \/>\n<meta property=\"og:title\" content=\"Plugin jQuery Pricing Table para seu site (r\u00e1pido e f\u00e1cil)\" \/>\n<meta property=\"og:description\" content=\"Integre o plugin Pricing Table para jQuery em apenas 1 minuto. Experimente todas as vantagens importantes do plugin de melhor pre\u00e7o no editor gratuito.\" \/>\n<meta property=\"og:url\" content=\"https:\/\/elfsight.com\/pt\/pricing-table-plugin\/jquery\/\" \/>\n<meta property=\"og:site_name\" content=\"Elfsight PT\" \/>\n<meta property=\"article:modified_time\" content=\"2025-03-04T11:31:13+00:00\" \/>\n<meta name=\"twitter:card\" content=\"summary_large_image\" \/>\n<meta name=\"twitter:label1\" content=\"Tempo estimado de leitura\" \/>\n\t<meta name=\"twitter:data1\" content=\"4 minutos\" \/>\n<!-- \/ Yoast SEO plugin. -->","yoast_head_json":{"title":"Plugin jQuery Pricing Table para seu site (r\u00e1pido e f\u00e1cil)","description":"Integre o plugin Pricing Table para jQuery em apenas 1 minuto. Experimente todas as vantagens importantes do plugin de melhor pre\u00e7o no editor gratuito.","robots":{"index":"index","follow":"follow","max-snippet":"max-snippet:-1","max-image-preview":"max-image-preview:large","max-video-preview":"max-video-preview:-1"},"canonical":"https:\/\/elfsight.com\/pt\/pricing-table-plugin\/jquery\/","og_locale":"pt_PT","og_type":"article","og_title":"Plugin jQuery Pricing Table para seu site (r\u00e1pido e f\u00e1cil)","og_description":"Integre o plugin Pricing Table para jQuery em apenas 1 minuto. Experimente todas as vantagens importantes do plugin de melhor pre\u00e7o no editor gratuito.","og_url":"https:\/\/elfsight.com\/pt\/pricing-table-plugin\/jquery\/","og_site_name":"Elfsight PT","article_modified_time":"2025-03-04T11:31:13+00:00","twitter_card":"summary_large_image","twitter_misc":{"Tempo estimado de leitura":"4 minutos"},"schema":{"@context":"https:\/\/schema.org","@graph":[{"@type":"WebPage","@id":"https:\/\/elfsight.com\/pt\/pricing-table-plugin\/jquery\/","url":"https:\/\/elfsight.com\/pt\/pricing-table-plugin\/jquery\/","name":"Plugin jQuery Pricing Table para seu site (r\u00e1pido e f\u00e1cil)","isPartOf":{"@id":"https:\/\/elfsight.com\/pt\/#website"},"datePublished":"1970-01-01T00:00:00+00:00","dateModified":"2025-03-04T11:31:13+00:00","description":"Integre o plugin Pricing Table para jQuery em apenas 1 minuto. Experimente todas as vantagens importantes do plugin de melhor pre\u00e7o no editor gratuito.","breadcrumb":{"@id":"https:\/\/elfsight.com\/pt\/pricing-table-plugin\/jquery\/#breadcrumb"},"inLanguage":"pt-PT","potentialAction":[{"@type":"ReadAction","target":["https:\/\/elfsight.com\/pt\/pricing-table-plugin\/jquery\/"]}]},{"@type":"BreadcrumbList","@id":"https:\/\/elfsight.com\/pt\/pricing-table-plugin\/jquery\/#breadcrumb","itemListElement":[{"@type":"ListItem","position":1,"name":"Home","item":"https:\/\/elfsight.com\/pt\/"},{"@type":"ListItem","position":2,"name":"Pricing Table","item":"https:\/\/elfsight.com\/pt\/pricing-table-plugin\/"},{"@type":"ListItem","position":3,"name":"Pricing Table &#8211; jQuery"}]},{"@type":"WebSite","@id":"https:\/\/elfsight.com\/pt\/#website","url":"https:\/\/elfsight.com\/pt\/","name":"Elfsight PT","description":"Just another Elfsight Sites site","potentialAction":[{"@type":"SearchAction","target":{"@type":"EntryPoint","urlTemplate":"https:\/\/elfsight.com\/pt\/?s={search_term_string}"},"query-input":{"@type":"PropertyValueSpecification","valueRequired":true,"valueName":"search_term_string"}}],"inLanguage":"pt-PT"}]}},"meta_box":{"industry":"","seo_heading":"","heading":"","description":"","cta_heading":"","cta_description":"","application":"792","h1":"Plug-in de tabela de pre\u00e7os jQuery","h1_caption":"A melhor extens\u00e3o para exibir pre\u00e7os em seu site","application_category":[],"applications_title":"","applications_request_title":"","applications_request_button_text":"","hero_text":"","hero_video":"","hero_video_schema_markup":"","selling_points_title":"","selling_points_caption":"","selling_points":[],"selling_points_cta_text":"","features_title":"","features":"","ed_cta_examples_text":"","ed_cta_examples_hidden":"","ed_cta_demo_text":"","ed_cta_demo_hidden":"","why_caption":"","why_editor_title":"","why_editor_text":"","why_team_title":"","why_team_text":"","why_service_title":"","why_service_text":"","template_catalog_visible":"0","template_catalog_title":"","template_catalog_text":"","template_catalog_categories_visible":"","demo_title":"Crie seu plugin de tabela de pre\u00e7os","demo_caption":"Configure sua Tabela de Pre\u00e7os e adicione-a ao seu site jQuery gratuitamente!","default_faq_hidden":"","app_template_category":[],"platform":"55","template_public_id":"","codecanyon_url":"","codecanyon_item_id":"","codecanyon_price":"","pricing_caption":"","pricing_elfsight_apps_hide_column":"","pricing_elfsight_apps_url":"","pricing_codecanyon_price_caption":"","integration_category":[],"integration_request_title":"","integration_request_cta":"","integration_platform":"","integrations":[],"platform_category":[],"video_schema_markup":"","price":"a partir de US$ 0\/m\u00eas","trial":"","benefits":[{"text":"Servi\u00e7o de instala\u00e7\u00e3o gratuito"},{"text":"Atendimento ao cliente competente"},{"text":"Garantia de devolu\u00e7\u00e3o do dinheiro em 14 dias"},{"text":"Melhorias gratuitas cont\u00ednuas"}],"button_url":"#demo","button_target_blank":"0","button_nofollow":"0","attributes":[{"name":"Instala\u00e7\u00f5es","content":"10,000 - 100,000","_state":"expanded"},{"name":"Responsivo","content":"Sim","_state":"expanded"},{"name":"Navegadores compat\u00edveis","content":"Firefox, Safari, Opera, Chrome, Edge"}],"tags":[],"tags_disable_links":"0","hide_more_platforms":"0","video_object":"","demo_hide_cta":"0","demo_hide_cloud_options":"0","pricing_title":"","pricing":[{"pricing_icon":"platform","pricing_title":"Elfsight Apps","pricing_title_caption":"Software multiplataforma que funciona em qualquer site","pricing_price":"a partir de US$ 0\/m\u00eas","pricing_price_caption":"comece com um plano gratuito","pricing_benefits":[{"text":"Sites ilimitados"},{"text":"Suporte gratuito ao cliente e bem documentado"},{"text":"Suporte gratuito ao cliente e bem documentado"},{"text":"Design flex\u00edvel"}],"pricing_button_text":"Adicionar ao site","pricing_button_url":"#demo","_state":"expanded"}],"related_apps_title":"","related_apps_hidden":"1","author":"","image":[],"title":"","job":"","social_networks":[]},"_links":{"self":[{"href":"https:\/\/elfsight.com\/pt\/wp-json\/wp\/v2\/pages\/4462","targetHints":{"allow":["GET"]}}],"collection":[{"href":"https:\/\/elfsight.com\/pt\/wp-json\/wp\/v2\/pages"}],"about":[{"href":"https:\/\/elfsight.com\/pt\/wp-json\/wp\/v2\/types\/page"}],"author":[{"embeddable":true,"href":"https:\/\/elfsight.com\/pt\/wp-json\/wp\/v2\/users\/9"}],"replies":[{"embeddable":true,"href":"https:\/\/elfsight.com\/pt\/wp-json\/wp\/v2\/comments?post=4462"}],"version-history":[{"count":3,"href":"https:\/\/elfsight.com\/pt\/wp-json\/wp\/v2\/pages\/4462\/revisions"}],"predecessor-version":[{"id":14312,"href":"https:\/\/elfsight.com\/pt\/wp-json\/wp\/v2\/pages\/4462\/revisions\/14312"}],"up":[{"embeddable":true,"href":"https:\/\/elfsight.com\/pt\/wp-json\/wp\/v2\/pages\/793"}],"wp:attachment":[{"href":"https:\/\/elfsight.com\/pt\/wp-json\/wp\/v2\/media?parent=4462"}],"curies":[{"name":"wp","href":"https:\/\/api.w.org\/{rel}","templated":true}]}}