{"id":4457,"date":"1970-01-01T00:00:00","date_gmt":"1970-01-01T00:00:00","guid":{"rendered":"https:\/\/elfsight.com\/pt\/?page_id=4457"},"modified":"2024-11-13T11:42:05","modified_gmt":"2024-11-13T11:42:05","slug":"joomla","status":"publish","type":"page","link":"https:\/\/elfsight.com\/pt\/photo-gallery-widget\/joomla\/","title":{"rendered":"Photo Gallery &#8211; Joomla"},"content":{"rendered":"<div class=\"application-platform-content-item-description application-platform-content-item\" id=\"description\" data-nav-section=\"description\"><h2>Descri\u00e7\u00e3o<\/h2> <p>A Galeria Elfsight \u00e9 a sua melhor forma de exibir materiais visuais ou criar \u00e1lbuns atrativos no seu site. Coloque qualquer quantidade de imagens, escreva sobre cada uma delas e selecione a melhor forma de posicion\u00e1-las na p\u00e1gina. A extens\u00e3o Elfsight inclui seis modelos e v\u00e1rias outras op\u00e7\u00f5es de interface. Cada foto \u00e9 exibida no modo pop-up, os visitantes podem deslizar por elas ou ver uma apresenta\u00e7\u00e3o de slides, ampliar e apreciar as imagens em tela cheia. Voc\u00ea pode colorir os elementos do widget e fazer upload de um plano de fundo exclusivo, variar as op\u00e7\u00f5es de texto e mais varia\u00e7\u00f5es de estilo. <\/p> <p><b>Gere galerias de fotos imperd\u00edveis!<\/b><\/p> <\/div><div class=\"application-platform-content-item-features application-platform-content-item\" id=\"features\" data-nav-section=\"features\"><h2>Recursos<\/h2> <p>Aqui est\u00e1 uma lista de todos os recursos da Galeria de Fotos para Joomla. Voc\u00ea pode ajust\u00e1-los diretamente no editor e eles o ajudar\u00e3o a configurar a extens\u00e3o certa para suas necessidades. <\/p> <ul> <li>Use bot\u00f5es de CTA para orientar os usu\u00e1rios em dire\u00e7\u00e3o \u00e0 convers\u00e3o. <\/li> <li>Modifique a dura\u00e7\u00e3o da mudan\u00e7a de slide. <\/li> <li>Escolha entre diversas variantes de pagina\u00e7\u00e3o. <\/li> <li>Coloque seu texto em qualquer lugar da p\u00e1gina por meio da posi\u00e7\u00e3o avan\u00e7ada. <\/li> <li>Ajuste cinco fun\u00e7\u00f5es de conte\u00fado. <\/li> <\/ul> <p><a href=\"#demo\">Voc\u00ea pode experimentar todas as caracter\u00edsticas funcionais do widget diretamente na demonstra\u00e7\u00e3o<\/a><\/p> <\/div><div class=\"application-platform-content-item-installation application-platform-content-item\" id=\"installation\" data-nav-section=\"installation\"><h2>Como incorporo a Galeria de Fotos no Joomla?<\/h2> <p>Simplesmente siga as etapas abaixo para integrar a ferramenta no Joomla.<\/p> <ol><li><b>Gerencie nosso configurador gratuito e comece a moldar sua pr\u00f3pria extens\u00e3o. <\/b><br> Encontre o layout preferido e as caracter\u00edsticas funcionais da extens\u00e3o Galeria de Fotos e salve as corre\u00e7\u00f5es. <\/li> <li><b>Copie o seu c\u00f3digo individual revelado na caixa das aplica\u00e7\u00f5es Elfsight. <\/b><br> Quando a cria\u00e7\u00e3o da sua ferramenta estiver conclu\u00edda, copie o c\u00f3digo pessoal do pop-up exibido e guarde-o para futuras ocasi\u00f5es. <\/li> <li><b>Entre usando a extens\u00e3o em seu site Joomla. <\/b><br> Cole o c\u00f3digo salvo anteriormente em seu site e aplique os ajustes. <\/li> <li><b>Pronto! A integra\u00e7\u00e3o est\u00e1 totalmente encerrada. <\/b><br> Acesse seu site para ver em a\u00e7\u00e3o o desempenho da extens\u00e3o. <\/li><\/ol><p>Reserve um minuto para se comunicar com o atendimento ao cliente caso precise de assist\u00eancia ou tenha problemas. Teremos o maior prazer em ajudar com todas as d\u00favidas. <\/p> <div class=\"faq\" data-component=\"FAQ\"><div class=\"faq-item\">\r\n\t\t\t\t\t<div class=\"faq-item-question\">\r\n\t\t\t\t\t\t<h3 class=\"faq-item-question-text\">Como posso adicionar uma Galeria de Fotos ao meu site Joomla sem conhecimento de codifica\u00e7\u00e3o?<\/h3>\r\n\r\n\t\t\t\t\t\t<div class=\"faq-item-question-icon\"><\/div>\r\n\t\t\t\t\t<\/div>\r\n\r\n\t\t\t\t\t<div class=\"faq-item-answer\">\r\n\t\t\t\t\t\t<div class=\"faq-item-answer-text\"> <p>A empresa Elfsight fornece uma solu\u00e7\u00e3o SaaS que permite que os usu\u00e1rios de um plugin de Galeria de Fotos descubram voc\u00ea mesmo o guia descomplicado: V\u00e1 para o Editor online para criar um widget de Galeria de Fotos que voc\u00ea gostaria de incorporar em seu site Joomla. Escolha um de nossos modelos pr\u00e9-concebidos e ajuste as configura\u00e7\u00f5es da Galeria de Fotos, altere o layout e as cores incluindo o seu conte\u00fado, sem codifica\u00e7\u00e3o. Salve as configura\u00e7\u00f5es feitas na Galeria de Fotos e obtenha o c\u00f3digo de instala\u00e7\u00e3o que voc\u00ea pode colar facilmente em qualquer p\u00e1gina da web Joomla, sem a necessidade de comprar um plano pago. Usando nosso configurador amig\u00e1vel, cada usu\u00e1rio da Internet pode estabelecer um plugin de galeria de fotos online e adicion\u00e1-lo a qualquer p\u00e1gina inicial do Joomla. Voc\u00ea n\u00e3o deve obter uma assinatura paga ou inserir os dados do seu cart\u00e3o para entrar no servi\u00e7o Elfsight. Se voc\u00ea tiver algum problema de qualquer tipo, n\u00e3o hesite em entrar em contato com nossa equipe de suporte.<\/p> <\/div>\r\n\t\t\t\t\t<\/div>\r\n\t\t\t\t<\/div> <\/div><\/div>","protected":false},"excerpt":{"rendered":"","protected":false},"author":9,"featured_media":0,"parent":965,"menu_order":0,"comment_status":"closed","ping_status":"closed","template":"templates\/template-application-platform.php","meta":{"publish_to_discourse":"","publish_post_category":"","wpdc_auto_publish_overridden":"","wpdc_topic_tags":"","wpdc_pin_topic":"","wpdc_pin_until":"","discourse_post_id":"","discourse_permalink":"","wpdc_publishing_response":"","wpdc_publishing_error":"","footnotes":""},"class_list":["post-4457","page","type-page","status-publish","hentry"],"yoast_head":"<!-- This site is optimized with the Yoast SEO plugin v25.3.1 - https:\/\/yoast.com\/wordpress\/plugins\/seo\/ -->\n<title>Melhor widget de galeria de fotos para site Joomla (gratuito e sem codifica\u00e7\u00e3o)<\/title>\n<meta name=\"description\" content=\"Adicione um plugin responsivo de Galeria de Fotos ao seu site Joomla e obtenha confian\u00e7a total. Utilize a demonstra\u00e7\u00e3o f\u00e1cil de usar da Elfsight para criar o seu exclusivo.\" \/>\n<meta name=\"robots\" content=\"index, follow, max-snippet:-1, max-image-preview:large, max-video-preview:-1\" \/>\n<link rel=\"canonical\" href=\"https:\/\/elfsight.com\/pt\/photo-gallery-widget\/joomla\/\" \/>\n<meta property=\"og:locale\" content=\"pt_PT\" \/>\n<meta property=\"og:type\" content=\"article\" \/>\n<meta property=\"og:title\" content=\"Melhor widget de galeria de fotos para site Joomla (gratuito e sem codifica\u00e7\u00e3o)\" \/>\n<meta property=\"og:description\" content=\"Adicione um plugin responsivo de Galeria de Fotos ao seu site Joomla e obtenha confian\u00e7a total. Utilize a demonstra\u00e7\u00e3o f\u00e1cil de usar da Elfsight para criar o seu exclusivo.\" \/>\n<meta property=\"og:url\" content=\"https:\/\/elfsight.com\/pt\/photo-gallery-widget\/joomla\/\" \/>\n<meta property=\"og:site_name\" content=\"Elfsight PT\" \/>\n<meta property=\"article:modified_time\" content=\"2024-11-13T11:42:05+00:00\" \/>\n<meta name=\"twitter:card\" content=\"summary_large_image\" \/>\n<meta name=\"twitter:label1\" content=\"Tempo estimado de leitura\" \/>\n\t<meta name=\"twitter:data1\" content=\"2 minutos\" \/>\n<!-- \/ Yoast SEO plugin. -->","yoast_head_json":{"title":"Melhor widget de galeria de fotos para site Joomla (gratuito e sem codifica\u00e7\u00e3o)","description":"Adicione um plugin responsivo de Galeria de Fotos ao seu site Joomla e obtenha confian\u00e7a total. Utilize a demonstra\u00e7\u00e3o f\u00e1cil de usar da Elfsight para criar o seu exclusivo.","robots":{"index":"index","follow":"follow","max-snippet":"max-snippet:-1","max-image-preview":"max-image-preview:large","max-video-preview":"max-video-preview:-1"},"canonical":"https:\/\/elfsight.com\/pt\/photo-gallery-widget\/joomla\/","og_locale":"pt_PT","og_type":"article","og_title":"Melhor widget de galeria de fotos para site Joomla (gratuito e sem codifica\u00e7\u00e3o)","og_description":"Adicione um plugin responsivo de Galeria de Fotos ao seu site Joomla e obtenha confian\u00e7a total. Utilize a demonstra\u00e7\u00e3o f\u00e1cil de usar da Elfsight para criar o seu exclusivo.","og_url":"https:\/\/elfsight.com\/pt\/photo-gallery-widget\/joomla\/","og_site_name":"Elfsight PT","article_modified_time":"2024-11-13T11:42:05+00:00","twitter_card":"summary_large_image","twitter_misc":{"Tempo estimado de leitura":"2 minutos"},"schema":{"@context":"https:\/\/schema.org","@graph":[{"@type":"WebPage","@id":"https:\/\/elfsight.com\/pt\/photo-gallery-widget\/joomla\/","url":"https:\/\/elfsight.com\/pt\/photo-gallery-widget\/joomla\/","name":"Melhor widget de galeria de fotos para site Joomla (gratuito e sem codifica\u00e7\u00e3o)","isPartOf":{"@id":"https:\/\/elfsight.com\/pt\/#website"},"datePublished":"1970-01-01T00:00:00+00:00","dateModified":"2024-11-13T11:42:05+00:00","description":"Adicione um plugin responsivo de Galeria de Fotos ao seu site Joomla e obtenha confian\u00e7a total. Utilize a demonstra\u00e7\u00e3o f\u00e1cil de usar da Elfsight para criar o seu exclusivo.","breadcrumb":{"@id":"https:\/\/elfsight.com\/pt\/photo-gallery-widget\/joomla\/#breadcrumb"},"inLanguage":"pt-PT","potentialAction":[{"@type":"ReadAction","target":["https:\/\/elfsight.com\/pt\/photo-gallery-widget\/joomla\/"]}]},{"@type":"BreadcrumbList","@id":"https:\/\/elfsight.com\/pt\/photo-gallery-widget\/joomla\/#breadcrumb","itemListElement":[{"@type":"ListItem","position":1,"name":"Home","item":"https:\/\/elfsight.com\/pt\/"},{"@type":"ListItem","position":2,"name":"Photo Gallery","item":"https:\/\/elfsight.com\/pt\/photo-gallery-widget\/"},{"@type":"ListItem","position":3,"name":"Photo Gallery &#8211; Joomla"}]},{"@type":"WebSite","@id":"https:\/\/elfsight.com\/pt\/#website","url":"https:\/\/elfsight.com\/pt\/","name":"Elfsight PT","description":"Just another Elfsight Sites site","potentialAction":[{"@type":"SearchAction","target":{"@type":"EntryPoint","urlTemplate":"https:\/\/elfsight.com\/pt\/?s={search_term_string}"},"query-input":{"@type":"PropertyValueSpecification","valueRequired":true,"valueName":"search_term_string"}}],"inLanguage":"pt-PT"}]}},"meta_box":{"industry":"","seo_heading":"","heading":"","description":"","cta_heading":"","cta_description":"","application":"964","h1":"Widget da Galeria de Fotos Joomla","h1_caption":"Revele suas fotos maravilhosas no site","application_category":[],"applications_title":"","applications_request_title":"","applications_request_button_text":"","hero_text":"","hero_video":"","hero_video_schema_markup":"","selling_points_title":"","selling_points_caption":"","selling_points":[],"selling_points_cta_text":"","features_title":"","features":"","ed_cta_examples_text":"","ed_cta_examples_hidden":"","ed_cta_demo_text":"","ed_cta_demo_hidden":"","why_caption":"","why_editor_title":"","why_editor_text":"","why_team_title":"","why_team_text":"","why_service_title":"","why_service_text":"","template_catalog_visible":"","template_catalog_title":"","template_catalog_text":"","template_catalog_categories_visible":"","demo_title":"Crie seu plugin da Galeria de Fotos","demo_caption":"Configure sua Galeria de Fotos e adicione-a ao seu site Joomla gratuitamente!","default_faq_hidden":"","app_template_category":[],"platform":"52","template_public_id":"","codecanyon_url":"","codecanyon_item_id":"","codecanyon_price":"","pricing_caption":"","pricing_elfsight_apps_hide_column":"","pricing_elfsight_apps_url":"","pricing_codecanyon_price_caption":"","integration_category":[],"integration_request_title":"","integration_request_cta":"","integration_platform":"","integrations":[],"platform_category":[],"video_schema_markup":"","price":"a partir de US$ 0\/m\u00eas","trial":"","benefits":[{"text":"Assist\u00eancia de instala\u00e7\u00e3o gratuita"},{"text":"Atendimento ao cliente competente"},{"text":"Garantia de devolu\u00e7\u00e3o do dinheiro em 14 dias"},{"text":"Melhorias gratuitas vital\u00edcias"}],"button_url":"#demo","button_target_blank":"0","button_nofollow":"0","attributes":[{"name":"Instala\u00e7\u00f5es","content":"10,000 - 100,000","_state":"expanded"},{"name":"Responsivo","content":"Sim","_state":"expanded"},{"name":"Navegadores compat\u00edveis","content":"IE11, Firefox, Safari, Opera, Chrome, Edge"}],"tags":[],"tags_disable_links":"0","hide_more_platforms":"","video_object":"","demo_hide_cta":"0","demo_hide_cloud_options":"0","pricing_title":"","pricing":[{"pricing_icon":"platform","pricing_title":"Elfsight Apps","pricing_title_caption":"Software multiplataforma","pricing_price":"a partir de US$ 0\/m\u00eas","pricing_price_caption":"comece com plano gratuito","pricing_benefits":[{"text":"Sites ilimitados"},{"text":"Suporte ao cliente premium"},{"text":"Suporte ao cliente premium"},{"text":"Pre\u00e7o especial para v\u00e1rios aplicativos"}],"pricing_button_text":"Adicionar ao site","pricing_button_url":"#demo","_state":"expanded"}],"related_apps_title":"","related_apps_hidden":"1","author":"","image":[],"title":"","job":"","social_networks":[]},"_links":{"self":[{"href":"https:\/\/elfsight.com\/pt\/wp-json\/wp\/v2\/pages\/4457","targetHints":{"allow":["GET"]}}],"collection":[{"href":"https:\/\/elfsight.com\/pt\/wp-json\/wp\/v2\/pages"}],"about":[{"href":"https:\/\/elfsight.com\/pt\/wp-json\/wp\/v2\/types\/page"}],"author":[{"embeddable":true,"href":"https:\/\/elfsight.com\/pt\/wp-json\/wp\/v2\/users\/9"}],"replies":[{"embeddable":true,"href":"https:\/\/elfsight.com\/pt\/wp-json\/wp\/v2\/comments?post=4457"}],"version-history":[{"count":2,"href":"https:\/\/elfsight.com\/pt\/wp-json\/wp\/v2\/pages\/4457\/revisions"}],"predecessor-version":[{"id":12051,"href":"https:\/\/elfsight.com\/pt\/wp-json\/wp\/v2\/pages\/4457\/revisions\/12051"}],"up":[{"embeddable":true,"href":"https:\/\/elfsight.com\/pt\/wp-json\/wp\/v2\/pages\/965"}],"wp:attachment":[{"href":"https:\/\/elfsight.com\/pt\/wp-json\/wp\/v2\/media?parent=4457"}],"curies":[{"name":"wp","href":"https:\/\/api.w.org\/{rel}","templated":true}]}}