{"id":4456,"date":"1970-01-01T00:00:00","date_gmt":"1970-01-01T00:00:00","guid":{"rendered":"https:\/\/elfsight.com\/pt\/?page_id=4456"},"modified":"2024-11-13T11:49:46","modified_gmt":"2024-11-13T11:49:46","slug":"joomla","status":"publish","type":"page","link":"https:\/\/elfsight.com\/pt\/popup-widget\/joomla\/","title":{"rendered":"Popup &#8211; Joomla"},"content":{"rendered":"<div class=\"application-platform-content-item-description application-platform-content-item\" id=\"description\" data-nav-section=\"description\"> <h2>Descri\u00e7\u00e3o<\/h2> <p>Aplicando a extens\u00e3o Elfsight Popup, voc\u00ea pode criar seus pr\u00f3prios pop-ups de qualquer tipo e exibi-los em seu local na rede Internet. Crie um pop-up aut\u00eantico a partir de diferentes tipos de componentes integrados. Encontre o melhor visual e arranjo; escolha o gatilho de ativa\u00e7\u00e3o e determine o momento para obter melhor efic\u00e1cia do pop-up. Os pop-ups permitem que os usu\u00e1rios criem uma assinatura, conhe\u00e7am suas ofertas, usem cupons, vejam suas vendas e ofertas especiais, estejam cientes de eventos importantes em seu site e muito mais.<\/p> <p><b>Os pop-ups ser\u00e3o ajud\u00e1-lo a vender melhor, promover os eventos planejados, coletar opini\u00f5es e assinantes e muito mais. <\/b><\/p> <\/div><div class=\"faq\" data-component=\"FAQ\"><div class=\"faq-item\">\r\n\t\t\t\t\t<div class=\"faq-item-question\">\r\n\t\t\t\t\t\t<h3 class=\"faq-item-question-text\">Como fa\u00e7o para incorporar um pop-up no meu Joomla? <\/h3>\r\n\r\n\t\t\t\t\t\t<div class=\"faq-item-question-icon\"><\/div>\r\n\t\t\t\t\t<\/div>\r\n\r\n\t\t\t\t\t<div class=\"faq-item-answer\">\r\n\t\t\t\t\t\t<div class=\"faq-item-answer-text\"><p>A cria\u00e7\u00e3o do O formul\u00e1rio de contato pop-up Joomla \u00e9 mantido em aplicativos Elfsight e voc\u00ea n\u00e3o precisa codificar. Utilize nossa demonstra\u00e7\u00e3o ativa para moldar seu widget pessoal, obter o c\u00f3digo e integr\u00e1-lo em seu site. <\/p><\/div>\r\n\t\t\t\t\t<\/div>\r\n\t\t\t\t<\/div><div class=\"faq-item\">\r\n\t\t\t\t\t<div class=\"faq-item-question\">\r\n\t\t\t\t\t\t<h3 class=\"faq-item-question-text\">Os melhores exemplos de uso de integra\u00e7\u00e3o pop-up responsiva<\/h3>\r\n\r\n\t\t\t\t\t\t<div class=\"faq-item-question-icon\"><\/div>\r\n\t\t\t\t\t<\/div>\r\n\r\n\t\t\t\t\t<div class=\"faq-item-answer\">\r\n\t\t\t\t\t\t<div class=\"faq-item-answer-text\"><p>Oferecemos muitas possibilidades de personaliza\u00e7\u00e3o para um formul\u00e1rio de contato Joomla: widgets em tamanho real para inser\u00e7\u00e3o na \u00e1rea de conte\u00fado, widgets flutuantes com oportunidades de rolagem, layouts para rodap\u00e9, se\u00e7\u00e3o principal e todos os tipos de possibilidades verticais para barras laterais e menus do site.<\/p><\/div>\r\n\t\t\t\t\t<\/div>\r\n\t\t\t\t<\/div><div class=\"faq-item\">\r\n\t\t\t\t\t<div class=\"faq-item-question\">\r\n\t\t\t\t\t\t<h3 class=\"faq-item-question-text\">Pode Eu construo um pop-up Black Friday ou Exit Intent com a ajuda do seu editor <\/h3>\r\n\r\n\t\t\t\t\t\t<div class=\"faq-item-question-icon\"><\/div>\r\n\t\t\t\t\t<\/div>\r\n\r\n\t\t\t\t\t<div class=\"faq-item-answer\">\r\n\t\t\t\t\t\t<div class=\"faq-item-answer-text\"><p>Voc\u00ea est\u00e1 livre para fazer altera\u00e7\u00f5es em qualquer widget. Existem v\u00e1rios layouts para formul\u00e1rios de contato e todos eles podem ser facilmente ajustados conforme sua necessidade. Al\u00e9m disso, voc\u00ea pode criar um pop-up de v\u00eddeo para Joomla simplesmente colando um link para o v\u00eddeo do YouTube em um determinado campo.<\/p><\/div>\r\n\t\t\t\t\t<\/div>\r\n\t\t\t\t<\/div><\/div><div class=\"application-platform-content-item-features application-platform-content-item\" id=\"features\" data-nav-section=\"features\"> <h2>Principais funcionalidades do m\u00f3dulo Popup<\/h2> <p>Veja todas as funcionalidades da extens\u00e3o. Voc\u00ea pode ajust\u00e1-los diretamente no editor e eles o ajudar\u00e3o a criar o m\u00f3dulo exatamente de acordo com suas necessidades.<\/p> <ul><li>12 elementos diferentes para configurar um pop-up<\/li> <li>Cinco layouts de pop-up inclu\u00eddos para diferentes casos<\/li> <li>Incorpore bot\u00f5es para levar os usu\u00e1rios a qualquer p\u00e1gina<\/li><li>Oportunidade de criar um pop-up de formul\u00e1rio de contato<\/li><li>Envie uma imagem de fundo e um v\u00eddeo para um Pop-up do Joomla<\/li> <li>O pop-up pode ocorrer ap\u00f3s um tempo espec\u00edfico na p\u00e1gina ou quantidade de rolagem<\/li> <li>Acionadores de pop-up: clique em um elemento ou role para baixo at\u00e9 ele<\/li> <\/ul> <p><a href=\"#demo\">Voc\u00ea pode experimentar todas as caracter\u00edsticas funcionais do widget diretamente na demonstra\u00e7\u00e3o<\/a><\/p> <\/div><div class=\"application-platform-content-item-installation application-platform-content-item\" id=\"installation\" data-nav-section=\"installation\"><h2>Como posso adicionar Extens\u00e3o pop-up para o site Joomla?<\/h2><div class=\"video-container\"><iframe width=\"720\" height=\"405\" src=\"https:\/\/www.youtube.com\/embed\/K8lRf1BJjqg\" frameborder=\"0\" allowfullscreen=\"\"><\/iframe><\/div><p>Basta seguir os seguintes passos abaixo para adicionar a ferramenta no Joomla.<\/p> <ol><li><b>Use nosso servi\u00e7o gratuito fa\u00e7a uma demonstra\u00e7\u00e3o e comece a formar seu plugin exclusivo.<\/b><br> Encontre o layout selecionado e os aspectos da ferramenta e salve as modifica\u00e7\u00f5es.<\/li> <li><b>Adquira seu c\u00f3digo individual mostrado na caixa nos aplicativos Elfsight .<\/b><br> Ap\u00f3s a conclus\u00e3o do estabelecimento de sua extens\u00e3o Popup, copie o c\u00f3digo pessoal da caixa exibida e salve-o para uso posterior.<\/li> <li><b>Comece a usar a ferramenta no Joomla site.<\/b><br> Implemente o c\u00f3digo que voc\u00ea salvou antes em seu site e aplique as edi\u00e7\u00f5es.<\/li> <li><b>Pronto! A incorpora\u00e7\u00e3o \u00e9 totalmente realizada.<\/b><br> Acesse seu site Joomla para ver como a extens\u00e3o funciona.<\/li><\/ol><p>N\u00e3o hesite em entrar em contato com o servi\u00e7o de suporte se precisar de ajuda. Instala\u00e7\u00e3o do Joomla. Teremos prazer em ajud\u00e1-lo com qualquer solicita\u00e7\u00e3o.<\/p> <\/div>","protected":false},"excerpt":{"rendered":"","protected":false},"author":9,"featured_media":0,"parent":542,"menu_order":0,"comment_status":"closed","ping_status":"closed","template":"templates\/template-application-platform.php","meta":{"publish_to_discourse":"","publish_post_category":"","wpdc_auto_publish_overridden":"","wpdc_topic_tags":"","wpdc_pin_topic":"","wpdc_pin_until":"","discourse_post_id":"","discourse_permalink":"","wpdc_publishing_response":"","wpdc_publishing_error":"","footnotes":""},"class_list":["post-4456","page","type-page","status-publish","hentry"],"yoast_head":"<!-- This site is optimized with the Yoast SEO plugin v25.3.1 - https:\/\/yoast.com\/wordpress\/plugins\/seo\/ -->\n<title>Adicione um m\u00f3dulo Popup a um site Joomla gratuitamente<\/title>\n<meta name=\"description\" content=\"Crie um popup no Joomla sem codifica\u00e7\u00e3o!\" \/>\n<meta name=\"robots\" content=\"index, follow, max-snippet:-1, max-image-preview:large, max-video-preview:-1\" \/>\n<link rel=\"canonical\" href=\"https:\/\/elfsight.com\/pt\/popup-widget\/joomla\/\" \/>\n<meta property=\"og:locale\" content=\"pt_PT\" \/>\n<meta property=\"og:type\" content=\"article\" \/>\n<meta property=\"og:title\" content=\"Adicione um m\u00f3dulo Popup a um site Joomla gratuitamente\" \/>\n<meta property=\"og:description\" content=\"Crie um popup no Joomla sem codifica\u00e7\u00e3o!\" \/>\n<meta property=\"og:url\" content=\"https:\/\/elfsight.com\/pt\/popup-widget\/joomla\/\" \/>\n<meta property=\"og:site_name\" content=\"Elfsight PT\" \/>\n<meta property=\"article:modified_time\" content=\"2024-11-13T11:49:46+00:00\" \/>\n<meta name=\"twitter:card\" content=\"summary_large_image\" \/>\n<meta name=\"twitter:label1\" content=\"Tempo estimado de leitura\" \/>\n\t<meta name=\"twitter:data1\" content=\"2 minutos\" \/>\n<!-- \/ Yoast SEO plugin. -->","yoast_head_json":{"title":"Adicione um m\u00f3dulo Popup a um site Joomla gratuitamente","description":"Crie um popup no Joomla sem codifica\u00e7\u00e3o!","robots":{"index":"index","follow":"follow","max-snippet":"max-snippet:-1","max-image-preview":"max-image-preview:large","max-video-preview":"max-video-preview:-1"},"canonical":"https:\/\/elfsight.com\/pt\/popup-widget\/joomla\/","og_locale":"pt_PT","og_type":"article","og_title":"Adicione um m\u00f3dulo Popup a um site Joomla gratuitamente","og_description":"Crie um popup no Joomla sem codifica\u00e7\u00e3o!","og_url":"https:\/\/elfsight.com\/pt\/popup-widget\/joomla\/","og_site_name":"Elfsight PT","article_modified_time":"2024-11-13T11:49:46+00:00","twitter_card":"summary_large_image","twitter_misc":{"Tempo estimado de leitura":"2 minutos"},"schema":{"@context":"https:\/\/schema.org","@graph":[{"@type":"WebPage","@id":"https:\/\/elfsight.com\/pt\/popup-widget\/joomla\/","url":"https:\/\/elfsight.com\/pt\/popup-widget\/joomla\/","name":"Adicione um m\u00f3dulo Popup a um site Joomla gratuitamente","isPartOf":{"@id":"https:\/\/elfsight.com\/pt\/#website"},"datePublished":"1970-01-01T00:00:00+00:00","dateModified":"2024-11-13T11:49:46+00:00","description":"Crie um popup no Joomla sem codifica\u00e7\u00e3o!","breadcrumb":{"@id":"https:\/\/elfsight.com\/pt\/popup-widget\/joomla\/#breadcrumb"},"inLanguage":"pt-PT","potentialAction":[{"@type":"ReadAction","target":["https:\/\/elfsight.com\/pt\/popup-widget\/joomla\/"]}]},{"@type":"BreadcrumbList","@id":"https:\/\/elfsight.com\/pt\/popup-widget\/joomla\/#breadcrumb","itemListElement":[{"@type":"ListItem","position":1,"name":"Home","item":"https:\/\/elfsight.com\/pt\/"},{"@type":"ListItem","position":2,"name":"Popup","item":"https:\/\/elfsight.com\/pt\/popup-widget\/"},{"@type":"ListItem","position":3,"name":"Popup &#8211; Joomla"}]},{"@type":"WebSite","@id":"https:\/\/elfsight.com\/pt\/#website","url":"https:\/\/elfsight.com\/pt\/","name":"Elfsight PT","description":"Just another Elfsight Sites site","potentialAction":[{"@type":"SearchAction","target":{"@type":"EntryPoint","urlTemplate":"https:\/\/elfsight.com\/pt\/?s={search_term_string}"},"query-input":{"@type":"PropertyValueSpecification","valueRequired":true,"valueName":"search_term_string"}}],"inLanguage":"pt-PT"}]}},"meta_box":{"industry":"","seo_heading":"","heading":"","description":"","cta_heading":"","cta_description":"","application":"541","h1":"M\u00f3dulo pop-up Joomla","h1_caption":"Organize qualquer tipo de pop-up para anunciar descontos e aumentar as vendas","application_category":[],"applications_title":"","applications_request_title":"","applications_request_button_text":"","hero_text":"","hero_video":"","hero_video_schema_markup":"","selling_points_title":"","selling_points_caption":"","selling_points":[],"selling_points_cta_text":"","features_title":"","features":"","ed_cta_examples_text":"","ed_cta_examples_hidden":"","ed_cta_demo_text":"","ed_cta_demo_hidden":"","why_caption":"","why_editor_title":"","why_editor_text":"","why_team_title":"","why_team_text":"","why_service_title":"","why_service_text":"","template_catalog_visible":"","template_catalog_title":"","template_catalog_text":"","template_catalog_categories_visible":"","demo_title":"Crie seu plugin Popup","demo_caption":"Configure seu Popup e adicione-o ao seu site Joomla gratuitamente!","default_faq_hidden":"","app_template_category":[],"platform":"52","template_public_id":"","codecanyon_url":"","codecanyon_item_id":"","codecanyon_price":"","pricing_caption":"","pricing_elfsight_apps_hide_column":"","pricing_elfsight_apps_url":"","pricing_codecanyon_price_caption":"","integration_category":[],"integration_request_title":"","integration_request_cta":"","integration_platform":"","integrations":[],"platform_category":[],"video_schema_markup":"","price":"a partir de US$ 0\/m\u00eas","trial":"","benefits":[{"text":"Assist\u00eancia de instala\u00e7\u00e3o gratuita"},{"text":"Suporte excepcional"},{"text":"Garantia de reembolso de 14 dias"},{"text":"Atualizando constantemente"}],"button_url":"#demo","button_target_blank":"0","button_nofollow":"0","attributes":[{"name":"Instala\u00e7\u00f5es","content":"100,000 - 500,000","_state":"expanded"},{"name":"Responsivo","content":"Sim","_state":"expanded"},{"name":"Navegadores compat\u00edveis","content":"Firefox, Safari, Opera, Chrome, Edge"}],"tags":[],"tags_disable_links":"0","hide_more_platforms":"","video_object":"","demo_hide_cta":"0","demo_hide_cloud_options":"0","pricing_title":"","pricing":[{"pricing_icon":"platform","pricing_title":"Elfsight Apps","pricing_title_caption":"Vers\u00e3o multiplataforma adequada para qualquer site","pricing_price":"a partir de US$ 0\/m\u00eas","pricing_price_caption":"comece com plano gratuito","pricing_benefits":[{"text":"Sites ilimitados"},{"text":"Suporte ao cliente 24 horas por dia, 7 dias por semana"},{"text":"Suporte ao cliente 24 horas por dia, 7 dias por semana"},{"text":"Oferta especial para v\u00e1rios aplicativos"}],"pricing_button_text":"Adicionar ao site","pricing_button_url":"#demo","_state":"expanded"}],"related_apps_title":"","related_apps_hidden":"1","author":"","image":[],"title":"","job":"","social_networks":[]},"_links":{"self":[{"href":"https:\/\/elfsight.com\/pt\/wp-json\/wp\/v2\/pages\/4456","targetHints":{"allow":["GET"]}}],"collection":[{"href":"https:\/\/elfsight.com\/pt\/wp-json\/wp\/v2\/pages"}],"about":[{"href":"https:\/\/elfsight.com\/pt\/wp-json\/wp\/v2\/types\/page"}],"author":[{"embeddable":true,"href":"https:\/\/elfsight.com\/pt\/wp-json\/wp\/v2\/users\/9"}],"replies":[{"embeddable":true,"href":"https:\/\/elfsight.com\/pt\/wp-json\/wp\/v2\/comments?post=4456"}],"version-history":[{"count":2,"href":"https:\/\/elfsight.com\/pt\/wp-json\/wp\/v2\/pages\/4456\/revisions"}],"predecessor-version":[{"id":12099,"href":"https:\/\/elfsight.com\/pt\/wp-json\/wp\/v2\/pages\/4456\/revisions\/12099"}],"up":[{"embeddable":true,"href":"https:\/\/elfsight.com\/pt\/wp-json\/wp\/v2\/pages\/542"}],"wp:attachment":[{"href":"https:\/\/elfsight.com\/pt\/wp-json\/wp\/v2\/media?parent=4456"}],"curies":[{"name":"wp","href":"https:\/\/api.w.org\/{rel}","templated":true}]}}