{"id":4449,"date":"1970-01-01T00:00:00","date_gmt":"1970-01-01T00:00:00","guid":{"rendered":"https:\/\/elfsight.com\/pt\/?page_id=4449"},"modified":"2024-11-13T11:41:56","modified_gmt":"2024-11-13T11:41:56","slug":"iframe","status":"publish","type":"page","link":"https:\/\/elfsight.com\/pt\/photo-gallery-widget\/iframe\/","title":{"rendered":"Photo Gallery &#8211; iFrame"},"content":{"rendered":"<div class=\"application-platform-content-item-description application-platform-content-item\" id=\"description\" data-nav-section=\"description\"><h2>Incorpore a Galeria de Fotos no iFrame com o widget Elfsight<\/h2> <p>A Elfsight Gallery \u00e9 a maneira mais f\u00e1cil de organizar imagens ou criar um estilo elegante \u00e1lbuns em seu site. Fa\u00e7a upload de qualquer n\u00famero de fotos, coloque coment\u00e1rios e escolha a melhor maneira de coloc\u00e1-los na p\u00e1gina. O widget Elfsight oferece 6 variantes de layout e diversos outros recursos de design. Cada imagem aparece em um pop-up, os usu\u00e1rios podem navegar por elas ou iniciar uma apresenta\u00e7\u00e3o de slides, aumentar e diminuir o zoom e abrir as imagens em tela cheia. Voc\u00ea pode escolher cores personalizadas para os elementos do widget e fazer upload de um plano de fundo exclusivo, variar as configura\u00e7\u00f5es de texto e mais oportunidades de estilo.<\/p><p><b>Aumente o envolvimento com a ajuda de galerias de fotos imperd\u00edveis! <\/b><\/p> <\/div> <div class=\"application-platform-content-item-features application-platform-content-item\" id=\"features\" data-nav-section=\"features\"><h2>Principais recursos do widget Galeria de Fotos<\/h2> <p>Aqui est\u00e1 uma lista de todas as caracter\u00edsticas funcionais da Galeria de Fotos para iFrame . Voc\u00ea pode gerenci\u00e1-los diretamente no editor e eles o ajudar\u00e3o a criar o widget adequado ao seu caso. <\/p> <ul> <li>Use bot\u00f5es de CTA para orientar os visitantes do site em dire\u00e7\u00e3o ao seu objetivo. <\/li> <li>Ajuste a dura\u00e7\u00e3o da mudan\u00e7a de slide. <\/li> <li>Escolha entre diversas variantes de pagina\u00e7\u00e3o. <\/li> <li>Coloque o texto em qualquer lugar da p\u00e1gina por meio da posi\u00e7\u00e3o avan\u00e7ada. <\/li> <li>Ajuste cinco elementos de conte\u00fado. <\/li> <\/ul> <p><a href=\"#demo\">Veja como todos os recursos funcionam em nossa demonstra\u00e7\u00e3o<\/a><\/p> <\/div> <div class=\"application-platform-content-item-installation application-platform-content-item\" id=\"installation\" data-nav-section=\"installation\"> <h2>Como adicionar uma galeria de fotos ao iFrame? <\/h2> <p>Para adicionar widget, siga as orienta\u00e7\u00f5es abaixo. <\/p> <ol><li><b>Gere seu plugin exclusivo da Galeria<\/b><br> Usando nossa demonstra\u00e7\u00e3o gratuita, crie um plugin com apar\u00eancia e fun\u00e7\u00f5es preferidas. <\/li> <li><b>Obtenha o c\u00f3digo individual para integrar o plugin<\/b><br> Depois de configurar o seu widget, voc\u00ea obter\u00e1 o c\u00f3digo de instala\u00e7\u00e3o na janela que aparece nos aplicativos Elfsight. Copie. <\/li> <li><b>Adicione o plugin em seu site iFrame<\/b><br> Encontre o local onde deseja adicionar o plugin e insira o c\u00f3digo salvo l\u00e1. Salve as altera\u00e7\u00f5es. <\/li> <li><b>Pronto! <\/b><br> V\u00e1 at\u00e9 sua p\u00e1gina para conferir seu trabalho. <\/li> <\/ol> <p>N\u00e3o hesite em entrar em contato com o suporte ao cliente se precisar de aconselhamento ou tiver problemas. Ficaremos felizes em ajudar com todas as solicita\u00e7\u00f5es. <\/p> <div class=\"faq\" data-component=\"FAQ\"><div class=\"faq-item\">\r\n\t\t\t\t\t<div class=\"faq-item-question\">\r\n\t\t\t\t\t\t<h3 class=\"faq-item-question-text\">Como adicionar uma Galeria de Fotos ao meu iFrame sem conhecimentos de codifica\u00e7\u00e3o?<\/h3>\r\n\r\n\t\t\t\t\t\t<div class=\"faq-item-question-icon\"><\/div>\r\n\t\t\t\t\t<\/div>\r\n\r\n\t\t\t\t\t<div class=\"faq-item-answer\">\r\n\t\t\t\t\t\t<div class=\"faq-item-answer-text\"> <p>A Elfsight fornece uma solu\u00e7\u00e3o SaaS que permite a um grande p\u00fablico criar voc\u00ea mesmo um widget de Galeria de Fotos, veja como \u00e9 descomplicado \u00e9: V\u00e1 para a demonstra\u00e7\u00e3o online para criar um plugin de galeria de fotos que voc\u00ea gostaria de incluir em seu iFrame. Escolha um dos modelos predefinidos e ajuste as configura\u00e7\u00f5es da Galeria de Fotos, altere o layout e a cor dos elementos, incluindo o seu conte\u00fado, sem experi\u00eancia em codifica\u00e7\u00e3o. Clique para salvar as configura\u00e7\u00f5es feitas na Galeria de Fotos e copie o c\u00f3digo de instala\u00e7\u00e3o, que pode ser facilmente adicionado no site do iFrame dentro de um plano gratuito. Trabalhando no Configurador f\u00e1cil de usar, qualquer usu\u00e1rio da Internet pode criar uma Galeria de Fotos e adicion\u00e1-la facilmente ao site iFrame. Voc\u00ea n\u00e3o deve adquirir um plano pago ou inserir os dados do seu cart\u00e3o para entrar no Elfsight Editor. Se voc\u00ea encontrar algum obst\u00e1culo em qualquer etapa, entre em contato com nosso suporte t\u00e9cnico ao cliente.<\/p> <\/div>\r\n\t\t\t\t\t<\/div>\r\n\t\t\t\t<\/div> <\/div><\/div>","protected":false},"excerpt":{"rendered":"","protected":false},"author":9,"featured_media":0,"parent":965,"menu_order":0,"comment_status":"closed","ping_status":"closed","template":"templates\/template-application-platform.php","meta":{"publish_to_discourse":"","publish_post_category":"","wpdc_auto_publish_overridden":"","wpdc_topic_tags":"","wpdc_pin_topic":"","wpdc_pin_until":"","discourse_post_id":"","discourse_permalink":"","wpdc_publishing_response":"","wpdc_publishing_error":"","footnotes":""},"class_list":["post-4449","page","type-page","status-publish","hentry"],"yoast_head":"<!-- This site is optimized with the Yoast SEO plugin v25.3.1 - https:\/\/yoast.com\/wordpress\/plugins\/seo\/ -->\n<title>Widget responsivo da galeria de fotos iFrame gratuitamente (2025)<\/title>\n<meta name=\"description\" content=\"Experimente gratuitamente o melhor plugin de galeria de fotos para iFrame. Um widget de galeria simples e r\u00e1pido que se integra sem habilidades de desenvolvimento.\" \/>\n<meta name=\"robots\" content=\"index, follow, max-snippet:-1, max-image-preview:large, max-video-preview:-1\" \/>\n<link rel=\"canonical\" href=\"https:\/\/elfsight.com\/pt\/photo-gallery-widget\/iframe\/\" \/>\n<meta property=\"og:locale\" content=\"pt_PT\" \/>\n<meta property=\"og:type\" content=\"article\" \/>\n<meta property=\"og:title\" content=\"Widget responsivo da galeria de fotos iFrame gratuitamente (2025)\" \/>\n<meta property=\"og:description\" content=\"Experimente gratuitamente o melhor plugin de galeria de fotos para iFrame. Um widget de galeria simples e r\u00e1pido que se integra sem habilidades de desenvolvimento.\" \/>\n<meta property=\"og:url\" content=\"https:\/\/elfsight.com\/pt\/photo-gallery-widget\/iframe\/\" \/>\n<meta property=\"og:site_name\" content=\"Elfsight PT\" \/>\n<meta property=\"article:modified_time\" content=\"2024-11-13T11:41:56+00:00\" \/>\n<meta name=\"twitter:card\" content=\"summary_large_image\" \/>\n<meta name=\"twitter:label1\" content=\"Tempo estimado de leitura\" \/>\n\t<meta name=\"twitter:data1\" content=\"2 minutos\" \/>\n<!-- \/ Yoast SEO plugin. -->","yoast_head_json":{"title":"Widget responsivo da galeria de fotos iFrame gratuitamente (2025)","description":"Experimente gratuitamente o melhor plugin de galeria de fotos para iFrame. Um widget de galeria simples e r\u00e1pido que se integra sem habilidades de desenvolvimento.","robots":{"index":"index","follow":"follow","max-snippet":"max-snippet:-1","max-image-preview":"max-image-preview:large","max-video-preview":"max-video-preview:-1"},"canonical":"https:\/\/elfsight.com\/pt\/photo-gallery-widget\/iframe\/","og_locale":"pt_PT","og_type":"article","og_title":"Widget responsivo da galeria de fotos iFrame gratuitamente (2025)","og_description":"Experimente gratuitamente o melhor plugin de galeria de fotos para iFrame. Um widget de galeria simples e r\u00e1pido que se integra sem habilidades de desenvolvimento.","og_url":"https:\/\/elfsight.com\/pt\/photo-gallery-widget\/iframe\/","og_site_name":"Elfsight PT","article_modified_time":"2024-11-13T11:41:56+00:00","twitter_card":"summary_large_image","twitter_misc":{"Tempo estimado de leitura":"2 minutos"},"schema":{"@context":"https:\/\/schema.org","@graph":[{"@type":"WebPage","@id":"https:\/\/elfsight.com\/pt\/photo-gallery-widget\/iframe\/","url":"https:\/\/elfsight.com\/pt\/photo-gallery-widget\/iframe\/","name":"Widget responsivo da galeria de fotos iFrame gratuitamente (2025)","isPartOf":{"@id":"https:\/\/elfsight.com\/pt\/#website"},"datePublished":"1970-01-01T00:00:00+00:00","dateModified":"2024-11-13T11:41:56+00:00","description":"Experimente gratuitamente o melhor plugin de galeria de fotos para iFrame. Um widget de galeria simples e r\u00e1pido que se integra sem habilidades de desenvolvimento.","breadcrumb":{"@id":"https:\/\/elfsight.com\/pt\/photo-gallery-widget\/iframe\/#breadcrumb"},"inLanguage":"pt-PT","potentialAction":[{"@type":"ReadAction","target":["https:\/\/elfsight.com\/pt\/photo-gallery-widget\/iframe\/"]}]},{"@type":"BreadcrumbList","@id":"https:\/\/elfsight.com\/pt\/photo-gallery-widget\/iframe\/#breadcrumb","itemListElement":[{"@type":"ListItem","position":1,"name":"Home","item":"https:\/\/elfsight.com\/pt\/"},{"@type":"ListItem","position":2,"name":"Photo Gallery","item":"https:\/\/elfsight.com\/pt\/photo-gallery-widget\/"},{"@type":"ListItem","position":3,"name":"Photo Gallery &#8211; iFrame"}]},{"@type":"WebSite","@id":"https:\/\/elfsight.com\/pt\/#website","url":"https:\/\/elfsight.com\/pt\/","name":"Elfsight PT","description":"Just another Elfsight Sites site","potentialAction":[{"@type":"SearchAction","target":{"@type":"EntryPoint","urlTemplate":"https:\/\/elfsight.com\/pt\/?s={search_term_string}"},"query-input":{"@type":"PropertyValueSpecification","valueRequired":true,"valueName":"search_term_string"}}],"inLanguage":"pt-PT"}]}},"meta_box":{"industry":"","seo_heading":"","heading":"","description":"","cta_heading":"","cta_description":"","application":"964","h1":"Widget Galeria de fotos iFrame","h1_caption":"Mostre suas fotos surpreendentes na p\u00e1gina","application_category":[],"applications_title":"","applications_request_title":"","applications_request_button_text":"","hero_text":"","hero_video":"","hero_video_schema_markup":"","selling_points_title":"","selling_points_caption":"","selling_points":[],"selling_points_cta_text":"","features_title":"","features":"","ed_cta_examples_text":"","ed_cta_examples_hidden":"","ed_cta_demo_text":"","ed_cta_demo_hidden":"","why_caption":"","why_editor_title":"","why_editor_text":"","why_team_title":"","why_team_text":"","why_service_title":"","why_service_text":"","template_catalog_visible":"","template_catalog_title":"","template_catalog_text":"","template_catalog_categories_visible":"","demo_title":"Crie seu widget de Galeria de Fotos","demo_caption":"Configure sua Galeria de Fotos e adicione-a ao seu site iFrame gratuitamente!","default_faq_hidden":"","app_template_category":[],"platform":"4911","template_public_id":"","codecanyon_url":"","codecanyon_item_id":"","codecanyon_price":"","pricing_caption":"","pricing_elfsight_apps_hide_column":"","pricing_elfsight_apps_url":"","pricing_codecanyon_price_caption":"","integration_category":[],"integration_request_title":"","integration_request_cta":"","integration_platform":"","integrations":[],"platform_category":[],"video_schema_markup":"","price":"a partir de US$ 0\/m\u00eas","trial":"","benefits":[{"text":"Ajuda de instala\u00e7\u00e3o gratuita"},{"text":"Suporte ao cliente experiente"},{"text":"Garantia de reembolso de 14 dias"},{"text":"Melhorias gratuitas cont\u00ednuas"}],"button_url":"#demo","button_target_blank":"0","button_nofollow":"0","attributes":[{"name":"Instala\u00e7\u00f5es","content":"10,000 - 100,000","_state":"expanded"},{"name":"Responsivo","content":"Sim","_state":"expanded"},{"name":"Navegadores compat\u00edveis","content":"Safari, Chrome, Firefox, Opera, Edge"}],"tags":[],"tags_disable_links":"0","hide_more_platforms":"","video_object":"","demo_hide_cta":"0","demo_hide_cloud_options":"0","pricing_title":"","pricing":[{"pricing_icon":"platform","pricing_title":"Elfsight Apps","pricing_title_caption":"Vers\u00e3o multiplataforma que se adapta a qualquer site","pricing_price":"a partir de US$ 0\/m\u00eas","pricing_price_caption":"comece com plano gratuito","pricing_benefits":[{"text":"Dom\u00ednios ilimitados"},{"text":"Suporte r\u00e1pido e pontual"},{"text":"Suporte r\u00e1pido e pontual"},{"text":"Oferta especial para v\u00e1rios aplicativos"}],"pricing_button_text":"Adicionar ao site","pricing_button_url":"#demo","_state":"expanded"}],"related_apps_title":"","related_apps_hidden":"1","author":"","image":[],"title":"","job":"","social_networks":[]},"_links":{"self":[{"href":"https:\/\/elfsight.com\/pt\/wp-json\/wp\/v2\/pages\/4449","targetHints":{"allow":["GET"]}}],"collection":[{"href":"https:\/\/elfsight.com\/pt\/wp-json\/wp\/v2\/pages"}],"about":[{"href":"https:\/\/elfsight.com\/pt\/wp-json\/wp\/v2\/types\/page"}],"author":[{"embeddable":true,"href":"https:\/\/elfsight.com\/pt\/wp-json\/wp\/v2\/users\/9"}],"replies":[{"embeddable":true,"href":"https:\/\/elfsight.com\/pt\/wp-json\/wp\/v2\/comments?post=4449"}],"version-history":[{"count":2,"href":"https:\/\/elfsight.com\/pt\/wp-json\/wp\/v2\/pages\/4449\/revisions"}],"predecessor-version":[{"id":12049,"href":"https:\/\/elfsight.com\/pt\/wp-json\/wp\/v2\/pages\/4449\/revisions\/12049"}],"up":[{"embeddable":true,"href":"https:\/\/elfsight.com\/pt\/wp-json\/wp\/v2\/pages\/965"}],"wp:attachment":[{"href":"https:\/\/elfsight.com\/pt\/wp-json\/wp\/v2\/media?parent=4449"}],"curies":[{"name":"wp","href":"https:\/\/api.w.org\/{rel}","templated":true}]}}