{"id":4445,"date":"1970-01-01T00:00:00","date_gmt":"1970-01-01T00:00:00","guid":{"rendered":"https:\/\/elfsight.com\/pt\/?page_id=4445"},"modified":"2025-03-04T11:35:26","modified_gmt":"2025-03-04T11:35:26","slug":"iframe","status":"publish","type":"page","link":"https:\/\/elfsight.com\/pt\/pricing-table-plugin\/iframe\/","title":{"rendered":"Pricing Table &#8211; iFrame"},"content":{"rendered":"\n<div class=\"application-platform-content-item-description application-platform-content-item\" id=\"description\" data-nav-section=\"description\"><h2>Incorpore a tabela de pre\u00e7os no iFrame com o widget Elfsight<\/h2><p>O pre\u00e7o tem uma das fun\u00e7\u00f5es mais importantes para estimular os visitantes a fazerem pedidos . O plugin da nossa equipe n\u00e3o s\u00f3 permite que os clientes da p\u00e1gina vejam e comparem os planos de pre\u00e7os dispon\u00edveis. Tamb\u00e9m contribui para melhorar a convers\u00e3o com a ajuda das melhores t\u00e9cnicas de interface e configura\u00e7\u00e3o.<\/p><p><b>Leve as vendas do seu site para outro patamar, com a ajuda de uma precifica\u00e7\u00e3o poderosa.<\/b><\/p><p><b>Atraia mais clientes<\/b><br>Obtenha o melhor das mais novas tend\u00eancias de design, para combater todas as suspeitas dos clientes enquanto toma a decis\u00e3o de comprar e obter a maior convers\u00e3o.<\/p> <p><b>Ajude os clientes a realizar uma compra<\/b><br>Demonstre de forma mais clara e eficiente todas as informa\u00e7\u00f5es que seus usu\u00e1rios em potencial est\u00e3o procurando e ajude-os a fazer a escolha adequada.<\/p> <p><b>Personaliza\u00e7\u00e3o r\u00e1pida e eficiente<\/b><br>Gra\u00e7as a um grande n\u00famero de configura\u00e7\u00f5es que permitem criar todos os conjuntos de pre\u00e7os poss\u00edveis em apenas 3 passos, voc\u00ea ter\u00e1 aquele que ser\u00e1 absolutamente eficiente para voc\u00ea.<\/p><\/div><div class=\"application-platform-content-item-features application-platform-content-item\" id=\"features\" data-nav-section=\"features\"><h2>Principais recursos do widget Tabela de Pre\u00e7os<\/h2><p>Confira as caracter\u00edsticas que transformam nosso plugin na melhor Tabela de Pre\u00e7os para sites iFrame.<\/p><ul><li>5 skins predefinidas, com diferentes esquemas de cores;<\/li><li>6 elementos de coluna integrados que podem ser organizados e personalizados para obter a apar\u00eancia perfeita;<\/li><li>Destaque qualquer coluna;<\/li> <li>Os elementos de cor de cada coluna podem ser personalizados individualmente.<\/li><\/ul><p><a href=\"#demo\">Voc\u00ea pode experimentar todas as vantagens na demonstra\u00e7\u00e3o ao vivo<\/a><\/p><\/div><div class=\"application-platform-content-item-installation application-platform-content-item\" id=\"installation\" data-nav-section=\"installation\"><h2>Como adicionar o plugin Pricing Table ao site iFrame<\/h2><p>Aqui est\u00e1 um breve guia sobre como incorporar nosso plugin. Para realizar este processo, voc\u00ea n\u00e3o precisar\u00e1 de compet\u00eancia em desenvolvimento web nem de muito tempo. Apenas 3 a\u00e7\u00f5es simples e 3 minutos.<\/p><ol><li><b>Crie seu pr\u00f3prio plugin de pre\u00e7os<\/b><br> Por meio de nosso configurador gratuito, configure um plugin com apar\u00eancia e fun\u00e7\u00f5es preferidas. <\/li><li><b>Copie o c\u00f3digo pessoal para exibir o plugin<\/b><br> Depois de criar o seu plugin, voc\u00ea adquirir\u00e1 o seu c\u00f3digo pessoal a partir da notifica\u00e7\u00e3o exibida nos aplicativos da Elfsight. Copie-o para uso futuro. <\/li> <li><b>Exiba o plugin em seu site iFrame<\/b><br> Escolha a \u00e1rea onde voc\u00ea gostaria de mostrar o plugin e insira o c\u00f3digo salvo l\u00e1. Aplique as altera\u00e7\u00f5es. <\/li> <li><b>A configura\u00e7\u00e3o foi conclu\u00edda<\/b><br> Acesse o site para ver seus depoimentos. <\/li> <\/ol><p>Encontrou problemas ao configurar o plugin? Consulte nosso manual completo \u00abComo adicionar tabela de pre\u00e7os em um iFrame\u00bb ou acesse nossa central de ajuda, que resolver\u00e1 qualquer tipo de problema facilmente.<\/p><div class=\"faq\" data-component=\"FAQ\"> <div class=\"faq-item\">\r\n\t\t\t\t\t<div class=\"faq-item-question\">\r\n\t\t\t\t\t\t<h3 class=\"faq-item-question-text\">Como adicionar uma tabela de pre\u00e7os ao meu iFrame site sem habilidades de codifica\u00e7\u00e3o?<\/h3>\r\n\r\n\t\t\t\t\t\t<div class=\"faq-item-question-icon\"><\/div>\r\n\t\t\t\t\t<\/div>\r\n\r\n\t\t\t\t\t<div class=\"faq-item-answer\">\r\n\t\t\t\t\t\t<div class=\"faq-item-answer-text\"> <p>A Elfsight fornece uma solu\u00e7\u00e3o SaaS que permite que voc\u00ea mesmo crie um widget de Tabela de Pre\u00e7os. Veja como o processo \u00e9 f\u00e1cil: Trabalhe diretamente no Editor on-line para criar um widget de Tabela de Pre\u00e7os que voc\u00ea gostaria de ver seu site iFrame. Escolha um dos modelos predefinidos e ajuste as configura\u00e7\u00f5es da Tabela de Pre\u00e7os, adicione seu conte\u00fado, altere o layout e as cores sem habilidades de codifica\u00e7\u00e3o. Salve a Tabela de Pre\u00e7os e copie seu c\u00f3digo de instala\u00e7\u00e3o, que voc\u00ea pode simplesmente incorporar em seu site iFrame sem a necessidade de comprar uma vers\u00e3o paga. Com nosso editor intuitivo, qualquer usu\u00e1rio da Internet pode criar um widget de tabela de pre\u00e7os online e incorpor\u00e1-lo facilmente ao seu site iFrame. N\u00e3o h\u00e1 necessidade de pagar ou inserir as credenciais do seu cart\u00e3o para acessar o servi\u00e7o. Se voc\u00ea enfrentar qualquer problema em qualquer etapa, n\u00e3o hesite em entrar em contato com nossa equipe de suporte t\u00e9cnico.<\/p> <\/div>\r\n\t\t\t\t\t<\/div>\r\n\t\t\t\t<\/div> <\/div> <\/div>\n","protected":false},"excerpt":{"rendered":"","protected":false},"author":9,"featured_media":0,"parent":793,"menu_order":0,"comment_status":"closed","ping_status":"closed","template":"templates\/template-application-platform.php","meta":{"publish_to_discourse":"","publish_post_category":"","wpdc_auto_publish_overridden":"","wpdc_topic_tags":"","wpdc_pin_topic":"","wpdc_pin_until":"","discourse_post_id":"","discourse_permalink":"","wpdc_publishing_response":"","wpdc_publishing_error":"","footnotes":""},"class_list":["post-4445","page","type-page","status-publish","hentry"],"yoast_head":"<!-- This site is optimized with the Yoast SEO plugin v25.3.1 - https:\/\/yoast.com\/wordpress\/plugins\/seo\/ -->\n<title>Plug-in iFrame Pricing Table para o seu site (gratuito e r\u00e1pido)<\/title>\n<meta name=\"description\" content=\"Instale o plugin Pricing Table para iFrame em apenas 1 minuto. Experimente todas as principais caracter\u00edsticas do plugin de melhor pre\u00e7o no editor gratuito.\" \/>\n<meta name=\"robots\" content=\"index, follow, max-snippet:-1, max-image-preview:large, max-video-preview:-1\" \/>\n<link rel=\"canonical\" href=\"https:\/\/elfsight.com\/pt\/pricing-table-plugin\/iframe\/\" \/>\n<meta property=\"og:locale\" content=\"pt_PT\" \/>\n<meta property=\"og:type\" content=\"article\" \/>\n<meta property=\"og:title\" content=\"Plug-in iFrame Pricing Table para o seu site (gratuito e r\u00e1pido)\" \/>\n<meta property=\"og:description\" content=\"Instale o plugin Pricing Table para iFrame em apenas 1 minuto. Experimente todas as principais caracter\u00edsticas do plugin de melhor pre\u00e7o no editor gratuito.\" \/>\n<meta property=\"og:url\" content=\"https:\/\/elfsight.com\/pt\/pricing-table-plugin\/iframe\/\" \/>\n<meta property=\"og:site_name\" content=\"Elfsight PT\" \/>\n<meta property=\"article:modified_time\" content=\"2025-03-04T11:35:26+00:00\" \/>\n<meta name=\"twitter:card\" content=\"summary_large_image\" \/>\n<meta name=\"twitter:label1\" content=\"Tempo estimado de leitura\" \/>\n\t<meta name=\"twitter:data1\" content=\"4 minutos\" \/>\n<!-- \/ Yoast SEO plugin. -->","yoast_head_json":{"title":"Plug-in iFrame Pricing Table para o seu site (gratuito e r\u00e1pido)","description":"Instale o plugin Pricing Table para iFrame em apenas 1 minuto. Experimente todas as principais caracter\u00edsticas do plugin de melhor pre\u00e7o no editor gratuito.","robots":{"index":"index","follow":"follow","max-snippet":"max-snippet:-1","max-image-preview":"max-image-preview:large","max-video-preview":"max-video-preview:-1"},"canonical":"https:\/\/elfsight.com\/pt\/pricing-table-plugin\/iframe\/","og_locale":"pt_PT","og_type":"article","og_title":"Plug-in iFrame Pricing Table para o seu site (gratuito e r\u00e1pido)","og_description":"Instale o plugin Pricing Table para iFrame em apenas 1 minuto. Experimente todas as principais caracter\u00edsticas do plugin de melhor pre\u00e7o no editor gratuito.","og_url":"https:\/\/elfsight.com\/pt\/pricing-table-plugin\/iframe\/","og_site_name":"Elfsight PT","article_modified_time":"2025-03-04T11:35:26+00:00","twitter_card":"summary_large_image","twitter_misc":{"Tempo estimado de leitura":"4 minutos"},"schema":{"@context":"https:\/\/schema.org","@graph":[{"@type":"WebPage","@id":"https:\/\/elfsight.com\/pt\/pricing-table-plugin\/iframe\/","url":"https:\/\/elfsight.com\/pt\/pricing-table-plugin\/iframe\/","name":"Plug-in iFrame Pricing Table para o seu site (gratuito e r\u00e1pido)","isPartOf":{"@id":"https:\/\/elfsight.com\/pt\/#website"},"datePublished":"1970-01-01T00:00:00+00:00","dateModified":"2025-03-04T11:35:26+00:00","description":"Instale o plugin Pricing Table para iFrame em apenas 1 minuto. Experimente todas as principais caracter\u00edsticas do plugin de melhor pre\u00e7o no editor gratuito.","breadcrumb":{"@id":"https:\/\/elfsight.com\/pt\/pricing-table-plugin\/iframe\/#breadcrumb"},"inLanguage":"pt-PT","potentialAction":[{"@type":"ReadAction","target":["https:\/\/elfsight.com\/pt\/pricing-table-plugin\/iframe\/"]}]},{"@type":"BreadcrumbList","@id":"https:\/\/elfsight.com\/pt\/pricing-table-plugin\/iframe\/#breadcrumb","itemListElement":[{"@type":"ListItem","position":1,"name":"Home","item":"https:\/\/elfsight.com\/pt\/"},{"@type":"ListItem","position":2,"name":"Pricing Table","item":"https:\/\/elfsight.com\/pt\/pricing-table-plugin\/"},{"@type":"ListItem","position":3,"name":"Pricing Table &#8211; iFrame"}]},{"@type":"WebSite","@id":"https:\/\/elfsight.com\/pt\/#website","url":"https:\/\/elfsight.com\/pt\/","name":"Elfsight PT","description":"Just another Elfsight Sites site","potentialAction":[{"@type":"SearchAction","target":{"@type":"EntryPoint","urlTemplate":"https:\/\/elfsight.com\/pt\/?s={search_term_string}"},"query-input":{"@type":"PropertyValueSpecification","valueRequired":true,"valueName":"search_term_string"}}],"inLanguage":"pt-PT"}]}},"meta_box":{"industry":"","seo_heading":"","heading":"","description":"","cta_heading":"","cta_description":"","application":"792","h1":"Plug-in de tabela de pre\u00e7os iFrame","h1_caption":"O melhor plugin para demonstrar pre\u00e7os em um site individual","application_category":[],"applications_title":"","applications_request_title":"","applications_request_button_text":"","hero_text":"","hero_video":"","hero_video_schema_markup":"","selling_points_title":"","selling_points_caption":"","selling_points":[],"selling_points_cta_text":"","features_title":"","features":"","ed_cta_examples_text":"","ed_cta_examples_hidden":"","ed_cta_demo_text":"","ed_cta_demo_hidden":"","why_caption":"","why_editor_title":"","why_editor_text":"","why_team_title":"","why_team_text":"","why_service_title":"","why_service_text":"","template_catalog_visible":"0","template_catalog_title":"","template_catalog_text":"","template_catalog_categories_visible":"","demo_title":"Crie seu widget Tabela de pre\u00e7os","demo_caption":"Configure sua Tabela de Pre\u00e7os e adicione-a ao seu site iFrame gratuitamente!","default_faq_hidden":"","app_template_category":[],"platform":"4911","template_public_id":"","codecanyon_url":"","codecanyon_item_id":"","codecanyon_price":"","pricing_caption":"","pricing_elfsight_apps_hide_column":"","pricing_elfsight_apps_url":"","pricing_codecanyon_price_caption":"","integration_category":[],"integration_request_title":"","integration_request_cta":"","integration_platform":"","integrations":[],"platform_category":[],"video_schema_markup":"","price":"a partir de US$ 0\/m\u00eas","trial":"","benefits":[{"text":"Servi\u00e7o de instala\u00e7\u00e3o gratuito"},{"text":"Atendimento ao cliente competente"},{"text":"Garantia de devolu\u00e7\u00e3o do dinheiro em 14 dias"},{"text":"Melhorias gratuitas cont\u00ednuas"}],"button_url":"#demo","button_target_blank":"0","button_nofollow":"0","attributes":[{"name":"Instala\u00e7\u00f5es","content":"10,000 - 100,000","_state":"expanded"},{"name":"Responsivo","content":"Sim","_state":"expanded"},{"name":"Navegadores compat\u00edveis","content":"Firefox, Safari, Opera, Chrome, Edge"}],"tags":[],"tags_disable_links":"0","hide_more_platforms":"0","video_object":"","demo_hide_cta":"0","demo_hide_cloud_options":"0","pricing_title":"","pricing":[{"pricing_icon":"platform","pricing_title":"Elfsight Apps","pricing_title_caption":"Solu\u00e7\u00e3o independente de plataforma","pricing_price":"a partir de US$ 0\/m\u00eas","pricing_price_caption":"comece com plano gratuito","pricing_benefits":[{"text":"Sites ilimitados"},{"text":"Suporte gratuito"},{"text":"Suporte gratuito"},{"text":"Oferta especial para v\u00e1rios aplicativos"}],"pricing_button_text":"Adicionar ao site","pricing_button_url":"#demo","_state":"expanded"}],"related_apps_title":"","related_apps_hidden":"1","author":"","image":[],"title":"","job":"","social_networks":[]},"_links":{"self":[{"href":"https:\/\/elfsight.com\/pt\/wp-json\/wp\/v2\/pages\/4445","targetHints":{"allow":["GET"]}}],"collection":[{"href":"https:\/\/elfsight.com\/pt\/wp-json\/wp\/v2\/pages"}],"about":[{"href":"https:\/\/elfsight.com\/pt\/wp-json\/wp\/v2\/types\/page"}],"author":[{"embeddable":true,"href":"https:\/\/elfsight.com\/pt\/wp-json\/wp\/v2\/users\/9"}],"replies":[{"embeddable":true,"href":"https:\/\/elfsight.com\/pt\/wp-json\/wp\/v2\/comments?post=4445"}],"version-history":[{"count":4,"href":"https:\/\/elfsight.com\/pt\/wp-json\/wp\/v2\/pages\/4445\/revisions"}],"predecessor-version":[{"id":14314,"href":"https:\/\/elfsight.com\/pt\/wp-json\/wp\/v2\/pages\/4445\/revisions\/14314"}],"up":[{"embeddable":true,"href":"https:\/\/elfsight.com\/pt\/wp-json\/wp\/v2\/pages\/793"}],"wp:attachment":[{"href":"https:\/\/elfsight.com\/pt\/wp-json\/wp\/v2\/media?parent=4445"}],"curies":[{"name":"wp","href":"https:\/\/api.w.org\/{rel}","templated":true}]}}