{"id":4440,"date":"1970-01-01T00:00:00","date_gmt":"1970-01-01T00:00:00","guid":{"rendered":"https:\/\/elfsight.com\/pt\/?page_id=4440"},"modified":"2026-01-28T14:53:46","modified_gmt":"2026-01-28T14:53:46","slug":"html","status":"publish","type":"page","link":"https:\/\/elfsight.com\/pt\/popup-widget\/html\/","title":{"rendered":"Popup &#8211; HTML"},"content":{"rendered":"<div class=\"application-platform-content-item-description application-platform-content-item\" id=\"description\" data-nav-section=\"description\"> <h2>Descri\u00e7\u00e3o<\/h2> <p>Usando o widget Elfsight Popup, voc\u00ea pode criar seus pr\u00f3prios pop-ups personalizados para qualquer tarefa e exibi-los em o site. Configure um pop-up aut\u00eantico, adicionando diversos componentes inclu\u00eddos. Alterar o layout e a posi\u00e7\u00e3o; aplique um gatilho de ativa\u00e7\u00e3o e encontre a frequ\u00eancia certa para obter maior efic\u00e1cia do pop-up. Os pop-ups permitir\u00e3o que os visitantes se inscrevam em correspond\u00eancias, descubram mais sobre suas ofertas e usem seus cupons. A caixa pop-up pode ajudar voc\u00ea a participar de vendas e ofertas especiais, ser notificado sobre eventos importantes em seu site e muito mais.<\/p> <p><b>Os pop-ups ajudar\u00e3o voc\u00ea a vender melhor, promover ocasi\u00f5es planejadas e coletar feedback e leads e muito mais.<\/b><\/p> <\/div><div class=\"faq\" data-component=\"FAQ\"><div class=\"faq-item\">\r\n\t\t\t\t\t<div class=\"faq-item-question\">\r\n\t\t\t\t\t\t<h3 class=\"faq-item-question-text\">Como posso adicionar um pop-up ao meu site HTML? <\/h3>\r\n\r\n\t\t\t\t\t\t<div class=\"faq-item-question-icon\"><\/div>\r\n\t\t\t\t\t<\/div>\r\n\r\n\t\t\t\t\t<div class=\"faq-item-answer\">\r\n\t\t\t\t\t\t<div class=\"faq-item-answer-text\"> <p>A constru\u00e7\u00e3o do widget ocorre nas p\u00e1ginas da Elfsight e n\u00e3o h\u00e1 necessidade de aprender a codificar. Acesse nossa demonstra\u00e7\u00e3o online para moldar sua janela pop-up pessoal, pegue o c\u00f3digo e cole-o em seu site. <\/p><\/div>\r\n\t\t\t\t\t<\/div>\r\n\t\t\t\t<\/div><div class=\"faq-item\">\r\n\t\t\t\t\t<div class=\"faq-item-question\">\r\n\t\t\t\t\t\t<h3 class=\"faq-item-question-text\">As melhores maneiras de usar a integra\u00e7\u00e3o pop-up<\/h3>\r\n\r\n\t\t\t\t\t\t<div class=\"faq-item-question-icon\"><\/div>\r\n\t\t\t\t\t<\/div>\r\n\r\n\t\t\t\t\t<div class=\"faq-item-answer\">\r\n\t\t\t\t\t\t<div class=\"faq-item-answer-text\"><p>Oferecemos a voc\u00ea uma s\u00e9rie de op\u00e7\u00f5es de personaliza\u00e7\u00e3o: widgets em tamanho real para incorporar ao conte\u00fado se\u00e7\u00e3o, widgets flutuantes com recurso de rolagem. Al\u00e9m disso, voc\u00ea pode encontrar layouts de formul\u00e1rio pop-up HTML para o rodap\u00e9 do seu site, cabe\u00e7alho e todos os tipos de op\u00e7\u00f5es verticais para barras laterais e menus. <\/p><\/div>\r\n\t\t\t\t\t<\/div>\r\n\t\t\t\t<\/div><div class=\"faq-item\">\r\n\t\t\t\t\t<div class=\"faq-item-question\">\r\n\t\t\t\t\t\t<h3 class=\"faq-item-question-text\">Posso criar um boletim informativo ou pop-up de oferta especial atrav\u00e9s do seu editor?<\/h3>\r\n\r\n\t\t\t\t\t\t<div class=\"faq-item-question-icon\"><\/div>\r\n\t\t\t\t\t<\/div>\r\n\r\n\t\t\t\t\t<div class=\"faq-item-answer\">\r\n\t\t\t\t\t\t<div class=\"faq-item-answer-text\"><p>Voc\u00ea pode criar altera\u00e7\u00f5es em qualquer widget. H\u00e1 uma infinidade de layouts para uma mensagem pop-up HTML no editor, e todos eles podem ser facilmente ajustados conforme sua necessidade. <\/p><\/div>\r\n\t\t\t\t\t<\/div>\r\n\t\t\t\t<\/div><\/div><div class=\"application-platform-content-item-features application-platform-content-item\" id=\"features\" data-nav-section=\"features\"> <h2>Principais recursos do widget Popup<\/h2><p>Verifique todas as caracter\u00edsticas funcionais do widget. Voc\u00ea pode gerenci\u00e1-los diretamente no editor. Esses recursos ajudar\u00e3o voc\u00ea a construir a janela pop-up HTML certa para seu caso de uso.<\/p> <ul><li>12 elementos inclu\u00eddos para configurar um pop-up<\/li> <li>5 layouts pop-up prontos para uso para diversas mensagens pop-up<\/li> <li>Coloque bot\u00f5es para redirecionar para qualquer endere\u00e7o;<\/li> <li>Carregue uma imagem para o plano de fundo<\/li> <li>Crie um pop-up HTML com texto e personalize-o<\/li><li>O pop-up pode ser ativado ap\u00f3s um determinado tempo gasto na p\u00e1gina ou porcentagem de rolagem<\/li> <li>Acionadores de pop-up: clicar em um determinado elemento ou rolar para baixo at\u00e9 ele<\/li><\/ul> <p><a href=\"#demo\">Voc\u00ea pode testar todos os recursos do widget diretamente na demonstra\u00e7\u00e3o<\/a><\/p> <\/div><div class=\"application-platform-content-item-installation application-platform-content-item\" id=\"installation\" data-nav-section=\"installation\"><h2>Como fa\u00e7o para incorporar o c\u00f3digo pop-up em Site HTML?<\/h2> <div class=\"video-container\"><iframe width=\"720\" height=\"405\" src=\"https:\/\/www.youtube.com\/embed\/Twi9jv_okBk?si=_oH7aaR49oOBZuWH\" frameborder=\"0\" allowfullscreen>\n<\/iframe>\n<\/div><p>Para incorporar o widget, basta seguir as instru\u00e7\u00f5es abaixo<\/p> <ol><li><b>Construa sua caixa pop-up exclusiva <\/b><br> Gerenciando nosso configurador gratuito, configure um plugin com design e fun\u00e7\u00f5es preferenciais. Voc\u00ea pode adicionar qualquer tipo de conte\u00fado ao pop-up: imagens, v\u00eddeos, cupons ou textos. <\/li><li><b>Copie o c\u00f3digo pessoal para adicionar o widget<\/b><br> Depois de criar o seu plugin, voc\u00ea obter\u00e1 o c\u00f3digo de instala\u00e7\u00e3o nos aplicativos Elfsight. Copie o c\u00f3digo para uso futuro.<\/li> <li><b>Integre o widget em seu site HTML<\/b><br> Encontre a p\u00e1gina onde deseja exibir o plugin e insira o c\u00f3digo pop-up HTML l\u00e1. Aplique as altera\u00e7\u00f5es. Lembre-se de que voc\u00ea pode configurar o widget para abrir o link HTML em pop-up.<\/li> <li><b>Voc\u00ea completou a instala\u00e7\u00e3o de um formul\u00e1rio pop-up<\/b><br> V\u00e1 para a p\u00e1gina da web para fazer uma veja seu pop-up.<\/li> <\/ol><p>N\u00e3o hesite em se comunicar com o servi\u00e7o de suporte quando precisar de conselhos com uma caixa pop-up HTML. Nossos especialistas ajudar\u00e3o em cada solicita\u00e7\u00e3o.<\/p> <\/div>","protected":false},"excerpt":{"rendered":"","protected":false},"author":9,"featured_media":0,"parent":542,"menu_order":0,"comment_status":"closed","ping_status":"closed","template":"templates\/template-application-platform.php","meta":{"publish_to_discourse":"","publish_post_category":"","wpdc_auto_publish_overridden":"","wpdc_topic_tags":"","wpdc_pin_topic":"","wpdc_pin_until":"","discourse_post_id":"","discourse_permalink":"","wpdc_publishing_response":"","wpdc_publishing_error":"","footnotes":""},"class_list":["post-4440","page","type-page","status-publish","hentry"],"yoast_head":"<!-- This site is optimized with the Yoast SEO plugin v25.3.1 - https:\/\/yoast.com\/wordpress\/plugins\/seo\/ -->\n<title>Adicione um widget Popup ao HTML de um site<\/title>\n<meta name=\"description\" content=\"Crie um Popup para HTML sem codifica\u00e7\u00e3o!\" \/>\n<meta name=\"robots\" content=\"index, follow, max-snippet:-1, max-image-preview:large, max-video-preview:-1\" \/>\n<link rel=\"canonical\" href=\"https:\/\/elfsight.com\/pt\/popup-widget\/html\/\" \/>\n<meta property=\"og:locale\" content=\"pt_PT\" \/>\n<meta property=\"og:type\" content=\"article\" \/>\n<meta property=\"og:title\" content=\"Adicione um widget Popup ao HTML de um site\" \/>\n<meta property=\"og:description\" content=\"Crie um Popup para HTML sem codifica\u00e7\u00e3o!\" \/>\n<meta property=\"og:url\" content=\"https:\/\/elfsight.com\/pt\/popup-widget\/html\/\" \/>\n<meta property=\"og:site_name\" content=\"Elfsight PT\" \/>\n<meta property=\"article:modified_time\" content=\"2026-01-28T14:53:46+00:00\" \/>\n<meta name=\"twitter:card\" content=\"summary_large_image\" \/>\n<meta name=\"twitter:label1\" content=\"Tempo estimado de leitura\" \/>\n\t<meta name=\"twitter:data1\" content=\"4 minutos\" \/>\n<!-- \/ Yoast SEO plugin. -->","yoast_head_json":{"title":"Adicione um widget Popup ao HTML de um site","description":"Crie um Popup para HTML sem codifica\u00e7\u00e3o!","robots":{"index":"index","follow":"follow","max-snippet":"max-snippet:-1","max-image-preview":"max-image-preview:large","max-video-preview":"max-video-preview:-1"},"canonical":"https:\/\/elfsight.com\/pt\/popup-widget\/html\/","og_locale":"pt_PT","og_type":"article","og_title":"Adicione um widget Popup ao HTML de um site","og_description":"Crie um Popup para HTML sem codifica\u00e7\u00e3o!","og_url":"https:\/\/elfsight.com\/pt\/popup-widget\/html\/","og_site_name":"Elfsight PT","article_modified_time":"2026-01-28T14:53:46+00:00","twitter_card":"summary_large_image","twitter_misc":{"Tempo estimado de leitura":"4 minutos"},"schema":{"@context":"https:\/\/schema.org","@graph":[{"@type":"WebPage","@id":"https:\/\/elfsight.com\/pt\/popup-widget\/html\/","url":"https:\/\/elfsight.com\/pt\/popup-widget\/html\/","name":"Adicione um widget Popup ao HTML de um site","isPartOf":{"@id":"https:\/\/elfsight.com\/pt\/#website"},"datePublished":"1970-01-01T00:00:00+00:00","dateModified":"2026-01-28T14:53:46+00:00","description":"Crie um Popup para HTML sem codifica\u00e7\u00e3o!","breadcrumb":{"@id":"https:\/\/elfsight.com\/pt\/popup-widget\/html\/#breadcrumb"},"inLanguage":"pt-PT","potentialAction":[{"@type":"ReadAction","target":["https:\/\/elfsight.com\/pt\/popup-widget\/html\/"]}]},{"@type":"BreadcrumbList","@id":"https:\/\/elfsight.com\/pt\/popup-widget\/html\/#breadcrumb","itemListElement":[{"@type":"ListItem","position":1,"name":"Home","item":"https:\/\/elfsight.com\/pt\/"},{"@type":"ListItem","position":2,"name":"Popup","item":"https:\/\/elfsight.com\/pt\/popup-widget\/"},{"@type":"ListItem","position":3,"name":"Popup &#8211; HTML"}]},{"@type":"WebSite","@id":"https:\/\/elfsight.com\/pt\/#website","url":"https:\/\/elfsight.com\/pt\/","name":"Elfsight PT","description":"Just another Elfsight Sites site","potentialAction":[{"@type":"SearchAction","target":{"@type":"EntryPoint","urlTemplate":"https:\/\/elfsight.com\/pt\/?s={search_term_string}"},"query-input":{"@type":"PropertyValueSpecification","valueRequired":true,"valueName":"search_term_string"}}],"inLanguage":"pt-PT"}]}},"meta_box":{"industry":"","seo_heading":"","heading":"","description":"","cta_heading":"","cta_description":"","application":"541","h1":"C\u00f3digo pop-up HTML","h1_caption":"Configure qualquer tipo de pop-up para anunciar descontos e aumentar as vendas","application_category":[],"applications_title":"","applications_request_title":"","applications_request_button_text":"","hero_text":"","hero_video":"","hero_video_schema_markup":"","selling_points_title":"","selling_points_caption":"","selling_points":[],"selling_points_cta_text":"","features_title":"","features":"","ed_cta_examples_text":"","ed_cta_examples_hidden":"","ed_cta_demo_text":"","ed_cta_demo_hidden":"","why_caption":"","why_editor_title":"","why_editor_text":"","why_team_title":"","why_team_text":"","why_service_title":"","why_service_text":"","template_catalog_visible":"0","template_catalog_title":"","template_catalog_text":"","template_catalog_categories_visible":"","demo_title":"Crie seu widget pop-up","demo_caption":"Configure seu Popup e adicione-o ao seu site HTML gratuitamente!","default_faq_hidden":"","app_template_category":[],"platform":"49","template_public_id":"","codecanyon_url":"","codecanyon_item_id":"","codecanyon_price":"","pricing_caption":"","pricing_elfsight_apps_hide_column":"","pricing_elfsight_apps_url":"","pricing_codecanyon_price_caption":"","integration_category":[],"integration_request_title":"","integration_request_cta":"","integration_platform":"","integrations":[],"platform_category":[],"video_schema_markup":"","price":"a partir de US$ 0\/m\u00eas","trial":"","benefits":[{"text":"Servi\u00e7o de instala\u00e7\u00e3o gratuito"},{"text":"Suporte eficaz ao cliente"},{"text":"Garantia de devolu\u00e7\u00e3o do dinheiro em 14 dias"},{"text":"Atualiza\u00e7\u00f5es vital\u00edcias"}],"button_url":"#demo","button_target_blank":"0","button_nofollow":"0","attributes":[{"name":"Instala\u00e7\u00f5es","content":"100,000 - 500,000","_state":"expanded"},{"name":"Responsivo","content":"Sim","_state":"expanded"},{"name":"Navegadores compat\u00edveis","content":"Firefox, Safari, Opera, Chrome, Edge"}],"tags":[],"tags_disable_links":"0","hide_more_platforms":"0","video_object":"","demo_hide_cta":"0","demo_hide_cloud_options":"0","pricing_title":"","pricing":[{"pricing_icon":"platform","pricing_title":"Elfsight Apps","pricing_title_caption":"Solu\u00e7\u00e3o multiplataforma","pricing_price":"a partir de US$ 0\/m\u00eas","pricing_price_caption":"comece com plano gratuito","pricing_benefits":[{"text":"Dom\u00ednios ilimitados"},{"text":"Suporte gratuito, pontual e bem documentado"},{"text":"Suporte gratuito, pontual e bem documentado"},{"text":"Oferta por tempo limitado para v\u00e1rios aplicativos"}],"pricing_button_text":"Adicionar ao site","pricing_button_url":"#demo","_state":"expanded"}],"related_apps_title":"","related_apps_hidden":"1","author":"","image":[],"title":"","job":"","social_networks":[]},"_links":{"self":[{"href":"https:\/\/elfsight.com\/pt\/wp-json\/wp\/v2\/pages\/4440","targetHints":{"allow":["GET"]}}],"collection":[{"href":"https:\/\/elfsight.com\/pt\/wp-json\/wp\/v2\/pages"}],"about":[{"href":"https:\/\/elfsight.com\/pt\/wp-json\/wp\/v2\/types\/page"}],"author":[{"embeddable":true,"href":"https:\/\/elfsight.com\/pt\/wp-json\/wp\/v2\/users\/9"}],"replies":[{"embeddable":true,"href":"https:\/\/elfsight.com\/pt\/wp-json\/wp\/v2\/comments?post=4440"}],"version-history":[{"count":3,"href":"https:\/\/elfsight.com\/pt\/wp-json\/wp\/v2\/pages\/4440\/revisions"}],"predecessor-version":[{"id":15223,"href":"https:\/\/elfsight.com\/pt\/wp-json\/wp\/v2\/pages\/4440\/revisions\/15223"}],"up":[{"embeddable":true,"href":"https:\/\/elfsight.com\/pt\/wp-json\/wp\/v2\/pages\/542"}],"wp:attachment":[{"href":"https:\/\/elfsight.com\/pt\/wp-json\/wp\/v2\/media?parent=4440"}],"curies":[{"name":"wp","href":"https:\/\/api.w.org\/{rel}","templated":true}]}}