{"id":4437,"date":"1970-01-01T00:00:00","date_gmt":"1970-01-01T00:00:00","guid":{"rendered":"https:\/\/elfsight.com\/pt\/?page_id=4437"},"modified":"2025-03-04T11:38:11","modified_gmt":"2025-03-04T11:38:11","slug":"html","status":"publish","type":"page","link":"https:\/\/elfsight.com\/pt\/pricing-table-plugin\/html\/","title":{"rendered":"Pricing Table &#8211; HTML"},"content":{"rendered":"\n<div class=\"application-platform-content-item-description application-platform-content-item\" id=\"description\" data-nav-section=\"description\"><h2>Descri\u00e7\u00e3o<\/h2><p>O pre\u00e7o desempenha um dos principais pap\u00e9is em convencer os visitantes a fazerem pedidos ou comprarem em seu site. O widget de nossa equipe n\u00e3o apenas permite que seus clientes aprendam e comparem os planos de pre\u00e7os dispon\u00edveis em um piscar de olhos. Tamb\u00e9m ajuda a aumentar a convers\u00e3o por meio das t\u00e9cnicas mais recentes inclu\u00eddas na interface e nos modelos.<\/p><p><b>Aumente as vendas do seu site a um n\u00edvel diferente, usando pre\u00e7os inteligentes.<\/b><\/p> <ul><li><b>Ajude os clientes a fazer uma compra<\/b>.<br>Mostre as informa\u00e7\u00f5es que seus futuros clientes precisam da maneira mais clara e ajude-os a tomar a decis\u00e3o adequada.<\/li><li> <b>Personaliza\u00e7\u00e3o r\u00e1pida e eficiente<\/b>.<br>Tendo um rico conjunto de configura\u00e7\u00f5es que permitem configurar todos os tipos de pre\u00e7os poss\u00edveis em 2 etapas, voc\u00ea pode criar o plugin que ser\u00e1 totalmente vendido para o seu site .<\/li><li><b>Torne seus pre\u00e7os atraentes para os usu\u00e1rios<\/b>.<br>Use cores diferentes, adicione unidades, mostre fotos, para tornar seus pre\u00e7os interessantes para os clientes e produzir um forte efeito positivo sobre o resultado da compra.<\/li><\/ul><\/div><div class=\"application-platform-content-item-features application-platform-content-item\" id=\"features\" data-nav-section=\"features\"><h2>Recursos<\/h2><p>As caracter\u00edsticas que transformam nosso widget na melhor Tabela de Pre\u00e7os para sites HTML. <\/p><ul><li>6 elementos de coluna predefinidos que podem ser organizados e personalizados para obter a apar\u00eancia perfeita;<\/li><li>Lista de recursos ajust\u00e1veis, completa com \u00edcones de recursos, dicas e n\u00famero ilimitado de recursos;<\/li><li>Os elementos coloridos de cada coluna podem ser personalizados individualmente;<\/li><li>Raio e largura da borda do bot\u00e3o personaliz\u00e1veis;<\/li><li>Layout otimizado para dispositivos m\u00f3veis.<\/li><\/ul><p> <a href=\"#demo\">Voc\u00ea pode experimentar todos os benef\u00edcios no editor ao vivo<\/a><\/p><\/div><div class=\"application-platform-content-item-installation application-platform-content-item\" id=\"installation\" data-nav-section=\"installation\"><h2>Como criar uma tabela de pre\u00e7os para um site HTML<\/h2><div class=\"video-container\"><iframe width=\"720\" height=\"405\" src=\"https:\/\/www.youtube.com\/embed\/cK2T6ohZcAU\" frameborder=\"0\" allowfullscreen=\"\"><\/iframe><\/div><p>Um guia sobre a instala\u00e7\u00e3o do widget Elfsight. Para realizar este processo, voc\u00ea n\u00e3o precisa de experi\u00eancia em desenvolvimento web nem de muito tempo. Apenas algumas etapas r\u00e1pidas e 2 minutos.<\/p><ol><li><b>Gere seu widget de pre\u00e7os exclusivo<\/b>.<br> Por meio de nossa demonstra\u00e7\u00e3o gratuita, gere um plugin com a apar\u00eancia e o design desejados. configura\u00e7\u00f5es.<\/li><li><b>Receba o c\u00f3digo para incorporar o plugin<\/b>.<br> Ap\u00f3s a configura\u00e7\u00e3o do widget, obtenha o c\u00f3digo da Tabela de Pre\u00e7os na notifica\u00e7\u00e3o exibida nos aplicativos Elfsight.<\/li><li><b>Adicione o widget na p\u00e1gina HTML<\/b>.<br> Abra o c\u00f3digo da p\u00e1gina no editor HTML e insira o widget no local necess\u00e1rio (conte\u00fado, rodap\u00e9, barra lateral etc.) e publique as altera\u00e7\u00f5es. <\/li><li><b>A incorpora\u00e7\u00e3o foi bem-sucedida!<\/b><br> Acesse o site para verificar seu trabalho.<\/li><\/ol><p>Tendo problemas com a gera\u00e7\u00e3o do widget ? Estude nosso extenso guia \u00ab<a href=\"https:\/\/elfsight.com\/tutorials\/how-to-add-pricing-table-to-html\/\" target=\"_blank\" rel=\"noopener noreferrer\">Como adicionar tabela de pre\u00e7os em HTML<\/a>\u00bb ou deixe uma mensagem para nossa equipe de suporte, que resolver\u00e1 todos os tipos de problemas em tempo h\u00e1bil.<\/p><\/div><div class=\"faq\" data-component=\"FAQ\"><div class=\"faq-item\">\r\n\t\t\t\t\t<div class=\"faq-item-question\">\r\n\t\t\t\t\t\t<h3 class=\"faq-item-question-text\">Como adiciono uma Tabela de Pre\u00e7os ao site HTML?<\/h3>\r\n\r\n\t\t\t\t\t\t<div class=\"faq-item-question-icon\"><\/div>\r\n\t\t\t\t\t<\/div>\r\n\r\n\t\t\t\t\t<div class=\"faq-item-answer\">\r\n\t\t\t\t\t\t<div class=\"faq-item-answer-text\"><p>A constru\u00e7\u00e3o da ferramenta \u00e9 realizada nas p\u00e1ginas da Elfsight e n\u00e3o h\u00e1 necessidade de codifica\u00e7\u00e3o. Aplique nossa demonstra\u00e7\u00e3o online para personalizar seu aplicativo pessoal, adquirir o c\u00f3digo e incorpor\u00e1-lo ao seu site. <\/p><\/div>\r\n\t\t\t\t\t<\/div>\r\n\t\t\t\t<\/div><div class=\"faq-item\">\r\n\t\t\t\t\t<div class=\"faq-item-question\">\r\n\t\t\t\t\t\t<h3 class=\"faq-item-question-text\">As melhores maneiras de usar a integra\u00e7\u00e3o de tabelas de pre\u00e7os<\/h3>\r\n\r\n\t\t\t\t\t\t<div class=\"faq-item-question-icon\"><\/div>\r\n\t\t\t\t\t<\/div>\r\n\r\n\t\t\t\t\t<div class=\"faq-item-answer\">\r\n\t\t\t\t\t\t<div class=\"faq-item-answer-text\"><p>Oferecemos in\u00fameras possibilidades de ajuste: widgets em escala real para incorpora\u00e7\u00e3o na \u00e1rea de conte\u00fado, plug-ins flutuantes com op\u00e7\u00f5es de rolagem, layouts de rodap\u00e9, cabe\u00e7alho e todos os tipos de oportunidades verticais para barras laterais e menus. <\/p><\/div>\r\n\t\t\t\t\t<\/div>\r\n\t\t\t\t<\/div><div class=\"faq-item\">\r\n\t\t\t\t\t<div class=\"faq-item-question\">\r\n\t\t\t\t\t\t<h3 class=\"faq-item-question-text\">Posso construir uma tabela de Colunas ou Compara\u00e7\u00e3o atrav\u00e9s da ag\u00eancia do seu editor? <\/h3>\r\n\r\n\t\t\t\t\t\t<div class=\"faq-item-question-icon\"><\/div>\r\n\t\t\t\t\t<\/div>\r\n\r\n\t\t\t\t\t<div class=\"faq-item-answer\">\r\n\t\t\t\t\t\t<div class=\"faq-item-answer-text\"><p>Voc\u00ea est\u00e1 convidado a fazer modifica\u00e7\u00f5es em qualquer widget. Existem v\u00e1rios layouts aplic\u00e1veis \u200b\u200b\u200b\u200bno editor, e todos eles podem ser rapidamente personalizados do jeito que voc\u00ea deseja. <\/p><\/div>\r\n\t\t\t\t\t<\/div>\r\n\t\t\t\t<\/div><\/div>\n","protected":false},"excerpt":{"rendered":"","protected":false},"author":9,"featured_media":0,"parent":793,"menu_order":0,"comment_status":"closed","ping_status":"closed","template":"templates\/template-application-platform.php","meta":{"publish_to_discourse":"","publish_post_category":"","wpdc_auto_publish_overridden":"","wpdc_topic_tags":"","wpdc_pin_topic":"","wpdc_pin_until":"","discourse_post_id":"","discourse_permalink":"","wpdc_publishing_response":"","wpdc_publishing_error":"","footnotes":""},"class_list":["post-4437","page","type-page","status-publish","hentry"],"yoast_head":"<!-- This site is optimized with the Yoast SEO plugin v25.3.1 - https:\/\/yoast.com\/wordpress\/plugins\/seo\/ -->\n<title>Tabela de pre\u00e7os - Adicionar widget de pre\u00e7os ao site HTML<\/title>\n<meta name=\"description\" content=\"Adicione o widget Tabela de pre\u00e7os para HTML em apenas 2 minutos. Verifique todos os recursos importantes do plugin de melhor pre\u00e7o na demonstra\u00e7\u00e3o gratuita.\" \/>\n<meta name=\"robots\" content=\"index, follow, max-snippet:-1, max-image-preview:large, max-video-preview:-1\" \/>\n<link rel=\"canonical\" href=\"https:\/\/elfsight.com\/pt\/pricing-table-plugin\/html\/\" \/>\n<meta property=\"og:locale\" content=\"pt_PT\" \/>\n<meta property=\"og:type\" content=\"article\" \/>\n<meta property=\"og:title\" content=\"Tabela de pre\u00e7os - Adicionar widget de pre\u00e7os ao site HTML\" \/>\n<meta property=\"og:description\" content=\"Adicione o widget Tabela de pre\u00e7os para HTML em apenas 2 minutos. Verifique todos os recursos importantes do plugin de melhor pre\u00e7o na demonstra\u00e7\u00e3o gratuita.\" \/>\n<meta property=\"og:url\" content=\"https:\/\/elfsight.com\/pt\/pricing-table-plugin\/html\/\" \/>\n<meta property=\"og:site_name\" content=\"Elfsight PT\" \/>\n<meta property=\"article:modified_time\" content=\"2025-03-04T11:38:11+00:00\" \/>\n<meta name=\"twitter:card\" content=\"summary_large_image\" \/>\n<meta name=\"twitter:label1\" content=\"Tempo estimado de leitura\" \/>\n\t<meta name=\"twitter:data1\" content=\"4 minutos\" \/>\n<!-- \/ Yoast SEO plugin. -->","yoast_head_json":{"title":"Tabela de pre\u00e7os - Adicionar widget de pre\u00e7os ao site HTML","description":"Adicione o widget Tabela de pre\u00e7os para HTML em apenas 2 minutos. Verifique todos os recursos importantes do plugin de melhor pre\u00e7o na demonstra\u00e7\u00e3o gratuita.","robots":{"index":"index","follow":"follow","max-snippet":"max-snippet:-1","max-image-preview":"max-image-preview:large","max-video-preview":"max-video-preview:-1"},"canonical":"https:\/\/elfsight.com\/pt\/pricing-table-plugin\/html\/","og_locale":"pt_PT","og_type":"article","og_title":"Tabela de pre\u00e7os - Adicionar widget de pre\u00e7os ao site HTML","og_description":"Adicione o widget Tabela de pre\u00e7os para HTML em apenas 2 minutos. Verifique todos os recursos importantes do plugin de melhor pre\u00e7o na demonstra\u00e7\u00e3o gratuita.","og_url":"https:\/\/elfsight.com\/pt\/pricing-table-plugin\/html\/","og_site_name":"Elfsight PT","article_modified_time":"2025-03-04T11:38:11+00:00","twitter_card":"summary_large_image","twitter_misc":{"Tempo estimado de leitura":"4 minutos"},"schema":{"@context":"https:\/\/schema.org","@graph":[{"@type":"WebPage","@id":"https:\/\/elfsight.com\/pt\/pricing-table-plugin\/html\/","url":"https:\/\/elfsight.com\/pt\/pricing-table-plugin\/html\/","name":"Tabela de pre\u00e7os - Adicionar widget de pre\u00e7os ao site HTML","isPartOf":{"@id":"https:\/\/elfsight.com\/pt\/#website"},"datePublished":"1970-01-01T00:00:00+00:00","dateModified":"2025-03-04T11:38:11+00:00","description":"Adicione o widget Tabela de pre\u00e7os para HTML em apenas 2 minutos. Verifique todos os recursos importantes do plugin de melhor pre\u00e7o na demonstra\u00e7\u00e3o gratuita.","breadcrumb":{"@id":"https:\/\/elfsight.com\/pt\/pricing-table-plugin\/html\/#breadcrumb"},"inLanguage":"pt-PT","potentialAction":[{"@type":"ReadAction","target":["https:\/\/elfsight.com\/pt\/pricing-table-plugin\/html\/"]}]},{"@type":"BreadcrumbList","@id":"https:\/\/elfsight.com\/pt\/pricing-table-plugin\/html\/#breadcrumb","itemListElement":[{"@type":"ListItem","position":1,"name":"Home","item":"https:\/\/elfsight.com\/pt\/"},{"@type":"ListItem","position":2,"name":"Pricing Table","item":"https:\/\/elfsight.com\/pt\/pricing-table-plugin\/"},{"@type":"ListItem","position":3,"name":"Pricing Table &#8211; HTML"}]},{"@type":"WebSite","@id":"https:\/\/elfsight.com\/pt\/#website","url":"https:\/\/elfsight.com\/pt\/","name":"Elfsight PT","description":"Just another Elfsight Sites site","potentialAction":[{"@type":"SearchAction","target":{"@type":"EntryPoint","urlTemplate":"https:\/\/elfsight.com\/pt\/?s={search_term_string}"},"query-input":{"@type":"PropertyValueSpecification","valueRequired":true,"valueName":"search_term_string"}}],"inLanguage":"pt-PT"}]}},"meta_box":{"industry":"","seo_heading":"","heading":"","description":"","cta_heading":"","cta_description":"","application":"792","h1":"Widget de tabela de pre\u00e7os para HTML","h1_caption":"Ajude os visitantes do seu site a tomar uma decis\u00e3o de compra positiva","application_category":[],"applications_title":"","applications_request_title":"","applications_request_button_text":"","hero_text":"","hero_video":"","hero_video_schema_markup":"","selling_points_title":"","selling_points_caption":"","selling_points":[],"selling_points_cta_text":"","features_title":"","features":"","ed_cta_examples_text":"","ed_cta_examples_hidden":"","ed_cta_demo_text":"","ed_cta_demo_hidden":"","why_caption":"","why_editor_title":"","why_editor_text":"","why_team_title":"","why_team_text":"","why_service_title":"","why_service_text":"","template_catalog_visible":"0","template_catalog_title":"","template_catalog_text":"","template_catalog_categories_visible":"","demo_title":"Crie seu widget Tabela de pre\u00e7os","demo_caption":"Configure sua Tabela de Pre\u00e7os e adicione-a ao seu site HTML gratuitamente!","default_faq_hidden":"","app_template_category":[],"platform":"49","template_public_id":"","codecanyon_url":"","codecanyon_item_id":"","codecanyon_price":"","pricing_caption":"","pricing_elfsight_apps_hide_column":"","pricing_elfsight_apps_url":"","pricing_codecanyon_price_caption":"","integration_category":[],"integration_request_title":"","integration_request_cta":"","integration_platform":"","integrations":[],"platform_category":[],"video_schema_markup":"","price":"a partir de US$ 0\/m\u00eas","trial":"","benefits":[{"text":"Assist\u00eancia de instala\u00e7\u00e3o gratuita"},{"text":"Atendimento ao cliente eficaz"},{"text":"Garantia de devolu\u00e7\u00e3o do dinheiro em 14 dias"},{"text":"Futuras atualiza\u00e7\u00f5es gratuitas"}],"button_url":"#demo","button_target_blank":"0","button_nofollow":"0","attributes":[{"name":"Instala\u00e7\u00f5es","content":"10,000 - 100,000","_state":"expanded"},{"name":"Responsivo","content":"Sim","_state":"expanded"},{"name":"Navegadores compat\u00edveis","content":"Firefox, Safari, Opera, Chrome, Edge"}],"tags":[],"tags_disable_links":"0","hide_more_platforms":"0","video_object":"","demo_hide_cta":"0","demo_hide_cloud_options":"0","pricing_title":"","pricing":[{"pricing_icon":"platform","pricing_title":"Elfsight Apps","pricing_title_caption":"Software independente de plataforma que funciona em qualquer site","pricing_price":"a partir de US$ 0\/m\u00eas","pricing_price_caption":"comece com plano gratuito","pricing_benefits":[{"text":"Sites ilimitados"},{"text":"Suporte premium para empresas"},{"text":"Suporte premium para empresas"},{"text":"Oferta especial para v\u00e1rios aplicativos"}],"pricing_button_text":"Adicionar ao site","pricing_button_url":"#demo","_state":"expanded"}],"related_apps_title":"","related_apps_hidden":"1","author":"","image":[],"title":"","job":"","social_networks":[]},"_links":{"self":[{"href":"https:\/\/elfsight.com\/pt\/wp-json\/wp\/v2\/pages\/4437","targetHints":{"allow":["GET"]}}],"collection":[{"href":"https:\/\/elfsight.com\/pt\/wp-json\/wp\/v2\/pages"}],"about":[{"href":"https:\/\/elfsight.com\/pt\/wp-json\/wp\/v2\/types\/page"}],"author":[{"embeddable":true,"href":"https:\/\/elfsight.com\/pt\/wp-json\/wp\/v2\/users\/9"}],"replies":[{"embeddable":true,"href":"https:\/\/elfsight.com\/pt\/wp-json\/wp\/v2\/comments?post=4437"}],"version-history":[{"count":3,"href":"https:\/\/elfsight.com\/pt\/wp-json\/wp\/v2\/pages\/4437\/revisions"}],"predecessor-version":[{"id":14315,"href":"https:\/\/elfsight.com\/pt\/wp-json\/wp\/v2\/pages\/4437\/revisions\/14315"}],"up":[{"embeddable":true,"href":"https:\/\/elfsight.com\/pt\/wp-json\/wp\/v2\/pages\/793"}],"wp:attachment":[{"href":"https:\/\/elfsight.com\/pt\/wp-json\/wp\/v2\/media?parent=4437"}],"curies":[{"name":"wp","href":"https:\/\/api.w.org\/{rel}","templated":true}]}}