{"id":4436,"date":"1970-01-01T00:00:00","date_gmt":"1970-01-01T00:00:00","guid":{"rendered":"https:\/\/elfsight.com\/pt\/?page_id=4436"},"modified":"2024-11-13T11:51:51","modified_gmt":"2024-11-13T11:51:51","slug":"html","status":"publish","type":"page","link":"https:\/\/elfsight.com\/pt\/slider-widget\/html\/","title":{"rendered":"Slider &#8211; HTML"},"content":{"rendered":"<div class=\"application-platform-content-item-description application-platform-content-item\" id=\"description\" data-nav-section=\"description\"><h2>Descri\u00e7\u00e3o<\/h2> <p>Elfsight Photo &amp; Image Slider \u00e9 uma ferramenta simples que ajuda voc\u00ea a chamar a aten\u00e7\u00e3o dos usu\u00e1rios mostrando diversas fotos, v\u00eddeos ou as melhores ofertas do seu site. Sinta-se \u00e0 vontade para usar qualquer quantidade de slides que precisar para exibir seus produtos e marcar neg\u00f3cios interessantes. Adicione efeitos especiais e dimensione a dimens\u00e3o da imagem\/v\u00eddeo da maneira que voc\u00ea precisa. Com a nossa ferramenta voc\u00ea conseguir\u00e1 criar um controle deslizante espetacular que ir\u00e1 capturar a aten\u00e7\u00e3o dos visitantes do site e n\u00e3o os deixar\u00e1 sair da sua p\u00e1gina web muito cedo.<\/p><p><b>Fa\u00e7a com que suas ofertas pare\u00e7am intrigantes e alcancem seu neg\u00f3cio. objetivos da ag\u00eancia do widget de contato!<\/b><\/p><p><b>Melhor envolvimento do usu\u00e1rio<\/b><br>Nosso plug-in de formul\u00e1rio sugere efeitos de exibi\u00e7\u00e3o atraentes que tornar\u00e3o seu conte\u00fado imposs\u00edvel de perder para o seu o p\u00fablico-alvo que os leva a trabalhar com ele e realizar as a\u00e7\u00f5es desejadas.<\/p><p><b>Retrabalhe a experi\u00eancia do usu\u00e1rio<\/b><br>Coloque os recursos visuais mais atraentes em um local atraente para tornar a navega\u00e7\u00e3o em seu site est\u00e1vel e descomplicado, obtendo assim novos p\u00fablicos.<\/p><p><b>Aumente o n\u00famero de vendas<\/b><br>D\u00ea \u00eanfase aos seus projetos, aos melhores trabalhos ou aos temas em destaque aplicando um widget de contato que atrai os usu\u00e1rios direto para a compra.<\/p><\/div><div class=\"faq\" data-component=\"FAQ\"><div class=\"faq-item\">\r\n\t\t\t\t\t<div class=\"faq-item-question\">\r\n\t\t\t\t\t\t<h3 class=\"faq-item-question-text\">Como posso incorporar um Slider ao site HTML? <\/h3>\r\n\r\n\t\t\t\t\t\t<div class=\"faq-item-question-icon\"><\/div>\r\n\t\t\t\t\t<\/div>\r\n\r\n\t\t\t\t\t<div class=\"faq-item-answer\">\r\n\t\t\t\t\t\t<div class=\"faq-item-answer-text\"><p>A constru\u00e7\u00e3o de o widget acontece no site da Elfsight e n\u00e3o h\u00e1 necessidade de aprender a codificar. Abra nossa demonstra\u00e7\u00e3o ao vivo para ajustar seu aplicativo pessoal, adquira o c\u00f3digo e insira-o em seu site. <\/p><\/div>\r\n\t\t\t\t\t<\/div>\r\n\t\t\t\t<\/div><div class=\"faq-item\">\r\n\t\t\t\t\t<div class=\"faq-item-question\">\r\n\t\t\t\t\t\t<h3 class=\"faq-item-question-text\">As melhores maneiras de usar a integra\u00e7\u00e3o do Image Slider<\/h3>\r\n\r\n\t\t\t\t\t\t<div class=\"faq-item-question-icon\"><\/div>\r\n\t\t\t\t\t<\/div>\r\n\r\n\t\t\t\t\t<div class=\"faq-item-answer\">\r\n\t\t\t\t\t\t<div class=\"faq-item-answer-text\"><p>Oferecemos in\u00fameras possibilidades de ajuste: widgets completos para incorporar na se\u00e7\u00e3o de conte\u00fado, flutuantes plugins com recurso de rolagem, miniaturas para o rodap\u00e9, se\u00e7\u00e3o principal e todos os tipos de possibilidades verticais para barras laterais e menus do site. <\/p><\/div>\r\n\t\t\t\t\t<\/div>\r\n\t\t\t\t<\/div><div class=\"faq-item\">\r\n\t\t\t\t\t<div class=\"faq-item-question\">\r\n\t\t\t\t\t\t<h3 class=\"faq-item-question-text\">Posso criar uma galeria de imagens ou um controle deslizante de v\u00eddeo com a ajuda do seu editor? <\/h3>\r\n\r\n\t\t\t\t\t\t<div class=\"faq-item-question-icon\"><\/div>\r\n\t\t\t\t\t<\/div>\r\n\r\n\t\t\t\t\t<div class=\"faq-item-answer\">\r\n\t\t\t\t\t\t<div class=\"faq-item-answer-text\"><p>Voc\u00ea pode criar varia\u00e7\u00f5es de qualquer widget. H\u00e1 uma infinidade de layouts \u00e0 sua disposi\u00e7\u00e3o no editor, e todos eles podem ser facilmente personalizados da maneira que voc\u00ea precisar. <\/p><\/div>\r\n\t\t\t\t\t<\/div>\r\n\t\t\t\t<\/div><\/div><div class=\"application-platform-content-item-features application-platform-content-item\" id=\"features\" data-nav-section=\"features\"><h2>Recursos<\/h2><p>Aqui est\u00e1 uma lista de todas as fun\u00e7\u00f5es do produto. Voc\u00ea pode configur\u00e1-los diretamente no editor e eles o ajudar\u00e3o a moldar o c\u00f3digo deslizante da imagem HTML do widget especialmente para o seu caso.<\/p><ul><li>Utilize bot\u00f5es de CTA para orientar os usu\u00e1rios em dire\u00e7\u00e3o ao seu objetivo.<\/li><li>Altere a dura\u00e7\u00e3o da mudan\u00e7a de slide.<\/li><li>Escolha entre v\u00e1rios recursos.<\/li><li>Coloque seu texto em qualquer lugar da p\u00e1gina com a ajuda da posi\u00e7\u00e3o avan\u00e7ada.<\/li><li>Ajuste 5 op\u00e7\u00f5es de conte\u00fado.<\/li><\/ul><p><a href=\"#demo\">Voc\u00ea pode testar todos os recursos do widget diretamente na demonstra\u00e7\u00e3o<\/a><\/p><\/div><div class=\"application-platform-content-item-installation application-platform-content-item\" id=\"installation\" data-nav-section=\"installation\"><h2>Como adiciono o c\u00f3digo do Image Slider em um site HTML?<\/h2><div class=\"video-container\"><iframe width=\"720\" height=\"405\" src=\"https:\/\/www.youtube.com\/embed\/HIjeifiAkLE\" frameborder=\"0\" allowfullscreen=\"\"><\/iframe><\/div><p>Para ativar o produto, siga as diretrizes abaixo.<\/p><ol><li><b>Crie seu pr\u00f3prio controle deslizante de fotos<\/b><br> Usando nosso editor gratuito, configure um widget com apar\u00eancia e fun\u00e7\u00f5es preferidas.<\/li><li><b>Obtenha o c\u00f3digo individual para incorporar o widget <\/b><br> Depois de criar o seu widget, voc\u00ea receber\u00e1 o c\u00f3digo de instala\u00e7\u00e3o na janela que aparece nos aplicativos da Elfsight. Copie-o para uso futuro.<\/li> <li><b>Exiba o widget em seu site HTML<\/b><br> Escolha a \u00e1rea onde deseja colocar o Photo Slider e adicione o c\u00f3digo copiado l\u00e1. Salve as altera\u00e7\u00f5es.<\/li> <li><b>Pronto!<\/b><br> Entre na p\u00e1gina da web para visualizar seu widget.<\/li> <\/ol><p>De nada para contactar o apoio aos clientes da Elfsight caso necessite de aconselhamento ou tenha d\u00favidas. Teremos prazer em ajudar com todas as d\u00favidas.<\/p><\/div>","protected":false},"excerpt":{"rendered":"","protected":false},"author":9,"featured_media":0,"parent":948,"menu_order":0,"comment_status":"closed","ping_status":"closed","template":"templates\/template-application-platform.php","meta":{"publish_to_discourse":"","publish_post_category":"","wpdc_auto_publish_overridden":"","wpdc_topic_tags":"","wpdc_pin_topic":"","wpdc_pin_until":"","discourse_post_id":"","discourse_permalink":"","wpdc_publishing_response":"","wpdc_publishing_error":"","footnotes":""},"class_list":["post-4436","page","type-page","status-publish","hentry"],"yoast_head":"<!-- This site is optimized with the Yoast SEO plugin v25.3.1 - https:\/\/yoast.com\/wordpress\/plugins\/seo\/ -->\n<title>HTML Slider \u2013 Adicionar widget Photo Slider ao site HTML [2025]<\/title>\n<meta name=\"description\" content=\"\u00c9 perfeitamente simples projetar seu c\u00f3digo de widget responsivo de controle deslizante de fotos e imagens e adicion\u00e1-lo ao site HTML. O atendimento ao cliente da Elfsight \u00e9 gratuito.\" \/>\n<meta name=\"robots\" content=\"index, follow, max-snippet:-1, max-image-preview:large, max-video-preview:-1\" \/>\n<link rel=\"canonical\" href=\"https:\/\/elfsight.com\/pt\/slider-widget\/html\/\" \/>\n<meta property=\"og:locale\" content=\"pt_PT\" \/>\n<meta property=\"og:type\" content=\"article\" \/>\n<meta property=\"og:title\" content=\"HTML Slider \u2013 Adicionar widget Photo Slider ao site HTML [2025]\" \/>\n<meta property=\"og:description\" content=\"\u00c9 perfeitamente simples projetar seu c\u00f3digo de widget responsivo de controle deslizante de fotos e imagens e adicion\u00e1-lo ao site HTML. O atendimento ao cliente da Elfsight \u00e9 gratuito.\" \/>\n<meta property=\"og:url\" content=\"https:\/\/elfsight.com\/pt\/slider-widget\/html\/\" \/>\n<meta property=\"og:site_name\" content=\"Elfsight PT\" \/>\n<meta property=\"article:modified_time\" content=\"2024-11-13T11:51:51+00:00\" \/>\n<meta name=\"twitter:card\" content=\"summary_large_image\" \/>\n<meta name=\"twitter:label1\" content=\"Tempo estimado de leitura\" \/>\n\t<meta name=\"twitter:data1\" content=\"2 minutos\" \/>\n<!-- \/ Yoast SEO plugin. -->","yoast_head_json":{"title":"HTML Slider \u2013 Adicionar widget Photo Slider ao site HTML [2025]","description":"\u00c9 perfeitamente simples projetar seu c\u00f3digo de widget responsivo de controle deslizante de fotos e imagens e adicion\u00e1-lo ao site HTML. O atendimento ao cliente da Elfsight \u00e9 gratuito.","robots":{"index":"index","follow":"follow","max-snippet":"max-snippet:-1","max-image-preview":"max-image-preview:large","max-video-preview":"max-video-preview:-1"},"canonical":"https:\/\/elfsight.com\/pt\/slider-widget\/html\/","og_locale":"pt_PT","og_type":"article","og_title":"HTML Slider \u2013 Adicionar widget Photo Slider ao site HTML [2025]","og_description":"\u00c9 perfeitamente simples projetar seu c\u00f3digo de widget responsivo de controle deslizante de fotos e imagens e adicion\u00e1-lo ao site HTML. O atendimento ao cliente da Elfsight \u00e9 gratuito.","og_url":"https:\/\/elfsight.com\/pt\/slider-widget\/html\/","og_site_name":"Elfsight PT","article_modified_time":"2024-11-13T11:51:51+00:00","twitter_card":"summary_large_image","twitter_misc":{"Tempo estimado de leitura":"2 minutos"},"schema":{"@context":"https:\/\/schema.org","@graph":[{"@type":"WebPage","@id":"https:\/\/elfsight.com\/pt\/slider-widget\/html\/","url":"https:\/\/elfsight.com\/pt\/slider-widget\/html\/","name":"HTML Slider \u2013 Adicionar widget Photo Slider ao site HTML [2025]","isPartOf":{"@id":"https:\/\/elfsight.com\/pt\/#website"},"datePublished":"1970-01-01T00:00:00+00:00","dateModified":"2024-11-13T11:51:51+00:00","description":"\u00c9 perfeitamente simples projetar seu c\u00f3digo de widget responsivo de controle deslizante de fotos e imagens e adicion\u00e1-lo ao site HTML. O atendimento ao cliente da Elfsight \u00e9 gratuito.","breadcrumb":{"@id":"https:\/\/elfsight.com\/pt\/slider-widget\/html\/#breadcrumb"},"inLanguage":"pt-PT","potentialAction":[{"@type":"ReadAction","target":["https:\/\/elfsight.com\/pt\/slider-widget\/html\/"]}]},{"@type":"BreadcrumbList","@id":"https:\/\/elfsight.com\/pt\/slider-widget\/html\/#breadcrumb","itemListElement":[{"@type":"ListItem","position":1,"name":"Home","item":"https:\/\/elfsight.com\/pt\/"},{"@type":"ListItem","position":2,"name":"Slider","item":"https:\/\/elfsight.com\/pt\/slider-widget\/"},{"@type":"ListItem","position":3,"name":"Slider &#8211; HTML"}]},{"@type":"WebSite","@id":"https:\/\/elfsight.com\/pt\/#website","url":"https:\/\/elfsight.com\/pt\/","name":"Elfsight PT","description":"Just another Elfsight Sites site","potentialAction":[{"@type":"SearchAction","target":{"@type":"EntryPoint","urlTemplate":"https:\/\/elfsight.com\/pt\/?s={search_term_string}"},"query-input":{"@type":"PropertyValueSpecification","valueRequired":true,"valueName":"search_term_string"}}],"inLanguage":"pt-PT"}]}},"meta_box":{"industry":"","seo_heading":"","heading":"","description":"","cta_heading":"","cta_description":"","application":"947","h1":"C\u00f3digo do widget HTML Image Slider","h1_caption":"Crie seu controle deslizante atraente com facilidade","application_category":[],"applications_title":"","applications_request_title":"","applications_request_button_text":"","hero_text":"","hero_video":"","hero_video_schema_markup":"","selling_points_title":"","selling_points_caption":"","selling_points":[],"selling_points_cta_text":"","features_title":"","features":"","ed_cta_examples_text":"","ed_cta_examples_hidden":"","ed_cta_demo_text":"","ed_cta_demo_hidden":"","why_caption":"","why_editor_title":"","why_editor_text":"","why_team_title":"","why_team_text":"","why_service_title":"","why_service_text":"","template_catalog_visible":"","template_catalog_title":"","template_catalog_text":"","template_catalog_categories_visible":"","demo_title":"Crie seu widget deslizante","demo_caption":"Configure seu Slider e adicione-o ao seu site HTML gratuitamente!","default_faq_hidden":"","app_template_category":[],"platform":"49","template_public_id":"","codecanyon_url":"","codecanyon_item_id":"","codecanyon_price":"","pricing_caption":"","pricing_elfsight_apps_hide_column":"","pricing_elfsight_apps_url":"","pricing_codecanyon_price_caption":"","integration_category":[],"integration_request_title":"","integration_request_cta":"","integration_platform":"","integrations":[],"platform_category":[],"video_schema_markup":"","price":"a partir de US$ 0\/m\u00eas","trial":"","benefits":[{"text":"Assist\u00eancia de instala\u00e7\u00e3o gratuita"},{"text":"Suporte excepcional"},{"text":"Garantia de reembolso de 14 dias"},{"text":"Melhorias gratuitas cont\u00ednuas"}],"button_url":"#demo","button_target_blank":"0","button_nofollow":"0","attributes":[{"name":"Instala\u00e7\u00f5es","content":"10,000 - 100,000","_state":"expanded"},{"name":"Responsivo","content":"Sim","_state":"expanded"},{"name":"Navegadores compat\u00edveis","content":"Firefox, Safari, Opera, Chrome, Edge"}],"tags":[],"tags_disable_links":"0","hide_more_platforms":"","video_object":"","demo_hide_cta":"0","demo_hide_cloud_options":"0","pricing_title":"","pricing":[{"pricing_icon":"platform","pricing_title":"Elfsight Apps","pricing_title_caption":"Vers\u00e3o multiplataforma adequada para qualquer site","pricing_price":"a partir de US$ 0\/m\u00eas","pricing_price_caption":"comece com plano gratuito","pricing_benefits":[{"text":"Sites ilimitados"},{"text":"Suporte profissional ao cliente e bem documentado"},{"text":"Suporte profissional ao cliente e bem documentado"},{"text":"Pre\u00e7o a ser pago para v\u00e1rios aplicativos"}],"pricing_button_text":"Adicionar ao site","pricing_button_url":"#demo","_state":"expanded"}],"related_apps_title":"","related_apps_hidden":"1","author":"","image":[],"title":"","job":"","social_networks":[]},"_links":{"self":[{"href":"https:\/\/elfsight.com\/pt\/wp-json\/wp\/v2\/pages\/4436","targetHints":{"allow":["GET"]}}],"collection":[{"href":"https:\/\/elfsight.com\/pt\/wp-json\/wp\/v2\/pages"}],"about":[{"href":"https:\/\/elfsight.com\/pt\/wp-json\/wp\/v2\/types\/page"}],"author":[{"embeddable":true,"href":"https:\/\/elfsight.com\/pt\/wp-json\/wp\/v2\/users\/9"}],"replies":[{"embeddable":true,"href":"https:\/\/elfsight.com\/pt\/wp-json\/wp\/v2\/comments?post=4436"}],"version-history":[{"count":2,"href":"https:\/\/elfsight.com\/pt\/wp-json\/wp\/v2\/pages\/4436\/revisions"}],"predecessor-version":[{"id":12196,"href":"https:\/\/elfsight.com\/pt\/wp-json\/wp\/v2\/pages\/4436\/revisions\/12196"}],"up":[{"embeddable":true,"href":"https:\/\/elfsight.com\/pt\/wp-json\/wp\/v2\/pages\/948"}],"wp:attachment":[{"href":"https:\/\/elfsight.com\/pt\/wp-json\/wp\/v2\/media?parent=4436"}],"curies":[{"name":"wp","href":"https:\/\/api.w.org\/{rel}","templated":true}]}}