{"id":4433,"date":"2024-05-03T06:42:30","date_gmt":"2024-05-03T06:42:30","guid":{"rendered":"https:\/\/elfsight.com\/pt\/?page_id=4433"},"modified":"2024-11-13T11:22:19","modified_gmt":"2024-11-13T11:22:19","slug":"google-sites","status":"publish","type":"page","link":"https:\/\/elfsight.com\/pt\/photo-gallery-widget\/google-sites\/","title":{"rendered":"Photo Gallery &#8211; Google Sites"},"content":{"rendered":"<div class=\"application-platform-content-item-description application-platform-content-item\" id=\"description\" data-nav-section=\"description\"> <h2>Incorpore a Galeria de Fotos no Google Sites com o widget Elfsight<\/h2> <p>O wudget Galeria de Fotos da Elfsight \u00e9 a sua melhor maneira de coletar fotos ou fa\u00e7a uma galeria espl\u00eandida em seu site. Adicione qualquer quantidade de imagens, coloque legendas e selecione a melhor forma de organiz\u00e1-las na p\u00e1gina. O widget Elfsight possui seis op\u00e7\u00f5es de layout e diversas outras fun\u00e7\u00f5es de design. Cada imagem \u00e9 exibida em pop-up, os visitantes podem navegar por elas ou assistir a uma apresenta\u00e7\u00e3o de slides, usar a op\u00e7\u00e3o de zoom e admirar as imagens em tela cheia. Voc\u00ea pode colorir a interface do widget e aplicar um plano de fundo exclusivo, variar as configura\u00e7\u00f5es de texto e mais oportunidades de estilo. <\/p> <p><b>Gere uma cole\u00e7\u00e3o de fotos imperd\u00edvel! <\/b><\/p> <\/div><div class=\"application-platform-content-item-features application-platform-content-item\" id=\"features\" data-nav-section=\"features\"> <h2>Principais recursos do widget Galeria de Fotos<\/h2> <p>Aqui voc\u00ea pode ver todas as caracter\u00edsticas funcionais da Galeria de Fotos. Eles est\u00e3o dispon\u00edveis diretamente no editor e ir\u00e3o ajud\u00e1-lo a moldar o widget adequado ao seu caso. <\/p> <ul> <li>Utilize CTAs para orientar os usu\u00e1rios em dire\u00e7\u00e3o \u00e0 convers\u00e3o. <\/li> <li>Alterar a dura\u00e7\u00e3o da troca de slides. <\/li> <li>Escolha entre diversas variantes de pagina\u00e7\u00e3o. <\/li> <li>Coloque seu texto em qualquer lugar da p\u00e1gina por meio da posi\u00e7\u00e3o avan\u00e7ada. <\/li> <li>Modifique 5 op\u00e7\u00f5es de conte\u00fado. <\/li> <\/ul> <p><a href=\"#demo\">Teste todas as outras fun\u00e7\u00f5es na demonstra\u00e7\u00e3o<\/a><\/p> <\/div> <div class=\"application-platform-content-item-installation application-platform-content-item\" id=\"installation\" data-nav-section=\"installation\"><h2> Como posso incorporar o plugin da Galeria de Fotos no meu site do Google Sites? <\/h2> <p>Para ativar o widget, basta seguir as orienta\u00e7\u00f5es abaixo. <\/p> <ol><li><b>Gere seu plugin de Galeria personalizado<\/b><br> Em nossa demonstra\u00e7\u00e3o gratuita, crie um plugin com layout e funcionalidade preferidos. <\/li> <li><b>Adquira o c\u00f3digo individual para integrar o plugin<\/b><br> Depois de criar o seu widget, voc\u00ea adquirir\u00e1 o c\u00f3digo exclusivo da notifica\u00e7\u00e3o que aparece nos aplicativos da Elfsight. Copie-o para uso posterior. <\/li> <li><b>Publique o plug-in em seu site do Google Sites<\/b><br> Defina a \u00e1rea \u00e0 qual voc\u00ea gostaria de integrar o plug-in e cole o c\u00f3digo copiado l\u00e1. Aplique os resultados. <\/li> <li><b>Voc\u00ea executou totalmente a instala\u00e7\u00e3o<\/b><br> V\u00e1 at\u00e9 sua loja para dar uma olhada em seu trabalho. <\/li> <\/ol> <div class=\"tip-yellow tip\"><b>Devido \u00e0s peculiaridades do funcionamento do Google Sites, o widget pode ter uma apar\u00eancia diferente da demonstra\u00e7\u00e3o on-line. Pedimos desculpas por qualquer inconveniente causado.<\/b><\/div><p>N\u00e3o hesite em entrar em contato com o suporte ao cliente da Elfsight caso precise de assist\u00eancia ou tenha problemas. Teremos o maior prazer em ajudar com todas as d\u00favidas. <\/p> <div class=\"faq\" data-component=\"FAQ\"><div class=\"faq-item\">\r\n\t\t\t\t\t<div class=\"faq-item-question\">\r\n\t\t\t\t\t\t<h3 class=\"faq-item-question-text\">De que maneira posso incorporar a Galeria de Fotos \u00e0 minha p\u00e1gina do Google Sites sem nenhum conhecimento de codifica\u00e7\u00e3o?<\/h3>\r\n\r\n\t\t\t\t\t\t<div class=\"faq-item-question-icon\"><\/div>\r\n\t\t\t\t\t<\/div>\r\n\r\n\t\t\t\t\t<div class=\"faq-item-answer\">\r\n\t\t\t\t\t\t<div class=\"faq-item-answer-text\"> <p>A empresa Elfsight oferece uma solu\u00e7\u00e3o em nuvem que permite estabelecer um aplicativo de Galeria de Fotos voc\u00ea mesmo, veja como o processo \u00e9 simples: comece a trabalhar na demonstra\u00e7\u00e3o ao vivo para formar um plugin de galeria de fotos que voc\u00ea gostaria de incluir em seu Google Sites. Clique em um dos muitos modelos predefinidos e ajuste as configura\u00e7\u00f5es da Galeria de Fotos, altere o layout e as cores e adicione seu conte\u00fado, sem nenhuma habilidade de codifica\u00e7\u00e3o. Clique para salvar as configura\u00e7\u00f5es feitas na Galeria de Fotos e copiar o c\u00f3digo de instala\u00e7\u00e3o, que pode ser simplesmente adicionado \u00e0 sua p\u00e1gina inicial do Google Sites sem comprar um plano pago. Trabalhando em nosso editor f\u00e1cil de usar, qualquer usu\u00e1rio da Internet pode criar uma se\u00e7\u00e3o da Galeria de Fotos e incorpor\u00e1-la prontamente ao site do Google Sites. N\u00e3o h\u00e1 necessidade de pagar ou divulgar as credenciais do seu cart\u00e3o para acessar o servi\u00e7o Elfsight. Se voc\u00ea encontrar algum problema em qualquer etapa, n\u00e3o hesite em entrar em contato com nossa equipe de suporte.<\/p> <\/div>\r\n\t\t\t\t\t<\/div>\r\n\t\t\t\t<\/div> <\/div><\/div>","protected":false},"excerpt":{"rendered":"","protected":false},"author":9,"featured_media":0,"parent":965,"menu_order":0,"comment_status":"closed","ping_status":"closed","template":"templates\/template-application-platform.php","meta":{"publish_to_discourse":"","publish_post_category":"","wpdc_auto_publish_overridden":"","wpdc_topic_tags":"","wpdc_pin_topic":"","wpdc_pin_until":"","discourse_post_id":"","discourse_permalink":"","wpdc_publishing_response":"","wpdc_publishing_error":"","footnotes":""},"class_list":["post-4433","page","type-page","status-publish","hentry"],"yoast_head":"<!-- This site is optimized with the Yoast SEO plugin v25.3.1 - https:\/\/yoast.com\/wordpress\/plugins\/seo\/ -->\n<title>Galeria de fotos - Adicionar widget de galeria ao Google Sites [2026]<\/title>\n<meta name=\"description\" content=\"Implemente um plug-in responsivo da Galeria de Fotos em seu site do Google Sites e obtenha confian\u00e7a total. Utilize a demonstra\u00e7\u00e3o f\u00e1cil de usar da Elfsight para criar o seu exclusivo.\" \/>\n<meta name=\"robots\" content=\"index, follow, max-snippet:-1, max-image-preview:large, max-video-preview:-1\" \/>\n<link rel=\"canonical\" href=\"https:\/\/elfsight.com\/pt\/photo-gallery-widget\/google-sites\/\" \/>\n<meta property=\"og:locale\" content=\"pt_PT\" \/>\n<meta property=\"og:type\" content=\"article\" \/>\n<meta property=\"og:title\" content=\"Galeria de fotos - Adicionar widget de galeria ao Google Sites [2026]\" \/>\n<meta property=\"og:description\" content=\"Implemente um plug-in responsivo da Galeria de Fotos em seu site do Google Sites e obtenha confian\u00e7a total. Utilize a demonstra\u00e7\u00e3o f\u00e1cil de usar da Elfsight para criar o seu exclusivo.\" \/>\n<meta property=\"og:url\" content=\"https:\/\/elfsight.com\/pt\/photo-gallery-widget\/google-sites\/\" \/>\n<meta property=\"og:site_name\" content=\"Elfsight PT\" \/>\n<meta property=\"article:modified_time\" content=\"2024-11-13T11:22:19+00:00\" \/>\n<meta name=\"twitter:card\" content=\"summary_large_image\" \/>\n<meta name=\"twitter:label1\" content=\"Tempo estimado de leitura\" \/>\n\t<meta name=\"twitter:data1\" content=\"2 minutos\" \/>\n<!-- \/ Yoast SEO plugin. -->","yoast_head_json":{"title":"Galeria de fotos - Adicionar widget de galeria ao Google Sites [2026]","description":"Implemente um plug-in responsivo da Galeria de Fotos em seu site do Google Sites e obtenha confian\u00e7a total. Utilize a demonstra\u00e7\u00e3o f\u00e1cil de usar da Elfsight para criar o seu exclusivo.","robots":{"index":"index","follow":"follow","max-snippet":"max-snippet:-1","max-image-preview":"max-image-preview:large","max-video-preview":"max-video-preview:-1"},"canonical":"https:\/\/elfsight.com\/pt\/photo-gallery-widget\/google-sites\/","og_locale":"pt_PT","og_type":"article","og_title":"Galeria de fotos - Adicionar widget de galeria ao Google Sites [2026]","og_description":"Implemente um plug-in responsivo da Galeria de Fotos em seu site do Google Sites e obtenha confian\u00e7a total. Utilize a demonstra\u00e7\u00e3o f\u00e1cil de usar da Elfsight para criar o seu exclusivo.","og_url":"https:\/\/elfsight.com\/pt\/photo-gallery-widget\/google-sites\/","og_site_name":"Elfsight PT","article_modified_time":"2024-11-13T11:22:19+00:00","twitter_card":"summary_large_image","twitter_misc":{"Tempo estimado de leitura":"2 minutos"},"schema":{"@context":"https:\/\/schema.org","@graph":[{"@type":"WebPage","@id":"https:\/\/elfsight.com\/pt\/photo-gallery-widget\/google-sites\/","url":"https:\/\/elfsight.com\/pt\/photo-gallery-widget\/google-sites\/","name":"Galeria de fotos - Adicionar widget de galeria ao Google Sites [2026]","isPartOf":{"@id":"https:\/\/elfsight.com\/pt\/#website"},"datePublished":"2024-05-03T06:42:30+00:00","dateModified":"2024-11-13T11:22:19+00:00","description":"Implemente um plug-in responsivo da Galeria de Fotos em seu site do Google Sites e obtenha confian\u00e7a total. Utilize a demonstra\u00e7\u00e3o f\u00e1cil de usar da Elfsight para criar o seu exclusivo.","breadcrumb":{"@id":"https:\/\/elfsight.com\/pt\/photo-gallery-widget\/google-sites\/#breadcrumb"},"inLanguage":"pt-PT","potentialAction":[{"@type":"ReadAction","target":["https:\/\/elfsight.com\/pt\/photo-gallery-widget\/google-sites\/"]}]},{"@type":"BreadcrumbList","@id":"https:\/\/elfsight.com\/pt\/photo-gallery-widget\/google-sites\/#breadcrumb","itemListElement":[{"@type":"ListItem","position":1,"name":"Home","item":"https:\/\/elfsight.com\/pt\/"},{"@type":"ListItem","position":2,"name":"Photo Gallery","item":"https:\/\/elfsight.com\/pt\/photo-gallery-widget\/"},{"@type":"ListItem","position":3,"name":"Photo Gallery &#8211; Google Sites"}]},{"@type":"WebSite","@id":"https:\/\/elfsight.com\/pt\/#website","url":"https:\/\/elfsight.com\/pt\/","name":"Elfsight PT","description":"Just another Elfsight Sites site","potentialAction":[{"@type":"SearchAction","target":{"@type":"EntryPoint","urlTemplate":"https:\/\/elfsight.com\/pt\/?s={search_term_string}"},"query-input":{"@type":"PropertyValueSpecification","valueRequired":true,"valueName":"search_term_string"}}],"inLanguage":"pt-PT"}]}},"meta_box":{"industry":"","seo_heading":"","heading":"","description":"","cta_heading":"","cta_description":"","application":"964","h1":"Widget da Galeria de fotos do Google Sites","h1_caption":"Colete suas fotos maravilhosas no site","application_category":[],"applications_title":"","applications_request_title":"","applications_request_button_text":"","hero_text":"","hero_video":"","hero_video_schema_markup":"","selling_points_title":"","selling_points_caption":"","selling_points":[],"selling_points_cta_text":"","features_title":"","features":"","ed_cta_examples_text":"","ed_cta_examples_hidden":"","ed_cta_demo_text":"","ed_cta_demo_hidden":"","why_caption":"","why_editor_title":"","why_editor_text":"","why_team_title":"","why_team_text":"","why_service_title":"","why_service_text":"","template_catalog_visible":"","template_catalog_title":"","template_catalog_text":"","template_catalog_categories_visible":"","demo_title":"Crie seu widget de Galeria de Fotos","demo_caption":"Configure sua Galeria de Fotos e adicione-a ao seu site do Google Sites gratuitamente!","default_faq_hidden":"","app_template_category":[],"platform":"112","template_public_id":"","codecanyon_url":"","codecanyon_item_id":"","codecanyon_price":"","pricing_caption":"","pricing_elfsight_apps_hide_column":"","pricing_elfsight_apps_url":"","pricing_codecanyon_price_caption":"","integration_category":[],"integration_request_title":"","integration_request_cta":"","integration_platform":"","integrations":[],"platform_category":[],"video_schema_markup":"","price":"a partir de US$ 0\/m\u00eas","trial":"","benefits":[{"text":"Assist\u00eancia de instala\u00e7\u00e3o gratuita"},{"text":"Atendimento ao cliente profissional"},{"text":"Garantia de devolu\u00e7\u00e3o do dinheiro em 14 dias"},{"text":"Atualiza\u00e7\u00f5es vital\u00edcias"}],"button_url":"#demo","button_target_blank":"0","button_nofollow":"0","attributes":[{"name":"Instala\u00e7\u00f5es","content":"10,000 - 100,000","_state":"expanded"},{"name":"Responsivo","content":"Otimizado para celular","_state":"expanded"},{"name":"Navegadores compat\u00edveis","content":"Safari, Chrome, Opera, Edge, Firefox"}],"tags":[],"tags_disable_links":"0","hide_more_platforms":"","video_object":"","demo_hide_cta":"0","demo_hide_cloud_options":"0","pricing_title":"","pricing":[{"pricing_icon":"platform","pricing_title":"Elfsight Apps","pricing_title_caption":"Vers\u00e3o multiplataforma que funciona em qualquer site","pricing_price":"a partir de US$ 0\/m\u00eas","pricing_price_caption":"comece com plano gratuito","pricing_benefits":[{"text":"N\u00famero ilimitado de dom\u00ednios"},{"text":"Suporte profissional ao cliente"},{"text":"Suporte profissional ao cliente"},{"text":"100% personaliz\u00e1vel"}],"pricing_button_text":"Adicionar ao site","pricing_button_url":"#demo","_state":"expanded"}],"related_apps_title":"","related_apps_hidden":"1","author":"","image":[],"title":"","job":"","social_networks":[]},"_links":{"self":[{"href":"https:\/\/elfsight.com\/pt\/wp-json\/wp\/v2\/pages\/4433","targetHints":{"allow":["GET"]}}],"collection":[{"href":"https:\/\/elfsight.com\/pt\/wp-json\/wp\/v2\/pages"}],"about":[{"href":"https:\/\/elfsight.com\/pt\/wp-json\/wp\/v2\/types\/page"}],"author":[{"embeddable":true,"href":"https:\/\/elfsight.com\/pt\/wp-json\/wp\/v2\/users\/9"}],"replies":[{"embeddable":true,"href":"https:\/\/elfsight.com\/pt\/wp-json\/wp\/v2\/comments?post=4433"}],"version-history":[{"count":2,"href":"https:\/\/elfsight.com\/pt\/wp-json\/wp\/v2\/pages\/4433\/revisions"}],"predecessor-version":[{"id":12035,"href":"https:\/\/elfsight.com\/pt\/wp-json\/wp\/v2\/pages\/4433\/revisions\/12035"}],"up":[{"embeddable":true,"href":"https:\/\/elfsight.com\/pt\/wp-json\/wp\/v2\/pages\/965"}],"wp:attachment":[{"href":"https:\/\/elfsight.com\/pt\/wp-json\/wp\/v2\/media?parent=4433"}],"curies":[{"name":"wp","href":"https:\/\/api.w.org\/{rel}","templated":true}]}}