{"id":4428,"date":"1970-01-01T00:00:00","date_gmt":"1970-01-01T00:00:00","guid":{"rendered":"https:\/\/elfsight.com\/pt\/?page_id=4428"},"modified":"2025-03-07T08:05:37","modified_gmt":"2025-03-07T08:05:37","slug":"google-sites","status":"publish","type":"page","link":"https:\/\/elfsight.com\/pt\/slider-widget\/google-sites\/","title":{"rendered":"Slider &#8211; Google Sites"},"content":{"rendered":"\n<div class=\"application-platform-content-item-description application-platform-content-item\" id=\"description\" data-nav-section=\"description\"> <h2>Incorpore o Slider no Google Sites com o widget Elfsight<\/h2> <p>Elfsight Slider \u00e9 uma ferramenta simples que permite capturar os usu\u00e1rios aten\u00e7\u00e3o, demonstrando-lhes v\u00e1rias imagens, v\u00eddeos ou melhores ofertas em seu site. Use qualquer quantidade de slides necess\u00e1ria para mostrar seus produtos e marcar neg\u00f3cios interessantes. Adicione efeitos visuais e dimensione o tamanho da imagem\/v\u00eddeo da maneira que voc\u00ea precisa. Com a ajuda de nossa ferramenta voc\u00ea poder\u00e1 criar um controle deslizante aparente que chamar\u00e1 a aten\u00e7\u00e3o dos usu\u00e1rios e n\u00e3o os deixar\u00e1 sair do seu site t\u00e3o cedo.<\/p> <p><b>Comece a usar o Image Slider para levar seu desafios de neg\u00f3cios!<\/b><\/p> <\/div> <div class=\"application-platform-content-item-features application-platform-content-item\" id=\"features\" data-nav-section=\"features\"> <h2>Veja a lista dos melhores recursos: <\/h2> <ul><li>Adicione imagens\/v\u00eddeos por URL ou fa\u00e7a upload diretamente do seu dispositivo<\/li><li>Bot\u00f5es de call to action<\/li><li>Selos com diversas op\u00e7\u00f5es de design (preenchido\/delineado, tamanho de elemento escalon\u00e1vel) <\/li><li>Transi\u00e7\u00f5es autom\u00e1ticas de slides <\/li><li>Navega\u00e7\u00e3o deslizante<\/li><\/ul><p><a href=\"#demo\">Explore todos os recursos de personaliza\u00e7\u00e3o em uma demonstra\u00e7\u00e3o totalmente funcional<\/a><\/p> <\/div> <div class=\"application-platform-content-item-installation application-platform-content-item\" id=\"installation\" data-nav-section=\"installation\"> <h2>Como adicionar o Slider \u00e0 minha p\u00e1gina do Google Sites? <\/h2> <p>Basta seguir as instru\u00e7\u00f5es abaixo para come\u00e7ar a trabalhar com o plugin. <\/p> <ol><li><b>Inicie nosso editor gratuito e comece a moldar seu plugin personalizado. <\/b><br> Especifique a forma e os aspectos adequados da ferramenta e aplique as edi\u00e7\u00f5es. <\/li> <li><b>Copie o seu c\u00f3digo pessoal que aparece no formul\u00e1rio especial nas aplica\u00e7\u00f5es Elfsight. <\/b><br> Terminada a personaliza\u00e7\u00e3o da sua ferramenta pessoal, copie o c\u00f3digo pessoal na caixa que aparece e salve-o para uso posterior. <\/li> <li><b>Iniciar a utiliza\u00e7\u00e3o do widget no site da plataforma. <\/b><br> Implemente o c\u00f3digo que voc\u00ea salvou anteriormente em sua p\u00e1gina inicial e aplique as melhorias. <\/li> <li><b>Conclu\u00eddo! A incorpora\u00e7\u00e3o est\u00e1 totalmente realizada. <\/b><br> V\u00e1 para sua p\u00e1gina da web para revisar como o plugin funciona. <\/li><\/ol> <div class=\"tip-yellow tip\"><b>Devido \u00e0s peculiaridades do funcionamento do Google Sites, o widget pode ter uma apar\u00eancia diferente da demonstra\u00e7\u00e3o on-line. Pedimos desculpas por qualquer inconveniente causado.<\/b><\/div><p>Caso tenha d\u00favidas ou encontre qualquer dificuldade, n\u00e3o hesite em entrar em contato com nossa equipe de suporte. Nossos especialistas ter\u00e3o prazer em ajud\u00e1-lo com todas as dificuldades que voc\u00ea possa ter com o plugin. <\/p> <div class=\"faq\" data-component=\"FAQ\"><div class=\"faq-item\">\r\n\t\t\t\t\t<div class=\"faq-item-question\">\r\n\t\t\t\t\t\t<h3 class=\"faq-item-question-text\">De que forma \u00e9 poss\u00edvel adicionar o Slider ao meu Google Sites sem conhecimentos de codifica\u00e7\u00e3o?<\/h3>\r\n\r\n\t\t\t\t\t\t<div class=\"faq-item-question-icon\"><\/div>\r\n\t\t\t\t\t<\/div>\r\n\r\n\t\t\t\t\t<div class=\"faq-item-answer\">\r\n\t\t\t\t\t\t<div class=\"faq-item-answer-text\"> <p>A Elfsight apresenta uma solu\u00e7\u00e3o Cloud que permite \u00e0s pessoas gerarem voc\u00eas pr\u00f3prios um widget Slider, aprenda as etapas simples: Trabalhe diretamente na demonstra\u00e7\u00e3o on-line para gerar um plug-in Slider que voc\u00ea gostaria de incluir em seu site do Google Sites. Escolha um de nossos modelos predefinidos e ajuste as configura\u00e7\u00f5es do Slider, atualize seu conte\u00fado, transforme o layout e o esquema de cores sem codifica\u00e7\u00e3o. Clique para salvar as configura\u00e7\u00f5es feitas no Slider e obter o c\u00f3digo do widget para incorpora\u00e7\u00e3o, que pode ser facilmente adicionado em qualquer p\u00e1gina inicial do Google Sites gratuitamente. Com o editor simples, cada usu\u00e1rio da web pode gerar um widget Slider on-line e adicion\u00e1-lo facilmente \u00e0 p\u00e1gina inicial do Google Sites. Voc\u00ea n\u00e3o deve obter uma assinatura paga ou inserir as credenciais do seu cart\u00e3o para acessar o Elfsight Editor. Se voc\u00ea enfrentar qualquer problema em qualquer etapa, n\u00e3o hesite em entrar em contato com nossa equipe de suporte t\u00e9cnico.<\/p> <\/div>\r\n\t\t\t\t\t<\/div>\r\n\t\t\t\t<\/div> <\/div><\/div>\n","protected":false},"excerpt":{"rendered":"","protected":false},"author":9,"featured_media":0,"parent":948,"menu_order":0,"comment_status":"closed","ping_status":"closed","template":"templates\/template-application-platform.php","meta":{"publish_to_discourse":"","publish_post_category":"","wpdc_auto_publish_overridden":"","wpdc_topic_tags":"","wpdc_pin_topic":"","wpdc_pin_until":"","discourse_post_id":"","discourse_permalink":"","wpdc_publishing_response":"","wpdc_publishing_error":"","footnotes":""},"class_list":["post-4428","page","type-page","status-publish","hentry"],"yoast_head":"<!-- This site is optimized with the Yoast SEO plugin v25.3.1 - https:\/\/yoast.com\/wordpress\/plugins\/seo\/ -->\n<title>Image Slider \u2013 Adicionar plugin Photo Slider ao Google Sites [2025]<\/title>\n<meta name=\"description\" content=\"Incorpore um widget Slider responsivo ao seu site do Google Sites. Use a demonstra\u00e7\u00e3o pr\u00e1tica da Elfsight e gere seu plugin exclusivo em apenas 2 minutos.\" \/>\n<meta name=\"robots\" content=\"index, follow, max-snippet:-1, max-image-preview:large, max-video-preview:-1\" \/>\n<link rel=\"canonical\" href=\"https:\/\/elfsight.com\/pt\/slider-widget\/google-sites\/\" \/>\n<meta property=\"og:locale\" content=\"pt_PT\" \/>\n<meta property=\"og:type\" content=\"article\" \/>\n<meta property=\"og:title\" content=\"Image Slider \u2013 Adicionar plugin Photo Slider ao Google Sites [2025]\" \/>\n<meta property=\"og:description\" content=\"Incorpore um widget Slider responsivo ao seu site do Google Sites. Use a demonstra\u00e7\u00e3o pr\u00e1tica da Elfsight e gere seu plugin exclusivo em apenas 2 minutos.\" \/>\n<meta property=\"og:url\" content=\"https:\/\/elfsight.com\/pt\/slider-widget\/google-sites\/\" \/>\n<meta property=\"og:site_name\" content=\"Elfsight PT\" \/>\n<meta property=\"article:modified_time\" content=\"2025-03-07T08:05:37+00:00\" \/>\n<meta name=\"twitter:card\" content=\"summary_large_image\" \/>\n<meta name=\"twitter:label1\" content=\"Tempo estimado de leitura\" \/>\n\t<meta name=\"twitter:data1\" content=\"3 minutos\" \/>\n<!-- \/ Yoast SEO plugin. -->","yoast_head_json":{"title":"Image Slider \u2013 Adicionar plugin Photo Slider ao Google Sites [2025]","description":"Incorpore um widget Slider responsivo ao seu site do Google Sites. Use a demonstra\u00e7\u00e3o pr\u00e1tica da Elfsight e gere seu plugin exclusivo em apenas 2 minutos.","robots":{"index":"index","follow":"follow","max-snippet":"max-snippet:-1","max-image-preview":"max-image-preview:large","max-video-preview":"max-video-preview:-1"},"canonical":"https:\/\/elfsight.com\/pt\/slider-widget\/google-sites\/","og_locale":"pt_PT","og_type":"article","og_title":"Image Slider \u2013 Adicionar plugin Photo Slider ao Google Sites [2025]","og_description":"Incorpore um widget Slider responsivo ao seu site do Google Sites. Use a demonstra\u00e7\u00e3o pr\u00e1tica da Elfsight e gere seu plugin exclusivo em apenas 2 minutos.","og_url":"https:\/\/elfsight.com\/pt\/slider-widget\/google-sites\/","og_site_name":"Elfsight PT","article_modified_time":"2025-03-07T08:05:37+00:00","twitter_card":"summary_large_image","twitter_misc":{"Tempo estimado de leitura":"3 minutos"},"schema":{"@context":"https:\/\/schema.org","@graph":[{"@type":"WebPage","@id":"https:\/\/elfsight.com\/pt\/slider-widget\/google-sites\/","url":"https:\/\/elfsight.com\/pt\/slider-widget\/google-sites\/","name":"Image Slider \u2013 Adicionar plugin Photo Slider ao Google Sites [2025]","isPartOf":{"@id":"https:\/\/elfsight.com\/pt\/#website"},"datePublished":"1970-01-01T00:00:00+00:00","dateModified":"2025-03-07T08:05:37+00:00","description":"Incorpore um widget Slider responsivo ao seu site do Google Sites. Use a demonstra\u00e7\u00e3o pr\u00e1tica da Elfsight e gere seu plugin exclusivo em apenas 2 minutos.","breadcrumb":{"@id":"https:\/\/elfsight.com\/pt\/slider-widget\/google-sites\/#breadcrumb"},"inLanguage":"pt-PT","potentialAction":[{"@type":"ReadAction","target":["https:\/\/elfsight.com\/pt\/slider-widget\/google-sites\/"]}]},{"@type":"BreadcrumbList","@id":"https:\/\/elfsight.com\/pt\/slider-widget\/google-sites\/#breadcrumb","itemListElement":[{"@type":"ListItem","position":1,"name":"Home","item":"https:\/\/elfsight.com\/pt\/"},{"@type":"ListItem","position":2,"name":"Slider","item":"https:\/\/elfsight.com\/pt\/slider-widget\/"},{"@type":"ListItem","position":3,"name":"Slider &#8211; Google Sites"}]},{"@type":"WebSite","@id":"https:\/\/elfsight.com\/pt\/#website","url":"https:\/\/elfsight.com\/pt\/","name":"Elfsight PT","description":"Just another Elfsight Sites site","potentialAction":[{"@type":"SearchAction","target":{"@type":"EntryPoint","urlTemplate":"https:\/\/elfsight.com\/pt\/?s={search_term_string}"},"query-input":{"@type":"PropertyValueSpecification","valueRequired":true,"valueName":"search_term_string"}}],"inLanguage":"pt-PT"}]}},"meta_box":{"industry":"","seo_heading":"","heading":"","description":"","cta_heading":"","cta_description":"","application":"947","h1":"Widget deslizante do Google Sites","h1_caption":"Com o efeito visual atrativo, torne seu conte\u00fado imperd\u00edvel para os usu\u00e1rios e aumente a intera\u00e7\u00e3o e o engajamento","application_category":[],"applications_title":"","applications_request_title":"","applications_request_button_text":"","hero_text":"","hero_video":"","hero_video_schema_markup":"","selling_points_title":"","selling_points_caption":"","selling_points":[],"selling_points_cta_text":"","features_title":"","features":"","ed_cta_examples_text":"","ed_cta_examples_hidden":"","ed_cta_demo_text":"","ed_cta_demo_hidden":"","why_caption":"","why_editor_title":"","why_editor_text":"","why_team_title":"","why_team_text":"","why_service_title":"","why_service_text":"","template_catalog_visible":"0","template_catalog_title":"","template_catalog_text":"","template_catalog_categories_visible":"","demo_title":"Crie seu widget deslizante","demo_caption":"Configure seu Slider e adicione-o ao seu site do Google Sites gratuitamente!","default_faq_hidden":"","app_template_category":[],"platform":"112","template_public_id":"","codecanyon_url":"","codecanyon_item_id":"","codecanyon_price":"","pricing_caption":"","pricing_elfsight_apps_hide_column":"","pricing_elfsight_apps_url":"","pricing_codecanyon_price_caption":"","integration_category":[],"integration_request_title":"","integration_request_cta":"","integration_platform":"","integrations":[],"platform_category":[],"video_schema_markup":"","price":"a partir de US$ 0\/m\u00eas","trial":"","benefits":[{"text":"Servi\u00e7o de instala\u00e7\u00e3o gratuito"},{"text":"Atendimento ao cliente competente"},{"text":"Garantia de devolu\u00e7\u00e3o do dinheiro em 14 dias"},{"text":"Melhorias cont\u00ednuas"}],"button_url":"#demo","button_target_blank":"0","button_nofollow":"0","attributes":[{"name":"Instala\u00e7\u00f5es","content":"10,000 - 100,000","_state":"expanded"},{"name":"Responsivo","content":"Compat\u00edvel com dispositivos m\u00f3veis","_state":"expanded"},{"name":"Navegadores compat\u00edveis","content":"Opera, Safari, Edge, Firefox, Chrome"}],"tags":[],"tags_disable_links":"0","hide_more_platforms":"0","video_object":"","demo_hide_cta":"0","demo_hide_cloud_options":"0","pricing_title":"","pricing":[{"pricing_icon":"platform","pricing_title":"Elfsight Apps","pricing_title_caption":"Solu\u00e7\u00e3o multiplataforma","pricing_price":"a partir de US$ 0\/m\u00eas","pricing_price_caption":"comece com plano gratuito","pricing_benefits":[{"text":"Dom\u00ednios ilimitados"},{"text":"Suporte gratuito e pontual"},{"text":"Suporte gratuito e pontual"},{"text":"Pre\u00e7o especial para v\u00e1rios aplicativos"}],"pricing_button_text":"Adicionar ao site","pricing_button_url":"#demo","_state":"expanded"}],"related_apps_title":"","related_apps_hidden":"1","author":"","image":[],"title":"","job":"","social_networks":[]},"_links":{"self":[{"href":"https:\/\/elfsight.com\/pt\/wp-json\/wp\/v2\/pages\/4428","targetHints":{"allow":["GET"]}}],"collection":[{"href":"https:\/\/elfsight.com\/pt\/wp-json\/wp\/v2\/pages"}],"about":[{"href":"https:\/\/elfsight.com\/pt\/wp-json\/wp\/v2\/types\/page"}],"author":[{"embeddable":true,"href":"https:\/\/elfsight.com\/pt\/wp-json\/wp\/v2\/users\/9"}],"replies":[{"embeddable":true,"href":"https:\/\/elfsight.com\/pt\/wp-json\/wp\/v2\/comments?post=4428"}],"version-history":[{"count":3,"href":"https:\/\/elfsight.com\/pt\/wp-json\/wp\/v2\/pages\/4428\/revisions"}],"predecessor-version":[{"id":14580,"href":"https:\/\/elfsight.com\/pt\/wp-json\/wp\/v2\/pages\/4428\/revisions\/14580"}],"up":[{"embeddable":true,"href":"https:\/\/elfsight.com\/pt\/wp-json\/wp\/v2\/pages\/948"}],"wp:attachment":[{"href":"https:\/\/elfsight.com\/pt\/wp-json\/wp\/v2\/media?parent=4428"}],"curies":[{"name":"wp","href":"https:\/\/api.w.org\/{rel}","templated":true}]}}