{"id":4424,"date":"1970-01-01T00:00:00","date_gmt":"1970-01-01T00:00:00","guid":{"rendered":"https:\/\/elfsight.com\/pt\/?page_id=4424"},"modified":"2025-01-31T12:09:10","modified_gmt":"2025-01-31T12:09:10","slug":"godaddy","status":"publish","type":"page","link":"https:\/\/elfsight.com\/pt\/popup-widget\/godaddy\/","title":{"rendered":"Popup &#8211; GoDaddy"},"content":{"rendered":"\n<div class=\"application-platform-content-item-description application-platform-content-item\" id=\"description\" data-nav-section=\"description\"> <h2>Incorporar Popup no GoDaddy com o widget Elfsight<\/h2> <p>Aplicando a ferramenta Elfsight Popup, voc\u00ea tem a chance de criar seu pr\u00f3prio pop-up personalizado pop-ups de v\u00e1rios tipos e exibi-los em seu site GoDaddy. Forme um pop-up exclusivo, a partir de diversos elementos integrados. Varie o estilo e a posi\u00e7\u00e3o; atribua gatilhos pop-up e ajuste a frequ\u00eancia para aumentar a efic\u00e1cia. Os pop-ups permitir\u00e3o que os usu\u00e1rios iniciem uma assinatura, descubram mais sobre seus produtos e servi\u00e7os, usem seus cupons, saibam sobre suas vendas e ofertas especiais, fiquem sabendo dos pr\u00f3ximos eventos em um site GoDaddy e muito mais.<\/p> <p> <b>Os pop-ups permitir\u00e3o vendas de maneira mais eficaz, promover\u00e3o ocasi\u00f5es planejadas, obter\u00e3o impress\u00f5es e leads e muito mais.<\/b><\/p> <\/div><div class=\"application-platform-content-item-features application-platform-content-item\" id=\"features\" data-nav-section=\"features\"> <h2>Principais recursos do o widget Popup<\/h2> <p>Verifique todos os recursos do plugin. Eles est\u00e3o dispon\u00edveis diretamente no editor e ajudar\u00e3o voc\u00ea a construir o plugin especialmente para suas necessidades.<\/p> <ul><li>Doze blocos diferentes para construir um pop-up;<\/li> <li>Cinco layouts de pop-up inclu\u00eddos para diferentes casos;<\/li> <li>Colocar bot\u00f5es para redirecionar usu\u00e1rios para qualquer endere\u00e7o;<\/li> <li>Fazer upload de uma imagem para o plano de fundo do pop-up;<\/li> <li>O pop-up pode aparecer ap\u00f3s um tempo preciso na p\u00e1gina da web ou rolar porcentagem;<\/li> <li>Acionamento de pop-up clicando em um elemento ou rolando para baixo at\u00e9 ele;<\/li><li>Cria\u00e7\u00e3o sem usar pop-up do construtor de sites GoDaddy.<\/li><\/ul> <p><b>Veja como todos os recursos funcionam em nossa demonstra\u00e7\u00e3o<\/b><\/p> <\/div><div class=\"application-platform-content-item-installation application-platform-content-item\" id=\"installation\" data-nav-section=\"installation\"><h2>Como integrar o Popup ao meu site GoDaddy? <\/h2> <p>Para inserir o plugin, basta aplicar as instru\u00e7\u00f5es abaixo<\/p><p> <\/p><ol><li><b>Utilize nosso editor gratuito e comece a moldar seu instrumento personalizado. <\/b><br> Especifique a forma e funcionalidade preferidas do plugin e aplique as modifica\u00e7\u00f5es.<\/li> <li><b>Exponha o seu c\u00f3digo pessoal na janela das aplica\u00e7\u00f5es Elfsight.<\/b><br> Quando a cria\u00e7\u00e3o do seu plugin terminar, copie o c\u00f3digo individual na caixa exibida e guarde-o para uso posterior.<\/li> <li><b>Inicie a aplica\u00e7\u00e3o do widget no seu site GoDaddy.<\/b><br> V\u00e1 para o construtor de seu site. Cole o c\u00f3digo que voc\u00ea copiou anteriormente no HTML da sua p\u00e1gina da web e salve as edi\u00e7\u00f5es.<\/li> <li><b>A instala\u00e7\u00e3o foi realizada com sucesso.<\/b><br> Acesse o site do GoDaddy para examinar como o plugin est\u00e1 em execu\u00e7\u00e3o.<\/li><\/ol> <div class=\"tip-yellow tip\"><b>Devido \u00e0s peculiaridades de exibi\u00e7\u00e3o de inser\u00e7\u00f5es personalizadas com c\u00f3digo, os modelos flutuantes podem ter uma apar\u00eancia diferente da demonstra\u00e7\u00e3o on-line. Reserve um tempo para testar seus widgets GoDaddy.<\/b><\/div><p><\/p><p>Sinta-se \u00e0 vontade para entrar em contato com o servi\u00e7o de suporte caso precise de ajuda ou tenha algo a perguntar. Os nossos especialistas ir\u00e3o ajud\u00e1-lo com qualquer pedido.<\/p> \n<div class=\"faq\" data-component=\"FAQ\"> \n<div class=\"faq-item\">\r\n\t\t\t\t\t<div class=\"faq-item-question\">\r\n\t\t\t\t\t\t<h3 class=\"faq-item-question-text\">Como posso adicionar um Popup ao meu site GoDaddy?<\/h3>\r\n\r\n\t\t\t\t\t\t<div class=\"faq-item-question-icon\"><\/div>\r\n\t\t\t\t\t<\/div>\r\n\r\n\t\t\t\t\t<div class=\"faq-item-answer\">\r\n\t\t\t\t\t\t<div class=\"faq-item-answer-text\">\n<p>Para inserir um popup no seu site GoDaddy, use o editor Elfsight para criar seu plugin. N\u00e3o s\u00e3o necess\u00e1rias habilidades de codifica\u00e7\u00e3o, pois o designer de popup possui uma interface f\u00e1cil de usar, permitindo que qualquer pessoa crie e personalize a notifica\u00e7\u00e3o. Basta recuperar o trecho HTML gerado e inseri-lo no seu CMS do GoDaddy.<\/p> \n<\/div>\r\n\t\t\t\t\t<\/div>\r\n\t\t\t\t<\/div>\n\n<div class=\"faq-item\">\r\n\t\t\t\t\t<div class=\"faq-item-question\">\r\n\t\t\t\t\t\t<h3 class=\"faq-item-question-text\">O criador de popup \u00e9 gratuito?<\/h3>\r\n\r\n\t\t\t\t\t\t<div class=\"faq-item-question-icon\"><\/div>\r\n\t\t\t\t\t<\/div>\r\n\r\n\t\t\t\t\t<div class=\"faq-item-answer\">\r\n\t\t\t\t\t\t<div class=\"faq-item-answer-text\">\n<p>Sim, a ferramenta de popup para GoDaddy est\u00e1 dispon\u00edvel gratuitamente, permitindo que usu\u00e1rios com restri\u00e7\u00f5es or\u00e7ament\u00e1rias aproveitem essa ferramenta \u00fatil. Tamb\u00e9m existem planos de assinatura que oferecem recursos premium.<\/p>\n<\/div>\r\n\t\t\t\t\t<\/div>\r\n\t\t\t\t<\/div>\n\n<div class=\"faq-item\">\r\n\t\t\t\t\t<div class=\"faq-item-question\">\r\n\t\t\t\t\t\t<h3 class=\"faq-item-question-text\">Qual \u00e9 o melhor local para adicionar o banner pop-up no meu site?<\/h3>\r\n\r\n\t\t\t\t\t\t<div class=\"faq-item-question-icon\"><\/div>\r\n\t\t\t\t\t<\/div>\r\n\r\n\t\t\t\t\t<div class=\"faq-item-answer\">\r\n\t\t\t\t\t\t<div class=\"faq-item-answer-text\">\n<p>Com o nosso criador de popups, voc\u00ea pode criar:\n<ul>\n <li>Plugin de popup em tela cheia para chamar imediatamente a aten\u00e7\u00e3o dos seus usu\u00e1rios;<\/li>\n <li>Popup flutuante para engajar o p\u00fablico enquanto eles navegam no seu site;<\/li> \n<li>Plugin de rodap\u00e9, cabe\u00e7alho e barra lateral para manter sua mensagem vis\u00edvel sem interromper a experi\u00eancia do usu\u00e1rio.<\/li> \n<\/ul>\n <p>Esses posicionamentos vers\u00e1teis permitem uma coloca\u00e7\u00e3o eficaz, garantindo que seus banners pop-ups capturem a aten\u00e7\u00e3o e aumentem o engajamento.<\/p>\n<\/div>\r\n\t\t\t\t\t<\/div>\r\n\t\t\t\t<\/div>\n\n<div class=\"faq-item\">\r\n\t\t\t\t\t<div class=\"faq-item-question\">\r\n\t\t\t\t\t\t<h3 class=\"faq-item-question-text\">Quais tipos de plugins de popup para GoDaddy posso criar com o Elfsight?<\/h3>\r\n\r\n\t\t\t\t\t\t<div class=\"faq-item-question-icon\"><\/div>\r\n\t\t\t\t\t<\/div>\r\n\r\n\t\t\t\t\t<div class=\"faq-item-answer\">\r\n\t\t\t\t\t\t<div class=\"faq-item-answer-text\">\n<p>Voc\u00ea pode criar uma variedade de popups adaptados a finalidades espec\u00edficas.<\/p>\n<p>Por exemplo, voc\u00ea pode criar um popup de inscri\u00e7\u00e3o na newsletter para incentivar os usu\u00e1rios a se inscreverem na sua lista de assinantes, um popup de promo\u00e7\u00e3o para aumentar as convers\u00f5es oferecendo ofertas VIP, ou um popup de desconto para destacar vendas rel\u00e2mpago e incentivar compras.<\/p>\n<p>No total, mais de <a href=\"https:\/\/elfsight.com\/popup-widget\/templates\/\" target=\"_blank\" rel=\"noopener\">100+ templates de popup<\/a> est\u00e3o dispon\u00edveis, ent\u00e3o voc\u00ea pode facilmente encontrar o melhor design para os seus objetivos.<\/p>\n\n<\/div>\r\n\t\t\t\t\t<\/div>\r\n\t\t\t\t<\/div>\n\n<div class=\"faq-item\">\r\n\t\t\t\t\t<div class=\"faq-item-question\">\r\n\t\t\t\t\t\t<h3 class=\"faq-item-question-text\">Quais gatilhos est\u00e3o dispon\u00edveis para abrir o popup?<\/h3>\r\n\r\n\t\t\t\t\t\t<div class=\"faq-item-question-icon\"><\/div>\r\n\t\t\t\t\t<\/div>\r\n\r\n\t\t\t\t\t<div class=\"faq-item-answer\">\r\n\t\t\t\t\t\t<div class=\"faq-item-answer-text\">\n<p>Com o plugin de popup do Elfsight, voc\u00ea tem v\u00e1rios gatilhos para controlar quando sua notifica\u00e7\u00e3o ser\u00e1 exibida. Voc\u00ea pode configur\u00e1-lo para abrir ao acessar a p\u00e1gina, ap\u00f3s um tempo espec\u00edfico na p\u00e1gina, ou quando um visitante rolar uma determinada porcentagem da p\u00e1gina.<\/p>\n<p>Al\u00e9m disso, os popups podem ser ativados por clique, quando o visitante pretende sair do site, ou por um bot\u00e3o de CTA para ativar manualmente o popup. Esses gatilhos flex\u00edveis ajudam a ajustar o tempo de exibi\u00e7\u00e3o do plugin para otimizar o engajamento.<\/p>\n\n<\/div>\r\n\t\t\t\t\t<\/div>\r\n\t\t\t\t<\/div>\n<\/div>\n<\/div>\n","protected":false},"excerpt":{"rendered":"","protected":false},"author":9,"featured_media":0,"parent":542,"menu_order":0,"comment_status":"closed","ping_status":"closed","template":"templates\/template-application-platform.php","meta":{"publish_to_discourse":"","publish_post_category":"","wpdc_auto_publish_overridden":"","wpdc_topic_tags":"","wpdc_pin_topic":"","wpdc_pin_until":"","discourse_post_id":"","discourse_permalink":"","wpdc_publishing_response":"","wpdc_publishing_error":"","footnotes":""},"class_list":["post-4424","page","type-page","status-publish","hentry"],"yoast_head":"<!-- This site is optimized with the Yoast SEO plugin v25.3.1 - https:\/\/yoast.com\/wordpress\/plugins\/seo\/ -->\n<title>Adicione um widget pop-up a um site GoDaddy<\/title>\n<meta name=\"description\" content=\"Crie um pop-up no GoDaddy sem codifica\u00e7\u00e3o!\" \/>\n<meta name=\"robots\" content=\"index, follow, max-snippet:-1, max-image-preview:large, max-video-preview:-1\" \/>\n<link rel=\"canonical\" href=\"https:\/\/elfsight.com\/pt\/popup-widget\/godaddy\/\" \/>\n<meta property=\"og:locale\" content=\"pt_PT\" \/>\n<meta property=\"og:type\" content=\"article\" \/>\n<meta property=\"og:title\" content=\"Adicione um widget pop-up a um site GoDaddy\" \/>\n<meta property=\"og:description\" content=\"Crie um pop-up no GoDaddy sem codifica\u00e7\u00e3o!\" \/>\n<meta property=\"og:url\" content=\"https:\/\/elfsight.com\/pt\/popup-widget\/godaddy\/\" \/>\n<meta property=\"og:site_name\" content=\"Elfsight PT\" \/>\n<meta property=\"article:modified_time\" content=\"2025-01-31T12:09:10+00:00\" \/>\n<meta name=\"twitter:card\" content=\"summary_large_image\" \/>\n<meta name=\"twitter:label1\" content=\"Tempo estimado de leitura\" \/>\n\t<meta name=\"twitter:data1\" content=\"5 minutos\" \/>\n<!-- \/ Yoast SEO plugin. -->","yoast_head_json":{"title":"Adicione um widget pop-up a um site GoDaddy","description":"Crie um pop-up no GoDaddy sem codifica\u00e7\u00e3o!","robots":{"index":"index","follow":"follow","max-snippet":"max-snippet:-1","max-image-preview":"max-image-preview:large","max-video-preview":"max-video-preview:-1"},"canonical":"https:\/\/elfsight.com\/pt\/popup-widget\/godaddy\/","og_locale":"pt_PT","og_type":"article","og_title":"Adicione um widget pop-up a um site GoDaddy","og_description":"Crie um pop-up no GoDaddy sem codifica\u00e7\u00e3o!","og_url":"https:\/\/elfsight.com\/pt\/popup-widget\/godaddy\/","og_site_name":"Elfsight PT","article_modified_time":"2025-01-31T12:09:10+00:00","twitter_card":"summary_large_image","twitter_misc":{"Tempo estimado de leitura":"5 minutos"},"schema":{"@context":"https:\/\/schema.org","@graph":[{"@type":"WebPage","@id":"https:\/\/elfsight.com\/pt\/popup-widget\/godaddy\/","url":"https:\/\/elfsight.com\/pt\/popup-widget\/godaddy\/","name":"Adicione um widget pop-up a um site GoDaddy","isPartOf":{"@id":"https:\/\/elfsight.com\/pt\/#website"},"datePublished":"1970-01-01T00:00:00+00:00","dateModified":"2025-01-31T12:09:10+00:00","description":"Crie um pop-up no GoDaddy sem codifica\u00e7\u00e3o!","breadcrumb":{"@id":"https:\/\/elfsight.com\/pt\/popup-widget\/godaddy\/#breadcrumb"},"inLanguage":"pt-PT","potentialAction":[{"@type":"ReadAction","target":["https:\/\/elfsight.com\/pt\/popup-widget\/godaddy\/"]}]},{"@type":"BreadcrumbList","@id":"https:\/\/elfsight.com\/pt\/popup-widget\/godaddy\/#breadcrumb","itemListElement":[{"@type":"ListItem","position":1,"name":"Home","item":"https:\/\/elfsight.com\/pt\/"},{"@type":"ListItem","position":2,"name":"Popup","item":"https:\/\/elfsight.com\/pt\/popup-widget\/"},{"@type":"ListItem","position":3,"name":"Popup &#8211; GoDaddy"}]},{"@type":"WebSite","@id":"https:\/\/elfsight.com\/pt\/#website","url":"https:\/\/elfsight.com\/pt\/","name":"Elfsight PT","description":"Just another Elfsight Sites site","potentialAction":[{"@type":"SearchAction","target":{"@type":"EntryPoint","urlTemplate":"https:\/\/elfsight.com\/pt\/?s={search_term_string}"},"query-input":{"@type":"PropertyValueSpecification","valueRequired":true,"valueName":"search_term_string"}}],"inLanguage":"pt-PT"}]}},"meta_box":{"industry":"","seo_heading":"","heading":"","description":"","cta_heading":"","cta_description":"","application":"541","h1":"Plug-in pop-up GoDaddy","h1_caption":"Aumente o n\u00famero de vendas atraindo aten\u00e7\u00e3o para suas ofertas especiais","application_category":[],"applications_title":"","applications_request_title":"","applications_request_button_text":"","hero_text":"","hero_video":"","hero_video_schema_markup":"","selling_points_title":"","selling_points_caption":"","selling_points":[],"selling_points_cta_text":"","features_title":"","features":"","ed_cta_examples_text":"","ed_cta_examples_hidden":"","ed_cta_demo_text":"","ed_cta_demo_hidden":"","why_caption":"","why_editor_title":"","why_editor_text":"","why_team_title":"","why_team_text":"","why_service_title":"","why_service_text":"","template_catalog_visible":"0","template_catalog_title":"","template_catalog_text":"","template_catalog_categories_visible":"","demo_title":"Crie seu plugin Popup","demo_caption":"Configure seu Popup e adicione-o ao seu site GoDaddy gratuitamente!","default_faq_hidden":"","app_template_category":[],"platform":"4908","template_public_id":"","codecanyon_url":"","codecanyon_item_id":"","codecanyon_price":"","pricing_caption":"","pricing_elfsight_apps_hide_column":"","pricing_elfsight_apps_url":"","pricing_codecanyon_price_caption":"","integration_category":[],"integration_request_title":"","integration_request_cta":"","integration_platform":"","integrations":[],"platform_category":[],"video_schema_markup":"","price":"a partir de US$ 0\/m\u00eas","trial":"","benefits":[{"text":"Servi\u00e7o de instala\u00e7\u00e3o gratuito"},{"text":"Atendimento ao cliente competente"},{"text":"Garantia de reembolso de 14 dias"},{"text":"Atualizando constantemente"}],"button_url":"#demo","button_target_blank":"0","button_nofollow":"0","attributes":[{"name":"Instala\u00e7\u00f5es","content":"100,000 - 500,000","_state":"expanded"},{"name":"Responsivo","content":"Sim","_state":"expanded"},{"name":"Navegadores compat\u00edveis","content":"Firefox, Safari, Opera, Chrome, Edge"}],"tags":[],"tags_disable_links":"0","hide_more_platforms":"","video_object":"","demo_hide_cta":"0","demo_hide_cloud_options":"0","pricing_title":"","pricing":[{"pricing_icon":"platform","pricing_title":"Elfsight Apps","pricing_title_caption":"Solu\u00e7\u00e3o multiplataforma que funciona em qualquer site","pricing_price":"a partir de US$ 0\/m\u00eas","pricing_price_caption":"comece com plano gratuito","pricing_benefits":[{"text":"Sites ilimitados"},{"text":"Suporte premium da empresa e bem documentado"},{"text":"Suporte premium da empresa e bem documentado"},{"text":"Totalmente personaliz\u00e1vel"}],"pricing_button_text":"Adicionar ao site","pricing_button_url":"#demo","_state":"expanded"}],"related_apps_title":"","related_apps_hidden":"1","author":"","image":[],"title":"","job":"","social_networks":[]},"_links":{"self":[{"href":"https:\/\/elfsight.com\/pt\/wp-json\/wp\/v2\/pages\/4424","targetHints":{"allow":["GET"]}}],"collection":[{"href":"https:\/\/elfsight.com\/pt\/wp-json\/wp\/v2\/pages"}],"about":[{"href":"https:\/\/elfsight.com\/pt\/wp-json\/wp\/v2\/types\/page"}],"author":[{"embeddable":true,"href":"https:\/\/elfsight.com\/pt\/wp-json\/wp\/v2\/users\/9"}],"replies":[{"embeddable":true,"href":"https:\/\/elfsight.com\/pt\/wp-json\/wp\/v2\/comments?post=4424"}],"version-history":[{"count":5,"href":"https:\/\/elfsight.com\/pt\/wp-json\/wp\/v2\/pages\/4424\/revisions"}],"predecessor-version":[{"id":13731,"href":"https:\/\/elfsight.com\/pt\/wp-json\/wp\/v2\/pages\/4424\/revisions\/13731"}],"up":[{"embeddable":true,"href":"https:\/\/elfsight.com\/pt\/wp-json\/wp\/v2\/pages\/542"}],"wp:attachment":[{"href":"https:\/\/elfsight.com\/pt\/wp-json\/wp\/v2\/media?parent=4424"}],"curies":[{"name":"wp","href":"https:\/\/api.w.org\/{rel}","templated":true}]}}