{"id":4416,"date":"1970-01-01T00:00:00","date_gmt":"1970-01-01T00:00:00","guid":{"rendered":"https:\/\/elfsight.com\/pt\/?page_id=4416"},"modified":"2025-01-31T09:15:05","modified_gmt":"2025-01-31T09:15:05","slug":"facebook","status":"publish","type":"page","link":"https:\/\/elfsight.com\/pt\/popup-widget\/facebook\/","title":{"rendered":"Popup &#8211; Facebook Page"},"content":{"rendered":"\n<div class=\"application-platform-content-item-description application-platform-content-item\" id=\"description\" data-nav-section=\"description\"><h2>Descri\u00e7\u00e3o<\/h2><p>Aplicando a ferramenta Elfsight Popup, voc\u00ea \u00e9 capaz de configurar seus pop-ups personalizados de v\u00e1rios tipos e adicion\u00e1-los na sua p\u00e1gina. Crie um pop-up exclusivo, a partir de diversos blocos. Altere a interface e a disposi\u00e7\u00e3o; escolha o gatilho de ativa\u00e7\u00e3o e encontre o momento certo para aumentar a efic\u00e1cia do pop-up. Os pop-ups permitir\u00e3o que os visitantes assinem sua correspond\u00eancia, descubram seus produtos, copiem cupons de desconto, usem promo\u00e7\u00f5es e ofertas especiais, sejam notificados sobre eventos futuros em sua p\u00e1gina e muito mais.<\/p><p><b>Os pop-ups ajudar\u00e3o. voc\u00ea vende mais r\u00e1pido, anuncia eventos futuros, recebe impress\u00f5es e assinaturas e muito mais.<\/b><\/p><\/div> <div class=\"application-platform-content-item-features application-platform-content-item\" id=\"features\" data-nav-section=\"features\"><h2>Recursos<\/h2><p>Aqui est\u00e1 uma lista de todos os recursos do widget Popup. Eles est\u00e3o dispon\u00edveis diretamente no editor e ajudar\u00e3o voc\u00ea a moldar o widget de acordo com suas necessidades. <\/p><ul><li>Doze blocos inclu\u00eddos para configurar um popup; <\/li><li>Cinco layouts pop-up prontos para uso para casos variados; <\/li><li>Incorpore bot\u00f5es para redirecionar usu\u00e1rios para qualquer endere\u00e7o; <\/li><li>Enviando uma imagem para o fundo; <\/li><li>O pop-up pode ser ativado ap\u00f3s um tempo espec\u00edfico na p\u00e1gina da web ou quantidade de rolagem; <\/li><li>Acionadores de pop-up: clicar em um determinado elemento ou rolar para baixo at\u00e9 ele. <\/li><\/ul><p><a href=\"#demo\">Verifique todas as outras fun\u00e7\u00f5es na demonstra\u00e7\u00e3o<\/a><\/p><\/div> <div class=\"application-platform-content-item-installation application-platform-content-item\" id=\"installation\" data-nav-section=\"installation\"><h2> Como adicionar pop-up \u00e0 guia da sua p\u00e1gina do Facebook?<\/h2><p>Para integrar o produto, basta seguir as seguintes etapas r\u00e1pidas<p><ul><li><b>Construa seu plug-in pop-up exclusivo<\/b><br>Gerenciando nosso configurador gratuito, gere um plugin com configura\u00e7\u00f5es e fun\u00e7\u00f5es de interface preferidas. <\/li><li><b>Adquira o c\u00f3digo pessoal para adicionar o plugin<\/b><br>Depois de gerar o seu widget, voc\u00ea obter\u00e1 o c\u00f3digo exclusivo na janela que aparece nos aplicativos Elfsight. Copie. <\/li><li><b>Adicione o widget \u00e0 p\u00e1gina do Facebook<\/b><br> Crie sua guia personalizada do Facebook. Insira o c\u00f3digo que voc\u00ea recebeu nos aplicativos da elfsight na guia. Se voc\u00ea tiver algum problema, basta verificar nosso guia em <a href=\"https:\/\/elfsight.com\/blog\/how-to-add-custom-tab-to-facebook-page\/\" target=\"_blank\" rel=\"noopener noreferrer\">criando uma guia personalizada do Facebook<\/a><\/li><li><b>Conclu\u00eddo! <\/b><br>V\u00e1 para a p\u00e1gina para visualizar seu widget. <\/li><\/ul><p>N\u00e3o hesite em entrar em contato com nosso suporte ao cliente quando precisar de assist\u00eancia ou tiver d\u00favidas. Daremos uma ajuda em todas as d\u00favidas. <\/p>\n<div class=\"faq\" data-component=\"FAQ\"> \n<div class=\"faq-item\">\r\n\t\t\t\t\t<div class=\"faq-item-question\">\r\n\t\t\t\t\t\t<h3 class=\"faq-item-question-text\">Como posso adicionar um Popup \u00e0 minha p\u00e1gina do Facebook?<\/h3>\r\n\r\n\t\t\t\t\t\t<div class=\"faq-item-question-icon\"><\/div>\r\n\t\t\t\t\t<\/div>\r\n\r\n\t\t\t\t\t<div class=\"faq-item-answer\">\r\n\t\t\t\t\t\t<div class=\"faq-item-answer-text\">\n<p>Para adicionar um popup \u00e0 sua p\u00e1gina do Facebook, use o editor Elfsight para criar seu widget. N\u00e3o \u00e9 necess\u00e1rio ter experi\u00eancia em codifica\u00e7\u00e3o, pois o criador de popups possui uma interface f\u00e1cil de usar, permitindo que qualquer pessoa crie e personalize a notifica\u00e7\u00e3o. Basta copiar o c\u00f3digo HTML gerado e inseri-lo no CMS do seu Facebook.<\/p> \n<\/div>\r\n\t\t\t\t\t<\/div>\r\n\t\t\t\t<\/div>\n\n<div class=\"faq-item\">\r\n\t\t\t\t\t<div class=\"faq-item-question\">\r\n\t\t\t\t\t\t<h3 class=\"faq-item-question-text\">O criador de popups \u00e9 gratuito?<\/h3>\r\n\r\n\t\t\t\t\t\t<div class=\"faq-item-question-icon\"><\/div>\r\n\t\t\t\t\t<\/div>\r\n\r\n\t\t\t\t\t<div class=\"faq-item-answer\">\r\n\t\t\t\t\t\t<div class=\"faq-item-answer-text\">\n<p>Sim, a ferramenta de popups para Facebook est\u00e1 dispon\u00edvel gratuitamente, permitindo que pessoas com recursos limitados aproveitem essa ferramenta \u00fatil. Tamb\u00e9m existem op\u00e7\u00f5es pagas que oferecem funcionalidades avan\u00e7adas.<\/p>\n<\/div>\r\n\t\t\t\t\t<\/div>\r\n\t\t\t\t<\/div>\n\n<div class=\"faq-item\">\r\n\t\t\t\t\t<div class=\"faq-item-question\">\r\n\t\t\t\t\t\t<h3 class=\"faq-item-question-text\">Qual \u00e9 o melhor lugar para adicionar o banner pop-up na minha p\u00e1gina?<\/h3>\r\n\r\n\t\t\t\t\t\t<div class=\"faq-item-question-icon\"><\/div>\r\n\t\t\t\t\t<\/div>\r\n\r\n\t\t\t\t\t<div class=\"faq-item-answer\">\r\n\t\t\t\t\t\t<div class=\"faq-item-answer-text\">\n<p>Com nossa ferramenta de popups, voc\u00ea pode criar:\n<ul>\n <li>Widget de popup em tela cheia para chamar imediatamente a aten\u00e7\u00e3o dos seus usu\u00e1rios;<\/li>\n <li>Popup flutuante para engajar a audi\u00eancia enquanto ela navega pelo seu site;<\/li> \n<li>Widget no rodap\u00e9, cabe\u00e7alho e barra lateral para manter sua mensagem em destaque sem interromper a experi\u00eancia do usu\u00e1rio.<\/li> \n<\/ul>\n <p>Esses posicionamentos vers\u00e1teis permitem um posicionamento estrat\u00e9gico, garantindo que seus banners pop-ups chamem a aten\u00e7\u00e3o e aumentem o engajamento.<\/p>\n<\/div>\r\n\t\t\t\t\t<\/div>\r\n\t\t\t\t<\/div>\n\n<div class=\"faq-item\">\r\n\t\t\t\t\t<div class=\"faq-item-question\">\r\n\t\t\t\t\t\t<h3 class=\"faq-item-question-text\">Quais tipos de widgets de popup para Facebook posso criar com o Elfsight?<\/h3>\r\n\r\n\t\t\t\t\t\t<div class=\"faq-item-question-icon\"><\/div>\r\n\t\t\t\t\t<\/div>\r\n\r\n\t\t\t\t\t<div class=\"faq-item-answer\">\r\n\t\t\t\t\t\t<div class=\"faq-item-answer-text\">\n<p>Voc\u00ea pode criar uma variedade de popups adaptados a diferentes objetivos.<\/p>\n<p>Por exemplo, voc\u00ea pode criar um popup de inscri\u00e7\u00e3o na newsletter para incentivar os visitantes a se inscreverem na sua lista de e-mails, um popup de promo\u00e7\u00e3o para aumentar as convers\u00f5es oferecendo ofertas VIP, ou um popup de desconto para destacar promo\u00e7\u00f5es rel\u00e2mpago e incentivar compras.<\/p>\n<p>No total, mais de <a href=\"https:\/\/elfsight.com\/popup-widget\/templates\/\" target=\"_blank\" rel=\"noopener\">100+ modelos de popups<\/a> est\u00e3o dispon\u00edveis, permitindo que voc\u00ea escolha facilmente o melhor design para suas necessidades.<\/p>\n\n<\/div>\r\n\t\t\t\t\t<\/div>\r\n\t\t\t\t<\/div>\n\n<div class=\"faq-item\">\r\n\t\t\t\t\t<div class=\"faq-item-question\">\r\n\t\t\t\t\t\t<h3 class=\"faq-item-question-text\">Quais s\u00e3o os gatilhos dispon\u00edveis para abrir o popup?<\/h3>\r\n\r\n\t\t\t\t\t\t<div class=\"faq-item-question-icon\"><\/div>\r\n\t\t\t\t\t<\/div>\r\n\r\n\t\t\t\t\t<div class=\"faq-item-answer\">\r\n\t\t\t\t\t\t<div class=\"faq-item-answer-text\">\n<p>Com o widget de popup do Elfsight, voc\u00ea tem v\u00e1rios gatilhos para controlar quando sua notifica\u00e7\u00e3o ser\u00e1 exibida. Voc\u00ea pode configur\u00e1-lo para abrir ao carregar a p\u00e1gina, ap\u00f3s um tempo espec\u00edfico gasto na p\u00e1gina ou quando o usu\u00e1rio descer uma certa porcentagem da p\u00e1gina.<\/p>\n<p>Al\u00e9m disso, os popups podem ser iniciados por clique, quando o cliente pretende fechar o site ou por um bot\u00e3o CTA para ativar manualmente o popup. Esses gatilhos adapt\u00e1veis ajudam a ajustar o cronograma do widget para otimizar o engajamento.<\/p>\n\n<\/div>\r\n\t\t\t\t\t<\/div>\r\n\t\t\t\t<\/div>\n<\/div>\n<\/div>\n","protected":false},"excerpt":{"rendered":"","protected":false},"author":9,"featured_media":0,"parent":542,"menu_order":0,"comment_status":"closed","ping_status":"closed","template":"templates\/template-application-platform.php","meta":{"publish_to_discourse":"","publish_post_category":"","wpdc_auto_publish_overridden":"","wpdc_topic_tags":"","wpdc_pin_topic":"","wpdc_pin_until":"","discourse_post_id":"","discourse_permalink":"","wpdc_publishing_response":"","wpdc_publishing_error":"","footnotes":""},"class_list":["post-4416","page","type-page","status-publish","hentry"],"yoast_head":"<!-- This site is optimized with the Yoast SEO plugin v25.3.1 - https:\/\/yoast.com\/wordpress\/plugins\/seo\/ -->\n<title>Adicionar guia pop-up \u00e0 p\u00e1gina comercial do Facebook [2025]<\/title>\n<meta name=\"description\" content=\"Esta \u00e9 uma oportunidade de construir uma guia Popup e adicion\u00e1-la \u00e0 sua p\u00e1gina comercial do Facebook. Obtenha suporte gratuito ao cliente e outras vantagens da Elfsight.\" \/>\n<meta name=\"robots\" content=\"index, follow, max-snippet:-1, max-image-preview:large, max-video-preview:-1\" \/>\n<link rel=\"canonical\" href=\"https:\/\/elfsight.com\/pt\/popup-widget\/facebook\/\" \/>\n<meta property=\"og:locale\" content=\"pt_PT\" \/>\n<meta property=\"og:type\" content=\"article\" \/>\n<meta property=\"og:title\" content=\"Adicionar guia pop-up \u00e0 p\u00e1gina comercial do Facebook [2025]\" \/>\n<meta property=\"og:description\" content=\"Esta \u00e9 uma oportunidade de construir uma guia Popup e adicion\u00e1-la \u00e0 sua p\u00e1gina comercial do Facebook. Obtenha suporte gratuito ao cliente e outras vantagens da Elfsight.\" \/>\n<meta property=\"og:url\" content=\"https:\/\/elfsight.com\/pt\/popup-widget\/facebook\/\" \/>\n<meta property=\"og:site_name\" content=\"Elfsight PT\" \/>\n<meta property=\"article:modified_time\" content=\"2025-01-31T09:15:05+00:00\" \/>\n<meta name=\"twitter:card\" content=\"summary_large_image\" \/>\n<meta name=\"twitter:label1\" content=\"Tempo estimado de leitura\" \/>\n\t<meta name=\"twitter:data1\" content=\"5 minutos\" \/>\n<!-- \/ Yoast SEO plugin. -->","yoast_head_json":{"title":"Adicionar guia pop-up \u00e0 p\u00e1gina comercial do Facebook [2025]","description":"Esta \u00e9 uma oportunidade de construir uma guia Popup e adicion\u00e1-la \u00e0 sua p\u00e1gina comercial do Facebook. Obtenha suporte gratuito ao cliente e outras vantagens da Elfsight.","robots":{"index":"index","follow":"follow","max-snippet":"max-snippet:-1","max-image-preview":"max-image-preview:large","max-video-preview":"max-video-preview:-1"},"canonical":"https:\/\/elfsight.com\/pt\/popup-widget\/facebook\/","og_locale":"pt_PT","og_type":"article","og_title":"Adicionar guia pop-up \u00e0 p\u00e1gina comercial do Facebook [2025]","og_description":"Esta \u00e9 uma oportunidade de construir uma guia Popup e adicion\u00e1-la \u00e0 sua p\u00e1gina comercial do Facebook. Obtenha suporte gratuito ao cliente e outras vantagens da Elfsight.","og_url":"https:\/\/elfsight.com\/pt\/popup-widget\/facebook\/","og_site_name":"Elfsight PT","article_modified_time":"2025-01-31T09:15:05+00:00","twitter_card":"summary_large_image","twitter_misc":{"Tempo estimado de leitura":"5 minutos"},"schema":{"@context":"https:\/\/schema.org","@graph":[{"@type":"WebPage","@id":"https:\/\/elfsight.com\/pt\/popup-widget\/facebook\/","url":"https:\/\/elfsight.com\/pt\/popup-widget\/facebook\/","name":"Adicionar guia pop-up \u00e0 p\u00e1gina comercial do Facebook [2025]","isPartOf":{"@id":"https:\/\/elfsight.com\/pt\/#website"},"datePublished":"1970-01-01T00:00:00+00:00","dateModified":"2025-01-31T09:15:05+00:00","description":"Esta \u00e9 uma oportunidade de construir uma guia Popup e adicion\u00e1-la \u00e0 sua p\u00e1gina comercial do Facebook. Obtenha suporte gratuito ao cliente e outras vantagens da Elfsight.","breadcrumb":{"@id":"https:\/\/elfsight.com\/pt\/popup-widget\/facebook\/#breadcrumb"},"inLanguage":"pt-PT","potentialAction":[{"@type":"ReadAction","target":["https:\/\/elfsight.com\/pt\/popup-widget\/facebook\/"]}]},{"@type":"BreadcrumbList","@id":"https:\/\/elfsight.com\/pt\/popup-widget\/facebook\/#breadcrumb","itemListElement":[{"@type":"ListItem","position":1,"name":"Home","item":"https:\/\/elfsight.com\/pt\/"},{"@type":"ListItem","position":2,"name":"Popup","item":"https:\/\/elfsight.com\/pt\/popup-widget\/"},{"@type":"ListItem","position":3,"name":"Popup &#8211; Facebook Page"}]},{"@type":"WebSite","@id":"https:\/\/elfsight.com\/pt\/#website","url":"https:\/\/elfsight.com\/pt\/","name":"Elfsight PT","description":"Just another Elfsight Sites site","potentialAction":[{"@type":"SearchAction","target":{"@type":"EntryPoint","urlTemplate":"https:\/\/elfsight.com\/pt\/?s={search_term_string}"},"query-input":{"@type":"PropertyValueSpecification","valueRequired":true,"valueName":"search_term_string"}}],"inLanguage":"pt-PT"}]}},"meta_box":{"industry":"","seo_heading":"","heading":"","description":"","cta_heading":"","cta_description":"","application":"541","h1":"Pop-up para p\u00e1gina comercial do Facebook","h1_caption":"Crie todos os tipos de pop-ups para anunciar ofertas especiais e aumentar as vendas","application_category":[],"applications_title":"","applications_request_title":"","applications_request_button_text":"","hero_text":"","hero_video":"","hero_video_schema_markup":"","selling_points_title":"","selling_points_caption":"","selling_points":[],"selling_points_cta_text":"","features_title":"","features":"","ed_cta_examples_text":"","ed_cta_examples_hidden":"","ed_cta_demo_text":"","ed_cta_demo_hidden":"","why_caption":"","why_editor_title":"","why_editor_text":"","why_team_title":"","why_team_text":"","why_service_title":"","why_service_text":"","template_catalog_visible":"0","template_catalog_title":"","template_catalog_text":"","template_catalog_categories_visible":"","demo_title":"Crie seu widget pop-up","demo_caption":"Configure seu Popup e adicione-o ao site da sua p\u00e1gina do Facebook gratuitamente!","default_faq_hidden":"","app_template_category":[],"platform":"103","template_public_id":"","codecanyon_url":"","codecanyon_item_id":"","codecanyon_price":"","pricing_caption":"","pricing_elfsight_apps_hide_column":"","pricing_elfsight_apps_url":"","pricing_codecanyon_price_caption":"","integration_category":[],"integration_request_title":"","integration_request_cta":"","integration_platform":"","integrations":[],"platform_category":[],"video_schema_markup":"","price":"a partir de US$ 0\/m\u00eas","trial":"","benefits":[{"text":"Ajuda de instala\u00e7\u00e3o gratuita"},{"text":"Atendimento ao cliente profissional"},{"text":"Garantia de reembolso de 14 dias"},{"text":"Atualiza\u00e7\u00f5es futuras"}],"button_url":"#demo","button_target_blank":"0","button_nofollow":"0","attributes":[{"name":"Instala\u00e7\u00f5es","content":"100,000 - 500,000","_state":"expanded"},{"name":"Responsivo","content":"Sim","_state":"expanded"},{"name":"Navegadores compat\u00edveis","content":"Opera, Chrome, Edge, Firefox, Safari"}],"tags":[],"tags_disable_links":"0","hide_more_platforms":"","video_object":"","demo_hide_cta":"0","demo_hide_cloud_options":"0","pricing_title":"","pricing":[{"pricing_icon":"platform","pricing_title":"Elfsight Apps","pricing_title_caption":"Solu\u00e7\u00e3o digital multiplataforma que se adapta a qualquer site","pricing_price":"a partir de US$ 0\/m\u00eas","pricing_price_caption":"comece com plano gratuito","pricing_benefits":[{"text":"Sites ilimitados"},{"text":"Suporte premium e pontual"},{"text":"Suporte premium e pontual"},{"text":"Oferta especial para v\u00e1rios aplicativos"}],"pricing_button_text":"Adicionar ao site","pricing_button_url":"#demo","_state":"expanded"}],"related_apps_title":"","related_apps_hidden":"1","author":"","image":[],"title":"","job":"","social_networks":[]},"_links":{"self":[{"href":"https:\/\/elfsight.com\/pt\/wp-json\/wp\/v2\/pages\/4416","targetHints":{"allow":["GET"]}}],"collection":[{"href":"https:\/\/elfsight.com\/pt\/wp-json\/wp\/v2\/pages"}],"about":[{"href":"https:\/\/elfsight.com\/pt\/wp-json\/wp\/v2\/types\/page"}],"author":[{"embeddable":true,"href":"https:\/\/elfsight.com\/pt\/wp-json\/wp\/v2\/users\/9"}],"replies":[{"embeddable":true,"href":"https:\/\/elfsight.com\/pt\/wp-json\/wp\/v2\/comments?post=4416"}],"version-history":[{"count":3,"href":"https:\/\/elfsight.com\/pt\/wp-json\/wp\/v2\/pages\/4416\/revisions"}],"predecessor-version":[{"id":13705,"href":"https:\/\/elfsight.com\/pt\/wp-json\/wp\/v2\/pages\/4416\/revisions\/13705"}],"up":[{"embeddable":true,"href":"https:\/\/elfsight.com\/pt\/wp-json\/wp\/v2\/pages\/542"}],"wp:attachment":[{"href":"https:\/\/elfsight.com\/pt\/wp-json\/wp\/v2\/media?parent=4416"}],"curies":[{"name":"wp","href":"https:\/\/api.w.org\/{rel}","templated":true}]}}