{"id":4413,"date":"1970-01-01T00:00:00","date_gmt":"1970-01-01T00:00:00","guid":{"rendered":"https:\/\/elfsight.com\/pt\/?page_id=4413"},"modified":"2024-11-13T11:46:14","modified_gmt":"2024-11-13T11:46:14","slug":"facebook","status":"publish","type":"page","link":"https:\/\/elfsight.com\/pt\/pricing-table-plugin\/facebook\/","title":{"rendered":"Pricing Table &#8211; Facebook Page"},"content":{"rendered":"<div class=\"application-platform-content-item-description application-platform-content-item\" id=\"description\" data-nav-section=\"description\"><h2>Descri\u00e7\u00e3o<\/h2><p>O pre\u00e7o \u00e9 uma das posi\u00e7\u00f5es cr\u00edticas para motivar os clientes a fazer um pedido. O Widget da Elfsight n\u00e3o s\u00f3 permite aos clientes estudar e medir m\u00faltiplas op\u00e7\u00f5es de pre\u00e7os num piscar de olhos. Tamb\u00e9m ajuda a melhorar a convers\u00e3o com a ajuda das tend\u00eancias e modelos de interface mais recentes.<\/p><p><b>Aumente as vendas da sua p\u00e1gina para um n\u00edvel diferente, com a ajuda de um pre\u00e7o eficaz.<\/b><\/p><\/div> <div class=\"application-platform-content-item-features application-platform-content-item\" id=\"features\" data-nav-section=\"features\"><h2>Recursos<\/h2><p>Os benef\u00edcios que transformam nosso widget na melhor faixa de pre\u00e7o para p\u00e1ginas do Facebook.<\/p><ul><li>Layout otimizado para celular;<\/li><li>5 temas predefinidos, com diferentes esquemas de cores;<\/li><li>6 elementos de coluna predefinidos que podem ser organizados e personalizados para obter a apar\u00eancia perfeita;<\/li><li>Destaque qualquer coluna;<\/li><li>Os elementos de cor de cada coluna podem ser personalizados individualmente.<\/li><\/ul> <p><a href=\"#demo\">Voc\u00ea pode testar todos os recursos com o ajuda editor ao vivo<\/a><\/p><\/div> <div class=\"application-platform-content-item-installation application-platform-content-item\" id=\"installation\" data-nav-section=\"installation\"><h2>Como adicionar pre\u00e7o \u00e0 p\u00e1gina do Facebook?<\/h2><p>Um guia sobre a configura\u00e7\u00e3o do widget. A configura\u00e7\u00e3o requer apenas 4 a\u00e7\u00f5es f\u00e1ceis e 3 minutos.<\/p><ul><li><b>Molde seu widget de pre\u00e7os exclusivo<\/b><br>Crie um widget com composi\u00e7\u00e3o e funcionalidade prefer\u00edveis com a ajuda de nosso demonstra\u00e7\u00e3o gratuita.<\/li><li><b>Copie o c\u00f3digo do widget para integrar o pre\u00e7o<\/b><br>Depois de criar o seu widget, voc\u00ea receber\u00e1 o c\u00f3digo individual na janela exibida nos aplicativos da Elfsight. Copie-o para uso posterior. <\/li><li><b>Adicione os pre\u00e7os \u00e0 p\u00e1gina do Facebook<\/b><br> Crie sua guia personalizada do Facebook. Insira o c\u00f3digo que voc\u00ea recebeu nos aplicativos da elfsight na guia. Se voc\u00ea tiver algum problema, basta verificar nosso guia em <a href=\"https:\/\/elfsight.com\/blog\/how-to-add-custom-tab-to-facebook-page\/\" target=\"_blank\" rel=\"noopener noreferrer\">criando uma guia personalizada do Facebook<\/a><\/li><li><b>Pronto!<\/b><br>Abra a p\u00e1gina do Facebook para verificar seu widget.<\/li><\/ul><p>Est\u00e1 tendo problemas com a cria\u00e7\u00e3o do widget? Dirija-se ao nosso servi\u00e7o de apoio ao cliente, que resolver\u00e1 qualquer tipo de problema facilmente.<\/p><div class=\"faq\" data-component=\"FAQ\"> <div class=\"faq-item\">\r\n\t\t\t\t\t<div class=\"faq-item-question\">\r\n\t\t\t\t\t\t<h3 class=\"faq-item-question-text\">Como posso adicionar uma tabela de pre\u00e7os ao site da minha p\u00e1gina do Facebook sem conhecimentos de codifica\u00e7\u00e3o?<\/h3>\r\n\r\n\t\t\t\t\t\t<div class=\"faq-item-question-icon\"><\/div>\r\n\t\t\t\t\t<\/div>\r\n\r\n\t\t\t\t\t<div class=\"faq-item-answer\">\r\n\t\t\t\t\t\t<div class=\"faq-item-answer-text\"> <p>A Elfsight fornece uma solu\u00e7\u00e3o Solu\u00e7\u00e3o SaaS que permite criar voc\u00ea mesmo um widget de Tabela de Pre\u00e7os, veja como \u00e9 f\u00e1cil o processo: Trabalhe diretamente no Editor on-line para criar um widget de Tabela de Pre\u00e7os que voc\u00ea gostaria de ver no site da sua p\u00e1gina do Facebook. Escolha um dos modelos predefinidos e ajuste as configura\u00e7\u00f5es da Tabela de Pre\u00e7os, adicione seu conte\u00fado, altere o layout e as cores sem nenhuma habilidade de codifica\u00e7\u00e3o. Salve a Tabela de Pre\u00e7os e copie seu c\u00f3digo de instala\u00e7\u00e3o, que voc\u00ea pode colar facilmente no site da sua p\u00e1gina do Facebook sem a necessidade de comprar uma vers\u00e3o paga. Com nosso Editor intuitivo, qualquer usu\u00e1rio da Internet pode criar um widget de Tabela de Pre\u00e7os online e incorpor\u00e1-lo facilmente em sua p\u00e1gina do Facebook. N\u00e3o h\u00e1 necessidade de pagar ou inserir as credenciais do seu cart\u00e3o para acessar o servi\u00e7o. Se voc\u00ea enfrentar qualquer problema em qualquer etapa, n\u00e3o hesite em entrar em contato com nossa equipe de suporte t\u00e9cnico.<\/p> <\/div>\r\n\t\t\t\t\t<\/div>\r\n\t\t\t\t<\/div> <\/div> <\/div>","protected":false},"excerpt":{"rendered":"","protected":false},"author":9,"featured_media":0,"parent":793,"menu_order":0,"comment_status":"closed","ping_status":"closed","template":"templates\/template-application-platform.php","meta":{"publish_to_discourse":"","publish_post_category":"","wpdc_auto_publish_overridden":"","wpdc_topic_tags":"","wpdc_pin_topic":"","wpdc_pin_until":"","discourse_post_id":"","discourse_permalink":"","wpdc_publishing_response":"","wpdc_publishing_error":"","footnotes":""},"class_list":["post-4413","page","type-page","status-publish","hentry"],"yoast_head":"<!-- This site is optimized with the Yoast SEO plugin v25.3.1 - https:\/\/yoast.com\/wordpress\/plugins\/seo\/ -->\n<title>Adicionar widget de lista de pre\u00e7os \u00e0 p\u00e1gina do Facebook (gr\u00e1tis e f\u00e1cil)<\/title>\n<meta name=\"description\" content=\"Adquira o widget Lista de Pre\u00e7os para a p\u00e1gina do Facebook em apenas 2 minutos. Teste todas as principais vantagens da melhor faixa de pre\u00e7os na demonstra\u00e7\u00e3o gratuita.\" \/>\n<meta name=\"robots\" content=\"index, follow, max-snippet:-1, max-image-preview:large, max-video-preview:-1\" \/>\n<link rel=\"canonical\" href=\"https:\/\/elfsight.com\/pt\/pricing-table-plugin\/facebook\/\" \/>\n<meta property=\"og:locale\" content=\"pt_PT\" \/>\n<meta property=\"og:type\" content=\"article\" \/>\n<meta property=\"og:title\" content=\"Adicionar widget de lista de pre\u00e7os \u00e0 p\u00e1gina do Facebook (gr\u00e1tis e f\u00e1cil)\" \/>\n<meta property=\"og:description\" content=\"Adquira o widget Lista de Pre\u00e7os para a p\u00e1gina do Facebook em apenas 2 minutos. Teste todas as principais vantagens da melhor faixa de pre\u00e7os na demonstra\u00e7\u00e3o gratuita.\" \/>\n<meta property=\"og:url\" content=\"https:\/\/elfsight.com\/pt\/pricing-table-plugin\/facebook\/\" \/>\n<meta property=\"og:site_name\" content=\"Elfsight PT\" \/>\n<meta property=\"article:modified_time\" content=\"2024-11-13T11:46:14+00:00\" \/>\n<meta name=\"twitter:card\" content=\"summary_large_image\" \/>\n<meta name=\"twitter:label1\" content=\"Tempo estimado de leitura\" \/>\n\t<meta name=\"twitter:data1\" content=\"2 minutos\" \/>\n<!-- \/ Yoast SEO plugin. -->","yoast_head_json":{"title":"Adicionar widget de lista de pre\u00e7os \u00e0 p\u00e1gina do Facebook (gr\u00e1tis e f\u00e1cil)","description":"Adquira o widget Lista de Pre\u00e7os para a p\u00e1gina do Facebook em apenas 2 minutos. Teste todas as principais vantagens da melhor faixa de pre\u00e7os na demonstra\u00e7\u00e3o gratuita.","robots":{"index":"index","follow":"follow","max-snippet":"max-snippet:-1","max-image-preview":"max-image-preview:large","max-video-preview":"max-video-preview:-1"},"canonical":"https:\/\/elfsight.com\/pt\/pricing-table-plugin\/facebook\/","og_locale":"pt_PT","og_type":"article","og_title":"Adicionar widget de lista de pre\u00e7os \u00e0 p\u00e1gina do Facebook (gr\u00e1tis e f\u00e1cil)","og_description":"Adquira o widget Lista de Pre\u00e7os para a p\u00e1gina do Facebook em apenas 2 minutos. Teste todas as principais vantagens da melhor faixa de pre\u00e7os na demonstra\u00e7\u00e3o gratuita.","og_url":"https:\/\/elfsight.com\/pt\/pricing-table-plugin\/facebook\/","og_site_name":"Elfsight PT","article_modified_time":"2024-11-13T11:46:14+00:00","twitter_card":"summary_large_image","twitter_misc":{"Tempo estimado de leitura":"2 minutos"},"schema":{"@context":"https:\/\/schema.org","@graph":[{"@type":"WebPage","@id":"https:\/\/elfsight.com\/pt\/pricing-table-plugin\/facebook\/","url":"https:\/\/elfsight.com\/pt\/pricing-table-plugin\/facebook\/","name":"Adicionar widget de lista de pre\u00e7os \u00e0 p\u00e1gina do Facebook (gr\u00e1tis e f\u00e1cil)","isPartOf":{"@id":"https:\/\/elfsight.com\/pt\/#website"},"datePublished":"1970-01-01T00:00:00+00:00","dateModified":"2024-11-13T11:46:14+00:00","description":"Adquira o widget Lista de Pre\u00e7os para a p\u00e1gina do Facebook em apenas 2 minutos. Teste todas as principais vantagens da melhor faixa de pre\u00e7os na demonstra\u00e7\u00e3o gratuita.","breadcrumb":{"@id":"https:\/\/elfsight.com\/pt\/pricing-table-plugin\/facebook\/#breadcrumb"},"inLanguage":"pt-PT","potentialAction":[{"@type":"ReadAction","target":["https:\/\/elfsight.com\/pt\/pricing-table-plugin\/facebook\/"]}]},{"@type":"BreadcrumbList","@id":"https:\/\/elfsight.com\/pt\/pricing-table-plugin\/facebook\/#breadcrumb","itemListElement":[{"@type":"ListItem","position":1,"name":"Home","item":"https:\/\/elfsight.com\/pt\/"},{"@type":"ListItem","position":2,"name":"Pricing Table","item":"https:\/\/elfsight.com\/pt\/pricing-table-plugin\/"},{"@type":"ListItem","position":3,"name":"Pricing Table &#8211; Facebook Page"}]},{"@type":"WebSite","@id":"https:\/\/elfsight.com\/pt\/#website","url":"https:\/\/elfsight.com\/pt\/","name":"Elfsight PT","description":"Just another Elfsight Sites site","potentialAction":[{"@type":"SearchAction","target":{"@type":"EntryPoint","urlTemplate":"https:\/\/elfsight.com\/pt\/?s={search_term_string}"},"query-input":{"@type":"PropertyValueSpecification","valueRequired":true,"valueName":"search_term_string"}}],"inLanguage":"pt-PT"}]}},"meta_box":{"industry":"","seo_heading":"","heading":"","description":"","cta_heading":"","cta_description":"","application":"792","h1":"Lista de pre\u00e7os para p\u00e1gina do Facebook","h1_caption":"O melhor aplicativo para colocar em uma p\u00e1gina pessoal ou empresarial","application_category":[],"applications_title":"","applications_request_title":"","applications_request_button_text":"","hero_text":"","hero_video":"","hero_video_schema_markup":"","selling_points_title":"","selling_points_caption":"","selling_points":[],"selling_points_cta_text":"","features_title":"","features":"","ed_cta_examples_text":"","ed_cta_examples_hidden":"","ed_cta_demo_text":"","ed_cta_demo_hidden":"","why_caption":"","why_editor_title":"","why_editor_text":"","why_team_title":"","why_team_text":"","why_service_title":"","why_service_text":"","template_catalog_visible":"","template_catalog_title":"","template_catalog_text":"","template_catalog_categories_visible":"","demo_title":"Crie seu widget Tabela de pre\u00e7os","demo_caption":"Configure sua Tabela de Pre\u00e7os e adicione-a gratuitamente ao site da sua p\u00e1gina do Facebook!","default_faq_hidden":"","app_template_category":[],"platform":"103","template_public_id":"","codecanyon_url":"","codecanyon_item_id":"","codecanyon_price":"","pricing_caption":"","pricing_elfsight_apps_hide_column":"","pricing_elfsight_apps_url":"","pricing_codecanyon_price_caption":"","integration_category":[],"integration_request_title":"","integration_request_cta":"","integration_platform":"","integrations":[],"platform_category":[],"video_schema_markup":"","price":"a partir de US$ 0\/m\u00eas","trial":"","benefits":[{"text":"Assist\u00eancia de instala\u00e7\u00e3o gratuita"},{"text":"Suporte excepcional"},{"text":"Garantia de reembolso de 14 dias"},{"text":"Futuras atualiza\u00e7\u00f5es gratuitas"}],"button_url":"#demo","button_target_blank":"0","button_nofollow":"0","attributes":[{"name":"Instala\u00e7\u00f5es","content":"10,000 - 100,000","_state":"expanded"},{"name":"Responsivo","content":"Sim","_state":"expanded"},{"name":"Navegadores compat\u00edveis","content":"Firefox, Safari, Opera, Edge, Chrome"}],"tags":[],"tags_disable_links":"0","hide_more_platforms":"","video_object":"","demo_hide_cta":"0","demo_hide_cloud_options":"0","pricing_title":"","pricing":[{"pricing_icon":"platform","pricing_title":"Elfsight Apps","pricing_title_caption":"Solu\u00e7\u00e3o independente de plataforma","pricing_price":"a partir de US$ 0\/m\u00eas","pricing_price_caption":"comece com plano gratuito","pricing_benefits":[{"text":"Dom\u00ednios ilimitados"},{"text":"Suporte premium e pontual"},{"text":"Suporte premium e pontual"},{"text":"100% personaliz\u00e1vel"}],"pricing_button_text":"Adicionar ao site","pricing_button_url":"#demo","_state":"expanded"}],"related_apps_title":"","related_apps_hidden":"1","author":"","image":[],"title":"","job":"","social_networks":[]},"_links":{"self":[{"href":"https:\/\/elfsight.com\/pt\/wp-json\/wp\/v2\/pages\/4413","targetHints":{"allow":["GET"]}}],"collection":[{"href":"https:\/\/elfsight.com\/pt\/wp-json\/wp\/v2\/pages"}],"about":[{"href":"https:\/\/elfsight.com\/pt\/wp-json\/wp\/v2\/types\/page"}],"author":[{"embeddable":true,"href":"https:\/\/elfsight.com\/pt\/wp-json\/wp\/v2\/users\/9"}],"replies":[{"embeddable":true,"href":"https:\/\/elfsight.com\/pt\/wp-json\/wp\/v2\/comments?post=4413"}],"version-history":[{"count":2,"href":"https:\/\/elfsight.com\/pt\/wp-json\/wp\/v2\/pages\/4413\/revisions"}],"predecessor-version":[{"id":12119,"href":"https:\/\/elfsight.com\/pt\/wp-json\/wp\/v2\/pages\/4413\/revisions\/12119"}],"up":[{"embeddable":true,"href":"https:\/\/elfsight.com\/pt\/wp-json\/wp\/v2\/pages\/793"}],"wp:attachment":[{"href":"https:\/\/elfsight.com\/pt\/wp-json\/wp\/v2\/media?parent=4413"}],"curies":[{"name":"wp","href":"https:\/\/api.w.org\/{rel}","templated":true}]}}