{"id":4412,"date":"1970-01-01T00:00:00","date_gmt":"1970-01-01T00:00:00","guid":{"rendered":"https:\/\/elfsight.com\/pt\/?page_id=4412"},"modified":"2025-03-07T06:48:26","modified_gmt":"2025-03-07T06:48:26","slug":"facebook","status":"publish","type":"page","link":"https:\/\/elfsight.com\/pt\/slider-widget\/facebook\/","title":{"rendered":"Slider &#8211; Facebook Page"},"content":{"rendered":"\n<div class=\"application-platform-content-item-description application-platform-content-item\" id=\"description\" data-nav-section=\"description\"><h2>Descri\u00e7\u00e3o<\/h2>O Elfsight Image and Video Slider \u00e9 um instrumento simples que lhe permite chamar a aten\u00e7\u00e3o dos utilizadores apresentando m\u00faltiplas imagens, v\u00eddeos ou o melhor ofertas em sua p\u00e1gina. Use qualquer n\u00famero de slides que seja essencial para mostrar seus produtos e destacar ofertas interessantes. Adicione efeitos visuais e altere o tamanho da imagem\/v\u00eddeo conforme necess\u00e1rio. Atrav\u00e9s da nossa ferramenta voc\u00ea conseguir\u00e1 criar um controle deslizante bem marcado que chamar\u00e1 a aten\u00e7\u00e3o dos visitantes da p\u00e1gina e n\u00e3o os deixar\u00e1 sair da p\u00e1gina com pressa.<p><b>Crie um controle deslizante para qualquer finalidade em segundos!<\/b> <\/p><\/div><div class=\"faq\" data-component=\"FAQ\"><div class=\"faq-item\">\r\n\t\t\t\t\t<div class=\"faq-item-question\">\r\n\t\t\t\t\t\t<h3 class=\"faq-item-question-text\">Como posso incorporar um Slider no site do Facebook?<\/h3>\r\n\r\n\t\t\t\t\t\t<div class=\"faq-item-question-icon\"><\/div>\r\n\t\t\t\t\t<\/div>\r\n\r\n\t\t\t\t\t<div class=\"faq-item-answer\">\r\n\t\t\t\t\t\t<div class=\"faq-item-answer-text\"><p>A constru\u00e7\u00e3o da ferramenta \u00e9 realizado no site da Elfsight e voc\u00ea n\u00e3o precisa codificar. Use a demonstra\u00e7\u00e3o ao vivo para construir sua ferramenta pessoal, adquirir o c\u00f3digo e inseri-lo em seu site. <\/p><\/div>\r\n\t\t\t\t\t<\/div>\r\n\t\t\t\t<\/div><div class=\"faq-item\">\r\n\t\t\t\t\t<div class=\"faq-item-question\">\r\n\t\t\t\t\t\t<h3 class=\"faq-item-question-text\">As melhores maneiras de usar a integra\u00e7\u00e3o do controle deslizante de imagem e v\u00eddeo<\/h3>\r\n\r\n\t\t\t\t\t\t<div class=\"faq-item-question-icon\"><\/div>\r\n\t\t\t\t\t<\/div>\r\n\r\n\t\t\t\t\t<div class=\"faq-item-answer\">\r\n\t\t\t\t\t\t<div class=\"faq-item-answer-text\"><p>Temos uma ampla gama de oportunidades de ajuste: widgets em escala real para incorporar em a zona de conte\u00fado, widgets flutuantes com recurso de rolagem, layouts de rodap\u00e9, cabe\u00e7alho e todos os tipos de op\u00e7\u00f5es verticais para barras laterais e menus. <\/p><\/div>\r\n\t\t\t\t\t<\/div>\r\n\t\t\t\t<\/div><div class=\"faq-item\">\r\n\t\t\t\t\t<div class=\"faq-item-question\">\r\n\t\t\t\t\t\t<h3 class=\"faq-item-question-text\">Posso criar um controle deslizante de artigos ou galeria de gin\u00e1stica com a ajuda do editor? <\/h3>\r\n\r\n\t\t\t\t\t\t<div class=\"faq-item-question-icon\"><\/div>\r\n\t\t\t\t\t<\/div>\r\n\r\n\t\t\t\t\t<div class=\"faq-item-answer\">\r\n\t\t\t\t\t\t<div class=\"faq-item-answer-text\"><p>Voc\u00ea \u00e9 livre para criar qualquer modifica\u00e7\u00e3o no widget. H\u00e1 uma infinidade de layouts dispon\u00edveis no editor e todos eles podem ser facilmente ajustados conforme sua necessidade. <\/p><\/div>\r\n\t\t\t\t\t<\/div>\r\n\t\t\t\t<\/div><\/div> <div class=\"application-platform-content-item-features application-platform-content-item\" id=\"features\" data-nav-section=\"features\"><h2>Recursos<\/h2><p>Aqui est\u00e1 uma lista de todos os recursos do Image &amp; Controle deslizante de v\u00eddeo. Voc\u00ea pode ajust\u00e1-los diretamente no editor e eles o ajudar\u00e3o a moldar o widget mais adequado \u00e0s suas necessidades.<\/p><ul><li>Use CTAs para orientar seu p\u00fablico em dire\u00e7\u00e3o ao seu objetivo;<\/li><li>Mudar dura\u00e7\u00e3o da troca de slides;<\/li><li>Escolha entre as op\u00e7\u00f5es de pagina\u00e7\u00e3o;<\/li><li>Coloque seu conte\u00fado em qualquer lugar que desejar na p\u00e1gina por meio da posi\u00e7\u00e3o avan\u00e7ada;<\/li><li>Modifique cinco fun\u00e7\u00f5es de conte\u00fado.<\/li><\/ul><p><a href=\"#demo\">Veja como todos os recursos funcionam, em nossa demonstra\u00e7\u00e3o<\/a><\/p><\/div> <div class=\"application-platform-content-item-installation application-platform-content-item\" id=\"installation\" data-nav-section=\"installation\"><h2>Como adicionar controle deslizante de v\u00eddeo e imagem \u00e0 p\u00e1gina comercial do Facebook?<\/h2><p>Para integrar o widget, siga as instru\u00e7\u00f5es abaixo<\/p><ul><li><b>Gere seu controle deslizante exclusivo<\/b><br>Atrav\u00e9s do nosso configurador gratuito, obtenha um plugin com composi\u00e7\u00e3o e funcionalidade personalizadas. <\/li><li><b>Adquira o seu c\u00f3digo individual para instalar o plugin<\/b><br>Depois de configurar o seu widget, obter\u00e1 o c\u00f3digo individual na janela que aparece nas aplica\u00e7\u00f5es Elfsight. Copie esse c\u00f3digo. <\/li><li><b>Adicione o widget Slider \u00e0 p\u00e1gina do Facebook<\/b><br> Crie sua guia personalizada do Facebook. Insira o c\u00f3digo que voc\u00ea recebeu nos aplicativos da elfsight na guia. Se voc\u00ea tiver algum problema, basta verificar nosso guia em <a href=\"https:\/\/elfsight.com\/blog\/how-to-add-custom-tab-to-facebook-page\/\" target=\"_blank\" rel=\"noopener noreferrer\">criando uma guia personalizada do Facebook<\/a><\/li><li><b>Parab\u00e9ns! Voc\u00ea acabou de integrar o widget! <\/b><br>Visite a p\u00e1gina para verificar seu widget. <\/li><\/ul><p>Reserve um minuto para entrar em contato com nosso atendimento ao cliente caso precise de conselhos ou tenha algo a perguntar. Teremos prazer em ajudar com cada solicita\u00e7\u00e3o.<\/p><\/div>\n","protected":false},"excerpt":{"rendered":"","protected":false},"author":9,"featured_media":0,"parent":948,"menu_order":0,"comment_status":"closed","ping_status":"closed","template":"templates\/template-application-platform.php","meta":{"publish_to_discourse":"","publish_post_category":"","wpdc_auto_publish_overridden":"","wpdc_topic_tags":"","wpdc_pin_topic":"","wpdc_pin_until":"","discourse_post_id":"","discourse_permalink":"","wpdc_publishing_response":"","wpdc_publishing_error":"","footnotes":""},"class_list":["post-4412","page","type-page","status-publish","hentry"],"yoast_head":"<!-- This site is optimized with the Yoast SEO plugin v25.3.1 - https:\/\/yoast.com\/wordpress\/plugins\/seo\/ -->\n<title>Facebook Slider \u2013 Adicionar widget Image Slider ao site do Facebook [2025]<\/title>\n<meta name=\"description\" content=\"Com a Elfsight, crie o seu separador Image Slider e adicione-o \u00e0 sua p\u00e1gina comercial do Facebook. Temos atendimento gratuito ao cliente e outros b\u00f4nus.\" \/>\n<meta name=\"robots\" content=\"index, follow, max-snippet:-1, max-image-preview:large, max-video-preview:-1\" \/>\n<link rel=\"canonical\" href=\"https:\/\/elfsight.com\/pt\/slider-widget\/facebook\/\" \/>\n<meta property=\"og:locale\" content=\"pt_PT\" \/>\n<meta property=\"og:type\" content=\"article\" \/>\n<meta property=\"og:title\" content=\"Facebook Slider \u2013 Adicionar widget Image Slider ao site do Facebook [2025]\" \/>\n<meta property=\"og:description\" content=\"Com a Elfsight, crie o seu separador Image Slider e adicione-o \u00e0 sua p\u00e1gina comercial do Facebook. Temos atendimento gratuito ao cliente e outros b\u00f4nus.\" \/>\n<meta property=\"og:url\" content=\"https:\/\/elfsight.com\/pt\/slider-widget\/facebook\/\" \/>\n<meta property=\"og:site_name\" content=\"Elfsight PT\" \/>\n<meta property=\"article:modified_time\" content=\"2025-03-07T06:48:26+00:00\" \/>\n<meta name=\"twitter:card\" content=\"summary_large_image\" \/>\n<meta name=\"twitter:label1\" content=\"Tempo estimado de leitura\" \/>\n\t<meta name=\"twitter:data1\" content=\"3 minutos\" \/>\n<!-- \/ Yoast SEO plugin. -->","yoast_head_json":{"title":"Facebook Slider \u2013 Adicionar widget Image Slider ao site do Facebook [2025]","description":"Com a Elfsight, crie o seu separador Image Slider e adicione-o \u00e0 sua p\u00e1gina comercial do Facebook. Temos atendimento gratuito ao cliente e outros b\u00f4nus.","robots":{"index":"index","follow":"follow","max-snippet":"max-snippet:-1","max-image-preview":"max-image-preview:large","max-video-preview":"max-video-preview:-1"},"canonical":"https:\/\/elfsight.com\/pt\/slider-widget\/facebook\/","og_locale":"pt_PT","og_type":"article","og_title":"Facebook Slider \u2013 Adicionar widget Image Slider ao site do Facebook [2025]","og_description":"Com a Elfsight, crie o seu separador Image Slider e adicione-o \u00e0 sua p\u00e1gina comercial do Facebook. Temos atendimento gratuito ao cliente e outros b\u00f4nus.","og_url":"https:\/\/elfsight.com\/pt\/slider-widget\/facebook\/","og_site_name":"Elfsight PT","article_modified_time":"2025-03-07T06:48:26+00:00","twitter_card":"summary_large_image","twitter_misc":{"Tempo estimado de leitura":"3 minutos"},"schema":{"@context":"https:\/\/schema.org","@graph":[{"@type":"WebPage","@id":"https:\/\/elfsight.com\/pt\/slider-widget\/facebook\/","url":"https:\/\/elfsight.com\/pt\/slider-widget\/facebook\/","name":"Facebook Slider \u2013 Adicionar widget Image Slider ao site do Facebook [2025]","isPartOf":{"@id":"https:\/\/elfsight.com\/pt\/#website"},"datePublished":"1970-01-01T00:00:00+00:00","dateModified":"2025-03-07T06:48:26+00:00","description":"Com a Elfsight, crie o seu separador Image Slider e adicione-o \u00e0 sua p\u00e1gina comercial do Facebook. Temos atendimento gratuito ao cliente e outros b\u00f4nus.","breadcrumb":{"@id":"https:\/\/elfsight.com\/pt\/slider-widget\/facebook\/#breadcrumb"},"inLanguage":"pt-PT","potentialAction":[{"@type":"ReadAction","target":["https:\/\/elfsight.com\/pt\/slider-widget\/facebook\/"]}]},{"@type":"BreadcrumbList","@id":"https:\/\/elfsight.com\/pt\/slider-widget\/facebook\/#breadcrumb","itemListElement":[{"@type":"ListItem","position":1,"name":"Home","item":"https:\/\/elfsight.com\/pt\/"},{"@type":"ListItem","position":2,"name":"Slider","item":"https:\/\/elfsight.com\/pt\/slider-widget\/"},{"@type":"ListItem","position":3,"name":"Slider &#8211; Facebook Page"}]},{"@type":"WebSite","@id":"https:\/\/elfsight.com\/pt\/#website","url":"https:\/\/elfsight.com\/pt\/","name":"Elfsight PT","description":"Just another Elfsight Sites site","potentialAction":[{"@type":"SearchAction","target":{"@type":"EntryPoint","urlTemplate":"https:\/\/elfsight.com\/pt\/?s={search_term_string}"},"query-input":{"@type":"PropertyValueSpecification","valueRequired":true,"valueName":"search_term_string"}}],"inLanguage":"pt-PT"}]}},"meta_box":{"industry":"","seo_heading":"","heading":"","description":"","cta_heading":"","cta_description":"","application":"947","h1":"Controle deslizante de imagem e v\u00eddeo para p\u00e1gina do Facebook","h1_caption":"Construa seu controle deslizante impressionante sem esfor\u00e7o","application_category":[],"applications_title":"","applications_request_title":"","applications_request_button_text":"","hero_text":"","hero_video":"","hero_video_schema_markup":"","selling_points_title":"","selling_points_caption":"","selling_points":[],"selling_points_cta_text":"","features_title":"","features":"","ed_cta_examples_text":"","ed_cta_examples_hidden":"","ed_cta_demo_text":"","ed_cta_demo_hidden":"","why_caption":"","why_editor_title":"","why_editor_text":"","why_team_title":"","why_team_text":"","why_service_title":"","why_service_text":"","template_catalog_visible":"0","template_catalog_title":"","template_catalog_text":"","template_catalog_categories_visible":"","demo_title":"Crie seu widget deslizante","demo_caption":"Configure seu Slider e adicione-o ao site da sua p\u00e1gina do Facebook gratuitamente!","default_faq_hidden":"","app_template_category":[],"platform":"103","template_public_id":"","codecanyon_url":"","codecanyon_item_id":"","codecanyon_price":"","pricing_caption":"","pricing_elfsight_apps_hide_column":"","pricing_elfsight_apps_url":"","pricing_codecanyon_price_caption":"","integration_category":[],"integration_request_title":"","integration_request_cta":"","integration_platform":"","integrations":[],"platform_category":[],"video_schema_markup":"","price":"a partir de US$ 0\/m\u00eas","trial":"","benefits":[{"text":"Servi\u00e7o de instala\u00e7\u00e3o gratuito"},{"text":"Suporte ao cliente experiente"},{"text":"Garantia de reembolso de 14 dias"},{"text":"Atualiza\u00e7\u00f5es gratuitas regulares"}],"button_url":"#demo","button_target_blank":"0","button_nofollow":"0","attributes":[{"name":"Instala\u00e7\u00f5es","content":"10,000 - 100,000","_state":"expanded"},{"name":"Responsivo","content":"Sim","_state":"expanded"},{"name":"Navegadores compat\u00edveis","content":"Opera, Firefox, Safari, Edge, Chrome"}],"tags":[],"tags_disable_links":"0","hide_more_platforms":"0","video_object":"","demo_hide_cta":"0","demo_hide_cloud_options":"0","pricing_title":"","pricing":[{"pricing_icon":"platform","pricing_title":"Elfsight Apps","pricing_title_caption":"Vers\u00e3o independente de plataforma que se adapta a qualquer site","pricing_price":"a partir de US$ 0\/m\u00eas","pricing_price_caption":"comece com plano gratuito","pricing_benefits":[{"text":"Dom\u00ednios ilimitados"},{"text":"Suporte ao cliente premium"},{"text":"Suporte ao cliente premium"},{"text":"100% personaliz\u00e1vel"}],"pricing_button_text":"Adicionar ao site","pricing_button_url":"#demo","_state":"expanded"}],"related_apps_title":"","related_apps_hidden":"1","author":"","image":[],"title":"","job":"","social_networks":[]},"_links":{"self":[{"href":"https:\/\/elfsight.com\/pt\/wp-json\/wp\/v2\/pages\/4412","targetHints":{"allow":["GET"]}}],"collection":[{"href":"https:\/\/elfsight.com\/pt\/wp-json\/wp\/v2\/pages"}],"about":[{"href":"https:\/\/elfsight.com\/pt\/wp-json\/wp\/v2\/types\/page"}],"author":[{"embeddable":true,"href":"https:\/\/elfsight.com\/pt\/wp-json\/wp\/v2\/users\/9"}],"replies":[{"embeddable":true,"href":"https:\/\/elfsight.com\/pt\/wp-json\/wp\/v2\/comments?post=4412"}],"version-history":[{"count":4,"href":"https:\/\/elfsight.com\/pt\/wp-json\/wp\/v2\/pages\/4412\/revisions"}],"predecessor-version":[{"id":14564,"href":"https:\/\/elfsight.com\/pt\/wp-json\/wp\/v2\/pages\/4412\/revisions\/14564"}],"up":[{"embeddable":true,"href":"https:\/\/elfsight.com\/pt\/wp-json\/wp\/v2\/pages\/948"}],"wp:attachment":[{"href":"https:\/\/elfsight.com\/pt\/wp-json\/wp\/v2\/media?parent=4412"}],"curies":[{"name":"wp","href":"https:\/\/api.w.org\/{rel}","templated":true}]}}