{"id":4408,"date":"1970-01-01T00:00:00","date_gmt":"1970-01-01T00:00:00","guid":{"rendered":"https:\/\/elfsight.com\/pt\/?page_id=4408"},"modified":"2024-11-13T11:49:54","modified_gmt":"2024-11-13T11:49:54","slug":"elementor","status":"publish","type":"page","link":"https:\/\/elfsight.com\/pt\/popup-widget\/elementor\/","title":{"rendered":"Popup &#8211; Elementor"},"content":{"rendered":"<div class=\"application-platform-content-item-description application-platform-content-item\" id=\"description\" data-nav-section=\"description\"> <h2>Incorporar Popup no Elementor com o widget Elfsight<\/h2> <p>Com o widget Elfsight Popup, todos s\u00e3o capazes de moldar seu pr\u00f3prio pop personalizado -ups de todos os tipos e integrando-os na p\u00e1gina web. D\u00ea forma a um pop-up adequado, com a ajuda dos diversos componentes inclu\u00eddos. Altere a interface e a composi\u00e7\u00e3o do complemento Elementor; escolha gatilhos de ativa\u00e7\u00e3o e ajuste a frequ\u00eancia para aumentar a efic\u00e1cia. Pop-ups de v\u00e1rios tipos permitem que os usu\u00e1rios assinem seus e-mails, descubram seus produtos e servi\u00e7os e copiem cupons. Al\u00e9m disso, o complemento oferece aos clientes a oportunidade de saber mais sobre vendas e ofertas especiais, estar ciente de eventos futuros em seu site e muito mais.<\/p> <p><b>Os pop-ups ajudar\u00e3o voc\u00ea a vender melhor, anunciar ocasi\u00f5es planejadas, colete impress\u00f5es e leads no construtor Elementor.<\/b><\/p> <\/div><div class=\"faq\" data-component=\"FAQ\"><div class=\"faq-item\">\r\n\t\t\t\t\t<div class=\"faq-item-question\">\r\n\t\t\t\t\t\t<h3 class=\"faq-item-question-text\">Como posso incorporar um pop-up ao meu Site Elementor? <\/h3>\r\n\r\n\t\t\t\t\t\t<div class=\"faq-item-question-icon\"><\/div>\r\n\t\t\t\t\t<\/div>\r\n\r\n\t\t\t\t\t<div class=\"faq-item-answer\">\r\n\t\t\t\t\t\t<div class=\"faq-item-answer-text\"><p>A constru\u00e7\u00e3o da ferramenta acontece nos aplicativos Elfsight e n\u00e3o h\u00e1 necessidade de aprender codifica\u00e7\u00e3o ou usar o construtor Elementor Popup. Abra a demonstra\u00e7\u00e3o ativa para construir seu pr\u00f3prio modelo Elementor Popup, obtenha o c\u00f3digo e integre-o ao seu site.<\/p><\/div>\r\n\t\t\t\t\t<\/div>\r\n\t\t\t\t<\/div><div class=\"faq-item\">\r\n\t\t\t\t\t<div class=\"faq-item-question\">\r\n\t\t\t\t\t\t<h3 class=\"faq-item-question-text\">Quais s\u00e3o as melhores maneiras de usar a janela pop-up ?<\/h3>\r\n\r\n\t\t\t\t\t\t<div class=\"faq-item-question-icon\"><\/div>\r\n\t\t\t\t\t<\/div>\r\n\r\n\t\t\t\t\t<div class=\"faq-item-answer\">\r\n\t\t\t\t\t\t<div class=\"faq-item-answer-text\"><p>Temos in\u00fameras op\u00e7\u00f5es de personaliza\u00e7\u00e3o: formul\u00e1rio pop-up em tamanho real para incorpora\u00e7\u00e3o na \u00e1rea de conte\u00fado, widgets flutuantes com oportunidades de rolagem, layouts para o rodap\u00e9, se\u00e7\u00e3o principal e todas as varia\u00e7\u00f5es de uma caixa pop-up vertical para barras laterais do site e menus. Voc\u00ea pode configurar o comportamento de sua caixa Elementor Popup com uma inten\u00e7\u00e3o de sa\u00edda e outros ajustes.<\/p><\/div>\r\n\t\t\t\t\t<\/div>\r\n\t\t\t\t<\/div><div class=\"faq-item\">\r\n\t\t\t\t\t<div class=\"faq-item-question\">\r\n\t\t\t\t\t\t<h3 class=\"faq-item-question-text\">Existe uma op\u00e7\u00e3o para criar uma inten\u00e7\u00e3o de sa\u00edda ou pop-up de venda por meio o editor? <\/h3>\r\n\r\n\t\t\t\t\t\t<div class=\"faq-item-question-icon\"><\/div>\r\n\t\t\t\t\t<\/div>\r\n\r\n\t\t\t\t\t<div class=\"faq-item-answer\">\r\n\t\t\t\t\t\t<div class=\"faq-item-answer-text\"><p>Voc\u00ea pode criar varia\u00e7\u00f5es de qualquer widget. Existem v\u00e1rios layouts de formul\u00e1rio Elementor no editor, e todos eles podem ser personalizados rapidamente como voc\u00ea desejar. Al\u00e9m disso, voc\u00ea pode abrir o pop-up Elementor clicando no bot\u00e3o.<\/p><\/div>\r\n\t\t\t\t\t<\/div>\r\n\t\t\t\t<\/div><div class=\"faq-item\">\r\n\t\t\t\t\t<div class=\"faq-item-question\">\r\n\t\t\t\t\t\t<h3 class=\"faq-item-question-text\">Como criar um pop-up de v\u00eddeo Elementor?<\/h3>\r\n\r\n\t\t\t\t\t\t<div class=\"faq-item-question-icon\"><\/div>\r\n\t\t\t\t\t<\/div>\r\n\r\n\t\t\t\t\t<div class=\"faq-item-answer\">\r\n\t\t\t\t\t\t<div class=\"faq-item-answer-text\"><p>Voc\u00ea pode criar um v\u00eddeo facilmente pop-up com a ajuda de um widget da Elfsight. Veja como:<\/p><ol><li>Fa\u00e7a login nos aplicativos da Elfsight e encontre um widget pop-up em uma lista.<\/li><li>Selecione seu modelo favorito.<\/li><li>Adicione um bloco de v\u00eddeo em uma se\u00e7\u00e3o Builder.<\/li><li>Salve as altera\u00e7\u00f5es e copie o c\u00f3digo de instala\u00e7\u00e3o.<\/li><li>Cole esse c\u00f3digo no rodap\u00e9 ou cabe\u00e7alho do site.<\/li><\/ol><p>Isso \u00e9 isto! Agora voc\u00ea adicionou um v\u00eddeo ao Elementor.<\/p><\/div>\r\n\t\t\t\t\t<\/div>\r\n\t\t\t\t<\/div><div class=\"faq-item\">\r\n\t\t\t\t\t<div class=\"faq-item-question\">\r\n\t\t\t\t\t\t<h3 class=\"faq-item-question-text\">Como criar um pop-up de imagem Elementor?<\/h3>\r\n\r\n\t\t\t\t\t\t<div class=\"faq-item-question-icon\"><\/div>\r\n\t\t\t\t\t<\/div>\r\n\r\n\t\t\t\t\t<div class=\"faq-item-answer\">\r\n\t\t\t\t\t\t<div class=\"faq-item-answer-text\"><p>Voc\u00ea pode criar facilmente um pop-up de imagem com a ajuda de um widget da Elfsight. Veja como:<\/p><ol><li>Fa\u00e7a login nos aplicativos Elfsight e encontre um widget Popup em uma lista.<\/li><li>Escolha um modelo.<\/li><li>Adicione um bloco de imagem em um Se\u00e7\u00e3o Builder.<\/li><li>Salve as altera\u00e7\u00f5es e copie o c\u00f3digo de instala\u00e7\u00e3o.<\/li><li>Cole o c\u00f3digo do pop-up da imagem Elementor no rodap\u00e9 ou cabe\u00e7alho do site.<\/li><\/ol><p>\u00c9 isso! Agora, voc\u00ea adicionou uma imagem ao complemento Elementor.<\/p><\/div>\r\n\t\t\t\t\t<\/div>\r\n\t\t\t\t<\/div><\/div><div class=\"application-platform-content-item-features application-platform-content-item\" id=\"features\" data-nav-section=\"features\"> <h2>Principais recursos do plugin Popup<\/h2> <p>Verifique todas as fun\u00e7\u00f5es do widget da caixa Elementor. Eles est\u00e3o dispon\u00edveis diretamente no editor e ajudar\u00e3o voc\u00ea a configurar o widget certo para o seu caso.<\/p> <ul><li>12 componentes dispon\u00edveis para construir um pop-up<\/li> <li>5 prontos para uso layouts pop-up para diferentes casos<\/li> <li>Coloque bot\u00f5es para levar os visitantes a qualquer endere\u00e7o<\/li> <li>Carregue uma imagem para o fundo da caixa Elementor<\/li> <li>O pop-up pode aparecer ap\u00f3s um determinado tempo gasto pelo usu\u00e1rio ou porcentagem de rolagem de uma p\u00e1gina<\/li> <li>Acionadores de pop-up: abra o pop-up ao clicar no bot\u00e3o ou role para baixo at\u00e9 ele<\/li> <\/ul> <p><a href=\"#demo\"> Experimente todas as outras fun\u00e7\u00f5es da demonstra\u00e7\u00e3o<\/a><\/p> <\/div><div class=\"application-platform-content-item-installation application-platform-content-item\" id=\"installation\" data-nav-section=\"installation\"><h2>Como adicionar o marcador pop-up ao meu site Elementor?<\/h2> <div class=\"video -container\"><iframe width=\"720\" height=\"405\" src=\"https:\/\/www.youtube.com\/embed\/1Ti0LkMwpNQ\" frameborder=\"0\" allowfullscreen=\"\"><\/iframe><\/div><p>Para incorporar o widget, basta seguir as orienta\u00e7\u00f5es abaixo<\/p> <ol><li><b>Crie seu widget pop-up personalizado<\/b><br> Usando nosso configurador gratuito, crie um plugin com um design e fun\u00e7\u00f5es preferidos. <\/li><li><b>Obtenha o c\u00f3digo individual para incorporar o widget<\/b><br> Depois de criar o seu plugin, voc\u00ea adquirir\u00e1 o c\u00f3digo exclusivo na janela exibida nos aplicativos Elfsight. Copie o c\u00f3digo para uso posterior.<\/li> <li><b>Exiba o widget em seu site Elementor<\/b><br> V\u00e1 at\u00e9 o local onde voc\u00ea planeja incorporar o plugin e cole o c\u00f3digo copiado l\u00e1. Publique os resultados.<\/li> <li><b>Pronto! O pop-up modal Elementor j\u00e1 est\u00e1 ativo!<\/b><br> Digite o nome do site para visualizar seu pop-up. Depois, voc\u00ea pode editar o widget nos aplicativos da Elfsight sempre que desejar: as altera\u00e7\u00f5es ser\u00e3o refletidas automaticamente em um site.<\/li> <\/ol><p>Voc\u00ea sempre pode entrar em contato com nosso atendimento ao cliente quando precisar de ajuda com seu Elementor Popup. forma. Nossos especialistas ajudar\u00e3o com qualquer quest\u00e3o de modelo. <\/p> <\/div>","protected":false},"excerpt":{"rendered":"","protected":false},"author":9,"featured_media":0,"parent":542,"menu_order":0,"comment_status":"closed","ping_status":"closed","template":"templates\/template-application-platform.php","meta":{"publish_to_discourse":"","publish_post_category":"","wpdc_auto_publish_overridden":"","wpdc_topic_tags":"","wpdc_pin_topic":"","wpdc_pin_until":"","discourse_post_id":"","discourse_permalink":"","wpdc_publishing_response":"","wpdc_publishing_error":"","footnotes":""},"class_list":["post-4408","page","type-page","status-publish","hentry"],"yoast_head":"<!-- This site is optimized with the Yoast SEO plugin v25.3.1 - https:\/\/yoast.com\/wordpress\/plugins\/seo\/ -->\n<title>Adicione um plugin Popup a um site Elementor gratuitamente<\/title>\n<meta name=\"description\" content=\"Crie Popup no Elementor sem codifica\u00e7\u00e3o!\" \/>\n<meta name=\"robots\" content=\"index, follow, max-snippet:-1, max-image-preview:large, max-video-preview:-1\" \/>\n<link rel=\"canonical\" href=\"https:\/\/elfsight.com\/pt\/popup-widget\/elementor\/\" \/>\n<meta property=\"og:locale\" content=\"pt_PT\" \/>\n<meta property=\"og:type\" content=\"article\" \/>\n<meta property=\"og:title\" content=\"Adicione um plugin Popup a um site Elementor gratuitamente\" \/>\n<meta property=\"og:description\" content=\"Crie Popup no Elementor sem codifica\u00e7\u00e3o!\" \/>\n<meta property=\"og:url\" content=\"https:\/\/elfsight.com\/pt\/popup-widget\/elementor\/\" \/>\n<meta property=\"og:site_name\" content=\"Elfsight PT\" \/>\n<meta property=\"article:modified_time\" content=\"2024-11-13T11:49:54+00:00\" \/>\n<meta name=\"twitter:card\" content=\"summary_large_image\" \/>\n<meta name=\"twitter:label1\" content=\"Tempo estimado de leitura\" \/>\n\t<meta name=\"twitter:data1\" content=\"2 minutos\" \/>\n<!-- \/ Yoast SEO plugin. -->","yoast_head_json":{"title":"Adicione um plugin Popup a um site Elementor gratuitamente","description":"Crie Popup no Elementor sem codifica\u00e7\u00e3o!","robots":{"index":"index","follow":"follow","max-snippet":"max-snippet:-1","max-image-preview":"max-image-preview:large","max-video-preview":"max-video-preview:-1"},"canonical":"https:\/\/elfsight.com\/pt\/popup-widget\/elementor\/","og_locale":"pt_PT","og_type":"article","og_title":"Adicione um plugin Popup a um site Elementor gratuitamente","og_description":"Crie Popup no Elementor sem codifica\u00e7\u00e3o!","og_url":"https:\/\/elfsight.com\/pt\/popup-widget\/elementor\/","og_site_name":"Elfsight PT","article_modified_time":"2024-11-13T11:49:54+00:00","twitter_card":"summary_large_image","twitter_misc":{"Tempo estimado de leitura":"2 minutos"},"schema":{"@context":"https:\/\/schema.org","@graph":[{"@type":"WebPage","@id":"https:\/\/elfsight.com\/pt\/popup-widget\/elementor\/","url":"https:\/\/elfsight.com\/pt\/popup-widget\/elementor\/","name":"Adicione um plugin Popup a um site Elementor gratuitamente","isPartOf":{"@id":"https:\/\/elfsight.com\/pt\/#website"},"datePublished":"1970-01-01T00:00:00+00:00","dateModified":"2024-11-13T11:49:54+00:00","description":"Crie Popup no Elementor sem codifica\u00e7\u00e3o!","breadcrumb":{"@id":"https:\/\/elfsight.com\/pt\/popup-widget\/elementor\/#breadcrumb"},"inLanguage":"pt-PT","potentialAction":[{"@type":"ReadAction","target":["https:\/\/elfsight.com\/pt\/popup-widget\/elementor\/"]}]},{"@type":"BreadcrumbList","@id":"https:\/\/elfsight.com\/pt\/popup-widget\/elementor\/#breadcrumb","itemListElement":[{"@type":"ListItem","position":1,"name":"Home","item":"https:\/\/elfsight.com\/pt\/"},{"@type":"ListItem","position":2,"name":"Popup","item":"https:\/\/elfsight.com\/pt\/popup-widget\/"},{"@type":"ListItem","position":3,"name":"Popup &#8211; Elementor"}]},{"@type":"WebSite","@id":"https:\/\/elfsight.com\/pt\/#website","url":"https:\/\/elfsight.com\/pt\/","name":"Elfsight PT","description":"Just another Elfsight Sites site","potentialAction":[{"@type":"SearchAction","target":{"@type":"EntryPoint","urlTemplate":"https:\/\/elfsight.com\/pt\/?s={search_term_string}"},"query-input":{"@type":"PropertyValueSpecification","valueRequired":true,"valueName":"search_term_string"}}],"inLanguage":"pt-PT"}]}},"meta_box":{"industry":"","seo_heading":"","heading":"","description":"","cta_heading":"","cta_description":"","application":"541","h1":"Widget pop-up Elementor","h1_caption":"Organize qualquer tipo de pop-up para anunciar eventos e aumentar as vendas","application_category":[],"applications_title":"","applications_request_title":"","applications_request_button_text":"","hero_text":"","hero_video":"","hero_video_schema_markup":"","selling_points_title":"","selling_points_caption":"","selling_points":[],"selling_points_cta_text":"","features_title":"","features":"","ed_cta_examples_text":"","ed_cta_examples_hidden":"","ed_cta_demo_text":"","ed_cta_demo_hidden":"","why_caption":"","why_editor_title":"","why_editor_text":"","why_team_title":"","why_team_text":"","why_service_title":"","why_service_text":"","template_catalog_visible":"","template_catalog_title":"","template_catalog_text":"","template_catalog_categories_visible":"","demo_title":"Crie seu widget pop-up","demo_caption":"Configure seu Popup e adicione-o ao seu site Elementor gratuitamente!","default_faq_hidden":"","app_template_category":[],"platform":"100","template_public_id":"","codecanyon_url":"","codecanyon_item_id":"","codecanyon_price":"","pricing_caption":"","pricing_elfsight_apps_hide_column":"","pricing_elfsight_apps_url":"","pricing_codecanyon_price_caption":"","integration_category":[],"integration_request_title":"","integration_request_cta":"","integration_platform":"","integrations":[],"platform_category":[],"video_schema_markup":"","price":"a partir de US$ 0\/m\u00eas","trial":"","benefits":[{"text":"Servi\u00e7o de instala\u00e7\u00e3o gratuito"},{"text":"Suporte ao cliente experiente"},{"text":"Garantia de reembolso de 14 dias"},{"text":"Desenvolvimento cont\u00ednuo"}],"button_url":"#demo","button_target_blank":"0","button_nofollow":"0","attributes":[{"name":"Instala\u00e7\u00f5es","content":"100,000 - 500,000","_state":"expanded"},{"name":"Responsivo","content":"Sim","_state":"expanded"},{"name":"Navegadores compat\u00edveis","content":"Firefox, Safari, Opera, Chrome, Edge"}],"tags":[],"tags_disable_links":"0","hide_more_platforms":"","video_object":"","demo_hide_cta":"0","demo_hide_cloud_options":"0","pricing_title":"","pricing":[{"pricing_icon":"platform","pricing_title":"Elfsight Apps","pricing_title_caption":"Solu\u00e7\u00e3o digital multiplataforma","pricing_price":"a partir de US$ 0\/m\u00eas","pricing_price_caption":"comece com plano gratuito","pricing_benefits":[{"text":"Dom\u00ednios ilimitados"},{"text":"Suporte premium e pontual"},{"text":"Suporte premium e pontual"},{"text":"Oferta especial para v\u00e1rios aplicativos"}],"pricing_button_text":"Adicionar ao site","pricing_button_url":"#demo","_state":"expanded"}],"related_apps_title":"","related_apps_hidden":"1","author":"","image":[],"title":"","job":"","social_networks":[]},"_links":{"self":[{"href":"https:\/\/elfsight.com\/pt\/wp-json\/wp\/v2\/pages\/4408","targetHints":{"allow":["GET"]}}],"collection":[{"href":"https:\/\/elfsight.com\/pt\/wp-json\/wp\/v2\/pages"}],"about":[{"href":"https:\/\/elfsight.com\/pt\/wp-json\/wp\/v2\/types\/page"}],"author":[{"embeddable":true,"href":"https:\/\/elfsight.com\/pt\/wp-json\/wp\/v2\/users\/9"}],"replies":[{"embeddable":true,"href":"https:\/\/elfsight.com\/pt\/wp-json\/wp\/v2\/comments?post=4408"}],"version-history":[{"count":2,"href":"https:\/\/elfsight.com\/pt\/wp-json\/wp\/v2\/pages\/4408\/revisions"}],"predecessor-version":[{"id":12100,"href":"https:\/\/elfsight.com\/pt\/wp-json\/wp\/v2\/pages\/4408\/revisions\/12100"}],"up":[{"embeddable":true,"href":"https:\/\/elfsight.com\/pt\/wp-json\/wp\/v2\/pages\/542"}],"wp:attachment":[{"href":"https:\/\/elfsight.com\/pt\/wp-json\/wp\/v2\/media?parent=4408"}],"curies":[{"name":"wp","href":"https:\/\/api.w.org\/{rel}","templated":true}]}}