{"id":4405,"date":"1970-01-01T00:00:00","date_gmt":"1970-01-01T00:00:00","guid":{"rendered":"https:\/\/elfsight.com\/pt\/?page_id=4405"},"modified":"2024-11-13T12:06:06","modified_gmt":"2024-11-13T12:06:06","slug":"elementor","status":"publish","type":"page","link":"https:\/\/elfsight.com\/pt\/pricing-table-plugin\/elementor\/","title":{"rendered":"Pricing Table &#8211; Elementor"},"content":{"rendered":"<div class=\"application-platform-content-item-description application-platform-content-item\" id=\"description\" data-nav-section=\"description\"><h2>Incorpore a tabela de pre\u00e7os no Elementor com o widget Elfsight<\/h2><p>O pre\u00e7o desempenha um dos pap\u00e9is b\u00e1sicos para levar os usu\u00e1rios a comprar. O plugin Elfsight n\u00e3o apenas ajuda os usu\u00e1rios do site a aprender e comparar as tarifas dispon\u00edveis em um piscar de olhos. Tamb\u00e9m contribui para aumentar a convers\u00e3o com a ajuda das mais recentes tend\u00eancias em design.<\/p><p><b>Eleve as vendas do seu site a um patamar diferente, utilizando um pre\u00e7o inteligente.<\/b><\/p> <p><b>Obtenha mais clientes<\/b><br> Use todas as tend\u00eancias mais recentes de design de interface para destruir todos os poss\u00edveis equ\u00edvocos que um usu\u00e1rio possa ter, enquanto toma medidas para comprar.<\/p><p><b>Ajude os visitantes a realizar uma compra<\/b><br> Exiba de forma mais simples e eficiente as informa\u00e7\u00f5es que seus prov\u00e1veis \u200b\u200bvisitantes est\u00e3o procurando e conven\u00e7a-os a tomar a decis\u00e3o 100% correta.<\/p><p><b>Instant\u00e2neo e personaliza\u00e7\u00e3o eficiente<\/b><br> Tendo uma grande variedade de op\u00e7\u00f5es que permitem definir v\u00e1rios tipos de pre\u00e7os apenas com 3 cliques, voc\u00ea encontrar\u00e1 aquele que ser\u00e1 absolutamente eficaz para voc\u00ea.<\/p><\/div> <div class=\"application-platform-content-item-features application-platform-content-item\" id=\"features\" data-nav-section=\"features\"><h2>Principais recursos do widget Tabela de pre\u00e7os<\/h2><p>Os recursos mais importantes que transformam nosso plugin na melhor tabela de pre\u00e7os para sites Elementor.<\/p><ul><li>6 elementos de coluna predefinidos que podem ser organizados e personalizados para obter a apar\u00eancia perfeita;<\/li><li>Lista de recursos ajust\u00e1veis, completa com \u00edcones de recursos, dicas e n\u00famero ilimitado de recursos;<\/li><li>Cada coluna os elementos coloridos podem ser personalizados individualmente;<\/li><li>Raio e largura da borda do bot\u00e3o personaliz\u00e1veis;<\/li><li>Layout otimizado para dispositivos m\u00f3veis.<\/li><\/ul><p><a href=\"#demo \">Voc\u00ea pode experimentar todos os recursos usando nosso editor ao vivo<\/a><\/p><\/div><div class=\"application-platform-content-item-installation application-platform-content-item\" id=\"installation\" data-nav-section=\"installation\"><h2>Como adicionar tabela de pre\u00e7os ao site Elementor<\/h2><div class=\"video-container\"><iframe width=\"720\" height=\"405\" src=\"https:\/\/www.youtube.com\/embed\/2iatWQq7jI0\" frameborder=\"0\" allowfullscreen=\"\"><\/iframe> <\/div><p>Consulte este breve manual para instalar nosso plugin em seu site. Para cumpri-lo n\u00e3o \u00e9 necess\u00e1rio ter compet\u00eancia em programa\u00e7\u00e3o nem muito tempo. Apenas algumas a\u00e7\u00f5es simples e dois ou tr\u00eas minutos.<\/p><ol><li><b>Crie sua tabela de pre\u00e7os pessoal<\/b><br> Usando nossa demonstra\u00e7\u00e3o gratuita, gere um plugin com layout e op\u00e7\u00f5es selecionadas .<\/li> <li><b>Adquira o c\u00f3digo exclusivo para adicionar o plugin<\/b><br> Ap\u00f3s a configura\u00e7\u00e3o do widget, adquira o seu c\u00f3digo de instala\u00e7\u00e3o exclusivo para o plugin Pricing na janela que aparece nas aplica\u00e7\u00f5es Elfsight. <\/li><li><b>Mostrar o plugin no site da Elementor<\/b><br> Escolha onde inserir o plugin, cole o c\u00f3digo de instala\u00e7\u00e3o l\u00e1 e publique as altera\u00e7\u00f5es.<\/li><li><b>A instala\u00e7\u00e3o foi conclu\u00edda<\/b><br> Acesse seu site para ver seu widget.<\/li><\/ol><p>Est\u00e1 tendo problemas com a configura\u00e7\u00e3o do plugin? Entre em contato com nossa central de ajuda, n\u00f3s ajudaremos com qualquer problema!<\/p><div class=\"faq\" data-component=\"FAQ\"> <div class=\"faq-item\">\r\n\t\t\t\t\t<div class=\"faq-item-question\">\r\n\t\t\t\t\t\t<h3 class=\"faq-item-question-text\">Como posso adicionar uma tabela de pre\u00e7os ao meu site Elementor sem habilidades de codifica\u00e7\u00e3o? <\/h3>\r\n\r\n\t\t\t\t\t\t<div class=\"faq-item-question-icon\"><\/div>\r\n\t\t\t\t\t<\/div>\r\n\r\n\t\t\t\t\t<div class=\"faq-item-answer\">\r\n\t\t\t\t\t\t<div class=\"faq-item-answer-text\"> <p>A Elfsight fornece um Solu\u00e7\u00e3o SaaS que permite criar voc\u00ea mesmo um widget de Tabela de Pre\u00e7os, veja como o processo \u00e9 f\u00e1cil: Trabalhe diretamente no Editor online para criar um widget de Tabela de Pre\u00e7os que voc\u00ea gostaria de ver em seu site Elementor. Escolha um dos modelos predefinidos e ajuste as configura\u00e7\u00f5es da Tabela de Pre\u00e7os, adicione seu conte\u00fado, altere o layout e as cores sem nenhuma habilidade de codifica\u00e7\u00e3o. Salve a Tabela de Pre\u00e7os e copie seu c\u00f3digo de instala\u00e7\u00e3o, que voc\u00ea pode colar facilmente no seu site Elementor sem a necessidade de adquirir um plano pago. Com nosso editor intuitivo, qualquer usu\u00e1rio da Internet pode criar um widget de tabela de pre\u00e7os online e incorpor\u00e1-lo facilmente ao seu site Elementor. N\u00e3o h\u00e1 necessidade de pagar ou inserir as credenciais do seu cart\u00e3o para acessar o servi\u00e7o. Se voc\u00ea enfrentar qualquer problema em qualquer etapa, n\u00e3o hesite em entrar em contato com nossa equipe de suporte t\u00e9cnico.<\/p> <\/div>\r\n\t\t\t\t\t<\/div>\r\n\t\t\t\t<\/div> <\/div> <\/div>","protected":false},"excerpt":{"rendered":"","protected":false},"author":9,"featured_media":0,"parent":793,"menu_order":0,"comment_status":"closed","ping_status":"closed","template":"templates\/template-application-platform.php","meta":{"publish_to_discourse":"","publish_post_category":"","wpdc_auto_publish_overridden":"","wpdc_topic_tags":"","wpdc_pin_topic":"","wpdc_pin_until":"","discourse_post_id":"","discourse_permalink":"","wpdc_publishing_response":"","wpdc_publishing_error":"","footnotes":""},"class_list":["post-4405","page","type-page","status-publish","hentry"],"yoast_head":"<!-- This site is optimized with the Yoast SEO plugin v25.3.1 - https:\/\/yoast.com\/wordpress\/plugins\/seo\/ -->\n<title>Widget de tabela de pre\u00e7os para o site Elementor (2025)<\/title>\n<meta name=\"description\" content=\"Obtenha o plugin Pricing Table para Elementor em apenas 3 minutos. Experimente todas as vantagens mais importantes do plugin de melhor pre\u00e7o no painel gratuito.\" \/>\n<meta name=\"robots\" content=\"index, follow, max-snippet:-1, max-image-preview:large, max-video-preview:-1\" \/>\n<link rel=\"canonical\" href=\"https:\/\/elfsight.com\/pt\/pricing-table-plugin\/elementor\/\" \/>\n<meta property=\"og:locale\" content=\"pt_PT\" \/>\n<meta property=\"og:type\" content=\"article\" \/>\n<meta property=\"og:title\" content=\"Widget de tabela de pre\u00e7os para o site Elementor (2025)\" \/>\n<meta property=\"og:description\" content=\"Obtenha o plugin Pricing Table para Elementor em apenas 3 minutos. Experimente todas as vantagens mais importantes do plugin de melhor pre\u00e7o no painel gratuito.\" \/>\n<meta property=\"og:url\" content=\"https:\/\/elfsight.com\/pt\/pricing-table-plugin\/elementor\/\" \/>\n<meta property=\"og:site_name\" content=\"Elfsight PT\" \/>\n<meta property=\"article:modified_time\" content=\"2024-11-13T12:06:06+00:00\" \/>\n<meta name=\"twitter:card\" content=\"summary_large_image\" \/>\n<meta name=\"twitter:label1\" content=\"Tempo estimado de leitura\" \/>\n\t<meta name=\"twitter:data1\" content=\"2 minutos\" \/>\n<!-- \/ Yoast SEO plugin. -->","yoast_head_json":{"title":"Widget de tabela de pre\u00e7os para o site Elementor (2025)","description":"Obtenha o plugin Pricing Table para Elementor em apenas 3 minutos. Experimente todas as vantagens mais importantes do plugin de melhor pre\u00e7o no painel gratuito.","robots":{"index":"index","follow":"follow","max-snippet":"max-snippet:-1","max-image-preview":"max-image-preview:large","max-video-preview":"max-video-preview:-1"},"canonical":"https:\/\/elfsight.com\/pt\/pricing-table-plugin\/elementor\/","og_locale":"pt_PT","og_type":"article","og_title":"Widget de tabela de pre\u00e7os para o site Elementor (2025)","og_description":"Obtenha o plugin Pricing Table para Elementor em apenas 3 minutos. Experimente todas as vantagens mais importantes do plugin de melhor pre\u00e7o no painel gratuito.","og_url":"https:\/\/elfsight.com\/pt\/pricing-table-plugin\/elementor\/","og_site_name":"Elfsight PT","article_modified_time":"2024-11-13T12:06:06+00:00","twitter_card":"summary_large_image","twitter_misc":{"Tempo estimado de leitura":"2 minutos"},"schema":{"@context":"https:\/\/schema.org","@graph":[{"@type":"WebPage","@id":"https:\/\/elfsight.com\/pt\/pricing-table-plugin\/elementor\/","url":"https:\/\/elfsight.com\/pt\/pricing-table-plugin\/elementor\/","name":"Widget de tabela de pre\u00e7os para o site Elementor (2025)","isPartOf":{"@id":"https:\/\/elfsight.com\/pt\/#website"},"datePublished":"1970-01-01T00:00:00+00:00","dateModified":"2024-11-13T12:06:06+00:00","description":"Obtenha o plugin Pricing Table para Elementor em apenas 3 minutos. Experimente todas as vantagens mais importantes do plugin de melhor pre\u00e7o no painel gratuito.","breadcrumb":{"@id":"https:\/\/elfsight.com\/pt\/pricing-table-plugin\/elementor\/#breadcrumb"},"inLanguage":"pt-PT","potentialAction":[{"@type":"ReadAction","target":["https:\/\/elfsight.com\/pt\/pricing-table-plugin\/elementor\/"]}]},{"@type":"BreadcrumbList","@id":"https:\/\/elfsight.com\/pt\/pricing-table-plugin\/elementor\/#breadcrumb","itemListElement":[{"@type":"ListItem","position":1,"name":"Home","item":"https:\/\/elfsight.com\/pt\/"},{"@type":"ListItem","position":2,"name":"Pricing Table","item":"https:\/\/elfsight.com\/pt\/pricing-table-plugin\/"},{"@type":"ListItem","position":3,"name":"Pricing Table &#8211; Elementor"}]},{"@type":"WebSite","@id":"https:\/\/elfsight.com\/pt\/#website","url":"https:\/\/elfsight.com\/pt\/","name":"Elfsight PT","description":"Just another Elfsight Sites site","potentialAction":[{"@type":"SearchAction","target":{"@type":"EntryPoint","urlTemplate":"https:\/\/elfsight.com\/pt\/?s={search_term_string}"},"query-input":{"@type":"PropertyValueSpecification","valueRequired":true,"valueName":"search_term_string"}}],"inLanguage":"pt-PT"}]}},"meta_box":{"industry":"","seo_heading":"","heading":"","description":"","cta_heading":"","cta_description":"","application":"792","h1":"Tabela de pre\u00e7os Elementor","h1_caption":"O melhor widget para colocar pre\u00e7os em seu site","application_category":[],"applications_title":"","applications_request_title":"","applications_request_button_text":"","hero_text":"","hero_video":"","hero_video_schema_markup":"","selling_points_title":"","selling_points_caption":"","selling_points":[],"selling_points_cta_text":"","features_title":"","features":"","ed_cta_examples_text":"","ed_cta_examples_hidden":"","ed_cta_demo_text":"","ed_cta_demo_hidden":"","why_caption":"","why_editor_title":"","why_editor_text":"","why_team_title":"","why_team_text":"","why_service_title":"","why_service_text":"","template_catalog_visible":"","template_catalog_title":"","template_catalog_text":"","template_catalog_categories_visible":"","demo_title":"Crie seu widget Tabela de pre\u00e7os","demo_caption":"Configure sua Tabela de Pre\u00e7os e adicione-a ao seu site Elementor gratuitamente!","default_faq_hidden":"","app_template_category":[],"platform":"100","template_public_id":"","codecanyon_url":"","codecanyon_item_id":"","codecanyon_price":"","pricing_caption":"","pricing_elfsight_apps_hide_column":"","pricing_elfsight_apps_url":"","pricing_codecanyon_price_caption":"","integration_category":[],"integration_request_title":"","integration_request_cta":"","integration_platform":"","integrations":[],"platform_category":[],"video_schema_markup":"","price":"a partir de US$ 0\/m\u00eas","trial":"","benefits":[{"text":"Servi\u00e7o de instala\u00e7\u00e3o gratuito"},{"text":"Suporte excepcional"},{"text":"Garantia de reembolso de 14 dias"},{"text":"Melhorias gratuitas cont\u00ednuas"}],"button_url":"#demo","button_target_blank":"0","button_nofollow":"0","attributes":[{"name":"Instala\u00e7\u00f5es","content":"10,000 - 100,000","_state":"expanded"},{"name":"Responsivo","content":"Sim","_state":"expanded"},{"name":"Navegadores compat\u00edveis","content":"Firefox, Safari, Opera, Chrome, Edge"}],"tags":[],"tags_disable_links":"0","hide_more_platforms":"","video_object":"","demo_hide_cta":"0","demo_hide_cloud_options":"0","pricing_title":"","pricing":[{"pricing_icon":"platform","pricing_title":"Elfsight Apps","pricing_title_caption":"Software multiplataforma","pricing_price":"a partir de US$ 0\/m\u00eas","pricing_price_caption":"comece com plano gratuito","pricing_benefits":[{"text":"Sites ilimitados"},{"text":"Suporte profissional da empresa"},{"text":"Suporte profissional da empresa"},{"text":"Oferta especial para v\u00e1rios aplicativos"}],"pricing_button_text":"Adicionar ao site","pricing_button_url":"#demo","_state":"expanded"}],"related_apps_title":"","related_apps_hidden":"1","author":"","image":[],"title":"","job":"","social_networks":[]},"_links":{"self":[{"href":"https:\/\/elfsight.com\/pt\/wp-json\/wp\/v2\/pages\/4405","targetHints":{"allow":["GET"]}}],"collection":[{"href":"https:\/\/elfsight.com\/pt\/wp-json\/wp\/v2\/pages"}],"about":[{"href":"https:\/\/elfsight.com\/pt\/wp-json\/wp\/v2\/types\/page"}],"author":[{"embeddable":true,"href":"https:\/\/elfsight.com\/pt\/wp-json\/wp\/v2\/users\/9"}],"replies":[{"embeddable":true,"href":"https:\/\/elfsight.com\/pt\/wp-json\/wp\/v2\/comments?post=4405"}],"version-history":[{"count":2,"href":"https:\/\/elfsight.com\/pt\/wp-json\/wp\/v2\/pages\/4405\/revisions"}],"predecessor-version":[{"id":12121,"href":"https:\/\/elfsight.com\/pt\/wp-json\/wp\/v2\/pages\/4405\/revisions\/12121"}],"up":[{"embeddable":true,"href":"https:\/\/elfsight.com\/pt\/wp-json\/wp\/v2\/pages\/793"}],"wp:attachment":[{"href":"https:\/\/elfsight.com\/pt\/wp-json\/wp\/v2\/media?parent=4405"}],"curies":[{"name":"wp","href":"https:\/\/api.w.org\/{rel}","templated":true}]}}