{"id":4404,"date":"1970-01-01T00:00:00","date_gmt":"1970-01-01T00:00:00","guid":{"rendered":"https:\/\/elfsight.com\/pt\/?page_id=4404"},"modified":"2025-03-07T07:41:35","modified_gmt":"2025-03-07T07:41:35","slug":"elementor","status":"publish","type":"page","link":"https:\/\/elfsight.com\/pt\/slider-widget\/elementor\/","title":{"rendered":"Slider &#8211; Elementor"},"content":{"rendered":"\n<div class=\"application-platform-content-item-description application-platform-content-item\" id=\"description\" data-nav-section=\"description\"><h2>Incorpore Slider no Elementor com o widget Elfsight<\/h2> <p>Elfsight Image Slider \u00e9 uma ferramenta \u00e1gil e simples que permite atrair a aten\u00e7\u00e3o dos usu\u00e1rios mostrando diferentes imagens, v\u00eddeos ou as melhores ofertas em seu site. Use qualquer n\u00famero de slides que seja essencial para mostrar sua marca e destacar ofertas interessantes. Adicione efeitos visuais e dimensione o tamanho da imagem\/v\u00eddeo da maneira que voc\u00ea precisa. Por meio de nossa ferramenta voc\u00ea poder\u00e1 criar um controle deslizante saliente que chamar\u00e1 a aten\u00e7\u00e3o dos visitantes do site e n\u00e3o permitir\u00e1 que eles saiam de sua p\u00e1gina web muito cedo.<\/p><\/div><div class=\"faq\" data-component=\"FAQ\"> <div class=\"faq-item\">\r\n\t\t\t\t\t<div class=\"faq-item-question\">\r\n\t\t\t\t\t\t<h3 class=\"faq-item-question-text\">Como posso incorporar um Slider no meu site Elementor?<\/h3>\r\n\r\n\t\t\t\t\t\t<div class=\"faq-item-question-icon\"><\/div>\r\n\t\t\t\t\t<\/div>\r\n\r\n\t\t\t\t\t<div class=\"faq-item-answer\">\r\n\t\t\t\t\t\t<div class=\"faq-item-answer-text\"><p>A cria\u00e7\u00e3o do widget acontece nas p\u00e1ginas da Elfsight e voc\u00ea n\u00e3o precisa codificar. Aplique nossa demonstra\u00e7\u00e3o ao vivo para moldar seu aplicativo, obtenha o c\u00f3digo e insira-o em seu site. <\/p><\/div>\r\n\t\t\t\t\t<\/div>\r\n\t\t\t\t<\/div><div class=\"faq-item\">\r\n\t\t\t\t\t<div class=\"faq-item-question\">\r\n\t\t\t\t\t\t<h3 class=\"faq-item-question-text\">As melhores maneiras de usar a integra\u00e7\u00e3o do Image Slider<\/h3>\r\n\r\n\t\t\t\t\t\t<div class=\"faq-item-question-icon\"><\/div>\r\n\t\t\t\t\t<\/div>\r\n\r\n\t\t\t\t\t<div class=\"faq-item-answer\">\r\n\t\t\t\t\t\t<div class=\"faq-item-answer-text\"><p>Forneceremos a voc\u00ea uma s\u00e9rie de oportunidades de personaliza\u00e7\u00e3o: widgets em tamanho real para implementa\u00e7\u00e3o em a se\u00e7\u00e3o de conte\u00fado, plug-ins flutuantes para oportunidades de rolagem, layouts para rodap\u00e9, cabe\u00e7alho e todos os tipos de possibilidades verticais para barras laterais e menus. <\/p><\/div>\r\n\t\t\t\t\t<\/div>\r\n\t\t\t\t<\/div><div class=\"faq-item\">\r\n\t\t\t\t\t<div class=\"faq-item-question\">\r\n\t\t\t\t\t\t<h3 class=\"faq-item-question-text\">Posso construir um controle deslizante de largura total ou de v\u00eddeo por meio do editor? <\/h3>\r\n\r\n\t\t\t\t\t\t<div class=\"faq-item-question-icon\"><\/div>\r\n\t\t\t\t\t<\/div>\r\n\r\n\t\t\t\t\t<div class=\"faq-item-answer\">\r\n\t\t\t\t\t\t<div class=\"faq-item-answer-text\"><p>Voc\u00ea pode criar modifica\u00e7\u00f5es em qualquer widget. H\u00e1 uma grande variedade de layouts dispon\u00edveis no editor, e todos eles podem ser facilmente ajustados da maneira que voc\u00ea precisar. <\/p><\/div>\r\n\t\t\t\t\t<\/div>\r\n\t\t\t\t<\/div><\/div><div class=\"application-platform-content-item-features application-platform-content-item\" id=\"features\" data-nav-section=\"features\"><h2>Principais recursos do widget Slider<\/h2><p>Confira uma lista de todas as fun\u00e7\u00f5es do produto. Eles est\u00e3o dispon\u00edveis diretamente no editor e ajudar\u00e3o voc\u00ea a moldar o widget adequado ao seu caso de uso.<\/p><ul><li>Use CTAs para orientar os visitantes do site em dire\u00e7\u00e3o ao seu objetivo.<\/li><li>Modifique o slide dura\u00e7\u00e3o da mudan\u00e7a.<\/li><li>Escolha entre v\u00e1rios recursos.<\/li><li>Coloque o texto em qualquer lugar que desejar na p\u00e1gina por meio da posi\u00e7\u00e3o avan\u00e7ada.<\/li><li>Modifique 5 op\u00e7\u00f5es de conte\u00fado.<\/li><\/ul><p><a href=\"#demo\">Veja como todos os recursos funcionam em nossa demonstra\u00e7\u00e3o<\/a><\/p><\/div><div class=\"application-platform-content-item-installation application-platform-content-item\" id=\"installation\" data-nav-section=\"installation\"><h2>Como posso adicionar o Image Slider ao meu Elementor site?<\/h2><div class=\"video-container\"><iframe width=\"720\" height=\"405\" src=\"https:\/\/www.youtube.com\/embed\/2y59r5MbcJg\" frameborder=\"0\" allowfullscreen=\"\"><\/iframe><\/div><p>Para integrar o produto, basta seguir as instru\u00e7\u00f5es abaixo.<\/p><ol><li><b>Crie seu pr\u00f3prio plugin Photo Slider<\/b><br> Gerenciando nosso configurador gratuito, configure um plugin com apar\u00eancia e fun\u00e7\u00f5es preferenciais. <\/li><li><b>Receba o c\u00f3digo individual para instalar o plugin<\/b><br> Depois de configurar o seu widget, voc\u00ea obter\u00e1 o c\u00f3digo individual na janela pop-up nos aplicativos Elfsight. Copie o c\u00f3digo. <\/li> <li><b>Incorpore o plugin em seu site Elementor<\/b><br> Defina a \u00e1rea onde voc\u00ea precisa revelar o plugin e cole o c\u00f3digo copiado l\u00e1. Aplique as edi\u00e7\u00f5es. <\/li> <li><b>Conclu\u00eddo! <\/b><br> V\u00e1 para sua p\u00e1gina para visualizar seu controle deslizante. <\/li> <\/ol><p>Voc\u00ea pode entrar em contato com o servi\u00e7o de suporte da Elfsight quando precisar de assist\u00eancia ou tiver algo a perguntar. Nossos especialistas ajudar\u00e3o em todas as d\u00favidas.<\/p><\/div>\n","protected":false},"excerpt":{"rendered":"","protected":false},"author":9,"featured_media":0,"parent":948,"menu_order":0,"comment_status":"closed","ping_status":"closed","template":"templates\/template-application-platform.php","meta":{"publish_to_discourse":"","publish_post_category":"","wpdc_auto_publish_overridden":"","wpdc_topic_tags":"","wpdc_pin_topic":"","wpdc_pin_until":"","discourse_post_id":"","discourse_permalink":"","wpdc_publishing_response":"","wpdc_publishing_error":"","footnotes":""},"class_list":["post-4404","page","type-page","status-publish","hentry"],"yoast_head":"<!-- This site is optimized with the Yoast SEO plugin v25.3.1 - https:\/\/yoast.com\/wordpress\/plugins\/seo\/ -->\n<title>Elementor Slider \u2013 Adicionar widget de controle deslizante de imagem ao site [2025]<\/title>\n<meta name=\"description\" content=\"Produza seu widget Photo and Image Slider e insira-o rapidamente em seu site Elementor. Oferecemos suporte gratuito ao cliente e outros b\u00f4nus.\" \/>\n<meta name=\"robots\" content=\"index, follow, max-snippet:-1, max-image-preview:large, max-video-preview:-1\" \/>\n<link rel=\"canonical\" href=\"https:\/\/elfsight.com\/pt\/slider-widget\/elementor\/\" \/>\n<meta property=\"og:locale\" content=\"pt_PT\" \/>\n<meta property=\"og:type\" content=\"article\" \/>\n<meta property=\"og:title\" content=\"Elementor Slider \u2013 Adicionar widget de controle deslizante de imagem ao site [2025]\" \/>\n<meta property=\"og:description\" content=\"Produza seu widget Photo and Image Slider e insira-o rapidamente em seu site Elementor. Oferecemos suporte gratuito ao cliente e outros b\u00f4nus.\" \/>\n<meta property=\"og:url\" content=\"https:\/\/elfsight.com\/pt\/slider-widget\/elementor\/\" \/>\n<meta property=\"og:site_name\" content=\"Elfsight PT\" \/>\n<meta property=\"article:modified_time\" content=\"2025-03-07T07:41:35+00:00\" \/>\n<meta name=\"twitter:card\" content=\"summary_large_image\" \/>\n<meta name=\"twitter:label1\" content=\"Tempo estimado de leitura\" \/>\n\t<meta name=\"twitter:data1\" content=\"3 minutos\" \/>\n<!-- \/ Yoast SEO plugin. -->","yoast_head_json":{"title":"Elementor Slider \u2013 Adicionar widget de controle deslizante de imagem ao site [2025]","description":"Produza seu widget Photo and Image Slider e insira-o rapidamente em seu site Elementor. Oferecemos suporte gratuito ao cliente e outros b\u00f4nus.","robots":{"index":"index","follow":"follow","max-snippet":"max-snippet:-1","max-image-preview":"max-image-preview:large","max-video-preview":"max-video-preview:-1"},"canonical":"https:\/\/elfsight.com\/pt\/slider-widget\/elementor\/","og_locale":"pt_PT","og_type":"article","og_title":"Elementor Slider \u2013 Adicionar widget de controle deslizante de imagem ao site [2025]","og_description":"Produza seu widget Photo and Image Slider e insira-o rapidamente em seu site Elementor. Oferecemos suporte gratuito ao cliente e outros b\u00f4nus.","og_url":"https:\/\/elfsight.com\/pt\/slider-widget\/elementor\/","og_site_name":"Elfsight PT","article_modified_time":"2025-03-07T07:41:35+00:00","twitter_card":"summary_large_image","twitter_misc":{"Tempo estimado de leitura":"3 minutos"},"schema":{"@context":"https:\/\/schema.org","@graph":[{"@type":"WebPage","@id":"https:\/\/elfsight.com\/pt\/slider-widget\/elementor\/","url":"https:\/\/elfsight.com\/pt\/slider-widget\/elementor\/","name":"Elementor Slider \u2013 Adicionar widget de controle deslizante de imagem ao site [2025]","isPartOf":{"@id":"https:\/\/elfsight.com\/pt\/#website"},"datePublished":"1970-01-01T00:00:00+00:00","dateModified":"2025-03-07T07:41:35+00:00","description":"Produza seu widget Photo and Image Slider e insira-o rapidamente em seu site Elementor. Oferecemos suporte gratuito ao cliente e outros b\u00f4nus.","breadcrumb":{"@id":"https:\/\/elfsight.com\/pt\/slider-widget\/elementor\/#breadcrumb"},"inLanguage":"pt-PT","potentialAction":[{"@type":"ReadAction","target":["https:\/\/elfsight.com\/pt\/slider-widget\/elementor\/"]}]},{"@type":"BreadcrumbList","@id":"https:\/\/elfsight.com\/pt\/slider-widget\/elementor\/#breadcrumb","itemListElement":[{"@type":"ListItem","position":1,"name":"Home","item":"https:\/\/elfsight.com\/pt\/"},{"@type":"ListItem","position":2,"name":"Slider","item":"https:\/\/elfsight.com\/pt\/slider-widget\/"},{"@type":"ListItem","position":3,"name":"Slider &#8211; Elementor"}]},{"@type":"WebSite","@id":"https:\/\/elfsight.com\/pt\/#website","url":"https:\/\/elfsight.com\/pt\/","name":"Elfsight PT","description":"Just another Elfsight Sites site","potentialAction":[{"@type":"SearchAction","target":{"@type":"EntryPoint","urlTemplate":"https:\/\/elfsight.com\/pt\/?s={search_term_string}"},"query-input":{"@type":"PropertyValueSpecification","valueRequired":true,"valueName":"search_term_string"}}],"inLanguage":"pt-PT"}]}},"meta_box":{"industry":"","seo_heading":"","heading":"","description":"","cta_heading":"","cta_description":"","application":"947","h1":"Widget deslizante de imagem Elementor","h1_caption":"Crie seu lindo controle deslizante com apenas alguns cliques","application_category":[],"applications_title":"","applications_request_title":"","applications_request_button_text":"","hero_text":"","hero_video":"","hero_video_schema_markup":"","selling_points_title":"","selling_points_caption":"","selling_points":[],"selling_points_cta_text":"","features_title":"","features":"","ed_cta_examples_text":"","ed_cta_examples_hidden":"","ed_cta_demo_text":"","ed_cta_demo_hidden":"","why_caption":"","why_editor_title":"","why_editor_text":"","why_team_title":"","why_team_text":"","why_service_title":"","why_service_text":"","template_catalog_visible":"0","template_catalog_title":"","template_catalog_text":"","template_catalog_categories_visible":"","demo_title":"Crie seu widget deslizante","demo_caption":"Configure seu Slider e adicione-o ao seu site Elementor gratuitamente!","default_faq_hidden":"","app_template_category":[],"platform":"100","template_public_id":"","codecanyon_url":"","codecanyon_item_id":"","codecanyon_price":"","pricing_caption":"","pricing_elfsight_apps_hide_column":"","pricing_elfsight_apps_url":"","pricing_codecanyon_price_caption":"","integration_category":[],"integration_request_title":"","integration_request_cta":"","integration_platform":"","integrations":[],"platform_category":[],"video_schema_markup":"","price":"a partir de US$ 0\/m\u00eas","trial":"","benefits":[{"text":"Assist\u00eancia de instala\u00e7\u00e3o gratuita"},{"text":"Atendimento ao cliente eficaz"},{"text":"Garantia de reembolso de 14 dias"},{"text":"Melhorias cont\u00ednuas"}],"button_url":"#demo","button_target_blank":"0","button_nofollow":"0","attributes":[{"name":"Instala\u00e7\u00f5es","content":"10,000 - 100,000","_state":"expanded"},{"name":"Responsivo","content":"Sim","_state":"expanded"},{"name":"Navegadores compat\u00edveis","content":"Firefox, Safari, Opera, Chrome, Edge"}],"tags":[],"tags_disable_links":"0","hide_more_platforms":"0","video_object":"","demo_hide_cta":"0","demo_hide_cloud_options":"0","pricing_title":"","pricing":[{"pricing_icon":"platform","pricing_title":"Elfsight Apps","pricing_title_caption":"Software independente de plataforma adequado para qualquer site","pricing_price":"a partir de US$ 0\/m\u00eas","pricing_price_caption":"comece com plano gratuito","pricing_benefits":[{"text":"Dom\u00ednios ilimitados"},{"text":"Suporte dedicado e pontual"},{"text":"Suporte dedicado e pontual"},{"text":"\u00d3timo neg\u00f3cio para v\u00e1rios aplicativos"}],"pricing_button_text":"Adicionar ao site","pricing_button_url":"#demo","_state":"expanded"}],"related_apps_title":"","related_apps_hidden":"1","author":"","image":[],"title":"","job":"","social_networks":[]},"_links":{"self":[{"href":"https:\/\/elfsight.com\/pt\/wp-json\/wp\/v2\/pages\/4404","targetHints":{"allow":["GET"]}}],"collection":[{"href":"https:\/\/elfsight.com\/pt\/wp-json\/wp\/v2\/pages"}],"about":[{"href":"https:\/\/elfsight.com\/pt\/wp-json\/wp\/v2\/types\/page"}],"author":[{"embeddable":true,"href":"https:\/\/elfsight.com\/pt\/wp-json\/wp\/v2\/users\/9"}],"replies":[{"embeddable":true,"href":"https:\/\/elfsight.com\/pt\/wp-json\/wp\/v2\/comments?post=4404"}],"version-history":[{"count":4,"href":"https:\/\/elfsight.com\/pt\/wp-json\/wp\/v2\/pages\/4404\/revisions"}],"predecessor-version":[{"id":14566,"href":"https:\/\/elfsight.com\/pt\/wp-json\/wp\/v2\/pages\/4404\/revisions\/14566"}],"up":[{"embeddable":true,"href":"https:\/\/elfsight.com\/pt\/wp-json\/wp\/v2\/pages\/948"}],"wp:attachment":[{"href":"https:\/\/elfsight.com\/pt\/wp-json\/wp\/v2\/media?parent=4404"}],"curies":[{"name":"wp","href":"https:\/\/api.w.org\/{rel}","templated":true}]}}