{"id":4397,"date":"2024-05-03T06:44:50","date_gmt":"2024-05-03T06:44:50","guid":{"rendered":"https:\/\/elfsight.com\/pt\/?page_id=4397"},"modified":"2025-03-04T11:45:35","modified_gmt":"2025-03-04T11:45:35","slug":"drupal","status":"publish","type":"page","link":"https:\/\/elfsight.com\/pt\/pricing-table-plugin\/drupal\/","title":{"rendered":"Pricing Table &#8211; Drupal"},"content":{"rendered":"\n<div class=\"application-platform-content-item-description application-platform-content-item\" id=\"description\" data-nav-section=\"description\"><h2>Descri\u00e7\u00e3o<\/h2><p>O pre\u00e7o ocupa uma das principais posi\u00e7\u00f5es para estimular os clientes a fazer uma compra. Nosso plugin n\u00e3o apenas permite que os usu\u00e1rios da p\u00e1gina estudem e comparem diferentes op\u00e7\u00f5es de pre\u00e7os rapidamente. Ele tamb\u00e9m ajuda a aumentar a convers\u00e3o usando as \u00faltimas tend\u00eancias em design e modelos.<\/p><p><b>Leve as vendas do seu site a um novo patamar, usando pre\u00e7os inteligentes.<\/b><\/p><ul> <li><b>Tenha mais clientes<\/b>.<br>Use tend\u00eancias mais eficazes na demonstra\u00e7\u00e3o de pre\u00e7os, para eliminar quaisquer d\u00favidas que seus visitantes possam ter ao tomar uma decis\u00e3o de compra e obter uma convers\u00e3o mais alta.<\/li> <li><b>Criando plugin em apenas 2 minutos<\/b>.<br>Gaste alguns minutos para construir um plugin perfeito. Adicione os par\u00e2metros necess\u00e1rios do modelo e cole suas informa\u00e7\u00f5es para exibi-las em apenas algumas etapas.<\/li><li><b>Mostre mais informa\u00e7\u00f5es sobre seus planos de pre\u00e7os<\/b>.<br>Forne\u00e7a uma descri\u00e7\u00e3o completa de cada um. de seus planos de pre\u00e7os e adicione-os ao seu plugin pessoal, para que os clientes possam ver e comparar facilmente as tarifas dispon\u00edveis.<\/li><\/ul><\/div><div class=\"application-platform-content-item-features application-platform-content-item\" id=\"features\" data-nav-section=\"features\"><h2>Recursos<\/h2><p>Os benef\u00edcios que tornam nosso plugin a melhor tabela de pre\u00e7os para sites Drupal.<\/p><ul><li>6 elementos de coluna predefinidos que podem ser organizados e personalizados para obter a apar\u00eancia perfeita;<\/li><li>5 temas predefinidos, com diferentes esquemas de cores;<\/li><li>3 estilos de recursos predefinidos;<\/li><li>Vincular o bot\u00e3o \u00e0 p\u00e1gina necess\u00e1ria;<\/li><li>Layout otimizado para dispositivos m\u00f3veis.<\/li><\/ul><p><a href=\"#demo\">Voc\u00ea pode verificar todos os benef\u00edcios usando o configurador ao vivo<\/a><\/p><\/div><div class=\"application-platform-content-item-installation application-platform-content-item\" id=\"installation\" data-nav-section=\"installation\"><h2>Como adicionar tabela de pre\u00e7os ao site Drupal<\/h2><p>Basta seguir as orienta\u00e7\u00f5es abaixo para ativar o plugin no Drupal.<\/p> <ol><li><b>Utilize nosso configurador gratuito e comece a criar seu m\u00f3dulo exclusivo de tabela de pre\u00e7os. <\/b><br> Encontre a apar\u00eancia e os recursos selecionados do m\u00f3dulo e aplique as modifica\u00e7\u00f5es. <\/li> <li><b>Copie o seu c\u00f3digo pessoal que aparece na janela dos aplicativos Elfsight. <\/b><br> Quando a cria\u00e7\u00e3o do seu m\u00f3dulo terminar, copie o c\u00f3digo pessoal da caixa que surgiu e salve-o para uso posterior. <\/li> <li><b>Comece a aplicar o widget no site Drupal. <\/b><br> Cole o c\u00f3digo que voc\u00ea salvou anteriormente em seu site e aplique os ajustes. <\/li> <li><b>A instala\u00e7\u00e3o foi totalmente realizada. <\/b><br> Visite seu site para revisar o funcionamento do m\u00f3dulo. <\/li><\/ol><p>Est\u00e1 com d\u00favidas sobre a instala\u00e7\u00e3o do plugin? Estude nosso manual completo \u00ab<a href=\"https:\/\/elfsight.com\/tutorials\/how-to-add-pricing-table-to-drupal\/\" target=\"_blank\" rel=\"noopener noreferrer\">Como adicionar tabela de pre\u00e7os em um Drupal<\/a>\u00bb ou entre em contato com nossa central de ajuda, que resolver\u00e1 qualquer tipo de problema rapidamente.<\/p><div class=\"faq\" data-component=\"FAQ\">\n<div class=\"faq-item\">\r\n\t\t\t\t\t<div class=\"faq-item-question\">\r\n\t\t\t\t\t\t<h3 class=\"faq-item-question-text\">Como posso adicionar uma tabela de pre\u00e7os ao meu site Drupal sem conhecimentos de programa\u00e7\u00e3o?<\/h3>\r\n\r\n\t\t\t\t\t\t<div class=\"faq-item-question-icon\"><\/div>\r\n\t\t\t\t\t<\/div>\r\n\r\n\t\t\t\t\t<div class=\"faq-item-answer\">\r\n\t\t\t\t\t\t<div class=\"faq-item-answer-text\">\n\n<p>A Elfsight oferece uma solu\u00e7\u00e3o SaaS intuitiva, permitindo que voc\u00ea crie facilmente um widget de tabela de pre\u00e7os. O processo \u00e9 r\u00e1pido e simples:<\/p> <ul> <li>Utilize o editor online para criar o widget de tabela de pre\u00e7os que deseja integrar ao seu site Drupal.<\/li> <li>Escolha um dos modelos prontos, ajuste as configura\u00e7\u00f5es da tabela de pre\u00e7os, adicione seu conte\u00fado e personalize o layout e as cores \u2013 tudo sem necessidade de conhecimentos t\u00e9cnicos.<\/li> <li>Salve a sua tabela de pre\u00e7os e copie o c\u00f3digo de instala\u00e7\u00e3o, que pode ser facilmente incorporado ao seu site Drupal sem precisar de uma assinatura paga.<\/li> <\/ul> <p>Com nosso editor intuitivo, qualquer usu\u00e1rio pode criar um widget de tabela de pre\u00e7os e adicion\u00e1-lo ao seu site Drupal sem complica\u00e7\u00f5es. N\u00e3o \u00e9 necess\u00e1rio pagar ou inserir informa\u00e7\u00f5es de pagamento para utilizar o servi\u00e7o. Caso tenha d\u00favidas, nossa equipe de suporte t\u00e9cnico est\u00e1 pronta para ajud\u00e1-lo.<\/p> <\/div>\r\n\t\t\t\t\t<\/div>\r\n\t\t\t\t<\/div> <\/div><\/div>\n","protected":false},"excerpt":{"rendered":"","protected":false},"author":9,"featured_media":0,"parent":793,"menu_order":0,"comment_status":"closed","ping_status":"closed","template":"templates\/template-application-platform.php","meta":{"publish_to_discourse":"","publish_post_category":"","wpdc_auto_publish_overridden":"","wpdc_topic_tags":"","wpdc_pin_topic":"","wpdc_pin_until":"","discourse_post_id":"","discourse_permalink":"","wpdc_publishing_response":"","wpdc_publishing_error":"","footnotes":""},"class_list":["post-4397","page","type-page","status-publish","hentry"],"yoast_head":"<!-- This site is optimized with the Yoast SEO plugin v25.3.1 - https:\/\/yoast.com\/wordpress\/plugins\/seo\/ -->\n<title>Tabela de pre\u00e7os - Adicionar m\u00f3dulo de pre\u00e7os ao site Drupal<\/title>\n<meta name=\"description\" content=\"Integre o m\u00f3dulo Tabela de Pre\u00e7os para Drupal em apenas 2 minutos. Teste todas as principais caracter\u00edsticas do plugin de melhor pre\u00e7o no editor gratuito.\" \/>\n<meta name=\"robots\" content=\"index, follow, max-snippet:-1, max-image-preview:large, max-video-preview:-1\" \/>\n<link rel=\"canonical\" href=\"https:\/\/elfsight.com\/pt\/pricing-table-plugin\/drupal\/\" \/>\n<meta property=\"og:locale\" content=\"pt_PT\" \/>\n<meta property=\"og:type\" content=\"article\" \/>\n<meta property=\"og:title\" content=\"Tabela de pre\u00e7os - Adicionar m\u00f3dulo de pre\u00e7os ao site Drupal\" \/>\n<meta property=\"og:description\" content=\"Integre o m\u00f3dulo Tabela de Pre\u00e7os para Drupal em apenas 2 minutos. Teste todas as principais caracter\u00edsticas do plugin de melhor pre\u00e7o no editor gratuito.\" \/>\n<meta property=\"og:url\" content=\"https:\/\/elfsight.com\/pt\/pricing-table-plugin\/drupal\/\" \/>\n<meta property=\"og:site_name\" content=\"Elfsight PT\" \/>\n<meta property=\"article:modified_time\" content=\"2025-03-04T11:45:35+00:00\" \/>\n<meta name=\"twitter:card\" content=\"summary_large_image\" \/>\n<meta name=\"twitter:label1\" content=\"Tempo estimado de leitura\" \/>\n\t<meta name=\"twitter:data1\" content=\"4 minutos\" \/>\n<!-- \/ Yoast SEO plugin. -->","yoast_head_json":{"title":"Tabela de pre\u00e7os - Adicionar m\u00f3dulo de pre\u00e7os ao site Drupal","description":"Integre o m\u00f3dulo Tabela de Pre\u00e7os para Drupal em apenas 2 minutos. Teste todas as principais caracter\u00edsticas do plugin de melhor pre\u00e7o no editor gratuito.","robots":{"index":"index","follow":"follow","max-snippet":"max-snippet:-1","max-image-preview":"max-image-preview:large","max-video-preview":"max-video-preview:-1"},"canonical":"https:\/\/elfsight.com\/pt\/pricing-table-plugin\/drupal\/","og_locale":"pt_PT","og_type":"article","og_title":"Tabela de pre\u00e7os - Adicionar m\u00f3dulo de pre\u00e7os ao site Drupal","og_description":"Integre o m\u00f3dulo Tabela de Pre\u00e7os para Drupal em apenas 2 minutos. Teste todas as principais caracter\u00edsticas do plugin de melhor pre\u00e7o no editor gratuito.","og_url":"https:\/\/elfsight.com\/pt\/pricing-table-plugin\/drupal\/","og_site_name":"Elfsight PT","article_modified_time":"2025-03-04T11:45:35+00:00","twitter_card":"summary_large_image","twitter_misc":{"Tempo estimado de leitura":"4 minutos"},"schema":{"@context":"https:\/\/schema.org","@graph":[{"@type":"WebPage","@id":"https:\/\/elfsight.com\/pt\/pricing-table-plugin\/drupal\/","url":"https:\/\/elfsight.com\/pt\/pricing-table-plugin\/drupal\/","name":"Tabela de pre\u00e7os - Adicionar m\u00f3dulo de pre\u00e7os ao site Drupal","isPartOf":{"@id":"https:\/\/elfsight.com\/pt\/#website"},"datePublished":"2024-05-03T06:44:50+00:00","dateModified":"2025-03-04T11:45:35+00:00","description":"Integre o m\u00f3dulo Tabela de Pre\u00e7os para Drupal em apenas 2 minutos. Teste todas as principais caracter\u00edsticas do plugin de melhor pre\u00e7o no editor gratuito.","breadcrumb":{"@id":"https:\/\/elfsight.com\/pt\/pricing-table-plugin\/drupal\/#breadcrumb"},"inLanguage":"pt-PT","potentialAction":[{"@type":"ReadAction","target":["https:\/\/elfsight.com\/pt\/pricing-table-plugin\/drupal\/"]}]},{"@type":"BreadcrumbList","@id":"https:\/\/elfsight.com\/pt\/pricing-table-plugin\/drupal\/#breadcrumb","itemListElement":[{"@type":"ListItem","position":1,"name":"Home","item":"https:\/\/elfsight.com\/pt\/"},{"@type":"ListItem","position":2,"name":"Pricing Table","item":"https:\/\/elfsight.com\/pt\/pricing-table-plugin\/"},{"@type":"ListItem","position":3,"name":"Pricing Table &#8211; Drupal"}]},{"@type":"WebSite","@id":"https:\/\/elfsight.com\/pt\/#website","url":"https:\/\/elfsight.com\/pt\/","name":"Elfsight PT","description":"Just another Elfsight Sites site","potentialAction":[{"@type":"SearchAction","target":{"@type":"EntryPoint","urlTemplate":"https:\/\/elfsight.com\/pt\/?s={search_term_string}"},"query-input":{"@type":"PropertyValueSpecification","valueRequired":true,"valueName":"search_term_string"}}],"inLanguage":"pt-PT"}]}},"meta_box":{"industry":"","seo_heading":"","heading":"","description":"","cta_heading":"","cta_description":"","application":"792","h1":"M\u00f3dulo Tabela de pre\u00e7os para Drupal","h1_caption":"Aumente a convers\u00e3o de seus pre\u00e7os no site em at\u00e9 150%","application_category":[],"applications_title":"","applications_request_title":"","applications_request_button_text":"","hero_text":"","hero_video":"","hero_video_schema_markup":"","selling_points_title":"","selling_points_caption":"","selling_points":[],"selling_points_cta_text":"","features_title":"","features":"","ed_cta_examples_text":"","ed_cta_examples_hidden":"","ed_cta_demo_text":"","ed_cta_demo_hidden":"","why_caption":"","why_editor_title":"","why_editor_text":"","why_team_title":"","why_team_text":"","why_service_title":"","why_service_text":"","template_catalog_visible":"0","template_catalog_title":"","template_catalog_text":"","template_catalog_categories_visible":"","demo_title":"Crie seu m\u00f3dulo Tabela de Pre\u00e7os","demo_caption":"Configure sua Tabela de Pre\u00e7os e adicione-a ao seu site Drupal gratuitamente!","default_faq_hidden":"","app_template_category":[],"platform":"4905","template_public_id":"","codecanyon_url":"","codecanyon_item_id":"","codecanyon_price":"","pricing_caption":"","pricing_elfsight_apps_hide_column":"","pricing_elfsight_apps_url":"","pricing_codecanyon_price_caption":"","integration_category":[],"integration_request_title":"","integration_request_cta":"","integration_platform":"","integrations":[],"platform_category":[],"video_schema_markup":"","price":"a partir de US$ 0\/m\u00eas","trial":"","benefits":[{"text":"Ajuda de instala\u00e7\u00e3o gratuita"},{"text":"Atendimento ao cliente competente"},{"text":"Garantia de reembolso de 14 dias"},{"text":"Atualizando constantemente"}],"button_url":"#demo","button_target_blank":"0","button_nofollow":"0","attributes":[{"name":"Instala\u00e7\u00f5es","content":"10,000 - 100,000","_state":"expanded"},{"name":"Responsivo","content":"Sim","_state":"expanded"},{"name":"Navegadores compat\u00edveis","content":"IE11, Firefox, Safari, Opera, Chrome, Edge"}],"tags":[],"tags_disable_links":"0","hide_more_platforms":"0","video_object":"","demo_hide_cta":"0","demo_hide_cloud_options":"0","pricing_title":"","pricing":[{"pricing_icon":"cloud","pricing_title":"Elfsight Apps","pricing_title_caption":"Solu\u00e7\u00e3o digital multiplataforma","pricing_price":"a partir de US$ 0\/m\u00eas","pricing_price_caption":"comece com plano gratuito","pricing_benefits":[{"text":"Dom\u00ednios ilimitados"},{"text":"Suporte 24 horas por dia, 7 dias por semana"},{"text":"Suporte 24 horas por dia, 7 dias por semana"},{"text":"Pre\u00e7o a ser pago para v\u00e1rios aplicativos"}],"pricing_button_text":"Adicionar ao site","pricing_button_url":"#demo","_state":"expanded"}],"related_apps_title":"","related_apps_hidden":"1","author":"","image":[],"title":"","job":"","social_networks":[]},"_links":{"self":[{"href":"https:\/\/elfsight.com\/pt\/wp-json\/wp\/v2\/pages\/4397","targetHints":{"allow":["GET"]}}],"collection":[{"href":"https:\/\/elfsight.com\/pt\/wp-json\/wp\/v2\/pages"}],"about":[{"href":"https:\/\/elfsight.com\/pt\/wp-json\/wp\/v2\/types\/page"}],"author":[{"embeddable":true,"href":"https:\/\/elfsight.com\/pt\/wp-json\/wp\/v2\/users\/9"}],"replies":[{"embeddable":true,"href":"https:\/\/elfsight.com\/pt\/wp-json\/wp\/v2\/comments?post=4397"}],"version-history":[{"count":3,"href":"https:\/\/elfsight.com\/pt\/wp-json\/wp\/v2\/pages\/4397\/revisions"}],"predecessor-version":[{"id":14316,"href":"https:\/\/elfsight.com\/pt\/wp-json\/wp\/v2\/pages\/4397\/revisions\/14316"}],"up":[{"embeddable":true,"href":"https:\/\/elfsight.com\/pt\/wp-json\/wp\/v2\/pages\/793"}],"wp:attachment":[{"href":"https:\/\/elfsight.com\/pt\/wp-json\/wp\/v2\/media?parent=4397"}],"curies":[{"name":"wp","href":"https:\/\/api.w.org\/{rel}","templated":true}]}}