{"id":4393,"date":"2024-05-03T06:42:50","date_gmt":"2024-05-03T06:42:50","guid":{"rendered":"https:\/\/elfsight.com\/pt\/?page_id=4393"},"modified":"2024-11-13T11:42:13","modified_gmt":"2024-11-13T11:42:13","slug":"blogger","status":"publish","type":"page","link":"https:\/\/elfsight.com\/pt\/photo-gallery-widget\/blogger\/","title":{"rendered":"Photo Gallery &#8211; Blogger"},"content":{"rendered":"<div class=\"application-platform-content-item-description application-platform-content-item\" id=\"description\" data-nav-section=\"description\"><h2>Descri\u00e7\u00e3o<\/h2> <p>A Galeria Elfsight \u00e9 a sua melhor forma de mostrar as suas fotos ou criar \u00e1lbuns brilhantes no seu site. Fa\u00e7a upload de qualquer quantidade de fotos, adicione legendas e encontre a maneira ideal de coloc\u00e1-las na p\u00e1gina. O widget Elfsight apresenta 6 op\u00e7\u00f5es de layout e v\u00e1rias outras fun\u00e7\u00f5es de design. Cada foto abre em um pop-up, os visitantes podem navegar por elas ou ativar uma apresenta\u00e7\u00e3o de slides, aplicar zoom e ver as fotos em tela inteira. Voc\u00ea pode escolher suas cores favoritas para os elementos do widget e fazer upload de um plano de fundo personalizado, aplicar op\u00e7\u00f5es de texto e mais oportunidades de estilo. <\/p> <p><b>Inspire seus clientes com galerias de fotos tentadoras! <\/b><\/p> <\/div><div class=\"faq\" data-component=\"FAQ\"><div class=\"faq-item\">\r\n\t\t\t\t\t<div class=\"faq-item-question\">\r\n\t\t\t\t\t\t<h3 class=\"faq-item-question-text\">Como posso incorporar uma galeria de fotos ao site do Blogger? <\/h3>\r\n\r\n\t\t\t\t\t\t<div class=\"faq-item-question-icon\"><\/div>\r\n\t\t\t\t\t<\/div>\r\n\r\n\t\t\t\t\t<div class=\"faq-item-answer\">\r\n\t\t\t\t\t\t<div class=\"faq-item-answer-text\"><p>A base da ferramenta ocorre nas p\u00e1ginas da Elfsight e voc\u00ea n\u00e3o precisa codificar. Acesse nossa demonstra\u00e7\u00e3o online para personalizar seu pr\u00f3prio aplicativo, pegue o c\u00f3digo e cole-o em seu site. <\/p><\/div>\r\n\t\t\t\t\t<\/div>\r\n\t\t\t\t<\/div><div class=\"faq-item\">\r\n\t\t\t\t\t<div class=\"faq-item-question\">\r\n\t\t\t\t\t\t<h3 class=\"faq-item-question-text\">As melhores maneiras de usar a integra\u00e7\u00e3o da galeria de imagens<\/h3>\r\n\r\n\t\t\t\t\t\t<div class=\"faq-item-question-icon\"><\/div>\r\n\t\t\t\t\t<\/div>\r\n\r\n\t\t\t\t\t<div class=\"faq-item-answer\">\r\n\t\t\t\t\t\t<div class=\"faq-item-answer-text\"><p>Forneceremos muitas oportunidades de personaliza\u00e7\u00e3o: widgets em grande escala para incorporar no \u00e1rea de conte\u00fado, widgets flutuantes com oportunidades de rolagem, layouts para o rodap\u00e9 do seu site, se\u00e7\u00e3o principal e todas as varia\u00e7\u00f5es de oportunidades verticais para barras laterais e menus do site. <\/p><\/div>\r\n\t\t\t\t\t<\/div>\r\n\t\t\t\t<\/div><div class=\"faq-item\">\r\n\t\t\t\t\t<div class=\"faq-item-question\">\r\n\t\t\t\t\t\t<h3 class=\"faq-item-question-text\">Posso criar uma sess\u00e3o de fotos ou uma galeria de fotos do vendedor de produtos com a ajuda do editor? <\/h3>\r\n\r\n\t\t\t\t\t\t<div class=\"faq-item-question-icon\"><\/div>\r\n\t\t\t\t\t<\/div>\r\n\r\n\t\t\t\t\t<div class=\"faq-item-answer\">\r\n\t\t\t\t\t\t<div class=\"faq-item-answer-text\"><p>Voc\u00ea pode criar varia\u00e7\u00f5es de qualquer widget. H\u00e1 uma infinidade de layouts \u00e0 sua disposi\u00e7\u00e3o no editor, e todos eles podem ser facilmente ajustados da maneira que voc\u00ea precisar. <\/p><\/div>\r\n\t\t\t\t\t<\/div>\r\n\t\t\t\t<\/div><\/div><div class=\"application-platform-content-item-features application-platform-content-item\" id=\"features\" data-nav-section=\"features\"><h2>Recursos<\/h2> <p>Aqui est\u00e1 uma lista de todos os recursos da Galeria de fotos do Blogger. Voc\u00ea pode configur\u00e1-los diretamente no editor e eles o ajudar\u00e3o a configurar o widget especialmente para o seu caso de uso. <\/p> <ul> <li>Use CTAs para orientar os visitantes do site em dire\u00e7\u00e3o ao seu objetivo. <\/li> <li>Ajuste a dura\u00e7\u00e3o da mudan\u00e7a de slide. <\/li> <li>Escolha entre diversas op\u00e7\u00f5es de pagina\u00e7\u00e3o. <\/li> <li>Coloque sua mensagem em qualquer lugar da p\u00e1gina por meio de posi\u00e7\u00e3o avan\u00e7ada. <\/li> <li>Adapte 5 elementos de conte\u00fado. <\/li> <\/ul> <p><a href=\"#demo\">Experimente todas as outras fun\u00e7\u00f5es da demonstra\u00e7\u00e3o<\/a><\/p> <\/div><div class=\"application-platform-content-item-installation application-platform-content-item\" id=\"installation\" data-nav-section=\"installation\"><h2> Como adicionar uma galeria de fotos no meu site do Blogger?<\/h2> <div class=\"video-container\"><iframe width=\"720\" height=\"405\" src=\"https:\/\/www.youtube.com\/embed\/MknexCj-n7M\" frameborder=\"0\" allowfullscreen=\"\"><\/iframe><\/div><p>Para integrar o widget, basta seguir as etapas r\u00e1pidas a seguir. <\/p> <ol><li><b>Crie seu widget de Galeria personalizado<\/b><br> Em nosso configurador gratuito, gere um plugin com interface e funcionalidade preferidas. <\/li> <li><b>Obtenha o c\u00f3digo pessoal para configurar o widget<\/b><br> Depois de configurar o seu plugin, voc\u00ea receber\u00e1 seu c\u00f3digo pessoal na janela que aparece nos aplicativos Elfsight. Copie o c\u00f3digo. <\/li> <li><b>Exiba o widget no seu site do Blogger<\/b><br> V\u00e1 para a \u00e1rea onde deseja incorporar o plugin e insira o c\u00f3digo copiado l\u00e1. Salve as edi\u00e7\u00f5es.<\/li> <li><b>A integra\u00e7\u00e3o foi bem-sucedida!<\/b><br> Visite o site para visualizar seu widget.<\/li> <\/ol> <p>Reserve um minuto para dirija-se ao servi\u00e7o de suporte da Elfsight quando precisar de assist\u00eancia ou tiver algo a perguntar. Nossos especialistas ajudar\u00e3o em todas as d\u00favidas.<\/p> <\/div>","protected":false},"excerpt":{"rendered":"","protected":false},"author":9,"featured_media":0,"parent":965,"menu_order":0,"comment_status":"closed","ping_status":"closed","template":"templates\/template-application-platform.php","meta":{"publish_to_discourse":"","publish_post_category":"","wpdc_auto_publish_overridden":"","wpdc_topic_tags":"","wpdc_pin_topic":"","wpdc_pin_until":"","discourse_post_id":"","discourse_permalink":"","wpdc_publishing_response":"","wpdc_publishing_error":"","footnotes":""},"class_list":["post-4393","page","type-page","status-publish","hentry"],"yoast_head":"<!-- This site is optimized with the Yoast SEO plugin v25.3.1 - https:\/\/yoast.com\/wordpress\/plugins\/seo\/ -->\n<title>Galeria de fotos - Adicionar widget de galeria de fotos ao Blogger [2025]<\/title>\n<meta name=\"description\" content=\"Experimente gratuitamente a melhor galeria de fotos do Blogger. Escolha o modelo de Galeria de Fotos do Blogger e integre-o sem habilidades de desenvolvimento.\" \/>\n<meta name=\"robots\" content=\"index, follow, max-snippet:-1, max-image-preview:large, max-video-preview:-1\" \/>\n<link rel=\"canonical\" href=\"https:\/\/elfsight.com\/pt\/photo-gallery-widget\/blogger\/\" \/>\n<meta property=\"og:locale\" content=\"pt_PT\" \/>\n<meta property=\"og:type\" content=\"article\" \/>\n<meta property=\"og:title\" content=\"Galeria de fotos - Adicionar widget de galeria de fotos ao Blogger [2025]\" \/>\n<meta property=\"og:description\" content=\"Experimente gratuitamente a melhor galeria de fotos do Blogger. Escolha o modelo de Galeria de Fotos do Blogger e integre-o sem habilidades de desenvolvimento.\" \/>\n<meta property=\"og:url\" content=\"https:\/\/elfsight.com\/pt\/photo-gallery-widget\/blogger\/\" \/>\n<meta property=\"og:site_name\" content=\"Elfsight PT\" \/>\n<meta property=\"article:modified_time\" content=\"2024-11-13T11:42:13+00:00\" \/>\n<meta name=\"twitter:card\" content=\"summary_large_image\" \/>\n<meta name=\"twitter:label1\" content=\"Tempo estimado de leitura\" \/>\n\t<meta name=\"twitter:data1\" content=\"2 minutos\" \/>\n<!-- \/ Yoast SEO plugin. -->","yoast_head_json":{"title":"Galeria de fotos - Adicionar widget de galeria de fotos ao Blogger [2025]","description":"Experimente gratuitamente a melhor galeria de fotos do Blogger. Escolha o modelo de Galeria de Fotos do Blogger e integre-o sem habilidades de desenvolvimento.","robots":{"index":"index","follow":"follow","max-snippet":"max-snippet:-1","max-image-preview":"max-image-preview:large","max-video-preview":"max-video-preview:-1"},"canonical":"https:\/\/elfsight.com\/pt\/photo-gallery-widget\/blogger\/","og_locale":"pt_PT","og_type":"article","og_title":"Galeria de fotos - Adicionar widget de galeria de fotos ao Blogger [2025]","og_description":"Experimente gratuitamente a melhor galeria de fotos do Blogger. Escolha o modelo de Galeria de Fotos do Blogger e integre-o sem habilidades de desenvolvimento.","og_url":"https:\/\/elfsight.com\/pt\/photo-gallery-widget\/blogger\/","og_site_name":"Elfsight PT","article_modified_time":"2024-11-13T11:42:13+00:00","twitter_card":"summary_large_image","twitter_misc":{"Tempo estimado de leitura":"2 minutos"},"schema":{"@context":"https:\/\/schema.org","@graph":[{"@type":"WebPage","@id":"https:\/\/elfsight.com\/pt\/photo-gallery-widget\/blogger\/","url":"https:\/\/elfsight.com\/pt\/photo-gallery-widget\/blogger\/","name":"Galeria de fotos - Adicionar widget de galeria de fotos ao Blogger [2025]","isPartOf":{"@id":"https:\/\/elfsight.com\/pt\/#website"},"datePublished":"2024-05-03T06:42:50+00:00","dateModified":"2024-11-13T11:42:13+00:00","description":"Experimente gratuitamente a melhor galeria de fotos do Blogger. Escolha o modelo de Galeria de Fotos do Blogger e integre-o sem habilidades de desenvolvimento.","breadcrumb":{"@id":"https:\/\/elfsight.com\/pt\/photo-gallery-widget\/blogger\/#breadcrumb"},"inLanguage":"pt-PT","potentialAction":[{"@type":"ReadAction","target":["https:\/\/elfsight.com\/pt\/photo-gallery-widget\/blogger\/"]}]},{"@type":"BreadcrumbList","@id":"https:\/\/elfsight.com\/pt\/photo-gallery-widget\/blogger\/#breadcrumb","itemListElement":[{"@type":"ListItem","position":1,"name":"Home","item":"https:\/\/elfsight.com\/pt\/"},{"@type":"ListItem","position":2,"name":"Photo Gallery","item":"https:\/\/elfsight.com\/pt\/photo-gallery-widget\/"},{"@type":"ListItem","position":3,"name":"Photo Gallery &#8211; Blogger"}]},{"@type":"WebSite","@id":"https:\/\/elfsight.com\/pt\/#website","url":"https:\/\/elfsight.com\/pt\/","name":"Elfsight PT","description":"Just another Elfsight Sites site","potentialAction":[{"@type":"SearchAction","target":{"@type":"EntryPoint","urlTemplate":"https:\/\/elfsight.com\/pt\/?s={search_term_string}"},"query-input":{"@type":"PropertyValueSpecification","valueRequired":true,"valueName":"search_term_string"}}],"inLanguage":"pt-PT"}]}},"meta_box":{"industry":"","seo_heading":"","heading":"","description":"","cta_heading":"","cta_description":"","application":"964","h1":"Widget Galeria de fotos do Blogger","h1_caption":"Colete suas fotos surpreendentes no site","application_category":[],"applications_title":"","applications_request_title":"","applications_request_button_text":"","hero_text":"","hero_video":"","hero_video_schema_markup":"","selling_points_title":"","selling_points_caption":"","selling_points":[],"selling_points_cta_text":"","features_title":"","features":"","ed_cta_examples_text":"","ed_cta_examples_hidden":"","ed_cta_demo_text":"","ed_cta_demo_hidden":"","why_caption":"","why_editor_title":"","why_editor_text":"","why_team_title":"","why_team_text":"","why_service_title":"","why_service_text":"","template_catalog_visible":"","template_catalog_title":"","template_catalog_text":"","template_catalog_categories_visible":"","demo_title":"Crie seu widget de Galeria de Fotos","demo_caption":"Configure sua Galeria de Fotos e adicione-a ao site do Blogger gratuitamente!","default_faq_hidden":"","app_template_category":[],"platform":"46","template_public_id":"","codecanyon_url":"","codecanyon_item_id":"","codecanyon_price":"","pricing_caption":"","pricing_elfsight_apps_hide_column":"","pricing_elfsight_apps_url":"","pricing_codecanyon_price_caption":"","integration_category":[],"integration_request_title":"","integration_request_cta":"","integration_platform":"","integrations":[],"platform_category":[],"video_schema_markup":"","price":"a partir de US$ 0\/m\u00eas","trial":"","benefits":[{"text":"Ajuda de instala\u00e7\u00e3o gratuita"},{"text":"Suporte ao cliente experiente"},{"text":"Garantia de devolu\u00e7\u00e3o do dinheiro em 14 dias"},{"text":"Atualiza\u00e7\u00f5es regulares"}],"button_url":"#demo","button_target_blank":"0","button_nofollow":"0","attributes":[{"name":"Instala\u00e7\u00f5es","content":"10,000 - 100,000","_state":"expanded"},{"name":"Responsivo","content":"Sim","_state":"expanded"},{"name":"Navegadores compat\u00edveis","content":"Firefox, Safari, Opera, Chrome, Edge"}],"tags":[],"tags_disable_links":"0","hide_more_platforms":"","video_object":"","demo_hide_cta":"0","demo_hide_cloud_options":"0","pricing_title":"","pricing":[{"pricing_icon":"platform","pricing_title":"Elfsight Apps","pricing_title_caption":"Vers\u00e3o multiplataforma adequada para qualquer site","pricing_price":"a partir de US$ 0\/m\u00eas","pricing_price_caption":"comece com um plano gratuito","pricing_benefits":[{"text":"Dom\u00ednios ilimitados"},{"text":"Suporte r\u00e1pido e pontual"},{"text":"Suporte r\u00e1pido e pontual"},{"text":"Totalmente personaliz\u00e1vel"}],"pricing_button_text":"Adicionar ao site","pricing_button_url":"#demo","_state":"expanded"}],"related_apps_title":"","related_apps_hidden":"1","author":"","image":[],"title":"","job":"","social_networks":[]},"_links":{"self":[{"href":"https:\/\/elfsight.com\/pt\/wp-json\/wp\/v2\/pages\/4393","targetHints":{"allow":["GET"]}}],"collection":[{"href":"https:\/\/elfsight.com\/pt\/wp-json\/wp\/v2\/pages"}],"about":[{"href":"https:\/\/elfsight.com\/pt\/wp-json\/wp\/v2\/types\/page"}],"author":[{"embeddable":true,"href":"https:\/\/elfsight.com\/pt\/wp-json\/wp\/v2\/users\/9"}],"replies":[{"embeddable":true,"href":"https:\/\/elfsight.com\/pt\/wp-json\/wp\/v2\/comments?post=4393"}],"version-history":[{"count":2,"href":"https:\/\/elfsight.com\/pt\/wp-json\/wp\/v2\/pages\/4393\/revisions"}],"predecessor-version":[{"id":12055,"href":"https:\/\/elfsight.com\/pt\/wp-json\/wp\/v2\/pages\/4393\/revisions\/12055"}],"up":[{"embeddable":true,"href":"https:\/\/elfsight.com\/pt\/wp-json\/wp\/v2\/pages\/965"}],"wp:attachment":[{"href":"https:\/\/elfsight.com\/pt\/wp-json\/wp\/v2\/media?parent=4393"}],"curies":[{"name":"wp","href":"https:\/\/api.w.org\/{rel}","templated":true}]}}