{"id":4392,"date":"1970-01-01T00:00:00","date_gmt":"1970-01-01T00:00:00","guid":{"rendered":"https:\/\/elfsight.com\/pt\/?page_id=4392"},"modified":"2025-01-31T09:05:55","modified_gmt":"2025-01-31T09:05:55","slug":"blogger","status":"publish","type":"page","link":"https:\/\/elfsight.com\/pt\/popup-widget\/blogger\/","title":{"rendered":"Popup &#8211; Blogger"},"content":{"rendered":"\n<div class=\"application-platform-content-item-description application-platform-content-item\" id=\"description\" data-nav-section=\"description\"> <h2>Descri\u00e7\u00e3o<\/h2> <p>Usando a ferramenta Pop up da Elfsight, todos t\u00eam a oportunidade de criar seus pop-ups personalizados de todos os tipos e apresent\u00e1-los em seu site. Configure seu pop-up, adicionando uma variedade de componentes inclu\u00eddos. Varie o layout e a composi\u00e7\u00e3o; atribua gatilhos de pop-up e determine o tempo para maximizar a efic\u00e1cia do pop-up. Os pop-ups permitir\u00e3o que os usu\u00e1rios criem uma assinatura no Blogger, explorem seus produtos e servi\u00e7os, copiem seus cupons, participem de vendas e ofertas especiais, sejam notificados sobre ocasi\u00f5es importantes em seu site e muito mais. <\/p> <p><b>Os pop-ups permitir\u00e3o que voc\u00ea venda mais rapidamente, promova seus eventos planejados, obtenha impress\u00f5es e leads e muito mais.<\/b><\/p> <\/div><div class=\"application-platform-content-item- features application-platform-content-item\" id=\" features\" data-nav-section=\" features\"> <h2>Principais caracter\u00edsticas do widget Popup<\/h2> <p>Aqui est\u00e1 uma lista de todas as fun\u00e7\u00f5es do nosso widget. Eles est\u00e3o dispon\u00edveis diretamente no editor e ajudar\u00e3o voc\u00ea a criar o widget adequado ao seu caso de uso.<\/p> <ul><li>12 elementos diferentes para construir um pop-up<\/li> <li>Cinco layouts de pop-up prontos para v\u00e1rios casos<\/li> <li>Adicionar bot\u00f5es para redirecionar os usu\u00e1rios para qualquer p\u00e1gina<\/li> <li>Fazer upload de uma imagem para o plano de fundo<\/li> <li>O pop-up pode ocorrer ap\u00f3s um tempo espec\u00edfico gasto pelo usu\u00e1rio ou porcentagem de rolagem na p\u00e1gina do Blogger<\/li> <li>Acionamento de pop-up clicando no elemento selecionado ou rolando para baixo at\u00e9 ele<\/li> <\/ul> <p><a href=\"#demo\">Voc\u00ea pode testar todos os widgets caracter\u00edsticas funcionais diretamente na demonstra\u00e7\u00e3o<\/a><\/p> <\/div><div class=\"application-platform-content-item-installation application-platform-content-item\" id=\"installation\" data-nav-section=\"installation\"><h2>Como adicionar um widget pop-up a um site do Blogger?<\/h2> <div class=\"video -container\"><iframe width=\"720\" height=\"405\" src=\"https:\/\/www.youtube.com\/embed\/0_KjGHzXocI\" frameborder=\"0\" allowfullscreen=\"\"><\/iframe><\/div><p>Para apresentar o widget, siga as orienta\u00e7\u00f5es abaixo:<\/p> <ol><li><b>Gere seu plugin Popup personalizado<\/b><br> Em nosso configurador gratuito, crie um plugin do Blogger com um composi\u00e7\u00e3o e fun\u00e7\u00f5es preferidas.<\/li><li><b>Receba o c\u00f3digo pessoal para incorporar o plugin<\/b><br> Depois de gerar o seu widget, voc\u00ea obter\u00e1 o c\u00f3digo individual na notifica\u00e7\u00e3o pop-up na Elfsight Aplicativos. Copie o c\u00f3digo da caixa pop-up para o Blogger us\u00e1-la posteriormente. <\/li> <li><b>Adicione o plugin ao seu site do Blogger<\/b><br> Selecione a \u00e1rea onde deseja revelar o plugin e adicione o c\u00f3digo salvo l\u00e1. Salve os resultados. <\/li> <li><b>Parab\u00e9ns! Voc\u00ea acabou de incorporar o widget!<\/b><br> Acesse o site do Blogger para verificar seu pop-up.<\/li> <\/ol><p>N\u00e3o hesite em entrar em contato com nossa equipe de suporte ao cliente caso voc\u00ea precisar de ajuda ou tiver problemas para instalar o widget no Blogger. Teremos todo o prazer em ajudar com cada pedido.<\/p> \n<div class=\"faq\" data-component=\"FAQ\"> \n<div class=\"faq-item\">\r\n\t\t\t\t\t<div class=\"faq-item-question\">\r\n\t\t\t\t\t\t<h3 class=\"faq-item-question-text\">Como posso adicionar um Popup ao meu site no Blogger?<\/h3>\r\n\r\n\t\t\t\t\t\t<div class=\"faq-item-question-icon\"><\/div>\r\n\t\t\t\t\t<\/div>\r\n\r\n\t\t\t\t\t<div class=\"faq-item-answer\">\r\n\t\t\t\t\t\t<div class=\"faq-item-answer-text\">\n<p>Para adicionar um popup ao seu site no Blogger, use o editor Elfsight para criar seu widget. N\u00e3o \u00e9 necess\u00e1rio ter habilidades de codifica\u00e7\u00e3o, pois o criador de popups tem uma interface f\u00e1cil de usar, permitindo que qualquer pessoa construa e personalize a notifica\u00e7\u00e3o popup. Basta copiar o script HTML gerado e inseri-lo no CMS do seu Blogger.<\/p>\n<\/div>\r\n\t\t\t\t\t<\/div>\r\n\t\t\t\t<\/div>\n\n<div class=\"faq-item\">\r\n\t\t\t\t\t<div class=\"faq-item-question\">\r\n\t\t\t\t\t\t<h3 class=\"faq-item-question-text\">O criador de popups \u00e9 gratuito?<\/h3>\r\n\r\n\t\t\t\t\t\t<div class=\"faq-item-question-icon\"><\/div>\r\n\t\t\t\t\t<\/div>\r\n\r\n\t\t\t\t\t<div class=\"faq-item-answer\">\r\n\t\t\t\t\t\t<div class=\"faq-item-answer-text\">\n<p>Sim, o criador de popups para Blogger est\u00e1 dispon\u00edvel gratuitamente, permitindo que usu\u00e1rios com poucos recursos aproveitem essa ferramenta valiosa. Tamb\u00e9m existem planos pagos que oferecem funcionalidades extras.<\/p>\n<\/div>\r\n\t\t\t\t\t<\/div>\r\n\t\t\t\t<\/div>\n\n<div class=\"faq-item\">\r\n\t\t\t\t\t<div class=\"faq-item-question\">\r\n\t\t\t\t\t\t<h3 class=\"faq-item-question-text\">Qual \u00e9 o melhor lugar para adicionar o banner pop-up no meu site?<\/h3>\r\n\r\n\t\t\t\t\t\t<div class=\"faq-item-question-icon\"><\/div>\r\n\t\t\t\t\t<\/div>\r\n\r\n\t\t\t\t\t<div class=\"faq-item-answer\">\r\n\t\t\t\t\t\t<div class=\"faq-item-answer-text\">\n<p>Com nosso criador de popups, voc\u00ea pode criar:\n<ul>\n <li>Widget de popup em tela cheia para chamar a aten\u00e7\u00e3o imediata do seu p\u00fablico;<\/li>\n <li>Popup flutuante para engajar os clientes enquanto navegam pelo seu site;<\/li> \n<li>Widget no rodap\u00e9, cabe\u00e7alho e barra lateral para manter sua mensagem vis\u00edvel sem interromper a experi\u00eancia do usu\u00e1rio.<\/li> \n<\/ul>\n <p>Esses posicionamentos din\u00e2micos permitem uma coloca\u00e7\u00e3o eficaz, garantindo que seus banners pop-ups chamem a aten\u00e7\u00e3o e aumentem o engajamento.<\/p>\n<\/div>\r\n\t\t\t\t\t<\/div>\r\n\t\t\t\t<\/div>\n\n<div class=\"faq-item\">\r\n\t\t\t\t\t<div class=\"faq-item-question\">\r\n\t\t\t\t\t\t<h3 class=\"faq-item-question-text\">Quais tipos de widgets de popup no Blogger posso criar com o Elfsight?<\/h3>\r\n\r\n\t\t\t\t\t\t<div class=\"faq-item-question-icon\"><\/div>\r\n\t\t\t\t\t<\/div>\r\n\r\n\t\t\t\t\t<div class=\"faq-item-answer\">\r\n\t\t\t\t\t\t<div class=\"faq-item-answer-text\">\n<p>Voc\u00ea pode criar uma variedade de popups personalizados para diferentes finalidades.<\/p>\n<p>Por exemplo, voc\u00ea pode criar um popup de inscri\u00e7\u00e3o na newsletter para incentivar os clientes a se inscreverem na sua lista de e-mails, um popup de promo\u00e7\u00e3o para gerar receita oferecendo ofertas por tempo limitado, ou um popup de desconto para destacar vendas rel\u00e2mpago e motivar compras.<\/p>\n<p>No total, mais de <a href=\"https:\/\/elfsight.com\/popup-widget\/templates\/\" target=\"_blank\" rel=\"noopener\">100+ modelos de popups<\/a> est\u00e3o dispon\u00edveis, permitindo que voc\u00ea encontre facilmente o design ideal para suas necessidades.<\/p>\n<\/div>\r\n\t\t\t\t\t<\/div>\r\n\t\t\t\t<\/div>\n\n<div class=\"faq-item\">\r\n\t\t\t\t\t<div class=\"faq-item-question\">\r\n\t\t\t\t\t\t<h3 class=\"faq-item-question-text\">Quais s\u00e3o os gatilhos dispon\u00edveis para abrir o popup?<\/h3>\r\n\r\n\t\t\t\t\t\t<div class=\"faq-item-question-icon\"><\/div>\r\n\t\t\t\t\t<\/div>\r\n\r\n\t\t\t\t\t<div class=\"faq-item-answer\">\r\n\t\t\t\t\t\t<div class=\"faq-item-answer-text\">\n<p>Com o widget de popup do Elfsight, voc\u00ea tem v\u00e1rios gatilhos dispon\u00edveis para controlar quando sua notifica\u00e7\u00e3o ser\u00e1 exibida. Voc\u00ea pode configur\u00e1-lo para exibir ao carregar a p\u00e1gina, ap\u00f3s um tempo espec\u00edfico gasto no site, ou quando um cliente rolar uma certa quantidade para baixo na p\u00e1gina.<\/p>\n<p>Al\u00e9m disso, os popups podem ser ativados por clique, quando a pessoa pretende sair do site, ou por meio de um bot\u00e3o CTA para ativar o popup manualmente. Esses gatilhos adapt\u00e1veis ajudam a personalizar o lan\u00e7amento do widget para maximizar o engajamento.<\/p>\n<\/div>\r\n\t\t\t\t\t<\/div>\r\n\t\t\t\t<\/div>\n<\/div>\n<\/div>\n","protected":false},"excerpt":{"rendered":"","protected":false},"author":9,"featured_media":0,"parent":542,"menu_order":0,"comment_status":"closed","ping_status":"closed","template":"templates\/template-application-platform.php","meta":{"publish_to_discourse":"","publish_post_category":"","wpdc_auto_publish_overridden":"","wpdc_topic_tags":"","wpdc_pin_topic":"","wpdc_pin_until":"","discourse_post_id":"","discourse_permalink":"","wpdc_publishing_response":"","wpdc_publishing_error":"","footnotes":""},"class_list":["post-4392","page","type-page","status-publish","hentry"],"yoast_head":"<!-- This site is optimized with the Yoast SEO plugin v25.3.1 - https:\/\/yoast.com\/wordpress\/plugins\/seo\/ -->\n<title>Adicionar um widget pop-up a um site do Blogger<\/title>\n<meta name=\"description\" content=\"Crie um pop-up no Blogger sem codifica\u00e7\u00e3o!\" \/>\n<meta name=\"robots\" content=\"index, follow, max-snippet:-1, max-image-preview:large, max-video-preview:-1\" \/>\n<link rel=\"canonical\" href=\"https:\/\/elfsight.com\/pt\/popup-widget\/blogger\/\" \/>\n<meta property=\"og:locale\" content=\"pt_PT\" \/>\n<meta property=\"og:type\" content=\"article\" \/>\n<meta property=\"og:title\" content=\"Adicionar um widget pop-up a um site do Blogger\" \/>\n<meta property=\"og:description\" content=\"Crie um pop-up no Blogger sem codifica\u00e7\u00e3o!\" \/>\n<meta property=\"og:url\" content=\"https:\/\/elfsight.com\/pt\/popup-widget\/blogger\/\" \/>\n<meta property=\"og:site_name\" content=\"Elfsight PT\" \/>\n<meta property=\"article:modified_time\" content=\"2025-01-31T09:05:55+00:00\" \/>\n<meta name=\"twitter:card\" content=\"summary_large_image\" \/>\n<meta name=\"twitter:label1\" content=\"Tempo estimado de leitura\" \/>\n\t<meta name=\"twitter:data1\" content=\"5 minutos\" \/>\n<!-- \/ Yoast SEO plugin. -->","yoast_head_json":{"title":"Adicionar um widget pop-up a um site do Blogger","description":"Crie um pop-up no Blogger sem codifica\u00e7\u00e3o!","robots":{"index":"index","follow":"follow","max-snippet":"max-snippet:-1","max-image-preview":"max-image-preview:large","max-video-preview":"max-video-preview:-1"},"canonical":"https:\/\/elfsight.com\/pt\/popup-widget\/blogger\/","og_locale":"pt_PT","og_type":"article","og_title":"Adicionar um widget pop-up a um site do Blogger","og_description":"Crie um pop-up no Blogger sem codifica\u00e7\u00e3o!","og_url":"https:\/\/elfsight.com\/pt\/popup-widget\/blogger\/","og_site_name":"Elfsight PT","article_modified_time":"2025-01-31T09:05:55+00:00","twitter_card":"summary_large_image","twitter_misc":{"Tempo estimado de leitura":"5 minutos"},"schema":{"@context":"https:\/\/schema.org","@graph":[{"@type":"WebPage","@id":"https:\/\/elfsight.com\/pt\/popup-widget\/blogger\/","url":"https:\/\/elfsight.com\/pt\/popup-widget\/blogger\/","name":"Adicionar um widget pop-up a um site do Blogger","isPartOf":{"@id":"https:\/\/elfsight.com\/pt\/#website"},"datePublished":"1970-01-01T00:00:00+00:00","dateModified":"2025-01-31T09:05:55+00:00","description":"Crie um pop-up no Blogger sem codifica\u00e7\u00e3o!","breadcrumb":{"@id":"https:\/\/elfsight.com\/pt\/popup-widget\/blogger\/#breadcrumb"},"inLanguage":"pt-PT","potentialAction":[{"@type":"ReadAction","target":["https:\/\/elfsight.com\/pt\/popup-widget\/blogger\/"]}]},{"@type":"BreadcrumbList","@id":"https:\/\/elfsight.com\/pt\/popup-widget\/blogger\/#breadcrumb","itemListElement":[{"@type":"ListItem","position":1,"name":"Home","item":"https:\/\/elfsight.com\/pt\/"},{"@type":"ListItem","position":2,"name":"Popup","item":"https:\/\/elfsight.com\/pt\/popup-widget\/"},{"@type":"ListItem","position":3,"name":"Popup &#8211; Blogger"}]},{"@type":"WebSite","@id":"https:\/\/elfsight.com\/pt\/#website","url":"https:\/\/elfsight.com\/pt\/","name":"Elfsight PT","description":"Just another Elfsight Sites site","potentialAction":[{"@type":"SearchAction","target":{"@type":"EntryPoint","urlTemplate":"https:\/\/elfsight.com\/pt\/?s={search_term_string}"},"query-input":{"@type":"PropertyValueSpecification","valueRequired":true,"valueName":"search_term_string"}}],"inLanguage":"pt-PT"}]}},"meta_box":{"industry":"","seo_heading":"","heading":"","description":"","cta_heading":"","cta_description":"","application":"541","h1":"Widget pop-up do Blogger","h1_caption":"Crie uma variedade de pop-ups para anunciar descontos e aumentar as vendas","application_category":[],"applications_title":"","applications_request_title":"","applications_request_button_text":"","hero_text":"","hero_video":"","hero_video_schema_markup":"","selling_points_title":"","selling_points_caption":"","selling_points":[],"selling_points_cta_text":"","features_title":"","features":"","ed_cta_examples_text":"","ed_cta_examples_hidden":"","ed_cta_demo_text":"","ed_cta_demo_hidden":"","why_caption":"","why_editor_title":"","why_editor_text":"","why_team_title":"","why_team_text":"","why_service_title":"","why_service_text":"","template_catalog_visible":"0","template_catalog_title":"","template_catalog_text":"","template_catalog_categories_visible":"","demo_title":"Crie seu widget pop-up","demo_caption":"Configure seu Popup e adicione-o ao site do Blogger gratuitamente!","default_faq_hidden":"","app_template_category":[],"platform":"46","template_public_id":"","codecanyon_url":"","codecanyon_item_id":"","codecanyon_price":"","pricing_caption":"","pricing_elfsight_apps_hide_column":"","pricing_elfsight_apps_url":"","pricing_codecanyon_price_caption":"","integration_category":[],"integration_request_title":"","integration_request_cta":"","integration_platform":"","integrations":[],"platform_category":[],"video_schema_markup":"","price":"a partir de US$ 0\/m\u00eas","trial":"","benefits":[{"text":"Servi\u00e7o de instala\u00e7\u00e3o gratuito"},{"text":"Atendimento ao cliente competente"},{"text":"Garantia de devolu\u00e7\u00e3o do dinheiro em 14 dias"},{"text":"Atualiza\u00e7\u00f5es futuras"}],"button_url":"#demo","button_target_blank":"0","button_nofollow":"0","attributes":[{"name":"Instala\u00e7\u00f5es","content":"100,000 - 500,000","_state":"expanded"},{"name":"Responsivo","content":"Sim","_state":"expanded"},{"name":"Navegadores compat\u00edveis","content":"Firefox, Safari, Opera, Chrome, Edge"}],"tags":[],"tags_disable_links":"0","hide_more_platforms":"","video_object":"","demo_hide_cta":"0","demo_hide_cloud_options":"0","pricing_title":"","pricing":[{"pricing_icon":"platform","pricing_title":"Elfsight Apps","pricing_title_caption":"Solu\u00e7\u00e3o digital multiplataforma que se adapta a qualquer site","pricing_price":"a partir de US$ 0\/m\u00eas","pricing_price_caption":"comece com um plano gratuito","pricing_benefits":[{"text":"Sites ilimitados"},{"text":"Suporte 24 horas por dia, 7 dias por semana"},{"text":"Suporte 24 horas por dia, 7 dias por semana"},{"text":"Design flex\u00edvel"}],"pricing_button_text":"Adicionar ao site","pricing_button_url":"#demo","_state":"expanded"}],"related_apps_title":"","related_apps_hidden":"1","author":"","image":[],"title":"","job":"","social_networks":[]},"_links":{"self":[{"href":"https:\/\/elfsight.com\/pt\/wp-json\/wp\/v2\/pages\/4392","targetHints":{"allow":["GET"]}}],"collection":[{"href":"https:\/\/elfsight.com\/pt\/wp-json\/wp\/v2\/pages"}],"about":[{"href":"https:\/\/elfsight.com\/pt\/wp-json\/wp\/v2\/types\/page"}],"author":[{"embeddable":true,"href":"https:\/\/elfsight.com\/pt\/wp-json\/wp\/v2\/users\/9"}],"replies":[{"embeddable":true,"href":"https:\/\/elfsight.com\/pt\/wp-json\/wp\/v2\/comments?post=4392"}],"version-history":[{"count":3,"href":"https:\/\/elfsight.com\/pt\/wp-json\/wp\/v2\/pages\/4392\/revisions"}],"predecessor-version":[{"id":13703,"href":"https:\/\/elfsight.com\/pt\/wp-json\/wp\/v2\/pages\/4392\/revisions\/13703"}],"up":[{"embeddable":true,"href":"https:\/\/elfsight.com\/pt\/wp-json\/wp\/v2\/pages\/542"}],"wp:attachment":[{"href":"https:\/\/elfsight.com\/pt\/wp-json\/wp\/v2\/media?parent=4392"}],"curies":[{"name":"wp","href":"https:\/\/api.w.org\/{rel}","templated":true}]}}