{"id":4389,"date":"1970-01-01T00:00:00","date_gmt":"1970-01-01T00:00:00","guid":{"rendered":"https:\/\/elfsight.com\/pt\/?page_id=4389"},"modified":"2025-03-04T11:26:22","modified_gmt":"2025-03-04T11:26:22","slug":"blogger","status":"publish","type":"page","link":"https:\/\/elfsight.com\/pt\/pricing-table-plugin\/blogger\/","title":{"rendered":"Pricing Table &#8211; Blogger"},"content":{"rendered":"\n<div class=\"application-platform-content-item-description application-platform-content-item\" id=\"description\" data-nav-section=\"description\"><h2>Descri\u00e7\u00e3o<\/h2><p>O pre\u00e7o desempenha um dos pap\u00e9is principais na motiva\u00e7\u00e3o dos usu\u00e1rios a comprar. O widget da nossa equipe n\u00e3o s\u00f3 ajuda os compradores do site a examinar e analisar as ofertas de pre\u00e7os dispon\u00edveis muito rapidamente. Tamb\u00e9m contribui para aumentar a convers\u00e3o por meio de recursos avan\u00e7ados de interface e modelos.<\/p><p><b>Aumente as vendas do seu site para o pr\u00f3ximo est\u00e1gio, com a ajuda de pre\u00e7os eficazes.<\/b><\/p><ul><li><b>Encontre mais clientes<\/b>.<br>Use os truques mais poderosos da interface para acabar com qualquer medo dos clientes ao tomar medidas para comprar e obter a convers\u00e3o m\u00e1xima. <\/li><li><b>Configura\u00e7\u00e3o do widget em apenas 50 segundos<\/b>.<br>Reserve apenas alguns minutos para moldar o melhor widget. Aplique todas as configura\u00e7\u00f5es necess\u00e1rias de design e conte\u00fado para exibi-lo em apenas algumas etapas.<\/li><li><b>Torne suas ofertas interessantes para os clientes<\/b>.<br>Escolha qualquer cor, mostre uma mesa e fotos para tornar seus pre\u00e7os interessantes para os clientes e trazer influ\u00eancia positiva ao resultado da compra.<\/li><\/ul><\/div><div class=\"application-platform-content-item-features application-platform-content-item\" id=\"features\" data-nav-section=\"features\"><h2>Recursos<\/h2><p>As caracter\u00edsticas que torne nosso widget a melhor tabela de pre\u00e7os para sites do Blogger.<\/p><ul><li>2 tipos predefinidos de raio de borda e 4 tipos predefinidos de largura de borda;<\/li><li>Lista de recursos ajust\u00e1veis, completa com \u00edcones de recursos , dicas e n\u00famero ilimitado de recursos;<\/li><li>Dar destaque a qualquer coluna;<\/li><li>Raio e largura da borda do bot\u00e3o personaliz\u00e1veis;<\/li><li>Layout otimizado para celular.<\/li><\/ul><p><a href=\"#demo\">Voc\u00ea pode testar todos os benef\u00edcios com a ajuda da demonstra\u00e7\u00e3o ao vivo<\/a><\/p><\/div><div class=\"application-platform-content-item-installation application-platform-content-item\" id=\"installation\" data-nav-section=\"installation\"><h2> Como adicionar tabela de pre\u00e7os ao site do Blogger<\/h2><div class=\"video-container\"><iframe width=\"720\" height=\"405\" src=\"https:\/\/www.youtube.com\/embed\/Fy40pvo-epU\" frameborder=\"0\" allowfullscreen=\"\"><\/iframe><\/div><p>Uma instru\u00e7\u00e3o sobre como incorporar nosso widget a um site do Blogger. Para fazer isso, voc\u00ea n\u00e3o precisa ter compet\u00eancia em desenvolvimento web nem muito tempo. Apenas algumas a\u00e7\u00f5es simples e 2 minutos.<\/p><ol><li><b>Gere sua tabela de pre\u00e7os personalizada<\/b>.<br> Com nosso configurador gratuito, crie um plugin com o modelo desejado e configura\u00e7\u00f5es.<\/li><li><b>Receba o c\u00f3digo para instala\u00e7\u00e3o do plugin<\/b>.<br> Ap\u00f3s a personaliza\u00e7\u00e3o do widget, adquira o c\u00f3digo do plugin Pricing na janela que aparece nos aplicativos Elfsight.<\/li><li><b>Incorpore o plug-in no site do Blogger<\/b>.<br> Coloque o plug-in no local necess\u00e1rio do site e publique os resultados.<\/li><li><b>Pronto!<\/b><br> Entre no seu site para ver seus pre\u00e7os.<\/li><\/ol><p>Est\u00e1 tendo problemas com a configura\u00e7\u00e3o do widget? Verifique nossas instru\u00e7\u00f5es detalhadas \u00ab<a href=\"https:\/\/elfsight.com\/tutorials\/how-to-add-pricing-table-to-blogger\/\" target=\"_blank\" rel=\"noopener noreferrer\">Como exibir tabela de pre\u00e7os em um Blogger<\/a>\u00bb ou entre em contato com nossa equipe de suporte, que resolver\u00e1 todos os tipos de problemas com prazer.<\/p><div class=\"faq\" data-component=\"FAQ\">\n<div class=\"faq-item\">\r\n\t\t\t\t\t<div class=\"faq-item-question\">\r\n\t\t\t\t\t\t<h3 class=\"faq-item-question-text\">Como posso adicionar uma tabela de pre\u00e7os ao meu site Blogger sem conhecimentos de programa\u00e7\u00e3o?<\/h3>\r\n\r\n\t\t\t\t\t\t<div class=\"faq-item-question-icon\"><\/div>\r\n\t\t\t\t\t<\/div>\r\n\r\n\t\t\t\t\t<div class=\"faq-item-answer\">\r\n\t\t\t\t\t\t<div class=\"faq-item-answer-text\">\n\n<p>A Elfsight oferece uma solu\u00e7\u00e3o SaaS simples, permitindo que voc\u00ea crie facilmente um widget de tabela de pre\u00e7os. Veja como o processo funciona:<\/p> <ul> <li>Trabalhe diretamente no editor online para criar o widget de tabela de pre\u00e7os que deseja utilizar em seu site Blogger.<\/li> <li>Escolha um dos modelos dispon\u00edveis, ajuste as configura\u00e7\u00f5es da tabela de pre\u00e7os, adicione seu conte\u00fado e personalize o layout e as cores \u2013 tudo sem necessidade de conhecimentos de programa\u00e7\u00e3o.<\/li> <li>Salve a tabela de pre\u00e7os e copie o c\u00f3digo de instala\u00e7\u00e3o, que pode ser facilmente incorporado ao seu site Blogger sem precisar de uma assinatura paga.<\/li> <\/ul> <p>Com nosso editor intuitivo, qualquer usu\u00e1rio pode criar um widget de tabela de pre\u00e7os e integr\u00e1-lo facilmente ao seu site Blogger. N\u00e3o \u00e9 necess\u00e1rio pagar ou inserir informa\u00e7\u00f5es de pagamento para acessar o servi\u00e7o. Caso precise de ajuda, nossa equipe de suporte t\u00e9cnico est\u00e1 \u00e0 disposi\u00e7\u00e3o.<\/p> <\/div>\r\n\t\t\t\t\t<\/div>\r\n\t\t\t\t<\/div> <\/div><\/div>\n","protected":false},"excerpt":{"rendered":"","protected":false},"author":9,"featured_media":0,"parent":793,"menu_order":0,"comment_status":"closed","ping_status":"closed","template":"templates\/template-application-platform.php","meta":{"publish_to_discourse":"","publish_post_category":"","wpdc_auto_publish_overridden":"","wpdc_topic_tags":"","wpdc_pin_topic":"","wpdc_pin_until":"","discourse_post_id":"","discourse_permalink":"","wpdc_publishing_response":"","wpdc_publishing_error":"","footnotes":""},"class_list":["post-4389","page","type-page","status-publish","hentry"],"yoast_head":"<!-- This site is optimized with the Yoast SEO plugin v25.3.1 - https:\/\/yoast.com\/wordpress\/plugins\/seo\/ -->\n<title>Tabela de pre\u00e7os - Adicionar widget de pre\u00e7os ao site do Blogger<\/title>\n<meta name=\"description\" content=\"Instale o widget Tabela de pre\u00e7os para o Blogger em apenas 2 minutos. Verifique todas as caracter\u00edsticas mais importantes do plugin de melhor pre\u00e7o no editor gratuito.\" \/>\n<meta name=\"robots\" content=\"index, follow, max-snippet:-1, max-image-preview:large, max-video-preview:-1\" \/>\n<link rel=\"canonical\" href=\"https:\/\/elfsight.com\/pt\/pricing-table-plugin\/blogger\/\" \/>\n<meta property=\"og:locale\" content=\"pt_PT\" \/>\n<meta property=\"og:type\" content=\"article\" \/>\n<meta property=\"og:title\" content=\"Tabela de pre\u00e7os - Adicionar widget de pre\u00e7os ao site do Blogger\" \/>\n<meta property=\"og:description\" content=\"Instale o widget Tabela de pre\u00e7os para o Blogger em apenas 2 minutos. Verifique todas as caracter\u00edsticas mais importantes do plugin de melhor pre\u00e7o no editor gratuito.\" \/>\n<meta property=\"og:url\" content=\"https:\/\/elfsight.com\/pt\/pricing-table-plugin\/blogger\/\" \/>\n<meta property=\"og:site_name\" content=\"Elfsight PT\" \/>\n<meta property=\"article:modified_time\" content=\"2025-03-04T11:26:22+00:00\" \/>\n<meta name=\"twitter:card\" content=\"summary_large_image\" \/>\n<meta name=\"twitter:label1\" content=\"Tempo estimado de leitura\" \/>\n\t<meta name=\"twitter:data1\" content=\"4 minutos\" \/>\n<!-- \/ Yoast SEO plugin. -->","yoast_head_json":{"title":"Tabela de pre\u00e7os - Adicionar widget de pre\u00e7os ao site do Blogger","description":"Instale o widget Tabela de pre\u00e7os para o Blogger em apenas 2 minutos. Verifique todas as caracter\u00edsticas mais importantes do plugin de melhor pre\u00e7o no editor gratuito.","robots":{"index":"index","follow":"follow","max-snippet":"max-snippet:-1","max-image-preview":"max-image-preview:large","max-video-preview":"max-video-preview:-1"},"canonical":"https:\/\/elfsight.com\/pt\/pricing-table-plugin\/blogger\/","og_locale":"pt_PT","og_type":"article","og_title":"Tabela de pre\u00e7os - Adicionar widget de pre\u00e7os ao site do Blogger","og_description":"Instale o widget Tabela de pre\u00e7os para o Blogger em apenas 2 minutos. Verifique todas as caracter\u00edsticas mais importantes do plugin de melhor pre\u00e7o no editor gratuito.","og_url":"https:\/\/elfsight.com\/pt\/pricing-table-plugin\/blogger\/","og_site_name":"Elfsight PT","article_modified_time":"2025-03-04T11:26:22+00:00","twitter_card":"summary_large_image","twitter_misc":{"Tempo estimado de leitura":"4 minutos"},"schema":{"@context":"https:\/\/schema.org","@graph":[{"@type":"WebPage","@id":"https:\/\/elfsight.com\/pt\/pricing-table-plugin\/blogger\/","url":"https:\/\/elfsight.com\/pt\/pricing-table-plugin\/blogger\/","name":"Tabela de pre\u00e7os - Adicionar widget de pre\u00e7os ao site do Blogger","isPartOf":{"@id":"https:\/\/elfsight.com\/pt\/#website"},"datePublished":"1970-01-01T00:00:00+00:00","dateModified":"2025-03-04T11:26:22+00:00","description":"Instale o widget Tabela de pre\u00e7os para o Blogger em apenas 2 minutos. Verifique todas as caracter\u00edsticas mais importantes do plugin de melhor pre\u00e7o no editor gratuito.","breadcrumb":{"@id":"https:\/\/elfsight.com\/pt\/pricing-table-plugin\/blogger\/#breadcrumb"},"inLanguage":"pt-PT","potentialAction":[{"@type":"ReadAction","target":["https:\/\/elfsight.com\/pt\/pricing-table-plugin\/blogger\/"]}]},{"@type":"BreadcrumbList","@id":"https:\/\/elfsight.com\/pt\/pricing-table-plugin\/blogger\/#breadcrumb","itemListElement":[{"@type":"ListItem","position":1,"name":"Home","item":"https:\/\/elfsight.com\/pt\/"},{"@type":"ListItem","position":2,"name":"Pricing Table","item":"https:\/\/elfsight.com\/pt\/pricing-table-plugin\/"},{"@type":"ListItem","position":3,"name":"Pricing Table &#8211; Blogger"}]},{"@type":"WebSite","@id":"https:\/\/elfsight.com\/pt\/#website","url":"https:\/\/elfsight.com\/pt\/","name":"Elfsight PT","description":"Just another Elfsight Sites site","potentialAction":[{"@type":"SearchAction","target":{"@type":"EntryPoint","urlTemplate":"https:\/\/elfsight.com\/pt\/?s={search_term_string}"},"query-input":{"@type":"PropertyValueSpecification","valueRequired":true,"valueName":"search_term_string"}}],"inLanguage":"pt-PT"}]}},"meta_box":{"industry":"","seo_heading":"","heading":"","description":"","cta_heading":"","cta_description":"","application":"792","h1":"Widget de tabela de pre\u00e7os para Blogger","h1_caption":"O melhor plugin para colocar pre\u00e7os em um site pessoal","application_category":[],"applications_title":"","applications_request_title":"","applications_request_button_text":"","hero_text":"","hero_video":"","hero_video_schema_markup":"","selling_points_title":"","selling_points_caption":"","selling_points":[],"selling_points_cta_text":"","features_title":"","features":"","ed_cta_examples_text":"","ed_cta_examples_hidden":"","ed_cta_demo_text":"","ed_cta_demo_hidden":"","why_caption":"","why_editor_title":"","why_editor_text":"","why_team_title":"","why_team_text":"","why_service_title":"","why_service_text":"","template_catalog_visible":"0","template_catalog_title":"","template_catalog_text":"","template_catalog_categories_visible":"","demo_title":"Crie seu widget Tabela de pre\u00e7os","demo_caption":"Configure sua Tabela de Pre\u00e7os e adicione-a ao seu site do Blogger gratuitamente!","default_faq_hidden":"","app_template_category":[],"platform":"46","template_public_id":"","codecanyon_url":"","codecanyon_item_id":"","codecanyon_price":"","pricing_caption":"","pricing_elfsight_apps_hide_column":"","pricing_elfsight_apps_url":"","pricing_codecanyon_price_caption":"","integration_category":[],"integration_request_title":"","integration_request_cta":"","integration_platform":"","integrations":[],"platform_category":[],"video_schema_markup":"","price":"a partir de US$ 0\/m\u00eas","trial":"","benefits":[{"text":"Servi\u00e7o de instala\u00e7\u00e3o gratuito"},{"text":"Atendimento ao cliente profissional"},{"text":"Garantia de devolu\u00e7\u00e3o do dinheiro em 14 dias"},{"text":"Atualizando constantemente"}],"button_url":"#demo","button_target_blank":"0","button_nofollow":"0","attributes":[{"name":"Instala\u00e7\u00f5es","content":"10,000 - 100,000","_state":"expanded"},{"name":"Responsivo","content":"Sim","_state":"expanded"},{"name":"Navegadores compat\u00edveis","content":"Firefox, Safari, Opera, Chrome, Edge"}],"tags":[],"tags_disable_links":"0","hide_more_platforms":"0","video_object":"","demo_hide_cta":"0","demo_hide_cloud_options":"0","pricing_title":"","pricing":[{"pricing_icon":"platform","pricing_title":"Blogger widget","pricing_title_caption":"Software independente de plataforma que funciona em qualquer site","pricing_price":"a partir de US$ 0\/m\u00eas","pricing_price_caption":"comece com um plano gratuito","pricing_benefits":[{"text":"Sites ilimitados"},{"text":"Suporte gratuito ao cliente e bem documentado"},{"text":"Suporte gratuito ao cliente e bem documentado"},{"text":"Totalmente personaliz\u00e1vel"}],"pricing_button_text":"Adicionar ao site","pricing_button_url":"#demo","_state":"expanded"}],"related_apps_title":"","related_apps_hidden":"1","author":"","image":[],"title":"","job":"","social_networks":[]},"_links":{"self":[{"href":"https:\/\/elfsight.com\/pt\/wp-json\/wp\/v2\/pages\/4389","targetHints":{"allow":["GET"]}}],"collection":[{"href":"https:\/\/elfsight.com\/pt\/wp-json\/wp\/v2\/pages"}],"about":[{"href":"https:\/\/elfsight.com\/pt\/wp-json\/wp\/v2\/types\/page"}],"author":[{"embeddable":true,"href":"https:\/\/elfsight.com\/pt\/wp-json\/wp\/v2\/users\/9"}],"replies":[{"embeddable":true,"href":"https:\/\/elfsight.com\/pt\/wp-json\/wp\/v2\/comments?post=4389"}],"version-history":[{"count":3,"href":"https:\/\/elfsight.com\/pt\/wp-json\/wp\/v2\/pages\/4389\/revisions"}],"predecessor-version":[{"id":14311,"href":"https:\/\/elfsight.com\/pt\/wp-json\/wp\/v2\/pages\/4389\/revisions\/14311"}],"up":[{"embeddable":true,"href":"https:\/\/elfsight.com\/pt\/wp-json\/wp\/v2\/pages\/793"}],"wp:attachment":[{"href":"https:\/\/elfsight.com\/pt\/wp-json\/wp\/v2\/media?parent=4389"}],"curies":[{"name":"wp","href":"https:\/\/api.w.org\/{rel}","templated":true}]}}