{"id":4388,"date":"1970-01-01T00:00:00","date_gmt":"1970-01-01T00:00:00","guid":{"rendered":"https:\/\/elfsight.com\/pt\/?page_id=4388"},"modified":"2025-03-07T06:40:08","modified_gmt":"2025-03-07T06:40:08","slug":"blogger","status":"publish","type":"page","link":"https:\/\/elfsight.com\/pt\/slider-widget\/blogger\/","title":{"rendered":"Slider &#8211; Blogger"},"content":{"rendered":"\n<div class=\"application-platform-content-item-description application-platform-content-item\" id=\"description\" data-nav-section=\"description\"><h2>Descri\u00e7\u00e3o<\/h2> <p>Elfsight Photo &amp; Image Slider \u00e9 uma ferramenta \u00e1gil e simples que permite chamar a aten\u00e7\u00e3o dos usu\u00e1rios exibindo-lhes m\u00faltiplas imagens, v\u00eddeos ou as melhores ofertas em seu site. Use quantos slides voc\u00ea precisar para mostrar seus produtos e marcar neg\u00f3cios interessantes. Adicione efeitos especiais e altere a dimens\u00e3o da imagem\/v\u00eddeo como desejar. Com nossa ferramenta voc\u00ea poder\u00e1 criar um controle deslizante bem marcado que ir\u00e1 capturar a aten\u00e7\u00e3o dos usu\u00e1rios e n\u00e3o deix\u00e1-los sair de sua p\u00e1gina web com pressa.<\/p><\/div><div class=\"application-platform-content-item-features application-platform-content-item\" id=\"features\" data-nav-section=\"features\"> <h2>Recursos<\/h2><p>Confira uma lista de todas as fun\u00e7\u00f5es do produto. Voc\u00ea pode ajust\u00e1-los no editor e eles ajudar\u00e3o voc\u00ea a configurar o widget Slider responsivo de acordo com suas necessidades.<\/p><ul><li>Use bot\u00f5es de CTA para orientar seu p\u00fablico em dire\u00e7\u00e3o \u00e0 convers\u00e3o.<\/li><li>Ajuste o slide dura\u00e7\u00e3o da mudan\u00e7a.<\/li><li>Escolha entre diversas variantes.<\/li><li>Coloque seu conte\u00fado em qualquer lugar da p\u00e1gina com a ajuda da posi\u00e7\u00e3o avan\u00e7ada.<\/li><li>Adapte cinco op\u00e7\u00f5es de conte\u00fado. <\/li><\/ul><p><a href=\"#demo\">Teste todas as outras fun\u00e7\u00f5es na demonstra\u00e7\u00e3o<\/a><\/p><\/div><div class=\"application-platform-content-item-installation application-platform-content-item\" id=\"installation\" data-nav-section=\"installation\"><h2>Como fa\u00e7o para integrar o Image Slider ao site do Blogger?<\/h2><div class=\"video-container\"><iframe width=\"720\" height=\"405\" src=\"https:\/\/www.youtube.com\/embed\/foIBEPhlwwM\" frameborder=\"0\" allowfullscreen=\"\"><\/iframe><\/div><p>Para apresentar o produto, basta aplicar as instru\u00e7\u00f5es abaixo<\/p><ol><li><b>Construa seu plugin Photo Slider exclusivo<\/b><br> Gerenciando nossa demonstra\u00e7\u00e3o gratuita , crie um plugin com um layout preferido e caracter\u00edsticas funcionais.<\/li><li><b>Adquira o c\u00f3digo pessoal para exibir o plugin<\/b><br> Depois de criar seu widget, voc\u00ea receber\u00e1 o c\u00f3digo de instala\u00e7\u00e3o na janela especial dos aplicativos Elfsight. Copie-o para uso posterior. <\/li> <li><b>Publique o plugin no seu site do Blogger<\/b><br> Escolha o local onde voc\u00ea precisa adicionar o plugin e cole o c\u00f3digo salvo l\u00e1. Publique as edi\u00e7\u00f5es. <\/li> <li><b>Parab\u00e9ns! Voc\u00ea acabou de incorporar o widget! <\/b><br> Visite o site para conferir seu trabalho. <\/li> <\/ol><p>Sinta-se \u00e0 vontade para entrar em contato com o suporte ao cliente se precisar de conselhos ou tiver algo a perguntar. Nossos especialistas ter\u00e3o prazer em ajudar com todas as d\u00favidas.<\/p><div class=\"faq\" data-component=\"FAQ\"><div class=\"faq-item\">\r\n\t\t\t\t\t<div class=\"faq-item-question\">\r\n\t\t\t\t\t\t<h3 class=\"faq-item-question-text\">Existe uma op\u00e7\u00e3o para incorporar o Slider na minha p\u00e1gina do Blogger sem codifica\u00e7\u00e3o?<\/h3>\r\n\r\n\t\t\t\t\t\t<div class=\"faq-item-question-icon\"><\/div>\r\n\t\t\t\t\t<\/div>\r\n\r\n\t\t\t\t\t<div class=\"faq-item-answer\">\r\n\t\t\t\t\t\t<div class=\"faq-item-answer-text\"> <p>A empresa Elfsight oferece uma solu\u00e7\u00e3o em nuvem que permite que os usu\u00e1rios criem uma se\u00e7\u00e3o Slider por conta pr\u00f3pria, veja como \u00e9 simples: Comece a trabalhar diretamente na demonstra\u00e7\u00e3o on-line para criar um widget Slider que voc\u00ea gostaria que aparecesse no site do Blogger. Escolha um de nossos modelos pr\u00e9-fabricados e altere as configura\u00e7\u00f5es do Slider, mude o layout e o esquema de cores e atualize seu conte\u00fado, sem qualquer codifica\u00e7\u00e3o. Clique para salvar o Slider e copiar o c\u00f3digo do plugin para incorpora\u00e7\u00e3o, que pode ser inclu\u00eddo na p\u00e1gina do Blogger sem adquirir um plano pago. Com o Configurador f\u00e1cil de usar, qualquer usu\u00e1rio da web pode criar um plugin Slider online e col\u00e1-lo facilmente no site do Blogger. N\u00e3o \u00e9 necess\u00e1rio pagar ou enviar os dados do seu cart\u00e3o para entrar no servi\u00e7o. Se voc\u00ea encontrar qualquer tipo de problema, n\u00e3o hesite em entrar em contato com nossa equipe de suporte.<\/p> <\/div>\r\n\t\t\t\t\t<\/div>\r\n\t\t\t\t<\/div> <\/div><\/div>\n","protected":false},"excerpt":{"rendered":"","protected":false},"author":9,"featured_media":0,"parent":948,"menu_order":0,"comment_status":"closed","ping_status":"closed","template":"templates\/template-application-platform.php","meta":{"publish_to_discourse":"","publish_post_category":"","wpdc_auto_publish_overridden":"","wpdc_topic_tags":"","wpdc_pin_topic":"","wpdc_pin_until":"","discourse_post_id":"","discourse_permalink":"","wpdc_publishing_response":"","wpdc_publishing_error":"","footnotes":""},"class_list":["post-4388","page","type-page","status-publish","hentry"],"yoast_head":"<!-- This site is optimized with the Yoast SEO plugin v25.3.1 - https:\/\/yoast.com\/wordpress\/plugins\/seo\/ -->\n<title>Widget Blogger Image Slider para o seu site (gratuito e r\u00e1pido)<\/title>\n<meta name=\"description\" content=\"\u00c9 perfeitamente simples criar seu widget Slider de foto e imagem e exibi-lo no site do Blogger. O atendimento ao cliente da Elfsight \u00e9 gratuito e r\u00e1pido.\" \/>\n<meta name=\"robots\" content=\"index, follow, max-snippet:-1, max-image-preview:large, max-video-preview:-1\" \/>\n<link rel=\"canonical\" href=\"https:\/\/elfsight.com\/pt\/slider-widget\/blogger\/\" \/>\n<meta property=\"og:locale\" content=\"pt_PT\" \/>\n<meta property=\"og:type\" content=\"article\" \/>\n<meta property=\"og:title\" content=\"Widget Blogger Image Slider para o seu site (gratuito e r\u00e1pido)\" \/>\n<meta property=\"og:description\" content=\"\u00c9 perfeitamente simples criar seu widget Slider de foto e imagem e exibi-lo no site do Blogger. O atendimento ao cliente da Elfsight \u00e9 gratuito e r\u00e1pido.\" \/>\n<meta property=\"og:url\" content=\"https:\/\/elfsight.com\/pt\/slider-widget\/blogger\/\" \/>\n<meta property=\"og:site_name\" content=\"Elfsight PT\" \/>\n<meta property=\"article:modified_time\" content=\"2025-03-07T06:40:08+00:00\" \/>\n<meta name=\"twitter:card\" content=\"summary_large_image\" \/>\n<meta name=\"twitter:label1\" content=\"Tempo estimado de leitura\" \/>\n\t<meta name=\"twitter:data1\" content=\"3 minutos\" \/>\n<!-- \/ Yoast SEO plugin. -->","yoast_head_json":{"title":"Widget Blogger Image Slider para o seu site (gratuito e r\u00e1pido)","description":"\u00c9 perfeitamente simples criar seu widget Slider de foto e imagem e exibi-lo no site do Blogger. O atendimento ao cliente da Elfsight \u00e9 gratuito e r\u00e1pido.","robots":{"index":"index","follow":"follow","max-snippet":"max-snippet:-1","max-image-preview":"max-image-preview:large","max-video-preview":"max-video-preview:-1"},"canonical":"https:\/\/elfsight.com\/pt\/slider-widget\/blogger\/","og_locale":"pt_PT","og_type":"article","og_title":"Widget Blogger Image Slider para o seu site (gratuito e r\u00e1pido)","og_description":"\u00c9 perfeitamente simples criar seu widget Slider de foto e imagem e exibi-lo no site do Blogger. O atendimento ao cliente da Elfsight \u00e9 gratuito e r\u00e1pido.","og_url":"https:\/\/elfsight.com\/pt\/slider-widget\/blogger\/","og_site_name":"Elfsight PT","article_modified_time":"2025-03-07T06:40:08+00:00","twitter_card":"summary_large_image","twitter_misc":{"Tempo estimado de leitura":"3 minutos"},"schema":{"@context":"https:\/\/schema.org","@graph":[{"@type":"WebPage","@id":"https:\/\/elfsight.com\/pt\/slider-widget\/blogger\/","url":"https:\/\/elfsight.com\/pt\/slider-widget\/blogger\/","name":"Widget Blogger Image Slider para o seu site (gratuito e r\u00e1pido)","isPartOf":{"@id":"https:\/\/elfsight.com\/pt\/#website"},"datePublished":"1970-01-01T00:00:00+00:00","dateModified":"2025-03-07T06:40:08+00:00","description":"\u00c9 perfeitamente simples criar seu widget Slider de foto e imagem e exibi-lo no site do Blogger. O atendimento ao cliente da Elfsight \u00e9 gratuito e r\u00e1pido.","breadcrumb":{"@id":"https:\/\/elfsight.com\/pt\/slider-widget\/blogger\/#breadcrumb"},"inLanguage":"pt-PT","potentialAction":[{"@type":"ReadAction","target":["https:\/\/elfsight.com\/pt\/slider-widget\/blogger\/"]}]},{"@type":"BreadcrumbList","@id":"https:\/\/elfsight.com\/pt\/slider-widget\/blogger\/#breadcrumb","itemListElement":[{"@type":"ListItem","position":1,"name":"Home","item":"https:\/\/elfsight.com\/pt\/"},{"@type":"ListItem","position":2,"name":"Slider","item":"https:\/\/elfsight.com\/pt\/slider-widget\/"},{"@type":"ListItem","position":3,"name":"Slider &#8211; Blogger"}]},{"@type":"WebSite","@id":"https:\/\/elfsight.com\/pt\/#website","url":"https:\/\/elfsight.com\/pt\/","name":"Elfsight PT","description":"Just another Elfsight Sites site","potentialAction":[{"@type":"SearchAction","target":{"@type":"EntryPoint","urlTemplate":"https:\/\/elfsight.com\/pt\/?s={search_term_string}"},"query-input":{"@type":"PropertyValueSpecification","valueRequired":true,"valueName":"search_term_string"}}],"inLanguage":"pt-PT"}]}},"meta_box":{"industry":"","seo_heading":"","heading":"","description":"","cta_heading":"","cta_description":"","application":"947","h1":"Widget de controle deslizante de imagem do Blogger","h1_caption":"Projete seu controle deslizante atraente com apenas alguns cliques","application_category":[],"applications_title":"","applications_request_title":"","applications_request_button_text":"","hero_text":"","hero_video":"","hero_video_schema_markup":"","selling_points_title":"","selling_points_caption":"","selling_points":[],"selling_points_cta_text":"","features_title":"","features":"","ed_cta_examples_text":"","ed_cta_examples_hidden":"","ed_cta_demo_text":"","ed_cta_demo_hidden":"","why_caption":"","why_editor_title":"","why_editor_text":"","why_team_title":"","why_team_text":"","why_service_title":"","why_service_text":"","template_catalog_visible":"0","template_catalog_title":"","template_catalog_text":"","template_catalog_categories_visible":"","demo_title":"Crie seu widget deslizante","demo_caption":"Configure seu Slider e adicione-o ao site do Blogger gratuitamente!","default_faq_hidden":"","app_template_category":[],"platform":"46","template_public_id":"","codecanyon_url":"","codecanyon_item_id":"","codecanyon_price":"","pricing_caption":"","pricing_elfsight_apps_hide_column":"","pricing_elfsight_apps_url":"","pricing_codecanyon_price_caption":"","integration_category":[],"integration_request_title":"","integration_request_cta":"","integration_platform":"","integrations":[],"platform_category":[],"video_schema_markup":"","price":"a partir de US$ 0\/m\u00eas","trial":"","benefits":[{"text":"Servi\u00e7o de instala\u00e7\u00e3o gratuito"},{"text":"Suporte excepcional"},{"text":"Garantia de reembolso de 14 dias"},{"text":"Melhorias gratuitas cont\u00ednuas"}],"button_url":"#demo","button_target_blank":"0","button_nofollow":"0","attributes":[{"name":"Instala\u00e7\u00f5es","content":"10,000 - 100,000","_state":"expanded"},{"name":"Responsivo","content":"Sim","_state":"expanded"},{"name":"Navegadores compat\u00edveis","content":"Firefox, Safari, Opera, Chrome, Edge"}],"tags":[],"tags_disable_links":"0","hide_more_platforms":"0","video_object":"","demo_hide_cta":"0","demo_hide_cloud_options":"0","pricing_title":"","pricing":[{"pricing_icon":"platform","pricing_title":"Elfsight Apps","pricing_title_caption":"Funciona em sites para celular","pricing_price":"a partir de US$ 0\/m\u00eas","pricing_price_caption":"comece com um plano gratuito","pricing_benefits":[{"text":"Dom\u00ednios ilimitados"},{"text":"Suporte r\u00e1pido e pontual"},{"text":"Suporte r\u00e1pido e pontual"},{"text":"Design flex\u00edvel"}],"pricing_button_text":"Adicionar ao site","pricing_button_url":"#demo","_state":"expanded"}],"related_apps_title":"","related_apps_hidden":"1","author":"","image":[],"title":"","job":"","social_networks":[]},"_links":{"self":[{"href":"https:\/\/elfsight.com\/pt\/wp-json\/wp\/v2\/pages\/4388","targetHints":{"allow":["GET"]}}],"collection":[{"href":"https:\/\/elfsight.com\/pt\/wp-json\/wp\/v2\/pages"}],"about":[{"href":"https:\/\/elfsight.com\/pt\/wp-json\/wp\/v2\/types\/page"}],"author":[{"embeddable":true,"href":"https:\/\/elfsight.com\/pt\/wp-json\/wp\/v2\/users\/9"}],"replies":[{"embeddable":true,"href":"https:\/\/elfsight.com\/pt\/wp-json\/wp\/v2\/comments?post=4388"}],"version-history":[{"count":3,"href":"https:\/\/elfsight.com\/pt\/wp-json\/wp\/v2\/pages\/4388\/revisions"}],"predecessor-version":[{"id":14560,"href":"https:\/\/elfsight.com\/pt\/wp-json\/wp\/v2\/pages\/4388\/revisions\/14560"}],"up":[{"embeddable":true,"href":"https:\/\/elfsight.com\/pt\/wp-json\/wp\/v2\/pages\/948"}],"wp:attachment":[{"href":"https:\/\/elfsight.com\/pt\/wp-json\/wp\/v2\/media?parent=4388"}],"curies":[{"name":"wp","href":"https:\/\/api.w.org\/{rel}","templated":true}]}}