{"id":4385,"date":"1970-01-01T00:00:00","date_gmt":"1970-01-01T00:00:00","guid":{"rendered":"https:\/\/elfsight.com\/pt\/?page_id=4385"},"modified":"2024-11-13T11:42:13","modified_gmt":"2024-11-13T11:42:13","slug":"bigcommerce","status":"publish","type":"page","link":"https:\/\/elfsight.com\/pt\/photo-gallery-widget\/bigcommerce\/","title":{"rendered":"Photo Gallery &#8211; BigCommerce"},"content":{"rendered":"<div class=\"application-platform-content-item-description application-platform-content-item\" id=\"description\" data-nav-section=\"description\"><h2>Descri\u00e7\u00e3o<\/h2> <p>A Galeria Elfsight \u00e9 a maneira mais r\u00e1pida de exibir seus materiais visuais ou criar \u00e1lbuns de fotos elegantes em seu site. Use qualquer n\u00famero de imagens, redija descri\u00e7\u00f5es e selecione a maneira ideal de organiz\u00e1-las na p\u00e1gina. Nosso widget inclui seis variantes de layout e diferentes possibilidades de interface adicionais. Cada imagem aparece em modo pop-up, os usu\u00e1rios podem navegar por elas ou iniciar uma apresenta\u00e7\u00e3o de slides, usar a op\u00e7\u00e3o de zoom e desfrutar das imagens em tela inteira. Voc\u00ea \u00e9 livre para escolher cores personalizadas da interface do widget e aplicar um plano de fundo personalizado, alterar configura\u00e7\u00f5es de texto e mais recursos de estilo. <\/p> <p><b>Comece uma galeria de fotos imposs\u00edvel de perder! <\/b><\/p> <\/div> <div class=\"application-platform-content-item-features application-platform-content-item\" id=\"features\" data-nav-section=\"features\"><h2>Recursos<\/h2> <p>Verifique uma lista de todas as caracter\u00edsticas funcionais da Galeria de fotos do BigCommerce. Eles est\u00e3o dispon\u00edveis diretamente no editor e ir\u00e3o ajud\u00e1-lo a criar o widget certo para o seu caso. <\/p> <ul> <li>Adicione bot\u00f5es de CTA para orientar seu p\u00fablico em dire\u00e7\u00e3o ao seu objetivo. <\/li> <li>Alterar a dura\u00e7\u00e3o da troca de slides. <\/li> <li>Escolha entre v\u00e1rios recursos de pagina\u00e7\u00e3o. <\/li> <li>Coloque seu conte\u00fado em qualquer lugar da p\u00e1gina por meio de posi\u00e7\u00e3o avan\u00e7ada. <\/li> <li>Modifique 5 op\u00e7\u00f5es de conte\u00fado. <\/li> <\/ul> <p><a href=\"#demo\">Voc\u00ea pode experimentar todas as caracter\u00edsticas funcionais do widget diretamente na demonstra\u00e7\u00e3o<\/a><\/p> <\/div> <div class=\"application-platform-content-item-installation application-platform-content-item\" id=\"installation\" data-nav-section=\"installation\"><h2>Como posso adicionar a Galeria de Fotos ao meu site BigCommerce? <\/h2><div class=\"video-container\"><iframe width=\"720\" height=\"405\" src=\"https:\/\/www.youtube.com\/embed\/NBbbmnxlTE8\" frameborder=\"0\" allowfullscreen=\"\"><\/iframe><\/div><p>Basta seguir as diretrizes abaixo para incorporar o aplicativo no BigCommerce.<\/p> <ol><li><b>Use nossa demonstra\u00e7\u00e3o gratuita e comece a moldar seu personalizado -instrumento constru\u00eddo. <\/b><br> Encontre a apar\u00eancia e as op\u00e7\u00f5es desejadas do aplicativo e salve as corre\u00e7\u00f5es. <\/li> <li><b>Copie o seu c\u00f3digo pessoal que aparece na caixa nas aplica\u00e7\u00f5es Elfsight. <\/b><br> Ap\u00f3s a conclus\u00e3o do estabelecimento de sua ferramenta pessoal, copie o c\u00f3digo individual na caixa que surgiu e salve-o para uso futuro. <\/li> <li><b>Iniciar o uso do widget Foto no site BigCommerce. <\/b><br> Adicione o c\u00f3digo que voc\u00ea copiou recentemente em seu site e aplique as melhorias. <\/li> <li><b>A configura\u00e7\u00e3o foi conclu\u00edda com sucesso. <\/b><br> Acesse seu site para analisar o desempenho do widget. <\/li><\/ol><p>Voc\u00ea pode entrar em contato com o suporte ao cliente caso precise de aconselhamento ou tenha d\u00favidas. Nossos especialistas ter\u00e3o prazer em ajudar com cada solicita\u00e7\u00e3o. <\/p> <div class=\"faq\" data-component=\"FAQ\"><div class=\"faq-item\">\r\n\t\t\t\t\t<div class=\"faq-item-question\">\r\n\t\t\t\t\t\t<h3 class=\"faq-item-question-text\">De que forma \u00e9 poss\u00edvel incorporar uma Galeria de Fotos no meu site BigCommerce sem nenhum conhecimento de codifica\u00e7\u00e3o?<\/h3>\r\n\r\n\t\t\t\t\t\t<div class=\"faq-item-question-icon\"><\/div>\r\n\t\t\t\t\t<\/div>\r\n\r\n\t\t\t\t\t<div class=\"faq-item-answer\">\r\n\t\t\t\t\t\t<div class=\"faq-item-answer-text\"> <p>A empresa Elfsight oferece uma solu\u00e7\u00e3o que permite aos propriet\u00e1rios de sites criar uma Galeria de Fotos se\u00e7\u00e3o voc\u00ea mesmo, descubra as etapas simples: V\u00e1 para a demonstra\u00e7\u00e3o online para gerar um plugin de galeria de fotos que voc\u00ea gostaria que aparecesse no BigCommerce. Escolha um dos modelos prontos e ajuste as configura\u00e7\u00f5es da Galeria de Fotos, atualize seu conte\u00fado, altere o layout e as cores sem qualquer experi\u00eancia em codifica\u00e7\u00e3o. Clique para salvar as configura\u00e7\u00f5es feitas na Galeria de Fotos e copie o c\u00f3digo de instala\u00e7\u00e3o que pode ser facilmente incorporado na p\u00e1gina do BigCommerce sem comprar uma vers\u00e3o paga. Com a ajuda do configurador simples, qualquer usu\u00e1rio da web pode criar um widget de galeria de fotos e adicion\u00e1-lo facilmente a qualquer p\u00e1gina do BigCommerce. Voc\u00ea n\u00e3o deve obter uma assinatura paga ou enviar as credenciais do seu cart\u00e3o para entrar no Elfsight Editor. Se voc\u00ea enfrentar qualquer tipo de obst\u00e1culo, entre em contato com nossa equipe de suporte t\u00e9cnico.<\/p> <\/div>\r\n\t\t\t\t\t<\/div>\r\n\t\t\t\t<\/div> <\/div><\/div>","protected":false},"excerpt":{"rendered":"","protected":false},"author":9,"featured_media":0,"parent":965,"menu_order":0,"comment_status":"closed","ping_status":"closed","template":"templates\/template-application-platform.php","meta":{"publish_to_discourse":"","publish_post_category":"","wpdc_auto_publish_overridden":"","wpdc_topic_tags":"","wpdc_pin_topic":"","wpdc_pin_until":"","discourse_post_id":"","discourse_permalink":"","wpdc_publishing_response":"","wpdc_publishing_error":"","footnotes":""},"class_list":["post-4385","page","type-page","status-publish","hentry"],"yoast_head":"<!-- This site is optimized with the Yoast SEO plugin v25.3.1 - https:\/\/yoast.com\/wordpress\/plugins\/seo\/ -->\n<title>Galeria de fotos - Adicionar widget de galeria de fotos ao BigCommerce [2025]<\/title>\n<meta name=\"description\" content=\"Experimente gratuitamente o melhor plugin de galeria de fotos para BigCommerce. Um widget de galeria simples e r\u00e1pido que se integra sem habilidades de desenvolvimento.\" \/>\n<meta name=\"robots\" content=\"index, follow, max-snippet:-1, max-image-preview:large, max-video-preview:-1\" \/>\n<link rel=\"canonical\" href=\"https:\/\/elfsight.com\/pt\/photo-gallery-widget\/bigcommerce\/\" \/>\n<meta property=\"og:locale\" content=\"pt_PT\" \/>\n<meta property=\"og:type\" content=\"article\" \/>\n<meta property=\"og:title\" content=\"Galeria de fotos - Adicionar widget de galeria de fotos ao BigCommerce [2025]\" \/>\n<meta property=\"og:description\" content=\"Experimente gratuitamente o melhor plugin de galeria de fotos para BigCommerce. Um widget de galeria simples e r\u00e1pido que se integra sem habilidades de desenvolvimento.\" \/>\n<meta property=\"og:url\" content=\"https:\/\/elfsight.com\/pt\/photo-gallery-widget\/bigcommerce\/\" \/>\n<meta property=\"og:site_name\" content=\"Elfsight PT\" \/>\n<meta property=\"article:modified_time\" content=\"2024-11-13T11:42:13+00:00\" \/>\n<meta name=\"twitter:card\" content=\"summary_large_image\" \/>\n<meta name=\"twitter:label1\" content=\"Tempo estimado de leitura\" \/>\n\t<meta name=\"twitter:data1\" content=\"2 minutos\" \/>\n<!-- \/ Yoast SEO plugin. -->","yoast_head_json":{"title":"Galeria de fotos - Adicionar widget de galeria de fotos ao BigCommerce [2025]","description":"Experimente gratuitamente o melhor plugin de galeria de fotos para BigCommerce. Um widget de galeria simples e r\u00e1pido que se integra sem habilidades de desenvolvimento.","robots":{"index":"index","follow":"follow","max-snippet":"max-snippet:-1","max-image-preview":"max-image-preview:large","max-video-preview":"max-video-preview:-1"},"canonical":"https:\/\/elfsight.com\/pt\/photo-gallery-widget\/bigcommerce\/","og_locale":"pt_PT","og_type":"article","og_title":"Galeria de fotos - Adicionar widget de galeria de fotos ao BigCommerce [2025]","og_description":"Experimente gratuitamente o melhor plugin de galeria de fotos para BigCommerce. Um widget de galeria simples e r\u00e1pido que se integra sem habilidades de desenvolvimento.","og_url":"https:\/\/elfsight.com\/pt\/photo-gallery-widget\/bigcommerce\/","og_site_name":"Elfsight PT","article_modified_time":"2024-11-13T11:42:13+00:00","twitter_card":"summary_large_image","twitter_misc":{"Tempo estimado de leitura":"2 minutos"},"schema":{"@context":"https:\/\/schema.org","@graph":[{"@type":"WebPage","@id":"https:\/\/elfsight.com\/pt\/photo-gallery-widget\/bigcommerce\/","url":"https:\/\/elfsight.com\/pt\/photo-gallery-widget\/bigcommerce\/","name":"Galeria de fotos - Adicionar widget de galeria de fotos ao BigCommerce [2025]","isPartOf":{"@id":"https:\/\/elfsight.com\/pt\/#website"},"datePublished":"1970-01-01T00:00:00+00:00","dateModified":"2024-11-13T11:42:13+00:00","description":"Experimente gratuitamente o melhor plugin de galeria de fotos para BigCommerce. Um widget de galeria simples e r\u00e1pido que se integra sem habilidades de desenvolvimento.","breadcrumb":{"@id":"https:\/\/elfsight.com\/pt\/photo-gallery-widget\/bigcommerce\/#breadcrumb"},"inLanguage":"pt-PT","potentialAction":[{"@type":"ReadAction","target":["https:\/\/elfsight.com\/pt\/photo-gallery-widget\/bigcommerce\/"]}]},{"@type":"BreadcrumbList","@id":"https:\/\/elfsight.com\/pt\/photo-gallery-widget\/bigcommerce\/#breadcrumb","itemListElement":[{"@type":"ListItem","position":1,"name":"Home","item":"https:\/\/elfsight.com\/pt\/"},{"@type":"ListItem","position":2,"name":"Photo Gallery","item":"https:\/\/elfsight.com\/pt\/photo-gallery-widget\/"},{"@type":"ListItem","position":3,"name":"Photo Gallery &#8211; BigCommerce"}]},{"@type":"WebSite","@id":"https:\/\/elfsight.com\/pt\/#website","url":"https:\/\/elfsight.com\/pt\/","name":"Elfsight PT","description":"Just another Elfsight Sites site","potentialAction":[{"@type":"SearchAction","target":{"@type":"EntryPoint","urlTemplate":"https:\/\/elfsight.com\/pt\/?s={search_term_string}"},"query-input":{"@type":"PropertyValueSpecification","valueRequired":true,"valueName":"search_term_string"}}],"inLanguage":"pt-PT"}]}},"meta_box":{"industry":"","seo_heading":"","heading":"","description":"","cta_heading":"","cta_description":"","application":"964","h1":"Aplicativo Galeria de fotos BigCommerce","h1_caption":"Demonstre suas fotos maravilhosas no site","application_category":[],"applications_title":"","applications_request_title":"","applications_request_button_text":"","hero_text":"","hero_video":"","hero_video_schema_markup":"","selling_points_title":"","selling_points_caption":"","selling_points":[],"selling_points_cta_text":"","features_title":"","features":"","ed_cta_examples_text":"","ed_cta_examples_hidden":"","ed_cta_demo_text":"","ed_cta_demo_hidden":"","why_caption":"","why_editor_title":"","why_editor_text":"","why_team_title":"","why_team_text":"","why_service_title":"","why_service_text":"","template_catalog_visible":"","template_catalog_title":"","template_catalog_text":"","template_catalog_categories_visible":"","demo_title":"Crie seu aplicativo Galeria de Fotos","demo_caption":"Configure sua galeria de fotos e adicione-a ao seu site BigCommerce gratuitamente!","default_faq_hidden":"","app_template_category":[],"platform":"43","template_public_id":"","codecanyon_url":"","codecanyon_item_id":"","codecanyon_price":"","pricing_caption":"","pricing_elfsight_apps_hide_column":"","pricing_elfsight_apps_url":"","pricing_codecanyon_price_caption":"","integration_category":[],"integration_request_title":"","integration_request_cta":"","integration_platform":"","integrations":[],"platform_category":[],"video_schema_markup":"","price":"a partir de US$ 0\/m\u00eas","trial":"","benefits":[{"text":"Assist\u00eancia de instala\u00e7\u00e3o gratuita"},{"text":"Atendimento ao cliente eficaz"},{"text":"Garantia de reembolso de 14 dias"},{"text":"Melhorias futuras"}],"button_url":"#demo","button_target_blank":"0","button_nofollow":"0","attributes":[{"name":"Instala\u00e7\u00f5es","content":"10,000 - 100,000","_state":"expanded"},{"name":"Responsivo","content":"Sim","_state":"expanded"},{"name":"Navegadores compat\u00edveis","content":"Firefox, Safari, Opera, Chrome, Edge"}],"tags":[],"tags_disable_links":"0","hide_more_platforms":"","video_object":"","demo_hide_cta":"0","demo_hide_cloud_options":"0","pricing_title":"","pricing":[{"pricing_icon":"platform","pricing_title":"Elfsight Apps","pricing_title_caption":"Solu\u00e7\u00e3o digital multiplataforma","pricing_price":"a partir de US$ 0\/m\u00eas","pricing_price_caption":"comece com um plano gratuito","pricing_benefits":[{"text":"Sites ilimitados"},{"text":"Suporte gratuito da empresa e bem documentado"},{"text":"Suporte gratuito da empresa e bem documentado"},{"text":"Totalmente personaliz\u00e1vel"}],"pricing_button_text":"Adicionar ao site","pricing_button_url":"#demo","_state":"expanded"}],"related_apps_title":"","related_apps_hidden":"1","author":"","image":[],"title":"","job":"","social_networks":[]},"_links":{"self":[{"href":"https:\/\/elfsight.com\/pt\/wp-json\/wp\/v2\/pages\/4385","targetHints":{"allow":["GET"]}}],"collection":[{"href":"https:\/\/elfsight.com\/pt\/wp-json\/wp\/v2\/pages"}],"about":[{"href":"https:\/\/elfsight.com\/pt\/wp-json\/wp\/v2\/types\/page"}],"author":[{"embeddable":true,"href":"https:\/\/elfsight.com\/pt\/wp-json\/wp\/v2\/users\/9"}],"replies":[{"embeddable":true,"href":"https:\/\/elfsight.com\/pt\/wp-json\/wp\/v2\/comments?post=4385"}],"version-history":[{"count":2,"href":"https:\/\/elfsight.com\/pt\/wp-json\/wp\/v2\/pages\/4385\/revisions"}],"predecessor-version":[{"id":12056,"href":"https:\/\/elfsight.com\/pt\/wp-json\/wp\/v2\/pages\/4385\/revisions\/12056"}],"up":[{"embeddable":true,"href":"https:\/\/elfsight.com\/pt\/wp-json\/wp\/v2\/pages\/965"}],"wp:attachment":[{"href":"https:\/\/elfsight.com\/pt\/wp-json\/wp\/v2\/media?parent=4385"}],"curies":[{"name":"wp","href":"https:\/\/api.w.org\/{rel}","templated":true}]}}