{"id":4383,"date":"1970-01-01T00:00:00","date_gmt":"1970-01-01T00:00:00","guid":{"rendered":"https:\/\/elfsight.com\/pt\/?page_id=4383"},"modified":"2025-01-31T09:01:06","modified_gmt":"2025-01-31T09:01:06","slug":"bigcommerce","status":"publish","type":"page","link":"https:\/\/elfsight.com\/pt\/popup-widget\/bigcommerce\/","title":{"rendered":"Popup &#8211; BigCommerce"},"content":{"rendered":"\n<div class=\"application-platform-content-item-description application-platform-content-item\" id=\"description\" data-nav-section=\"description\"> <h2>Descri\u00e7\u00e3o<\/h2> <p>Com a ajuda do aplicativo Elfsight Pop up, voc\u00ea \u00e9 capaz de configurar seus pr\u00f3prios pop-ups de qualquer tipo e mostre-os em sua p\u00e1gina da web. Molde o pop up mais adequado, utilizando diferentes tipos de elementos. Mude a apar\u00eancia e a disposi\u00e7\u00e3o; selecione o gatilho de abertura e ajuste o tempo para obter melhor sua efic\u00e1cia. Pop-ups de diferentes tipos permitir\u00e3o que as pessoas assinem sua correspond\u00eancia, saibam mais sobre suas ofertas, copiem cupons de desconto, saibam sobre vendas e ofertas especiais, fiquem sabendo dos pr\u00f3ximos eventos em seu site e muito mais.<\/p><p> <b>Os pop-ups ajudar\u00e3o voc\u00ea a vender com mais efici\u00eancia, anunciar atividades futuras, receber feedback e assinantes e muito mais.<\/b><\/p> <\/div><div class=\"application-platform-content-item-features application-platform-content-item\" id=\"features\" data-nav-section=\"features\"> <h2>Recursos<\/h2> <p>Veja todos os recursos do widget. Eles est\u00e3o dispon\u00edveis diretamente no editor e ir\u00e3o ajud\u00e1-lo a configurar o widget exatamente para o seu caso. <\/p> <ul><li>Doze blocos diversos para moldar um pop up;<\/li> <li>5 layouts de pop up inclu\u00eddos para casos variados;<\/li> <li>Colocar bot\u00f5es para redirecionar para qualquer endere\u00e7o; <\/li> <li>Enviar uma imagem para o plano de fundo;<\/li> <li>O pop-up pode aparecer ap\u00f3s um determinado tempo gasto na p\u00e1gina da web ou porcentagem de rolagem;<\/li> <li>Acionadores de pop-up: clicar em um determinado elemento ou rolar para baixo at\u00e9 ele.<\/li> <\/ul> <p><a href=\"#demo\">Teste todas as outras fun\u00e7\u00f5es na demonstra\u00e7\u00e3o<\/a><\/p> <\/div><div class=\"application-platform-content-item-installation application-platform-content-item\" id=\"installation\" data-nav-section=\"installation\"><h2>Como fa\u00e7o para incorporar o aplicativo Popup \u00e0 loja BigCommerce?<\/h2><div class=\"video-container\"><iframe width=\"720\" height=\"405\" src=\"https:\/\/www.youtube.com\/embed\/szhSWHuYstw\" frameborder=\"0\" allowfullscreen=\"\"><\/iframe><\/div> <p>Basta seguir estas etapas apresentadas abaixo para inserir o widget no BigCommerce.<\/p> <ol><li><b>Utilize nosso editor gratuito e comece a criar seu aplicativo personalizado. <\/b><br> Escolha a interface e as caracter\u00edsticas adequadas do widget e salve as modifica\u00e7\u00f5es. <\/li> <li><b>Receba o seu c\u00f3digo exclusivo que aparece na janela das aplica\u00e7\u00f5es Elfsight. <\/b><br> Quando a configura\u00e7\u00e3o do seu widget Popup estiver conclu\u00edda, copie o c\u00f3digo pessoal no popup exibido e salve-o para uso futuro. <\/li> <li><b>Iniciar o uso do plugin no site BigCommerce. <\/b><br> Implemente o c\u00f3digo copiado recentemente em seu site e salve as melhorias. <\/li> <li><b>Pronto! A integra\u00e7\u00e3o foi realizada com sucesso. <\/b><br> Acesse seu site para ver em a\u00e7\u00e3o o desempenho da ferramenta. <\/li><\/ol><p>Sinta-se \u00e0 vontade para entrar em contato com nosso servi\u00e7o de suporte quando precisar de ajuda ou tiver d\u00favidas. Daremos uma ajuda em cada solicita\u00e7\u00e3o. <\/p> \n<div class=\"faq\" data-component=\"FAQ\"> \n<div class=\"faq-item\">\r\n\t\t\t\t\t<div class=\"faq-item-question\">\r\n\t\t\t\t\t\t<h3 class=\"faq-item-question-text\">Como posso adicionar um Popup ao meu site no BigCommerce?<\/h3>\r\n\r\n\t\t\t\t\t\t<div class=\"faq-item-question-icon\"><\/div>\r\n\t\t\t\t\t<\/div>\r\n\r\n\t\t\t\t\t<div class=\"faq-item-answer\">\r\n\t\t\t\t\t\t<div class=\"faq-item-answer-text\">\n<p>Para adicionar um popup \u00e0 sua p\u00e1gina no BigCommerce, use o editor Elfsight para criar seu aplicativo. N\u00e3o \u00e9 necess\u00e1rio ter experi\u00eancia em codifica\u00e7\u00e3o, pois o criador de popups possui uma interface f\u00e1cil de usar, permitindo que qualquer pessoa construa e personalize a notifica\u00e7\u00e3o. Basta copiar o c\u00f3digo HTML gerado e col\u00e1-lo no CMS do seu BigCommerce.<\/p>\n<\/div>\r\n\t\t\t\t\t<\/div>\r\n\t\t\t\t<\/div>\n\n<div class=\"faq-item\">\r\n\t\t\t\t\t<div class=\"faq-item-question\">\r\n\t\t\t\t\t\t<h3 class=\"faq-item-question-text\">O criador de popups \u00e9 gratuito?<\/h3>\r\n\r\n\t\t\t\t\t\t<div class=\"faq-item-question-icon\"><\/div>\r\n\t\t\t\t\t<\/div>\r\n\r\n\t\t\t\t\t<div class=\"faq-item-answer\">\r\n\t\t\t\t\t\t<div class=\"faq-item-answer-text\">\n<p>Sim, o criador de popups para BigCommerce est\u00e1 acess\u00edvel gratuitamente, permitindo que usu\u00e1rios com or\u00e7amento limitado aproveitem essa ferramenta \u00fatil. Tamb\u00e9m existem planos pagos que oferecem funcionalidades premium.<\/p>\n<\/div>\r\n\t\t\t\t\t<\/div>\r\n\t\t\t\t<\/div>\n\n<div class=\"faq-item\">\r\n\t\t\t\t\t<div class=\"faq-item-question\">\r\n\t\t\t\t\t\t<h3 class=\"faq-item-question-text\">Qual \u00e9 o melhor lugar para adicionar o banner pop-up no meu site?<\/h3>\r\n\r\n\t\t\t\t\t\t<div class=\"faq-item-question-icon\"><\/div>\r\n\t\t\t\t\t<\/div>\r\n\r\n\t\t\t\t\t<div class=\"faq-item-answer\">\r\n\t\t\t\t\t\t<div class=\"faq-item-answer-text\">\n<p>Com nossa ferramenta de popup, voc\u00ea pode criar:\n<ul>\n <li>Aplicativo de popup em tela cheia para chamar a aten\u00e7\u00e3o imediata dos seus visitantes;<\/li>\n <li>Popup flutuante para engajar os visitantes enquanto eles navegam pela sua p\u00e1gina;<\/li> \n<li>Aplicativo no rodap\u00e9, cabe\u00e7alho e barra lateral para manter sua mensagem vis\u00edvel sem interromper o fluxo de navega\u00e7\u00e3o.<\/li> \n<\/ul>\n <p>Esses posicionamentos flex\u00edveis permitem um posicionamento ideal, garantindo que seus banners pop-ups capturem aten\u00e7\u00e3o e promovam o engajamento.<\/p>\n<\/div>\r\n\t\t\t\t\t<\/div>\r\n\t\t\t\t<\/div>\n\n<div class=\"faq-item\">\r\n\t\t\t\t\t<div class=\"faq-item-question\">\r\n\t\t\t\t\t\t<h3 class=\"faq-item-question-text\">Quais tipos de aplicativos de popup no BigCommerce posso criar com o Elfsight?<\/h3>\r\n\r\n\t\t\t\t\t\t<div class=\"faq-item-question-icon\"><\/div>\r\n\t\t\t\t\t<\/div>\r\n\r\n\t\t\t\t\t<div class=\"faq-item-answer\">\r\n\t\t\t\t\t\t<div class=\"faq-item-answer-text\">\n<p>Voc\u00ea pode criar uma variedade de popups personalizados para diferentes objetivos.<\/p>\n<p>Por exemplo, voc\u00ea pode criar um popup de inscri\u00e7\u00e3o na newsletter para incentivar os usu\u00e1rios a se inscreverem na sua lista de e-mails, um popup de promo\u00e7\u00e3o para aumentar as vendas oferecendo ofertas por tempo limitado, ou um popup de desconto para destacar ofertas rel\u00e2mpago e incentivar compras.<\/p>\n<p>No total, mais de <a href=\"https:\/\/elfsight.com\/popup-widget\/templates\/\" target=\"_blank\" rel=\"noopener\">100+ modelos de popups<\/a> est\u00e3o dispon\u00edveis, permitindo que voc\u00ea encontre facilmente o design perfeito para suas necessidades.<\/p>\n<\/div>\r\n\t\t\t\t\t<\/div>\r\n\t\t\t\t<\/div>\n\n<div class=\"faq-item\">\r\n\t\t\t\t\t<div class=\"faq-item-question\">\r\n\t\t\t\t\t\t<h3 class=\"faq-item-question-text\">Quais s\u00e3o os gatilhos dispon\u00edveis para abrir o popup?<\/h3>\r\n\r\n\t\t\t\t\t\t<div class=\"faq-item-question-icon\"><\/div>\r\n\t\t\t\t\t<\/div>\r\n\r\n\t\t\t\t\t<div class=\"faq-item-answer\">\r\n\t\t\t\t\t\t<div class=\"faq-item-answer-text\">\n<p>Com o aplicativo de popup do Elfsight, voc\u00ea tem v\u00e1rios gatilhos dispon\u00edveis para controlar quando sua notifica\u00e7\u00e3o ser\u00e1 aberta. Voc\u00ea pode configur\u00e1-lo para exibir ao entrar na p\u00e1gina, ap\u00f3s um determinado tempo na p\u00e1gina, ou quando um visitante rolar uma certa quantidade para baixo.<\/p>\n<p>Al\u00e9m disso, os popups podem ser ativados ao clicar, quando o usu\u00e1rio tentar sair do site, ou por meio de um bot\u00e3o de call-to-action (CTA) para abrir o popup manualmente. Esses gatilhos adapt\u00e1veis ajudam a personalizar o lan\u00e7amento do aplicativo para aumentar o engajamento.<\/p>\n<\/div>\r\n\t\t\t\t\t<\/div>\r\n\t\t\t\t<\/div>\n<\/div>\n<\/div>\n","protected":false},"excerpt":{"rendered":"","protected":false},"author":9,"featured_media":0,"parent":542,"menu_order":0,"comment_status":"closed","ping_status":"closed","template":"templates\/template-application-platform.php","meta":{"publish_to_discourse":"","publish_post_category":"","wpdc_auto_publish_overridden":"","wpdc_topic_tags":"","wpdc_pin_topic":"","wpdc_pin_until":"","discourse_post_id":"","discourse_permalink":"","wpdc_publishing_response":"","wpdc_publishing_error":"","footnotes":""},"class_list":["post-4383","page","type-page","status-publish","hentry"],"yoast_head":"<!-- This site is optimized with the Yoast SEO plugin v25.3.1 - https:\/\/yoast.com\/wordpress\/plugins\/seo\/ -->\n<title>Widget pop-up | Adicione o aplicativo Popup ao site BigCommerce (gr\u00e1tis e r\u00e1pido)<\/title>\n<meta name=\"description\" content=\"Com a Elfsight, crie seu aplicativo pop-up e exiba-o rapidamente na loja BigCommerce. Oferecemos suporte gratuito ao cliente e mais b\u00f4nus.\" \/>\n<meta name=\"robots\" content=\"index, follow, max-snippet:-1, max-image-preview:large, max-video-preview:-1\" \/>\n<link rel=\"canonical\" href=\"https:\/\/elfsight.com\/pt\/popup-widget\/bigcommerce\/\" \/>\n<meta property=\"og:locale\" content=\"pt_PT\" \/>\n<meta property=\"og:type\" content=\"article\" \/>\n<meta property=\"og:title\" content=\"Widget pop-up | Adicione o aplicativo Popup ao site BigCommerce (gr\u00e1tis e r\u00e1pido)\" \/>\n<meta property=\"og:description\" content=\"Com a Elfsight, crie seu aplicativo pop-up e exiba-o rapidamente na loja BigCommerce. Oferecemos suporte gratuito ao cliente e mais b\u00f4nus.\" \/>\n<meta property=\"og:url\" content=\"https:\/\/elfsight.com\/pt\/popup-widget\/bigcommerce\/\" \/>\n<meta property=\"og:site_name\" content=\"Elfsight PT\" \/>\n<meta property=\"article:modified_time\" content=\"2025-01-31T09:01:06+00:00\" \/>\n<meta name=\"twitter:card\" content=\"summary_large_image\" \/>\n<meta name=\"twitter:label1\" content=\"Tempo estimado de leitura\" \/>\n\t<meta name=\"twitter:data1\" content=\"5 minutos\" \/>\n<!-- \/ Yoast SEO plugin. -->","yoast_head_json":{"title":"Widget pop-up | Adicione o aplicativo Popup ao site BigCommerce (gr\u00e1tis e r\u00e1pido)","description":"Com a Elfsight, crie seu aplicativo pop-up e exiba-o rapidamente na loja BigCommerce. Oferecemos suporte gratuito ao cliente e mais b\u00f4nus.","robots":{"index":"index","follow":"follow","max-snippet":"max-snippet:-1","max-image-preview":"max-image-preview:large","max-video-preview":"max-video-preview:-1"},"canonical":"https:\/\/elfsight.com\/pt\/popup-widget\/bigcommerce\/","og_locale":"pt_PT","og_type":"article","og_title":"Widget pop-up | Adicione o aplicativo Popup ao site BigCommerce (gr\u00e1tis e r\u00e1pido)","og_description":"Com a Elfsight, crie seu aplicativo pop-up e exiba-o rapidamente na loja BigCommerce. Oferecemos suporte gratuito ao cliente e mais b\u00f4nus.","og_url":"https:\/\/elfsight.com\/pt\/popup-widget\/bigcommerce\/","og_site_name":"Elfsight PT","article_modified_time":"2025-01-31T09:01:06+00:00","twitter_card":"summary_large_image","twitter_misc":{"Tempo estimado de leitura":"5 minutos"},"schema":{"@context":"https:\/\/schema.org","@graph":[{"@type":"WebPage","@id":"https:\/\/elfsight.com\/pt\/popup-widget\/bigcommerce\/","url":"https:\/\/elfsight.com\/pt\/popup-widget\/bigcommerce\/","name":"Widget pop-up | Adicione o aplicativo Popup ao site BigCommerce (gr\u00e1tis e r\u00e1pido)","isPartOf":{"@id":"https:\/\/elfsight.com\/pt\/#website"},"datePublished":"1970-01-01T00:00:00+00:00","dateModified":"2025-01-31T09:01:06+00:00","description":"Com a Elfsight, crie seu aplicativo pop-up e exiba-o rapidamente na loja BigCommerce. Oferecemos suporte gratuito ao cliente e mais b\u00f4nus.","breadcrumb":{"@id":"https:\/\/elfsight.com\/pt\/popup-widget\/bigcommerce\/#breadcrumb"},"inLanguage":"pt-PT","potentialAction":[{"@type":"ReadAction","target":["https:\/\/elfsight.com\/pt\/popup-widget\/bigcommerce\/"]}]},{"@type":"BreadcrumbList","@id":"https:\/\/elfsight.com\/pt\/popup-widget\/bigcommerce\/#breadcrumb","itemListElement":[{"@type":"ListItem","position":1,"name":"Home","item":"https:\/\/elfsight.com\/pt\/"},{"@type":"ListItem","position":2,"name":"Popup","item":"https:\/\/elfsight.com\/pt\/popup-widget\/"},{"@type":"ListItem","position":3,"name":"Popup &#8211; BigCommerce"}]},{"@type":"WebSite","@id":"https:\/\/elfsight.com\/pt\/#website","url":"https:\/\/elfsight.com\/pt\/","name":"Elfsight PT","description":"Just another Elfsight Sites site","potentialAction":[{"@type":"SearchAction","target":{"@type":"EntryPoint","urlTemplate":"https:\/\/elfsight.com\/pt\/?s={search_term_string}"},"query-input":{"@type":"PropertyValueSpecification","valueRequired":true,"valueName":"search_term_string"}}],"inLanguage":"pt-PT"}]}},"meta_box":{"industry":"","seo_heading":"","heading":"","description":"","cta_heading":"","cta_description":"","application":"541","h1":"Aplicativo pop-up BigCommerce","h1_caption":"Crie todos os tipos de pop-ups para promover ofertas e aumentar as vendas","application_category":[],"applications_title":"","applications_request_title":"","applications_request_button_text":"","hero_text":"","hero_video":"","hero_video_schema_markup":"","selling_points_title":"","selling_points_caption":"","selling_points":[],"selling_points_cta_text":"","features_title":"","features":"","ed_cta_examples_text":"","ed_cta_examples_hidden":"","ed_cta_demo_text":"","ed_cta_demo_hidden":"","why_caption":"","why_editor_title":"","why_editor_text":"","why_team_title":"","why_team_text":"","why_service_title":"","why_service_text":"","template_catalog_visible":"0","template_catalog_title":"","template_catalog_text":"","template_catalog_categories_visible":"","demo_title":"Crie seu aplicativo pop-up","demo_caption":"Configure seu Popup e adicione-o ao seu site BigCommerce gratuitamente!","default_faq_hidden":"","app_template_category":[],"platform":"43","template_public_id":"","codecanyon_url":"","codecanyon_item_id":"","codecanyon_price":"","pricing_caption":"","pricing_elfsight_apps_hide_column":"","pricing_elfsight_apps_url":"","pricing_codecanyon_price_caption":"","integration_category":[],"integration_request_title":"","integration_request_cta":"","integration_platform":"","integrations":[],"platform_category":[],"video_schema_markup":"","price":"a partir de US$ 0\/m\u00eas","trial":"","benefits":[{"text":"Assist\u00eancia de instala\u00e7\u00e3o gratuita"},{"text":"Suporte premium"},{"text":"Garantia de devolu\u00e7\u00e3o do dinheiro em 14 dias"},{"text":"Atualizando constantemente"}],"button_url":"#demo","button_target_blank":"0","button_nofollow":"0","attributes":[{"name":"Instala\u00e7\u00f5es","content":"100,000 - 500,000","_state":"expanded"},{"name":"Responsivo","content":"Sim","_state":"expanded"},{"name":"Navegadores compat\u00edveis","content":"Firefox, Safari, Opera, Chrome, Edge"}],"tags":[],"tags_disable_links":"0","hide_more_platforms":"","video_object":"","demo_hide_cta":"0","demo_hide_cloud_options":"0","pricing_title":"","pricing":[{"pricing_icon":"platform","pricing_title":"Elfsight Apps","pricing_title_caption":"Software independente de plataforma que funciona em qualquer site","pricing_price":"a partir de US$ 0\/m\u00eas","pricing_price_caption":"comece com plano gratuito","pricing_benefits":[{"text":"Dom\u00ednios ilimitados"},{"text":"Suporte ao cliente 24 horas por dia, 7 dias por semana e bem documentado"},{"text":"Suporte ao cliente 24 horas por dia, 7 dias por semana e bem documentado"},{"text":"100% personaliz\u00e1vel"}],"pricing_button_text":"Adicionar ao site","pricing_button_url":"#demo","_state":"expanded"}],"related_apps_title":"","related_apps_hidden":"1","author":"","image":[],"title":"","job":"","social_networks":[]},"_links":{"self":[{"href":"https:\/\/elfsight.com\/pt\/wp-json\/wp\/v2\/pages\/4383","targetHints":{"allow":["GET"]}}],"collection":[{"href":"https:\/\/elfsight.com\/pt\/wp-json\/wp\/v2\/pages"}],"about":[{"href":"https:\/\/elfsight.com\/pt\/wp-json\/wp\/v2\/types\/page"}],"author":[{"embeddable":true,"href":"https:\/\/elfsight.com\/pt\/wp-json\/wp\/v2\/users\/9"}],"replies":[{"embeddable":true,"href":"https:\/\/elfsight.com\/pt\/wp-json\/wp\/v2\/comments?post=4383"}],"version-history":[{"count":3,"href":"https:\/\/elfsight.com\/pt\/wp-json\/wp\/v2\/pages\/4383\/revisions"}],"predecessor-version":[{"id":13702,"href":"https:\/\/elfsight.com\/pt\/wp-json\/wp\/v2\/pages\/4383\/revisions\/13702"}],"up":[{"embeddable":true,"href":"https:\/\/elfsight.com\/pt\/wp-json\/wp\/v2\/pages\/542"}],"wp:attachment":[{"href":"https:\/\/elfsight.com\/pt\/wp-json\/wp\/v2\/media?parent=4383"}],"curies":[{"name":"wp","href":"https:\/\/api.w.org\/{rel}","templated":true}]}}