{"id":4381,"date":"1970-01-01T00:00:00","date_gmt":"1970-01-01T00:00:00","guid":{"rendered":"https:\/\/elfsight.com\/pt\/?page_id=4381"},"modified":"2025-03-04T11:21:47","modified_gmt":"2025-03-04T11:21:47","slug":"bigcommerce","status":"publish","type":"page","link":"https:\/\/elfsight.com\/pt\/pricing-table-plugin\/bigcommerce\/","title":{"rendered":"Pricing Table &#8211; BigCommerce"},"content":{"rendered":"\n<div class=\"application-platform-content-item-description application-platform-content-item\" id=\"description\" data-nav-section=\"description\"><h2>Descri\u00e7\u00e3o<\/h2><p>O pre\u00e7o tem uma das principais posi\u00e7\u00f5es para convencer os clientes a fazer um pedido. A aplica\u00e7\u00e3o Elfsight n\u00e3o s\u00f3 permite aos clientes do site visualizar e medir poss\u00edveis planos de pre\u00e7os muito rapidamente. Tamb\u00e9m ajuda a aumentar a convers\u00e3o ao adicionar as tend\u00eancias mais recentes em interface e layout.<\/p><p><b>Aumente as vendas do seu site para atingir um novo patamar, com a ajuda de um pre\u00e7o poderoso.<\/b><\/p><ul><li><b>Motive os clientes a fazer uma compra<\/b>.<br>Exiba ao m\u00e1ximo as informa\u00e7\u00f5es que seus futuros visitantes procuram de maneira simples e eficiente e conven\u00e7a-os a fazer a escolha \u201csim\u201d.<\/li><li><b>Criando um aplicativo em apenas 90 segundos<\/b>.<br>Reserve alguns minutos para criar um aplicativo perfeito. Escolha diversos par\u00e2metros de interface e informa\u00e7\u00f5es para exibi-los em um \u00fanico clique.<\/li><li><b>Torne seus pre\u00e7os atraentes para os clientes<\/b>.<br>Aplique v\u00e1rias cores, reordene componentes, aplique imagens, para torne seu pre\u00e7o atraente para os clientes e tenha um efeito positivo em suas decis\u00f5es de compra.<\/li><\/ul><\/div><div class=\"application-platform-content-item-features application-platform-content-item\" id=\"features\" data-nav-section=\"features\"><h2>Recursos<\/h2><p>Os recursos que transformam nosso aplicativo na melhor tabela de pre\u00e7os para sites do BigCommerce.<\/p><ul><li>6 elementos de coluna predefinidos que podem ser organizados e personalizados para obter a apar\u00eancia perfeita;<\/li><li>5 skins predefinidos, apresentando diferentes esquemas de cores;<\/li><li>Os elementos de cor de cada coluna podem ser personalizados individualmente;<\/li><li>Vincular o bot\u00e3o \u00e0 p\u00e1gina necess\u00e1ria;<\/li><li>Tamanho e peso da fonte personaliz\u00e1veis.<\/li><\/ul><p><a href=\"#demo\">Voc\u00ea pode experimentar todas as vantagens no configurador ao vivo<\/a><\/p><\/div><div class=\"application-platform-content-item-installation application-platform-content-item\" id=\"installation\" data-nav-section=\"installation\"><h2>Como para adicionar tabela de pre\u00e7os ao site BigCommerce<\/h2><div class=\"video-container\"><iframe width=\"720\" height=\"405\" src=\"https:\/\/www.youtube.com\/embed\/6FAtK0nPi1o\" frameborder=\"0\" allowfullscreen=\"\"><\/iframe><\/div><p>Basta seguir as etapas abaixo para integrar o aplicativo no BigCommerce.<\/p> <ol><li><b>Realize nosso editor gratuito e comece a moldar seu widget personalizado. <\/b><br> Encontre a interface e os recursos preferidos do widget e salve as edi\u00e7\u00f5es. <\/li> <li><b>Adquira o c\u00f3digo pessoal apresentado no formul\u00e1rio especial nas Apps Elfsight. <\/b><br> Logo ap\u00f3s a conclus\u00e3o da configura\u00e7\u00e3o do seu widget, copie o c\u00f3digo individual no pop-up que aparece e guarde-o para ocasi\u00f5es futuras. <\/li> <li><b>Iniciar o uso do widget Pricing no site BigCommerce. <\/b><br>Incorpore o c\u00f3digo que voc\u00ea salvou recentemente em seu site e aplique as melhorias. <\/li> <li><b>Conclu\u00eddo! A integra\u00e7\u00e3o foi realizada com sucesso. <\/b><br> Acesse sua p\u00e1gina para observar como o plugin funciona. <\/li><\/ol><p>Est\u00e1 tendo problemas com a integra\u00e7\u00e3o do aplicativo? Consulte nosso extenso guia \u00ab<a href=\"https:\/\/elfsight.com\/tutorials\/how-to-add-pricing-table-to-bigcommerce\/\" target=\"_blank\" rel=\"noopener noreferrer\">Como integrar tabela de pre\u00e7os em um BigCommerce<\/a>\u00bb ou entre em contato com nosso suporte ao cliente, que resolver\u00e1 qualquer tipo de problema rapidamente.<\/p><div class=\"faq\" data-component=\"FAQ\"> <div class=\"faq-item\">\r\n\t\t\t\t\t<div class=\"faq-item-question\">\r\n\t\t\t\t\t\t<h3 class=\"faq-item-question-text\">Como posso adicionar uma tabela de pre\u00e7os ao meu site BigCommerce sem conhecimentos de programa\u00e7\u00e3o?<\/h3>\r\n\r\n\t\t\t\t\t\t<div class=\"faq-item-question-icon\"><\/div>\r\n\t\t\t\t\t<\/div>\r\n\r\n\t\t\t\t\t<div class=\"faq-item-answer\">\r\n\t\t\t\t\t\t<div class=\"faq-item-answer-text\">\n\n<p>A Elfsight oferece uma solu\u00e7\u00e3o SaaS que permite criar facilmente um widget de tabela de pre\u00e7os. Veja como o processo \u00e9 simples:<\/p> <ul> <li>Trabalhe diretamente no editor online para criar um widget de tabela de pre\u00e7os que deseja integrar ao seu site BigCommerce.<\/li> <li>Escolha um dos modelos predefinidos, ajuste as configura\u00e7\u00f5es da tabela de pre\u00e7os, adicione seu conte\u00fado e personalize o layout e as cores \u2013 tudo sem necessidade de conhecimentos de programa\u00e7\u00e3o.<\/li> <li>Salve a tabela de pre\u00e7os e copie o c\u00f3digo de instala\u00e7\u00e3o, que pode ser facilmente adicionado ao seu site BigCommerce sem precisar adquirir uma vers\u00e3o paga.<\/li> <\/ul> <p>Com nosso editor intuitivo, qualquer usu\u00e1rio pode criar um widget de tabela de pre\u00e7os e incorpor\u00e1-lo facilmente ao seu site BigCommerce. N\u00e3o \u00e9 necess\u00e1rio pagar ou inserir seus dados de pagamento para acessar o servi\u00e7o. Caso encontre algum problema em qualquer etapa, nossa equipe de suporte t\u00e9cnico estar\u00e1 pronta para ajudar.<\/p> <\/div>\r\n\t\t\t\t\t<\/div>\r\n\t\t\t\t<\/div> <\/div> <\/div>\n","protected":false},"excerpt":{"rendered":"","protected":false},"author":9,"featured_media":0,"parent":793,"menu_order":0,"comment_status":"closed","ping_status":"closed","template":"templates\/template-application-platform.php","meta":{"publish_to_discourse":"","publish_post_category":"","wpdc_auto_publish_overridden":"","wpdc_topic_tags":"","wpdc_pin_topic":"","wpdc_pin_until":"","discourse_post_id":"","discourse_permalink":"","wpdc_publishing_response":"","wpdc_publishing_error":"","footnotes":""},"class_list":["post-4381","page","type-page","status-publish","hentry"],"yoast_head":"<!-- This site is optimized with the Yoast SEO plugin v25.3.1 - https:\/\/yoast.com\/wordpress\/plugins\/seo\/ -->\n<title>Tabela de pre\u00e7os - Adicionar aplicativo de pre\u00e7os ao site BigCommerce<\/title>\n<meta name=\"description\" content=\"Obtenha o aplicativo Pricing Table para Bigcommerce em apenas 3 minutos. Teste todas as principais vantagens do plugin de melhor pre\u00e7o na demonstra\u00e7\u00e3o gratuita.\" \/>\n<meta name=\"robots\" content=\"index, follow, max-snippet:-1, max-image-preview:large, max-video-preview:-1\" \/>\n<link rel=\"canonical\" href=\"https:\/\/elfsight.com\/pt\/pricing-table-plugin\/bigcommerce\/\" \/>\n<meta property=\"og:locale\" content=\"pt_PT\" \/>\n<meta property=\"og:type\" content=\"article\" \/>\n<meta property=\"og:title\" content=\"Tabela de pre\u00e7os - Adicionar aplicativo de pre\u00e7os ao site BigCommerce\" \/>\n<meta property=\"og:description\" content=\"Obtenha o aplicativo Pricing Table para Bigcommerce em apenas 3 minutos. Teste todas as principais vantagens do plugin de melhor pre\u00e7o na demonstra\u00e7\u00e3o gratuita.\" \/>\n<meta property=\"og:url\" content=\"https:\/\/elfsight.com\/pt\/pricing-table-plugin\/bigcommerce\/\" \/>\n<meta property=\"og:site_name\" content=\"Elfsight PT\" \/>\n<meta property=\"article:modified_time\" content=\"2025-03-04T11:21:47+00:00\" \/>\n<meta name=\"twitter:card\" content=\"summary_large_image\" \/>\n<meta name=\"twitter:label1\" content=\"Tempo estimado de leitura\" \/>\n\t<meta name=\"twitter:data1\" content=\"4 minutos\" \/>\n<!-- \/ Yoast SEO plugin. -->","yoast_head_json":{"title":"Tabela de pre\u00e7os - Adicionar aplicativo de pre\u00e7os ao site BigCommerce","description":"Obtenha o aplicativo Pricing Table para Bigcommerce em apenas 3 minutos. Teste todas as principais vantagens do plugin de melhor pre\u00e7o na demonstra\u00e7\u00e3o gratuita.","robots":{"index":"index","follow":"follow","max-snippet":"max-snippet:-1","max-image-preview":"max-image-preview:large","max-video-preview":"max-video-preview:-1"},"canonical":"https:\/\/elfsight.com\/pt\/pricing-table-plugin\/bigcommerce\/","og_locale":"pt_PT","og_type":"article","og_title":"Tabela de pre\u00e7os - Adicionar aplicativo de pre\u00e7os ao site BigCommerce","og_description":"Obtenha o aplicativo Pricing Table para Bigcommerce em apenas 3 minutos. Teste todas as principais vantagens do plugin de melhor pre\u00e7o na demonstra\u00e7\u00e3o gratuita.","og_url":"https:\/\/elfsight.com\/pt\/pricing-table-plugin\/bigcommerce\/","og_site_name":"Elfsight PT","article_modified_time":"2025-03-04T11:21:47+00:00","twitter_card":"summary_large_image","twitter_misc":{"Tempo estimado de leitura":"4 minutos"},"schema":{"@context":"https:\/\/schema.org","@graph":[{"@type":"WebPage","@id":"https:\/\/elfsight.com\/pt\/pricing-table-plugin\/bigcommerce\/","url":"https:\/\/elfsight.com\/pt\/pricing-table-plugin\/bigcommerce\/","name":"Tabela de pre\u00e7os - Adicionar aplicativo de pre\u00e7os ao site BigCommerce","isPartOf":{"@id":"https:\/\/elfsight.com\/pt\/#website"},"datePublished":"1970-01-01T00:00:00+00:00","dateModified":"2025-03-04T11:21:47+00:00","description":"Obtenha o aplicativo Pricing Table para Bigcommerce em apenas 3 minutos. Teste todas as principais vantagens do plugin de melhor pre\u00e7o na demonstra\u00e7\u00e3o gratuita.","breadcrumb":{"@id":"https:\/\/elfsight.com\/pt\/pricing-table-plugin\/bigcommerce\/#breadcrumb"},"inLanguage":"pt-PT","potentialAction":[{"@type":"ReadAction","target":["https:\/\/elfsight.com\/pt\/pricing-table-plugin\/bigcommerce\/"]}]},{"@type":"BreadcrumbList","@id":"https:\/\/elfsight.com\/pt\/pricing-table-plugin\/bigcommerce\/#breadcrumb","itemListElement":[{"@type":"ListItem","position":1,"name":"Home","item":"https:\/\/elfsight.com\/pt\/"},{"@type":"ListItem","position":2,"name":"Pricing Table","item":"https:\/\/elfsight.com\/pt\/pricing-table-plugin\/"},{"@type":"ListItem","position":3,"name":"Pricing Table &#8211; BigCommerce"}]},{"@type":"WebSite","@id":"https:\/\/elfsight.com\/pt\/#website","url":"https:\/\/elfsight.com\/pt\/","name":"Elfsight PT","description":"Just another Elfsight Sites site","potentialAction":[{"@type":"SearchAction","target":{"@type":"EntryPoint","urlTemplate":"https:\/\/elfsight.com\/pt\/?s={search_term_string}"},"query-input":{"@type":"PropertyValueSpecification","valueRequired":true,"valueName":"search_term_string"}}],"inLanguage":"pt-PT"}]}},"meta_box":{"industry":"","seo_heading":"","heading":"","description":"","cta_heading":"","cta_description":"","application":"792","h1":"Aplicativo de tabela de pre\u00e7os para BigCommerce","h1_caption":"Forne\u00e7a ajuda aos usu\u00e1rios do seu site na tomada de decis\u00e3o de compra","application_category":[],"applications_title":"","applications_request_title":"","applications_request_button_text":"","hero_text":"","hero_video":"","hero_video_schema_markup":"","selling_points_title":"","selling_points_caption":"","selling_points":[],"selling_points_cta_text":"","features_title":"","features":"","ed_cta_examples_text":"","ed_cta_examples_hidden":"","ed_cta_demo_text":"","ed_cta_demo_hidden":"","why_caption":"","why_editor_title":"","why_editor_text":"","why_team_title":"","why_team_text":"","why_service_title":"","why_service_text":"","template_catalog_visible":"0","template_catalog_title":"","template_catalog_text":"","template_catalog_categories_visible":"","demo_title":"Crie seu aplicativo Tabela de pre\u00e7os","demo_caption":"Configure sua Tabela de Pre\u00e7os e adicione-a ao seu site BigCommerce gratuitamente!","default_faq_hidden":"","app_template_category":[],"platform":"43","template_public_id":"","codecanyon_url":"","codecanyon_item_id":"","codecanyon_price":"","pricing_caption":"","pricing_elfsight_apps_hide_column":"","pricing_elfsight_apps_url":"","pricing_codecanyon_price_caption":"","integration_category":[],"integration_request_title":"","integration_request_cta":"","integration_platform":"","integrations":[],"platform_category":[],"video_schema_markup":"","price":"a partir de US$ 0\/m\u00eas","trial":"","benefits":[{"text":"Servi\u00e7o de instala\u00e7\u00e3o gratuito"},{"text":"Suporte ao cliente experiente"},{"text":"Garantia de devolu\u00e7\u00e3o do dinheiro em 14 dias"},{"text":"Atualizando constantemente"}],"button_url":"#demo","button_target_blank":"0","button_nofollow":"0","attributes":[{"name":"Instala\u00e7\u00f5es","content":"10,000 - 100,000","_state":"expanded"},{"name":"Responsivo","content":"Sim","_state":"expanded"},{"name":"Navegadores compat\u00edveis","content":"Firefox, Safari, Opera, Chrome, Edge"}],"tags":[],"tags_disable_links":"0","hide_more_platforms":"0","video_object":"","demo_hide_cta":"0","demo_hide_cloud_options":"0","pricing_title":"","pricing":[{"pricing_icon":"platform","pricing_title":"Elfsight Apps","pricing_title_caption":"Solu\u00e7\u00e3o digital multiplataforma","pricing_price":"a partir de US$ 0\/m\u00eas","pricing_price_caption":"comece com um plano gratuito","pricing_benefits":[{"text":"Sites ilimitados"},{"text":"Suporte dedicado e pontual"},{"text":"Suporte dedicado e pontual"},{"text":"Design flex\u00edvel"}],"pricing_button_text":"Adicionar ao site","pricing_button_url":"#demo","_state":"expanded"}],"related_apps_title":"","related_apps_hidden":"1","author":"","image":[],"title":"","job":"","social_networks":[]},"_links":{"self":[{"href":"https:\/\/elfsight.com\/pt\/wp-json\/wp\/v2\/pages\/4381","targetHints":{"allow":["GET"]}}],"collection":[{"href":"https:\/\/elfsight.com\/pt\/wp-json\/wp\/v2\/pages"}],"about":[{"href":"https:\/\/elfsight.com\/pt\/wp-json\/wp\/v2\/types\/page"}],"author":[{"embeddable":true,"href":"https:\/\/elfsight.com\/pt\/wp-json\/wp\/v2\/users\/9"}],"replies":[{"embeddable":true,"href":"https:\/\/elfsight.com\/pt\/wp-json\/wp\/v2\/comments?post=4381"}],"version-history":[{"count":3,"href":"https:\/\/elfsight.com\/pt\/wp-json\/wp\/v2\/pages\/4381\/revisions"}],"predecessor-version":[{"id":14310,"href":"https:\/\/elfsight.com\/pt\/wp-json\/wp\/v2\/pages\/4381\/revisions\/14310"}],"up":[{"embeddable":true,"href":"https:\/\/elfsight.com\/pt\/wp-json\/wp\/v2\/pages\/793"}],"wp:attachment":[{"href":"https:\/\/elfsight.com\/pt\/wp-json\/wp\/v2\/media?parent=4381"}],"curies":[{"name":"wp","href":"https:\/\/api.w.org\/{rel}","templated":true}]}}