{"id":4372,"date":"2024-05-03T06:39:50","date_gmt":"2024-05-03T06:39:50","guid":{"rendered":"https:\/\/elfsight.com\/pt\/?page_id=4372"},"modified":"2025-01-21T10:44:40","modified_gmt":"2025-01-21T10:44:40","slug":"wordpress","status":"publish","type":"page","link":"https:\/\/elfsight.com\/pt\/instagram-feed-instashow\/wordpress\/","title":{"rendered":"Instagram Feed &#8211; WordPress"},"content":{"rendered":"\n<div class=\"application-platform-content-item-description application-platform-content-item\" id=\"description\" data-nav-section=\"description\"><h2>Incorpore o feed do Instagram no WordPress com o plugin Elfsight<\/h2> <p>Mais de 60 par\u00e2metros vari\u00e1veis \u200b\u200bdo incr\u00edvel InstaShow Instagram Feed para WordPress definitivamente ajude a mostrar ao seu p\u00fablico o que voc\u00ea tem de melhor. Apresente fotos do seu pessoal ou altere as cores dos elementos do plugin, personalize a interface do usu\u00e1rio e a estrutura do plugin &#8211; incorpore quaisquer desejos criativos. Encontre o visual mais adequado para fotos do seu perfil e adicione o Instagram ao WordPress em segundos!<\/p> <p><b>Aproveite os esquemas de cores mais flex\u00edveis, mais de 60 par\u00e2metros ajust\u00e1veis \u200b\u200be casos de uso incr\u00edveis para WordPress!<\/b><\/p> <div class=\"faq\" data-component=\"FAQ\"> <div class=\"faq-item\">\r\n\t\t\t\t\t<div class=\"faq-item-question\">\r\n\t\t\t\t\t\t<h3 class=\"faq-item-question-text\">Quais outros plug-ins para WordPress voc\u00ea tem?<\/h3>\r\n\r\n\t\t\t\t\t\t<div class=\"faq-item-question-icon\"><\/div>\r\n\t\t\t\t\t<\/div>\r\n\r\n\t\t\t\t\t<div class=\"faq-item-answer\">\r\n\t\t\t\t\t\t<div class=\"faq-item-answer-text\"> <p>Voc\u00ea est\u00e1 convidado a testar uma infinidade de plug-ins para qualquer finalidade em seu site, independentemente da sua esfera de neg\u00f3cios. Veja voc\u00ea mesmo: <a href=\"https:\/\/elfsight.com\/whatsapp-chat-widget\/wordpress\/\">WhatsApp Chat<\/a>, <a href=\"https:\/\/elfsight.com\/facebook-chat -widget\/wordpress\/\">Bate-papo do Facebook<\/a>, <a href=\"https:\/\/elfsight.com\/google-reviews-widget\/wordpress\/\">Google Reviews<\/a>, <a href=\"https:\/\/elfsight.com\/testimonials-slider-widget\/wordpress\/\">Controle deslizante de depoimentos<\/a>, <a href=\"https:\/\/elfsight.com\/youtube-channel-plugin-yottie\/wordpress\/\">YouTube Galeria<\/a>.<\/p> <\/div>\r\n\t\t\t\t\t<\/div>\r\n\t\t\t\t<\/div> <div class=\"faq-item\">\r\n\t\t\t\t\t<div class=\"faq-item-question\">\r\n\t\t\t\t\t\t<h3 class=\"faq-item-question-text\">Como incorporar feed do Instagram gratuitamente no WordPress?<\/h3>\r\n\r\n\t\t\t\t\t\t<div class=\"faq-item-question-icon\"><\/div>\r\n\t\t\t\t\t<\/div>\r\n\r\n\t\t\t\t\t<div class=\"faq-item-answer\">\r\n\t\t\t\t\t\t<div class=\"faq-item-answer-text\"> <ol><p>Adicionando um arquivo <a href=\"https:\/\/elfsight.com\/blog\/how-to-embed-instagram-feed-on-website\/\">Site do Instagram<\/a> O feed do seu site aumenta seu apelo visual e promove a intera\u00e7\u00e3o do usu\u00e1rio.<\/p><ol><li>Para incorpore um feed do Instagram da Elfsight gratuitamente no WordPress, visite o site da Elfsight e registre-se para obter uma conta gratuita.<\/li><li>Aproveite ao m\u00e1ximo o plugin gratuito do Instagram, personalizando sua apar\u00eancia e configura\u00e7\u00f5es para harmonizar com o seu site WordPress. design.<\/li><li>Depois de ajustar seu feed do Instagram gratuitamente, copie o c\u00f3digo de incorpora\u00e7\u00e3o distinto e insira-o no HTML do seu site WordPress no local desejado.<\/li><\/ol><p>Ao integrar o feed do Instagram ao seu site WordPress, voc\u00ea aumentar\u00e1 seu apelo visual e promover\u00e1 a intera\u00e7\u00e3o cont\u00ednua do usu\u00e1rio. Aproveite as vantagens do plugin Elfsight para Instagram sem gastar um centavo!<\/p><\/ol><\/div>\r\n\t\t\t\t\t<\/div>\r\n\t\t\t\t<\/div> <div class=\"faq-item\">\r\n\t\t\t\t\t<div class=\"faq-item-question\">\r\n\t\t\t\t\t\t<h3 class=\"faq-item-question-text\">Posso testar seu feed do Instagram em a\u00e7\u00e3o?<\/h3>\r\n\r\n\t\t\t\t\t\t<div class=\"faq-item-question-icon\"><\/div>\r\n\t\t\t\t\t<\/div>\r\n\r\n\t\t\t\t\t<div class=\"faq-item-answer\">\r\n\t\t\t\t\t\t<div class=\"faq-item-answer-text\"> <p>Sim, claro. Voc\u00ea est\u00e1 convidado a usar nossa demonstra\u00e7\u00e3o ao vivo para ver o plugin em a\u00e7\u00e3o ao vivo. A prop\u00f3sito, voc\u00ea pode usar a <a href=\"https:\/\/elfsight.com\/instagram-feed-instashow\/#demo\">demonstra\u00e7\u00e3o<\/a> para adicionar o plugin Instagram Feed ao seu site WordPress.<\/p><\/div>\r\n\t\t\t\t\t<\/div>\r\n\t\t\t\t<\/div> <\/div><\/div> <div class=\"application-platform-content-item-features application-platform-content-item\" id=\"features\" data-nav-section=\"features\"> <h2>Principais recursos do Instagram Feed da Elfsight<\/h2><p>Incorpore o Instagram Feed no WordPress em segundos com a ajuda de nosso plugar. A cria\u00e7\u00e3o leva apenas alguns segundos e voc\u00ea obt\u00e9m muitos benef\u00edcios sem programa\u00e7\u00e3o.<\/p><ul><li><b>Conta pessoal ou empresarial do Instagram<\/b>.<br>Exiba conte\u00fado de v\u00eddeo e foto de sua conta pessoal ou empresarial. Conta empresarial do Instagram.<\/li><li><b>Filtros de feed<\/b>.<br>Filtros com duas op\u00e7\u00f5es: \u00abexceto\u00bb para moderar seu feed e \u00abapenas\u00bb para mostrar fotos espec\u00edficas. <\/li><li><b>Mobile Responsive<\/b>.<br>Adapt\u00e1vel a qualquer resolu\u00e7\u00e3o de tela: o widget mostrar\u00e1 o conte\u00fado da melhor maneira poss\u00edvel. <\/li><li><b>Layouts predefinidos<\/b>.<br>Controles deslizantes ou grades e 8 modelos de postagem predefinidos &#8211; do bloco ao cl\u00e1ssico.<\/li><li><p><strong>Aumente o tempo gasto em um site.<\/strong><br>As pessoas rolam as postagens e desfrutam de fotos atraentes por mais tempo.<\/p><\/li><li><p><strong>O widget aumenta o envolvimento.<\/strong><br>Os visitantes do site interagem com essa ferramenta familiar e voc\u00ea obt\u00e9m mais envolvimento.<\/p><\/li><li><p><strong>Isso torna seu site um centro para plataformas sociais.<\/strong><br> \u00c9 uma boa ideia apresentar conte\u00fado de m\u00eddia social diretamente no seu site e obter mais seguidores nas plataformas sociais.<\/p><\/li><li><p><strong>O feed do Instagram se torna parte integrante do design do site.<\/strong><br>Gra\u00e7as a todas as op\u00e7\u00f5es de personaliza\u00e7\u00e3o, voc\u00ea pode criar uma galeria de fotos que combina perfeitamente com a apar\u00eancia do site.<\/p><\/li><li><p><strong>N\u00e3o h\u00e1 necessidade de estude a API do Instagram.<\/strong><br>Sempre existe uma op\u00e7\u00e3o de agregar conte\u00fado do Instagram em um site com a ajuda de uma API oficial, mas levar\u00e1 muito tempo para criar tal grade.<\/p><\/li> <li><p><strong>Aumente a confian\u00e7a em sua marca.<\/strong><br>Quando voc\u00ea \u00e9 consistente na plataforma popular e recebe boas cr\u00edticas nela, isso ajuda a garantir que os compradores em potencial sejam uma marca confi\u00e1vel.<\/p><\/li><li><p><strong>O plugin embeleza o seu site.<\/strong><br>Os perfis do Instagram s\u00e3o sempre surpreendentes e convertem. Incorpore o Instagram no WordPress e gere mais vendas, al\u00e9m de decorar seu site.<\/p><\/li><\/ul><p><a href=\"#demo\">Basta experimentar esta demonstra\u00e7\u00e3o para ver como funciona <\/a><\/p><\/div> <div class=\"application-platform-content-item-installation application-platform-content-item\" id=\"installation\" data-nav-section=\"installation\"> <h2>Como incorporar o feed do Instagram em meu site WordPress? <\/h2><div class=\"video-container\"><iframe width=\"720\" height=\"405\" src=\"https:\/\/www.youtube.com\/embed\/HIGFce-qXhE\" frameborder=\"0\" allowfullscreen=\"\"><\/iframe><\/div><p>Basta seguir estas etapas apresentadas abaixo para incorporar o c\u00f3digo do Instagram.<\/p> <ol><li><b>Inicie nosso editor gratuito e comece a criar o seu pr\u00f3prio plugin.<\/b><br> Especifique a apar\u00eancia desej\u00e1vel e as caracter\u00edsticas funcionais da ferramenta e aplique as altera\u00e7\u00f5es. <\/li> <li><b>Obtenha o c\u00f3digo individual que aparece no formul\u00e1rio especial nas aplica\u00e7\u00f5es Elfsight. <\/b><br> Logo ap\u00f3s o estabelecimento do seu plugin, copie o c\u00f3digo individual da caixa exibida e salve-o para uso futuro. <\/li> <li><b>Comece a usar o plugin no seu site WordPress. <\/b><br> Incorpore o c\u00f3digo do plugin copiado anteriormente em sua p\u00e1gina e salve as melhorias. <\/li> <li><b>A configura\u00e7\u00e3o foi bem-sucedida. <\/b><br> Acesse seu site para observar o funcionamento do plugin WordPress Instagram Feed. <\/li><\/ol> <p>Caso voc\u00ea ainda tenha alguma d\u00favida sobre como adicionar o plugin de feed do Instagram ao WordPress, sinta-se \u00e0 vontade para entrar em contato com nossa equipe de suporte. Eles ficar\u00e3o felizes em resolver todas as dificuldades que voc\u00ea possa ter com o produto. <\/p> <\/div>\n","protected":false},"excerpt":{"rendered":"","protected":false},"author":9,"featured_media":0,"parent":481,"menu_order":0,"comment_status":"closed","ping_status":"closed","template":"templates\/template-application-platform.php","meta":{"publish_to_discourse":"","publish_post_category":"","wpdc_auto_publish_overridden":"","wpdc_topic_tags":"","wpdc_pin_topic":"","wpdc_pin_until":"","discourse_post_id":"","discourse_permalink":"","wpdc_publishing_response":"","wpdc_publishing_error":"","footnotes":""},"class_list":["post-4372","page","type-page","status-publish","hentry"],"yoast_head":"<!-- This site is optimized with the Yoast SEO plugin v25.3.1 - https:\/\/yoast.com\/wordpress\/plugins\/seo\/ -->\n<title>Plug-in Wordpress Instagram Feed - Adicionar Instagram ao Wordpress [2025]<\/title>\n<meta name=\"description\" content=\"Novo plugin para WordPress Instagram - InstaShow! A vasta personaliza\u00e7\u00e3o permite incorporar o feed do Instagram no site WordPress!\" \/>\n<meta name=\"robots\" content=\"index, follow, max-snippet:-1, max-image-preview:large, max-video-preview:-1\" \/>\n<link rel=\"canonical\" href=\"https:\/\/elfsight.com\/pt\/instagram-feed-instashow\/wordpress\/\" \/>\n<meta property=\"og:locale\" content=\"pt_PT\" \/>\n<meta property=\"og:type\" content=\"article\" \/>\n<meta property=\"og:title\" content=\"Plug-in Wordpress Instagram Feed - Adicionar Instagram ao Wordpress [2025]\" \/>\n<meta property=\"og:description\" content=\"Novo plugin para WordPress Instagram - InstaShow! A vasta personaliza\u00e7\u00e3o permite incorporar o feed do Instagram no site WordPress!\" \/>\n<meta property=\"og:url\" content=\"https:\/\/elfsight.com\/pt\/instagram-feed-instashow\/wordpress\/\" \/>\n<meta property=\"og:site_name\" content=\"Elfsight PT\" \/>\n<meta property=\"article:modified_time\" content=\"2025-01-21T10:44:40+00:00\" \/>\n<meta name=\"twitter:card\" content=\"summary_large_image\" \/>\n<meta name=\"twitter:label1\" content=\"Tempo estimado de leitura\" \/>\n\t<meta name=\"twitter:data1\" content=\"5 minutos\" \/>\n<!-- \/ Yoast SEO plugin. -->","yoast_head_json":{"title":"Plug-in Wordpress Instagram Feed - Adicionar Instagram ao Wordpress [2025]","description":"Novo plugin para WordPress Instagram - InstaShow! A vasta personaliza\u00e7\u00e3o permite incorporar o feed do Instagram no site WordPress!","robots":{"index":"index","follow":"follow","max-snippet":"max-snippet:-1","max-image-preview":"max-image-preview:large","max-video-preview":"max-video-preview:-1"},"canonical":"https:\/\/elfsight.com\/pt\/instagram-feed-instashow\/wordpress\/","og_locale":"pt_PT","og_type":"article","og_title":"Plug-in Wordpress Instagram Feed - Adicionar Instagram ao Wordpress [2025]","og_description":"Novo plugin para WordPress Instagram - InstaShow! A vasta personaliza\u00e7\u00e3o permite incorporar o feed do Instagram no site WordPress!","og_url":"https:\/\/elfsight.com\/pt\/instagram-feed-instashow\/wordpress\/","og_site_name":"Elfsight PT","article_modified_time":"2025-01-21T10:44:40+00:00","twitter_card":"summary_large_image","twitter_misc":{"Tempo estimado de leitura":"5 minutos"},"schema":{"@context":"https:\/\/schema.org","@graph":[{"@type":"WebPage","@id":"https:\/\/elfsight.com\/pt\/instagram-feed-instashow\/wordpress\/","url":"https:\/\/elfsight.com\/pt\/instagram-feed-instashow\/wordpress\/","name":"Plug-in Wordpress Instagram Feed - Adicionar Instagram ao Wordpress [2025]","isPartOf":{"@id":"https:\/\/elfsight.com\/pt\/#website"},"datePublished":"2024-05-03T06:39:50+00:00","dateModified":"2025-01-21T10:44:40+00:00","description":"Novo plugin para WordPress Instagram - InstaShow! A vasta personaliza\u00e7\u00e3o permite incorporar o feed do Instagram no site WordPress!","breadcrumb":{"@id":"https:\/\/elfsight.com\/pt\/instagram-feed-instashow\/wordpress\/#breadcrumb"},"inLanguage":"pt-PT","potentialAction":[{"@type":"ReadAction","target":["https:\/\/elfsight.com\/pt\/instagram-feed-instashow\/wordpress\/"]}]},{"@type":"BreadcrumbList","@id":"https:\/\/elfsight.com\/pt\/instagram-feed-instashow\/wordpress\/#breadcrumb","itemListElement":[{"@type":"ListItem","position":1,"name":"Home","item":"https:\/\/elfsight.com\/pt\/"},{"@type":"ListItem","position":2,"name":"Instagram Feed","item":"https:\/\/elfsight.com\/pt\/instagram-feed-instashow\/"},{"@type":"ListItem","position":3,"name":"Instagram Feed &#8211; WordPress"}]},{"@type":"WebSite","@id":"https:\/\/elfsight.com\/pt\/#website","url":"https:\/\/elfsight.com\/pt\/","name":"Elfsight PT","description":"Just another Elfsight Sites site","potentialAction":[{"@type":"SearchAction","target":{"@type":"EntryPoint","urlTemplate":"https:\/\/elfsight.com\/pt\/?s={search_term_string}"},"query-input":{"@type":"PropertyValueSpecification","valueRequired":true,"valueName":"search_term_string"}}],"inLanguage":"pt-PT"}]}},"meta_box":{"industry":"","seo_heading":"","heading":"","description":"","cta_heading":"","cta_description":"","application":"480","h1":"Plug-in de feed do Instagram para WordPress","h1_caption":"Incorpore imagens, v\u00eddeos e galerias do Instagram em seu site WordPress","application_category":[],"applications_title":"","applications_request_title":"","applications_request_button_text":"","hero_text":"","hero_video":"","hero_video_schema_markup":"","selling_points_title":"","selling_points_caption":"","selling_points":[],"selling_points_cta_text":"","features_title":"","features":"","ed_cta_examples_text":"","ed_cta_examples_hidden":"","ed_cta_demo_text":"","ed_cta_demo_hidden":"","why_caption":"","why_editor_title":"","why_editor_text":"","why_team_title":"","why_team_text":"","why_service_title":"","why_service_text":"","template_catalog_visible":"0","template_catalog_title":"","template_catalog_text":"","template_catalog_categories_visible":"","demo_title":"Crie seu plugin de feed do Instagram","demo_caption":"Configure seu feed do Instagram e adicione-o ao seu site WordPress gratuitamente!","default_faq_hidden":"","app_template_category":[],"platform":"34","template_public_id":"","codecanyon_url":"","codecanyon_item_id":"","codecanyon_price":"","pricing_caption":"","pricing_elfsight_apps_hide_column":"","pricing_elfsight_apps_url":"","pricing_codecanyon_price_caption":"","integration_category":[],"integration_request_title":"","integration_request_cta":"","integration_platform":"","integrations":[],"platform_category":[],"video_schema_markup":"","price":"a partir de US$ 0\/m\u00eas","trial":"","benefits":[{"text":"Ajuda de instala\u00e7\u00e3o gratuita"},{"text":"Suporte excepcional"},{"text":"Garantia de reembolso de 14 dias"},{"text":"Melhorias cont\u00ednuas"}],"button_url":"#demo","button_target_blank":"0","button_nofollow":"0","attributes":[{"name":"Instala\u00e7\u00f5es","content":"100,000 - 500,000","_state":"expanded"},{"name":"Responsivo","content":"Sim","_state":"expanded"},{"name":"Navegadores compat\u00edveis","content":"Firefox, Safari, Opera, Chrome, Edge"}],"tags":[],"tags_disable_links":"0","hide_more_platforms":"","video_object":"","demo_hide_cta":"0","demo_hide_cloud_options":"0","pricing_title":"","pricing":[{"pricing_icon":"platform","pricing_title":"Elfsight Apps","pricing_title_caption":"Solu\u00e7\u00e3o digital multiplataforma que funciona em qualquer site","pricing_price":"a partir de US$ 0\/m\u00eas","pricing_price_caption":"comece com um plano gratuito","pricing_benefits":[{"text":"Sites ilimitados"},{"text":"Suporte profissional"},{"text":"Suporte profissional"},{"text":"100% personaliz\u00e1vel"}],"pricing_button_text":"Adicionar ao site","pricing_button_url":"#demo","_state":"expanded"}],"related_apps_title":"","related_apps_hidden":"1","author":"","image":[],"title":"","job":"","social_networks":[]},"_links":{"self":[{"href":"https:\/\/elfsight.com\/pt\/wp-json\/wp\/v2\/pages\/4372","targetHints":{"allow":["GET"]}}],"collection":[{"href":"https:\/\/elfsight.com\/pt\/wp-json\/wp\/v2\/pages"}],"about":[{"href":"https:\/\/elfsight.com\/pt\/wp-json\/wp\/v2\/types\/page"}],"author":[{"embeddable":true,"href":"https:\/\/elfsight.com\/pt\/wp-json\/wp\/v2\/users\/9"}],"replies":[{"embeddable":true,"href":"https:\/\/elfsight.com\/pt\/wp-json\/wp\/v2\/comments?post=4372"}],"version-history":[{"count":3,"href":"https:\/\/elfsight.com\/pt\/wp-json\/wp\/v2\/pages\/4372\/revisions"}],"predecessor-version":[{"id":13631,"href":"https:\/\/elfsight.com\/pt\/wp-json\/wp\/v2\/pages\/4372\/revisions\/13631"}],"up":[{"embeddable":true,"href":"https:\/\/elfsight.com\/pt\/wp-json\/wp\/v2\/pages\/481"}],"wp:attachment":[{"href":"https:\/\/elfsight.com\/pt\/wp-json\/wp\/v2\/media?parent=4372"}],"curies":[{"name":"wp","href":"https:\/\/api.w.org\/{rel}","templated":true}]}}