{"id":4368,"date":"2024-05-03T06:39:44","date_gmt":"2024-05-03T06:39:44","guid":{"rendered":"https:\/\/elfsight.com\/pt\/?page_id=4368"},"modified":"2025-01-21T10:42:07","modified_gmt":"2025-01-21T10:42:07","slug":"wix","status":"publish","type":"page","link":"https:\/\/elfsight.com\/pt\/instagram-feed-instashow\/wix\/","title":{"rendered":"Instagram Feed &#8211; Wix"},"content":{"rendered":"\n<div class=\"application-platform-content-item-description application-platform-content-item\" id=\"description\" data-nav-section=\"description\"><h2>Incorpore o Instagram no Wix com o widget Elfsight<\/h2><p>InstaShow \u00e9 o melhor plugin do Instagram para Wix, que torna poss\u00edvel crie galerias espl\u00eandidas com fotos e videoclipes do Instagram. Ao adicionar o Instagram Feed ao Wix, voc\u00ea pode decorar e aprimorar seu site no que diz respeito \u00e0 interatividade. Possui um grande n\u00famero de possibilidades de personaliza\u00e7\u00e3o: todos os tipos de fontes, filtros de postagens, mais de 70 par\u00e2metros adaptativos, 10 variantes de layout e interface totalmente adapt\u00e1vel que se adapta a todos os tamanhos de tela.<\/p><p><b>Adicionar Instagram Alimente o site, aumente o engajamento e aumente o tempo que as pessoas passam em suas p\u00e1ginas da web.<\/b><\/p><div class=\"faq\" data-component=\"FAQ\"> <div class=\"faq-item\">\r\n\t\t\t\t\t<div class=\"faq-item-question\">\r\n\t\t\t\t\t\t<h3 class=\"faq-item-question-text\">H\u00e1 alguma outra ferramenta para Wix que eu possa usar no meu site? <\/h3>\r\n\r\n\t\t\t\t\t\t<div class=\"faq-item-question-icon\"><\/div>\r\n\t\t\t\t\t<\/div>\r\n\r\n\t\t\t\t\t<div class=\"faq-item-answer\">\r\n\t\t\t\t\t\t<div class=\"faq-item-answer-text\"> <p>Voc\u00ea pode testar in\u00fameras ferramentas para qualquer objetivo em seu site, independentemente da sua esfera de neg\u00f3cios. Por exemplo, voc\u00ea pode come\u00e7ar com estes widgets: <a href=\"https:\/\/elfsight.com\/pdf-embed-widget\/wix\/\">PDF Embed<\/a>, <a href=\"https:\/\/elfsight.com\/instagram-feed-instashow\/wix\/\">Feed do Instagram<\/a>, <a href=\"https:\/\/elfsight.com\/google-reviews-widget\/wix\/\">Google Reviews<\/a>, <a href=\"https:\/\/elfsight.com\/whatsapp-chat-widget\/wix\/\">Bate-papo do WhatsApp<\/a>, <a href=\"https:\/\/elfsight.com\/popup-widget\/wix\/\">Popup<\/a>.<\/p> <\/div>\r\n\t\t\t\t\t<\/div>\r\n\t\t\t\t<\/div> <div class=\"faq-item\">\r\n\t\t\t\t\t<div class=\"faq-item-question\">\r\n\t\t\t\t\t\t<h3 class=\"faq-item-question-text\">Como incorporar feed do Instagram gratuitamente no Wix?<\/h3>\r\n\r\n\t\t\t\t\t\t<div class=\"faq-item-question-icon\"><\/div>\r\n\t\t\t\t\t<\/div>\r\n\r\n\t\t\t\t\t<div class=\"faq-item-answer\">\r\n\t\t\t\t\t\t<div class=\"faq-item-answer-text\"> <ol><p>Implementa\u00e7\u00e3o de <a href=\"https:\/\/elfsight.com\/blog\/how-to-embed-instagram-feed-on-website\/\">Site do Instagram<\/a> O feed no seu site Wix \u00e9 uma maneira fant\u00e1stica de destacar suas postagens mais recentes e aumentar o envolvimento do usu\u00e1rio.<\/p><ol><li>Para incorporar um feed do Instagram da Elfsight gratuitamente no Wix, acesse o site da Elfsight e crie uma conta gratuita.<\/li><li>Aproveite o widget gratuito do Instagram personalizando sua apar\u00eancia e configura\u00e7\u00f5es para complementar seu Estilo do site Wix.<\/li><li>Depois de otimizar seu feed do Instagram gratuitamente, copie o c\u00f3digo de incorpora\u00e7\u00e3o exclusivo e cole-o no HTML do seu site Wix onde deseja que o feed seja exibido.<\/li><\/ol><p>Ao adicionar seu feed do Instagram ao seu site Wix, voc\u00ea ampliar\u00e1 seu charme visual e estimular\u00e1 a intera\u00e7\u00e3o cont\u00ednua do usu\u00e1rio. Aproveite as vantagens do widget Instagram da Elfsight sem gastar muito!<\/p><\/ol><\/div>\r\n\t\t\t\t\t<\/div>\r\n\t\t\t\t<\/div> <\/div><ul><li><b>Alcance vendas maiores mostrando as fotos mais modernas<\/b>. <br>Use imagens estilosas do Instagram, que hoje \u00e9 uma das m\u00eddias mais populares para promover suas ofertas ou servi\u00e7os, e tenha um aumento de receita no site.<\/li><li><b>Mais seguidores no Instagram<\/b>.<br>Incorpore bot\u00f5es adicionais que ofere\u00e7am aos usu\u00e1rios a assinatura da sua conta e aumentem o n\u00famero de assinantes da sua p\u00e1gina do Instagram.<\/li><li><b>Tenha um n\u00edvel de envolvimento do usu\u00e1rio mais alto<\/b>.<br>Inspire os visitantes com fotos elegantes do Instagram e deixe-os compartilhar diversas emo\u00e7\u00f5es, para estabelecer um forte envolvimento do usu\u00e1rio em seu site.<\/li><\/ul><\/div><div class=\"application-platform-content-item-features application-platform-content-item\" id=\"features\" data-nav-section=\"features\"><h2>Principais recursos do widget Instagram Feed<\/h2><p>Projetamos este vers\u00e1til Instagram Feed para funcionar perfeitamente em qualquer site Wix. Ele pode ajud\u00e1-lo a atingir metas de neg\u00f3cios devido aos seus recursos \u00fateis. Basta escolher as melhores op\u00e7\u00f5es para o seu feed do Instagram personalizado para criar um widget individual que atenda \u00e0s suas necessidades e corresponda \u00e0 apar\u00eancia do seu site. Os recursos mais importantes do plugin Elfsight que o tornam o melhor instrumento Wix para incorporar o Instagram:<\/p> <ul><li>Use o filtro Excluir para limitar o n\u00famero de fontes;<\/li><li>2 modelos de postagem: Tile e Cl\u00e1ssico;<\/li><li>Setas, arrastar e navega\u00e7\u00e3o de slides;<\/li><li> li&gt;Cores personaliz\u00e1veis \u200b\u200bde fundo, texto, bot\u00f5es e muito mais;<\/li><li>Largura flex\u00edvel do widget.<\/li><\/ul><p><a href=\"#demo\">Mais funcionalidades na Elfsight demonstra\u00e7\u00e3o<\/a><\/p><\/div><div class=\"application-platform-content-item-installation application-platform-content-item\" id=\"installation\" data-nav-section=\"installation\"><h2>Como adicionar o aplicativo Instagram ao site Wix<\/h2><div class=\"video-container\"><iframe width=\"720\" height=\"405\" src=\"https:\/\/www.youtube.com\/embed\/aZaeM2UfTSU\" frameborder=\"0\" allowfullscreen=\"\"><\/iframe><\/div><p>Confira nosso manual conciso na integra\u00e7\u00e3o e gera\u00e7\u00e3o do plugin. Voc\u00ea s\u00f3 precisar\u00e1 de 2 minutos para <a href=\"https:\/\/elfsight.com\/blog\/how-to-add-instagram-feed-to-wix-website\/\">adicionar o feed do Instagram ao Wix<\/a>, e um \u00f3timo b\u00f4nus \u00e9 que n\u00e3o h\u00e1 necessidade de ter habilidades de codifica\u00e7\u00e3o.<\/p><ol><li><b>Adquira o widget no mercado Wix<\/b>.<br><a href=\"https:\/\/www.wix.com\/app-market\/instagram-pro\/overview\" target=\"_blank\" rel=\"noopener noreferrer\">Abra a p\u00e1gina<\/a> com o feed do Instagram e clique no bot\u00e3o \u00abAdicionar ao site\u00bb.<\/li><li><b>Insira o widget no site<\/b>.<br>Na notifica\u00e7\u00e3o pop-up, clique em \u00abAbrir Editor\u00bb e exiba o widget em sua p\u00e1gina.<\/li><li><b>Configure seu Instagram<\/b>.<br>Defina os par\u00e2metros de design necess\u00e1rios e adicione conte\u00fado para exibi\u00e7\u00e3o. Voc\u00ea pode fazer algumas altera\u00e7\u00f5es ou criar um feed totalmente individual. Aplique todas as edi\u00e7\u00f5es.<\/li><li><b>Conclu\u00eddo!<\/b><br>Voc\u00ea incorporou o widget em suas p\u00e1ginas com sucesso. Acesse o site Wix para visualizar seu feed do Instagram!<\/li><\/ol><p>Tem alguma d\u00favida sobre como incorporar o feed do Instagram no Wix ou configurar seu pr\u00f3prio feed do Instagram? Sinta-se \u00e0 vontade para entrar em contato com o suporte ao cliente da Elfsight. Estamos sempre dispon\u00edveis para ajud\u00e1-lo a ajustar e incorporar o widget para que ele tenha uma apar\u00eancia e funcione perfeitamente nas p\u00e1ginas do seu site.<\/p><\/div>\n","protected":false},"excerpt":{"rendered":"","protected":false},"author":9,"featured_media":0,"parent":481,"menu_order":0,"comment_status":"closed","ping_status":"closed","template":"templates\/template-application-platform.php","meta":{"publish_to_discourse":"","publish_post_category":"","wpdc_auto_publish_overridden":"","wpdc_topic_tags":"","wpdc_pin_topic":"","wpdc_pin_until":"","discourse_post_id":"","discourse_permalink":"","wpdc_publishing_response":"","wpdc_publishing_error":"","footnotes":""},"class_list":["post-4368","page","type-page","status-publish","hentry"],"yoast_head":"<!-- This site is optimized with the Yoast SEO plugin v25.3.1 - https:\/\/yoast.com\/wordpress\/plugins\/seo\/ -->\n<title>Aplicativo Wix Instagram Feed - Adicionar Instagram ao Wix [2025]<\/title>\n<meta name=\"description\" content=\"Como adicionar feed do Instagram ao site Wix gratuitamente? Use o widget do Instagram para incorporar imagens e v\u00eddeos no seu site Wix!\" \/>\n<meta name=\"robots\" content=\"index, follow, max-snippet:-1, max-image-preview:large, max-video-preview:-1\" \/>\n<link rel=\"canonical\" href=\"https:\/\/elfsight.com\/pt\/instagram-feed-instashow\/wix\/\" \/>\n<meta property=\"og:locale\" content=\"pt_PT\" \/>\n<meta property=\"og:type\" content=\"article\" \/>\n<meta property=\"og:title\" content=\"Aplicativo Wix Instagram Feed - Adicionar Instagram ao Wix [2025]\" \/>\n<meta property=\"og:description\" content=\"Como adicionar feed do Instagram ao site Wix gratuitamente? Use o widget do Instagram para incorporar imagens e v\u00eddeos no seu site Wix!\" \/>\n<meta property=\"og:url\" content=\"https:\/\/elfsight.com\/pt\/instagram-feed-instashow\/wix\/\" \/>\n<meta property=\"og:site_name\" content=\"Elfsight PT\" \/>\n<meta property=\"article:modified_time\" content=\"2025-01-21T10:42:07+00:00\" \/>\n<meta name=\"twitter:card\" content=\"summary_large_image\" \/>\n<meta name=\"twitter:label1\" content=\"Tempo estimado de leitura\" \/>\n\t<meta name=\"twitter:data1\" content=\"4 minutos\" \/>\n<!-- \/ Yoast SEO plugin. -->","yoast_head_json":{"title":"Aplicativo Wix Instagram Feed - Adicionar Instagram ao Wix [2025]","description":"Como adicionar feed do Instagram ao site Wix gratuitamente? Use o widget do Instagram para incorporar imagens e v\u00eddeos no seu site Wix!","robots":{"index":"index","follow":"follow","max-snippet":"max-snippet:-1","max-image-preview":"max-image-preview:large","max-video-preview":"max-video-preview:-1"},"canonical":"https:\/\/elfsight.com\/pt\/instagram-feed-instashow\/wix\/","og_locale":"pt_PT","og_type":"article","og_title":"Aplicativo Wix Instagram Feed - Adicionar Instagram ao Wix [2025]","og_description":"Como adicionar feed do Instagram ao site Wix gratuitamente? Use o widget do Instagram para incorporar imagens e v\u00eddeos no seu site Wix!","og_url":"https:\/\/elfsight.com\/pt\/instagram-feed-instashow\/wix\/","og_site_name":"Elfsight PT","article_modified_time":"2025-01-21T10:42:07+00:00","twitter_card":"summary_large_image","twitter_misc":{"Tempo estimado de leitura":"4 minutos"},"schema":{"@context":"https:\/\/schema.org","@graph":[{"@type":"WebPage","@id":"https:\/\/elfsight.com\/pt\/instagram-feed-instashow\/wix\/","url":"https:\/\/elfsight.com\/pt\/instagram-feed-instashow\/wix\/","name":"Aplicativo Wix Instagram Feed - Adicionar Instagram ao Wix [2025]","isPartOf":{"@id":"https:\/\/elfsight.com\/pt\/#website"},"datePublished":"2024-05-03T06:39:44+00:00","dateModified":"2025-01-21T10:42:07+00:00","description":"Como adicionar feed do Instagram ao site Wix gratuitamente? Use o widget do Instagram para incorporar imagens e v\u00eddeos no seu site Wix!","breadcrumb":{"@id":"https:\/\/elfsight.com\/pt\/instagram-feed-instashow\/wix\/#breadcrumb"},"inLanguage":"pt-PT","potentialAction":[{"@type":"ReadAction","target":["https:\/\/elfsight.com\/pt\/instagram-feed-instashow\/wix\/"]}]},{"@type":"BreadcrumbList","@id":"https:\/\/elfsight.com\/pt\/instagram-feed-instashow\/wix\/#breadcrumb","itemListElement":[{"@type":"ListItem","position":1,"name":"Home","item":"https:\/\/elfsight.com\/pt\/"},{"@type":"ListItem","position":2,"name":"Instagram Feed","item":"https:\/\/elfsight.com\/pt\/instagram-feed-instashow\/"},{"@type":"ListItem","position":3,"name":"Instagram Feed &#8211; Wix"}]},{"@type":"WebSite","@id":"https:\/\/elfsight.com\/pt\/#website","url":"https:\/\/elfsight.com\/pt\/","name":"Elfsight PT","description":"Just another Elfsight Sites site","potentialAction":[{"@type":"SearchAction","target":{"@type":"EntryPoint","urlTemplate":"https:\/\/elfsight.com\/pt\/?s={search_term_string}"},"query-input":{"@type":"PropertyValueSpecification","valueRequired":true,"valueName":"search_term_string"}}],"inLanguage":"pt-PT"}]}},"meta_box":{"industry":"","seo_heading":"","heading":"","description":"","cta_heading":"","cta_description":"","application":"480","h1":"Aplicativo de feed do Instagram para Wix","h1_caption":"A melhor variante para adicionar feed do Instagram ao seu site","application_category":[],"applications_title":"","applications_request_title":"","applications_request_button_text":"","hero_text":"","hero_video":"","hero_video_schema_markup":"","selling_points_title":"","selling_points_caption":"","selling_points":[],"selling_points_cta_text":"","features_title":"","features":"","ed_cta_examples_text":"","ed_cta_examples_hidden":"","ed_cta_demo_text":"","ed_cta_demo_hidden":"","why_caption":"","why_editor_title":"","why_editor_text":"","why_team_title":"","why_team_text":"","why_service_title":"","why_service_text":"","template_catalog_visible":"0","template_catalog_title":"","template_catalog_text":"","template_catalog_categories_visible":"","demo_title":"Crie seu aplicativo de feed do Instagram","demo_caption":"Configure seu feed do Instagram e adicione-o ao seu site Wix gratuitamente!","default_faq_hidden":"","app_template_category":[],"platform":"37","template_public_id":"","codecanyon_url":"","codecanyon_item_id":"","codecanyon_price":"","pricing_caption":"","pricing_elfsight_apps_hide_column":"","pricing_elfsight_apps_url":"","pricing_codecanyon_price_caption":"","integration_category":[],"integration_request_title":"","integration_request_cta":"","integration_platform":"","integrations":[],"platform_category":[],"video_schema_markup":"","price":"a partir de US$ 0\/m\u00eas","trial":"","benefits":[{"text":"Ajuda de instala\u00e7\u00e3o gratuita"},{"text":"Atendimento ao cliente profissional"},{"text":"Garantia de devolu\u00e7\u00e3o do dinheiro em 14 dias"},{"text":"Atualiza\u00e7\u00f5es cont\u00ednuas"}],"button_url":"#demo","button_target_blank":"0","button_nofollow":"0","attributes":[{"name":"Instala\u00e7\u00f5es","content":"100,000 - 500,000","_state":"expanded"},{"name":"Responsivo","content":"Sim","_state":"expanded"},{"name":"Navegadores compat\u00edveis","content":"Firefox, Edge, Opera, Safari, Chrome"}],"tags":[],"tags_disable_links":"0","hide_more_platforms":"","video_object":"","demo_hide_cta":"0","demo_hide_cloud_options":"0","pricing_title":"","pricing":[{"pricing_icon":"cloud","pricing_title":"Elfsight Apps","pricing_title_caption":"Solu\u00e7\u00e3o digital independente de plataforma que funciona em qualquer site","pricing_price":"a partir de US$ 0\/m\u00eas","pricing_price_caption":"comece com plano gratuito","pricing_benefits":[{"text":"Dom\u00ednios ilimitados"},{"text":"Suporte ao cliente premium"},{"text":"Suporte ao cliente premium"},{"text":"Oferta especial para v\u00e1rios aplicativos"}],"pricing_button_text":"Adicionar ao site","pricing_button_url":"#demo","_state":"expanded"}],"related_apps_title":"","related_apps_hidden":"1","author":"","image":[],"title":"","job":"","social_networks":[]},"_links":{"self":[{"href":"https:\/\/elfsight.com\/pt\/wp-json\/wp\/v2\/pages\/4368","targetHints":{"allow":["GET"]}}],"collection":[{"href":"https:\/\/elfsight.com\/pt\/wp-json\/wp\/v2\/pages"}],"about":[{"href":"https:\/\/elfsight.com\/pt\/wp-json\/wp\/v2\/types\/page"}],"author":[{"embeddable":true,"href":"https:\/\/elfsight.com\/pt\/wp-json\/wp\/v2\/users\/9"}],"replies":[{"embeddable":true,"href":"https:\/\/elfsight.com\/pt\/wp-json\/wp\/v2\/comments?post=4368"}],"version-history":[{"count":3,"href":"https:\/\/elfsight.com\/pt\/wp-json\/wp\/v2\/pages\/4368\/revisions"}],"predecessor-version":[{"id":13630,"href":"https:\/\/elfsight.com\/pt\/wp-json\/wp\/v2\/pages\/4368\/revisions\/13630"}],"up":[{"embeddable":true,"href":"https:\/\/elfsight.com\/pt\/wp-json\/wp\/v2\/pages\/481"}],"wp:attachment":[{"href":"https:\/\/elfsight.com\/pt\/wp-json\/wp\/v2\/media?parent=4368"}],"curies":[{"name":"wp","href":"https:\/\/api.w.org\/{rel}","templated":true}]}}