{"id":4364,"date":"2024-05-03T06:39:31","date_gmt":"2024-05-03T06:39:31","guid":{"rendered":"https:\/\/elfsight.com\/pt\/?page_id=4364"},"modified":"2025-01-21T10:36:10","modified_gmt":"2025-01-21T10:36:10","slug":"webnode","status":"publish","type":"page","link":"https:\/\/elfsight.com\/pt\/instagram-feed-instashow\/webnode\/","title":{"rendered":"Instagram Feed &#8211; Webnode"},"content":{"rendered":"\n<div class=\"application-platform-content-item-description application-platform-content-item\" id=\"description\" data-nav-section=\"description\"><h2>Incorpore o Instagram no Webnode com o plugin Elfsight<\/h2><p>InstaShow \u00e9 o melhor plugin do Instagram, que permite criar cole\u00e7\u00f5es espl\u00eandidas a partir de Imagens e v\u00eddeos do Instagram para o seu site. Um grande n\u00famero de op\u00e7\u00f5es de personaliza\u00e7\u00e3o: quaisquer fontes, modera\u00e7\u00e3o de postagens, mais de 70 prefer\u00eancias ajust\u00e1veis \u200b\u200be 10 op\u00e7\u00f5es de estilo e interface totalmente adapt\u00e1vel para v\u00e1rios dispositivos.<\/p><p><b>Aplique um plugin totalmente responsivo e eficiente, para interessar imediatamente os usu\u00e1rios do seu site.<\/b><\/p><ul><li><b>Venda mais com imagens atraentes e modernas<\/b>.<br>Exiba fotos do Instagram \u2013 uma das m\u00eddias mais eficientes para promover seus produtos ou servi\u00e7os &#8211; e tenha um aumento de lucro no site.<\/li><li><b>Promova seu perfil do Instagram<\/b>.<br>Anuncie sua p\u00e1gina no Instagram atrav\u00e9s do site, obtenha mais popularidade e permite que os usu\u00e1rios se tornem seus seguidores com um clique.<\/li><li><b>Envolvimento mais profundo dos usu\u00e1rios do site<\/b>.<br>Impressione os visitantes e d\u00ea-lhes mais impress\u00f5es com a ajuda de imagens do Instagram, para fortalecer a intera\u00e7\u00e3o com o cliente.<\/li><\/ul><div class=\"faq\" data-component=\"FAQ\"><div class=\"faq-item\">\r\n\t\t\t\t\t<div class=\"faq-item-question\">\r\n\t\t\t\t\t\t<h3 class=\"faq-item-question-text\">Posso testar o widget de feed do Instagram em a\u00e7\u00e3o?<\/h3>\r\n\r\n\t\t\t\t\t\t<div class=\"faq-item-question-icon\"><\/div>\r\n\t\t\t\t\t<\/div>\r\n\r\n\t\t\t\t\t<div class=\"faq-item-answer\">\r\n\t\t\t\t\t\t<div class=\"faq-item-answer-text\"> <p>Sim, voc\u00ea pode fazer isso facilmente em uma demonstra\u00e7\u00e3o on-line gratuita sem criar uma conta. Voc\u00ea tamb\u00e9m pode tentar instalar o widget em um site gratuitamente.<\/p><\/div>\r\n\t\t\t\t\t<\/div>\r\n\t\t\t\t<\/div><div class=\"faq-item\">\r\n\t\t\t\t\t<div class=\"faq-item-question\">\r\n\t\t\t\t\t\t<h3 class=\"faq-item-question-text\">Como incorporar o feed do Instagram gratuitamente no Webnode?<\/h3>\r\n\r\n\t\t\t\t\t\t<div class=\"faq-item-question-icon\"><\/div>\r\n\t\t\t\t\t<\/div>\r\n\r\n\t\t\t\t\t<div class=\"faq-item-answer\">\r\n\t\t\t\t\t\t<div class=\"faq-item-answer-text\"><ol> <p>Incorporar um feed do Instagram no seu site Webnode \u00e9 uma maneira brilhante de apresentar suas postagens mais recentes e promover o envolvimento do p\u00fablico.<\/p><ol><li>Para incorporar um feed do Instagram da Elfsight gratuitamente no Webnode, acesse o site Site da Elfsight e registre-se para uma conta gratuita.<\/li><li>Maximize o plugin gratuito do Instagram ajustando sua apar\u00eancia e configura\u00e7\u00f5es para alinh\u00e1-lo com o design do seu site Webnode.<\/li><li>Depois de refinar seu Instagram Feed gratuitamente, copie o c\u00f3digo de incorpora\u00e7\u00e3o distinto e cole-o no HTML do seu site Webnode onde voc\u00ea preferir que o feed esteja localizado.<\/li><\/ol><p>Ao incorporar seu feed do Instagram em seu site Webnode, voc\u00ea aumentar\u00e1 seu fasc\u00ednio visual e promover\u00e1 intera\u00e7\u00e3o sustentada com o p\u00fablico. Delicie-se com as recompensas do plugin Elfsight para Instagram sem gastar dinheiro!<\/p><\/ol><\/div>\r\n\t\t\t\t\t<\/div>\r\n\t\t\t\t<\/div><\/div><\/div><div class=\"application-platform-content-item-features application-platform-content-item\" id=\"features\" data-nav-section=\"features\"><h2>Principais caracter\u00edsticas do Instagram Plugin de feed<\/h2><p>As principais caracter\u00edsticas do nosso plugin, que o tornam a melhor ferramenta Webnode para adicionar conte\u00fado do Instagram em um site:<\/p><ul><li>Adicionar conte\u00fado por URL, hashtags e nomes de usu\u00e1rio;<\/li><li>Espa\u00e7o de medianiz vari\u00e1vel;<\/li><li>9 elementos pop-up opcionais;<\/li><li>T\u00edtulo do feed ajust\u00e1vel;<\/li><li>Op\u00e7\u00e3o para definir o tempo de cache.<\/li><\/ul><p><a href=\"#demo\">Veja todos os recursos em nosso editor<\/a><\/p><\/div><div class=\"application-platform-content-item-installation application-platform-content-item\" id=\"installation\" data-nav-section=\"installation\"><h2>Como fazer incorporar feed do Instagram no Webnode<\/h2><p>Leia uma breve instru\u00e7\u00e3o sobre como instalar e personalizar o plugin. A dura\u00e7\u00e3o da configura\u00e7\u00e3o \u00e9 de apenas 60 segundos, al\u00e9m disso, n\u00e3o h\u00e1 necessidade de ter nenhuma habilidade em desenvolvimento ou conhecimento de codifica\u00e7\u00e3o.<\/p><ol><li><b>Crie seu Site do Instagram Feed.<\/b><br>Com nossa demonstra\u00e7\u00e3o gratuita, crie um plugin com design e capacidades desejados .<\/li><li><b>Receba um c\u00f3digo para incorporar o plugin<\/b>.<br>Ap\u00f3s a configura\u00e7\u00e3o do widget, adquira um c\u00f3digo para o plugin do Instagram a partir da notifica\u00e7\u00e3o exibida nas aplica\u00e7\u00f5es Elfsight.<\/li><li><b>Revele o plugin no site Webnode<\/b>.<br>Integre o plugin ao local necess\u00e1rio do site e aplique os resultados.<\/li><li><b>Pronto!<\/b>.<br>Entre no seu site Webnode para ver seu trabalho.<\/li><\/ol><p>Est\u00e1 tendo problemas com a configura\u00e7\u00e3o ou personaliza\u00e7\u00e3o do plugin? N\u00e3o hesite em contactar o centro de ajuda da Elfsight ou estudar um manual detalhado \u00ab<a href=\"https:\/\/elfsight.com\/tutorials\/how-to-add-instagram-feed-plugin-for-webnode\/\" target=\" _blank\" rel=\"noopener noreferrer\">Instala\u00e7\u00e3o de feed do Instagram no Webnode<\/a>\u00bb.<\/p><\/div>\n","protected":false},"excerpt":{"rendered":"","protected":false},"author":9,"featured_media":0,"parent":481,"menu_order":0,"comment_status":"closed","ping_status":"closed","template":"templates\/template-application-platform.php","meta":{"publish_to_discourse":"","publish_post_category":"","wpdc_auto_publish_overridden":"","wpdc_topic_tags":"","wpdc_pin_topic":"","wpdc_pin_until":"","discourse_post_id":"","discourse_permalink":"","wpdc_publishing_response":"","wpdc_publishing_error":"","footnotes":""},"class_list":["post-4364","page","type-page","status-publish","hentry"],"yoast_head":"<!-- This site is optimized with the Yoast SEO plugin v25.3.1 - https:\/\/yoast.com\/wordpress\/plugins\/seo\/ -->\n<title>Incorpore o feed do Instagram no Webnode - adicione o Instagram a um site em 2 minutos!<\/title>\n<meta name=\"description\" content=\"Experimente agora mesmo o melhor plugin do Instagram para site Webnode! Crie um feed Instagram exclusivo na Elfsight em apenas 1 minuto.\" \/>\n<meta name=\"robots\" content=\"index, follow, max-snippet:-1, max-image-preview:large, max-video-preview:-1\" \/>\n<link rel=\"canonical\" href=\"https:\/\/elfsight.com\/pt\/instagram-feed-instashow\/webnode\/\" \/>\n<meta property=\"og:locale\" content=\"pt_PT\" \/>\n<meta property=\"og:type\" content=\"article\" \/>\n<meta property=\"og:title\" content=\"Incorpore o feed do Instagram no Webnode - adicione o Instagram a um site em 2 minutos!\" \/>\n<meta property=\"og:description\" content=\"Experimente agora mesmo o melhor plugin do Instagram para site Webnode! Crie um feed Instagram exclusivo na Elfsight em apenas 1 minuto.\" \/>\n<meta property=\"og:url\" content=\"https:\/\/elfsight.com\/pt\/instagram-feed-instashow\/webnode\/\" \/>\n<meta property=\"og:site_name\" content=\"Elfsight PT\" \/>\n<meta property=\"article:modified_time\" content=\"2025-01-21T10:36:10+00:00\" \/>\n<meta name=\"twitter:card\" content=\"summary_large_image\" \/>\n<meta name=\"twitter:label1\" content=\"Tempo estimado de leitura\" \/>\n\t<meta name=\"twitter:data1\" content=\"4 minutos\" \/>\n<!-- \/ Yoast SEO plugin. -->","yoast_head_json":{"title":"Incorpore o feed do Instagram no Webnode - adicione o Instagram a um site em 2 minutos!","description":"Experimente agora mesmo o melhor plugin do Instagram para site Webnode! Crie um feed Instagram exclusivo na Elfsight em apenas 1 minuto.","robots":{"index":"index","follow":"follow","max-snippet":"max-snippet:-1","max-image-preview":"max-image-preview:large","max-video-preview":"max-video-preview:-1"},"canonical":"https:\/\/elfsight.com\/pt\/instagram-feed-instashow\/webnode\/","og_locale":"pt_PT","og_type":"article","og_title":"Incorpore o feed do Instagram no Webnode - adicione o Instagram a um site em 2 minutos!","og_description":"Experimente agora mesmo o melhor plugin do Instagram para site Webnode! Crie um feed Instagram exclusivo na Elfsight em apenas 1 minuto.","og_url":"https:\/\/elfsight.com\/pt\/instagram-feed-instashow\/webnode\/","og_site_name":"Elfsight PT","article_modified_time":"2025-01-21T10:36:10+00:00","twitter_card":"summary_large_image","twitter_misc":{"Tempo estimado de leitura":"4 minutos"},"schema":{"@context":"https:\/\/schema.org","@graph":[{"@type":"WebPage","@id":"https:\/\/elfsight.com\/pt\/instagram-feed-instashow\/webnode\/","url":"https:\/\/elfsight.com\/pt\/instagram-feed-instashow\/webnode\/","name":"Incorpore o feed do Instagram no Webnode - adicione o Instagram a um site em 2 minutos!","isPartOf":{"@id":"https:\/\/elfsight.com\/pt\/#website"},"datePublished":"2024-05-03T06:39:31+00:00","dateModified":"2025-01-21T10:36:10+00:00","description":"Experimente agora mesmo o melhor plugin do Instagram para site Webnode! Crie um feed Instagram exclusivo na Elfsight em apenas 1 minuto.","breadcrumb":{"@id":"https:\/\/elfsight.com\/pt\/instagram-feed-instashow\/webnode\/#breadcrumb"},"inLanguage":"pt-PT","potentialAction":[{"@type":"ReadAction","target":["https:\/\/elfsight.com\/pt\/instagram-feed-instashow\/webnode\/"]}]},{"@type":"BreadcrumbList","@id":"https:\/\/elfsight.com\/pt\/instagram-feed-instashow\/webnode\/#breadcrumb","itemListElement":[{"@type":"ListItem","position":1,"name":"Home","item":"https:\/\/elfsight.com\/pt\/"},{"@type":"ListItem","position":2,"name":"Instagram Feed","item":"https:\/\/elfsight.com\/pt\/instagram-feed-instashow\/"},{"@type":"ListItem","position":3,"name":"Instagram Feed &#8211; Webnode"}]},{"@type":"WebSite","@id":"https:\/\/elfsight.com\/pt\/#website","url":"https:\/\/elfsight.com\/pt\/","name":"Elfsight PT","description":"Just another Elfsight Sites site","potentialAction":[{"@type":"SearchAction","target":{"@type":"EntryPoint","urlTemplate":"https:\/\/elfsight.com\/pt\/?s={search_term_string}"},"query-input":{"@type":"PropertyValueSpecification","valueRequired":true,"valueName":"search_term_string"}}],"inLanguage":"pt-PT"}]}},"meta_box":{"industry":"","seo_heading":"","heading":"","description":"","cta_heading":"","cta_description":"","application":"480","h1":"Widget de feed do Instagram para Webnode","h1_caption":"Uma ferramenta poderosa para incorporar feed do Instagram em qualquer site","application_category":[],"applications_title":"","applications_request_title":"","applications_request_button_text":"","hero_text":"","hero_video":"","hero_video_schema_markup":"","selling_points_title":"","selling_points_caption":"","selling_points":[],"selling_points_cta_text":"","features_title":"","features":"","ed_cta_examples_text":"","ed_cta_examples_hidden":"","ed_cta_demo_text":"","ed_cta_demo_hidden":"","why_caption":"","why_editor_title":"","why_editor_text":"","why_team_title":"","why_team_text":"","why_service_title":"","why_service_text":"","template_catalog_visible":"0","template_catalog_title":"","template_catalog_text":"","template_catalog_categories_visible":"","demo_title":"Crie seu widget de feed do Instagram","demo_caption":"Configure seu feed do Instagram e adicione-o ao seu site Webnode gratuitamente!","default_faq_hidden":"","app_template_category":[],"platform":"4917","template_public_id":"","codecanyon_url":"","codecanyon_item_id":"","codecanyon_price":"","pricing_caption":"","pricing_elfsight_apps_hide_column":"","pricing_elfsight_apps_url":"","pricing_codecanyon_price_caption":"","integration_category":[],"integration_request_title":"","integration_request_cta":"","integration_platform":"","integrations":[],"platform_category":[],"video_schema_markup":"","price":"a partir de US$ 0\/m\u00eas","trial":"","benefits":[{"text":"Ajuda de instala\u00e7\u00e3o gratuita"},{"text":"Atendimento ao cliente competente"},{"text":"Garantia de reembolso de 14 dias"},{"text":"Desenvolvimento cont\u00ednuo"}],"button_url":"#demo","button_target_blank":"0","button_nofollow":"0","attributes":[{"name":"Instala\u00e7\u00f5es","content":"100,000 - 500,000","_state":"expanded"},{"name":"Responsivo","content":"Sim","_state":"expanded"},{"name":"Navegadores compat\u00edveis","content":"Firefox, Safari, Opera, Chrome, Edge"}],"tags":[],"tags_disable_links":"0","hide_more_platforms":"","video_object":"","demo_hide_cta":"0","demo_hide_cloud_options":"0","pricing_title":"","pricing":[{"pricing_icon":"platform","pricing_title":"Elfsight Apps","pricing_title_caption":"Solu\u00e7\u00e3o multiplataforma","pricing_price":"a partir de US$ 0\/m\u00eas","pricing_price_caption":"comece com plano gratuito","pricing_benefits":[{"text":"Sites ilimitados"},{"text":"Suporte dedicado e pontual"},{"text":"Suporte dedicado e pontual"},{"text":"Oferta especial para v\u00e1rios aplicativos"}],"pricing_button_text":"Adicionar ao site","pricing_button_url":"#demo","_state":"expanded"}],"related_apps_title":"","related_apps_hidden":"1","author":"","image":[],"title":"","job":"","social_networks":[]},"_links":{"self":[{"href":"https:\/\/elfsight.com\/pt\/wp-json\/wp\/v2\/pages\/4364","targetHints":{"allow":["GET"]}}],"collection":[{"href":"https:\/\/elfsight.com\/pt\/wp-json\/wp\/v2\/pages"}],"about":[{"href":"https:\/\/elfsight.com\/pt\/wp-json\/wp\/v2\/types\/page"}],"author":[{"embeddable":true,"href":"https:\/\/elfsight.com\/pt\/wp-json\/wp\/v2\/users\/9"}],"replies":[{"embeddable":true,"href":"https:\/\/elfsight.com\/pt\/wp-json\/wp\/v2\/comments?post=4364"}],"version-history":[{"count":3,"href":"https:\/\/elfsight.com\/pt\/wp-json\/wp\/v2\/pages\/4364\/revisions"}],"predecessor-version":[{"id":13628,"href":"https:\/\/elfsight.com\/pt\/wp-json\/wp\/v2\/pages\/4364\/revisions\/13628"}],"up":[{"embeddable":true,"href":"https:\/\/elfsight.com\/pt\/wp-json\/wp\/v2\/pages\/481"}],"wp:attachment":[{"href":"https:\/\/elfsight.com\/pt\/wp-json\/wp\/v2\/media?parent=4364"}],"curies":[{"name":"wp","href":"https:\/\/api.w.org\/{rel}","templated":true}]}}