{"id":4362,"date":"2024-05-03T06:39:41","date_gmt":"2024-05-03T06:39:41","guid":{"rendered":"https:\/\/elfsight.com\/pt\/?page_id=4362"},"modified":"2026-01-28T13:35:33","modified_gmt":"2026-01-28T13:35:33","slug":"webflow","status":"publish","type":"page","link":"https:\/\/elfsight.com\/pt\/instagram-feed-instashow\/webflow\/","title":{"rendered":"Instagram Feed &#8211; Webflow"},"content":{"rendered":"\n<div class=\"application-platform-content-item-description application-platform-content-item\" id=\"description\" data-nav-section=\"description\"><h2>Incorpore o Instagram no Webflow com um widget Elfsight<\/h2><p>InstaShow \u00e9 um poderoso widget do Instagram, que permite criar galerias maravilhosas em seu site com fotos e v\u00eddeos Instagram. Amplas op\u00e7\u00f5es de personaliza\u00e7\u00e3o: todos os tipos de fontes suportadas, filtros de conte\u00fado, mais de 60 par\u00e2metros de personaliza\u00e7\u00e3o, 10 esquemas de cores e layout totalmente adapt\u00e1vel, responsivo para qualquer dispositivo.<\/p><p><b>Use um widget totalmente responsivo e pr\u00e1tico para criar imediatamente atraia o p\u00fablico do seu site.<\/b><\/p><ul><li><b>Aumente a exibi\u00e7\u00e3o de convers\u00e3o com fotos do Instagram<\/b>.<br>Demonstre fotos de seus produtos ou servi\u00e7os postadas por clientes satisfeitos no Instagram e aumente sua convers\u00e3o.<\/li><li><b>Aumente o envolvimento dos usu\u00e1rios em seu site com conte\u00fado atraente<\/b>.<br>Use o conte\u00fado de uma das m\u00eddias sociais mais populares para manter os usu\u00e1rios de seu site engajados e interessado.<\/li><li><b>Tenha mais seguidores promovendo sua conta do Instagram no site<\/b>.<br>Use seu site como mais uma forma de promover sua conta do Instagram e dar a chance de segui-lo em um clique para aumentar seguidores.<\/li><\/ul><div class=\"faq\" data-component=\"FAQ\"> <div class=\"faq-item\">\r\n\t\t\t\t\t<div class=\"faq-item-question\">\r\n\t\t\t\t\t\t<h3 class=\"faq-item-question-text\">Quais outros plug-ins para Webflow podem ser adicionados ao meu site? <\/h3>\r\n\r\n\t\t\t\t\t\t<div class=\"faq-item-question-icon\"><\/div>\r\n\t\t\t\t\t<\/div>\r\n\r\n\t\t\t\t\t<div class=\"faq-item-answer\">\r\n\t\t\t\t\t\t<div class=\"faq-item-answer-text\"> <p>Voc\u00ea pode testar v\u00e1rios aplicativos para qualquer objetivo em seu site, independentemente do seu neg\u00f3cio. Recomendamos que voc\u00ea d\u00ea uma olhada nestes: <a href=\"https:\/\/elfsight.com\/online-form-builder\/webflow\/\">Form Builder<\/a>, <a href=\"https:\/\/elfsight.com\/cookie-consent-widget\/webflow\/\">Consentimento de cookies<\/a>, <a href=\"https:\/\/elfsight.com\/popup-widget\/webflow\/\">Pop-up<\/a>, <a href=\"https:\/\/elfsight.com\/instagram-feed-instashow\/webflow\/\">Feed do Instagram<\/a>, <a href=\"https:\/\/elfsight.com\/slider-widget\/webflow\/\">Controle deslizante<\/a>.<\/p> <\/div>\r\n\t\t\t\t\t<\/div>\r\n\t\t\t\t<\/div> <div class=\"faq-item\">\r\n\t\t\t\t\t<div class=\"faq-item-question\">\r\n\t\t\t\t\t\t<h3 class=\"faq-item-question-text\">Como incorporar o feed do Instagram gratuitamente no Webflow?<\/h3>\r\n\r\n\t\t\t\t\t\t<div class=\"faq-item-question-icon\"><\/div>\r\n\t\t\t\t\t<\/div>\r\n\r\n\t\t\t\t\t<div class=\"faq-item-answer\">\r\n\t\t\t\t\t\t<div class=\"faq-item-answer-text\"> <ol><p>Integrar um feed do Instagram em seu site Webflow \u00e9 uma maneira not\u00e1vel de mostrar suas novidades. postagens atualizadas e melhore o envolvimento do usu\u00e1rio.<\/p><ol><li>Para <a href=\"https:\/\/elfsight.com\/blog\/how-to-embed-instagram-feed-on-website\/\">incorpore o feed do Instagram da Elfsight<\/a> gratuitamente no Webflow, visite o site da Elfsight e crie uma conta gratuita.<\/li><li>Utilize o widget gratuito do Instagram adaptando sua apar\u00eancia e configura\u00e7\u00f5es para harmonizar com a est\u00e9tica do seu site Webflow .<\/li><li>Depois de ajustar seu feed do Instagram gratuitamente, copie o c\u00f3digo de incorpora\u00e7\u00e3o exclusivo e cole-o no HTML do seu site Webflow onde deseja que o feed seja exibido.<\/li><\/ol><p>Por integrando seu feed do Instagram ao seu site Webflow, voc\u00ea aumentar\u00e1 sua atratividade visual e promover\u00e1 o envolvimento cont\u00ednuo do usu\u00e1rio. Aproveite os benef\u00edcios do widget Instagram da Elfsight sem incorrer em quaisquer despesas!<\/p><\/ol><\/div>\r\n\t\t\t\t\t<\/div>\r\n\t\t\t\t<\/div> <div class=\"faq-item\">\r\n\t\t\t\t\t<div class=\"faq-item-question\">\r\n\t\t\t\t\t\t<h3 class=\"faq-item-question-text\">Posso ver o widget Webflow Instagram Feed em m\u00e3os?<\/h3>\r\n\r\n\t\t\t\t\t\t<div class=\"faq-item-question-icon\"><\/div>\r\n\t\t\t\t\t<\/div>\r\n\r\n\t\t\t\t\t<div class=\"faq-item-answer\">\r\n\t\t\t\t\t\t<div class=\"faq-item-answer-text\"> <p>Claro! Voc\u00ea est\u00e1 convidado a experimentar nosso feed do Instagram para Webflow aplicando nossa <a href=\"https:\/\/elfsight.com\/instagram-feed-instashow\/#demo\">demonstra\u00e7\u00e3o<\/a> ativa. \u00c9 gratuito e voc\u00ea tamb\u00e9m pode us\u00e1-lo para adicionar o widget ao seu site Webflow.<\/p><\/div>\r\n\t\t\t\t\t<\/div>\r\n\t\t\t\t<\/div> <\/div><\/div><div class=\"application-platform-content-item-features application-platform-content-item\" id=\"features\" data-nav-section=\"features\"><h2>Principais recursos do Instagram Feed widget<\/h2><p>Os principais recursos do widget, que o tornam o melhor widget de fluxo da Web para exibir feed do Instagram:<\/p><ul><li>Use um n\u00famero ilimitado de fontes para exibir em seu site<\/li><li>Adicione conte\u00fado por URL, hashtags e nomes de usu\u00e1rio<\/li><li>Aplique todos os seus filtros favoritos do Instagram<\/li><li>2 layouts de feed prontos para uso: controle deslizante e grade<\/li><li>2 modelos de postagem: bloco e cl\u00e1ssico<\/li><li>N\u00famero ajust\u00e1vel de colunas e linhas<\/li><li>Integra\u00e7\u00f5es do Instagram no Webflow com facilidade<\/li><\/ul><p><a href=\"#demo\">Explore mais recursos em nossa demonstra\u00e7\u00e3o<\/a><\/p><\/div><div class=\"application-platform-content-item-installation application-platform-content-item\" id=\"installation\" data-nav-section=\"installation\"><h2>Como adicionar feed do Instagram ao site Webflow<\/h2><div class=\"video-container\">\n<iframe width=\"720\" height=\"405\" src=\"https:\/\/www.youtube.com\/embed\/vYBeWOSz5ic?si=jtve75c7mBR9ipJq\" frameborder=\"0\" allowfullscreen=\"\"><\/iframe>\n<p align=\"center\"><em>Meet Official Tutorial by Weblow Team<\/em><\/p>\n<\/div><p>Estude nosso breve guia sobre instala\u00e7\u00e3o e configura\u00e7\u00e3o de widgets. O tempo m\u00e9dio de instala\u00e7\u00e3o n\u00e3o \u00e9 superior a dois minutos.<\/p><ol><li><b>Crie seu feed do Instagram personalizado<\/b>.<br> Com a ajuda de nossa demonstra\u00e7\u00e3o gratuita, gere um widget com a apar\u00eancia desejada e capacidades.<\/li><li><b>Obtenha o c\u00f3digo para configurar o widget<\/b>.<br> Ap\u00f3s a gera\u00e7\u00e3o do widget, obtenha o c\u00f3digo do widget do Instagram na notifica\u00e7\u00e3o pop-up nas aplica\u00e7\u00f5es Elfsight.<\/li><li><b>Adicione o feed do Instagram ao Webflow<\/b>.<br> Integre o c\u00f3digo de instala\u00e7\u00e3o do widget no local necess\u00e1rio da p\u00e1gina e aplique as altera\u00e7\u00f5es.<\/li><li><b>Voc\u00ea est\u00e1 pronto!<\/b><br> Visite seu site para verificar seu Instagram.<\/li><\/ol><p>Est\u00e1 tendo algum problema com a integra\u00e7\u00e3o do Instagram com o Webflow ou com a personaliza\u00e7\u00e3o do seu feed? Dirija-se ao nosso servi\u00e7o de suporte.<\/p><\/div>\n","protected":false},"excerpt":{"rendered":"","protected":false},"author":9,"featured_media":0,"parent":481,"menu_order":0,"comment_status":"closed","ping_status":"closed","template":"templates\/template-application-platform.php","meta":{"publish_to_discourse":"","publish_post_category":"","wpdc_auto_publish_overridden":"","wpdc_topic_tags":"","wpdc_pin_topic":"","wpdc_pin_until":"","discourse_post_id":"","discourse_permalink":"","wpdc_publishing_response":"","wpdc_publishing_error":"","footnotes":""},"class_list":["post-4362","page","type-page","status-publish","hentry"],"yoast_head":"<!-- This site is optimized with the Yoast SEO plugin v25.3.1 - https:\/\/yoast.com\/wordpress\/plugins\/seo\/ -->\n<title>Incorpore o feed do Instagram no Webflow com um widget - adicione o Instagram a um site em 2 minutos!<\/title>\n<meta name=\"description\" content=\"Experimente o melhor widget do Instagram para o site Webflow gratuitamente! Crie o seu feed exclusivo do Instagram na Elfsight em apenas dois minutos.\" \/>\n<meta name=\"robots\" content=\"index, follow, max-snippet:-1, max-image-preview:large, max-video-preview:-1\" \/>\n<link rel=\"canonical\" href=\"https:\/\/elfsight.com\/pt\/instagram-feed-instashow\/webflow\/\" \/>\n<meta property=\"og:locale\" content=\"pt_PT\" \/>\n<meta property=\"og:type\" content=\"article\" \/>\n<meta property=\"og:title\" content=\"Incorpore o feed do Instagram no Webflow com um widget - adicione o Instagram a um site em 2 minutos!\" \/>\n<meta property=\"og:description\" content=\"Experimente o melhor widget do Instagram para o site Webflow gratuitamente! Crie o seu feed exclusivo do Instagram na Elfsight em apenas dois minutos.\" \/>\n<meta property=\"og:url\" content=\"https:\/\/elfsight.com\/pt\/instagram-feed-instashow\/webflow\/\" \/>\n<meta property=\"og:site_name\" content=\"Elfsight PT\" \/>\n<meta property=\"article:modified_time\" content=\"2026-01-28T13:35:33+00:00\" \/>\n<meta name=\"twitter:card\" content=\"summary_large_image\" \/>\n<meta name=\"twitter:label1\" content=\"Tempo estimado de leitura\" \/>\n\t<meta name=\"twitter:data1\" content=\"4 minutos\" \/>\n<!-- \/ Yoast SEO plugin. -->","yoast_head_json":{"title":"Incorpore o feed do Instagram no Webflow com um widget - adicione o Instagram a um site em 2 minutos!","description":"Experimente o melhor widget do Instagram para o site Webflow gratuitamente! Crie o seu feed exclusivo do Instagram na Elfsight em apenas dois minutos.","robots":{"index":"index","follow":"follow","max-snippet":"max-snippet:-1","max-image-preview":"max-image-preview:large","max-video-preview":"max-video-preview:-1"},"canonical":"https:\/\/elfsight.com\/pt\/instagram-feed-instashow\/webflow\/","og_locale":"pt_PT","og_type":"article","og_title":"Incorpore o feed do Instagram no Webflow com um widget - adicione o Instagram a um site em 2 minutos!","og_description":"Experimente o melhor widget do Instagram para o site Webflow gratuitamente! Crie o seu feed exclusivo do Instagram na Elfsight em apenas dois minutos.","og_url":"https:\/\/elfsight.com\/pt\/instagram-feed-instashow\/webflow\/","og_site_name":"Elfsight PT","article_modified_time":"2026-01-28T13:35:33+00:00","twitter_card":"summary_large_image","twitter_misc":{"Tempo estimado de leitura":"4 minutos"},"schema":{"@context":"https:\/\/schema.org","@graph":[{"@type":"WebPage","@id":"https:\/\/elfsight.com\/pt\/instagram-feed-instashow\/webflow\/","url":"https:\/\/elfsight.com\/pt\/instagram-feed-instashow\/webflow\/","name":"Incorpore o feed do Instagram no Webflow com um widget - adicione o Instagram a um site em 2 minutos!","isPartOf":{"@id":"https:\/\/elfsight.com\/pt\/#website"},"datePublished":"2024-05-03T06:39:41+00:00","dateModified":"2026-01-28T13:35:33+00:00","description":"Experimente o melhor widget do Instagram para o site Webflow gratuitamente! Crie o seu feed exclusivo do Instagram na Elfsight em apenas dois minutos.","breadcrumb":{"@id":"https:\/\/elfsight.com\/pt\/instagram-feed-instashow\/webflow\/#breadcrumb"},"inLanguage":"pt-PT","potentialAction":[{"@type":"ReadAction","target":["https:\/\/elfsight.com\/pt\/instagram-feed-instashow\/webflow\/"]}]},{"@type":"BreadcrumbList","@id":"https:\/\/elfsight.com\/pt\/instagram-feed-instashow\/webflow\/#breadcrumb","itemListElement":[{"@type":"ListItem","position":1,"name":"Home","item":"https:\/\/elfsight.com\/pt\/"},{"@type":"ListItem","position":2,"name":"Instagram Feed","item":"https:\/\/elfsight.com\/pt\/instagram-feed-instashow\/"},{"@type":"ListItem","position":3,"name":"Instagram Feed &#8211; Webflow"}]},{"@type":"WebSite","@id":"https:\/\/elfsight.com\/pt\/#website","url":"https:\/\/elfsight.com\/pt\/","name":"Elfsight PT","description":"Just another Elfsight Sites site","potentialAction":[{"@type":"SearchAction","target":{"@type":"EntryPoint","urlTemplate":"https:\/\/elfsight.com\/pt\/?s={search_term_string}"},"query-input":{"@type":"PropertyValueSpecification","valueRequired":true,"valueName":"search_term_string"}}],"inLanguage":"pt-PT"}]}},"meta_box":{"industry":"","seo_heading":"","heading":"","description":"","cta_heading":"","cta_description":"","application":"480","h1":"Widget de feed do Instagram para Webflow","h1_caption":"A ferramenta n\u00ba 1 para sites exibirem imagens e v\u00eddeos do Instagram","application_category":[],"applications_title":"","applications_request_title":"","applications_request_button_text":"","hero_text":"","hero_video":"","hero_video_schema_markup":"","selling_points_title":"","selling_points_caption":"","selling_points":[],"selling_points_cta_text":"","features_title":"","features":"","ed_cta_examples_text":"","ed_cta_examples_hidden":"","ed_cta_demo_text":"","ed_cta_demo_hidden":"","why_caption":"","why_editor_title":"","why_editor_text":"","why_team_title":"","why_team_text":"","why_service_title":"","why_service_text":"","template_catalog_visible":"0","template_catalog_title":"","template_catalog_text":"","template_catalog_categories_visible":"","demo_title":"Crie seu widget de feed do Instagram","demo_caption":"Configure seu feed do Instagram e adicione-o ao seu site Webflow gratuitamente!","default_faq_hidden":"","app_template_category":[],"platform":"70","template_public_id":"","codecanyon_url":"","codecanyon_item_id":"","codecanyon_price":"","pricing_caption":"","pricing_elfsight_apps_hide_column":"","pricing_elfsight_apps_url":"","pricing_codecanyon_price_caption":"","integration_category":[],"integration_request_title":"","integration_request_cta":"","integration_platform":"","integrations":[],"platform_category":[],"video_schema_markup":"","price":"a partir de US$ 0\/m\u00eas","trial":"","benefits":[{"text":"Servi\u00e7o de instala\u00e7\u00e3o gratuito"},{"text":"Suporte eficaz ao cliente"},{"text":"Garantia de reembolso de 14 dias"},{"text":"Atualizando constantemente"}],"button_url":"#demo","button_target_blank":"0","button_nofollow":"0","attributes":[{"name":"Instala\u00e7\u00f5es","content":"100,000 - 500,000","_state":"expanded"},{"name":"Responsivo","content":"Sim","_state":"expanded"},{"name":"Navegadores compat\u00edveis","content":"Firefox, Safari, Opera, Chrome, Edge"}],"tags":[],"tags_disable_links":"0","hide_more_platforms":"0","video_object":"","demo_hide_cta":"0","demo_hide_cloud_options":"0","pricing_title":"","pricing":[{"pricing_icon":"platform","pricing_title":"Webflow widget","pricing_title_caption":"Solu\u00e7\u00e3o digital independente de plataforma que funciona em qualquer site","pricing_price":"a partir de US$ 0\/m\u00eas","pricing_price_caption":"comece com plano gratuito","pricing_benefits":[{"text":"Dom\u00ednios ilimitados"},{"text":"Suporte r\u00e1pido ao cliente"},{"text":"Suporte r\u00e1pido ao cliente"},{"text":"Oferta especial para v\u00e1rios aplicativos"}],"pricing_button_text":"Adicionar ao site","pricing_button_url":"#demo","_state":"expanded"}],"related_apps_title":"","related_apps_hidden":"1","author":"","image":[],"title":"","job":"","social_networks":[]},"_links":{"self":[{"href":"https:\/\/elfsight.com\/pt\/wp-json\/wp\/v2\/pages\/4362","targetHints":{"allow":["GET"]}}],"collection":[{"href":"https:\/\/elfsight.com\/pt\/wp-json\/wp\/v2\/pages"}],"about":[{"href":"https:\/\/elfsight.com\/pt\/wp-json\/wp\/v2\/types\/page"}],"author":[{"embeddable":true,"href":"https:\/\/elfsight.com\/pt\/wp-json\/wp\/v2\/users\/9"}],"replies":[{"embeddable":true,"href":"https:\/\/elfsight.com\/pt\/wp-json\/wp\/v2\/comments?post=4362"}],"version-history":[{"count":4,"href":"https:\/\/elfsight.com\/pt\/wp-json\/wp\/v2\/pages\/4362\/revisions"}],"predecessor-version":[{"id":15221,"href":"https:\/\/elfsight.com\/pt\/wp-json\/wp\/v2\/pages\/4362\/revisions\/15221"}],"up":[{"embeddable":true,"href":"https:\/\/elfsight.com\/pt\/wp-json\/wp\/v2\/pages\/481"}],"wp:attachment":[{"href":"https:\/\/elfsight.com\/pt\/wp-json\/wp\/v2\/media?parent=4362"}],"curies":[{"name":"wp","href":"https:\/\/api.w.org\/{rel}","templated":true}]}}