{"id":4360,"date":"2024-05-03T06:39:32","date_gmt":"2024-05-03T06:39:32","guid":{"rendered":"https:\/\/elfsight.com\/pt\/?page_id=4360"},"modified":"2026-01-28T14:22:37","modified_gmt":"2026-01-28T14:22:37","slug":"squarespace","status":"publish","type":"page","link":"https:\/\/elfsight.com\/pt\/instagram-feed-instashow\/squarespace\/","title":{"rendered":"Instagram Feed &#8211; Squarespace"},"content":{"rendered":"\n<div class=\"application-platform-content-item-description application-platform-content-item\" id=\"description\" data-nav-section=\"description\"><h2>Incorpore o Instagram no Squarespace com um plugin da Elfsight<\/h2><p>InstaShow \u00e9 um plugin do Instagram eficiente, que torna poss\u00edvel criar imagens fascinantes cole\u00e7\u00f5es de fotos e videoclipes do Instagram para o seu site. Recomendamos que voc\u00ea adicione o Instagram Feed para tornar seu site mais interativo e bonito. Ele possui um grande n\u00famero de op\u00e7\u00f5es de personaliza\u00e7\u00e3o: todos os tipos de fontes suportadas, filtros de postagens dispon\u00edveis, mais de 50 caracter\u00edsticas de interface flex\u00edveis e 10 op\u00e7\u00f5es de estilo, e \u00e9 100% adapt\u00e1vel para v\u00e1rios dispositivos.<\/p><p><b> Com um plug-in totalmente responsivo e \u00fatil, envolva os visitantes do seu site \u00e0 primeira vista.<\/b><\/p><ul><li><b>Obtenha os melhores resultados com imagens elegantes<\/b>.<br> Aproveite as fotos do Instagram, que \u00e9 uma das plataformas mais eficientes para divulgar seus produtos ou servi\u00e7os, e obtenha lucro no site.<\/li><li><b>Avance seu perfil no Instagram<\/b> .<br>Popularize sua conta no Instagram por meio do site, permita que mais usu\u00e1rios percebam sua empresa e se tornem seus f\u00e3s.<\/li><li><b>Envolva uma quantidade maior de usu\u00e1rios nas atividades do site<\/b>.<br>Exiba fotos do Instagram no seu site atrav\u00e9s do nosso plugin, e elas chamar\u00e3o a aten\u00e7\u00e3o dos visitantes do seu site e far\u00e3o com que eles permane\u00e7am mais tempo na p\u00e1gina.<\/li><\/ul><div class=\"faq\" data-component=\"FAQ\"> <div class=\"faq-item\">\r\n\t\t\t\t\t<div class=\"faq-item-question\">\r\n\t\t\t\t\t\t<h3 class=\"faq-item-question-text\">Para que outras ferramentas servem O Squarespace pode ser adicionado ao meu site? <\/h3>\r\n\r\n\t\t\t\t\t\t<div class=\"faq-item-question-icon\"><\/div>\r\n\t\t\t\t\t<\/div>\r\n\r\n\t\t\t\t\t<div class=\"faq-item-answer\">\r\n\t\t\t\t\t\t<div class=\"faq-item-answer-text\"> <p>Podemos fornecer uma infinidade de widgets para voc\u00ea atingir qualquer tipo de objetivo em seu site. Veja voc\u00ea mesmo: <a href=\"https:\/\/elfsight.com\/google-reviews-widget\/squarespace\/\">Avalia\u00e7\u00f5es do Google<\/a>, <a href=\"https:\/\/elfsight.com\/whatsapp-chat-widget\/squarespace\/\">Bate-papo do WhatsApp<\/a>, <a href=\"https:\/\/elfsight.com\/event-calendar-widget\/squarespace\/\">Calend\u00e1rio de eventos<\/a>, <a href=\"https:\/\/elfsight.com\/countdown-timer-widget\/squarespace\/\">Cron\u00f4metro de contagem regressiva<\/a>, <a href=\"https:\/\/elfsight.com\/qr-code-widget\/squarespace\/\">QR Code<\/a>.<\/p> <\/div>\r\n\t\t\t\t\t<\/div>\r\n\t\t\t\t<\/div> <div class=\"faq-item\">\r\n\t\t\t\t\t<div class=\"faq-item-question\">\r\n\t\t\t\t\t\t<h3 class=\"faq-item-question-text\">Como incorporar feed do Instagram gratuitamente no Squarespace ?<\/h3>\r\n\r\n\t\t\t\t\t\t<div class=\"faq-item-question-icon\"><\/div>\r\n\t\t\t\t\t<\/div>\r\n\r\n\t\t\t\t\t<div class=\"faq-item-answer\">\r\n\t\t\t\t\t\t<div class=\"faq-item-answer-text\"> <ol><p>Incorporar um feed de <a href=\"https:\/\/elfsight.com\/blog\/how-to-add-instagram-feed-to-squarespace\/\">incorporar site do Instagram<\/a> no seu site Squarespace \u00e9 uma excelente forma de apresentar as suas publica\u00e7\u00f5es atuais e refor\u00e7ar a intera\u00e7\u00e3o dos visitantes. Adicionar o Instagram Feed \u00e0s suas p\u00e1ginas para aumentar a confian\u00e7a e tornar-se mais aberto aos seus clientes.<\/p><ol><li>Incorporar um Instagram da Elfsight. Alimente-se gratuitamente no Squarespace, acesse o site da Elfsight e crie uma conta gratuita.<\/li><li>Explore o plug-in gratuito do Instagram adaptando sua apar\u00eancia e configura\u00e7\u00f5es para combinar com o tema do seu site Squarespace.<\/li><li> Depois de personalizar seu feed do Instagram gratuitamente, copie o c\u00f3digo de incorpora\u00e7\u00e3o espec\u00edfico e cole-o no HTML do site do Squarespace onde voc\u00ea deseja que o feed apare\u00e7a.<\/li><\/ol><p>Inserindo seu feed do Instagram no Squarespace website, voc\u00ea elevar\u00e1 seu magnetismo visual e inspirar\u00e1 o envolvimento cont\u00ednuo dos visitantes. Experimente as vantagens do plugin Elfsight Instagram sem nenhum custo para voc\u00ea!<\/p><\/ol><\/div>\r\n\t\t\t\t\t<\/div>\r\n\t\t\t\t<\/div> <div class=\"faq-item\">\r\n\t\t\t\t\t<div class=\"faq-item-question\">\r\n\t\t\t\t\t\t<h3 class=\"faq-item-question-text\">Existe uma maneira de ver seu plugin Squarespace Instagram funcionando?<\/h3>\r\n\r\n\t\t\t\t\t\t<div class=\"faq-item-question-icon\"><\/div>\r\n\t\t\t\t\t<\/div>\r\n\r\n\t\t\t\t\t<div class=\"faq-item-answer\">\r\n\t\t\t\t\t\t<div class=\"faq-item-answer-text\"> <p>\u00c9 uma coisa muito f\u00e1cil de fazer, pois temos uma <a href=\"https:\/\/elfsight.com\/instagram-feed-instashow\/#demo\">demonstra\u00e7\u00e3o<\/a> ao vivo! Voc\u00ea tamb\u00e9m pode us\u00e1-lo para adicionar o plug-in ao seu site do Squarespace.<\/p><\/div>\r\n\t\t\t\t\t<\/div>\r\n\t\t\t\t<\/div> <div class=\"faq-item\">\r\n\t\t\t\t\t<div class=\"faq-item-question\">\r\n\t\t\t\t\t\t<h3 class=\"faq-item-question-text\">Como posso me beneficiar do feed do Instagram no Squarespace?<\/h3>\r\n\r\n\t\t\t\t\t\t<div class=\"faq-item-question-icon\"><\/div>\r\n\t\t\t\t\t<\/div>\r\n\r\n\t\t\t\t\t<div class=\"faq-item-answer\">\r\n\t\t\t\t\t\t<div class=\"faq-item-answer-text\"> <p>Existe uma op\u00e7\u00e3o para <strong>ganhar mais seguidores no perfil<\/strong> com a ajuda de um bot\u00e3o CTA. O p\u00fablico no Instagram \u00e9 limitado, mas seu site pode atrair diversas pessoas de fora do aplicativo. Al\u00e9m disso, voc\u00ea pode incorporar uma postagem do Instagram no Squarespace para ilustrar um artigo ou cita\u00e7\u00e3o. \u00c9 uma boa ideia adicionar conte\u00fado do Instagram ao seu site porque ele est\u00e1 em <strong>atualiza\u00e7\u00e3o constante<\/strong> e cont\u00e9m informa\u00e7\u00f5es relevantes para o seu neg\u00f3cio.<\/p><\/div>\r\n\t\t\t\t\t<\/div>\r\n\t\t\t\t<\/div><\/div><\/div><div class=\"application-platform-content-item-features application-platform-content-item\" id=\"features\" data-nav-section=\"features\"><h2>Principais recursos do plugin Instagram Feed<\/h2><p>Adicione o Instagram Feed ao Squarespace para se beneficiar de v\u00e1rios recursos com os quais habilitamos este plugin. As caracter\u00edsticas funcionais mais importantes do plugin Elfsight, que o tornam a melhor ferramenta do Squarespace para ajud\u00e1-lo a incorporar postagens do Instagram:<\/p><ul><li>Use um n\u00famero ilimitado de fontes para exibir em seu site;<\/li><li>2 layouts de feed prontos para uso: Slider e Grade;<\/li><li>Tr\u00eas variantes de a\u00e7\u00e3o ao clicar na imagem: pop-up, Instagram ou nenhum;<\/li><li>11 elementos pint\u00e1veis;<\/li><li>Op\u00e7\u00e3o de otimiza\u00e7\u00e3o m\u00f3vel para v\u00e1rios dispositivos.<\/li><\/ul><p><a href=\"#demo\">Mais recursos em nosso editor<\/a><\/p><p>Al\u00e9m de com todas essas vantagens incr\u00edveis, voc\u00ea pode incorporar o feed do Instagram no Squarespace para obter sucesso no com\u00e9rcio eletr\u00f4nico. Por exemplo, voc\u00ea pode <strong>aumentar a prova social<\/strong>, se suas postagens contiverem coment\u00e1rios de agradecimento. Ou aumente o engajamento, porque as pessoas interagir\u00e3o com lindas fotos de seus aplicativos favoritos, abrir\u00e3o pop-ups e ler\u00e3o coment\u00e1rios.<\/p><\/div><div class=\"application-platform-content-item-installation application-platform-content-item\" id=\"installation\" data-nav-section=\"installation\"><h2>Como adicionar feed do Instagram ao site do Squarespace <\/h2><div class=\"video-container\"><iframe allowfullscreen=\"\" frameborder=\"0\" height=\"405\" src=\"https:\/\/www.youtube.com\/embed\/4E9cogkAl4M?si=VxK3zM6O01xqYsUU\" width=\"720\"><\/iframe><\/div><p>Aprenda nossas breves instru\u00e7\u00f5es sobre como incorporar e gerar o plugin. O tempo aproximado de instala\u00e7\u00e3o \u00e9 de cerca de 1 minuto, al\u00e9m de n\u00e3o ser necess\u00e1rio ter habilidades de desenvolvimento para faz\u00ea-lo.<\/p><ol><li><b>Crie seu feed pessoal do Instagram<\/b>.<br>Com nosso feed gratuito configurador, gere um plugin com o modelo e as capacidades necess\u00e1rias.<\/li><li><b>Obtenha um c\u00f3digo para configurar o plugin<\/b>.<br>Ap\u00f3s a personaliza\u00e7\u00e3o do widget, adquira um c\u00f3digo para o plugin do Instagram a partir do que apareceu janela nos aplicativos Elfsight.<\/li><li><b>Revele o plugin no site do SquareSpace<\/b>.<br>Coloque o plugin no local necess\u00e1rio do site e salve as edi\u00e7\u00f5es.<\/li><li><b>A integra\u00e7\u00e3o foi bem-sucedida!<\/b>.<br>Visite seu site para ver seu plugin.<\/li><\/ol><p>Tem problemas com a instala\u00e7\u00e3o do plugin ou personaliz\u00e1-lo? Envie uma mensagem para o suporte ao cliente da Elfsight.<\/p><\/div>\n","protected":false},"excerpt":{"rendered":"","protected":false},"author":9,"featured_media":0,"parent":481,"menu_order":0,"comment_status":"closed","ping_status":"closed","template":"templates\/template-application-platform.php","meta":{"publish_to_discourse":"","publish_post_category":"","wpdc_auto_publish_overridden":"","wpdc_topic_tags":"","wpdc_pin_topic":"","wpdc_pin_until":"","discourse_post_id":"","discourse_permalink":"","wpdc_publishing_response":"","wpdc_publishing_error":"","footnotes":""},"class_list":["post-4360","page","type-page","status-publish","hentry"],"yoast_head":"<!-- This site is optimized with the Yoast SEO plugin v25.3.1 - https:\/\/yoast.com\/wordpress\/plugins\/seo\/ -->\n<title>Feed do Instagram do Squarespace - Adicionar Instagram ao Squarespace [ 2025 ]<\/title>\n<meta name=\"description\" content=\"Adicione o feed do Instagram ao site do Squarespace agora mesmo! Gere um widget Squarespace Instagram personalizado da Elfsight em apenas 2 minutos.\" \/>\n<meta name=\"robots\" content=\"index, follow, max-snippet:-1, max-image-preview:large, max-video-preview:-1\" \/>\n<link rel=\"canonical\" href=\"https:\/\/elfsight.com\/pt\/instagram-feed-instashow\/squarespace\/\" \/>\n<meta property=\"og:locale\" content=\"pt_PT\" \/>\n<meta property=\"og:type\" content=\"article\" \/>\n<meta property=\"og:title\" content=\"Feed do Instagram do Squarespace - Adicionar Instagram ao Squarespace [ 2025 ]\" \/>\n<meta property=\"og:description\" content=\"Adicione o feed do Instagram ao site do Squarespace agora mesmo! Gere um widget Squarespace Instagram personalizado da Elfsight em apenas 2 minutos.\" \/>\n<meta property=\"og:url\" content=\"https:\/\/elfsight.com\/pt\/instagram-feed-instashow\/squarespace\/\" \/>\n<meta property=\"og:site_name\" content=\"Elfsight PT\" \/>\n<meta property=\"article:modified_time\" content=\"2026-01-28T14:22:37+00:00\" \/>\n<meta name=\"twitter:card\" content=\"summary_large_image\" \/>\n<meta name=\"twitter:label1\" content=\"Tempo estimado de leitura\" \/>\n\t<meta name=\"twitter:data1\" content=\"5 minutos\" \/>\n<!-- \/ Yoast SEO plugin. -->","yoast_head_json":{"title":"Feed do Instagram do Squarespace - Adicionar Instagram ao Squarespace [ 2025 ]","description":"Adicione o feed do Instagram ao site do Squarespace agora mesmo! Gere um widget Squarespace Instagram personalizado da Elfsight em apenas 2 minutos.","robots":{"index":"index","follow":"follow","max-snippet":"max-snippet:-1","max-image-preview":"max-image-preview:large","max-video-preview":"max-video-preview:-1"},"canonical":"https:\/\/elfsight.com\/pt\/instagram-feed-instashow\/squarespace\/","og_locale":"pt_PT","og_type":"article","og_title":"Feed do Instagram do Squarespace - Adicionar Instagram ao Squarespace [ 2025 ]","og_description":"Adicione o feed do Instagram ao site do Squarespace agora mesmo! Gere um widget Squarespace Instagram personalizado da Elfsight em apenas 2 minutos.","og_url":"https:\/\/elfsight.com\/pt\/instagram-feed-instashow\/squarespace\/","og_site_name":"Elfsight PT","article_modified_time":"2026-01-28T14:22:37+00:00","twitter_card":"summary_large_image","twitter_misc":{"Tempo estimado de leitura":"5 minutos"},"schema":{"@context":"https:\/\/schema.org","@graph":[{"@type":"WebPage","@id":"https:\/\/elfsight.com\/pt\/instagram-feed-instashow\/squarespace\/","url":"https:\/\/elfsight.com\/pt\/instagram-feed-instashow\/squarespace\/","name":"Feed do Instagram do Squarespace - Adicionar Instagram ao Squarespace [ 2025 ]","isPartOf":{"@id":"https:\/\/elfsight.com\/pt\/#website"},"datePublished":"2024-05-03T06:39:32+00:00","dateModified":"2026-01-28T14:22:37+00:00","description":"Adicione o feed do Instagram ao site do Squarespace agora mesmo! Gere um widget Squarespace Instagram personalizado da Elfsight em apenas 2 minutos.","breadcrumb":{"@id":"https:\/\/elfsight.com\/pt\/instagram-feed-instashow\/squarespace\/#breadcrumb"},"inLanguage":"pt-PT","potentialAction":[{"@type":"ReadAction","target":["https:\/\/elfsight.com\/pt\/instagram-feed-instashow\/squarespace\/"]}]},{"@type":"BreadcrumbList","@id":"https:\/\/elfsight.com\/pt\/instagram-feed-instashow\/squarespace\/#breadcrumb","itemListElement":[{"@type":"ListItem","position":1,"name":"Home","item":"https:\/\/elfsight.com\/pt\/"},{"@type":"ListItem","position":2,"name":"Instagram Feed","item":"https:\/\/elfsight.com\/pt\/instagram-feed-instashow\/"},{"@type":"ListItem","position":3,"name":"Instagram Feed &#8211; Squarespace"}]},{"@type":"WebSite","@id":"https:\/\/elfsight.com\/pt\/#website","url":"https:\/\/elfsight.com\/pt\/","name":"Elfsight PT","description":"Just another Elfsight Sites site","potentialAction":[{"@type":"SearchAction","target":{"@type":"EntryPoint","urlTemplate":"https:\/\/elfsight.com\/pt\/?s={search_term_string}"},"query-input":{"@type":"PropertyValueSpecification","valueRequired":true,"valueName":"search_term_string"}}],"inLanguage":"pt-PT"}]}},"meta_box":{"industry":"","seo_heading":"","heading":"","description":"","cta_heading":"","cta_description":"","application":"480","h1":"Widget de feed do Instagram do Squarespace","h1_caption":"Incorpore postagens e v\u00eddeos do Instagram em seu site Squarespace","application_category":[],"applications_title":"","applications_request_title":"","applications_request_button_text":"","hero_text":"","hero_video":"","hero_video_schema_markup":"","selling_points_title":"","selling_points_caption":"","selling_points":[],"selling_points_cta_text":"","features_title":"","features":"","ed_cta_examples_text":"","ed_cta_examples_hidden":"","ed_cta_demo_text":"","ed_cta_demo_hidden":"","why_caption":"","why_editor_title":"","why_editor_text":"","why_team_title":"","why_team_text":"","why_service_title":"","why_service_text":"","template_catalog_visible":"0","template_catalog_title":"","template_catalog_text":"","template_catalog_categories_visible":"","demo_title":"Crie seu plugin de feed do Instagram","demo_caption":"Configure seu feed do Instagram e adicione-o ao seu site Squarespace gratuitamente!","default_faq_hidden":"","app_template_category":[],"platform":"67","template_public_id":"","codecanyon_url":"","codecanyon_item_id":"","codecanyon_price":"","pricing_caption":"","pricing_elfsight_apps_hide_column":"","pricing_elfsight_apps_url":"","pricing_codecanyon_price_caption":"","integration_category":[],"integration_request_title":"","integration_request_cta":"","integration_platform":"","integrations":[],"platform_category":[],"video_schema_markup":"","price":"a partir de US$ 0\/m\u00eas","trial":"","benefits":[{"text":"Ajuda de instala\u00e7\u00e3o gratuita"},{"text":"Suporte excepcional"},{"text":"Garantia de devolu\u00e7\u00e3o do dinheiro em 14 dias"},{"text":"Futuras melhorias gratuitas"}],"button_url":"#demo","button_target_blank":"0","button_nofollow":"0","attributes":[{"name":"Instala\u00e7\u00f5es","content":"100,000 - 500,000","_state":"expanded"},{"name":"Responsivo","content":"Sim","_state":"expanded"},{"name":"Navegadores compat\u00edveis","content":"Firefox, Safari, Opera, Chrome, Edge"}],"tags":[],"tags_disable_links":"0","hide_more_platforms":"0","video_object":"","demo_hide_cta":"0","demo_hide_cloud_options":"0","pricing_title":"","pricing":[{"pricing_icon":"platform","pricing_title":"Elfsight Apps","pricing_title_caption":"Vers\u00e3o multiplataforma adequada para qualquer site","pricing_price":"a partir de US$ 0\/m\u00eas","pricing_price_caption":"comece com um plano gratuito","pricing_benefits":[{"text":"Sites ilimitados"},{"text":"Suporte 24 horas por dia, 7 dias por semana e bem documentado"},{"text":"Suporte 24 horas por dia, 7 dias por semana e bem documentado"},{"text":"100% personaliz\u00e1vel"}],"pricing_button_text":"Adicionar ao site","pricing_button_url":"#demo","_state":"expanded"}],"related_apps_title":"","related_apps_hidden":"1","author":"","image":[],"title":"","job":"","social_networks":[]},"_links":{"self":[{"href":"https:\/\/elfsight.com\/pt\/wp-json\/wp\/v2\/pages\/4360","targetHints":{"allow":["GET"]}}],"collection":[{"href":"https:\/\/elfsight.com\/pt\/wp-json\/wp\/v2\/pages"}],"about":[{"href":"https:\/\/elfsight.com\/pt\/wp-json\/wp\/v2\/types\/page"}],"author":[{"embeddable":true,"href":"https:\/\/elfsight.com\/pt\/wp-json\/wp\/v2\/users\/9"}],"replies":[{"embeddable":true,"href":"https:\/\/elfsight.com\/pt\/wp-json\/wp\/v2\/comments?post=4360"}],"version-history":[{"count":4,"href":"https:\/\/elfsight.com\/pt\/wp-json\/wp\/v2\/pages\/4360\/revisions"}],"predecessor-version":[{"id":15222,"href":"https:\/\/elfsight.com\/pt\/wp-json\/wp\/v2\/pages\/4360\/revisions\/15222"}],"up":[{"embeddable":true,"href":"https:\/\/elfsight.com\/pt\/wp-json\/wp\/v2\/pages\/481"}],"wp:attachment":[{"href":"https:\/\/elfsight.com\/pt\/wp-json\/wp\/v2\/media?parent=4360"}],"curies":[{"name":"wp","href":"https:\/\/api.w.org\/{rel}","templated":true}]}}