{"id":4357,"date":"2024-05-03T06:39:48","date_gmt":"2024-05-03T06:39:48","guid":{"rendered":"https:\/\/elfsight.com\/pt\/?page_id=4357"},"modified":"2026-01-28T12:48:33","modified_gmt":"2026-01-28T12:48:33","slug":"shopify","status":"publish","type":"page","link":"https:\/\/elfsight.com\/pt\/instagram-feed-instashow\/shopify\/","title":{"rendered":"Instagram Feed &#8211; Shopify"},"content":{"rendered":"\n<div class=\"application-platform-content-item-description application-platform-content-item\" id=\"description\" data-nav-section=\"description\">\n<h2>Adicione o Instagram ao Shopify com um plugin Elfsight<\/h2>\n<p>InstaShow \u00e9 um aplicativo Instagram supremo, que ajuda a criar galerias lindas a partir de imagens e v\u00eddeos do Instagram. Existem in\u00fameras variantes de personaliza\u00e7\u00e3o: todos os tipos de fontes, pr\u00e9-modera\u00e7\u00e3o de feed, mais de 70 configura\u00e7\u00f5es ajust\u00e1veis \u200b\u200be 10 esquemas de apar\u00eancia, e \u00e9 totalmente adapt\u00e1vel a v\u00e1rios dispositivos.<\/p>\n<p><b>Aplique uma personaliza\u00e7\u00e3o completa. Plugin responsivo e eficiente, para envolver os visitantes do seu site em um piscar de olhos.<\/b><\/p>\n<\/div>\n\n<div class=\"faq\" data-component=\"FAQ\">\n<div class=\"faq-item\">\r\n\t\t\t\t\t<div class=\"faq-item-question\">\r\n\t\t\t\t\t\t<h3 class=\"faq-item-question-text\">Como incorporar o feed do Instagram gratuitamente no Shopify?<\/h3>\r\n\r\n\t\t\t\t\t\t<div class=\"faq-item-question-icon\"><\/div>\r\n\t\t\t\t\t<\/div>\r\n\r\n\t\t\t\t\t<div class=\"faq-item-answer\">\r\n\t\t\t\t\t\t<div class=\"faq-item-answer-text\">\n<p>Adicionar um feed do Instagram \u00e0 sua loja Shopify \u00e9 uma abordagem fant\u00e1stica para destacar suas postagens mais recentes e aumentar a intera\u00e7\u00e3o com o cliente.<\/p>\n<ol>\n    <li>Para <a href=\"https:\/\/elfsight.com\/blog\/how-to-embed-instagram-feed-on-website\/\">incorporar Instagram Feed<\/a> gratuitamente no Shopify, navegue at\u00e9 o site da Elfsight e crie uma conta sem custo.<\/li>\n    <li>Capitalize no Instagram widget gratuito, modificando sua apar\u00eancia e configura\u00e7\u00f5es para complementar o estilo da sua loja Shopify.<\/li>\n    <li>Depois de personalizar seu feed do Instagram gratuitamente, copie o c\u00f3digo de incorpora\u00e7\u00e3o exclusivo e cole-o no HTML da sua loja Shopify onde voc\u00ea imagina que o feed ser\u00e1 exibido.<\/li>\n<\/ol>\n<p>Ao colocar seu feed do Instagram em sua loja Shopify, voc\u00ea ampliar\u00e1 seu charme visual e incentivar\u00e1 o envolvimento consistente do cliente. Descubra as vantagens do widget Instagram da Elfsight sem qualquer compromisso monet\u00e1rio!<\/p>\n<\/div>\r\n\t\t\t\t\t<\/div>\r\n\t\t\t\t<\/div>\n\n<div class=\"faq-item\">\r\n\t\t\t\t\t<div class=\"faq-item-question\">\r\n\t\t\t\t\t\t<h3 class=\"faq-item-question-text\">Que outras ferramentas do Shopify podem ser adicionadas ao meu site?<\/h3>\r\n\r\n\t\t\t\t\t\t<div class=\"faq-item-question-icon\"><\/div>\r\n\t\t\t\t\t<\/div>\r\n\r\n\t\t\t\t\t<div class=\"faq-item-answer\">\r\n\t\t\t\t\t\t<div class=\"faq-item-answer-text\">\n<p>Voc\u00ea pode usar v\u00e1rios aplicativos para qualquer finalidade em seu site, independentemente do seu neg\u00f3cio. Escolha sua ferramenta:<\/p>\n<ol>\n    <li><a href=\"https:\/\/elfsight.com\/slider-widget\/shopify\/\">Slider<\/a><\/li>\n    <li><a href=\"https:\/\/elfsight.com\/google-reviews-widget\/shopify\/\">Google Reviews<\/a><\/li>\n    <li><a href=\"https:\/\/elfsight.com\/instagram-feed-instashow\/shopify\/\">Feed do Instagram<\/a><\/li>\n    <li><a href=\"https:\/\/elfsight.com\/pdf-embed-widget\/shopify\/\">Feed PDF<\/a><\/li>\n    <li><a href=\"https:\/\/elfsight.com\/logo-showcase-widget\/shopify\/\">Mostru\u00e1rio de logotipo<\/a><\/li>\n<\/ol>\n<\/div>\r\n\t\t\t\t\t<\/div>\r\n\t\t\t\t<\/div>\n<\/div>\n\n<div class=\"application-platform-content-item-features application-platform-content-item\" id=\"features\" data-nav-section=\"features\">\n<h2>Principais recursos do aplicativo Instagram Feed<\/h2>\n<p>As caracter\u00edsticas marcantes do nosso plugin, que o transforma na melhor ferramenta do Shopify para inser\u00e7\u00e3o do Instagram:<\/p>\n<ul>\n    <li>Visualiza\u00e7\u00e3o de v\u00eddeos direto na p\u00e1gina;<\/li>\n    <li>2 modelos de post: Tile e Classic;<\/li>\n    <li>7 elementos de postagem altern\u00e1veis \u200b\u200bpara mostrar ou ocultar;<\/li>\n    <li>Cores personaliz\u00e1veis \u200b\u200bde plano de fundo, texto, bot\u00f5es e muito mais;<\/li>\n    <li>A integra\u00e7\u00e3o com o Instagram leva segundos.<\/li>\n    <li>Oportunidade de ajustar a velocidade do bot\u00e3o deslizante<\/li>\n    <li>Layouts de grade ou controle deslizante para mostrar o feed do Instagram no Shopify<\/li>\n    <li>Nome de usu\u00e1rio altern\u00e1vel, data de publica\u00e7\u00e3o, n\u00famero de curtidas e coment\u00e1rios<\/li>\n    <li>Mais de 10 esquemas de cores prontos<\/li>\n    <li>Op\u00e7\u00e3o para personalizar as cores de todos os elementos separadamente.<\/li>\n    <li>Bot\u00e3o personaliz\u00e1vel &#8216;Carregar mais&#8217;<\/li>\n<\/ul>\n<p>Todas essas op\u00e7\u00f5es ajudar\u00e3o voc\u00ea a aumentar o envolvimento nas p\u00e1ginas da web e a aumentar o tempo gasto nelas. Al\u00e9m disso, voc\u00ea pode levar novos seguidores de um site diretamente para o seu perfil do Instagram com a ajuda de um bot\u00e3o CTA.<\/p>\n<p><a href=\"#demo\">Mais recursos em nossa demonstra\u00e7\u00e3o<\/a><\/p>\n<\/div>\n\n<div class=\"application-platform-content-item-installation application-platform-content-item\" id=\"installation\" data-nav-section=\"installation\"><\/div>\n<h2>Como adicionar feed do Instagram a um site do Shopify<\/h2>\n<div class=\"video-container\">\n  <iframe allowfullscreen=\"\" frameborder=\"0\" height=\"405\" src=\"https:\/\/www.youtube.com\/embed\/RTeznn3AdRs?si=zp64ckFbSyOv35tf\" width=\"720\"><\/iframe>\n<\/div>\n<p>Confira nosso guia expresso sobre integra\u00e7\u00e3o e modelagem do aplicativo. A instala\u00e7\u00e3o levar\u00e1 apenas cerca de 90 segundos, al\u00e9m disso, voc\u00ea n\u00e3o precisa de conhecimentos em programa\u00e7\u00e3o web.<\/p>\n<ol>\n    <li><b>Gerencie nossa demonstra\u00e7\u00e3o gratuita e comece a formar seu aplicativo customizado.<\/b><br> Determine o arranjo selecionado e as especifica\u00e7\u00f5es do plugin e salve todas as modifica\u00e7\u00f5es.<\/li>\n    <li><b>Receba o seu c\u00f3digo pessoal na janela das aplica\u00e7\u00f5es Elfsight.<\/b><br> Assim que a personaliza\u00e7\u00e3o do seu plugin pessoal terminar, copie o c\u00f3digo individual no pop-up que aparece e salve-o para uso futuro.<\/li>\n    <li><b>Inicie a utiliza\u00e7\u00e3o do aplicativo em sua p\u00e1gina da Shopify.<\/b><br> Incorpore o c\u00f3digo copiado recentemente em sua p\u00e1gina da web e salve as melhorias.<\/li>\n    <li><b>A instala\u00e7\u00e3o foi totalmente finalizada!<\/b><br> Abra sua p\u00e1gina da web para ver em a\u00e7\u00e3o como o aplicativo est\u00e1 funcionando.<\/li>\n<\/ol>\n<p>Est\u00e1 tendo problemas ao inserir o aplicativo ou configurar o feed do Instagram? Envie uma mensagem para nosso suporte.<\/p>\n\n","protected":false},"excerpt":{"rendered":"Como adicionar feed do Instagram a um site do Shopify Confira nosso guia expresso sobre integra\u00e7\u00e3o e modelagem do aplicativo. A instala\u00e7\u00e3o levar\u00e1 apenas cerca de 90 segundos, al\u00e9m disso, voc\u00ea n\u00e3o precisa de conhecimentos em programa\u00e7\u00e3o web. Gerencie nossa demonstra\u00e7\u00e3o gratuita e comece a formar seu aplicativo customizado. Determine&#8230;","protected":false},"author":9,"featured_media":0,"parent":481,"menu_order":0,"comment_status":"closed","ping_status":"closed","template":"templates\/template-application-platform.php","meta":{"publish_to_discourse":"","publish_post_category":"","wpdc_auto_publish_overridden":"","wpdc_topic_tags":"","wpdc_pin_topic":"","wpdc_pin_until":"","discourse_post_id":"","discourse_permalink":"","wpdc_publishing_response":"","wpdc_publishing_error":"","footnotes":""},"class_list":["post-4357","page","type-page","status-publish","hentry"],"yoast_head":"<!-- This site is optimized with the Yoast SEO plugin v25.3.1 - https:\/\/yoast.com\/wordpress\/plugins\/seo\/ -->\n<title>Adicione feed do Instagram ao site Shopify gratuitamente - aplicativo Instagram<\/title>\n<meta name=\"description\" content=\"Aprenda como adicionar o feed do Instagram ao Shopify gratuitamente. Use o melhor aplicativo Instagram Shopify para integra\u00e7\u00e3o suave de imagens e v\u00eddeos.\" \/>\n<meta name=\"robots\" content=\"index, follow, max-snippet:-1, max-image-preview:large, max-video-preview:-1\" \/>\n<link rel=\"canonical\" href=\"https:\/\/elfsight.com\/pt\/instagram-feed-instashow\/shopify\/\" \/>\n<meta property=\"og:locale\" content=\"pt_PT\" \/>\n<meta property=\"og:type\" content=\"article\" \/>\n<meta property=\"og:title\" content=\"Adicione feed do Instagram ao site Shopify gratuitamente - aplicativo Instagram\" \/>\n<meta property=\"og:description\" content=\"Aprenda como adicionar o feed do Instagram ao Shopify gratuitamente. Use o melhor aplicativo Instagram Shopify para integra\u00e7\u00e3o suave de imagens e v\u00eddeos.\" \/>\n<meta property=\"og:url\" content=\"https:\/\/elfsight.com\/pt\/instagram-feed-instashow\/shopify\/\" \/>\n<meta property=\"og:site_name\" content=\"Elfsight PT\" \/>\n<meta property=\"article:modified_time\" content=\"2026-01-28T12:48:33+00:00\" \/>\n<meta name=\"twitter:card\" content=\"summary_large_image\" \/>\n<meta name=\"twitter:label1\" content=\"Tempo estimado de leitura\" \/>\n\t<meta name=\"twitter:data1\" content=\"4 minutos\" \/>\n<!-- \/ Yoast SEO plugin. -->","yoast_head_json":{"title":"Adicione feed do Instagram ao site Shopify gratuitamente - aplicativo Instagram","description":"Aprenda como adicionar o feed do Instagram ao Shopify gratuitamente. Use o melhor aplicativo Instagram Shopify para integra\u00e7\u00e3o suave de imagens e v\u00eddeos.","robots":{"index":"index","follow":"follow","max-snippet":"max-snippet:-1","max-image-preview":"max-image-preview:large","max-video-preview":"max-video-preview:-1"},"canonical":"https:\/\/elfsight.com\/pt\/instagram-feed-instashow\/shopify\/","og_locale":"pt_PT","og_type":"article","og_title":"Adicione feed do Instagram ao site Shopify gratuitamente - aplicativo Instagram","og_description":"Aprenda como adicionar o feed do Instagram ao Shopify gratuitamente. Use o melhor aplicativo Instagram Shopify para integra\u00e7\u00e3o suave de imagens e v\u00eddeos.","og_url":"https:\/\/elfsight.com\/pt\/instagram-feed-instashow\/shopify\/","og_site_name":"Elfsight PT","article_modified_time":"2026-01-28T12:48:33+00:00","twitter_card":"summary_large_image","twitter_misc":{"Tempo estimado de leitura":"4 minutos"},"schema":{"@context":"https:\/\/schema.org","@graph":[{"@type":"WebPage","@id":"https:\/\/elfsight.com\/pt\/instagram-feed-instashow\/shopify\/","url":"https:\/\/elfsight.com\/pt\/instagram-feed-instashow\/shopify\/","name":"Adicione feed do Instagram ao site Shopify gratuitamente - aplicativo Instagram","isPartOf":{"@id":"https:\/\/elfsight.com\/pt\/#website"},"datePublished":"2024-05-03T06:39:48+00:00","dateModified":"2026-01-28T12:48:33+00:00","description":"Aprenda como adicionar o feed do Instagram ao Shopify gratuitamente. Use o melhor aplicativo Instagram Shopify para integra\u00e7\u00e3o suave de imagens e v\u00eddeos.","breadcrumb":{"@id":"https:\/\/elfsight.com\/pt\/instagram-feed-instashow\/shopify\/#breadcrumb"},"inLanguage":"pt-PT","potentialAction":[{"@type":"ReadAction","target":["https:\/\/elfsight.com\/pt\/instagram-feed-instashow\/shopify\/"]}]},{"@type":"BreadcrumbList","@id":"https:\/\/elfsight.com\/pt\/instagram-feed-instashow\/shopify\/#breadcrumb","itemListElement":[{"@type":"ListItem","position":1,"name":"Home","item":"https:\/\/elfsight.com\/pt\/"},{"@type":"ListItem","position":2,"name":"Instagram Feed","item":"https:\/\/elfsight.com\/pt\/instagram-feed-instashow\/"},{"@type":"ListItem","position":3,"name":"Instagram Feed &#8211; Shopify"}]},{"@type":"WebSite","@id":"https:\/\/elfsight.com\/pt\/#website","url":"https:\/\/elfsight.com\/pt\/","name":"Elfsight PT","description":"Just another Elfsight Sites site","potentialAction":[{"@type":"SearchAction","target":{"@type":"EntryPoint","urlTemplate":"https:\/\/elfsight.com\/pt\/?s={search_term_string}"},"query-input":{"@type":"PropertyValueSpecification","valueRequired":true,"valueName":"search_term_string"}}],"inLanguage":"pt-PT"}]}},"meta_box":{"industry":"","seo_heading":"","heading":"","description":"","cta_heading":"","cta_description":"","application":"480","h1":"Aplicativo Shopify Instagram Feed","h1_caption":"Incorpore imagens, v\u00eddeos e postagens do Instagram em seu site Shopify","application_category":[],"applications_title":"","applications_request_title":"","applications_request_button_text":"","hero_text":"","hero_video":"","hero_video_schema_markup":"","selling_points_title":"","selling_points_caption":"","selling_points":[],"selling_points_cta_text":"","features_title":"","features":"","ed_cta_examples_text":"","ed_cta_examples_hidden":"","ed_cta_demo_text":"","ed_cta_demo_hidden":"","why_caption":"","why_editor_title":"","why_editor_text":"","why_team_title":"","why_team_text":"","why_service_title":"","why_service_text":"","template_catalog_visible":"0","template_catalog_title":"","template_catalog_text":"","template_catalog_categories_visible":"","demo_title":"Crie seu aplicativo de feed do Instagram","demo_caption":"Configure seu feed do Instagram e adicione-o ao seu site Shopify gratuitamente!","default_faq_hidden":"","app_template_category":[],"platform":"64","template_public_id":"","codecanyon_url":"","codecanyon_item_id":"","codecanyon_price":"","pricing_caption":"","pricing_elfsight_apps_hide_column":"","pricing_elfsight_apps_url":"","pricing_codecanyon_price_caption":"","integration_category":[],"integration_request_title":"","integration_request_cta":"","integration_platform":"","integrations":[],"platform_category":[],"video_schema_markup":"","price":"a partir de US$ 0\/m\u00eas","trial":"","benefits":[{"text":"Servi\u00e7o de instala\u00e7\u00e3o gratuito"},{"text":"Suporte premium"},{"text":"Garantia de devolu\u00e7\u00e3o do dinheiro em 14 dias"},{"text":"Atualiza\u00e7\u00f5es gratuitas cont\u00ednuas"}],"button_url":"#demo","button_target_blank":"0","button_nofollow":"0","attributes":[{"name":"Instala\u00e7\u00f5es","content":"100,000 - 500,000","_state":"expanded"},{"name":"Responsivo","content":"Sim","_state":"expanded"},{"name":"Navegadores compat\u00edveis","content":"Firefox, Safari, Opera, Chrome, Edge"}],"tags":[],"tags_disable_links":"0","hide_more_platforms":"0","video_object":"","demo_hide_cta":"0","demo_hide_cloud_options":"0","pricing_title":"","pricing":[{"pricing_icon":"cloud","pricing_title":"Elfsight Apps","pricing_title_caption":"Vers\u00e3o multiplataforma que funciona em qualquer site","pricing_price":"a partir de US$ 0\/m\u00eas","pricing_price_caption":"comece com plano gratuito","pricing_benefits":[{"text":"Sites ilimitados"},{"text":"Suporte premium"},{"text":"Suporte premium"},{"text":"Oferta especial para v\u00e1rios aplicativos"}],"pricing_button_text":"Adicionar ao site","pricing_button_url":"#demo","_state":"expanded"}],"related_apps_title":"","related_apps_hidden":"1","author":"","image":[],"title":"","job":"","social_networks":[]},"_links":{"self":[{"href":"https:\/\/elfsight.com\/pt\/wp-json\/wp\/v2\/pages\/4357","targetHints":{"allow":["GET"]}}],"collection":[{"href":"https:\/\/elfsight.com\/pt\/wp-json\/wp\/v2\/pages"}],"about":[{"href":"https:\/\/elfsight.com\/pt\/wp-json\/wp\/v2\/types\/page"}],"author":[{"embeddable":true,"href":"https:\/\/elfsight.com\/pt\/wp-json\/wp\/v2\/users\/9"}],"replies":[{"embeddable":true,"href":"https:\/\/elfsight.com\/pt\/wp-json\/wp\/v2\/comments?post=4357"}],"version-history":[{"count":5,"href":"https:\/\/elfsight.com\/pt\/wp-json\/wp\/v2\/pages\/4357\/revisions"}],"predecessor-version":[{"id":15220,"href":"https:\/\/elfsight.com\/pt\/wp-json\/wp\/v2\/pages\/4357\/revisions\/15220"}],"up":[{"embeddable":true,"href":"https:\/\/elfsight.com\/pt\/wp-json\/wp\/v2\/pages\/481"}],"wp:attachment":[{"href":"https:\/\/elfsight.com\/pt\/wp-json\/wp\/v2\/media?parent=4357"}],"curies":[{"name":"wp","href":"https:\/\/api.w.org\/{rel}","templated":true}]}}