{"id":4355,"date":"2024-05-03T06:39:05","date_gmt":"2024-05-03T06:39:05","guid":{"rendered":"https:\/\/elfsight.com\/pt\/?page_id=4355"},"modified":"2025-01-21T09:34:36","modified_gmt":"2025-01-21T09:34:36","slug":"wordpress","status":"publish","type":"page","link":"https:\/\/elfsight.com\/pt\/google-reviews-widget\/wordpress\/","title":{"rendered":"Google Reviews &#8211; WordPress"},"content":{"rendered":"\n<div class=\"application-platform-content-item-description application-platform-content-item\" id=\"description\" data-nav-section=\"description\"> <h2>Incorpore avalia\u00e7\u00f5es do Google com o plug-in Elfsight<\/h2> <p>Se voc\u00ea deseja demonstrar sua aprecia\u00e7\u00e3o entre os usu\u00e1rios e convencer os visitantes do site de que seu vale a pena comprar ofertas, a Elfsight Reviews \u00e9 ideal para voc\u00ea. Com a ajuda de nosso plugin, voc\u00ea pode incorporar avalia\u00e7\u00f5es de clientes do Google em seu site com detalhes sobre seus autores, usar filtros para demonstrar apenas avalia\u00e7\u00f5es positivas, mostrar avalia\u00e7\u00f5es e um bot\u00e3o de solicita\u00e7\u00e3o de revis\u00e3o, que levar\u00e1 os usu\u00e1rios \u00e0 sua conta do Google, para que eles podem deixar seu depoimento.<\/p><div class=\"faq\" data-component=\"FAQ\"> <div class=\"faq-item\">\r\n\t\t\t\t\t<div class=\"faq-item-question\">\r\n\t\t\t\t\t\t<h3 class=\"faq-item-question-text\">Quais exatamente outros widgets para WordPress voc\u00ea tem a oferecer? <\/h3>\r\n\r\n\t\t\t\t\t\t<div class=\"faq-item-question-icon\"><\/div>\r\n\t\t\t\t\t<\/div>\r\n\r\n\t\t\t\t\t<div class=\"faq-item-answer\">\r\n\t\t\t\t\t\t<div class=\"faq-item-answer-text\"> <p>Podemos oferecer uma infinidade de plugins e widgets para voc\u00ea alcan\u00e7ar qualquer tipo de mire em seu site. Veja voc\u00ea mesmo: <a href=\"https:\/\/elfsight.com\/whatsapp-chat-widget\/wordpress\/\"> WhatsApp Chat<\/a>, <a href=\"https:\/\/elfsight.com\/facebook-chat-widget\/wordpress\/\">Bate-papo do Facebook<\/a>, <a href=\"https:\/\/elfsight.com\/testimonials-slider-widget\/wordpress\/\">Controle deslizante de depoimentos<\/a>, <a href=\"https:\/\/elfsight.com\/youtube-channel-plugin-yottie\/wordpress\/\">Galeria do YouTube<\/a>.<\/p> <\/div>\r\n\t\t\t\t\t<\/div>\r\n\t\t\t\t<\/div> <div class=\"faq-item\">\r\n\t\t\t\t\t<div class=\"faq-item-question\">\r\n\t\t\t\t\t\t<h3 class=\"faq-item-question-text\">Como o plug-in de avalia\u00e7\u00f5es do Google pode melhorar o desempenho do meu site?<\/h3>\r\n\r\n\t\t\t\t\t\t<div class=\"faq-item-question-icon\"><\/div>\r\n\t\t\t\t\t<\/div>\r\n\r\n\t\t\t\t\t<div class=\"faq-item-answer\">\r\n\t\t\t\t\t\t<div class=\"faq-item-answer-text\"> <p>Ao adicionar o Google Reviews ao WordPress, voc\u00ea obt\u00e9m muitos benef\u00edcios. Aqui est\u00e3o os principais:<\/p><ul><li><p><strong>Uma boa classifica\u00e7\u00e3o aumenta as convers\u00f5es<\/strong><br>77% dos potenciais compradores &#8216;sempre&#8217; ou &#8216;regularmente&#8217; l\u00eaem depoimentos enquanto navegam para novos produtos e servi\u00e7os.<\/p><\/li><li><p><strong>Os coment\u00e1rios adicionam conte\u00fado relevante ao seu site<\/strong><br>Os depoimentos cont\u00eam palavras-chave adequadas que se ajustam \u00e0 descri\u00e7\u00e3o do seu neg\u00f3cio. O mecanismo de pesquisa ir\u00e1 consider\u00e1-los como parte do texto do site.<\/p><\/li><li><p><strong>Snippets de coment\u00e1rios aumentam a taxa de cliques no SERP<\/strong><br>Plugin WordPress para Google Reviews automaticamente gera um rich snippet para sua avalia\u00e7\u00e3o brilhante. Assim, as pessoas ver\u00e3o um link de site aprimorado no Google e provavelmente clicar\u00e3o nele.<\/p><\/li><\/ul><\/div>\r\n\t\t\t\t\t<\/div>\r\n\t\t\t\t<\/div> <div class=\"faq-item\">\r\n\t\t\t\t\t<div class=\"faq-item-question\">\r\n\t\t\t\t\t\t<h3 class=\"faq-item-question-text\">Como posso incorporar o plug-in WordPress Google Reviews ao meu site? <\/h3>\r\n\r\n\t\t\t\t\t\t<div class=\"faq-item-question-icon\"><\/div>\r\n\t\t\t\t\t<\/div>\r\n\r\n\t\t\t\t\t<div class=\"faq-item-answer\">\r\n\t\t\t\t\t\t<div class=\"faq-item-answer-text\"> <p>Voc\u00ea pode adicionar o plugin Google Reviews ao seu site WordPress e isso n\u00e3o exigir\u00e1 muito esfor\u00e7o. Basta abrir o painel do administrador e realizar as seguintes a\u00e7\u00f5es: <\/p><ol><li>Clique em configura\u00e7\u00f5es do tema. <\/li><li>Escolha o elemento onde voc\u00ea deseja implementar seu plugin do WordPress. <\/li><li>Incorpore o seu c\u00f3digo das aplica\u00e7\u00f5es Elfsight e aplique os ajustes. <\/li><li>Conclu\u00eddo. <\/li><\/ol><p>Lembre-se de que se precisar de mais informa\u00e7\u00f5es sobre como o widget para WordPress funciona, visite <a href=\"https:\/\/elfsight.com\/tutorials\/how-to-add-google-reviews-to-any-website-full-guide\/#google-reviews-wordpress\">esta p\u00e1gina<\/a>.<\/p><\/div>\r\n\t\t\t\t\t<\/div>\r\n\t\t\t\t<\/div> <div class=\"faq-item\">\r\n\t\t\t\t\t<div class=\"faq-item-question\">\r\n\t\t\t\t\t\t<h3 class=\"faq-item-question-text\">Posso testar seu Plug-in WordPress Google Reviews quando em uso?<\/h3>\r\n\r\n\t\t\t\t\t\t<div class=\"faq-item-question-icon\"><\/div>\r\n\t\t\t\t\t<\/div>\r\n\r\n\t\t\t\t\t<div class=\"faq-item-answer\">\r\n\t\t\t\t\t\t<div class=\"faq-item-answer-text\"> <p>Claro! Voc\u00ea pode testar o plug-in do Google Reviews em nossa <a href=\"https:\/\/elfsight.com\/google-reviews-widget\/#demo\">demonstra\u00e7\u00e3o<\/a> on-line, que tamb\u00e9m pode ser usada para adicionar o plug-in a seu site WordPress.<\/p><\/div>\r\n\t\t\t\t\t<\/div>\r\n\t\t\t\t<\/div> <\/div><\/div><div class=\"application-platform-content-item-features application-platform-content-item\" id=\"features\" data-nav-section=\"features\"> <h2>Principais recursos do plug-in do Google Reviews<\/h2> <p>Para obter uma compreens\u00e3o clara do no Google Business Reviews para WordPress, voc\u00ea pode consultar a lista das principais caracter\u00edsticas. Eles tornam este plugin WordPress do Google Reviews incrivelmente eficiente para o seu site: <\/p> <ul> <li>3 filtros predefinidos: por tipo, exclus\u00e3o por e quantidade de coment\u00e1rios para exibi\u00e7\u00e3o; <\/li> <li>4 layouts predefinidos: Lista, Grade, Alvenaria e Slider; <\/li> <li>Uma oportunidade para ativar\/desativar o cabe\u00e7alho do widget; <\/li> <li>O bot\u00e3o de solicita\u00e7\u00e3o de revis\u00e3o leva os usu\u00e1rios \u00e0 p\u00e1gina do Google; <\/li> <li>Seis elementos de plug-in personaliz\u00e1veis \u200b\u200bdas resenhas: nome do autor e foto, recomenda\u00e7\u00e3o, data, \u00edcone do Google e classifica\u00e7\u00e3o por estrelas; <\/li> <li>Duas alternativas de cen\u00e1rios de recusa de solicita\u00e7\u00e3o de revis\u00e3o: demonstrar uma mensagem de texto ou ocultar o bot\u00e3o. <\/li> <\/ul><p><a href=\"#demo\">Para explorar mais recursos, consulte a demonstra\u00e7\u00e3o<\/a><\/p> <\/div> <div class=\"application-platform-content-item-installation application-platform-content-item\" id=\"installation\" data-nav-section=\"installation\"> <h2> Como incorporar o Google Reviews em um site WordPress<\/h2><div class=\"video-container\"><iframe width=\"720\" height=\"405\" src=\"https:\/\/www.youtube.com\/embed\/s18Hg5h8U-E\" frameborder=\"0\" allowfullscreen=\"\"><\/iframe><\/div><p>Basta seguir as etapas abaixo para come\u00e7ar a trabalhar com a ferramenta no WordPress.<\/p> <ol><li> <b>Inicie nosso configurador gratuito e comece a criar seu pr\u00f3prio plug-in.<\/b><br> Determine a forma e a funcionalidade desejadas do Google Reviews e salve as edi\u00e7\u00f5es.<\/li> <li><b>Copie o c\u00f3digo exclusivo revelado na janela dos aplicativos Elfsight.<\/b><br> Logo ap\u00f3s a conclus\u00e3o da configura\u00e7\u00e3o do seu plugin, copie o c\u00f3digo exclusivo da caixa exibida e guarde-o para uso posterior.<\/li> <li><b>Inicie a utiliza\u00e7\u00e3o do widget no site WordPress.<\/b><br>Coloque o c\u00f3digo em sua p\u00e1gina e salve as edi\u00e7\u00f5es. <\/li> <li><b>A configura\u00e7\u00e3o foi realizada com sucesso.<\/b><br> Visite seu site para examinar o trabalho do plugin do Google Reviews.<\/li><\/ol> <p>Ainda tenho d\u00favidas com a incorpora\u00e7\u00e3o de coment\u00e1rios do Google em um site WordPress? Ou enfrentando algum outro problema? Basta enviar sua solicita\u00e7\u00e3o ao nosso atendimento ao cliente e eles o ajudar\u00e3o a incorporar o Google Reviews em seu site. <\/p> <\/div>\n","protected":false},"excerpt":{"rendered":"","protected":false},"author":9,"featured_media":0,"parent":443,"menu_order":0,"comment_status":"closed","ping_status":"closed","template":"templates\/template-application-platform.php","meta":{"publish_to_discourse":"","publish_post_category":"","wpdc_auto_publish_overridden":"","wpdc_topic_tags":"","wpdc_pin_topic":"","wpdc_pin_until":"","discourse_post_id":"","discourse_permalink":"","wpdc_publishing_response":"","wpdc_publishing_error":"","footnotes":""},"class_list":["post-4355","page","type-page","status-publish","hentry"],"yoast_head":"<!-- This site is optimized with the Yoast SEO plugin v25.3.1 - https:\/\/yoast.com\/wordpress\/plugins\/seo\/ -->\n<title>Plug-in Wordpress Google Reviews \u2013 Adicionar Google Reviews ao Wordpress [2025]<\/title>\n<meta name=\"description\" content=\"\u00c9 f\u00e1cil criar seu plugin do Google Reviews e incorpor\u00e1-lo ao site WordPress. Experimente o melhor controle deslizante de revis\u00e3o do WP Google gratuitamente.\" \/>\n<meta name=\"robots\" content=\"index, follow, max-snippet:-1, max-image-preview:large, max-video-preview:-1\" \/>\n<link rel=\"canonical\" href=\"https:\/\/elfsight.com\/pt\/google-reviews-widget\/wordpress\/\" \/>\n<meta property=\"og:locale\" content=\"pt_PT\" \/>\n<meta property=\"og:type\" content=\"article\" \/>\n<meta property=\"og:title\" content=\"Plug-in Wordpress Google Reviews \u2013 Adicionar Google Reviews ao Wordpress [2025]\" \/>\n<meta property=\"og:description\" content=\"\u00c9 f\u00e1cil criar seu plugin do Google Reviews e incorpor\u00e1-lo ao site WordPress. Experimente o melhor controle deslizante de revis\u00e3o do WP Google gratuitamente.\" \/>\n<meta property=\"og:url\" content=\"https:\/\/elfsight.com\/pt\/google-reviews-widget\/wordpress\/\" \/>\n<meta property=\"og:site_name\" content=\"Elfsight PT\" \/>\n<meta property=\"article:modified_time\" content=\"2025-01-21T09:34:36+00:00\" \/>\n<meta name=\"twitter:card\" content=\"summary_large_image\" \/>\n<meta name=\"twitter:label1\" content=\"Tempo estimado de leitura\" \/>\n\t<meta name=\"twitter:data1\" content=\"4 minutos\" \/>\n<!-- \/ Yoast SEO plugin. -->","yoast_head_json":{"title":"Plug-in Wordpress Google Reviews \u2013 Adicionar Google Reviews ao Wordpress [2025]","description":"\u00c9 f\u00e1cil criar seu plugin do Google Reviews e incorpor\u00e1-lo ao site WordPress. Experimente o melhor controle deslizante de revis\u00e3o do WP Google gratuitamente.","robots":{"index":"index","follow":"follow","max-snippet":"max-snippet:-1","max-image-preview":"max-image-preview:large","max-video-preview":"max-video-preview:-1"},"canonical":"https:\/\/elfsight.com\/pt\/google-reviews-widget\/wordpress\/","og_locale":"pt_PT","og_type":"article","og_title":"Plug-in Wordpress Google Reviews \u2013 Adicionar Google Reviews ao Wordpress [2025]","og_description":"\u00c9 f\u00e1cil criar seu plugin do Google Reviews e incorpor\u00e1-lo ao site WordPress. Experimente o melhor controle deslizante de revis\u00e3o do WP Google gratuitamente.","og_url":"https:\/\/elfsight.com\/pt\/google-reviews-widget\/wordpress\/","og_site_name":"Elfsight PT","article_modified_time":"2025-01-21T09:34:36+00:00","twitter_card":"summary_large_image","twitter_misc":{"Tempo estimado de leitura":"4 minutos"},"schema":{"@context":"https:\/\/schema.org","@graph":[{"@type":"WebPage","@id":"https:\/\/elfsight.com\/pt\/google-reviews-widget\/wordpress\/","url":"https:\/\/elfsight.com\/pt\/google-reviews-widget\/wordpress\/","name":"Plug-in Wordpress Google Reviews \u2013 Adicionar Google Reviews ao Wordpress [2025]","isPartOf":{"@id":"https:\/\/elfsight.com\/pt\/#website"},"datePublished":"2024-05-03T06:39:05+00:00","dateModified":"2025-01-21T09:34:36+00:00","description":"\u00c9 f\u00e1cil criar seu plugin do Google Reviews e incorpor\u00e1-lo ao site WordPress. Experimente o melhor controle deslizante de revis\u00e3o do WP Google gratuitamente.","breadcrumb":{"@id":"https:\/\/elfsight.com\/pt\/google-reviews-widget\/wordpress\/#breadcrumb"},"inLanguage":"pt-PT","potentialAction":[{"@type":"ReadAction","target":["https:\/\/elfsight.com\/pt\/google-reviews-widget\/wordpress\/"]}]},{"@type":"BreadcrumbList","@id":"https:\/\/elfsight.com\/pt\/google-reviews-widget\/wordpress\/#breadcrumb","itemListElement":[{"@type":"ListItem","position":1,"name":"Home","item":"https:\/\/elfsight.com\/pt\/"},{"@type":"ListItem","position":2,"name":"Google Reviews","item":"https:\/\/elfsight.com\/pt\/google-reviews-widget\/"},{"@type":"ListItem","position":3,"name":"Google Reviews &#8211; WordPress"}]},{"@type":"WebSite","@id":"https:\/\/elfsight.com\/pt\/#website","url":"https:\/\/elfsight.com\/pt\/","name":"Elfsight PT","description":"Just another Elfsight Sites site","potentialAction":[{"@type":"SearchAction","target":{"@type":"EntryPoint","urlTemplate":"https:\/\/elfsight.com\/pt\/?s={search_term_string}"},"query-input":{"@type":"PropertyValueSpecification","valueRequired":true,"valueName":"search_term_string"}}],"inLanguage":"pt-PT"}]}},"meta_box":{"industry":"","seo_heading":"","heading":"","description":"","cta_heading":"","cta_description":"","application":"442","h1":"Plug-in WordPress Google Reviews","h1_caption":"Incorpore as melhores avalia\u00e7\u00f5es de clientes do Google em seu site","application_category":[],"applications_title":"","applications_request_title":"","applications_request_button_text":"","hero_text":"","hero_video":"","hero_video_schema_markup":"","selling_points_title":"","selling_points_caption":"","selling_points":[],"selling_points_cta_text":"","features_title":"","features":"","ed_cta_examples_text":"","ed_cta_examples_hidden":"","ed_cta_demo_text":"","ed_cta_demo_hidden":"","why_caption":"","why_editor_title":"","why_editor_text":"","why_team_title":"","why_team_text":"","why_service_title":"","why_service_text":"","template_catalog_visible":"0","template_catalog_title":"","template_catalog_text":"","template_catalog_categories_visible":"","demo_title":"Crie seu plug-in do Google Reviews","demo_caption":"Configure suas avalia\u00e7\u00f5es do Google e adicione-as ao seu site WordPress gratuitamente!","default_faq_hidden":"","app_template_category":[],"platform":"34","template_public_id":"","codecanyon_url":"","codecanyon_item_id":"","codecanyon_price":"","pricing_caption":"","pricing_elfsight_apps_hide_column":"","pricing_elfsight_apps_url":"","pricing_codecanyon_price_caption":"","integration_category":[],"integration_request_title":"","integration_request_cta":"","integration_platform":"","integrations":[],"platform_category":[],"video_schema_markup":"","price":"a partir de US$ 0\/m\u00eas","trial":"","benefits":[{"text":"Servi\u00e7o de instala\u00e7\u00e3o gratuito"},{"text":"Suporte premium"},{"text":"Garantia de reembolso de 14 dias"},{"text":"Melhorias ao longo da vida"}],"button_url":"#demo","button_target_blank":"0","button_nofollow":"0","attributes":[{"name":"Instala\u00e7\u00f5es","content":"100,000 - 500,000","_state":"expanded"},{"name":"Responsivo","content":"Sim","_state":"expanded"},{"name":"Navegadores compat\u00edveis","content":"Firefox, Safari, Opera, Chrome, Edge"}],"tags":[],"tags_disable_links":"0","hide_more_platforms":"","video_object":"","demo_hide_cta":"0","demo_hide_cloud_options":"0","pricing_title":"","pricing":[{"pricing_icon":"platform","pricing_title":"Elfsight Apps","pricing_title_caption":"Solu\u00e7\u00e3o multiplataforma que funciona em qualquer site","pricing_price":"a partir de US$ 0\/m\u00eas","pricing_price_caption":"comece com plano gratuito","pricing_benefits":[{"text":"Sites ilimitados"},{"text":"Suporte r\u00e1pido"},{"text":"Suporte r\u00e1pido"},{"text":"Oferta por tempo limitado para v\u00e1rios aplicativos"}],"pricing_button_text":"Adicionar ao site","pricing_button_url":"#demo","_state":"expanded"}],"related_apps_title":"","related_apps_hidden":"1","author":"","image":[],"title":"","job":"","social_networks":[]},"_links":{"self":[{"href":"https:\/\/elfsight.com\/pt\/wp-json\/wp\/v2\/pages\/4355","targetHints":{"allow":["GET"]}}],"collection":[{"href":"https:\/\/elfsight.com\/pt\/wp-json\/wp\/v2\/pages"}],"about":[{"href":"https:\/\/elfsight.com\/pt\/wp-json\/wp\/v2\/types\/page"}],"author":[{"embeddable":true,"href":"https:\/\/elfsight.com\/pt\/wp-json\/wp\/v2\/users\/9"}],"replies":[{"embeddable":true,"href":"https:\/\/elfsight.com\/pt\/wp-json\/wp\/v2\/comments?post=4355"}],"version-history":[{"count":3,"href":"https:\/\/elfsight.com\/pt\/wp-json\/wp\/v2\/pages\/4355\/revisions"}],"predecessor-version":[{"id":13612,"href":"https:\/\/elfsight.com\/pt\/wp-json\/wp\/v2\/pages\/4355\/revisions\/13612"}],"up":[{"embeddable":true,"href":"https:\/\/elfsight.com\/pt\/wp-json\/wp\/v2\/pages\/443"}],"wp:attachment":[{"href":"https:\/\/elfsight.com\/pt\/wp-json\/wp\/v2\/media?parent=4355"}],"curies":[{"name":"wp","href":"https:\/\/api.w.org\/{rel}","templated":true}]}}