{"id":4351,"date":"2024-05-03T06:39:01","date_gmt":"2024-05-03T06:39:01","guid":{"rendered":"https:\/\/elfsight.com\/pt\/?page_id=4351"},"modified":"2025-01-21T09:43:14","modified_gmt":"2025-01-21T09:43:14","slug":"woocommerce","status":"publish","type":"page","link":"https:\/\/elfsight.com\/pt\/google-reviews-widget\/woocommerce\/","title":{"rendered":"Google Reviews &#8211; WooCommerce"},"content":{"rendered":"\n<div class=\"application-platform-content-item-description application-platform-content-item\" id=\"description\" data-nav-section=\"description\"><h2>Incorpore avalia\u00e7\u00f5es de clientes do Google com o plugin Elfsight<\/h2><p>Um widget simples &#8211; <strong>Elfsight Google Reviews<\/strong> &#8211; facilitar\u00e1 a publica\u00e7\u00e3o de coment\u00e1rios de clientes de usu\u00e1rios do Google em seu site. Com a ajuda deste widget, voc\u00ea pode remover coment\u00e1rios negativos usando uma variedade de filtros, exibir sua avalia\u00e7\u00e3o com estrelas do Google, adicionar informa\u00e7\u00f5es sobre os autores e incorporar um bot\u00e3o que direciona os usu\u00e1rios a postar coment\u00e1rios no Google. A Elfsight ir\u00e1 ajud\u00e1-lo a exibir sua forte prova social no site e gerar compras adicionais.<\/p><p><b>Adicione o Google Reviews para atingir seus objetivos de neg\u00f3cios mais rapidamente!<\/b><\/p><div class=\"faq\" data-component=\"FAQ\"> <div class=\"faq-item\">\r\n\t\t\t\t\t<div class=\"faq-item-question\">\r\n\t\t\t\t\t\t<h3 class=\"faq-item-question-text\">Onde posso instal\u00e1-lo no meu site?<\/h3>\r\n\r\n\t\t\t\t\t\t<div class=\"faq-item-question-icon\"><\/div>\r\n\t\t\t\t\t<\/div>\r\n\r\n\t\t\t\t\t<div class=\"faq-item-answer\">\r\n\t\t\t\t\t\t<div class=\"faq-item-answer-text\"> <p>O widget de avalia\u00e7\u00f5es de clientes do Google pode ser adicionado gratuitamente a qualquer p\u00e1gina do site ou colado no design do site para ser exibido em todas as p\u00e1ginas. As avalia\u00e7\u00f5es funcionam bem em sites de produtos ou em nossa p\u00e1gina Sobre, onde voc\u00ea deseja se gabar de sua avalia\u00e7\u00e3o.<\/p><\/div>\r\n\t\t\t\t\t<\/div>\r\n\t\t\t\t<\/div> <div class=\"faq-item\">\r\n\t\t\t\t\t<div class=\"faq-item-question\">\r\n\t\t\t\t\t\t<h3 class=\"faq-item-question-text\">Como vou me beneficiar do plug-in Woocommerce Google Reviews?<\/h3>\r\n\r\n\t\t\t\t\t\t<div class=\"faq-item-question-icon\"><\/div>\r\n\t\t\t\t\t<\/div>\r\n\r\n\t\t\t\t\t<div class=\"faq-item-answer\">\r\n\t\t\t\t\t\t<div class=\"faq-item-answer-text\"> <p>Os usu\u00e1rios do seu site encontrar\u00e3o avalia\u00e7\u00f5es confi\u00e1veis \u200b\u200bde clientes reais e ver\u00e3o que sua empresa \u00e9 um parceiro confi\u00e1vel. Avalia\u00e7\u00f5es altas e coment\u00e1rios positivos podem aumentar o n\u00famero de compras feitas em seu site. Al\u00e9m disso, um bot\u00e3o ativo pode ajud\u00e1-lo a obter mais avalia\u00e7\u00f5es do Google para seus produtos ou servi\u00e7os.<\/p> <\/div>\r\n\t\t\t\t\t<\/div>\r\n\t\t\t\t<\/div><div class=\"faq-item\">\r\n\t\t\t\t\t<div class=\"faq-item-question\">\r\n\t\t\t\t\t\t<h3 class=\"faq-item-question-text\">Posso testar seu plug-in WooCommerce Google Reviews?<\/h3>\r\n\r\n\t\t\t\t\t\t<div class=\"faq-item-question-icon\"><\/div>\r\n\t\t\t\t\t<\/div>\r\n\r\n\t\t\t\t\t<div class=\"faq-item-answer\">\r\n\t\t\t\t\t\t<div class=\"faq-item-answer-text\"> <p>Sim, voc\u00ea pode facilmente fa\u00e7a isso em uma <a href=\"#demo\">demonstra\u00e7\u00e3o<\/a> interativa gratuita, sem registro. O widget pode ser configurado diretamente atrav\u00e9s do nosso servi\u00e7o. Voc\u00ea pode testar todas as configura\u00e7\u00f5es, escolher um modelo pronto e personalizar as avalia\u00e7\u00f5es dos clientes do Google para Woocommerce.<\/p> <\/div>\r\n\t\t\t\t\t<\/div>\r\n\t\t\t\t<\/div> <div class=\"faq-item\">\r\n\t\t\t\t\t<div class=\"faq-item-question\">\r\n\t\t\t\t\t\t<h3 class=\"faq-item-question-text\">Como posso adicionar avalia\u00e7\u00f5es do Google ao meu site WooCommerce sem habilidades de codifica\u00e7\u00e3o?<\/h3>\r\n\r\n\t\t\t\t\t\t<div class=\"faq-item-question-icon\"><\/div>\r\n\t\t\t\t\t<\/div>\r\n\r\n\t\t\t\t\t<div class=\"faq-item-answer\">\r\n\t\t\t\t\t\t<div class=\"faq-item-answer-text\"> <p>A Elfsight fornece uma solu\u00e7\u00e3o SaaS que permite criar voc\u00ea mesmo um widget de Avalia\u00e7\u00f5es do Google. Veja como o processo \u00e9 f\u00e1cil: Trabalhe diretamente no Editor on-line para criar um widget de Avalia\u00e7\u00f5es do Google que voc\u00ea gostaria de ver no seu site WooCommerce. Escolha um dos modelos predefinidos e ajuste as configura\u00e7\u00f5es do Google Reviews, adicione seu conte\u00fado, altere o layout e o esquema de cores sem nenhuma habilidade de codifica\u00e7\u00e3o. Salve o Google Reviews e copie seu c\u00f3digo de instala\u00e7\u00e3o, que voc\u00ea pode incluir em seu site WooCommerce sem adquirir um plano pago. Com nosso editor intuitivo, qualquer usu\u00e1rio da Internet pode criar um widget Google Reviews online e incorpor\u00e1-lo facilmente em seu site WooCommerce. N\u00e3o h\u00e1 necessidade de pagar ou inserir as credenciais do seu cart\u00e3o para acessar o servi\u00e7o. Se voc\u00ea enfrentar qualquer problema em qualquer etapa, n\u00e3o hesite em entrar em contato com nossa equipe de suporte t\u00e9cnico.<\/p> <\/div>\r\n\t\t\t\t\t<\/div>\r\n\t\t\t\t<\/div> <\/div><\/div> <div class=\"application-platform-content-item-features application-platform-content-item\" id=\"features\" data-nav-section=\"features\"><h2>Principais recursos do Plug-in Google Reviews<\/h2><ul><li>Tr\u00eas filtros prontos para uso: por tipo, exclus\u00e3o por e quantidade de avalia\u00e7\u00f5es para exibi\u00e7\u00e3o;<\/li><li>Quatro layouts dispon\u00edveis: Lista, Grade, Alvenaria e Slider;<\/li><li>Uma op\u00e7\u00e3o para controlar a exibi\u00e7\u00e3o do cabe\u00e7alho do widget;<\/li><li>O bot\u00e3o ativo para adicionar um coment\u00e1rio leva os visitantes \u00e0 p\u00e1gina do Google;<\/li><li>Seis elementos flex\u00edveis da interface: nome do autor e foto, texto de recomenda\u00e7\u00e3o, data, \u00edcone do Google e classifica\u00e7\u00e3o por estrelas;<\/li><li>Duas variantes de cen\u00e1rios ap\u00f3s rejei\u00e7\u00e3o da solicita\u00e7\u00e3o de revis\u00e3o: mostrar uma mensagem de texto ou ocultar o bot\u00e3o.<\/li><\/ul><p><a href=\"#demo\">Basta verificar esta demonstra\u00e7\u00e3o para ter uma ideia completa<\/a><\/p><\/div><div class=\"application-platform-content-item-installation  application-platform-content-item\" id=\"installation \" data-nav-section=\"installation \"><h2>Como incorporo o Google Reviews em minha p\u00e1gina do WooCommerce?<\/h2><p>Basta seguir as etapas apresentadas abaixo para integrar a ferramenta.<\/p><ol><li><b>Abra nosso demonstra\u00e7\u00e3o gratuita e comece a moldar seu instrumento personalizado.<\/b><br>Especifique a interface personalizada e os par\u00e2metros do widget e salve as modifica\u00e7\u00f5es.<\/li><li><b>Obtenha seu c\u00f3digo pessoal aparecendo no caixa nas aplica\u00e7\u00f5es Elfsight.<\/b><br>Depois de terminar a personaliza\u00e7\u00e3o do seu plugin, copie o c\u00f3digo individual da janela que aparece e guarde-o para utiliza\u00e7\u00e3o futura.<\/li><li><b>Comece a usar o plugin no site WooCommerce.<\/b><br>Incorpore o c\u00f3digo que voc\u00ea copiou recentemente em sua p\u00e1gina e aplique as modifica\u00e7\u00f5es.<\/li><li><b>Pronto! A integra\u00e7\u00e3o est\u00e1 totalmente finalizada.<\/b><br>Visite sua p\u00e1gina para inspecionar o funcionamento do plugin.<\/li><\/ol><p>Caso voc\u00ea tenha encontrado algum obst\u00e1culo com as avalia\u00e7\u00f5es de clientes do WooCommerce, pe\u00e7a n\u00e3o hesite em escrever para nossa equipe de suporte. Nossos especialistas est\u00e3o ansiosos para ajud\u00e1-lo com todas as dificuldades que voc\u00ea possa ter com o produto.<\/p><\/div>\n","protected":false},"excerpt":{"rendered":"","protected":false},"author":9,"featured_media":0,"parent":443,"menu_order":0,"comment_status":"closed","ping_status":"closed","template":"templates\/template-application-platform.php","meta":{"publish_to_discourse":"","publish_post_category":"","wpdc_auto_publish_overridden":"","wpdc_topic_tags":"","wpdc_pin_topic":"","wpdc_pin_until":"","discourse_post_id":"","discourse_permalink":"","wpdc_publishing_response":"","wpdc_publishing_error":"","footnotes":""},"class_list":["post-4351","page","type-page","status-publish","hentry"],"yoast_head":"<!-- This site is optimized with the Yoast SEO plugin v25.3.1 - https:\/\/yoast.com\/wordpress\/plugins\/seo\/ -->\n<title>Plug-in WooCommerce Google Reviews para o seu site - adicione coment\u00e1rios de clientes com apenas alguns cliques!<\/title>\n<meta name=\"description\" content=\"Aproveite a oportunidade de personalizar o plug-in do Google Reviews no editor e inseri-lo em seu site WooCommerce diretamente por meio da demonstra\u00e7\u00e3o.\" \/>\n<meta name=\"robots\" content=\"index, follow, max-snippet:-1, max-image-preview:large, max-video-preview:-1\" \/>\n<link rel=\"canonical\" href=\"https:\/\/elfsight.com\/pt\/google-reviews-widget\/woocommerce\/\" \/>\n<meta property=\"og:locale\" content=\"pt_PT\" \/>\n<meta property=\"og:type\" content=\"article\" \/>\n<meta property=\"og:title\" content=\"Plug-in WooCommerce Google Reviews para o seu site - adicione coment\u00e1rios de clientes com apenas alguns cliques!\" \/>\n<meta property=\"og:description\" content=\"Aproveite a oportunidade de personalizar o plug-in do Google Reviews no editor e inseri-lo em seu site WooCommerce diretamente por meio da demonstra\u00e7\u00e3o.\" \/>\n<meta property=\"og:url\" content=\"https:\/\/elfsight.com\/pt\/google-reviews-widget\/woocommerce\/\" \/>\n<meta property=\"og:site_name\" content=\"Elfsight PT\" \/>\n<meta property=\"article:modified_time\" content=\"2025-01-21T09:43:14+00:00\" \/>\n<meta name=\"twitter:card\" content=\"summary_large_image\" \/>\n<meta name=\"twitter:label1\" content=\"Tempo estimado de leitura\" \/>\n\t<meta name=\"twitter:data1\" content=\"4 minutos\" \/>\n<!-- \/ Yoast SEO plugin. -->","yoast_head_json":{"title":"Plug-in WooCommerce Google Reviews para o seu site - adicione coment\u00e1rios de clientes com apenas alguns cliques!","description":"Aproveite a oportunidade de personalizar o plug-in do Google Reviews no editor e inseri-lo em seu site WooCommerce diretamente por meio da demonstra\u00e7\u00e3o.","robots":{"index":"index","follow":"follow","max-snippet":"max-snippet:-1","max-image-preview":"max-image-preview:large","max-video-preview":"max-video-preview:-1"},"canonical":"https:\/\/elfsight.com\/pt\/google-reviews-widget\/woocommerce\/","og_locale":"pt_PT","og_type":"article","og_title":"Plug-in WooCommerce Google Reviews para o seu site - adicione coment\u00e1rios de clientes com apenas alguns cliques!","og_description":"Aproveite a oportunidade de personalizar o plug-in do Google Reviews no editor e inseri-lo em seu site WooCommerce diretamente por meio da demonstra\u00e7\u00e3o.","og_url":"https:\/\/elfsight.com\/pt\/google-reviews-widget\/woocommerce\/","og_site_name":"Elfsight PT","article_modified_time":"2025-01-21T09:43:14+00:00","twitter_card":"summary_large_image","twitter_misc":{"Tempo estimado de leitura":"4 minutos"},"schema":{"@context":"https:\/\/schema.org","@graph":[{"@type":"WebPage","@id":"https:\/\/elfsight.com\/pt\/google-reviews-widget\/woocommerce\/","url":"https:\/\/elfsight.com\/pt\/google-reviews-widget\/woocommerce\/","name":"Plug-in WooCommerce Google Reviews para o seu site - adicione coment\u00e1rios de clientes com apenas alguns cliques!","isPartOf":{"@id":"https:\/\/elfsight.com\/pt\/#website"},"datePublished":"2024-05-03T06:39:01+00:00","dateModified":"2025-01-21T09:43:14+00:00","description":"Aproveite a oportunidade de personalizar o plug-in do Google Reviews no editor e inseri-lo em seu site WooCommerce diretamente por meio da demonstra\u00e7\u00e3o.","breadcrumb":{"@id":"https:\/\/elfsight.com\/pt\/google-reviews-widget\/woocommerce\/#breadcrumb"},"inLanguage":"pt-PT","potentialAction":[{"@type":"ReadAction","target":["https:\/\/elfsight.com\/pt\/google-reviews-widget\/woocommerce\/"]}]},{"@type":"BreadcrumbList","@id":"https:\/\/elfsight.com\/pt\/google-reviews-widget\/woocommerce\/#breadcrumb","itemListElement":[{"@type":"ListItem","position":1,"name":"Home","item":"https:\/\/elfsight.com\/pt\/"},{"@type":"ListItem","position":2,"name":"Google Reviews","item":"https:\/\/elfsight.com\/pt\/google-reviews-widget\/"},{"@type":"ListItem","position":3,"name":"Google Reviews &#8211; WooCommerce"}]},{"@type":"WebSite","@id":"https:\/\/elfsight.com\/pt\/#website","url":"https:\/\/elfsight.com\/pt\/","name":"Elfsight PT","description":"Just another Elfsight Sites site","potentialAction":[{"@type":"SearchAction","target":{"@type":"EntryPoint","urlTemplate":"https:\/\/elfsight.com\/pt\/?s={search_term_string}"},"query-input":{"@type":"PropertyValueSpecification","valueRequired":true,"valueName":"search_term_string"}}],"inLanguage":"pt-PT"}]}},"meta_box":{"industry":"","seo_heading":"","heading":"","description":"","cta_heading":"","cta_description":"","application":"442","h1":"Plug-in WooCommerce Google Reviews","h1_caption":"Incorpore as melhores avalia\u00e7\u00f5es de clientes do Google em seu site","application_category":[],"applications_title":"","applications_request_title":"","applications_request_button_text":"","hero_text":"","hero_video":"","hero_video_schema_markup":"","selling_points_title":"","selling_points_caption":"","selling_points":[],"selling_points_cta_text":"","features_title":"","features":"","ed_cta_examples_text":"","ed_cta_examples_hidden":"","ed_cta_demo_text":"","ed_cta_demo_hidden":"","why_caption":"","why_editor_title":"","why_editor_text":"","why_team_title":"","why_team_text":"","why_service_title":"","why_service_text":"","template_catalog_visible":"0","template_catalog_title":"","template_catalog_text":"","template_catalog_categories_visible":"","demo_title":"Crie seu aplicativo Google Reviews","demo_caption":"Configure suas avalia\u00e7\u00f5es do Google e adicione-as ao seu site WooCommerce gratuitamente!","default_faq_hidden":"","app_template_category":[],"platform":"4920","template_public_id":"","codecanyon_url":"","codecanyon_item_id":"","codecanyon_price":"","pricing_caption":"","pricing_elfsight_apps_hide_column":"","pricing_elfsight_apps_url":"","pricing_codecanyon_price_caption":"","integration_category":[],"integration_request_title":"","integration_request_cta":"","integration_platform":"","integrations":[],"platform_category":[],"video_schema_markup":"","price":"a partir de US$ 0\/m\u00eas","trial":"","benefits":[{"text":"Servi\u00e7o de instala\u00e7\u00e3o gratuito"},{"text":"Atendimento ao cliente profissional"},{"text":"Garantia de reembolso de 14 dias"},{"text":"Atualiza\u00e7\u00f5es gratuitas regulares"}],"button_url":"#demo","button_target_blank":"0","button_nofollow":"0","attributes":[{"name":"Instala\u00e7\u00f5es","content":"100,000 - 500,000","_state":"expanded"},{"name":"Responsivo","content":"Sim","_state":"expanded"},{"name":"Navegadores compat\u00edveis","content":"Firefox, Safari, Opera, Chrome, Edge"}],"tags":[],"tags_disable_links":"0","hide_more_platforms":"","video_object":"","demo_hide_cta":"0","demo_hide_cloud_options":"0","pricing_title":"","pricing":[{"pricing_icon":"platform","pricing_title":"Elfsight Apps","pricing_title_caption":"Vers\u00e3o independente de plataforma adequada para qualquer site","pricing_price":"a partir de US$ 0\/m\u00eas","pricing_price_caption":"comece com um plano gratuito","pricing_benefits":[{"text":"Dom\u00ednios ilimitados"},{"text":"Suporte premium para empresas"},{"text":"Suporte premium para empresas"},{"text":"Totalmente personaliz\u00e1vel"}],"pricing_button_text":"Adicionar ao site","pricing_button_url":"#demo","_state":"expanded"}],"related_apps_title":"","related_apps_hidden":"1","author":"","image":[],"title":"","job":"","social_networks":[]},"_links":{"self":[{"href":"https:\/\/elfsight.com\/pt\/wp-json\/wp\/v2\/pages\/4351","targetHints":{"allow":["GET"]}}],"collection":[{"href":"https:\/\/elfsight.com\/pt\/wp-json\/wp\/v2\/pages"}],"about":[{"href":"https:\/\/elfsight.com\/pt\/wp-json\/wp\/v2\/types\/page"}],"author":[{"embeddable":true,"href":"https:\/\/elfsight.com\/pt\/wp-json\/wp\/v2\/users\/9"}],"replies":[{"embeddable":true,"href":"https:\/\/elfsight.com\/pt\/wp-json\/wp\/v2\/comments?post=4351"}],"version-history":[{"count":3,"href":"https:\/\/elfsight.com\/pt\/wp-json\/wp\/v2\/pages\/4351\/revisions"}],"predecessor-version":[{"id":13613,"href":"https:\/\/elfsight.com\/pt\/wp-json\/wp\/v2\/pages\/4351\/revisions\/13613"}],"up":[{"embeddable":true,"href":"https:\/\/elfsight.com\/pt\/wp-json\/wp\/v2\/pages\/443"}],"wp:attachment":[{"href":"https:\/\/elfsight.com\/pt\/wp-json\/wp\/v2\/media?parent=4351"}],"curies":[{"name":"wp","href":"https:\/\/api.w.org\/{rel}","templated":true}]}}