{"id":4347,"date":"2024-05-03T06:39:06","date_gmt":"2024-05-03T06:39:06","guid":{"rendered":"https:\/\/elfsight.com\/pt\/?page_id=4347"},"modified":"2025-01-23T14:48:02","modified_gmt":"2025-01-23T14:48:02","slug":"wix","status":"publish","type":"page","link":"https:\/\/elfsight.com\/pt\/google-reviews-widget\/wix\/","title":{"rendered":"Google Reviews &#8211; Wix"},"content":{"rendered":"\n<div class=\"application-platform-content-item-description application-platform-content-item\" id=\"description\" data-nav-section=\"description\"> <h2>Incorpore coment\u00e1rios do Google com um widget Elfsight<\/h2> <p>Elfsight Google Reviews \u00e9 um widget f\u00e1cil, que tornar\u00e1 tudo mais f\u00e1cil para voc\u00ea inserir no site coment\u00e1rios sobre suas ofertas de usu\u00e1rios do Google. Usando nosso widget, voc\u00ea pode usar filtros para ocultar coment\u00e1rios negativos, adicionar suas avalia\u00e7\u00f5es com estrelas e n\u00fameros do Google, fornecer detalhes sobre os autores e adicionar um bot\u00e3o que levar\u00e1 os visitantes a postar um novo coment\u00e1rio no Google. O Elfsight Google Reviews ir\u00e1 ajud\u00e1-lo a exibir sua alta prova social em seu site pessoal e aumentar as vendas.<\/p><div class=\"faq\" data-component=\"FAQ\"> <div class=\"faq-item\">\r\n\t\t\t\t\t<div class=\"faq-item-question\">\r\n\t\t\t\t\t\t<h3 class=\"faq-item-question-text\">Que outras ferramentas para Wix voc\u00ea pode oferecer? <\/h3>\r\n\r\n\t\t\t\t\t\t<div class=\"faq-item-question-icon\"><\/div>\r\n\t\t\t\t\t<\/div>\r\n\r\n\t\t\t\t\t<div class=\"faq-item-answer\">\r\n\t\t\t\t\t\t<div class=\"faq-item-answer-text\"> <p>Voc\u00ea pode experimentar muitos aplicativos para qualquer objetivo em seu site, independentemente da sua esfera de neg\u00f3cios. Veja os mais populares: <a href=\"https:\/\/elfsight.com\/pdf-embed-widget\/wix\/\"> PDF Embed<\/a>, <a href=\"https:\/\/elfsight.com\/instagram-feed-instashow\/wix\/\">Feed do Instagram<\/a>, <a href=\"https:\/\/elfsight.com\/whatsapp-chat-widget\/wix\/\">Bate-papo do WhatsApp<\/a>, <a href=\"https:\/\/elfsight.com\/popup-widget\/wix\/\">Popup<\/a>.<\/p> <\/div>\r\n\t\t\t\t\t<\/div>\r\n\t\t\t\t<\/div> <div class=\"faq-item\">\r\n\t\t\t\t\t<div class=\"faq-item-question\">\r\n\t\t\t\t\t\t<h3 class=\"faq-item-question-text\">De que forma posso incorporar o widget do Google Reviews ao meu site Wix <\/h3>\r\n\r\n\t\t\t\t\t\t<div class=\"faq-item-question-icon\"><\/div>\r\n\t\t\t\t\t<\/div>\r\n\r\n\t\t\t\t\t<div class=\"faq-item-answer\">\r\n\t\t\t\t\t\t<div class=\"faq-item-answer-text\"> <p>Voc\u00ea pode adicionar o widget Google Reviews ao seu site Wix. Basta abrir o painel de administra\u00e7\u00e3o e realizar as seguintes a\u00e7\u00f5es: <\/p><ol><li>Selecionar as configura\u00e7\u00f5es do tema. <\/li><li>Escolha a parte onde deseja incorporar o widget. <\/li><li>Adicione o c\u00f3digo do servi\u00e7o Elfsight Apps e aplique as altera\u00e7\u00f5es. <\/li><li>Tudo est\u00e1 feito. <\/li><\/ol><p>E se precisar de mais detalhes sobre os recursos do widget, visite <a href=\"https:\/\/elfsight.com\/tutorials\/how-to-add-google-reviews-to-any-website-full-guide\/#google-reviews-wix\">esta p\u00e1gina<\/a>.<\/p><\/div>\r\n\t\t\t\t\t<\/div>\r\n\t\t\t\t<\/div> <div class=\"faq-item\">\r\n\t\t\t\t\t<div class=\"faq-item-question\">\r\n\t\t\t\t\t\t<h3 class=\"faq-item-question-text\">Posso ver seu widget Wix Google Reviews quando estiver em use<\/h3>\r\n\r\n\t\t\t\t\t\t<div class=\"faq-item-question-icon\"><\/div>\r\n\t\t\t\t\t<\/div>\r\n\r\n\t\t\t\t\t<div class=\"faq-item-answer\">\r\n\t\t\t\t\t\t<div class=\"faq-item-answer-text\"> <p>Claro! Voc\u00ea pode observar o widget e adicion\u00e1-lo ao seu site Wix usando nossa <a href=\"https:\/\/elfsight.com\/google-reviews-widget\/#demo\">demonstra\u00e7\u00e3o<\/a> ao vivo! <\/p><\/div>\r\n\t\t\t\t\t<\/div>\r\n\t\t\t\t<\/div> <\/div><\/div> <div class=\"application-platform-content-item-features application-platform-content-item\" id=\"features\" data-nav-section=\"features\"> <h2>Recursos<\/h2> <p>Para entender claramente o aplicativo Google Business Reviews, voc\u00ea pode consultar atrav\u00e9s da lista das caracter\u00edsticas prim\u00e1rias. Eles tornam este widget incrivelmente eficiente para o seu site: <\/p> <ul> <li>3 filtros prontos para uso: por tipo, exclus\u00e3o por e quantidade de avalia\u00e7\u00f5es para exibi\u00e7\u00e3o; <\/li> <li>4 variantes de layouts: Lista, Grade, Alvenaria e Slider; <\/li> <li>Cabe\u00e7alho totalmente flex\u00edvel do widget Wix Google Review; <\/li> <li>O bot\u00e3o de solicita\u00e7\u00e3o de revis\u00e3o leva os visitantes \u00e0 p\u00e1gina do Google; <\/li> <li>Seis elementos ajust\u00e1veis \u200b\u200bda interface: nome e imagem do autor, recomenda\u00e7\u00e3o, data de compartilhamento, \u00edcone do Google e classifica\u00e7\u00e3o por estrelas; <\/li> <li>Duas op\u00e7\u00f5es de cen\u00e1rios de nega\u00e7\u00e3o de solicita\u00e7\u00e3o de revis\u00e3o: revelar uma mensagem personalizada ou ocultar o bot\u00e3o. <\/li> <\/ul><p><a href=\"#demo\">Para explorar mais recursos do widget, consulte a demonstra\u00e7\u00e3o<\/a><\/p> <\/div> <div class=\"application-platform-content-item-installation application-platform-content-item\" id=\"installation\" data-nav-section=\"installation\"> <h2>Como adicionar o Google Reviews ao seu site Wix<\/h2><div class=\"video-container\"><iframe width=\"720\" height=\"405\" src=\"https:\/\/www.youtube.com\/embed\/8CSaMwFbc78\" frameborder=\"0\" allowfullscreen=\"\"><\/iframe><\/div><p>As a\u00e7\u00f5es a seguir s\u00e3o a \u00fanica coisa que voc\u00ea precisa para configurar o widget em sua p\u00e1gina da web. Isso levar\u00e1 alguns minutos e n\u00e3o envolve codifica\u00e7\u00e3o. <\/p> <ol><li><b>Crie seu aplicativo Wix Google Review exclusivo<\/b><br> Em nossa demonstra\u00e7\u00e3o gratuita, configure um widget com interface e fun\u00e7\u00f5es selecionadas.<\/li><li> <b>Receba o c\u00f3digo individual para configurar o aplicativo<\/b><br> Depois de gerar seu widget, voc\u00ea receber\u00e1 seu c\u00f3digo de instala\u00e7\u00e3o na janela pop-up nos aplicativos Elfsight. Copie este c\u00f3digo para uso posterior.<\/li> <li><b>Incorpore o aplicativo Reviews em seu site Wix<\/b><br> V\u00e1 para a \u00e1rea onde voc\u00ea planeja exibir o widget e insira o c\u00f3digo copiado l\u00e1. . Aplique as altera\u00e7\u00f5es.<\/li> <li><b>Voc\u00ea executou a instala\u00e7\u00e3o com sucesso<\/b><br> Visite sua p\u00e1gina para dar uma olhada em seu trabalho.<\/li> <\/ol><p>Ainda assim est\u00e1 tendo problemas para incorporar coment\u00e1rios do Google em um site Wix? Basta enviar sua solicita\u00e7\u00e3o ao nosso atendimento ao cliente e eles o ajudar\u00e3o com qualquer d\u00favida. <\/p> <\/div>\n","protected":false},"excerpt":{"rendered":"","protected":false},"author":9,"featured_media":0,"parent":443,"menu_order":0,"comment_status":"closed","ping_status":"closed","template":"templates\/template-application-platform.php","meta":{"publish_to_discourse":"","publish_post_category":"","wpdc_auto_publish_overridden":"","wpdc_topic_tags":"","wpdc_pin_topic":"","wpdc_pin_until":"","discourse_post_id":"","discourse_permalink":"","wpdc_publishing_response":"","wpdc_publishing_error":"","footnotes":""},"class_list":["post-4347","page","type-page","status-publish","hentry"],"yoast_head":"<!-- This site is optimized with the Yoast SEO plugin v25.3.1 - https:\/\/yoast.com\/wordpress\/plugins\/seo\/ -->\n<title>Incorpore o Google Reviews em seu site Wix - adicione avalia\u00e7\u00f5es em um site em 2 minutos!<\/title>\n<meta name=\"description\" content=\"\u00c9 muito f\u00e1cil projetar seu aplicativo Google Reviews e public\u00e1-lo no site Wix. O atendimento ao cliente da Elfsight \u00e9 gratuito e r\u00e1pido.\" \/>\n<meta name=\"robots\" content=\"index, follow, max-snippet:-1, max-image-preview:large, max-video-preview:-1\" \/>\n<link rel=\"canonical\" href=\"https:\/\/elfsight.com\/pt\/google-reviews-widget\/wix\/\" \/>\n<meta property=\"og:locale\" content=\"pt_PT\" \/>\n<meta property=\"og:type\" content=\"article\" \/>\n<meta property=\"og:title\" content=\"Incorpore o Google Reviews em seu site Wix - adicione avalia\u00e7\u00f5es em um site em 2 minutos!\" \/>\n<meta property=\"og:description\" content=\"\u00c9 muito f\u00e1cil projetar seu aplicativo Google Reviews e public\u00e1-lo no site Wix. O atendimento ao cliente da Elfsight \u00e9 gratuito e r\u00e1pido.\" \/>\n<meta property=\"og:url\" content=\"https:\/\/elfsight.com\/pt\/google-reviews-widget\/wix\/\" \/>\n<meta property=\"og:site_name\" content=\"Elfsight PT\" \/>\n<meta property=\"article:modified_time\" content=\"2025-01-23T14:48:02+00:00\" \/>\n<meta name=\"twitter:card\" content=\"summary_large_image\" \/>\n<meta name=\"twitter:label1\" content=\"Tempo estimado de leitura\" \/>\n\t<meta name=\"twitter:data1\" content=\"3 minutos\" \/>\n<!-- \/ Yoast SEO plugin. -->","yoast_head_json":{"title":"Incorpore o Google Reviews em seu site Wix - adicione avalia\u00e7\u00f5es em um site em 2 minutos!","description":"\u00c9 muito f\u00e1cil projetar seu aplicativo Google Reviews e public\u00e1-lo no site Wix. O atendimento ao cliente da Elfsight \u00e9 gratuito e r\u00e1pido.","robots":{"index":"index","follow":"follow","max-snippet":"max-snippet:-1","max-image-preview":"max-image-preview:large","max-video-preview":"max-video-preview:-1"},"canonical":"https:\/\/elfsight.com\/pt\/google-reviews-widget\/wix\/","og_locale":"pt_PT","og_type":"article","og_title":"Incorpore o Google Reviews em seu site Wix - adicione avalia\u00e7\u00f5es em um site em 2 minutos!","og_description":"\u00c9 muito f\u00e1cil projetar seu aplicativo Google Reviews e public\u00e1-lo no site Wix. O atendimento ao cliente da Elfsight \u00e9 gratuito e r\u00e1pido.","og_url":"https:\/\/elfsight.com\/pt\/google-reviews-widget\/wix\/","og_site_name":"Elfsight PT","article_modified_time":"2025-01-23T14:48:02+00:00","twitter_card":"summary_large_image","twitter_misc":{"Tempo estimado de leitura":"3 minutos"},"schema":{"@context":"https:\/\/schema.org","@graph":[{"@type":"WebPage","@id":"https:\/\/elfsight.com\/pt\/google-reviews-widget\/wix\/","url":"https:\/\/elfsight.com\/pt\/google-reviews-widget\/wix\/","name":"Incorpore o Google Reviews em seu site Wix - adicione avalia\u00e7\u00f5es em um site em 2 minutos!","isPartOf":{"@id":"https:\/\/elfsight.com\/pt\/#website"},"datePublished":"2024-05-03T06:39:06+00:00","dateModified":"2025-01-23T14:48:02+00:00","description":"\u00c9 muito f\u00e1cil projetar seu aplicativo Google Reviews e public\u00e1-lo no site Wix. O atendimento ao cliente da Elfsight \u00e9 gratuito e r\u00e1pido.","breadcrumb":{"@id":"https:\/\/elfsight.com\/pt\/google-reviews-widget\/wix\/#breadcrumb"},"inLanguage":"pt-PT","potentialAction":[{"@type":"ReadAction","target":["https:\/\/elfsight.com\/pt\/google-reviews-widget\/wix\/"]}]},{"@type":"BreadcrumbList","@id":"https:\/\/elfsight.com\/pt\/google-reviews-widget\/wix\/#breadcrumb","itemListElement":[{"@type":"ListItem","position":1,"name":"Home","item":"https:\/\/elfsight.com\/pt\/"},{"@type":"ListItem","position":2,"name":"Google Reviews","item":"https:\/\/elfsight.com\/pt\/google-reviews-widget\/"},{"@type":"ListItem","position":3,"name":"Google Reviews &#8211; Wix"}]},{"@type":"WebSite","@id":"https:\/\/elfsight.com\/pt\/#website","url":"https:\/\/elfsight.com\/pt\/","name":"Elfsight PT","description":"Just another Elfsight Sites site","potentialAction":[{"@type":"SearchAction","target":{"@type":"EntryPoint","urlTemplate":"https:\/\/elfsight.com\/pt\/?s={search_term_string}"},"query-input":{"@type":"PropertyValueSpecification","valueRequired":true,"valueName":"search_term_string"}}],"inLanguage":"pt-PT"}]}},"meta_box":{"industry":"","seo_heading":"","heading":"","description":"","cta_heading":"","cta_description":"","application":"442","h1":"Aplicativo Wix Google Avalia\u00e7\u00f5es","h1_caption":"Integre as melhores impress\u00f5es de clientes do Google em seu site","application_category":[],"applications_title":"","applications_request_title":"","applications_request_button_text":"","hero_text":"","hero_video":"","hero_video_schema_markup":"","selling_points_title":"","selling_points_caption":"","selling_points":[],"selling_points_cta_text":"","features_title":"","features":"","ed_cta_examples_text":"","ed_cta_examples_hidden":"","ed_cta_demo_text":"","ed_cta_demo_hidden":"","why_caption":"","why_editor_title":"","why_editor_text":"","why_team_title":"","why_team_text":"","why_service_title":"","why_service_text":"","template_catalog_visible":"0","template_catalog_title":"","template_catalog_text":"","template_catalog_categories_visible":"","demo_title":"Crie seu aplicativo Google Reviews","demo_caption":"Configure seu Google Reviews e adicione-o ao seu site Wix gratuitamente!","default_faq_hidden":"","app_template_category":[],"platform":"37","template_public_id":"","codecanyon_url":"","codecanyon_item_id":"","codecanyon_price":"","pricing_caption":"","pricing_elfsight_apps_hide_column":"","pricing_elfsight_apps_url":"","pricing_codecanyon_price_caption":"","integration_category":[],"integration_request_title":"","integration_request_cta":"","integration_platform":"","integrations":[],"platform_category":[],"video_schema_markup":"","price":"a partir de US$ 0\/m\u00eas","trial":"","benefits":[{"text":"Servi\u00e7o de instala\u00e7\u00e3o gratuito"},{"text":"Suporte premium"},{"text":"Garantia de devolu\u00e7\u00e3o do dinheiro em 14 dias"},{"text":"Atualiza\u00e7\u00f5es futuras"}],"button_url":"#demo","button_target_blank":"0","button_nofollow":"0","attributes":[{"name":"Instala\u00e7\u00f5es","content":"100,000 - 500,000","_state":"expanded"},{"name":"Responsivo","content":"Sim","_state":"expanded"},{"name":"Navegadores compat\u00edveis","content":"Safari, Chrome, Firefox, Opera, Edge"}],"tags":[],"tags_disable_links":"0","hide_more_platforms":"","video_object":"","demo_hide_cta":"0","demo_hide_cloud_options":"0","pricing_title":"","pricing":[{"pricing_icon":"cloud","pricing_title":"Elfsight Apps","pricing_title_caption":"Solu\u00e7\u00e3o multiplataforma","pricing_price":"a partir de US$ 0\/m\u00eas","pricing_price_caption":"comece com plano gratuito","pricing_benefits":[{"text":"N\u00famero ilimitado de dom\u00ednios"},{"text":"Suporte gratuito ao cliente"},{"text":"Suporte gratuito ao cliente"},{"text":"Oferta especial para v\u00e1rios aplicativos"}],"pricing_button_text":"Adicionar ao site","pricing_button_url":"#demo","_state":"expanded"}],"related_apps_title":"","related_apps_hidden":"1","author":"","image":[],"title":"","job":"","social_networks":[]},"_links":{"self":[{"href":"https:\/\/elfsight.com\/pt\/wp-json\/wp\/v2\/pages\/4347","targetHints":{"allow":["GET"]}}],"collection":[{"href":"https:\/\/elfsight.com\/pt\/wp-json\/wp\/v2\/pages"}],"about":[{"href":"https:\/\/elfsight.com\/pt\/wp-json\/wp\/v2\/types\/page"}],"author":[{"embeddable":true,"href":"https:\/\/elfsight.com\/pt\/wp-json\/wp\/v2\/users\/9"}],"replies":[{"embeddable":true,"href":"https:\/\/elfsight.com\/pt\/wp-json\/wp\/v2\/comments?post=4347"}],"version-history":[{"count":4,"href":"https:\/\/elfsight.com\/pt\/wp-json\/wp\/v2\/pages\/4347\/revisions"}],"predecessor-version":[{"id":13634,"href":"https:\/\/elfsight.com\/pt\/wp-json\/wp\/v2\/pages\/4347\/revisions\/13634"}],"up":[{"embeddable":true,"href":"https:\/\/elfsight.com\/pt\/wp-json\/wp\/v2\/pages\/443"}],"wp:attachment":[{"href":"https:\/\/elfsight.com\/pt\/wp-json\/wp\/v2\/media?parent=4347"}],"curies":[{"name":"wp","href":"https:\/\/api.w.org\/{rel}","templated":true}]}}