{"id":4345,"date":"2024-05-03T06:39:34","date_gmt":"2024-05-03T06:39:34","guid":{"rendered":"https:\/\/elfsight.com\/pt\/?page_id=4345"},"modified":"2025-01-21T10:25:38","modified_gmt":"2025-01-21T10:25:38","slug":"magento","status":"publish","type":"page","link":"https:\/\/elfsight.com\/pt\/instagram-feed-instashow\/magento\/","title":{"rendered":"Instagram Feed &#8211; Magento"},"content":{"rendered":"\n<div class=\"application-platform-content-item-description application-platform-content-item\" id=\"description\" data-nav-section=\"description\"><h2>Incorpore o Instagram no Magento com o widget Elfsight<\/h2><p>InstaShow \u00e9 um plugin responsivo para Instagram, que permite criar cole\u00e7\u00f5es magn\u00edficas de Fotos e v\u00eddeos do Instagram. Uma enorme quantidade de variantes de configura\u00e7\u00f5es individuais do seu perfil: todos os tipos de fontes, filtros de postagens, mais de 60 par\u00e2metros adaptativos e 10 variantes de layout e interface adapt\u00e1vel adequada para todas as resolu\u00e7\u00f5es.<\/p><p><b>Use um M\u00f3dulo Instagram totalmente responsivo para Magento para despertar o interesse dos visitantes do seu site.<\/b><\/p><ul><li><b>Venda mais com imagens da moda<\/b>.<br>Exiba fotos do Instagram \u2013 a m\u00eddia mais eficiente para anunciar seus produtos ou servi\u00e7os e obter um aumento de lucro no site.<\/li><li><b>Encontre novos assinantes no Instagram<\/b>.<br>Adicione bot\u00f5es adicionais com uma chamada para se inscrever e aumentar o n\u00famero de assinantes da sua p\u00e1gina do Instagram.<\/li><li><b>Maior taxa de engajamento do usu\u00e1rio<\/b>.<br>Inspire os visitantes a visualizar seu conte\u00fado e obter impress\u00f5es profundas, com imagens do Instagram em seu site. Obtenha maior envolvimento dos visitantes.<\/li><\/ul><div class=\"faq\" data-component=\"FAQ\"> <div class=\"faq-item\">\r\n\t\t\t\t\t<div class=\"faq-item-question\">\r\n\t\t\t\t\t\t<h3 class=\"faq-item-question-text\">Quais outras ferramentas para Magento posso usar? <\/h3>\r\n\r\n\t\t\t\t\t\t<div class=\"faq-item-question-icon\"><\/div>\r\n\t\t\t\t\t<\/div>\r\n\r\n\t\t\t\t\t<div class=\"faq-item-answer\">\r\n\t\t\t\t\t\t<div class=\"faq-item-answer-text\"> <p>Voc\u00ea pode testar v\u00e1rios widgets para qualquer finalidade em seu site, independentemente da sua esfera de neg\u00f3cios. Escolha o que melhor combina com voc\u00ea: <a href=\"https:\/\/elfsight.com\/whatsapp-chat-widget\/magento\/\">WhatsApp Chat<\/a>, <a href=\"https:\/\/elfsight.com\/amazon-reviews-widget\/magento\/\">Amazon Reviews<\/a>, <a href=\"https:\/\/elfsight.com\/facebook-chat-widget\/magento\/\">Bate-papo do Facebook<\/a>, <a href=\"https:\/\/elfsight.com\/google-reviews-widget\/magento\/\">Google Reviews<\/a>.<\/p> <\/div>\r\n\t\t\t\t\t<\/div>\r\n\t\t\t\t<\/div> <div class=\"faq-item\">\r\n\t\t\t\t\t<div class=\"faq-item-question\">\r\n\t\t\t\t\t\t<h3 class=\"faq-item-question-text\">Como incorporar o feed do Instagram gratuitamente no Magento?<\/h3>\r\n\r\n\t\t\t\t\t\t<div class=\"faq-item-question-icon\"><\/div>\r\n\t\t\t\t\t<\/div>\r\n\r\n\t\t\t\t\t<div class=\"faq-item-answer\">\r\n\t\t\t\t\t\t<div class=\"faq-item-answer-text\"> <ol><p>Adicionar um feed do Instagram \u00e0 sua loja Magento \u00e9 uma excelente abordagem para destacar suas postagens recentes e incentivar o envolvimento do comprador.<\/p><ol><li>Para <a href=\"https:\/\/elfsight.com\/blog\/how-to-embed-instagram-feed-on-website\/\">incorpore o feed do Instagram da Elfsight<\/a> gratuitamente no Magento, visite o site da Elfsight e crie uma conta gratuita.<\/li><li>Maximize a extens\u00e3o gratuita do Instagram adaptando sua apar\u00eancia e configura\u00e7\u00f5es para combinar com o tema visual da sua loja Magento.<\/li><li>Depois de configurar seu feed do Instagram gratuitamente, copie o c\u00f3digo de incorpora\u00e7\u00e3o distinto e cole-o no HTML da sua loja Magento onde voc\u00ea deseja que o feed seja destacado.<\/li><\/ol><p>Ao integrar seu feed do Instagram em sua loja Magento, voc\u00ea elevar\u00e1 seu charme visual e apoiar\u00e1 a intera\u00e7\u00e3o cont\u00ednua com o comprador. Experimente as recompensas da extens\u00e3o Instagram da Elfsight sem qualquer investimento financeiro!<\/p><\/ol><\/div>\r\n\t\t\t\t\t<\/div>\r\n\t\t\t\t<\/div> <div class=\"faq-item\">\r\n\t\t\t\t\t<div class=\"faq-item-question\">\r\n\t\t\t\t\t\t<h3 class=\"faq-item-question-text\">Posso ver o seu plugin Magento Instagram Feed em vigor? <\/h3>\r\n\r\n\t\t\t\t\t\t<div class=\"faq-item-question-icon\"><\/div>\r\n\t\t\t\t\t<\/div>\r\n\r\n\t\t\t\t\t<div class=\"faq-item-answer\">\r\n\t\t\t\t\t\t<div class=\"faq-item-answer-text\"> <p>Claro! Voc\u00ea pode fazer isso usando nossa <a href=\"https:\/\/elfsight.com\/instagram-feed-instashow\/#demo\">demonstra\u00e7\u00e3o<\/a> ao vivo! Al\u00e9m disso, a demonstra\u00e7\u00e3o pode ajud\u00e1-lo a adicionar o plugin ao seu site Magento.<\/p><\/div>\r\n\t\t\t\t\t<\/div>\r\n\t\t\t\t<\/div> <\/div><\/div><div class=\"application-platform-content-item-features application-platform-content-item\" id=\"features\" data-nav-section=\"features\"><h2>Principais recursos do m\u00f3dulo Instagram Feed<\/h2><p>A principal funcionalidade do plugin Elfsight, que o converte no melhor instrumento Magento para mostrar conte\u00fado do Instagram em um site:<\/p><ul><li>Adicionar conte\u00fado por URL, hashtags e nomes de usu\u00e1rio<\/li><li>N\u00famero ajust\u00e1vel de colunas e linhas<\/li><li>Setas, arrastar e navega\u00e7\u00e3o de slides<\/li><li>11 elementos pint\u00e1veis<\/li><li>Largura flex\u00edvel do widget<\/li><\/ul><p><a href=\"#demo\">Todos os recursos da nossa demonstra\u00e7\u00e3o<\/a><\/p><\/div><div class=\"application-platform-content-item-installation application-platform-content-item\" id=\"installation\" data-nav-section=\"installation\"><h2>Como adicionar feed do Instagram ao Magento website<\/h2><p>Basta seguir as orienta\u00e7\u00f5es abaixo para come\u00e7ar a trabalhar com o widget no Magento.<\/p> <ol><li><b>Utilize nosso configurador gratuito e comece a construir seu feed do Instagram personalizado extens\u00e3o. <\/b><br> Especifique o formul\u00e1rio selecionado e as op\u00e7\u00f5es do widget e aplique as modifica\u00e7\u00f5es. <\/li> <li><b>Obtenha o c\u00f3digo exclusivo que \u00e9 mostrado na janela dos aplicativos Elfsight. <\/b><br> Assim que a configura\u00e7\u00e3o do seu widget pessoal estiver conclu\u00edda, copie o c\u00f3digo pessoal da caixa exibida e guarde-o para futuras ocasi\u00f5es. <\/li> <li><b>Comece a usar o widget na sua p\u00e1gina inicial do Magento. <\/b><br> Coloque o c\u00f3digo que voc\u00ea salvou recentemente em seu site e aplique os ajustes. <\/li> <li><b>Pronto! A configura\u00e7\u00e3o est\u00e1 totalmente conclu\u00edda. <\/b><br> Visite seu site para ver como a ferramenta est\u00e1 funcionando. <\/li><\/ol><p>Est\u00e1 tendo problemas para instalar o widget do Instagram para Magento? Entre em contato com o suporte da Elfsight.<\/p><\/div>\n","protected":false},"excerpt":{"rendered":"","protected":false},"author":9,"featured_media":0,"parent":481,"menu_order":0,"comment_status":"closed","ping_status":"closed","template":"templates\/template-application-platform.php","meta":{"publish_to_discourse":"","publish_post_category":"","wpdc_auto_publish_overridden":"","wpdc_topic_tags":"","wpdc_pin_topic":"","wpdc_pin_until":"","discourse_post_id":"","discourse_permalink":"","wpdc_publishing_response":"","wpdc_publishing_error":"","footnotes":""},"class_list":["post-4345","page","type-page","status-publish","hentry"],"yoast_head":"<!-- This site is optimized with the Yoast SEO plugin v25.3.1 - https:\/\/yoast.com\/wordpress\/plugins\/seo\/ -->\n<title>Incorpore Instagram Feed no Magento com m\u00f3dulo - adicione Instagram ao site em 2 minutos!<\/title>\n<meta name=\"description\" content=\"Teste gr\u00e1tis o melhor plugin do Instagram para site Magento! Crie um feed individual do Instagram na Elfsight em apenas 2 minutos.\" \/>\n<meta name=\"robots\" content=\"index, follow, max-snippet:-1, max-image-preview:large, max-video-preview:-1\" \/>\n<link rel=\"canonical\" href=\"https:\/\/elfsight.com\/pt\/instagram-feed-instashow\/magento\/\" \/>\n<meta property=\"og:locale\" content=\"pt_PT\" \/>\n<meta property=\"og:type\" content=\"article\" \/>\n<meta property=\"og:title\" content=\"Incorpore Instagram Feed no Magento com m\u00f3dulo - adicione Instagram ao site em 2 minutos!\" \/>\n<meta property=\"og:description\" content=\"Teste gr\u00e1tis o melhor plugin do Instagram para site Magento! Crie um feed individual do Instagram na Elfsight em apenas 2 minutos.\" \/>\n<meta property=\"og:url\" content=\"https:\/\/elfsight.com\/pt\/instagram-feed-instashow\/magento\/\" \/>\n<meta property=\"og:site_name\" content=\"Elfsight PT\" \/>\n<meta property=\"article:modified_time\" content=\"2025-01-21T10:25:38+00:00\" \/>\n<meta name=\"twitter:card\" content=\"summary_large_image\" \/>\n<meta name=\"twitter:label1\" content=\"Tempo estimado de leitura\" \/>\n\t<meta name=\"twitter:data1\" content=\"4 minutos\" \/>\n<!-- \/ Yoast SEO plugin. -->","yoast_head_json":{"title":"Incorpore Instagram Feed no Magento com m\u00f3dulo - adicione Instagram ao site em 2 minutos!","description":"Teste gr\u00e1tis o melhor plugin do Instagram para site Magento! Crie um feed individual do Instagram na Elfsight em apenas 2 minutos.","robots":{"index":"index","follow":"follow","max-snippet":"max-snippet:-1","max-image-preview":"max-image-preview:large","max-video-preview":"max-video-preview:-1"},"canonical":"https:\/\/elfsight.com\/pt\/instagram-feed-instashow\/magento\/","og_locale":"pt_PT","og_type":"article","og_title":"Incorpore Instagram Feed no Magento com m\u00f3dulo - adicione Instagram ao site em 2 minutos!","og_description":"Teste gr\u00e1tis o melhor plugin do Instagram para site Magento! Crie um feed individual do Instagram na Elfsight em apenas 2 minutos.","og_url":"https:\/\/elfsight.com\/pt\/instagram-feed-instashow\/magento\/","og_site_name":"Elfsight PT","article_modified_time":"2025-01-21T10:25:38+00:00","twitter_card":"summary_large_image","twitter_misc":{"Tempo estimado de leitura":"4 minutos"},"schema":{"@context":"https:\/\/schema.org","@graph":[{"@type":"WebPage","@id":"https:\/\/elfsight.com\/pt\/instagram-feed-instashow\/magento\/","url":"https:\/\/elfsight.com\/pt\/instagram-feed-instashow\/magento\/","name":"Incorpore Instagram Feed no Magento com m\u00f3dulo - adicione Instagram ao site em 2 minutos!","isPartOf":{"@id":"https:\/\/elfsight.com\/pt\/#website"},"datePublished":"2024-05-03T06:39:34+00:00","dateModified":"2025-01-21T10:25:38+00:00","description":"Teste gr\u00e1tis o melhor plugin do Instagram para site Magento! Crie um feed individual do Instagram na Elfsight em apenas 2 minutos.","breadcrumb":{"@id":"https:\/\/elfsight.com\/pt\/instagram-feed-instashow\/magento\/#breadcrumb"},"inLanguage":"pt-PT","potentialAction":[{"@type":"ReadAction","target":["https:\/\/elfsight.com\/pt\/instagram-feed-instashow\/magento\/"]}]},{"@type":"BreadcrumbList","@id":"https:\/\/elfsight.com\/pt\/instagram-feed-instashow\/magento\/#breadcrumb","itemListElement":[{"@type":"ListItem","position":1,"name":"Home","item":"https:\/\/elfsight.com\/pt\/"},{"@type":"ListItem","position":2,"name":"Instagram Feed","item":"https:\/\/elfsight.com\/pt\/instagram-feed-instashow\/"},{"@type":"ListItem","position":3,"name":"Instagram Feed &#8211; Magento"}]},{"@type":"WebSite","@id":"https:\/\/elfsight.com\/pt\/#website","url":"https:\/\/elfsight.com\/pt\/","name":"Elfsight PT","description":"Just another Elfsight Sites site","potentialAction":[{"@type":"SearchAction","target":{"@type":"EntryPoint","urlTemplate":"https:\/\/elfsight.com\/pt\/?s={search_term_string}"},"query-input":{"@type":"PropertyValueSpecification","valueRequired":true,"valueName":"search_term_string"}}],"inLanguage":"pt-PT"}]}},"meta_box":{"industry":"","seo_heading":"","heading":"","description":"","cta_heading":"","cta_description":"","application":"480","h1":"Widget de feed do Instagram para Magento","h1_caption":"Converta os usu\u00e1rios do seu site em seguidores do Instagram","application_category":[],"applications_title":"","applications_request_title":"","applications_request_button_text":"","hero_text":"","hero_video":"","hero_video_schema_markup":"","selling_points_title":"","selling_points_caption":"","selling_points":[],"selling_points_cta_text":"","features_title":"","features":"","ed_cta_examples_text":"","ed_cta_examples_hidden":"","ed_cta_demo_text":"","ed_cta_demo_hidden":"","why_caption":"","why_editor_title":"","why_editor_text":"","why_team_title":"","why_team_text":"","why_service_title":"","why_service_text":"","template_catalog_visible":"0","template_catalog_title":"","template_catalog_text":"","template_catalog_categories_visible":"","demo_title":"Crie sua extens\u00e3o de feed do Instagram","demo_caption":"Configure seu feed do Instagram e adicione-o ao seu site Magento gratuitamente!","default_faq_hidden":"","app_template_category":[],"platform":"58","template_public_id":"","codecanyon_url":"","codecanyon_item_id":"","codecanyon_price":"","pricing_caption":"","pricing_elfsight_apps_hide_column":"","pricing_elfsight_apps_url":"","pricing_codecanyon_price_caption":"","integration_category":[],"integration_request_title":"","integration_request_cta":"","integration_platform":"","integrations":[],"platform_category":[],"video_schema_markup":"","price":"a partir de US$ 0\/m\u00eas","trial":"","benefits":[{"text":"Servi\u00e7o de instala\u00e7\u00e3o gratuito"},{"text":"Atendimento ao cliente eficaz"},{"text":"Garantia de devolu\u00e7\u00e3o do dinheiro em 14 dias"},{"text":"Melhorias gratuitas vital\u00edcias"}],"button_url":"#demo","button_target_blank":"0","button_nofollow":"0","attributes":[{"name":"Instala\u00e7\u00f5es","content":"100,000 - 500,000","_state":"expanded"},{"name":"Responsivo","content":"Sim","_state":"expanded"},{"name":"Navegadores compat\u00edveis","content":"Firefox, Safari, Opera, Chrome, Edge"}],"tags":[],"tags_disable_links":"0","hide_more_platforms":"","video_object":"","demo_hide_cta":"0","demo_hide_cloud_options":"0","pricing_title":"","pricing":[{"pricing_icon":"platform","pricing_title":"Elfsight Apps","pricing_title_caption":"Solu\u00e7\u00e3o digital multiplataforma que funciona em qualquer site","pricing_price":"a partir de US$ 0\/m\u00eas","pricing_price_caption":"comece com um plano gratuito","pricing_benefits":[{"text":"Dom\u00ednios ilimitados"},{"text":"Suporte r\u00e1pido \u00e0 empresa"},{"text":"Suporte r\u00e1pido \u00e0 empresa"},{"text":"Totalmente personaliz\u00e1vel"}],"pricing_button_text":"Adicionar ao site","pricing_button_url":"#demo","_state":"expanded"}],"related_apps_title":"","related_apps_hidden":"1","author":"","image":[],"title":"","job":"","social_networks":[]},"_links":{"self":[{"href":"https:\/\/elfsight.com\/pt\/wp-json\/wp\/v2\/pages\/4345","targetHints":{"allow":["GET"]}}],"collection":[{"href":"https:\/\/elfsight.com\/pt\/wp-json\/wp\/v2\/pages"}],"about":[{"href":"https:\/\/elfsight.com\/pt\/wp-json\/wp\/v2\/types\/page"}],"author":[{"embeddable":true,"href":"https:\/\/elfsight.com\/pt\/wp-json\/wp\/v2\/users\/9"}],"replies":[{"embeddable":true,"href":"https:\/\/elfsight.com\/pt\/wp-json\/wp\/v2\/comments?post=4345"}],"version-history":[{"count":3,"href":"https:\/\/elfsight.com\/pt\/wp-json\/wp\/v2\/pages\/4345\/revisions"}],"predecessor-version":[{"id":13624,"href":"https:\/\/elfsight.com\/pt\/wp-json\/wp\/v2\/pages\/4345\/revisions\/13624"}],"up":[{"embeddable":true,"href":"https:\/\/elfsight.com\/pt\/wp-json\/wp\/v2\/pages\/481"}],"wp:attachment":[{"href":"https:\/\/elfsight.com\/pt\/wp-json\/wp\/v2\/media?parent=4345"}],"curies":[{"name":"wp","href":"https:\/\/api.w.org\/{rel}","templated":true}]}}