{"id":4331,"date":"2024-05-03T06:40:48","date_gmt":"2024-05-03T06:40:48","guid":{"rendered":"https:\/\/elfsight.com\/pt\/?page_id=4331"},"modified":"2025-03-06T11:40:30","modified_gmt":"2025-03-06T11:40:30","slug":"woocommerce","status":"publish","type":"page","link":"https:\/\/elfsight.com\/pt\/logo-showcase-widget\/woocommerce\/","title":{"rendered":"Logo Showcase &#8211; WooCommerce"},"content":{"rendered":"\n<div class=\"application-platform-content-item-description application-platform-content-item\" id=\"description\" data-nav-section=\"description\"><h2>Descri\u00e7\u00e3o<\/h2><p>Elfsight Logo Showcase \u00e9 a melhor t\u00e9cnica para exibir todos os logotipos de clientes e patrocinadores ou suas men\u00e7\u00f5es em a m\u00eddia no site. Com a ajuda do widget voc\u00ea dar\u00e1 mais uma prova de que \u00e9 um parceiro confi\u00e1vel e mant\u00e9m uma boa percep\u00e7\u00e3o da sua empresa. O widget Elfsight permite adicionar qualquer quantidade de logotipos, organiz\u00e1-los em um carrossel ou grade e alterar a escala dos logotipos. Voc\u00ea pode mostrar legendas e links para o site das empresas. Variando cores e recursos de fontes, \u00e9 f\u00e1cil criar uma interface \u00fanica.<\/p><p><b>Aumente o n\u00edvel de vendas mostrando a reputa\u00e7\u00e3o impec\u00e1vel do seu neg\u00f3cio, com logotipos de parceiros no site.<\/b><\/p><\/div> <div class=\"application-platform-content-item-features application-platform-content-item\" id=\"features\" data-nav-section=\"features\"><h2>Estes s\u00e3o apenas alguns dos recursos do amplo widget:<\/h2><ul><li>A op\u00e7\u00e3o de conectar os logotipos a qualquer p\u00e1gina da web; <\/li> <li>Cabe\u00e7alho altern\u00e1vel com t\u00edtulo e texto com formata\u00e7\u00e3o suportada;<\/li><li>O bot\u00e3o CTA pode ser vinculado a qualquer endere\u00e7o;<\/li><li>Tr\u00eas layouts balanceados: Slider, Grade e Carrossel;<\/li><li>A op\u00e7\u00e3o de alterar o tamanho do logotipo e a largura do widget;<\/li><li>A op\u00e7\u00e3o de escolher qualquer cor de fundo ou fazer upload de uma imagem personalizada.<\/li><\/ul><p><a href=\"#demo\">Examine todas as configura\u00e7\u00f5es na demonstra\u00e7\u00e3o completa<\/a><\/p><\/div><div class=\"application-platform-content-item-installation application-platform-content-item\" id=\"installation\" data-nav-section=\"installation\"><h2>Como incorporar o Logo Showcase em meu site WooCommerce? <\/h2><p>Basta seguir as orienta\u00e7\u00f5es abaixo para incorporar a ferramenta.<\/p><ol><li><b>Aplicando nosso editor gratuito, comece a formar seu widget personalizado.<\/b><br> Determine a interface e os recursos desejados da ferramenta e aplique as corre\u00e7\u00f5es.<\/li><li><b>Receba o c\u00f3digo individual que aparece na janela dos aplicativos Elfsight.<\/b><br> Ap\u00f3s a cria\u00e7\u00e3o do seu plugin, copie o c\u00f3digo pessoal na janela exibida e guarde-o para ocasi\u00f5es posteriores.<\/li><li><b>Comece a usar o widget em seu site WooCommerce.<\/b><br> Adicione o c\u00f3digo que voc\u00ea copiou antes em sua p\u00e1gina da web e salve as corre\u00e7\u00f5es.<\/li><li><b>Pronto! A incorpora\u00e7\u00e3o foi realizada com sucesso.<\/b><br> Acesse seu site para verificar como o widget est\u00e1 funcionando.<\/li><\/ol><p>Na condi\u00e7\u00e3o de enfrentar d\u00favidas ou encontrar alguma dificuldade, entre em contato com nosso equipe de atendimento ao consumidor. Nosso pessoal ficar\u00e1 feliz em ajud\u00e1-lo com todos os problemas que voc\u00ea possa ter com o plugin.<\/p><div class=\"faq\" data-component=\"FAQ\"><div class=\"faq-item\">\r\n\t\t\t\t\t<div class=\"faq-item-question\">\r\n\t\t\t\t\t\t<h3 class=\"faq-item-question-text\">Existe uma op\u00e7\u00e3o para incorporar um Logo Showcase em minha p\u00e1gina WooCommerce sem codifica\u00e7\u00e3o?<\/h3>\r\n\r\n\t\t\t\t\t\t<div class=\"faq-item-question-icon\"><\/div>\r\n\t\t\t\t\t<\/div>\r\n\r\n\t\t\t\t\t<div class=\"faq-item-answer\">\r\n\t\t\t\t\t\t<div class=\"faq-item-answer-text\"> <p>A Elfsight oferece uma solu\u00e7\u00e3o SaaS que permite que as pessoas criem voc\u00ea mesmo um widget Logo Showcase. Veja como \u00e9 simples: Comece a trabalhar diretamente na Demo online para criar um plugin Logo Showcase que gostaria de integrar no site WooCommerce. Escolha um dos modelos pr\u00e9-concebidos e modifique as configura\u00e7\u00f5es do Logo Showcase, adicione seu conte\u00fado, altere o layout e as cores sem nenhuma habilidade de codifica\u00e7\u00e3o. Clique para salvar o Logo Showcase e copiar seu c\u00f3digo de instala\u00e7\u00e3o, que pode ser facilmente inclu\u00eddo na p\u00e1gina WooCommerce gratuitamente. Com a ajuda do Configurador f\u00e1cil de usar, cada usu\u00e1rio da Internet pode gerar um Logo Showcase e inclu\u00ed-lo prontamente em qualquer site WooCommerce. N\u00e3o h\u00e1 necessidade de pagar ou inserir as credenciais do seu cart\u00e3o para acessar o servi\u00e7o Elfsight. Se voc\u00ea tiver algum problema em qualquer etapa, n\u00e3o hesite em falar com nosso suporte ao cliente.<\/p> <\/div>\r\n\t\t\t\t\t<\/div>\r\n\t\t\t\t<\/div> <\/div><\/div>\n","protected":false},"excerpt":{"rendered":"","protected":false},"author":9,"featured_media":0,"parent":983,"menu_order":0,"comment_status":"closed","ping_status":"closed","template":"templates\/template-application-platform.php","meta":{"publish_to_discourse":"","publish_post_category":"","wpdc_auto_publish_overridden":"","wpdc_topic_tags":"","wpdc_pin_topic":"","wpdc_pin_until":"","discourse_post_id":"","discourse_permalink":"","wpdc_publishing_response":"","wpdc_publishing_error":"","footnotes":""},"class_list":["post-4331","page","type-page","status-publish","hentry"],"yoast_head":"<!-- This site is optimized with the Yoast SEO plugin v25.3.1 - https:\/\/yoast.com\/wordpress\/plugins\/seo\/ -->\n<title>Plug-in WooCommerce Logo Showcase para seu site (2025)<\/title>\n<meta name=\"description\" content=\"Aproveite a oportunidade de personalizar o plugin Logo Showcase agora mesmo e introduzi-lo em seu site WooCommerce diretamente por meio da demonstra\u00e7\u00e3o.\" \/>\n<meta name=\"robots\" content=\"index, follow, max-snippet:-1, max-image-preview:large, max-video-preview:-1\" \/>\n<link rel=\"canonical\" href=\"https:\/\/elfsight.com\/pt\/logo-showcase-widget\/woocommerce\/\" \/>\n<meta property=\"og:locale\" content=\"pt_PT\" \/>\n<meta property=\"og:type\" content=\"article\" \/>\n<meta property=\"og:title\" content=\"Plug-in WooCommerce Logo Showcase para seu site (2025)\" \/>\n<meta property=\"og:description\" content=\"Aproveite a oportunidade de personalizar o plugin Logo Showcase agora mesmo e introduzi-lo em seu site WooCommerce diretamente por meio da demonstra\u00e7\u00e3o.\" \/>\n<meta property=\"og:url\" content=\"https:\/\/elfsight.com\/pt\/logo-showcase-widget\/woocommerce\/\" \/>\n<meta property=\"og:site_name\" content=\"Elfsight PT\" \/>\n<meta property=\"article:modified_time\" content=\"2025-03-06T11:40:30+00:00\" \/>\n<meta name=\"twitter:card\" content=\"summary_large_image\" \/>\n<meta name=\"twitter:label1\" content=\"Tempo estimado de leitura\" \/>\n\t<meta name=\"twitter:data1\" content=\"3 minutos\" \/>\n<!-- \/ Yoast SEO plugin. -->","yoast_head_json":{"title":"Plug-in WooCommerce Logo Showcase para seu site (2025)","description":"Aproveite a oportunidade de personalizar o plugin Logo Showcase agora mesmo e introduzi-lo em seu site WooCommerce diretamente por meio da demonstra\u00e7\u00e3o.","robots":{"index":"index","follow":"follow","max-snippet":"max-snippet:-1","max-image-preview":"max-image-preview:large","max-video-preview":"max-video-preview:-1"},"canonical":"https:\/\/elfsight.com\/pt\/logo-showcase-widget\/woocommerce\/","og_locale":"pt_PT","og_type":"article","og_title":"Plug-in WooCommerce Logo Showcase para seu site (2025)","og_description":"Aproveite a oportunidade de personalizar o plugin Logo Showcase agora mesmo e introduzi-lo em seu site WooCommerce diretamente por meio da demonstra\u00e7\u00e3o.","og_url":"https:\/\/elfsight.com\/pt\/logo-showcase-widget\/woocommerce\/","og_site_name":"Elfsight PT","article_modified_time":"2025-03-06T11:40:30+00:00","twitter_card":"summary_large_image","twitter_misc":{"Tempo estimado de leitura":"3 minutos"},"schema":{"@context":"https:\/\/schema.org","@graph":[{"@type":"WebPage","@id":"https:\/\/elfsight.com\/pt\/logo-showcase-widget\/woocommerce\/","url":"https:\/\/elfsight.com\/pt\/logo-showcase-widget\/woocommerce\/","name":"Plug-in WooCommerce Logo Showcase para seu site (2025)","isPartOf":{"@id":"https:\/\/elfsight.com\/pt\/#website"},"datePublished":"2024-05-03T06:40:48+00:00","dateModified":"2025-03-06T11:40:30+00:00","description":"Aproveite a oportunidade de personalizar o plugin Logo Showcase agora mesmo e introduzi-lo em seu site WooCommerce diretamente por meio da demonstra\u00e7\u00e3o.","breadcrumb":{"@id":"https:\/\/elfsight.com\/pt\/logo-showcase-widget\/woocommerce\/#breadcrumb"},"inLanguage":"pt-PT","potentialAction":[{"@type":"ReadAction","target":["https:\/\/elfsight.com\/pt\/logo-showcase-widget\/woocommerce\/"]}]},{"@type":"BreadcrumbList","@id":"https:\/\/elfsight.com\/pt\/logo-showcase-widget\/woocommerce\/#breadcrumb","itemListElement":[{"@type":"ListItem","position":1,"name":"Home","item":"https:\/\/elfsight.com\/pt\/"},{"@type":"ListItem","position":2,"name":"Logo Showcase","item":"https:\/\/elfsight.com\/pt\/logo-showcase-widget\/"},{"@type":"ListItem","position":3,"name":"Logo Showcase &#8211; WooCommerce"}]},{"@type":"WebSite","@id":"https:\/\/elfsight.com\/pt\/#website","url":"https:\/\/elfsight.com\/pt\/","name":"Elfsight PT","description":"Just another Elfsight Sites site","potentialAction":[{"@type":"SearchAction","target":{"@type":"EntryPoint","urlTemplate":"https:\/\/elfsight.com\/pt\/?s={search_term_string}"},"query-input":{"@type":"PropertyValueSpecification","valueRequired":true,"valueName":"search_term_string"}}],"inLanguage":"pt-PT"}]}},"meta_box":{"industry":"","seo_heading":"","heading":"","description":"","cta_heading":"","cta_description":"","application":"982","h1":"Plug-in WooCommerce Logo Showcase","h1_caption":"Incorpore logotipos de clientes e parceiros em seu site para maior credibilidade","application_category":[],"applications_title":"","applications_request_title":"","applications_request_button_text":"","hero_text":"","hero_video":"","hero_video_schema_markup":"","selling_points_title":"","selling_points_caption":"","selling_points":[],"selling_points_cta_text":"","features_title":"","features":"","ed_cta_examples_text":"","ed_cta_examples_hidden":"","ed_cta_demo_text":"","ed_cta_demo_hidden":"","why_caption":"","why_editor_title":"","why_editor_text":"","why_team_title":"","why_team_text":"","why_service_title":"","why_service_text":"","template_catalog_visible":"0","template_catalog_title":"","template_catalog_text":"","template_catalog_categories_visible":"","demo_title":"Crie seu aplicativo Logo Showcase","demo_caption":"Configure seu Logo Showcase e adicione-o ao seu site WooCommerce gratuitamente!","default_faq_hidden":"","app_template_category":[],"platform":"4920","template_public_id":"","codecanyon_url":"","codecanyon_item_id":"","codecanyon_price":"","pricing_caption":"","pricing_elfsight_apps_hide_column":"","pricing_elfsight_apps_url":"","pricing_codecanyon_price_caption":"","integration_category":[],"integration_request_title":"","integration_request_cta":"","integration_platform":"","integrations":[],"platform_category":[],"video_schema_markup":"","price":"a partir de US$ 0\/m\u00eas","trial":"","benefits":[{"text":"Assist\u00eancia de instala\u00e7\u00e3o gratuita"},{"text":"Suporte premium"},{"text":"Garantia de reembolso de 14 dias"},{"text":"Atualizando constantemente"}],"button_url":"#demo","button_target_blank":"0","button_nofollow":"0","attributes":[{"name":"Instala\u00e7\u00f5es","content":"10,000 - 100,000","_state":"expanded"},{"name":"Responsivo","content":"Sim","_state":"expanded"},{"name":"Navegadores compat\u00edveis","content":"Firefox, Safari, Opera, Chrome, Edge"}],"tags":[],"tags_disable_links":"0","hide_more_platforms":"0","video_object":"","demo_hide_cta":"0","demo_hide_cloud_options":"0","pricing_title":"","pricing":[{"pricing_icon":"platform","pricing_title":"Elfsight Apps","pricing_title_caption":"Software multiplataforma que funciona em qualquer site","pricing_price":"a partir de US$ 0\/m\u00eas","pricing_price_caption":"comece com plano gratuito","pricing_benefits":[{"text":"Sites ilimitados"},{"text":"Suporte gratuito ao cliente e bem documentado"},{"text":"Suporte gratuito ao cliente e bem documentado"},{"text":"100% personaliz\u00e1vel"}],"pricing_button_text":"Adicionar ao site","pricing_button_url":"#demo","_state":"expanded"}],"related_apps_title":"","related_apps_hidden":"1","author":"","image":[],"title":"","job":"","social_networks":[]},"_links":{"self":[{"href":"https:\/\/elfsight.com\/pt\/wp-json\/wp\/v2\/pages\/4331","targetHints":{"allow":["GET"]}}],"collection":[{"href":"https:\/\/elfsight.com\/pt\/wp-json\/wp\/v2\/pages"}],"about":[{"href":"https:\/\/elfsight.com\/pt\/wp-json\/wp\/v2\/types\/page"}],"author":[{"embeddable":true,"href":"https:\/\/elfsight.com\/pt\/wp-json\/wp\/v2\/users\/9"}],"replies":[{"embeddable":true,"href":"https:\/\/elfsight.com\/pt\/wp-json\/wp\/v2\/comments?post=4331"}],"version-history":[{"count":3,"href":"https:\/\/elfsight.com\/pt\/wp-json\/wp\/v2\/pages\/4331\/revisions"}],"predecessor-version":[{"id":14447,"href":"https:\/\/elfsight.com\/pt\/wp-json\/wp\/v2\/pages\/4331\/revisions\/14447"}],"up":[{"embeddable":true,"href":"https:\/\/elfsight.com\/pt\/wp-json\/wp\/v2\/pages\/983"}],"wp:attachment":[{"href":"https:\/\/elfsight.com\/pt\/wp-json\/wp\/v2\/media?parent=4331"}],"curies":[{"name":"wp","href":"https:\/\/api.w.org\/{rel}","templated":true}]}}