{"id":4330,"date":"2024-05-03T06:39:49","date_gmt":"2024-05-03T06:39:49","guid":{"rendered":"https:\/\/elfsight.com\/pt\/?page_id=4330"},"modified":"2025-01-21T10:22:24","modified_gmt":"2025-01-21T10:22:24","slug":"jquery","status":"publish","type":"page","link":"https:\/\/elfsight.com\/pt\/instagram-feed-instashow\/jquery\/","title":{"rendered":"Instagram Feed &#8211; jQuery"},"content":{"rendered":"\n<div class=\"application-platform-content-item-description application-platform-content-item\" id=\"description\" data-nav-section=\"description\"> <h2>Incorpore o Instagram em jQuery com o plugin Elfsight<\/h2> <p>InstaShow \u00e9 um plugin poderoso para Instagram, que permite criar portf\u00f3lios maravilhosos a partir de Imagens e v\u00eddeos do Instagram. Uma grande quantidade de variantes de personaliza\u00e7\u00e3o do seu perfil: todos os tipos de fontes, filtros de feed, mais de 70 recursos personaliz\u00e1veis \u200b\u200be 10 esquemas de design, e adjetivo 100% para todos os dispositivos.<\/p><p><b>Use um Plug-in totalmente responsivo e \u00fatil, para envolver rapidamente os leitores do seu site.<\/b><\/p><ul><li><b>Aumente o n\u00edvel do \u00edndice de transa\u00e7\u00f5es<\/b><br>Mostre seus produtos ou servi\u00e7os atrav\u00e9s de fotos do Instagram usando hashtags, locais, p\u00e1gina ou por uma URL espec\u00edfica, para dobrar a receita do seu site.<\/li><li><b>Mais assinantes no Instagram<\/b><br>Crie bot\u00f5es especiais com uma chamada para fazer assinatura e aumentar o n\u00famero de f\u00e3s do seu perfil do Instagram.<\/li><li><b>Melhor engajamento dos leitores<\/b><br>Atraia visitantes e desperte o m\u00e1ximo de impress\u00f5es dos usu\u00e1rios, usando fotos do Instagram, para ter forte envolvimento.<\/li><\/ul><div class=\"faq\" data-component=\"FAQ\"><div class=\"faq-item\">\r\n\t\t\t\t\t<div class=\"faq-item-question\">\r\n\t\t\t\t\t\t<h3 class=\"faq-item-question-text\">Posso testar o widget Instagram Feed em a\u00e7\u00e3o?<\/h3>\r\n\r\n\t\t\t\t\t\t<div class=\"faq-item-question-icon\"><\/div>\r\n\t\t\t\t\t<\/div>\r\n\r\n\t\t\t\t\t<div class=\"faq-item-answer\">\r\n\t\t\t\t\t\t<div class=\"faq-item-answer-text\"> <p>Sim, voc\u00ea pode experimentar facilmente todas as vantagens fant\u00e1sticas do widget em um <a href=\"#demo\">demonstra\u00e7\u00e3o<\/a> on-line gratuita. \u00c9 visual e n\u00e3o requer nenhuma habilidade de programa\u00e7\u00e3o. Al\u00e9m disso, n\u00e3o \u00e9 necess\u00e1rio registar-se no nosso servi\u00e7o.<\/p><\/div>\r\n\t\t\t\t\t<\/div>\r\n\t\t\t\t<\/div><div class=\"faq-item\">\r\n\t\t\t\t\t<div class=\"faq-item-question\">\r\n\t\t\t\t\t\t<h3 class=\"faq-item-question-text\">Como incorporar o Elfsight Instagram Feed gratuitamente no jQuery?<\/h3>\r\n\r\n\t\t\t\t\t\t<div class=\"faq-item-question-icon\"><\/div>\r\n\t\t\t\t\t<\/div>\r\n\r\n\t\t\t\t\t<div class=\"faq-item-answer\">\r\n\t\t\t\t\t\t<div class=\"faq-item-answer-text\"><ol><p>Implementar um feed do Instagram no seu projeto jQuery \u00e9 uma excelente t\u00e9cnica para exibir suas postagens mais recentes e aumentar o envolvimento do usu\u00e1rio.<\/p><ol><li>Para incorporar um feed do Instagram da Elfsight gratuitamente com jQuery, acesse o site da Elfsight e assine inscreva-se para uma conta sem custo.<\/li><li>Aproveite ao m\u00e1ximo o widget gratuito do Instagram personalizando sua apar\u00eancia e configura\u00e7\u00f5es para atender aos requisitos de design do seu projeto jQuery.<\/li><li>Depois de otimizar seu feed do Instagram para gratuitamente, copie o c\u00f3digo de incorpora\u00e7\u00e3o exclusivo e cole-o em seu c\u00f3digo jQuery onde deseja que o feed seja apresentado.<\/li><\/ol><p>Ao incorporar seu feed do Instagram em seu projeto jQuery, voc\u00ea enriquecer\u00e1 seu visual apelar e manter o envolvimento ativo do usu\u00e1rio. Descubra as vantagens do widget Instagram da Elfsight sem qualquer compromisso financeiro!<\/p><\/ol><\/div>\r\n\t\t\t\t\t<\/div>\r\n\t\t\t\t<\/div><\/div><\/div><div class=\"application-platform-content-item-features application-platform-content-item\" id=\"features\" data-nav-section=\"features\"> <h2>Principais funcionalidades do Instagram Feed widget<\/h2> <p>As caracter\u00edsticas b\u00e1sicas do nosso plugin, que o convertem no melhor instrumento jQuery para inser\u00e7\u00e3o do Instagram:<\/p> <ul><li>60+ par\u00e2metros ajust\u00e1veis;<\/li><li> Combina\u00e7\u00f5es ilimitadas de fontes do Instagram<\/li><li>10 esquemas de cores;<\/li><li>Design pronto para Retina.<\/li><\/ul><p><a href=\"#demo\">Mais op\u00e7\u00f5es em nossa demonstra\u00e7\u00e3o<\/a><\/p>\n<p>O plugin jQuery <a href=\"https:\/\/elfsight.com\/blog\/how-to-embed-instagram-feed-on-website\/\">do site do Instagram<\/a> pode ajud\u00e1-lo a atingir os objetivos mais ambiciosos. Por exemplo, voc\u00ea pode <strong>aumentar o tempo que as pessoas passam<\/strong> no seu site, porque elas parar\u00e3o ansiosamente no widget do Instagram, rolando e clicando nos controles. Al\u00e9m disso, voc\u00ea pode <strong>expandir a base de seguidores<\/strong> com um CTA.<\/p> <\/div><div class=\"application-platform-content-item-installation application-platform-content-item\" id=\"installation\" data-nav-section=\"installation\"> <h2>Como posso adicionar o Instagram Feed ao meu site jQuery? <\/h2><p>Basta seguir as orienta\u00e7\u00f5es abaixo para ativar o plugin.<\/p><ol><li><b>Utilize nosso configurador gratuito e comece a criar seu pr\u00f3prio plugin.<\/b><br> Determine o design personalizado e as especifica\u00e7\u00f5es do widget e salve as modifica\u00e7\u00f5es.<\/li> <li><b>Receba o c\u00f3digo exclusivo que aparece na caixa dos aplicativos Elfsight. <\/b><br> Quando o estabelecimento do seu widget pessoal for conclu\u00eddo, copie o c\u00f3digo exclusivo da janela exibida e salve-o para uso futuro.<\/li> <li><b>Entre usando o plugin no seu jQuery p\u00e1gina.<\/b><br>Incorpore o c\u00f3digo salvo recentemente em sua p\u00e1gina e salve as modifica\u00e7\u00f5es.<\/li> <li><b>A configura\u00e7\u00e3o foi realizada com sucesso.<\/b><br> V\u00e1 para sua p\u00e1gina da web para observe como o plugin funciona.<\/li><\/ol> <p>Se voc\u00ea encontrar algum obst\u00e1culo, entre em contato com nossa equipe de atendimento ao cliente. Nosso pessoal est\u00e1 ansioso para ajud\u00e1-lo com todos os problemas que voc\u00ea possa ter com o plugin.<\/p><\/div>\n","protected":false},"excerpt":{"rendered":"","protected":false},"author":9,"featured_media":0,"parent":481,"menu_order":0,"comment_status":"closed","ping_status":"closed","template":"templates\/template-application-platform.php","meta":{"publish_to_discourse":"","publish_post_category":"","wpdc_auto_publish_overridden":"","wpdc_topic_tags":"","wpdc_pin_topic":"","wpdc_pin_until":"","discourse_post_id":"","discourse_permalink":"","wpdc_publishing_response":"","wpdc_publishing_error":"","footnotes":""},"class_list":["post-4330","page","type-page","status-publish","hentry"],"yoast_head":"<!-- This site is optimized with the Yoast SEO plugin v25.3.1 - https:\/\/yoast.com\/wordpress\/plugins\/seo\/ -->\n<title>Incorpore o feed do Instagram com jquery - adicione o Instagram a um site em 2 minutos!<\/title>\n<meta name=\"description\" content=\"Experimente o melhor site Instagram Feed para jQuery gratuitamente! Construa seu plugin InstaShow Instagram responsivo na Elfsight em apenas 1 minuto.\" \/>\n<meta name=\"robots\" content=\"index, follow, max-snippet:-1, max-image-preview:large, max-video-preview:-1\" \/>\n<link rel=\"canonical\" href=\"https:\/\/elfsight.com\/pt\/instagram-feed-instashow\/jquery\/\" \/>\n<meta property=\"og:locale\" content=\"pt_PT\" \/>\n<meta property=\"og:type\" content=\"article\" \/>\n<meta property=\"og:title\" content=\"Incorpore o feed do Instagram com jquery - adicione o Instagram a um site em 2 minutos!\" \/>\n<meta property=\"og:description\" content=\"Experimente o melhor site Instagram Feed para jQuery gratuitamente! Construa seu plugin InstaShow Instagram responsivo na Elfsight em apenas 1 minuto.\" \/>\n<meta property=\"og:url\" content=\"https:\/\/elfsight.com\/pt\/instagram-feed-instashow\/jquery\/\" \/>\n<meta property=\"og:site_name\" content=\"Elfsight PT\" \/>\n<meta property=\"article:modified_time\" content=\"2025-01-21T10:22:24+00:00\" \/>\n<meta name=\"twitter:card\" content=\"summary_large_image\" \/>\n<meta name=\"twitter:label1\" content=\"Tempo estimado de leitura\" \/>\n\t<meta name=\"twitter:data1\" content=\"4 minutos\" \/>\n<!-- \/ Yoast SEO plugin. -->","yoast_head_json":{"title":"Incorpore o feed do Instagram com jquery - adicione o Instagram a um site em 2 minutos!","description":"Experimente o melhor site Instagram Feed para jQuery gratuitamente! Construa seu plugin InstaShow Instagram responsivo na Elfsight em apenas 1 minuto.","robots":{"index":"index","follow":"follow","max-snippet":"max-snippet:-1","max-image-preview":"max-image-preview:large","max-video-preview":"max-video-preview:-1"},"canonical":"https:\/\/elfsight.com\/pt\/instagram-feed-instashow\/jquery\/","og_locale":"pt_PT","og_type":"article","og_title":"Incorpore o feed do Instagram com jquery - adicione o Instagram a um site em 2 minutos!","og_description":"Experimente o melhor site Instagram Feed para jQuery gratuitamente! Construa seu plugin InstaShow Instagram responsivo na Elfsight em apenas 1 minuto.","og_url":"https:\/\/elfsight.com\/pt\/instagram-feed-instashow\/jquery\/","og_site_name":"Elfsight PT","article_modified_time":"2025-01-21T10:22:24+00:00","twitter_card":"summary_large_image","twitter_misc":{"Tempo estimado de leitura":"4 minutos"},"schema":{"@context":"https:\/\/schema.org","@graph":[{"@type":"WebPage","@id":"https:\/\/elfsight.com\/pt\/instagram-feed-instashow\/jquery\/","url":"https:\/\/elfsight.com\/pt\/instagram-feed-instashow\/jquery\/","name":"Incorpore o feed do Instagram com jquery - adicione o Instagram a um site em 2 minutos!","isPartOf":{"@id":"https:\/\/elfsight.com\/pt\/#website"},"datePublished":"2024-05-03T06:39:49+00:00","dateModified":"2025-01-21T10:22:24+00:00","description":"Experimente o melhor site Instagram Feed para jQuery gratuitamente! Construa seu plugin InstaShow Instagram responsivo na Elfsight em apenas 1 minuto.","breadcrumb":{"@id":"https:\/\/elfsight.com\/pt\/instagram-feed-instashow\/jquery\/#breadcrumb"},"inLanguage":"pt-PT","potentialAction":[{"@type":"ReadAction","target":["https:\/\/elfsight.com\/pt\/instagram-feed-instashow\/jquery\/"]}]},{"@type":"BreadcrumbList","@id":"https:\/\/elfsight.com\/pt\/instagram-feed-instashow\/jquery\/#breadcrumb","itemListElement":[{"@type":"ListItem","position":1,"name":"Home","item":"https:\/\/elfsight.com\/pt\/"},{"@type":"ListItem","position":2,"name":"Instagram Feed","item":"https:\/\/elfsight.com\/pt\/instagram-feed-instashow\/"},{"@type":"ListItem","position":3,"name":"Instagram Feed &#8211; jQuery"}]},{"@type":"WebSite","@id":"https:\/\/elfsight.com\/pt\/#website","url":"https:\/\/elfsight.com\/pt\/","name":"Elfsight PT","description":"Just another Elfsight Sites site","potentialAction":[{"@type":"SearchAction","target":{"@type":"EntryPoint","urlTemplate":"https:\/\/elfsight.com\/pt\/?s={search_term_string}"},"query-input":{"@type":"PropertyValueSpecification","valueRequired":true,"valueName":"search_term_string"}}],"inLanguage":"pt-PT"}]}},"meta_box":{"industry":"","seo_heading":"","heading":"","description":"","cta_heading":"","cta_description":"","application":"480","h1":"Plug-in jQuery para feed do Instagram","h1_caption":"Demonstre postagens, imagens e conte\u00fado de v\u00eddeo do Instagram para envolver os visitantes do site","application_category":[],"applications_title":"","applications_request_title":"","applications_request_button_text":"","hero_text":"","hero_video":"","hero_video_schema_markup":"","selling_points_title":"","selling_points_caption":"","selling_points":[],"selling_points_cta_text":"","features_title":"","features":"","ed_cta_examples_text":"","ed_cta_examples_hidden":"","ed_cta_demo_text":"","ed_cta_demo_hidden":"","why_caption":"","why_editor_title":"","why_editor_text":"","why_team_title":"","why_team_text":"","why_service_title":"","why_service_text":"","template_catalog_visible":"0","template_catalog_title":"","template_catalog_text":"","template_catalog_categories_visible":"","demo_title":"Crie seu plugin de feed do Instagram","demo_caption":"Configure seu feed do Instagram e adicione-o ao seu site jQuery gratuitamente!","default_faq_hidden":"","app_template_category":[],"platform":"55","template_public_id":"","codecanyon_url":"","codecanyon_item_id":"","codecanyon_price":"","pricing_caption":"","pricing_elfsight_apps_hide_column":"","pricing_elfsight_apps_url":"","pricing_codecanyon_price_caption":"","integration_category":[],"integration_request_title":"","integration_request_cta":"","integration_platform":"","integrations":[],"platform_category":[],"video_schema_markup":"","price":"a partir de US$ 0\/m\u00eas","trial":"","benefits":[{"text":"Servi\u00e7o de instala\u00e7\u00e3o gratuito"},{"text":"Atendimento ao cliente eficaz"},{"text":"Garantia de reembolso de 14 dias"},{"text":"Atualiza\u00e7\u00f5es cont\u00ednuas"}],"button_url":"#demo","button_target_blank":"0","button_nofollow":"0","attributes":[{"name":"Instala\u00e7\u00f5es","content":"100,000 - 500,000","_state":"expanded"},{"name":"Responsivo","content":"Sim","_state":"expanded"},{"name":"Navegadores compat\u00edveis","content":"Firefox, Safari, Opera, Chrome, Edge"}],"tags":[],"tags_disable_links":"0","hide_more_platforms":"","video_object":"","demo_hide_cta":"0","demo_hide_cloud_options":"0","pricing_title":"","pricing":[{"pricing_icon":"platform","pricing_title":"Elfsight Apps","pricing_title_caption":"Software independente de plataforma","pricing_price":"a partir de US$ 0\/m\u00eas","pricing_price_caption":"comece com um plano gratuito","pricing_benefits":[{"text":"Sites ilimitados"},{"text":"Suporte \u00e0 empresa 24 horas por dia, 7 dias por semana"},{"text":"Suporte \u00e0 empresa 24 horas por dia, 7 dias por semana"},{"text":"Totalmente personaliz\u00e1vel"}],"pricing_button_text":"Adicionar ao site","pricing_button_url":"#demo","_state":"expanded"}],"related_apps_title":"","related_apps_hidden":"1","author":"","image":[],"title":"","job":"","social_networks":[]},"_links":{"self":[{"href":"https:\/\/elfsight.com\/pt\/wp-json\/wp\/v2\/pages\/4330","targetHints":{"allow":["GET"]}}],"collection":[{"href":"https:\/\/elfsight.com\/pt\/wp-json\/wp\/v2\/pages"}],"about":[{"href":"https:\/\/elfsight.com\/pt\/wp-json\/wp\/v2\/types\/page"}],"author":[{"embeddable":true,"href":"https:\/\/elfsight.com\/pt\/wp-json\/wp\/v2\/users\/9"}],"replies":[{"embeddable":true,"href":"https:\/\/elfsight.com\/pt\/wp-json\/wp\/v2\/comments?post=4330"}],"version-history":[{"count":3,"href":"https:\/\/elfsight.com\/pt\/wp-json\/wp\/v2\/pages\/4330\/revisions"}],"predecessor-version":[{"id":13623,"href":"https:\/\/elfsight.com\/pt\/wp-json\/wp\/v2\/pages\/4330\/revisions\/13623"}],"up":[{"embeddable":true,"href":"https:\/\/elfsight.com\/pt\/wp-json\/wp\/v2\/pages\/481"}],"wp:attachment":[{"href":"https:\/\/elfsight.com\/pt\/wp-json\/wp\/v2\/media?parent=4330"}],"curies":[{"name":"wp","href":"https:\/\/api.w.org\/{rel}","templated":true}]}}