{"id":4327,"date":"2024-05-03T06:41:13","date_gmt":"2024-05-03T06:41:13","guid":{"rendered":"https:\/\/elfsight.com\/pt\/?page_id=4327"},"modified":"2024-11-13T11:26:53","modified_gmt":"2024-11-13T11:26:53","slug":"woocommerce","status":"publish","type":"page","link":"https:\/\/elfsight.com\/pt\/number-counter-widget\/woocommerce\/","title":{"rendered":"Number Counter &#8211; WooCommerce"},"content":{"rendered":"<div class=\"application-platform-content-item-description application-platform-content-item\" id=\"description\" data-nav-section=\"description\"> <h2>Descri\u00e7\u00e3o<\/h2> <p>O Number Counter \u00e9 um plugin f\u00e1cil de usar para WooCommerce com uma ampla gama de recursos. \u00c9 bom para se gabar dos seus espl\u00eandidos resultados comerciais, da quantidade de trabalhos que voc\u00ea realizou at\u00e9 agora e muito mais. O plugin \u00e9 extremamente flex\u00edvel. Voc\u00ea \u00e9 livre para construir qualquer n\u00famero de contadores, organiz\u00e1-los em colunas, escolher \u00edcones de nossa biblioteca ou fazer upload de seus personalizados, torn\u00e1-los coloridos ou de cor s\u00f3lida, anexar t\u00edtulos para esclarecer os n\u00fameros que voc\u00ea est\u00e1 demonstrando, repintar qualquer elemento, escolher a imagem de fundo, e isso n\u00e3o \u00e9 nem a metade. Comece a construir seu recurso agora e observe as principais estat\u00edsticas de seu neg\u00f3cio crescerem rapidamente! <\/p> <p><b>Mostre suas conquistas impressionantes para seus futuros clientes. Aumente a quantidade de neg\u00f3cios e leads bem-sucedidos! <\/b><\/p> <\/div> <div class=\"application-platform-content-item-features application-platform-content-item\" id=\"features\" data-nav-section=\"features\"> <h2>Conhe\u00e7a a lista dos recursos mais \u00fateis: <\/h2> <ul><li>Um n\u00famero ilimitado de contadores. <\/li><li>Qualquer n\u00famero de colunas. <\/li><li>Adicione t\u00edtulos, cabe\u00e7alhos, prefixos e p\u00f3s-fixos. <\/li><li>Decida a categoria do \u00edcone &#8211; pegue-o da nossa biblioteca ou carregue o seu personalizado. <\/li><li>Adicionar links. <\/li><\/ul><p><a href=\"#demo\">Experimente esta demonstra\u00e7\u00e3o para ver como funciona<\/a><\/p> <\/div> <div class=\"application-platform-content-item-installation application-platform-content-item\" id=\"installation\" data-nav-section=\"installation\"> <h2>Como incorporar o Number Counter em meu site WooCommerce? <\/h2> <p>Basta seguir as orienta\u00e7\u00f5es abaixo para incorporar o plugin. <\/p> <ol><li><b>Utilize nossa demonstra\u00e7\u00e3o gratuita e comece a criar seu instrumento exclusivo. <\/b><br> Determine a apar\u00eancia personalizada e as especifica\u00e7\u00f5es da ferramenta e salve as corre\u00e7\u00f5es. <\/li> <li><b>Adquira o c\u00f3digo pessoal que aparece no formul\u00e1rio especial nas Apps da Elfsight. <\/b><br> Terminado o estabelecimento do seu plugin, copie o c\u00f3digo exclusivo no pop-up que surgiu e guarde-o para futuras necessidades. <\/li> <li><b>Comece a usar a ferramenta na sua p\u00e1gina WooCommerce. <\/b><br> Integre o c\u00f3digo que voc\u00ea salvou recentemente em sua p\u00e1gina web e salve as modifica\u00e7\u00f5es. <\/li> <li><b>A instala\u00e7\u00e3o foi finalizada com sucesso. <\/b><br> Acesse sua p\u00e1gina da web para observar como o widget funciona. <\/li><\/ol> <p>Na condi\u00e7\u00e3o de enfrentar d\u00favidas ou se deparar com alguma complica\u00e7\u00e3o, n\u00e3o hesite em procurar a assist\u00eancia de nossa equipe de suporte. Nossos consultores ter\u00e3o prazer em ajud\u00e1-lo com todas as dificuldades que voc\u00ea possa ter com o plugin. <\/p> <div class=\"faq\" data-component=\"FAQ\"><div class=\"faq-item\">\r\n\t\t\t\t\t<div class=\"faq-item-question\">\r\n\t\t\t\t\t\t<h3 class=\"faq-item-question-text\">Existe uma maneira de adicionar o contador de n\u00fameros ao meu site WooCommerce sem nenhum conhecimento de codifica\u00e7\u00e3o?<\/h3>\r\n\r\n\t\t\t\t\t\t<div class=\"faq-item-question-icon\"><\/div>\r\n\t\t\t\t\t<\/div>\r\n\r\n\t\t\t\t\t<div class=\"faq-item-answer\">\r\n\t\t\t\t\t\t<div class=\"faq-item-answer-text\"> <p>A empresa Elfsight oferece uma solu\u00e7\u00e3o que permite que um p\u00fablico amplo crie voc\u00ea mesmo um widget de contador de n\u00fameros , descubra as instru\u00e7\u00f5es f\u00e1ceis: V\u00e1 para a demonstra\u00e7\u00e3o ao vivo para gerar um plugin de contador de n\u00fameros que voc\u00ea gostaria de ver em seu site WooCommerce. Selecione um de nossos modelos predefinidos e altere as configura\u00e7\u00f5es do contador num\u00e9rico, atualize seu conte\u00fado, mude o layout e a cor dos elementos sem qualquer experi\u00eancia de codifica\u00e7\u00e3o. Clique para salvar o contador num\u00e9rico e obter o c\u00f3digo de instala\u00e7\u00e3o do widget, que voc\u00ea pode incorporar facilmente na sua p\u00e1gina inicial do WooCommerce gratuitamente. Trabalhando em nosso editor amig\u00e1vel, qualquer usu\u00e1rio da Internet pode estabelecer a se\u00e7\u00e3o Contador de n\u00fameros e adicion\u00e1-la facilmente \u00e0 p\u00e1gina inicial do WooCommerce. N\u00e3o \u00e9 necess\u00e1rio pagar ou inserir os dados do seu cart\u00e3o para acessar o Editor. Se voc\u00ea enfrentar qualquer problema em qualquer etapa, sinta-se \u00e0 vontade para entrar em contato com nossa equipe de suporte.<\/p> <\/div>\r\n\t\t\t\t\t<\/div>\r\n\t\t\t\t<\/div> <\/div><\/div>","protected":false},"excerpt":{"rendered":"","protected":false},"author":9,"featured_media":0,"parent":1061,"menu_order":0,"comment_status":"closed","ping_status":"closed","template":"templates\/template-application-platform.php","meta":{"publish_to_discourse":"","publish_post_category":"","wpdc_auto_publish_overridden":"","wpdc_topic_tags":"","wpdc_pin_topic":"","wpdc_pin_until":"","discourse_post_id":"","discourse_permalink":"","wpdc_publishing_response":"","wpdc_publishing_error":"","footnotes":""},"class_list":["post-4327","page","type-page","status-publish","hentry"],"yoast_head":"<!-- This site is optimized with the Yoast SEO plugin v25.3.1 - https:\/\/yoast.com\/wordpress\/plugins\/seo\/ -->\n<title>Contador de n\u00fameros \u2013 Adicionar plugin de contador ao WooCommerce (gratuito e r\u00e1pido)<\/title>\n<meta name=\"description\" content=\"Adicione um contador num\u00e9rico \u00e0 sua p\u00e1gina WooCommerce, usando nossa demonstra\u00e7\u00e3o ativa. Crie seu plugin personalizado com apenas alguns cliques!\" \/>\n<meta name=\"robots\" content=\"index, follow, max-snippet:-1, max-image-preview:large, max-video-preview:-1\" \/>\n<link rel=\"canonical\" href=\"https:\/\/elfsight.com\/pt\/number-counter-widget\/woocommerce\/\" \/>\n<meta property=\"og:locale\" content=\"pt_PT\" \/>\n<meta property=\"og:type\" content=\"article\" \/>\n<meta property=\"og:title\" content=\"Contador de n\u00fameros \u2013 Adicionar plugin de contador ao WooCommerce (gratuito e r\u00e1pido)\" \/>\n<meta property=\"og:description\" content=\"Adicione um contador num\u00e9rico \u00e0 sua p\u00e1gina WooCommerce, usando nossa demonstra\u00e7\u00e3o ativa. Crie seu plugin personalizado com apenas alguns cliques!\" \/>\n<meta property=\"og:url\" content=\"https:\/\/elfsight.com\/pt\/number-counter-widget\/woocommerce\/\" \/>\n<meta property=\"og:site_name\" content=\"Elfsight PT\" \/>\n<meta property=\"article:modified_time\" content=\"2024-11-13T11:26:53+00:00\" \/>\n<meta name=\"twitter:card\" content=\"summary_large_image\" \/>\n<meta name=\"twitter:label1\" content=\"Tempo estimado de leitura\" \/>\n\t<meta name=\"twitter:data1\" content=\"2 minutos\" \/>\n<!-- \/ Yoast SEO plugin. -->","yoast_head_json":{"title":"Contador de n\u00fameros \u2013 Adicionar plugin de contador ao WooCommerce (gratuito e r\u00e1pido)","description":"Adicione um contador num\u00e9rico \u00e0 sua p\u00e1gina WooCommerce, usando nossa demonstra\u00e7\u00e3o ativa. Crie seu plugin personalizado com apenas alguns cliques!","robots":{"index":"index","follow":"follow","max-snippet":"max-snippet:-1","max-image-preview":"max-image-preview:large","max-video-preview":"max-video-preview:-1"},"canonical":"https:\/\/elfsight.com\/pt\/number-counter-widget\/woocommerce\/","og_locale":"pt_PT","og_type":"article","og_title":"Contador de n\u00fameros \u2013 Adicionar plugin de contador ao WooCommerce (gratuito e r\u00e1pido)","og_description":"Adicione um contador num\u00e9rico \u00e0 sua p\u00e1gina WooCommerce, usando nossa demonstra\u00e7\u00e3o ativa. Crie seu plugin personalizado com apenas alguns cliques!","og_url":"https:\/\/elfsight.com\/pt\/number-counter-widget\/woocommerce\/","og_site_name":"Elfsight PT","article_modified_time":"2024-11-13T11:26:53+00:00","twitter_card":"summary_large_image","twitter_misc":{"Tempo estimado de leitura":"2 minutos"},"schema":{"@context":"https:\/\/schema.org","@graph":[{"@type":"WebPage","@id":"https:\/\/elfsight.com\/pt\/number-counter-widget\/woocommerce\/","url":"https:\/\/elfsight.com\/pt\/number-counter-widget\/woocommerce\/","name":"Contador de n\u00fameros \u2013 Adicionar plugin de contador ao WooCommerce (gratuito e r\u00e1pido)","isPartOf":{"@id":"https:\/\/elfsight.com\/pt\/#website"},"datePublished":"2024-05-03T06:41:13+00:00","dateModified":"2024-11-13T11:26:53+00:00","description":"Adicione um contador num\u00e9rico \u00e0 sua p\u00e1gina WooCommerce, usando nossa demonstra\u00e7\u00e3o ativa. Crie seu plugin personalizado com apenas alguns cliques!","breadcrumb":{"@id":"https:\/\/elfsight.com\/pt\/number-counter-widget\/woocommerce\/#breadcrumb"},"inLanguage":"pt-PT","potentialAction":[{"@type":"ReadAction","target":["https:\/\/elfsight.com\/pt\/number-counter-widget\/woocommerce\/"]}]},{"@type":"BreadcrumbList","@id":"https:\/\/elfsight.com\/pt\/number-counter-widget\/woocommerce\/#breadcrumb","itemListElement":[{"@type":"ListItem","position":1,"name":"Home","item":"https:\/\/elfsight.com\/pt\/"},{"@type":"ListItem","position":2,"name":"Number Counter","item":"https:\/\/elfsight.com\/pt\/number-counter-widget\/"},{"@type":"ListItem","position":3,"name":"Number Counter &#8211; WooCommerce"}]},{"@type":"WebSite","@id":"https:\/\/elfsight.com\/pt\/#website","url":"https:\/\/elfsight.com\/pt\/","name":"Elfsight PT","description":"Just another Elfsight Sites site","potentialAction":[{"@type":"SearchAction","target":{"@type":"EntryPoint","urlTemplate":"https:\/\/elfsight.com\/pt\/?s={search_term_string}"},"query-input":{"@type":"PropertyValueSpecification","valueRequired":true,"valueName":"search_term_string"}}],"inLanguage":"pt-PT"}]}},"meta_box":{"industry":"","seo_heading":"","heading":"","description":"","cta_heading":"","cta_description":"","application":"1060","h1":"Plug-in de contador de n\u00fameros WooCommerce","h1_caption":"Revele suas realiza\u00e7\u00f5es not\u00e1veis \u200b\u200baos visitantes e conquiste clientes mais fi\u00e9is","application_category":[],"applications_title":"","applications_request_title":"","applications_request_button_text":"","hero_text":"","hero_video":"","hero_video_schema_markup":"","selling_points_title":"","selling_points_caption":"","selling_points":[],"selling_points_cta_text":"","features_title":"","features":"","ed_cta_examples_text":"","ed_cta_examples_hidden":"","ed_cta_demo_text":"","ed_cta_demo_hidden":"","why_caption":"","why_editor_title":"","why_editor_text":"","why_team_title":"","why_team_text":"","why_service_title":"","why_service_text":"","template_catalog_visible":"","template_catalog_title":"","template_catalog_text":"","template_catalog_categories_visible":"","demo_title":"Crie seu aplicativo de contador de n\u00fameros","demo_caption":"Configure seu contador num\u00e9rico e adicione-o ao seu site WooCommerce gratuitamente!","default_faq_hidden":"","app_template_category":[],"platform":"4920","template_public_id":"","codecanyon_url":"","codecanyon_item_id":"","codecanyon_price":"","pricing_caption":"","pricing_elfsight_apps_hide_column":"","pricing_elfsight_apps_url":"","pricing_codecanyon_price_caption":"","integration_category":[],"integration_request_title":"","integration_request_cta":"","integration_platform":"","integrations":[],"platform_category":[],"video_schema_markup":"","price":"a partir de US$ 0\/m\u00eas","trial":"","benefits":[{"text":"Servi\u00e7o de instala\u00e7\u00e3o gratuito"},{"text":"Suporte ao cliente experiente"},{"text":"Garantia de devolu\u00e7\u00e3o do dinheiro em 14 dias"},{"text":"Futuras atualiza\u00e7\u00f5es gratuitas"}],"button_url":"#demo","button_target_blank":"0","button_nofollow":"0","attributes":[{"name":"Instala\u00e7\u00f5es","content":"10,000 - 100,000","_state":"expanded"},{"name":"Responsivo","content":"Sim","_state":"expanded"},{"name":"Navegadores compat\u00edveis","content":"Firefox, Safari, Opera, Chrome, Edge"}],"tags":[],"tags_disable_links":"0","hide_more_platforms":"","video_object":"","demo_hide_cta":"0","demo_hide_cloud_options":"0","pricing_title":"","pricing":[{"pricing_icon":"platform","pricing_title":"Elfsight Apps","pricing_title_caption":"Software multiplataforma adequado para qualquer site","pricing_price":"a partir de US$ 0\/m\u00eas","pricing_price_caption":"comece com um plano gratuito","pricing_benefits":[{"text":"Dom\u00ednios ilimitados"},{"text":"Suporte r\u00e1pido e pontual e bem documentado"},{"text":"Suporte r\u00e1pido e pontual e bem documentado"},{"text":"Design flex\u00edvel"}],"pricing_button_text":"Adicionar ao site","pricing_button_url":"#demo","_state":"expanded"}],"related_apps_title":"","related_apps_hidden":"1","author":"","image":[],"title":"","job":"","social_networks":[]},"_links":{"self":[{"href":"https:\/\/elfsight.com\/pt\/wp-json\/wp\/v2\/pages\/4327","targetHints":{"allow":["GET"]}}],"collection":[{"href":"https:\/\/elfsight.com\/pt\/wp-json\/wp\/v2\/pages"}],"about":[{"href":"https:\/\/elfsight.com\/pt\/wp-json\/wp\/v2\/types\/page"}],"author":[{"embeddable":true,"href":"https:\/\/elfsight.com\/pt\/wp-json\/wp\/v2\/users\/9"}],"replies":[{"embeddable":true,"href":"https:\/\/elfsight.com\/pt\/wp-json\/wp\/v2\/comments?post=4327"}],"version-history":[{"count":2,"href":"https:\/\/elfsight.com\/pt\/wp-json\/wp\/v2\/pages\/4327\/revisions"}],"predecessor-version":[{"id":11993,"href":"https:\/\/elfsight.com\/pt\/wp-json\/wp\/v2\/pages\/4327\/revisions\/11993"}],"up":[{"embeddable":true,"href":"https:\/\/elfsight.com\/pt\/wp-json\/wp\/v2\/pages\/1061"}],"wp:attachment":[{"href":"https:\/\/elfsight.com\/pt\/wp-json\/wp\/v2\/media?parent=4327"}],"curies":[{"name":"wp","href":"https:\/\/api.w.org\/{rel}","templated":true}]}}