{"id":4326,"date":"2024-05-03T06:39:09","date_gmt":"2024-05-03T06:39:09","guid":{"rendered":"https:\/\/elfsight.com\/pt\/?page_id=4326"},"modified":"2025-01-21T09:29:00","modified_gmt":"2025-01-21T09:29:00","slug":"webflow","status":"publish","type":"page","link":"https:\/\/elfsight.com\/pt\/google-reviews-widget\/webflow\/","title":{"rendered":"Google Reviews &#8211; Webflow"},"content":{"rendered":"\n<div class=\"application-platform-content-item-description application-platform-content-item\" id=\"description\" data-nav-section=\"description\"> <h2>Incorpore avalia\u00e7\u00f5es do Google com a ajuda do widget Elfsight<\/h2> <p>Se voc\u00ea precisa demonstrar sua aprecia\u00e7\u00e3o entre os usu\u00e1rios e convencer os visitantes do site que as suas ofertas t\u00eam uma boa rela\u00e7\u00e3o qualidade\/pre\u00e7o, o Elfsight Google Reviews \u00e9 ideal para si. Usando nosso widget, voc\u00ea pode colocar avalia\u00e7\u00f5es de clientes do Google em seu site com detalhes sobre seus autores, classific\u00e1-las para mostrar apenas avalia\u00e7\u00f5es positivas e um bot\u00e3o de redirecionamento que levar\u00e1 as pessoas \u00e0 sua p\u00e1gina do Google, onde poder\u00e3o postar uma nova avalia\u00e7\u00e3o.<\/p><div class=\"faq\" data-component=\"FAQ\"> <div class=\"faq-item\">\r\n\t\t\t\t\t<div class=\"faq-item-question\">\r\n\t\t\t\t\t\t<h3 class=\"faq-item-question-text\">Onde no meu site posso instalar o Webflow Google Reviews?<\/h3>\r\n\r\n\t\t\t\t\t\t<div class=\"faq-item-question-icon\"><\/div>\r\n\t\t\t\t\t<\/div>\r\n\r\n\t\t\t\t\t<div class=\"faq-item-answer\">\r\n\t\t\t\t\t\t<div class=\"faq-item-answer-text\"> <p>Nosso widget pode ser adicionado a qualquer p\u00e1gina, onde voc\u00ea gostaria de provar sua alta aprecia\u00e7\u00e3o e popularidade entre os clientes. Se quiser mostrar o widget em todas as p\u00e1ginas do seu site, voc\u00ea pode facilmente introduzi-lo no modelo do site. <\/p><\/div>\r\n\t\t\t\t\t<\/div>\r\n\t\t\t\t<\/div> <div class=\"faq-item\">\r\n\t\t\t\t\t<div class=\"faq-item-question\">\r\n\t\t\t\t\t\t<h3 class=\"faq-item-question-text\">Como vou me beneficiar dos coment\u00e1rios em uma p\u00e1gina da web? <\/h3>\r\n\r\n\t\t\t\t\t\t<div class=\"faq-item-question-icon\"><\/div>\r\n\t\t\t\t\t<\/div>\r\n\r\n\t\t\t\t\t<div class=\"faq-item-answer\">\r\n\t\t\t\t\t\t<div class=\"faq-item-answer-text\"> <p>Os coment\u00e1rios deixados por pessoas reais parecem confi\u00e1veis \u200b\u200bpara os clientes do seu site e indicam a eles que sua empresa \u00e9 confi\u00e1vel. Avalia\u00e7\u00f5es altas e boas cr\u00edticas podem ajudar a aumentar as compras em seu site. Al\u00e9m disso, o bot\u00e3o ativo pode contribuir para aumentar a quantidade de avalia\u00e7\u00f5es dos usu\u00e1rios relacionadas \u00e0s suas ofertas ou servi\u00e7os nos locais do Google.<\/p> <\/div>\r\n\t\t\t\t\t<\/div>\r\n\t\t\t\t<\/div> <div class=\"faq-item\">\r\n\t\t\t\t\t<div class=\"faq-item-question\">\r\n\t\t\t\t\t\t<h3 class=\"faq-item-question-text\">Como fa\u00e7o para incorporar o widget Google Reviews ao meu site Webflow? <\/h3>\r\n\r\n\t\t\t\t\t\t<div class=\"faq-item-question-icon\"><\/div>\r\n\t\t\t\t\t<\/div>\r\n\r\n\t\t\t\t\t<div class=\"faq-item-answer\">\r\n\t\t\t\t\t\t<div class=\"faq-item-answer-text\"> <p>Leva dois minutos para fazer isso. A instala\u00e7\u00e3o \u00e9 extremamente r\u00e1pida, gratuita e sem codifica\u00e7\u00e3o. <\/p> <p>Voc\u00ea pode incorporar o widget em seu site diretamente atrav\u00e9s do nosso servi\u00e7o. Para fazer isso, consulte um breve guia de instala\u00e7\u00e3o a seguir nesta p\u00e1gina. <\/p> <\/div>\r\n\t\t\t\t\t<\/div>\r\n\t\t\t\t<\/div> <\/div> <\/div><div class=\"application-platform-content-item-features application-platform-content-item\" id=\"features\" data-nav-section=\"features\"> <h2>Principais recursos do widget Google Avalia\u00e7\u00f5es<\/h2> <p>Para obter uma compreens\u00e3o clara do Google Business Avalia\u00e7\u00f5es, voc\u00ea pode consultar a lista das caracter\u00edsticas principais. Eles tornam este widget incrivelmente eficiente para o seu site: <\/p> <ul> <li>Tr\u00eas filtros prontos para uso: por tipo, exclus\u00e3o por e quantidade de avalia\u00e7\u00f5es para exibi\u00e7\u00e3o; <\/li> <li>Quatro op\u00e7\u00f5es de layouts: Lista, Grade, Alvenaria e Slider; <\/li> <li>Cabe\u00e7alho do widget totalmente flex\u00edvel; <\/li> <li>O bot\u00e3o ativo para postar mais um coment\u00e1rio direciona as pessoas para sua p\u00e1gina do Google; <\/li> <li>Seis elementos flex\u00edveis das resenhas: nome e foto do autor, recomenda\u00e7\u00e3o, data de sa\u00edda, \u00edcone do Google e classifica\u00e7\u00e3o por estrelas; <\/li> <li>Dois cen\u00e1rios poss\u00edveis de solicita\u00e7\u00e3o de revis\u00e3o: revelar uma mensagem de texto ou ocultar o bot\u00e3o.<\/li> <\/ul><p><a href=\"#demo\">Para explorar mais recursos, consulte a demonstra\u00e7\u00e3o <\/a><\/p> <\/div><div class=\"application-platform-content-item-installation application-platform-content-item\" id=\"installation\" data-nav-section=\"installation\"> <h2>Como incorporar o Google Reviews em seu site Webflow<\/h2><p>As seguintes a\u00e7\u00f5es s\u00e3o a \u00fanica coisa que voc\u00ea precisa para configurar o widget em sua p\u00e1gina da web. Isso levar\u00e1 alguns minutos e n\u00e3o envolver\u00e1 codifica\u00e7\u00e3o.<\/p> <ol><li><b>Construa suas avalia\u00e7\u00f5es do Google personalizadas<\/b><br> Usando nosso editor gratuito, obtenha um plug-in com um layout preferido e caracter\u00edsticas funcionais.<\/li><li><b>Copie o c\u00f3digo pessoal para configurar o plugin<\/b><br> Depois de gerar seu widget, voc\u00ea obter\u00e1 o c\u00f3digo individual na notifica\u00e7\u00e3o pop-up nas aplica\u00e7\u00f5es Elfsight. Copie o c\u00f3digo para uso posterior.<\/li> <li><b>Publique o plugin em seu site Webflow<\/b><br> Encontre a \u00e1rea onde voc\u00ea planeja mostrar o widget e cole o c\u00f3digo salvo l\u00e1. Salve as edi\u00e7\u00f5es.<\/li> <li><b>Pronto! As avalia\u00e7\u00f5es agora est\u00e3o ativas no Webflow.<\/b><br> Visite sua p\u00e1gina da web para ver seus depoimentos.<\/li> <\/ol><p>Ainda tem d\u00favidas ou est\u00e1 enfrentando problemas com o Webflow Google Reviews? Basta enviar sua solicita\u00e7\u00e3o ao nosso atendimento ao cliente e eles o ajudar\u00e3o com qualquer d\u00favida. <\/p> <\/div>\n","protected":false},"excerpt":{"rendered":"","protected":false},"author":9,"featured_media":0,"parent":443,"menu_order":0,"comment_status":"closed","ping_status":"closed","template":"templates\/template-application-platform.php","meta":{"publish_to_discourse":"","publish_post_category":"","wpdc_auto_publish_overridden":"","wpdc_topic_tags":"","wpdc_pin_topic":"","wpdc_pin_until":"","discourse_post_id":"","discourse_permalink":"","wpdc_publishing_response":"","wpdc_publishing_error":"","footnotes":""},"class_list":["post-4326","page","type-page","status-publish","hentry"],"yoast_head":"<!-- This site is optimized with the Yoast SEO plugin v25.3.1 - https:\/\/yoast.com\/wordpress\/plugins\/seo\/ -->\n<title>Incorpore coment\u00e1rios do Google no Webflow - adicione coment\u00e1rios a um site em 2 minutos!<\/title>\n<meta name=\"description\" content=\"\u00c9 muito f\u00e1cil construir seu widget Google Reviews e public\u00e1-lo em seu site Webflow. O atendimento ao cliente da Elfsight \u00e9 gratuito e r\u00e1pido.\" \/>\n<meta name=\"robots\" content=\"index, follow, max-snippet:-1, max-image-preview:large, max-video-preview:-1\" \/>\n<link rel=\"canonical\" href=\"https:\/\/elfsight.com\/pt\/google-reviews-widget\/webflow\/\" \/>\n<meta property=\"og:locale\" content=\"pt_PT\" \/>\n<meta property=\"og:type\" content=\"article\" \/>\n<meta property=\"og:title\" content=\"Incorpore coment\u00e1rios do Google no Webflow - adicione coment\u00e1rios a um site em 2 minutos!\" \/>\n<meta property=\"og:description\" content=\"\u00c9 muito f\u00e1cil construir seu widget Google Reviews e public\u00e1-lo em seu site Webflow. O atendimento ao cliente da Elfsight \u00e9 gratuito e r\u00e1pido.\" \/>\n<meta property=\"og:url\" content=\"https:\/\/elfsight.com\/pt\/google-reviews-widget\/webflow\/\" \/>\n<meta property=\"og:site_name\" content=\"Elfsight PT\" \/>\n<meta property=\"article:modified_time\" content=\"2025-01-21T09:29:00+00:00\" \/>\n<meta name=\"twitter:card\" content=\"summary_large_image\" \/>\n<meta name=\"twitter:label1\" content=\"Tempo estimado de leitura\" \/>\n\t<meta name=\"twitter:data1\" content=\"4 minutos\" \/>\n<!-- \/ Yoast SEO plugin. -->","yoast_head_json":{"title":"Incorpore coment\u00e1rios do Google no Webflow - adicione coment\u00e1rios a um site em 2 minutos!","description":"\u00c9 muito f\u00e1cil construir seu widget Google Reviews e public\u00e1-lo em seu site Webflow. O atendimento ao cliente da Elfsight \u00e9 gratuito e r\u00e1pido.","robots":{"index":"index","follow":"follow","max-snippet":"max-snippet:-1","max-image-preview":"max-image-preview:large","max-video-preview":"max-video-preview:-1"},"canonical":"https:\/\/elfsight.com\/pt\/google-reviews-widget\/webflow\/","og_locale":"pt_PT","og_type":"article","og_title":"Incorpore coment\u00e1rios do Google no Webflow - adicione coment\u00e1rios a um site em 2 minutos!","og_description":"\u00c9 muito f\u00e1cil construir seu widget Google Reviews e public\u00e1-lo em seu site Webflow. O atendimento ao cliente da Elfsight \u00e9 gratuito e r\u00e1pido.","og_url":"https:\/\/elfsight.com\/pt\/google-reviews-widget\/webflow\/","og_site_name":"Elfsight PT","article_modified_time":"2025-01-21T09:29:00+00:00","twitter_card":"summary_large_image","twitter_misc":{"Tempo estimado de leitura":"4 minutos"},"schema":{"@context":"https:\/\/schema.org","@graph":[{"@type":"WebPage","@id":"https:\/\/elfsight.com\/pt\/google-reviews-widget\/webflow\/","url":"https:\/\/elfsight.com\/pt\/google-reviews-widget\/webflow\/","name":"Incorpore coment\u00e1rios do Google no Webflow - adicione coment\u00e1rios a um site em 2 minutos!","isPartOf":{"@id":"https:\/\/elfsight.com\/pt\/#website"},"datePublished":"2024-05-03T06:39:09+00:00","dateModified":"2025-01-21T09:29:00+00:00","description":"\u00c9 muito f\u00e1cil construir seu widget Google Reviews e public\u00e1-lo em seu site Webflow. O atendimento ao cliente da Elfsight \u00e9 gratuito e r\u00e1pido.","breadcrumb":{"@id":"https:\/\/elfsight.com\/pt\/google-reviews-widget\/webflow\/#breadcrumb"},"inLanguage":"pt-PT","potentialAction":[{"@type":"ReadAction","target":["https:\/\/elfsight.com\/pt\/google-reviews-widget\/webflow\/"]}]},{"@type":"BreadcrumbList","@id":"https:\/\/elfsight.com\/pt\/google-reviews-widget\/webflow\/#breadcrumb","itemListElement":[{"@type":"ListItem","position":1,"name":"Home","item":"https:\/\/elfsight.com\/pt\/"},{"@type":"ListItem","position":2,"name":"Google Reviews","item":"https:\/\/elfsight.com\/pt\/google-reviews-widget\/"},{"@type":"ListItem","position":3,"name":"Google Reviews &#8211; Webflow"}]},{"@type":"WebSite","@id":"https:\/\/elfsight.com\/pt\/#website","url":"https:\/\/elfsight.com\/pt\/","name":"Elfsight PT","description":"Just another Elfsight Sites site","potentialAction":[{"@type":"SearchAction","target":{"@type":"EntryPoint","urlTemplate":"https:\/\/elfsight.com\/pt\/?s={search_term_string}"},"query-input":{"@type":"PropertyValueSpecification","valueRequired":true,"valueName":"search_term_string"}}],"inLanguage":"pt-PT"}]}},"meta_box":{"industry":"","seo_heading":"","heading":"","description":"","cta_heading":"","cta_description":"","application":"442","h1":"Widget Webflow de avalia\u00e7\u00f5es do Google","h1_caption":"Integre as opini\u00f5es de seus clientes perfeitos do Google em seu site","application_category":[],"applications_title":"","applications_request_title":"","applications_request_button_text":"","hero_text":"","hero_video":"","hero_video_schema_markup":"","selling_points_title":"","selling_points_caption":"","selling_points":[],"selling_points_cta_text":"","features_title":"","features":"","ed_cta_examples_text":"","ed_cta_examples_hidden":"","ed_cta_demo_text":"","ed_cta_demo_hidden":"","why_caption":"","why_editor_title":"","why_editor_text":"","why_team_title":"","why_team_text":"","why_service_title":"","why_service_text":"","template_catalog_visible":"0","template_catalog_title":"","template_catalog_text":"","template_catalog_categories_visible":"","demo_title":"Crie seu widget de coment\u00e1rios do Google","demo_caption":"Configure seu Google Reviews e adicione-o ao seu site Webflow gratuitamente!","default_faq_hidden":"","app_template_category":[],"platform":"70","template_public_id":"","codecanyon_url":"","codecanyon_item_id":"","codecanyon_price":"","pricing_caption":"","pricing_elfsight_apps_hide_column":"","pricing_elfsight_apps_url":"","pricing_codecanyon_price_caption":"","integration_category":[],"integration_request_title":"","integration_request_cta":"","integration_platform":"","integrations":[],"platform_category":[],"video_schema_markup":"","price":"a partir de US$ 0\/m\u00eas","trial":"","benefits":[{"text":"Servi\u00e7o de instala\u00e7\u00e3o gratuito"},{"text":"Atendimento ao cliente competente"},{"text":"Garantia de reembolso de 14 dias"},{"text":"Melhorias cont\u00ednuas"}],"button_url":"#demo","button_target_blank":"0","button_nofollow":"0","attributes":[{"name":"Instala\u00e7\u00f5es","content":"100,000 - 500,000","_state":"expanded"},{"name":"Responsivo","content":"Sim","_state":"expanded"},{"name":"Navegadores compat\u00edveis","content":"Opera, Safari, Firefox, Edge, Chrome"}],"tags":[],"tags_disable_links":"0","hide_more_platforms":"","video_object":"","demo_hide_cta":"0","demo_hide_cloud_options":"0","pricing_title":"","pricing":[{"pricing_icon":"platform","pricing_title":"Elfsight Apps","pricing_title_caption":"Software multiplataforma que funciona em qualquer site","pricing_price":"a partir de US$ 0\/m\u00eas","pricing_price_caption":"comece com plano gratuito","pricing_benefits":[{"text":"Dom\u00ednios ilimitados"},{"text":"Suporte ao cliente premium"},{"text":"Suporte ao cliente premium"},{"text":"Pre\u00e7o especial para v\u00e1rios aplicativos"}],"pricing_button_text":"Adicionar ao site","pricing_button_url":"#demo","_state":"expanded"}],"related_apps_title":"","related_apps_hidden":"1","author":"","image":[],"title":"","job":"","social_networks":[]},"_links":{"self":[{"href":"https:\/\/elfsight.com\/pt\/wp-json\/wp\/v2\/pages\/4326","targetHints":{"allow":["GET"]}}],"collection":[{"href":"https:\/\/elfsight.com\/pt\/wp-json\/wp\/v2\/pages"}],"about":[{"href":"https:\/\/elfsight.com\/pt\/wp-json\/wp\/v2\/types\/page"}],"author":[{"embeddable":true,"href":"https:\/\/elfsight.com\/pt\/wp-json\/wp\/v2\/users\/9"}],"replies":[{"embeddable":true,"href":"https:\/\/elfsight.com\/pt\/wp-json\/wp\/v2\/comments?post=4326"}],"version-history":[{"count":4,"href":"https:\/\/elfsight.com\/pt\/wp-json\/wp\/v2\/pages\/4326\/revisions"}],"predecessor-version":[{"id":13610,"href":"https:\/\/elfsight.com\/pt\/wp-json\/wp\/v2\/pages\/4326\/revisions\/13610"}],"up":[{"embeddable":true,"href":"https:\/\/elfsight.com\/pt\/wp-json\/wp\/v2\/pages\/443"}],"wp:attachment":[{"href":"https:\/\/elfsight.com\/pt\/wp-json\/wp\/v2\/media?parent=4326"}],"curies":[{"name":"wp","href":"https:\/\/api.w.org\/{rel}","templated":true}]}}