{"id":4323,"date":"2024-05-03T06:40:57","date_gmt":"2024-05-03T06:40:57","guid":{"rendered":"https:\/\/elfsight.com\/pt\/?page_id=4323"},"modified":"2024-11-13T11:44:43","modified_gmt":"2024-11-13T11:44:43","slug":"wix","status":"publish","type":"page","link":"https:\/\/elfsight.com\/pt\/logo-showcase-widget\/wix\/","title":{"rendered":"Logo Showcase &#8211; Wix"},"content":{"rendered":"<div class=\"application-platform-content-item-description application-platform-content-item\" id=\"description\" data-nav-section=\"description\"><h2>Descri\u00e7\u00e3o<\/h2> <p>Elfsight Logo Showcase ser\u00e1 a t\u00e9cnica mais pr\u00e1tica para demonstrar os log\u00f3tipos dos clientes e promotores ou as suas men\u00e7\u00f5es em a m\u00eddia do site. Usando este widget, voc\u00ea fornece mais uma prova de que \u00e9 um aliado comercial confi\u00e1vel e apoia uma percep\u00e7\u00e3o positiva de sua marca. O widget Logo Showcase permite adicionar v\u00e1rios logotipos, organiz\u00e1-los em um carrossel ou grade e alterar a escala dos logotipos. Voc\u00ea pode mostrar uma legenda e links para o site das empresas. Variando op\u00e7\u00f5es de cores e fontes, voc\u00ea poder\u00e1 criar uma interface \u00fanica. <\/p><p><b>Melhore a confian\u00e7a da sua empresa. <\/b><\/p><\/div> <div class=\"application-platform-content-item-features application-platform-content-item\" id=\"features\" data-nav-section=\"features\"><h2>Recursos<\/h2> <p>Confira uma lista de todas as caracter\u00edsticas funcionais do Logo Showcase. Eles est\u00e3o dispon\u00edveis diretamente no editor e ir\u00e3o ajud\u00e1-lo a configurar o widget exatamente para o seu caso. <\/p><ul><li> Conecte cada logotipo a qualquer endere\u00e7o; <\/li><li>Cabe\u00e7alho adapt\u00e1vel incluindo t\u00edtulo e texto com formata\u00e7\u00e3o dispon\u00edvel; <\/li><li>O bot\u00e3o CTA pode levar um clique a qualquer p\u00e1gina; <\/li><li>Tr\u00eas layouts diferentes: Slider, Grid e Carousel; <\/li><li>Uma op\u00e7\u00e3o para adaptar o tamanho do logotipo e a largura do widget; <\/li><li> Escolha qualquer cor de fundo ou carregue sua foto. <\/li><\/ul><p><a href=\"#demo\">Voc\u00ea pode experimentar todas as caracter\u00edsticas funcionais do widget diretamente na demonstra\u00e7\u00e3o<\/a><\/p><\/div> <div class=\"application-platform-content-item-installation application-platform-content-item\" id=\"installation\" data-nav-section=\"installation\"><h2>Como incorporo o Logo Showcase no meu site Wix? <\/h2><div class=\"video-container\"><iframe width=\"720\" height=\"405\" src=\"https:\/\/www.youtube.com\/embed\/GSp23En6p0Y\" frameborder=\"0\" allowfullscreen=\"\"><\/iframe><\/div><p>Para come\u00e7ar a usar o widget, execute as seguintes etapas r\u00e1pidas<\/p><ul><li><b>Crie seu aplicativo de logotipo personalizado<\/b><br>Usando nossa demonstra\u00e7\u00e3o gratuita, configure um plugin com design e caracter\u00edsticas funcionais prefer\u00edveis. <\/li> <li><b>Obtenha o c\u00f3digo individual para instalar o plugin<\/b><br>Depois de criar o seu widget, voc\u00ea receber\u00e1 o c\u00f3digo de instala\u00e7\u00e3o na notifica\u00e7\u00e3o pop-up nos aplicativos da Elfsight. Copie o c\u00f3digo. <\/li> <li><b> O plugin no seu site Wix<\/b><br>Encontre o local onde voc\u00ea planeja incorporar o plugin e cole o c\u00f3digo copiado l\u00e1. Publique os resultados. <\/li> <li><b>A instala\u00e7\u00e3o foi conclu\u00edda<\/b><br>Entre na sua loja para visualizar seu widget. <\/li><\/ul><p>Reserve um minuto para entrar em contato com nosso servi\u00e7o de suporte quando precisar de assist\u00eancia ou tiver d\u00favidas. Ficaremos felizes em ajudar com todas as solicita\u00e7\u00f5es. <\/p><div class=\"faq\" data-component=\"FAQ\"><div class=\"faq-item\">\r\n\t\t\t\t\t<div class=\"faq-item-question\">\r\n\t\t\t\t\t\t<h3 class=\"faq-item-question-text\">Existe um m\u00e9todo para adicionar Logo Showcase \u00e0 minha p\u00e1gina inicial Wix sem conhecimento de codifica\u00e7\u00e3o?<\/h3>\r\n\r\n\t\t\t\t\t\t<div class=\"faq-item-question-icon\"><\/div>\r\n\t\t\t\t\t<\/div>\r\n\r\n\t\t\t\t\t<div class=\"faq-item-answer\">\r\n\t\t\t\t\t\t<div class=\"faq-item-answer-text\"> <p>A empresa Elfsight fornece uma solu\u00e7\u00e3o Cloud que permite aos usu\u00e1rios criarem voc\u00ea mesmo um aplicativo Logo Showcase, observe as instru\u00e7\u00f5es simples: Trabalhe na demonstra\u00e7\u00e3o online para formar uma se\u00e7\u00e3o Logo Showcase que voc\u00ea gostaria de ver na p\u00e1gina inicial do Wix. Escolha um dos modelos pr\u00e9-desenhados e ajuste as configura\u00e7\u00f5es do Logo Showcase, inclua seu conte\u00fado, altere o layout e a cor dos elementos sem codifica\u00e7\u00e3o. Clique para salvar as configura\u00e7\u00f5es feitas no Logo Showcase e obter o c\u00f3digo de instala\u00e7\u00e3o, que voc\u00ea pode colar facilmente na p\u00e1gina Wix dentro de um plano gratuito. Usando o Configurador simples, qualquer usu\u00e1rio da web pode criar uma se\u00e7\u00e3o Logo Showcase e simplesmente adicion\u00e1-la ao site Wix. Voc\u00ea n\u00e3o deve pagar ou enviar os dados do seu cart\u00e3o para acessar o Editor. Se voc\u00ea tiver algum tipo de problema, fale com nossa equipe de suporte t\u00e9cnico.<\/p> <\/div>\r\n\t\t\t\t\t<\/div>\r\n\t\t\t\t<\/div> <\/div><\/div>","protected":false},"excerpt":{"rendered":"","protected":false},"author":9,"featured_media":0,"parent":983,"menu_order":0,"comment_status":"closed","ping_status":"closed","template":"templates\/template-application-platform.php","meta":{"publish_to_discourse":"","publish_post_category":"","wpdc_auto_publish_overridden":"","wpdc_topic_tags":"","wpdc_pin_topic":"","wpdc_pin_until":"","discourse_post_id":"","discourse_permalink":"","wpdc_publishing_response":"","wpdc_publishing_error":"","footnotes":""},"class_list":["post-4323","page","type-page","status-publish","hentry"],"yoast_head":"<!-- This site is optimized with the Yoast SEO plugin v25.3.1 - https:\/\/yoast.com\/wordpress\/plugins\/seo\/ -->\n<title>Logo Showcase - Adicionar aplicativo Logo Carousel ao site Wix (2025)<\/title>\n<meta name=\"description\" content=\"\u00c9 perfeitamente simples criar seu aplicativo Logo Showcase e adicion\u00e1-lo ao seu site Wix. O atendimento ao cliente da Elfsight \u00e9 gratuito e r\u00e1pido.\" \/>\n<meta name=\"robots\" content=\"index, follow, max-snippet:-1, max-image-preview:large, max-video-preview:-1\" \/>\n<link rel=\"canonical\" href=\"https:\/\/elfsight.com\/pt\/logo-showcase-widget\/wix\/\" \/>\n<meta property=\"og:locale\" content=\"pt_PT\" \/>\n<meta property=\"og:type\" content=\"article\" \/>\n<meta property=\"og:title\" content=\"Logo Showcase - Adicionar aplicativo Logo Carousel ao site Wix (2025)\" \/>\n<meta property=\"og:description\" content=\"\u00c9 perfeitamente simples criar seu aplicativo Logo Showcase e adicion\u00e1-lo ao seu site Wix. O atendimento ao cliente da Elfsight \u00e9 gratuito e r\u00e1pido.\" \/>\n<meta property=\"og:url\" content=\"https:\/\/elfsight.com\/pt\/logo-showcase-widget\/wix\/\" \/>\n<meta property=\"og:site_name\" content=\"Elfsight PT\" \/>\n<meta property=\"article:modified_time\" content=\"2024-11-13T11:44:43+00:00\" \/>\n<meta name=\"twitter:card\" content=\"summary_large_image\" \/>\n<meta name=\"twitter:label1\" content=\"Tempo estimado de leitura\" \/>\n\t<meta name=\"twitter:data1\" content=\"2 minutos\" \/>\n<!-- \/ Yoast SEO plugin. -->","yoast_head_json":{"title":"Logo Showcase - Adicionar aplicativo Logo Carousel ao site Wix (2025)","description":"\u00c9 perfeitamente simples criar seu aplicativo Logo Showcase e adicion\u00e1-lo ao seu site Wix. O atendimento ao cliente da Elfsight \u00e9 gratuito e r\u00e1pido.","robots":{"index":"index","follow":"follow","max-snippet":"max-snippet:-1","max-image-preview":"max-image-preview:large","max-video-preview":"max-video-preview:-1"},"canonical":"https:\/\/elfsight.com\/pt\/logo-showcase-widget\/wix\/","og_locale":"pt_PT","og_type":"article","og_title":"Logo Showcase - Adicionar aplicativo Logo Carousel ao site Wix (2025)","og_description":"\u00c9 perfeitamente simples criar seu aplicativo Logo Showcase e adicion\u00e1-lo ao seu site Wix. O atendimento ao cliente da Elfsight \u00e9 gratuito e r\u00e1pido.","og_url":"https:\/\/elfsight.com\/pt\/logo-showcase-widget\/wix\/","og_site_name":"Elfsight PT","article_modified_time":"2024-11-13T11:44:43+00:00","twitter_card":"summary_large_image","twitter_misc":{"Tempo estimado de leitura":"2 minutos"},"schema":{"@context":"https:\/\/schema.org","@graph":[{"@type":"WebPage","@id":"https:\/\/elfsight.com\/pt\/logo-showcase-widget\/wix\/","url":"https:\/\/elfsight.com\/pt\/logo-showcase-widget\/wix\/","name":"Logo Showcase - Adicionar aplicativo Logo Carousel ao site Wix (2025)","isPartOf":{"@id":"https:\/\/elfsight.com\/pt\/#website"},"datePublished":"2024-05-03T06:40:57+00:00","dateModified":"2024-11-13T11:44:43+00:00","description":"\u00c9 perfeitamente simples criar seu aplicativo Logo Showcase e adicion\u00e1-lo ao seu site Wix. O atendimento ao cliente da Elfsight \u00e9 gratuito e r\u00e1pido.","breadcrumb":{"@id":"https:\/\/elfsight.com\/pt\/logo-showcase-widget\/wix\/#breadcrumb"},"inLanguage":"pt-PT","potentialAction":[{"@type":"ReadAction","target":["https:\/\/elfsight.com\/pt\/logo-showcase-widget\/wix\/"]}]},{"@type":"BreadcrumbList","@id":"https:\/\/elfsight.com\/pt\/logo-showcase-widget\/wix\/#breadcrumb","itemListElement":[{"@type":"ListItem","position":1,"name":"Home","item":"https:\/\/elfsight.com\/pt\/"},{"@type":"ListItem","position":2,"name":"Logo Showcase","item":"https:\/\/elfsight.com\/pt\/logo-showcase-widget\/"},{"@type":"ListItem","position":3,"name":"Logo Showcase &#8211; Wix"}]},{"@type":"WebSite","@id":"https:\/\/elfsight.com\/pt\/#website","url":"https:\/\/elfsight.com\/pt\/","name":"Elfsight PT","description":"Just another Elfsight Sites site","potentialAction":[{"@type":"SearchAction","target":{"@type":"EntryPoint","urlTemplate":"https:\/\/elfsight.com\/pt\/?s={search_term_string}"},"query-input":{"@type":"PropertyValueSpecification","valueRequired":true,"valueName":"search_term_string"}}],"inLanguage":"pt-PT"}]}},"meta_box":{"industry":"","seo_heading":"","heading":"","description":"","cta_heading":"","cta_description":"","application":"982","h1":"Vitrine do logotipo Wix","h1_caption":"Vanglorie-se de que seus grandes clientes ou parceiros exibam seus logotipos em seu site e aumente a confian\u00e7a","application_category":[],"applications_title":"","applications_request_title":"","applications_request_button_text":"","hero_text":"","hero_video":"","hero_video_schema_markup":"","selling_points_title":"","selling_points_caption":"","selling_points":[],"selling_points_cta_text":"","features_title":"","features":"","ed_cta_examples_text":"","ed_cta_examples_hidden":"","ed_cta_demo_text":"","ed_cta_demo_hidden":"","why_caption":"","why_editor_title":"","why_editor_text":"","why_team_title":"","why_team_text":"","why_service_title":"","why_service_text":"","template_catalog_visible":"","template_catalog_title":"","template_catalog_text":"","template_catalog_categories_visible":"","demo_title":"Crie seu aplicativo Logo Showcase","demo_caption":"Configure seu Logo Showcase e adicione-o ao seu site Wix gratuitamente!","default_faq_hidden":"","app_template_category":[],"platform":"37","template_public_id":"","codecanyon_url":"","codecanyon_item_id":"","codecanyon_price":"","pricing_caption":"","pricing_elfsight_apps_hide_column":"","pricing_elfsight_apps_url":"","pricing_codecanyon_price_caption":"","integration_category":[],"integration_request_title":"","integration_request_cta":"","integration_platform":"","integrations":[],"platform_category":[],"video_schema_markup":"","price":"a partir de US$ 0\/m\u00eas","trial":"","benefits":[{"text":"Servi\u00e7o de instala\u00e7\u00e3o gratuito"},{"text":"Atendimento ao cliente competente"},{"text":"Garantia de devolu\u00e7\u00e3o do dinheiro em 14 dias"},{"text":"Melhorias ao longo da vida"}],"button_url":"#demo","button_target_blank":"0","button_nofollow":"0","attributes":[{"name":"Instala\u00e7\u00f5es","content":"10,000 - 100,000","_state":"expanded"},{"name":"Responsivo","content":"Sim","_state":"expanded"},{"name":"Navegadores compat\u00edveis","content":"Opera, Firefox, Chrome, Edge, Safari"}],"tags":[],"tags_disable_links":"0","hide_more_platforms":"","video_object":"","demo_hide_cta":"0","demo_hide_cloud_options":"0","pricing_title":"","pricing":[{"pricing_icon":"platform","pricing_title":"Elfsight Apps","pricing_title_caption":"Solu\u00e7\u00e3o digital independente de plataforma que funciona em qualquer site","pricing_price":"a partir de US$ 0\/m\u00eas","pricing_price_caption":"comece com plano gratuito","pricing_benefits":[{"text":"Dom\u00ednios ilimitados"},{"text":"Suporte profissional e pontual"},{"text":"Suporte profissional e pontual"},{"text":"Oferta especial para v\u00e1rios aplicativos"}],"pricing_button_text":"Adicionar ao site","pricing_button_url":"#demo","_state":"expanded"}],"related_apps_title":"","related_apps_hidden":"1","author":"","image":[],"title":"","job":"","social_networks":[]},"_links":{"self":[{"href":"https:\/\/elfsight.com\/pt\/wp-json\/wp\/v2\/pages\/4323","targetHints":{"allow":["GET"]}}],"collection":[{"href":"https:\/\/elfsight.com\/pt\/wp-json\/wp\/v2\/pages"}],"about":[{"href":"https:\/\/elfsight.com\/pt\/wp-json\/wp\/v2\/types\/page"}],"author":[{"embeddable":true,"href":"https:\/\/elfsight.com\/pt\/wp-json\/wp\/v2\/users\/9"}],"replies":[{"embeddable":true,"href":"https:\/\/elfsight.com\/pt\/wp-json\/wp\/v2\/comments?post=4323"}],"version-history":[{"count":2,"href":"https:\/\/elfsight.com\/pt\/wp-json\/wp\/v2\/pages\/4323\/revisions"}],"predecessor-version":[{"id":11979,"href":"https:\/\/elfsight.com\/pt\/wp-json\/wp\/v2\/pages\/4323\/revisions\/11979"}],"up":[{"embeddable":true,"href":"https:\/\/elfsight.com\/pt\/wp-json\/wp\/v2\/pages\/983"}],"wp:attachment":[{"href":"https:\/\/elfsight.com\/pt\/wp-json\/wp\/v2\/media?parent=4323"}],"curies":[{"name":"wp","href":"https:\/\/api.w.org\/{rel}","templated":true}]}}