{"id":4319,"date":"2024-05-03T06:41:15","date_gmt":"2024-05-03T06:41:15","guid":{"rendered":"https:\/\/elfsight.com\/pt\/?page_id=4319"},"modified":"2025-03-06T11:58:53","modified_gmt":"2025-03-06T11:58:53","slug":"wix","status":"publish","type":"page","link":"https:\/\/elfsight.com\/pt\/number-counter-widget\/wix\/","title":{"rendered":"Number Counter &#8211; Wix"},"content":{"rendered":"\n<div class=\"application-platform-content-item-description application-platform-content-item\" id=\"description\" data-nav-section=\"description\"> <h2>Descri\u00e7\u00e3o<\/h2> <p>O Number Counter \u00e9 um aplicativo f\u00e1cil de usar para Wix com uma ampla gama de recursos. \u00c9 \u00f3timo para ostentar seus not\u00e1veis \u200b\u200b\u00edndices de neg\u00f3cios, a quantidade de obras realizadas at\u00e9 o momento e muito mais. A ferramenta \u00e9 extremamente flex\u00edvel. Voc\u00ea \u00e9 livre para criar qualquer quantidade de contadores, organiz\u00e1-los em colunas, escolher \u00edcones de nossa biblioteca ou fazer upload dos seus pr\u00f3prios, torn\u00e1-los multicoloridos ou monocrom\u00e1ticos, juntar t\u00edtulos para fornecer aos seus usu\u00e1rios informa\u00e7\u00f5es conceb\u00edveis, recolorir qualquer recurso, escolher a imagem de fundo , E isso n\u00e3o \u00e9 tudo. Comece a construir seu aplicativo agora e observe as estat\u00edsticas cruciais de seu neg\u00f3cio crescerem rapidamente! <\/p> <p><b>Mostre suas conquistas brilhantes para seus futuros clientes. Obtenha mais neg\u00f3cios e leads de sucesso! <\/b><\/p> <\/div> <div class=\"application-platform-content-item-features application-platform-content-item\" id=\"features\" data-nav-section=\"features\"> <h2>O widget oferece recursos poderosos e f\u00e1ceis, aqui est\u00e3o alguns deles: <\/h2> <ul><li>Qualquer quantidade de contadores. <\/li><li>Quantidade ilimitada de colunas. <\/li><li>Junte legendas, t\u00edtulos, prefixos e p\u00f3s-fixos. <\/li><li>Decida a categoria do \u00edcone &#8211; pegue-o em nossa biblioteca ou carregue seus personalizados. <\/li><li>Anexar links. <\/li><\/ul><p><a href=\"#demo\">Voc\u00ea pode testar todos os recursos do aplicativo na demonstra\u00e7\u00e3o abaixo<\/a><\/p><div class=\"faq\" data-component=\"FAQ\"><div class=\"faq-item\">\r\n\t\t\t\t\t<div class=\"faq-item-question\">\r\n\t\t\t\t\t\t<h3 class=\"faq-item-question-text\">Como adicionar o widget animado Contador de n\u00fameros ao Wix?<\/h3>\r\n\r\n\t\t\t\t\t\t<div class=\"faq-item-question-icon\"><\/div>\r\n\t\t\t\t\t<\/div>\r\n\r\n\t\t\t\t\t<div class=\"faq-item-answer\">\r\n\t\t\t\t\t\t<div class=\"faq-item-answer-text\"><p>A adi\u00e7\u00e3o ao site leva 90 segundos. Al\u00e9m disso, voc\u00ea n\u00e3o precisa ter nenhuma profici\u00eancia em programa\u00e7\u00e3o. <\/p><ol><li>Personalize o widget para Wix no configurador gratuito e veja as modifica\u00e7\u00f5es ao vivo. <\/li> <li>Obtenha seu c\u00f3digo de instala\u00e7\u00e3o pessoal. <\/li> <li>Incorpore o c\u00f3digo no local necess\u00e1rio no backend do site Wix. <\/li> <li>\u00c9 isso! A configura\u00e7\u00e3o do plugin contador de n\u00fameros no Wix est\u00e1 conclu\u00edda! <\/li><\/ol><p>Est\u00e1 tendo problemas para inserir o plugin no Wix ou formatar o Contador de N\u00fameros? Voc\u00ea pode descobrir o guia completo <a href=\"https:\/\/elfsight.com\/tutorials\/how-to-add-number-counter-to-website\/#how-to-add-number-counter-to-wix\">nesta p\u00e1gina<\/a>. <\/p><\/div>\r\n\t\t\t\t\t<\/div>\r\n\t\t\t\t<\/div><div class=\"faq-item\">\r\n\t\t\t\t\t<div class=\"faq-item-question\">\r\n\t\t\t\t\t\t<h3 class=\"faq-item-question-text\">Tenho a oportunidade de ver como o widget ficar\u00e1 em um site?<\/h3>\r\n\r\n\t\t\t\t\t\t<div class=\"faq-item-question-icon\"><\/div>\r\n\t\t\t\t\t<\/div>\r\n\r\n\t\t\t\t\t<div class=\"faq-item-answer\">\r\n\t\t\t\t\t\t<div class=\"faq-item-answer-text\"><p>Definitivamente! Ao criar o widget de contador de n\u00fameros Wix no <a href=\"https:\/\/elfsight.com\/number-counter-widget\/#demo\">construtor online gratuito<\/a>, voc\u00ea considerar\u00e1 todas as revis\u00f5es \u00e0 direita parte disso. O contador ter\u00e1 exatamente a mesma apar\u00eancia que voc\u00ea adicionar\u00e1 a um site Wix. <\/p><\/div>\r\n\t\t\t\t\t<\/div>\r\n\t\t\t\t<\/div><div class=\"faq-item\">\r\n\t\t\t\t\t<div class=\"faq-item-question\">\r\n\t\t\t\t\t\t<h3 class=\"faq-item-question-text\">Quais outros widgets s\u00e3o necess\u00e1rios para um site Wix?<\/h3>\r\n\r\n\t\t\t\t\t\t<div class=\"faq-item-question-icon\"><\/div>\r\n\t\t\t\t\t<\/div>\r\n\r\n\t\t\t\t\t<div class=\"faq-item-answer\">\r\n\t\t\t\t\t\t<div class=\"faq-item-answer-text\"><p>O Wix permite que voc\u00ea adicione quantos widgets desejar. No entanto, se precisar de instrumentos mais f\u00e1ceis para um website, encontrar\u00e1 tudo o que precisa na Elfsight.<\/p><p>Por exemplo, existe um <a href=\"https:\/\/elfsight.com\/pdf-embed-widget\/wix\/\">Widget de incorpora\u00e7\u00e3o de PDF<\/a> bom para instru\u00e7\u00f5es e documentos oficiais, <a href=\"https:\/\/elfsight.com\/instagram-feed-instashow\/wix\/\">Feed do Instagram<\/a> &#8211; para belas galerias de fotos do Instagram diretamente no seu site, <a href=\"https:\/\/elfsight.com\/google-reviews-widget\/wix\/\">Google Reviews<\/a> &#8211; para depoimentos do Google. O <a href=\"https:\/\/elfsight.com\/whatsapp-chat-widget\/wix\/\">WhatsApp Chat<\/a> facilita a comunica\u00e7\u00e3o com os clientes por meio do mensageiro mais popular e do <a href=\"https:\/\/elfsight.com\/popup-widget\/wix\/\">Widget pop-up<\/a> pode ser usado para colocar notifica\u00e7\u00f5es e mensagens importantes em p\u00e1ginas da web.<\/p><\/div>\r\n\t\t\t\t\t<\/div>\r\n\t\t\t\t<\/div><\/div> <\/div> <div class=\"application-platform-content-item-instala\u00e7\u00e3o application-platform-content-item\" id=\"instala\u00e7\u00e3o\" data-nav-section=\"instala\u00e7\u00e3o\"> <h2>Como adiciono o Number Counter \u00e0 minha p\u00e1gina Wix? <\/h2> <div class=\"video-container\"><iframe width=\"720\" height=\"405\" src=\"https:\/\/www.youtube.com\/embed\/h7BmNnfQ16U\" frameborder=\"0\" allowfullscreen=\"\"><\/iframe><\/div><p>Basta seguir as instru\u00e7\u00f5es abaixo para come\u00e7ar a usar o aplicativo. <\/p> <ol><li><b>Use nossa demonstra\u00e7\u00e3o gratuita e comece a criar seu aplicativo personalizado. <\/b><br> Escolha a interface e os aspectos preferidos da ferramenta e salve as edi\u00e7\u00f5es. <\/li> <li><b>Copie o seu c\u00f3digo individual que \u00e9 mostrado na janela dos aplicativos Elfsight. <\/b><br> Logo ap\u00f3s a cria\u00e7\u00e3o de sua ferramenta pessoal, copie o c\u00f3digo individual na caixa que aparece e guarde-o para futuras ocasi\u00f5es. <\/li> <li><b>Comece a usar o plugin na p\u00e1gina Wix. <\/b><br> Coloque o c\u00f3digo copiado anteriormente em seu site e aplique os ajustes. <\/li> <li><b>Pronto! A configura\u00e7\u00e3o foi finalizada com sucesso. <\/b><br> Acesse seu site para ver o desempenho do widget. <\/li><\/ol> <p>Na condi\u00e7\u00e3o de enfrentar d\u00favidas ou atropelar quaisquer obst\u00e1culos, sinta-se \u00e0 vontade para entrar em contato com nossa equipe de suporte. Nosso pessoal deseja resolver todas as d\u00favidas que voc\u00ea possa ter com o produto. <\/p> <\/div>\n","protected":false},"excerpt":{"rendered":"","protected":false},"author":9,"featured_media":0,"parent":1061,"menu_order":0,"comment_status":"closed","ping_status":"closed","template":"templates\/template-application-platform.php","meta":{"publish_to_discourse":"","publish_post_category":"","wpdc_auto_publish_overridden":"","wpdc_topic_tags":"","wpdc_pin_topic":"","wpdc_pin_until":"","discourse_post_id":"","discourse_permalink":"","wpdc_publishing_response":"","wpdc_publishing_error":"","footnotes":""},"class_list":["post-4319","page","type-page","status-publish","hentry"],"yoast_head":"<!-- This site is optimized with the Yoast SEO plugin v25.3.1 - https:\/\/yoast.com\/wordpress\/plugins\/seo\/ -->\n<title>Number Counter \u2014 Adicione o plugin Counter ao Wix (gr\u00e1tis e r\u00e1pido)<\/title>\n<meta name=\"description\" content=\"Insira um contador de n\u00fameros animado em sua p\u00e1gina Wix, usando nossa pr\u00e1tica demonstra\u00e7\u00e3o. Construa seu aplicativo exclusivo com apenas alguns cliques e sem nenhum esfor\u00e7o!\" \/>\n<meta name=\"robots\" content=\"index, follow, max-snippet:-1, max-image-preview:large, max-video-preview:-1\" \/>\n<link rel=\"canonical\" href=\"https:\/\/elfsight.com\/pt\/number-counter-widget\/wix\/\" \/>\n<meta property=\"og:locale\" content=\"pt_PT\" \/>\n<meta property=\"og:type\" content=\"article\" \/>\n<meta property=\"og:title\" content=\"Number Counter \u2014 Adicione o plugin Counter ao Wix (gr\u00e1tis e r\u00e1pido)\" \/>\n<meta property=\"og:description\" content=\"Insira um contador de n\u00fameros animado em sua p\u00e1gina Wix, usando nossa pr\u00e1tica demonstra\u00e7\u00e3o. Construa seu aplicativo exclusivo com apenas alguns cliques e sem nenhum esfor\u00e7o!\" \/>\n<meta property=\"og:url\" content=\"https:\/\/elfsight.com\/pt\/number-counter-widget\/wix\/\" \/>\n<meta property=\"og:site_name\" content=\"Elfsight PT\" \/>\n<meta property=\"article:modified_time\" content=\"2025-03-06T11:58:53+00:00\" \/>\n<meta name=\"twitter:card\" content=\"summary_large_image\" \/>\n<meta name=\"twitter:label1\" content=\"Tempo estimado de leitura\" \/>\n\t<meta name=\"twitter:data1\" content=\"4 minutos\" \/>\n<!-- \/ Yoast SEO plugin. -->","yoast_head_json":{"title":"Number Counter \u2014 Adicione o plugin Counter ao Wix (gr\u00e1tis e r\u00e1pido)","description":"Insira um contador de n\u00fameros animado em sua p\u00e1gina Wix, usando nossa pr\u00e1tica demonstra\u00e7\u00e3o. Construa seu aplicativo exclusivo com apenas alguns cliques e sem nenhum esfor\u00e7o!","robots":{"index":"index","follow":"follow","max-snippet":"max-snippet:-1","max-image-preview":"max-image-preview:large","max-video-preview":"max-video-preview:-1"},"canonical":"https:\/\/elfsight.com\/pt\/number-counter-widget\/wix\/","og_locale":"pt_PT","og_type":"article","og_title":"Number Counter \u2014 Adicione o plugin Counter ao Wix (gr\u00e1tis e r\u00e1pido)","og_description":"Insira um contador de n\u00fameros animado em sua p\u00e1gina Wix, usando nossa pr\u00e1tica demonstra\u00e7\u00e3o. Construa seu aplicativo exclusivo com apenas alguns cliques e sem nenhum esfor\u00e7o!","og_url":"https:\/\/elfsight.com\/pt\/number-counter-widget\/wix\/","og_site_name":"Elfsight PT","article_modified_time":"2025-03-06T11:58:53+00:00","twitter_card":"summary_large_image","twitter_misc":{"Tempo estimado de leitura":"4 minutos"},"schema":{"@context":"https:\/\/schema.org","@graph":[{"@type":"WebPage","@id":"https:\/\/elfsight.com\/pt\/number-counter-widget\/wix\/","url":"https:\/\/elfsight.com\/pt\/number-counter-widget\/wix\/","name":"Number Counter \u2014 Adicione o plugin Counter ao Wix (gr\u00e1tis e r\u00e1pido)","isPartOf":{"@id":"https:\/\/elfsight.com\/pt\/#website"},"datePublished":"2024-05-03T06:41:15+00:00","dateModified":"2025-03-06T11:58:53+00:00","description":"Insira um contador de n\u00fameros animado em sua p\u00e1gina Wix, usando nossa pr\u00e1tica demonstra\u00e7\u00e3o. Construa seu aplicativo exclusivo com apenas alguns cliques e sem nenhum esfor\u00e7o!","breadcrumb":{"@id":"https:\/\/elfsight.com\/pt\/number-counter-widget\/wix\/#breadcrumb"},"inLanguage":"pt-PT","potentialAction":[{"@type":"ReadAction","target":["https:\/\/elfsight.com\/pt\/number-counter-widget\/wix\/"]}]},{"@type":"BreadcrumbList","@id":"https:\/\/elfsight.com\/pt\/number-counter-widget\/wix\/#breadcrumb","itemListElement":[{"@type":"ListItem","position":1,"name":"Home","item":"https:\/\/elfsight.com\/pt\/"},{"@type":"ListItem","position":2,"name":"Number Counter","item":"https:\/\/elfsight.com\/pt\/number-counter-widget\/"},{"@type":"ListItem","position":3,"name":"Number Counter &#8211; Wix"}]},{"@type":"WebSite","@id":"https:\/\/elfsight.com\/pt\/#website","url":"https:\/\/elfsight.com\/pt\/","name":"Elfsight PT","description":"Just another Elfsight Sites site","potentialAction":[{"@type":"SearchAction","target":{"@type":"EntryPoint","urlTemplate":"https:\/\/elfsight.com\/pt\/?s={search_term_string}"},"query-input":{"@type":"PropertyValueSpecification","valueRequired":true,"valueName":"search_term_string"}}],"inLanguage":"pt-PT"}]}},"meta_box":{"industry":"","seo_heading":"","heading":"","description":"","cta_heading":"","cta_description":"","application":"1060","h1":"Aplicativo Contador de N\u00fameros Wix","h1_caption":"Demonstre suas estat\u00edsticas not\u00e1veis \u200b\u200bpara seus usu\u00e1rios e interesse clientes mais fi\u00e9is","application_category":[],"applications_title":"","applications_request_title":"","applications_request_button_text":"","hero_text":"","hero_video":"","hero_video_schema_markup":"","selling_points_title":"","selling_points_caption":"","selling_points":[],"selling_points_cta_text":"","features_title":"","features":"","ed_cta_examples_text":"","ed_cta_examples_hidden":"","ed_cta_demo_text":"","ed_cta_demo_hidden":"","why_caption":"","why_editor_title":"","why_editor_text":"","why_team_title":"","why_team_text":"","why_service_title":"","why_service_text":"","template_catalog_visible":"0","template_catalog_title":"","template_catalog_text":"","template_catalog_categories_visible":"","demo_title":"Crie seu aplicativo de contador de n\u00fameros","demo_caption":"Configure seu contador num\u00e9rico e adicione-o ao seu site Wix gratuitamente!","default_faq_hidden":"","app_template_category":[],"platform":"37","template_public_id":"","codecanyon_url":"","codecanyon_item_id":"","codecanyon_price":"","pricing_caption":"","pricing_elfsight_apps_hide_column":"","pricing_elfsight_apps_url":"","pricing_codecanyon_price_caption":"","integration_category":[],"integration_request_title":"","integration_request_cta":"","integration_platform":"","integrations":[],"platform_category":[],"video_schema_markup":"","price":"a partir de US$ 0\/m\u00eas","trial":"","benefits":[{"text":"Servi\u00e7o de instala\u00e7\u00e3o gratuito"},{"text":"Suporte premium"},{"text":"Garantia de reembolso de 14 dias"},{"text":"Melhorias cont\u00ednuas"}],"button_url":"#demo","button_target_blank":"0","button_nofollow":"0","attributes":[{"name":"Instala\u00e7\u00f5es","content":"10,000 - 100,000","_state":"expanded"},{"name":"Responsivo","content":"Sim","_state":"expanded"},{"name":"Navegadores compat\u00edveis","content":"Safari, Firefox, Chrome, Edge, Opera"}],"tags":[],"tags_disable_links":"0","hide_more_platforms":"0","video_object":"","demo_hide_cta":"0","demo_hide_cloud_options":"0","pricing_title":"","pricing":[{"pricing_icon":"platform","pricing_title":"Elfsight Apps","pricing_title_caption":"Software multiplataforma","pricing_price":"a partir de US$ 0\/m\u00eas","pricing_price_caption":"comece com plano gratuito","pricing_benefits":[{"text":"Dom\u00ednios ilimitados"},{"text":"Suporte r\u00e1pido"},{"text":"Suporte r\u00e1pido"},{"text":"Oferta especial para v\u00e1rios aplicativos"}],"pricing_button_text":"Adicionar ao site","pricing_button_url":"#demo","_state":"expanded"}],"related_apps_title":"","related_apps_hidden":"1","author":"","image":[],"title":"","job":"","social_networks":[]},"_links":{"self":[{"href":"https:\/\/elfsight.com\/pt\/wp-json\/wp\/v2\/pages\/4319","targetHints":{"allow":["GET"]}}],"collection":[{"href":"https:\/\/elfsight.com\/pt\/wp-json\/wp\/v2\/pages"}],"about":[{"href":"https:\/\/elfsight.com\/pt\/wp-json\/wp\/v2\/types\/page"}],"author":[{"embeddable":true,"href":"https:\/\/elfsight.com\/pt\/wp-json\/wp\/v2\/users\/9"}],"replies":[{"embeddable":true,"href":"https:\/\/elfsight.com\/pt\/wp-json\/wp\/v2\/comments?post=4319"}],"version-history":[{"count":4,"href":"https:\/\/elfsight.com\/pt\/wp-json\/wp\/v2\/pages\/4319\/revisions"}],"predecessor-version":[{"id":14456,"href":"https:\/\/elfsight.com\/pt\/wp-json\/wp\/v2\/pages\/4319\/revisions\/14456"}],"up":[{"embeddable":true,"href":"https:\/\/elfsight.com\/pt\/wp-json\/wp\/v2\/pages\/1061"}],"wp:attachment":[{"href":"https:\/\/elfsight.com\/pt\/wp-json\/wp\/v2\/media?parent=4319"}],"curies":[{"name":"wp","href":"https:\/\/api.w.org\/{rel}","templated":true}]}}