{"id":4318,"date":"2024-05-03T06:39:10","date_gmt":"2024-05-03T06:39:10","guid":{"rendered":"https:\/\/elfsight.com\/pt\/?page_id=4318"},"modified":"2025-01-24T13:40:09","modified_gmt":"2025-01-24T13:40:09","slug":"squarespace","status":"publish","type":"page","link":"https:\/\/elfsight.com\/pt\/google-reviews-widget\/squarespace\/","title":{"rendered":"Google Reviews &#8211; Squarespace"},"content":{"rendered":"\n<div class=\"application-platform-content-item-description application-platform-content-item\" id=\"description\" data-nav-section=\"description\"> <h2>Incorpore avalia\u00e7\u00f5es do Google com o plugin Elfsight<\/h2> <p>Se voc\u00ea deseja demonstrar sua alta avalia\u00e7\u00e3o pelos clientes e convencer os visitantes do site de que seu vale a pena comprar ofertas, o widget Elfsight Google Reviews \u00e9 exatamente o que voc\u00ea precisa. Com esta ferramenta, voc\u00ea poder\u00e1 inserir em seu site avalia\u00e7\u00f5es de clientes do Google com detalhes sobre seus autores, filtr\u00e1-los para revelar apenas os bons, adicionar avalia\u00e7\u00f5es e um bot\u00e3o de redirecionamento que direcionar\u00e1 os usu\u00e1rios \u00e0 sua p\u00e1gina do Google, para que possam compartilhar uma nova revis\u00e3o. <\/p><div class=\"faq\" data-component=\"FAQ\"> <div class=\"faq-item\">\r\n\t\t\t\t\t<div class=\"faq-item-question\">\r\n\t\t\t\t\t\t<h3 class=\"faq-item-question-text\">Existe alguma outra ferramenta para Squarespace que eu possa inserir no meu site? <\/h3>\r\n\r\n\t\t\t\t\t\t<div class=\"faq-item-question-icon\"><\/div>\r\n\t\t\t\t\t<\/div>\r\n\r\n\t\t\t\t\t<div class=\"faq-item-answer\">\r\n\t\t\t\t\t\t<div class=\"faq-item-answer-text\"> <p>Temos que oferecer um monte de widgets para voc\u00ea realizar qualquer tipo de tarefa seu site. Veja-os aqui: <a href=\"https:\/\/elfsight.com\/qr-code-widget\/squarespace\/\">QR Code<\/a>, <a href=\"https:\/\/elfsight.com\/whatsapp-chat-widget\/squarespace\/\">Bate-papo do WhatsApp<\/a>, <a href=\"https:\/\/elfsight.com\/event-calendar-widget\/squarespace\/\">Calend\u00e1rio de eventos<\/a>, <a href=\"https:\/\/elfsight.com\/countdown-timer-widget\/squarespace\/\">Cron\u00f4metro de contagem regressiva<\/a>.<\/p> <\/div>\r\n\t\t\t\t\t<\/div>\r\n\t\t\t\t<\/div> <div class=\"faq-item\">\r\n\t\t\t\t\t<div class=\"faq-item-question\">\r\n\t\t\t\t\t\t<h3 class=\"faq-item-question-text\">Como posso incorporar o plug-in do Google Reviews em meu site do Squarespace ? <\/h3>\r\n\r\n\t\t\t\t\t\t<div class=\"faq-item-question-icon\"><\/div>\r\n\t\t\t\t\t<\/div>\r\n\r\n\t\t\t\t\t<div class=\"faq-item-answer\">\r\n\t\t\t\t\t\t<div class=\"faq-item-answer-text\"> <p>Voc\u00ea pode adicionar o plug-in do Google Reviews ao seu site Squarespace e isso n\u00e3o exigir\u00e1 muito esfor\u00e7o! Basta ir ao painel do administrador e realizar as seguintes a\u00e7\u00f5es: <\/p><ol><li>V\u00e1 para as configura\u00e7\u00f5es do tema. <\/li><li>Encontre o bloco onde voc\u00ea precisa implementar o widget em seu site Squarespace. <\/li><li>Cole o c\u00f3digo das aplica\u00e7\u00f5es Elfsight e aplique os ajustes. <\/li><li>\u00c9 simples assim. <\/li><\/ol><p>Voc\u00ea tamb\u00e9m pode encontrar um guia mais detalhado em <a href=\"https:\/\/elfsight.com\/tutorials\/how-to-add-google-reviews-to-any-website-full-guide\/#google-reviews-squarespace\">como adicionar Google Reviews<\/a>.\n<\/div>\r\n\t\t\t\t\t<\/div>\r\n\t\t\t\t<\/div> <div class=\"faq-item\">\r\n\t\t\t\t\t<div class=\"faq-item-question\">\r\n\t\t\t\t\t\t<h3 class=\"faq-item-question-text\">Como posso ver seu plugin Squarespace Google Reviews em m\u00e3os?<\/h3>\r\n\r\n\t\t\t\t\t\t<div class=\"faq-item-question-icon\"><\/div>\r\n\t\t\t\t\t<\/div>\r\n\r\n\t\t\t\t\t<div class=\"faq-item-answer\">\r\n\t\t\t\t\t\t<div class=\"faq-item-answer-text\"> <p>\u00c9 uma coisa muito f\u00e1cil de fazer! Basta usar nossa <a href=\"https:\/\/elfsight.com\/google-reviews-widget\/#demo\">demonstra\u00e7\u00e3o<\/a> ao vivo e criar um widget on-line gratuitamente. Depois, voc\u00ea poder\u00e1 adicionar o Google Reviews ao Squarespace.<\/p><\/div>\r\n\t\t\t\t\t<\/div>\r\n\t\t\t\t<\/div> <\/div><\/div> <div class=\"application-platform-content-item-features application-platform-content-item\" id=\"features\" data-nav-section=\"features\"> <h2>Principais recursos do plug-in do Google Reviews<\/h2> <p>Para obter uma compreens\u00e3o clara do widget, voc\u00ea pode consultar a lista de caracter\u00edsticas prim\u00e1rias. Eles tornam este widget incrivelmente eficiente para o seu site: <\/p> <ul> <li>Tr\u00eas filtros predefinidos: por tipo, exclus\u00e3o por e quantidade de avalia\u00e7\u00f5es para exibi\u00e7\u00e3o; <\/li> <li>Quatro layouts dispon\u00edveis: Lista, Grade, Alvenaria e Slider; <\/li> <li>Uma op\u00e7\u00e3o para controlar a exibi\u00e7\u00e3o do cabe\u00e7alho do widget; <\/li> <li>O bot\u00e3o de solicita\u00e7\u00e3o de revis\u00e3o leva as pessoas \u00e0 p\u00e1gina do Google; <\/li> <li>6 elementos personaliz\u00e1veis \u200b\u200bda interface: nome do autor e foto, texto de recomenda\u00e7\u00e3o, data, \u00edcone do Google e classifica\u00e7\u00e3o por estrelas; <\/li> <li>Duas op\u00e7\u00f5es de cen\u00e1rios de nega\u00e7\u00e3o de solicita\u00e7\u00e3o de revis\u00e3o: demonstre sua mensagem ou remova o bot\u00e3o. <\/li> <\/ul><p><a href=\"#demo\">Para explorar mais recursos, consulte a demonstra\u00e7\u00e3o<\/a><\/p> <\/div> <div class=\"application-platform-content-item-installation application-platform-content-item\" id=\"installation\" data-nav-section=\"installation\"> <h2> Descubra como integrar o Google Reviews ao seu site Squarespace<\/h2><div class=\"video-container\"><iframe width=\"720\" height=\"405\" src=\"https:\/\/www.youtube.com\/embed\/AaI1geeGyNA\" frameborder=\"0\" allowfullscreen=\"\"><\/iframe><\/div><p>As a\u00e7\u00f5es a seguir s\u00e3o a \u00fanica coisa que voc\u00ea precisa para configurar o widget em sua p\u00e1gina da web. Isso levar\u00e1 alguns minutos e n\u00e3o envolve codifica\u00e7\u00e3o. <\/p> <ol><li><p><b>Gere seu plugin de avalia\u00e7\u00f5es personalizado<\/b><br>Por meio de nossa demonstra\u00e7\u00e3o gratuita, crie um plugin com composi\u00e7\u00e3o e caracter\u00edsticas funcionais preferidas.<\/p> <\/li><li><p><b>Obtenha o c\u00f3digo individual para adicionar o plugin<\/b><br>Depois de criar o seu widget, voc\u00ea obter\u00e1 o c\u00f3digo individual na janela que aparece nos aplicativos Elfsight. Copie o c\u00f3digo para uso futuro.<\/p><\/li> <li><p><b>Incorporando os coment\u00e1rios do Google em seu site do Squarespace<\/b><br>Em seguida, no painel do Squarespace, v\u00e1 para a p\u00e1gina onde voc\u00ea deseja incorporar seu plug-in de avalia\u00e7\u00f5es e clique no \u00edcone &#8220;Adicionar bloco&#8221; no canto superior direito do cont\u00eainer da p\u00e1gina. Escolha o bloco &#8220;C\u00f3digo&#8221; na se\u00e7\u00e3o Mais. Selecione a \u00e1rea na qual deseja exibir o plugin e cole o c\u00f3digo copiado l\u00e1. Publique as altera\u00e7\u00f5es.<\/p><\/li> <li><p><b>Pronto!<\/b><br>Acesse o site para dar uma olhada no seu plugin. Voc\u00ea incorporou com sucesso o Google Reviews em um site do Squarespace!<\/p><\/li> <\/ol><p>Ainda tem d\u00favidas sobre como incorporar coment\u00e1rios? Basta enviar o seu pedido para o nosso servi\u00e7o de apoio ao cliente e eles ir\u00e3o ajud\u00e1-lo com qualquer quest\u00e3o. <\/p> <\/div>\n","protected":false},"excerpt":{"rendered":"","protected":false},"author":9,"featured_media":0,"parent":443,"menu_order":0,"comment_status":"closed","ping_status":"closed","template":"templates\/template-application-platform.php","meta":{"publish_to_discourse":"","publish_post_category":"","wpdc_auto_publish_overridden":"","wpdc_topic_tags":"","wpdc_pin_topic":"","wpdc_pin_until":"","discourse_post_id":"","discourse_permalink":"","wpdc_publishing_response":"","wpdc_publishing_error":"","footnotes":""},"class_list":["post-4318","page","type-page","status-publish","hentry"],"yoast_head":"<!-- This site is optimized with the Yoast SEO plugin v25.3.1 - https:\/\/yoast.com\/wordpress\/plugins\/seo\/ -->\n<title>Incorpore o plugin Google Reviews no Squarespace - adicione coment\u00e1rios ao site em 2 minutos!<\/title>\n<meta name=\"description\" content=\"N\u00e3o \u00e9 dif\u00edcil criar seu plug-in do Google Reviews e adicion\u00e1-lo ao site do Squarespace. O suporte ao cliente da Elfsight \u00e9 gratuito e r\u00e1pido.\" \/>\n<meta name=\"robots\" content=\"index, follow, max-snippet:-1, max-image-preview:large, max-video-preview:-1\" \/>\n<link rel=\"canonical\" href=\"https:\/\/elfsight.com\/pt\/google-reviews-widget\/squarespace\/\" \/>\n<meta property=\"og:locale\" content=\"pt_PT\" \/>\n<meta property=\"og:type\" content=\"article\" \/>\n<meta property=\"og:title\" content=\"Incorpore o plugin Google Reviews no Squarespace - adicione coment\u00e1rios ao site em 2 minutos!\" \/>\n<meta property=\"og:description\" content=\"N\u00e3o \u00e9 dif\u00edcil criar seu plug-in do Google Reviews e adicion\u00e1-lo ao site do Squarespace. O suporte ao cliente da Elfsight \u00e9 gratuito e r\u00e1pido.\" \/>\n<meta property=\"og:url\" content=\"https:\/\/elfsight.com\/pt\/google-reviews-widget\/squarespace\/\" \/>\n<meta property=\"og:site_name\" content=\"Elfsight PT\" \/>\n<meta property=\"article:modified_time\" content=\"2025-01-24T13:40:09+00:00\" \/>\n<meta name=\"twitter:card\" content=\"summary_large_image\" \/>\n<meta name=\"twitter:label1\" content=\"Tempo estimado de leitura\" \/>\n\t<meta name=\"twitter:data1\" content=\"4 minutos\" \/>\n<!-- \/ Yoast SEO plugin. -->","yoast_head_json":{"title":"Incorpore o plugin Google Reviews no Squarespace - adicione coment\u00e1rios ao site em 2 minutos!","description":"N\u00e3o \u00e9 dif\u00edcil criar seu plug-in do Google Reviews e adicion\u00e1-lo ao site do Squarespace. O suporte ao cliente da Elfsight \u00e9 gratuito e r\u00e1pido.","robots":{"index":"index","follow":"follow","max-snippet":"max-snippet:-1","max-image-preview":"max-image-preview:large","max-video-preview":"max-video-preview:-1"},"canonical":"https:\/\/elfsight.com\/pt\/google-reviews-widget\/squarespace\/","og_locale":"pt_PT","og_type":"article","og_title":"Incorpore o plugin Google Reviews no Squarespace - adicione coment\u00e1rios ao site em 2 minutos!","og_description":"N\u00e3o \u00e9 dif\u00edcil criar seu plug-in do Google Reviews e adicion\u00e1-lo ao site do Squarespace. O suporte ao cliente da Elfsight \u00e9 gratuito e r\u00e1pido.","og_url":"https:\/\/elfsight.com\/pt\/google-reviews-widget\/squarespace\/","og_site_name":"Elfsight PT","article_modified_time":"2025-01-24T13:40:09+00:00","twitter_card":"summary_large_image","twitter_misc":{"Tempo estimado de leitura":"4 minutos"},"schema":{"@context":"https:\/\/schema.org","@graph":[{"@type":"WebPage","@id":"https:\/\/elfsight.com\/pt\/google-reviews-widget\/squarespace\/","url":"https:\/\/elfsight.com\/pt\/google-reviews-widget\/squarespace\/","name":"Incorpore o plugin Google Reviews no Squarespace - adicione coment\u00e1rios ao site em 2 minutos!","isPartOf":{"@id":"https:\/\/elfsight.com\/pt\/#website"},"datePublished":"2024-05-03T06:39:10+00:00","dateModified":"2025-01-24T13:40:09+00:00","description":"N\u00e3o \u00e9 dif\u00edcil criar seu plug-in do Google Reviews e adicion\u00e1-lo ao site do Squarespace. O suporte ao cliente da Elfsight \u00e9 gratuito e r\u00e1pido.","breadcrumb":{"@id":"https:\/\/elfsight.com\/pt\/google-reviews-widget\/squarespace\/#breadcrumb"},"inLanguage":"pt-PT","potentialAction":[{"@type":"ReadAction","target":["https:\/\/elfsight.com\/pt\/google-reviews-widget\/squarespace\/"]}]},{"@type":"BreadcrumbList","@id":"https:\/\/elfsight.com\/pt\/google-reviews-widget\/squarespace\/#breadcrumb","itemListElement":[{"@type":"ListItem","position":1,"name":"Home","item":"https:\/\/elfsight.com\/pt\/"},{"@type":"ListItem","position":2,"name":"Google Reviews","item":"https:\/\/elfsight.com\/pt\/google-reviews-widget\/"},{"@type":"ListItem","position":3,"name":"Google Reviews &#8211; Squarespace"}]},{"@type":"WebSite","@id":"https:\/\/elfsight.com\/pt\/#website","url":"https:\/\/elfsight.com\/pt\/","name":"Elfsight PT","description":"Just another Elfsight Sites site","potentialAction":[{"@type":"SearchAction","target":{"@type":"EntryPoint","urlTemplate":"https:\/\/elfsight.com\/pt\/?s={search_term_string}"},"query-input":{"@type":"PropertyValueSpecification","valueRequired":true,"valueName":"search_term_string"}}],"inLanguage":"pt-PT"}]}},"meta_box":{"industry":"","seo_heading":"","heading":"","description":"","cta_heading":"","cta_description":"","application":"442","h1":"Plug-in Squarespace Google Reviews","h1_caption":"Insira as melhores opini\u00f5es de clientes do Google em seu site","application_category":[],"applications_title":"","applications_request_title":"","applications_request_button_text":"","hero_text":"","hero_video":"","hero_video_schema_markup":"","selling_points_title":"","selling_points_caption":"","selling_points":[],"selling_points_cta_text":"","features_title":"","features":"","ed_cta_examples_text":"","ed_cta_examples_hidden":"","ed_cta_demo_text":"","ed_cta_demo_hidden":"","why_caption":"","why_editor_title":"","why_editor_text":"","why_team_title":"","why_team_text":"","why_service_title":"","why_service_text":"","template_catalog_visible":"0","template_catalog_title":"","template_catalog_text":"","template_catalog_categories_visible":"","demo_title":"Crie seu plug-in do Google Reviews","demo_caption":"Configure suas avalia\u00e7\u00f5es do Google e adicione-as ao seu site do Squarespace gratuitamente!","default_faq_hidden":"","app_template_category":[],"platform":"67","template_public_id":"","codecanyon_url":"","codecanyon_item_id":"","codecanyon_price":"","pricing_caption":"","pricing_elfsight_apps_hide_column":"","pricing_elfsight_apps_url":"","pricing_codecanyon_price_caption":"","integration_category":[],"integration_request_title":"","integration_request_cta":"","integration_platform":"","integrations":[],"platform_category":[],"video_schema_markup":"","price":"a partir de US$ 0\/m\u00eas","trial":"","benefits":[{"text":"Ajuda de instala\u00e7\u00e3o gratuita"},{"text":"Suporte premium"},{"text":"Garantia de devolu\u00e7\u00e3o do dinheiro em 14 dias"},{"text":"Atualizando constantemente"}],"button_url":"#demo","button_target_blank":"0","button_nofollow":"0","attributes":[{"name":"Instala\u00e7\u00f5es","content":"100,000 - 500,000","_state":"expanded"},{"name":"Responsivo","content":"Sim","_state":"expanded"},{"name":"Navegadores compat\u00edveis","content":"Firefox, Safari, Opera, Chrome, Edge"}],"tags":[],"tags_disable_links":"0","hide_more_platforms":"","video_object":"","demo_hide_cta":"0","demo_hide_cloud_options":"0","pricing_title":"","pricing":[{"pricing_icon":"platform","pricing_title":"Elfsight Apps","pricing_title_caption":"Solu\u00e7\u00e3o independente de plataforma que funciona em qualquer site","pricing_price":"a partir de US$ 0\/m\u00eas","pricing_price_caption":"comece com um plano gratuito","pricing_benefits":[{"text":"Dom\u00ednios ilimitados"},{"text":"Suporte profissional e pontual e bem documentado"},{"text":"Suporte profissional e pontual e bem documentado"},{"text":"Design flex\u00edvel"}],"pricing_button_text":"Adicionar ao site","pricing_button_url":"#demo","_state":"expanded"}],"related_apps_title":"","related_apps_hidden":"1","author":"","image":[],"title":"","job":"","social_networks":[]},"_links":{"self":[{"href":"https:\/\/elfsight.com\/pt\/wp-json\/wp\/v2\/pages\/4318","targetHints":{"allow":["GET"]}}],"collection":[{"href":"https:\/\/elfsight.com\/pt\/wp-json\/wp\/v2\/pages"}],"about":[{"href":"https:\/\/elfsight.com\/pt\/wp-json\/wp\/v2\/types\/page"}],"author":[{"embeddable":true,"href":"https:\/\/elfsight.com\/pt\/wp-json\/wp\/v2\/users\/9"}],"replies":[{"embeddable":true,"href":"https:\/\/elfsight.com\/pt\/wp-json\/wp\/v2\/comments?post=4318"}],"version-history":[{"count":4,"href":"https:\/\/elfsight.com\/pt\/wp-json\/wp\/v2\/pages\/4318\/revisions"}],"predecessor-version":[{"id":13651,"href":"https:\/\/elfsight.com\/pt\/wp-json\/wp\/v2\/pages\/4318\/revisions\/13651"}],"up":[{"embeddable":true,"href":"https:\/\/elfsight.com\/pt\/wp-json\/wp\/v2\/pages\/443"}],"wp:attachment":[{"href":"https:\/\/elfsight.com\/pt\/wp-json\/wp\/v2\/media?parent=4318"}],"curies":[{"name":"wp","href":"https:\/\/api.w.org\/{rel}","templated":true}]}}